{"id":41241,"date":"2026-01-04T15:06:39","date_gmt":"2026-01-04T14:06:39","guid":{"rendered":"https:\/\/www.lykketegning.no\/?post_type=product&#038;p=41241"},"modified":"2026-04-14T20:57:10","modified_gmt":"2026-04-14T18:57:10","slug":"nydelig-sateng-sengesett-fra-lykketegning","status":"publish","type":"product","link":"https:\/\/www.lykketegning.no\/sv\/produkt\/vackert-sangkladesset-i-satin-fran-lykketegning\/","title":{"rendered":"Introduktionspris! Vackert b\u00e4ddset i satin fr\u00e5n Lykketegning"},"content":{"rendered":"<h2>Helt ny produkt fr\u00e5n Lykketegning!<\/h2>\n<h3>Vackert s\u00e4ngkl\u00e4desset i satin fr\u00e5n Lykketegning.<\/h3>\n<h3>V\u00e4lj mellan vitt, rosa och bl\u00e5tt. Och storlekarna 200 eller 210 cm.<\/h3>\n<p>S\u00e4ngkl\u00e4dessetet \u00e4r tillverkat av extra h\u00f6gkvalitativ bomull.<\/p>\n<p>De tunna bomullstr\u00e5darna \u00e4r t\u00e4tt v\u00e4vda, vilket ger en silkeslen och behaglig k\u00e4nsla mot kroppen.<\/p>\n<p>Satinb\u00e4ddset \u00e4r slitstarka och l\u00e4tta att sk\u00f6ta. Satin k\u00e4nns extra behagligt mot huden och ger en lyxig k\u00e4nsla.<\/p>\n<h4>Tv\u00e4ttanvisningar:<\/h4>\n<p>Vi rekommenderar att du tv\u00e4ttar s\u00e4ngkl\u00e4derna f\u00f6re anv\u00e4ndning. M\u00f6rka f\u00e4rger b\u00f6r tv\u00e4ttas separat, och vi rekommenderar alltid att tv\u00e4tta med liknande tyger. Kan tv\u00e4ttas i 60 grader och torktumlas vid normal temperatur (max 80 grader).<\/p>\n<p>P\u00e5slakanet har en \u00f6ppning i botten och knappar, medan \u00f6rngottet har en \u00f6ppning p\u00e5 l\u00e5ngsidan och en innerficka. 100% bomull<\/p>\n<p>&nbsp;<\/p>\n<p><strong>\"P\u00e5 Lykketegning skapas varje illustration med v\u00e4rme och omsorg.<\/strong><br \/>\n<strong>Med starka f\u00e4rger, tydliga linjer och bra citat vill Happiness Drawing f\u00e5 dig att stanna upp ett \u00f6gonblick, ta ett djupt andetag och sedan s\u00e4tta en bra kurs fram\u00e5t.<\/strong><br \/>\n<strong>Hj\u00e4rtana och leendena \u00e4r fr\u00e5n mig till dig f\u00f6r att p\u00e5minna dig om att du \u00e4r riktigt bra!\"<\/strong><\/p>\n<p>&nbsp;<\/p>\n<p>P\u00e5 hemsidan hittar du n\u00e5gra illustrationer och andra produkter som koppar, gratulationskort och kalendrar.<\/p>\n<p>Nya produkter l\u00e4ggs st\u00e4ndigt till h\u00e4r, s\u00e5 registrera dig g\u00e4rna f\u00f6r nyhetsbrevet f\u00f6r m\u00e5natliga uppdateringar.<\/p>\n<p>F\u00f6r <strong>m\u00e5nga m\u00e5nga m\u00e5nga m\u00e5nga<\/strong> fler illustrationer; bes\u00f6k min Instagram- och Facebookprofil.<\/p>\n<p>Faktum \u00e4r att alla illustrationer \u00e4r till salu. 999 kr f\u00f6r A4 och 1500 kr f\u00f6r A3.<\/p>\n<p>Du kan ocks\u00e5 best\u00e4lla din egen - bra presenter att ge till br\u00f6llop och andra fester. H\u00f6r av dig till v\u00e5r inkorg f\u00f6r detta.<\/p>\n<p><em>Pris f\u00f6r fotografering: 1500kr f\u00f6r A4 och A5 (upp till 5 personer\/djur) extra kostnad f\u00f6r fler (upp till 5 personer\/djur). A3 2000kr ex porto. Jag beh\u00f6ver veta h\u00e5rf\u00e4rg\/h\u00e5rtyp, l\u00e4ngd, intressen och \u00f6nskat antal avbildade personer. Alla offerter du vill ha inkluderade.<\/em><\/p>\n<p>Om du har n\u00e5gra fr\u00e5gor, tveka inte att h\u00f6ra av dig! Om du vill ha en pratstund om ett eventuellt samarbete, skicka mig ett e-postmeddelande.<\/p>\n<p>Vi ser fram emot att h\u00f6ra fr\u00e5n dig och hoppas att du f\u00e5r en underbar dag. <a href=\"https:\/\/www.facebook.com\/lykketegning\/?locale=nb_NO\">D\u00e5 kommer du till min Facebook-sida.<\/a> Och om du vill f\u00f6lja mig p\u00e5<a href=\"https:\/\/www.instagram.com\/lykketegning\/?hl=nb\"> Instagram, du hittar det h\u00e4r.<\/a><\/p>\n<p>Konstn\u00e4r<br \/>\nIngebj\u00f8rg Rang\u00f8y Sj\u00e5land<\/p>\n<p>&nbsp;<\/p>","protected":false},"excerpt":{"rendered":"<h2>Helt ny produkt fr\u00e5n Lykketegning!<\/h2>\n<h3>Vackert s\u00e4ngkl\u00e4desset i satin fr\u00e5n Lykketegning.<\/h3>\n<h3>V\u00e4lj mellan vitt, rosa och bl\u00e5tt. Och storlekarna 200 eller 210 cm.<\/h3>\n<p>S\u00e4ngkl\u00e4dessetet \u00e4r tillverkat av extra h\u00f6gkvalitativ bomull.<\/p>\n<p>De tunna bomullstr\u00e5darna \u00e4r t\u00e4tt v\u00e4vda, vilket ger en silkeslen och behaglig k\u00e4nsla mot kroppen.<\/p>\n<p>Satinb\u00e4ddset \u00e4r slitstarka och l\u00e4tta att sk\u00f6ta. Satin k\u00e4nns extra behagligt mot huden och ger en lyxig k\u00e4nsla.<\/p>","protected":false},"featured_media":41425,"comment_status":"closed","ping_status":"closed","template":"","meta":[],"product_brand":[],"product_cat":[202],"product_tag":[429,431,430,428,427],"class_list":{"0":"post-41241","1":"product","2":"type-product","3":"status-publish","4":"has-post-thumbnail","6":"product_cat-klaer-med-trykk","7":"product_tag-dyne","8":"product_tag-lykketegningsengetoy","9":"product_tag-pute","10":"product_tag-sateng","11":"product_tag-sengetoy","13":"first","14":"instock","15":"sale","16":"featured","17":"taxable","18":"shipping-taxable","19":"purchasable","20":"product-type-variable"},"yoast_head":"<!-- This site is optimized with the Yoast SEO plugin v27.4 - https:\/\/yoast.com\/product\/yoast-seo-wordpress\/ -->\n<title>Introduksjonspris! Nydelig sateng sengesett fra Lykketegning - LYKKETEGNING ILLUSTRAT\u00d8R<\/title>\n<meta name=\"description\" content=\"Nydelig sateng sengesett fra Lykketegning. Velg mellom hvit\/rosa\/bl\u00e5. Sengesettet er produsert i ekstra god bomullskvalitet. De tynne bomullstr\u00e5dene er tettvevd og gir en silkeaktig myk og behagelig f\u00f8lelse mot kroppen. Sateng f\u00f8les ekstra komfortable mot kroppen og gir et luksuri\u00f8st preg.\" \/>\n<meta name=\"robots\" content=\"index, follow, max-snippet:-1, max-image-preview:large, max-video-preview:-1\" \/>\n<link rel=\"canonical\" href=\"https:\/\/www.lykketegning.no\/sv\/product-2\/smukt-sengesaet-i-satin-fra-lykketegning\/\" \/>\n<meta property=\"og:locale\" content=\"sv_SE\" \/>\n<meta property=\"og:type\" content=\"article\" \/>\n<meta property=\"og:title\" content=\"Introduksjonspris! Nydelig sateng sengesett fra Lykketegning - LYKKETEGNING ILLUSTRAT\u00d8R\" \/>\n<meta property=\"og:description\" content=\"Nydelig sateng sengesett fra Lykketegning. Velg mellom hvit\/rosa\/bl\u00e5. Sengesettet er produsert i ekstra god bomullskvalitet. De tynne bomullstr\u00e5dene er tettvevd og gir en silkeaktig myk og behagelig f\u00f8lelse mot kroppen. Sateng f\u00f8les ekstra komfortable mot kroppen og gir et luksuri\u00f8st preg.\" \/>\n<meta property=\"og:url\" content=\"https:\/\/www.lykketegning.no\/sv\/product-2\/smukt-sengesaet-i-satin-fra-lykketegning\/\" \/>\n<meta property=\"og:site_name\" content=\"LYKKETEGNING ILLUSTRAT\u00d8R\" \/>\n<meta property=\"article:publisher\" content=\"https:\/\/www.facebook.com\/lykketegning\/\" \/>\n<meta property=\"article:modified_time\" content=\"2026-04-14T18:57:10+00:00\" \/>\n<meta property=\"og:image\" content=\"https:\/\/www.lykketegning.no\/wp-content\/uploads\/2025\/11\/IMG_5674-scaled.jpg\" \/>\n\t<meta property=\"og:image:width\" content=\"1920\" \/>\n\t<meta property=\"og:image:height\" content=\"2560\" \/>\n\t<meta property=\"og:image:type\" content=\"image\/jpeg\" \/>\n<meta name=\"twitter:card\" content=\"summary_large_image\" \/>\n<meta name=\"twitter:label1\" content=\"Ber\u00e4knad l\u00e4stid\" \/>\n\t<meta name=\"twitter:data1\" content=\"3 minuter\" \/>\n<script type=\"application\/ld+json\" class=\"yoast-schema-graph\">{\"@context\":\"https:\\\/\\\/schema.org\",\"@graph\":[{\"@type\":\"WebPage\",\"@id\":\"https:\\\/\\\/www.lykketegning.no\\\/da\\\/product-2\\\/smukt-sengesaet-i-satin-fra-lykketegning\\\/\",\"url\":\"https:\\\/\\\/www.lykketegning.no\\\/da\\\/product-2\\\/smukt-sengesaet-i-satin-fra-lykketegning\\\/\",\"name\":\"Introduksjonspris! Nydelig sateng sengesett fra Lykketegning - LYKKETEGNING ILLUSTRAT\u00d8R\",\"isPartOf\":{\"@id\":\"https:\\\/\\\/www.lykketegning.no\\\/#website\"},\"primaryImageOfPage\":{\"@id\":\"https:\\\/\\\/www.lykketegning.no\\\/da\\\/product-2\\\/smukt-sengesaet-i-satin-fra-lykketegning\\\/#primaryimage\"},\"image\":{\"@id\":\"https:\\\/\\\/www.lykketegning.no\\\/da\\\/product-2\\\/smukt-sengesaet-i-satin-fra-lykketegning\\\/#primaryimage\"},\"thumbnailUrl\":\"https:\\\/\\\/www.lykketegning.no\\\/wp-content\\\/uploads\\\/2025\\\/11\\\/IMG_5674-scaled.jpg\",\"datePublished\":\"2026-01-04T14:06:39+00:00\",\"dateModified\":\"2026-04-14T18:57:10+00:00\",\"description\":\"Nydelig sateng sengesett fra Lykketegning. Velg mellom hvit\\\/rosa\\\/bl\u00e5. Sengesettet er produsert i ekstra god bomullskvalitet. De tynne bomullstr\u00e5dene er tettvevd og gir en silkeaktig myk og behagelig f\u00f8lelse mot kroppen. Sateng f\u00f8les ekstra komfortable mot kroppen og gir et luksuri\u00f8st preg.\",\"breadcrumb\":{\"@id\":\"https:\\\/\\\/www.lykketegning.no\\\/da\\\/product-2\\\/smukt-sengesaet-i-satin-fra-lykketegning\\\/#breadcrumb\"},\"inLanguage\":\"sv-SE\",\"potentialAction\":[{\"@type\":\"ReadAction\",\"target\":[\"https:\\\/\\\/www.lykketegning.no\\\/da\\\/product-2\\\/smukt-sengesaet-i-satin-fra-lykketegning\\\/\"]}]},{\"@type\":\"ImageObject\",\"inLanguage\":\"sv-SE\",\"@id\":\"https:\\\/\\\/www.lykketegning.no\\\/da\\\/product-2\\\/smukt-sengesaet-i-satin-fra-lykketegning\\\/#primaryimage\",\"url\":\"https:\\\/\\\/www.lykketegning.no\\\/wp-content\\\/uploads\\\/2025\\\/11\\\/IMG_5674-scaled.jpg\",\"contentUrl\":\"https:\\\/\\\/www.lykketegning.no\\\/wp-content\\\/uploads\\\/2025\\\/11\\\/IMG_5674-scaled.jpg\",\"width\":1920,\"height\":2560},{\"@type\":\"BreadcrumbList\",\"@id\":\"https:\\\/\\\/www.lykketegning.no\\\/da\\\/product-2\\\/smukt-sengesaet-i-satin-fra-lykketegning\\\/#breadcrumb\",\"itemListElement\":[{\"@type\":\"ListItem\",\"position\":1,\"name\":\"Hjem\",\"item\":\"https:\\\/\\\/www.lykketegning.no\\\/\"},{\"@type\":\"ListItem\",\"position\":2,\"name\":\"Shop\",\"item\":\"https:\\\/\\\/www.lykketegning.no\\\/sv\\\/webbutik\\\/\"},{\"@type\":\"ListItem\",\"position\":3,\"name\":\"Introduksjonspris! Nydelig sateng sengesett fra Lykketegning\"}]},{\"@type\":\"WebSite\",\"@id\":\"https:\\\/\\\/www.lykketegning.no\\\/#website\",\"url\":\"https:\\\/\\\/www.lykketegning.no\\\/\",\"name\":\"LYKKETEGNING ILLUSTRAT\u00d8R\",\"description\":\"\",\"publisher\":{\"@id\":\"https:\\\/\\\/www.lykketegning.no\\\/#organization\"},\"potentialAction\":[{\"@type\":\"SearchAction\",\"target\":{\"@type\":\"EntryPoint\",\"urlTemplate\":\"https:\\\/\\\/www.lykketegning.no\\\/?s={search_term_string}\"},\"query-input\":{\"@type\":\"PropertyValueSpecification\",\"valueRequired\":true,\"valueName\":\"search_term_string\"}}],\"inLanguage\":\"sv-SE\"},{\"@type\":\"Organization\",\"@id\":\"https:\\\/\\\/www.lykketegning.no\\\/#organization\",\"name\":\"LYKKETEGNING ILLUSTRAT\u00d8R\",\"url\":\"https:\\\/\\\/www.lykketegning.no\\\/\",\"logo\":{\"@type\":\"ImageObject\",\"inLanguage\":\"sv-SE\",\"@id\":\"https:\\\/\\\/www.lykketegning.no\\\/#\\\/schema\\\/logo\\\/image\\\/\",\"url\":\"https:\\\/\\\/www.lykketegning.no\\\/wp-content\\\/uploads\\\/2020\\\/03\\\/Logo2020_h400px.jpg\",\"contentUrl\":\"https:\\\/\\\/www.lykketegning.no\\\/wp-content\\\/uploads\\\/2020\\\/03\\\/Logo2020_h400px.jpg\",\"width\":1024,\"height\":400,\"caption\":\"LYKKETEGNING ILLUSTRAT\u00d8R\"},\"image\":{\"@id\":\"https:\\\/\\\/www.lykketegning.no\\\/#\\\/schema\\\/logo\\\/image\\\/\"},\"sameAs\":[\"https:\\\/\\\/www.facebook.com\\\/lykketegning\\\/\",\"https:\\\/\\\/www.instagram.com\\\/lykketegning\\\/\",\"https:\\\/\\\/www.youtube.com\\\/@lykketegningillustrations\",\"https:\\\/\\\/www.tiktok.com\\\/@lykketegningillustration\"]}]}<\/script>\n<!-- \/ Yoast SEO plugin. -->","yoast_head_json":{"title":"Introduktionspris! Vackert s\u00e4ngkl\u00e4desset i satin fr\u00e5n Lykketegning - LYKKETEGNING ILLUSTRATOR","description":"Vackert s\u00e4ngkl\u00e4desset i satin fr\u00e5n Lykketegning. V\u00e4lj mellan vitt\/rosa\/bl\u00e5tt. S\u00e4ngkl\u00e4dessetet \u00e4r tillverkat av extra h\u00f6gkvalitativ bomull. De tunna bomullstr\u00e5darna \u00e4r t\u00e4tt v\u00e4vda, vilket ger en silkeslen och behaglig k\u00e4nsla mot huden. Satin k\u00e4nns extra sk\u00f6nt mot huden och ger en lyxig k\u00e4nsla.","robots":{"index":"index","follow":"follow","max-snippet":"max-snippet:-1","max-image-preview":"max-image-preview:large","max-video-preview":"max-video-preview:-1"},"canonical":"https:\/\/www.lykketegning.no\/sv\/product-2\/smukt-sengesaet-i-satin-fra-lykketegning\/","og_locale":"sv_SE","og_type":"article","og_title":"Introduksjonspris! Nydelig sateng sengesett fra Lykketegning - LYKKETEGNING ILLUSTRAT\u00d8R","og_description":"Nydelig sateng sengesett fra Lykketegning. Velg mellom hvit\/rosa\/bl\u00e5. Sengesettet er produsert i ekstra god bomullskvalitet. De tynne bomullstr\u00e5dene er tettvevd og gir en silkeaktig myk og behagelig f\u00f8lelse mot kroppen. Sateng f\u00f8les ekstra komfortable mot kroppen og gir et luksuri\u00f8st preg.","og_url":"https:\/\/www.lykketegning.no\/sv\/product-2\/smukt-sengesaet-i-satin-fra-lykketegning\/","og_site_name":"LYKKETEGNING ILLUSTRAT\u00d8R","article_publisher":"https:\/\/www.facebook.com\/lykketegning\/","article_modified_time":"2026-04-14T18:57:10+00:00","og_image":[{"width":1920,"height":2560,"url":"https:\/\/www.lykketegning.no\/wp-content\/uploads\/2025\/11\/IMG_5674-scaled.jpg","type":"image\/jpeg"}],"twitter_card":"summary_large_image","twitter_misc":{"Ber\u00e4knad l\u00e4stid":"3 minuter"},"schema":{"@context":"https:\/\/schema.org","@graph":[{"@type":"WebPage","@id":"https:\/\/www.lykketegning.no\/da\/product-2\/smukt-sengesaet-i-satin-fra-lykketegning\/","url":"https:\/\/www.lykketegning.no\/da\/product-2\/smukt-sengesaet-i-satin-fra-lykketegning\/","name":"Introduktionspris! Vackert s\u00e4ngkl\u00e4desset i satin fr\u00e5n Lykketegning - LYKKETEGNING ILLUSTRATOR","isPartOf":{"@id":"https:\/\/www.lykketegning.no\/#website"},"primaryImageOfPage":{"@id":"https:\/\/www.lykketegning.no\/da\/product-2\/smukt-sengesaet-i-satin-fra-lykketegning\/#primaryimage"},"image":{"@id":"https:\/\/www.lykketegning.no\/da\/product-2\/smukt-sengesaet-i-satin-fra-lykketegning\/#primaryimage"},"thumbnailUrl":"https:\/\/www.lykketegning.no\/wp-content\/uploads\/2025\/11\/IMG_5674-scaled.jpg","datePublished":"2026-01-04T14:06:39+00:00","dateModified":"2026-04-14T18:57:10+00:00","description":"Vackert s\u00e4ngkl\u00e4desset i satin fr\u00e5n Lykketegning. V\u00e4lj mellan vitt\/rosa\/bl\u00e5tt. S\u00e4ngkl\u00e4dessetet \u00e4r tillverkat av extra h\u00f6gkvalitativ bomull. De tunna bomullstr\u00e5darna \u00e4r t\u00e4tt v\u00e4vda, vilket ger en silkeslen och behaglig k\u00e4nsla mot huden. Satin k\u00e4nns extra sk\u00f6nt mot huden och ger en lyxig k\u00e4nsla.","breadcrumb":{"@id":"https:\/\/www.lykketegning.no\/da\/product-2\/smukt-sengesaet-i-satin-fra-lykketegning\/#breadcrumb"},"inLanguage":"sv-SE","potentialAction":[{"@type":"ReadAction","target":["https:\/\/www.lykketegning.no\/da\/product-2\/smukt-sengesaet-i-satin-fra-lykketegning\/"]}]},{"@type":"ImageObject","inLanguage":"sv-SE","@id":"https:\/\/www.lykketegning.no\/da\/product-2\/smukt-sengesaet-i-satin-fra-lykketegning\/#primaryimage","url":"https:\/\/www.lykketegning.no\/wp-content\/uploads\/2025\/11\/IMG_5674-scaled.jpg","contentUrl":"https:\/\/www.lykketegning.no\/wp-content\/uploads\/2025\/11\/IMG_5674-scaled.jpg","width":1920,"height":2560},{"@type":"BreadcrumbList","@id":"https:\/\/www.lykketegning.no\/da\/product-2\/smukt-sengesaet-i-satin-fra-lykketegning\/#breadcrumb","itemListElement":[{"@type":"ListItem","position":1,"name":"Hjem","item":"https:\/\/www.lykketegning.no\/"},{"@type":"ListItem","position":2,"name":"Shop","item":"https:\/\/www.lykketegning.no\/sv\/webbutik\/"},{"@type":"ListItem","position":3,"name":"Introduksjonspris! Nydelig sateng sengesett fra Lykketegning"}]},{"@type":"WebSite","@id":"https:\/\/www.lykketegning.no\/#website","url":"https:\/\/www.lykketegning.no\/","name":"LYCKLIG RITNING ILLUSTRAT\u00d6R","description":"","publisher":{"@id":"https:\/\/www.lykketegning.no\/#organization"},"potentialAction":[{"@type":"SearchAction","target":{"@type":"EntryPoint","urlTemplate":"https:\/\/www.lykketegning.no\/?s={search_term_string}"},"query-input":{"@type":"PropertyValueSpecification","valueRequired":true,"valueName":"search_term_string"}}],"inLanguage":"sv-SE"},{"@type":"Organization","@id":"https:\/\/www.lykketegning.no\/#organization","name":"LYCKLIG RITNING ILLUSTRAT\u00d6R","url":"https:\/\/www.lykketegning.no\/","logo":{"@type":"ImageObject","inLanguage":"sv-SE","@id":"https:\/\/www.lykketegning.no\/#\/schema\/logo\/image\/","url":"https:\/\/www.lykketegning.no\/wp-content\/uploads\/2020\/03\/Logo2020_h400px.jpg","contentUrl":"https:\/\/www.lykketegning.no\/wp-content\/uploads\/2020\/03\/Logo2020_h400px.jpg","width":1024,"height":400,"caption":"LYKKETEGNING ILLUSTRAT\u00d8R"},"image":{"@id":"https:\/\/www.lykketegning.no\/#\/schema\/logo\/image\/"},"sameAs":["https:\/\/www.facebook.com\/lykketegning\/","https:\/\/www.instagram.com\/lykketegning\/","https:\/\/www.youtube.com\/@lykketegningillustrations","https:\/\/www.tiktok.com\/@lykketegningillustration"]}]}},"_links":{"self":[{"href":"https:\/\/www.lykketegning.no\/sv\/wp-json\/wp\/v2\/product\/41241","targetHints":{"allow":["GET"]}}],"collection":[{"href":"https:\/\/www.lykketegning.no\/sv\/wp-json\/wp\/v2\/product"}],"about":[{"href":"https:\/\/www.lykketegning.no\/sv\/wp-json\/wp\/v2\/types\/product"}],"replies":[{"embeddable":true,"href":"https:\/\/www.lykketegning.no\/sv\/wp-json\/wp\/v2\/comments?post=41241"}],"wp:featuredmedia":[{"embeddable":true,"href":"https:\/\/www.lykketegning.no\/sv\/wp-json\/wp\/v2\/media\/41425"}],"wp:attachment":[{"href":"https:\/\/www.lykketegning.no\/sv\/wp-json\/wp\/v2\/media?parent=41241"}],"wp:term":[{"taxonomy":"product_brand","embeddable":true,"href":"https:\/\/www.lykketegning.no\/sv\/wp-json\/wp\/v2\/product_brand?post=41241"},{"taxonomy":"product_cat","embeddable":true,"href":"https:\/\/www.lykketegning.no\/sv\/wp-json\/wp\/v2\/product_cat?post=41241"},{"taxonomy":"product_tag","embeddable":true,"href":"https:\/\/www.lykketegning.no\/sv\/wp-json\/wp\/v2\/product_tag?post=41241"}],"curies":[{"name":"wp","href":"https:\/\/api.w.org\/{rel}","templated":true}]}}