{"id":40772,"date":"2025-10-02T11:20:24","date_gmt":"2025-10-02T09:20:24","guid":{"rendered":"https:\/\/www.lykketegning.no\/?post_type=product&#038;p=40772"},"modified":"2025-10-27T14:30:13","modified_gmt":"2025-10-27T13:30:13","slug":"kop-6-betala-for-5-vackra-happy-muggar-med-olika-motiv-familjeutgava","status":"publish","type":"product","link":"https:\/\/www.lykketegning.no\/sv\/produkt\/kjop-6-betal-for-5-flotte-lykkekrus-med-ulike-motiv-family-edition\/","title":{"rendered":"K\u00f6p 6 betala f\u00f6r 5 vackra Happy Muggar med olika motiv. Familjeutg\u00e5va"},"content":{"rendered":"<h3>K\u00f6p 6 betala f\u00f6r 5 vackra Happy Muggar med olika motiv. Familjeutg\u00e5va<\/h3>\n<p>P\u00e5 Luck Drawing bygger vi vidare p\u00e5 en serie av koppar.<\/p>\n<p>H\u00e4r har du sex koppar :\"<a href=\"https:\/\/www.lykketegning.no\/sv\/product-2\/jubileumserbjudande-om-lyckokoppen-livet\/\">LEV\"(149,-)<\/a>, <a href=\"https:\/\/www.lykketegning.no\/sv\/product-2\/lycklig-dragning-cup-syster\/\">\u00a0\"Syster (299,-),<\/a> \u00a0<a href=\"https:\/\/www.lykketegning.no\/sv\/product-2\/lycklig-dragning-kopp-bror\/\">\"BROR\" (149,-),<\/a> <a href=\"https:\/\/www.lykketegning.no\/sv\/product-2\/nymodighet-farfar\/\">\"FARFAR\"(299,-)<\/a> <a href=\"https:\/\/www.lykketegning.no\/sv\/product-2\/ny-lyckomugg-pappa\/\">\"PAPPA\" (299,-)<\/a>och <a href=\"https:\/\/www.lykketegning.no\/sv\/product-2\/lyckomugg-mamma-fran-lycklig-ritning\/\">\"MUM\" (299,-). <\/a><\/p>\n<p>Paketpris f\u00f6r alla sex 1345kr (en av varje kopp)<\/p>\n<p>Bra g\u00e5vor att ge bort, men kom ih\u00e5g att ta lite sj\u00e4lv!<\/p>\n<p>T\u00e5l maskindisk<\/p>\n<p><strong>\"P\u00e5 Lykketegning skapas varje illustration med v\u00e4rme och omsorg.<\/strong><br \/>\n<strong>Med starka f\u00e4rger, tydliga linjer och bra citat vill Happiness Drawing f\u00e5 dig att stanna upp ett \u00f6gonblick, ta ett djupt andetag och sedan s\u00e4tta en bra kurs fram\u00e5t.<\/strong><br \/>\n<strong>Hj\u00e4rtana och leendena \u00e4r fr\u00e5n mig till dig f\u00f6r att p\u00e5minna dig om att du \u00e4r riktigt bra!\"<\/strong><\/p>\n<p>&nbsp;<\/p>\n<p>P\u00e5 hemsidan hittar du n\u00e5gra illustrationer och andra produkter som koppar, gratulationskort och kalendrar.<\/p>\n<p>Nya produkter l\u00e4ggs st\u00e4ndigt till h\u00e4r, s\u00e5 registrera dig g\u00e4rna f\u00f6r nyhetsbrevet f\u00f6r m\u00e5natliga uppdateringar.<\/p>\n<p>F\u00f6r <strong>m\u00e5nga m\u00e5nga m\u00e5nga m\u00e5nga<\/strong> fler illustrationer; bes\u00f6k min Instagram- och Facebookprofil.<\/p>\n<p>Faktum \u00e4r att alla illustrationer \u00e4r till salu. 999 kr f\u00f6r A4 och 1500 kr f\u00f6r A3.<\/p>\n<p>Du kan ocks\u00e5 best\u00e4lla din egen - bra presenter att ge till br\u00f6llop och andra fester. H\u00f6r av dig till v\u00e5r inkorg f\u00f6r detta.<\/p>\n<p><em>Pris f\u00f6r fotografering: 1500kr f\u00f6r A4 och A5 (upp till 5 personer\/djur) extra kostnad f\u00f6r fler (upp till 5 personer\/djur). A3 2000kr ex porto. Jag beh\u00f6ver veta h\u00e5rf\u00e4rg\/h\u00e5rtyp, l\u00e4ngd, intressen och \u00f6nskat antal avbildade personer. Alla offerter du vill ha inkluderade.<\/em><\/p>\n<p>Om du har n\u00e5gra fr\u00e5gor, tveka inte att h\u00f6ra av dig! Om du vill ha en pratstund om ett eventuellt samarbete, skicka mig ett e-postmeddelande.<\/p>\n<p>Vi ser fram emot att h\u00f6ra fr\u00e5n dig och hoppas att du f\u00e5r en underbar dag. <a href=\"https:\/\/www.facebook.com\/lykketegning\/?locale=nb_NO\">D\u00e5 kommer du till min Facebook-sida.<\/a> Och om du vill f\u00f6lja mig p\u00e5<a href=\"https:\/\/www.instagram.com\/lykketegning\/?hl=nb\"> Instagram, du hittar det h\u00e4r.<\/a><\/p>\n<p>Konstn\u00e4r<br \/>\nIngebj\u00f8rg Rang\u00f8y Sj\u00e5land<\/p>\n<p>&nbsp;<\/p>\n<p>&nbsp;<\/p>","protected":false},"excerpt":{"rendered":"<h3>K\u00f6p 6 betala f\u00f6r 5 vackra Happy Muggar med olika motiv. Familjeutg\u00e5va<\/h3>\n<p>P\u00e5 Luck Drawing bygger vi vidare p\u00e5 en serie av koppar.<\/p>\n<p>H\u00e4r har du sex koppar :\"<a href=\"https:\/\/www.lykketegning.no\/sv\/product-2\/jubileumserbjudande-om-lyckokoppen-livet\/\">LEV\"(149,-)<\/a>, <a href=\"https:\/\/www.lykketegning.no\/sv\/product-2\/lycklig-dragning-cup-syster\/\">\u00a0\"Syster (299,-),<\/a> \u00a0<a href=\"https:\/\/www.lykketegning.no\/sv\/product-2\/lycklig-dragning-kopp-bror\/\">\"BROR\" (149,-),<\/a> <a href=\"https:\/\/www.lykketegning.no\/sv\/product-2\/nymodighet-farfar\/\">\"FARFAR\"(299,-)<\/a> <a href=\"https:\/\/www.lykketegning.no\/sv\/product-2\/ny-lyckomugg-pappa\/\">\"PAPPA\" (299,-)<\/a>och <a href=\"https:\/\/www.lykketegning.no\/sv\/product-2\/lyckomugg-mamma-fran-lycklig-ritning\/\">\"MUM\" (299,-). <\/a><\/p>\n<p>Paketpris f\u00f6r alla sex 1345kr (en av varje kopp)<\/p>\n<p>Bra g\u00e5vor att ge bort, men kom ih\u00e5g att ta lite sj\u00e4lv!<\/p>\n<p>T\u00e5l maskindisk<\/p>","protected":false},"featured_media":40769,"comment_status":"open","ping_status":"closed","template":"","meta":[],"product_brand":[],"product_cat":[41],"product_tag":[12,13,43],"class_list":{"0":"post-40772","1":"product","2":"type-product","3":"status-publish","4":"has-post-thumbnail","6":"product_cat-lykkekopper","7":"product_tag-kopp","8":"product_tag-krus","9":"product_tag-lykkekopp","11":"first","12":"instock","13":"sale","14":"taxable","15":"shipping-taxable","16":"purchasable","17":"product-type-simple"},"yoast_head":"<!-- This site is optimized with the Yoast SEO plugin v27.3 - https:\/\/yoast.com\/product\/yoast-seo-wordpress\/ -->\n<title>Kj\u00f8p 6 betal for 5 flotte Lykkekrus med ulike motiv. Family edition - LYKKETEGNING ILLUSTRAT\u00d8R<\/title>\n<meta name=\"description\" content=\"Kj\u00f8p 6 betal for 5 flotte Lykkekrus med ulike motiv.Familie.Hos Lykketegning bygger vi p\u00e5 en serie av kopper.Flotte gaver \u00e5 gi bort, men husk \u00e5 ha noen selv!\" \/>\n<meta name=\"robots\" content=\"index, follow, max-snippet:-1, max-image-preview:large, max-video-preview:-1\" \/>\n<link rel=\"canonical\" href=\"https:\/\/www.lykketegning.no\/sv\/product-2\/kop-6-betala-for-5-vackra-happy-muggar-med-olika-motiv-familjeutgava\/\" \/>\n<meta property=\"og:locale\" content=\"sv_SE\" \/>\n<meta property=\"og:type\" content=\"article\" \/>\n<meta property=\"og:title\" content=\"Kj\u00f8p 6 betal for 5 flotte Lykkekrus med ulike motiv. Family edition - LYKKETEGNING ILLUSTRAT\u00d8R\" \/>\n<meta property=\"og:description\" content=\"Kj\u00f8p 6 betal for 5 flotte Lykkekrus med ulike motiv.Familie.Hos Lykketegning bygger vi p\u00e5 en serie av kopper.Flotte gaver \u00e5 gi bort, men husk \u00e5 ha noen selv!\" \/>\n<meta property=\"og:url\" content=\"https:\/\/www.lykketegning.no\/sv\/product-2\/kop-6-betala-for-5-vackra-happy-muggar-med-olika-motiv-familjeutgava\/\" \/>\n<meta property=\"og:site_name\" content=\"LYKKETEGNING ILLUSTRAT\u00d8R\" \/>\n<meta property=\"article:publisher\" content=\"https:\/\/www.facebook.com\/lykketegning\/\" \/>\n<meta property=\"article:modified_time\" content=\"2025-10-27T13:30:13+00:00\" \/>\n<meta property=\"og:image\" content=\"https:\/\/www.lykketegning.no\/wp-content\/uploads\/2022\/09\/IMG_4250-scaled.jpg\" \/>\n\t<meta property=\"og:image:width\" content=\"1884\" \/>\n\t<meta property=\"og:image:height\" content=\"2560\" \/>\n\t<meta property=\"og:image:type\" content=\"image\/jpeg\" \/>\n<meta name=\"twitter:card\" content=\"summary_large_image\" \/>\n<meta name=\"twitter:label1\" content=\"Ber\u00e4knad l\u00e4stid\" \/>\n\t<meta name=\"twitter:data1\" content=\"2 minuter\" \/>\n<script type=\"application\/ld+json\" class=\"yoast-schema-graph\">{\"@context\":\"https:\\\/\\\/schema.org\",\"@graph\":[{\"@type\":\"WebPage\",\"@id\":\"https:\\\/\\\/www.lykketegning.no\\\/produkt\\\/kjop-6-betal-for-5-flotte-lykkekrus-med-ulike-motiv-family-edition\\\/\",\"url\":\"https:\\\/\\\/www.lykketegning.no\\\/produkt\\\/kjop-6-betal-for-5-flotte-lykkekrus-med-ulike-motiv-family-edition\\\/\",\"name\":\"Kj\u00f8p 6 betal for 5 flotte Lykkekrus med ulike motiv. Family edition - LYKKETEGNING ILLUSTRAT\u00d8R\",\"isPartOf\":{\"@id\":\"https:\\\/\\\/www.lykketegning.no\\\/#website\"},\"primaryImageOfPage\":{\"@id\":\"https:\\\/\\\/www.lykketegning.no\\\/produkt\\\/kjop-6-betal-for-5-flotte-lykkekrus-med-ulike-motiv-family-edition\\\/#primaryimage\"},\"image\":{\"@id\":\"https:\\\/\\\/www.lykketegning.no\\\/produkt\\\/kjop-6-betal-for-5-flotte-lykkekrus-med-ulike-motiv-family-edition\\\/#primaryimage\"},\"thumbnailUrl\":\"https:\\\/\\\/www.lykketegning.no\\\/wp-content\\\/uploads\\\/2022\\\/09\\\/IMG_4250-scaled.jpg\",\"datePublished\":\"2025-10-02T09:20:24+00:00\",\"dateModified\":\"2025-10-27T13:30:13+00:00\",\"description\":\"Kj\u00f8p 6 betal for 5 flotte Lykkekrus med ulike motiv.Familie.Hos Lykketegning bygger vi p\u00e5 en serie av kopper.Flotte gaver \u00e5 gi bort, men husk \u00e5 ha noen selv!\",\"breadcrumb\":{\"@id\":\"https:\\\/\\\/www.lykketegning.no\\\/produkt\\\/kjop-6-betal-for-5-flotte-lykkekrus-med-ulike-motiv-family-edition\\\/#breadcrumb\"},\"inLanguage\":\"sv-SE\",\"potentialAction\":[{\"@type\":\"ReadAction\",\"target\":[\"https:\\\/\\\/www.lykketegning.no\\\/produkt\\\/kjop-6-betal-for-5-flotte-lykkekrus-med-ulike-motiv-family-edition\\\/\"]}]},{\"@type\":\"ImageObject\",\"inLanguage\":\"sv-SE\",\"@id\":\"https:\\\/\\\/www.lykketegning.no\\\/produkt\\\/kjop-6-betal-for-5-flotte-lykkekrus-med-ulike-motiv-family-edition\\\/#primaryimage\",\"url\":\"https:\\\/\\\/www.lykketegning.no\\\/wp-content\\\/uploads\\\/2022\\\/09\\\/IMG_4250-scaled.jpg\",\"contentUrl\":\"https:\\\/\\\/www.lykketegning.no\\\/wp-content\\\/uploads\\\/2022\\\/09\\\/IMG_4250-scaled.jpg\",\"width\":1884,\"height\":2560},{\"@type\":\"BreadcrumbList\",\"@id\":\"https:\\\/\\\/www.lykketegning.no\\\/produkt\\\/kjop-6-betal-for-5-flotte-lykkekrus-med-ulike-motiv-family-edition\\\/#breadcrumb\",\"itemListElement\":[{\"@type\":\"ListItem\",\"position\":1,\"name\":\"Hjem\",\"item\":\"https:\\\/\\\/www.lykketegning.no\\\/\"},{\"@type\":\"ListItem\",\"position\":2,\"name\":\"Shop\",\"item\":\"https:\\\/\\\/www.lykketegning.no\\\/shop\\\/\"},{\"@type\":\"ListItem\",\"position\":3,\"name\":\"Kj\u00f8p 6 betal for 5 flotte Lykkekrus med ulike motiv. Family edition\"}]},{\"@type\":\"WebSite\",\"@id\":\"https:\\\/\\\/www.lykketegning.no\\\/#website\",\"url\":\"https:\\\/\\\/www.lykketegning.no\\\/\",\"name\":\"LYKKETEGNING ILLUSTRAT\u00d8R\",\"description\":\"\",\"publisher\":{\"@id\":\"https:\\\/\\\/www.lykketegning.no\\\/#organization\"},\"potentialAction\":[{\"@type\":\"SearchAction\",\"target\":{\"@type\":\"EntryPoint\",\"urlTemplate\":\"https:\\\/\\\/www.lykketegning.no\\\/?s={search_term_string}\"},\"query-input\":{\"@type\":\"PropertyValueSpecification\",\"valueRequired\":true,\"valueName\":\"search_term_string\"}}],\"inLanguage\":\"sv-SE\"},{\"@type\":\"Organization\",\"@id\":\"https:\\\/\\\/www.lykketegning.no\\\/#organization\",\"name\":\"LYKKETEGNING ILLUSTRAT\u00d8R\",\"url\":\"https:\\\/\\\/www.lykketegning.no\\\/\",\"logo\":{\"@type\":\"ImageObject\",\"inLanguage\":\"sv-SE\",\"@id\":\"https:\\\/\\\/www.lykketegning.no\\\/#\\\/schema\\\/logo\\\/image\\\/\",\"url\":\"https:\\\/\\\/www.lykketegning.no\\\/wp-content\\\/uploads\\\/2020\\\/03\\\/Logo2020_h400px.jpg\",\"contentUrl\":\"https:\\\/\\\/www.lykketegning.no\\\/wp-content\\\/uploads\\\/2020\\\/03\\\/Logo2020_h400px.jpg\",\"width\":1024,\"height\":400,\"caption\":\"LYKKETEGNING ILLUSTRAT\u00d8R\"},\"image\":{\"@id\":\"https:\\\/\\\/www.lykketegning.no\\\/#\\\/schema\\\/logo\\\/image\\\/\"},\"sameAs\":[\"https:\\\/\\\/www.facebook.com\\\/lykketegning\\\/\",\"https:\\\/\\\/www.instagram.com\\\/lykketegning\\\/\",\"https:\\\/\\\/www.youtube.com\\\/@lykketegningillustrations\",\"https:\\\/\\\/www.tiktok.com\\\/@lykketegningillustration\"]}]}<\/script>\n<!-- \/ Yoast SEO plugin. -->","yoast_head_json":{"title":"K\u00f6p 6 betala f\u00f6r 5 vackra Happiness-muggar med olika motiv. Familjeutg\u00e5va - HAPPINESS DRAWING ILLUSTRATOR","description":"K\u00f6p 6 betala f\u00f6r 5 fantastiska Happiness-muggar med olika motiv.Family.P\u00e5 Lykketegning bygger vi vidare p\u00e5 en serie muggar.Bra presenter att ge bort, men kom ih\u00e5g att ta n\u00e5gra sj\u00e4lv!","robots":{"index":"index","follow":"follow","max-snippet":"max-snippet:-1","max-image-preview":"max-image-preview:large","max-video-preview":"max-video-preview:-1"},"canonical":"https:\/\/www.lykketegning.no\/sv\/product-2\/kop-6-betala-for-5-vackra-happy-muggar-med-olika-motiv-familjeutgava\/","og_locale":"sv_SE","og_type":"article","og_title":"Kj\u00f8p 6 betal for 5 flotte Lykkekrus med ulike motiv. Family edition - LYKKETEGNING ILLUSTRAT\u00d8R","og_description":"Kj\u00f8p 6 betal for 5 flotte Lykkekrus med ulike motiv.Familie.Hos Lykketegning bygger vi p\u00e5 en serie av kopper.Flotte gaver \u00e5 gi bort, men husk \u00e5 ha noen selv!","og_url":"https:\/\/www.lykketegning.no\/sv\/product-2\/kop-6-betala-for-5-vackra-happy-muggar-med-olika-motiv-familjeutgava\/","og_site_name":"LYKKETEGNING ILLUSTRAT\u00d8R","article_publisher":"https:\/\/www.facebook.com\/lykketegning\/","article_modified_time":"2025-10-27T13:30:13+00:00","og_image":[{"width":1884,"height":2560,"url":"https:\/\/www.lykketegning.no\/wp-content\/uploads\/2022\/09\/IMG_4250-scaled.jpg","type":"image\/jpeg"}],"twitter_card":"summary_large_image","twitter_misc":{"Ber\u00e4knad l\u00e4stid":"2 minuter"},"schema":{"@context":"https:\/\/schema.org","@graph":[{"@type":"WebPage","@id":"https:\/\/www.lykketegning.no\/produkt\/kjop-6-betal-for-5-flotte-lykkekrus-med-ulike-motiv-family-edition\/","url":"https:\/\/www.lykketegning.no\/produkt\/kjop-6-betal-for-5-flotte-lykkekrus-med-ulike-motiv-family-edition\/","name":"K\u00f6p 6 betala f\u00f6r 5 vackra Happiness-muggar med olika motiv. Familjeutg\u00e5va - HAPPINESS DRAWING ILLUSTRATOR","isPartOf":{"@id":"https:\/\/www.lykketegning.no\/#website"},"primaryImageOfPage":{"@id":"https:\/\/www.lykketegning.no\/produkt\/kjop-6-betal-for-5-flotte-lykkekrus-med-ulike-motiv-family-edition\/#primaryimage"},"image":{"@id":"https:\/\/www.lykketegning.no\/produkt\/kjop-6-betal-for-5-flotte-lykkekrus-med-ulike-motiv-family-edition\/#primaryimage"},"thumbnailUrl":"https:\/\/www.lykketegning.no\/wp-content\/uploads\/2022\/09\/IMG_4250-scaled.jpg","datePublished":"2025-10-02T09:20:24+00:00","dateModified":"2025-10-27T13:30:13+00:00","description":"K\u00f6p 6 betala f\u00f6r 5 fantastiska Happiness-muggar med olika motiv.Family.P\u00e5 Lykketegning bygger vi vidare p\u00e5 en serie muggar.Bra presenter att ge bort, men kom ih\u00e5g att ta n\u00e5gra sj\u00e4lv!","breadcrumb":{"@id":"https:\/\/www.lykketegning.no\/produkt\/kjop-6-betal-for-5-flotte-lykkekrus-med-ulike-motiv-family-edition\/#breadcrumb"},"inLanguage":"sv-SE","potentialAction":[{"@type":"ReadAction","target":["https:\/\/www.lykketegning.no\/produkt\/kjop-6-betal-for-5-flotte-lykkekrus-med-ulike-motiv-family-edition\/"]}]},{"@type":"ImageObject","inLanguage":"sv-SE","@id":"https:\/\/www.lykketegning.no\/produkt\/kjop-6-betal-for-5-flotte-lykkekrus-med-ulike-motiv-family-edition\/#primaryimage","url":"https:\/\/www.lykketegning.no\/wp-content\/uploads\/2022\/09\/IMG_4250-scaled.jpg","contentUrl":"https:\/\/www.lykketegning.no\/wp-content\/uploads\/2022\/09\/IMG_4250-scaled.jpg","width":1884,"height":2560},{"@type":"BreadcrumbList","@id":"https:\/\/www.lykketegning.no\/produkt\/kjop-6-betal-for-5-flotte-lykkekrus-med-ulike-motiv-family-edition\/#breadcrumb","itemListElement":[{"@type":"ListItem","position":1,"name":"Hjem","item":"https:\/\/www.lykketegning.no\/"},{"@type":"ListItem","position":2,"name":"Shop","item":"https:\/\/www.lykketegning.no\/shop\/"},{"@type":"ListItem","position":3,"name":"Kj\u00f8p 6 betal for 5 flotte Lykkekrus med ulike motiv. Family edition"}]},{"@type":"WebSite","@id":"https:\/\/www.lykketegning.no\/#website","url":"https:\/\/www.lykketegning.no\/","name":"LYCKLIG RITNING ILLUSTRAT\u00d6R","description":"","publisher":{"@id":"https:\/\/www.lykketegning.no\/#organization"},"potentialAction":[{"@type":"SearchAction","target":{"@type":"EntryPoint","urlTemplate":"https:\/\/www.lykketegning.no\/?s={search_term_string}"},"query-input":{"@type":"PropertyValueSpecification","valueRequired":true,"valueName":"search_term_string"}}],"inLanguage":"sv-SE"},{"@type":"Organization","@id":"https:\/\/www.lykketegning.no\/#organization","name":"LYCKLIG RITNING ILLUSTRAT\u00d6R","url":"https:\/\/www.lykketegning.no\/","logo":{"@type":"ImageObject","inLanguage":"sv-SE","@id":"https:\/\/www.lykketegning.no\/#\/schema\/logo\/image\/","url":"https:\/\/www.lykketegning.no\/wp-content\/uploads\/2020\/03\/Logo2020_h400px.jpg","contentUrl":"https:\/\/www.lykketegning.no\/wp-content\/uploads\/2020\/03\/Logo2020_h400px.jpg","width":1024,"height":400,"caption":"LYKKETEGNING ILLUSTRAT\u00d8R"},"image":{"@id":"https:\/\/www.lykketegning.no\/#\/schema\/logo\/image\/"},"sameAs":["https:\/\/www.facebook.com\/lykketegning\/","https:\/\/www.instagram.com\/lykketegning\/","https:\/\/www.youtube.com\/@lykketegningillustrations","https:\/\/www.tiktok.com\/@lykketegningillustration"]}]}},"_links":{"self":[{"href":"https:\/\/www.lykketegning.no\/sv\/wp-json\/wp\/v2\/product\/40772","targetHints":{"allow":["GET"]}}],"collection":[{"href":"https:\/\/www.lykketegning.no\/sv\/wp-json\/wp\/v2\/product"}],"about":[{"href":"https:\/\/www.lykketegning.no\/sv\/wp-json\/wp\/v2\/types\/product"}],"replies":[{"embeddable":true,"href":"https:\/\/www.lykketegning.no\/sv\/wp-json\/wp\/v2\/comments?post=40772"}],"wp:featuredmedia":[{"embeddable":true,"href":"https:\/\/www.lykketegning.no\/sv\/wp-json\/wp\/v2\/media\/40769"}],"wp:attachment":[{"href":"https:\/\/www.lykketegning.no\/sv\/wp-json\/wp\/v2\/media?parent=40772"}],"wp:term":[{"taxonomy":"product_brand","embeddable":true,"href":"https:\/\/www.lykketegning.no\/sv\/wp-json\/wp\/v2\/product_brand?post=40772"},{"taxonomy":"product_cat","embeddable":true,"href":"https:\/\/www.lykketegning.no\/sv\/wp-json\/wp\/v2\/product_cat?post=40772"},{"taxonomy":"product_tag","embeddable":true,"href":"https:\/\/www.lykketegning.no\/sv\/wp-json\/wp\/v2\/product_tag?post=40772"}],"curies":[{"name":"wp","href":"https:\/\/api.w.org\/{rel}","templated":true}]}}