{"id":40226,"date":"2025-10-05T16:39:54","date_gmt":"2025-10-05T14:39:54","guid":{"rendered":"https:\/\/www.lykketegning.no\/?post_type=product&#038;p=40226"},"modified":"2026-01-02T12:31:46","modified_gmt":"2026-01-02T11:31:46","slug":"flott-manedskalender-fra-lykketegning-for-2026","status":"publish","type":"product","link":"https:\/\/www.lykketegning.no\/sv\/produkt\/stor-mankalender-fran-lycklig-dragning-for-2026\/","title":{"rendered":"Fantastisk m\u00e5nadskalender fr\u00e5n Luck Drawing f\u00f6r 2026!"},"content":{"rendered":"<h3>Fantastisk m\u00e5nadskalender fr\u00e5n Lucky Drawing 2026 - januari 2026-december 2026.<\/h3>\n<p>Denna m\u00e5nadskalender blev en succ\u00e9 2025 d\u00e5 1.000 kalendrar s\u00e5lde slut p\u00e5 en m\u00e5nad och nu kan du k\u00f6pa den i v\u00e5r webbutik!<\/p>\n<p>Det finns en m\u00e5nad p\u00e5 varje sida och ett veckonummer, samt en liten ruta f\u00f6r att skriva anteckningar i varje dag.<\/p>\n<p>I \u00e5r finns det en illustration p\u00e5 ena sidan s\u00e5 att du kan riva ut den och rama in den i slutet av m\u00e5naden! Dekorativ p\u00e5 v\u00e4ggen.<\/p>\n<p>M\u00e5nadskalendern \u00e4r spiralformad och har h\u00e5l f\u00f6r upph\u00e4ngning.<\/p>\n<p>Format: A4 liggande.<\/p>\n<p>En perfekt julklapp till anst\u00e4llda, v\u00e4rdinnan, familjen eller till dig sj\u00e4lv.<\/p>\n<p><strong>\"P\u00e5 Lykketegning skapas varje illustration med v\u00e4rme och omsorg.<\/strong><br \/>\n<strong>Med starka f\u00e4rger, tydliga linjer och bra citat vill Happiness Drawing f\u00e5 dig att stanna upp ett \u00f6gonblick, ta ett djupt andetag och sedan s\u00e4tta en bra kurs fram\u00e5t.<\/strong><br \/>\n<strong>Hj\u00e4rtana och leendena \u00e4r fr\u00e5n mig till dig f\u00f6r att p\u00e5minna dig om att du \u00e4r riktigt bra!\"<\/strong><\/p>\n<p>&nbsp;<\/p>\n<p>P\u00e5 hemsidan hittar du n\u00e5gra illustrationer och andra produkter som koppar, gratulationskort och kalendrar.<\/p>\n<p>Nya produkter l\u00e4ggs st\u00e4ndigt till h\u00e4r, s\u00e5 registrera dig g\u00e4rna f\u00f6r nyhetsbrevet f\u00f6r m\u00e5natliga uppdateringar.<\/p>\n<p>F\u00f6r <strong>m\u00e5nga m\u00e5nga m\u00e5nga m\u00e5nga<\/strong> fler illustrationer; bes\u00f6k min Instagram- och Facebookprofil.<\/p>\n<p>Faktum \u00e4r att alla illustrationer \u00e4r till salu. 999 kr f\u00f6r A4 och 1500 kr f\u00f6r A3.<\/p>\n<p>Du kan ocks\u00e5 best\u00e4lla din egen - bra presenter att ge till br\u00f6llop och andra fester. H\u00f6r av dig till v\u00e5r inkorg f\u00f6r detta.<\/p>\n<p><em>Pris f\u00f6r fotografering: 1500kr f\u00f6r A4 och A5 (upp till 5 personer\/djur) extra kostnad f\u00f6r fler (upp till 5 personer\/djur). A3 2000kr ex porto. Jag beh\u00f6ver veta h\u00e5rf\u00e4rg\/h\u00e5rtyp, l\u00e4ngd, intressen och \u00f6nskat antal avbildade personer. Alla offerter du vill ha inkluderade.<\/em><\/p>\n<p>Om du har n\u00e5gra fr\u00e5gor, tveka inte att h\u00f6ra av dig! Om du vill ha en pratstund om ett eventuellt samarbete, skicka mig ett e-postmeddelande.<\/p>\n<p>Vi ser fram emot att h\u00f6ra fr\u00e5n dig och hoppas att du f\u00e5r en underbar dag. <a href=\"https:\/\/www.facebook.com\/lykketegning\/?locale=nb_NO\">D\u00e5 kommer du till min Facebook-sida.<\/a> Och om du vill f\u00f6lja mig p\u00e5<a href=\"https:\/\/www.instagram.com\/lykketegning\/?hl=nb\"> Instagram, du hittar det h\u00e4r.<\/a><\/p>\n<p>Konstn\u00e4r<br \/>\nIngebj\u00f8rg Rang\u00f8y Sj\u00e5land<\/p>\n<p>&nbsp;<\/p>","protected":false},"excerpt":{"rendered":"<p>Fantastisk m\u00e5nadskalender fr\u00e5n Lucky Drawing 2026 - januari 2026-december 2026.<br \/>\nDenna m\u00e5nadskalender blev en succ\u00e9 2025 d\u00e5 1.000 kalendrar s\u00e5lde slut p\u00e5 en m\u00e5nad och nu kan du k\u00f6pa den i v\u00e5r webbutik!<\/p>\n<p>En m\u00e5nad p\u00e5 varje sida med veckonummer. Liten l\u00e5da att skriva anteckningar i varje dag.<\/p>\n<p>I \u00e5r finns det en illustration p\u00e5 ena sidan s\u00e5 att du kan riva ut den och rama in den i slutet av m\u00e5naden!<\/p>\n<p>Spiral med upph\u00e4ngning. A4 liggande.<\/p>\n<p>Bra julklapp till anst\u00e4llda eller familjen.<\/p>\n<p>&nbsp;<\/p>","protected":false},"featured_media":40542,"comment_status":"open","ping_status":"closed","template":"","meta":[],"product_brand":[],"product_cat":[153,169],"product_tag":[268,57,250,267],"class_list":{"0":"post-40226","1":"product","2":"type-product","3":"status-publish","4":"has-post-thumbnail","6":"product_cat-illustrert-kalender","7":"product_cat-trykk","8":"product_tag-calender","9":"product_tag-kalender","10":"product_tag-lykketegning","11":"product_tag-manedskalender","13":"first","14":"outofstock","15":"taxable","16":"shipping-taxable","17":"purchasable","18":"product-type-simple"},"yoast_head":"<!-- This site is optimized with the Yoast SEO plugin v27.3 - https:\/\/yoast.com\/product\/yoast-seo-wordpress\/ -->\n<title>Flott m\u00e5nedskalender fra Lykketegning for 2026! - LYKKETEGNING ILLUSTRAT\u00d8R<\/title>\n<meta name=\"description\" content=\"Flott m\u00e5nedskalender fra Lykketegning 2026. God plass til \u00e5 skrive notater. A4. Flott Lykketegningbilde hver m\u00e5ned. Bestill den popul\u00e6re kalenderen idag!\" \/>\n<meta name=\"robots\" content=\"index, follow, max-snippet:-1, max-image-preview:large, max-video-preview:-1\" \/>\n<link rel=\"canonical\" href=\"https:\/\/www.lykketegning.no\/sv\/produkt\/stor-mankalender-fran-lycklig-dragning-for-2026\/\" \/>\n<meta property=\"og:locale\" content=\"sv_SE\" \/>\n<meta property=\"og:type\" content=\"article\" \/>\n<meta property=\"og:title\" content=\"Flott m\u00e5nedskalender fra Lykketegning for 2026! - LYKKETEGNING ILLUSTRAT\u00d8R\" \/>\n<meta property=\"og:description\" content=\"Flott m\u00e5nedskalender fra Lykketegning 2026. God plass til \u00e5 skrive notater. A4. Flott Lykketegningbilde hver m\u00e5ned. Bestill den popul\u00e6re kalenderen idag!\" \/>\n<meta property=\"og:url\" content=\"https:\/\/www.lykketegning.no\/sv\/produkt\/stor-mankalender-fran-lycklig-dragning-for-2026\/\" \/>\n<meta property=\"og:site_name\" content=\"LYKKETEGNING ILLUSTRAT\u00d8R\" \/>\n<meta property=\"article:publisher\" content=\"https:\/\/www.facebook.com\/lykketegning\/\" \/>\n<meta property=\"article:modified_time\" content=\"2026-01-02T11:31:46+00:00\" \/>\n<meta property=\"og:image\" content=\"https:\/\/www.lykketegning.no\/wp-content\/uploads\/2025\/08\/Manedskalender-Lykketegning-2026-scaled.jpg\" \/>\n\t<meta property=\"og:image:width\" content=\"2560\" \/>\n\t<meta property=\"og:image:height\" content=\"1447\" \/>\n\t<meta property=\"og:image:type\" content=\"image\/jpeg\" \/>\n<meta name=\"twitter:card\" content=\"summary_large_image\" \/>\n<meta name=\"twitter:label1\" content=\"Ber\u00e4knad l\u00e4stid\" \/>\n\t<meta name=\"twitter:data1\" content=\"3 minuter\" \/>\n<script type=\"application\/ld+json\" class=\"yoast-schema-graph\">{\"@context\":\"https:\\\/\\\/schema.org\",\"@graph\":[{\"@type\":\"WebPage\",\"@id\":\"https:\\\/\\\/www.lykketegning.no\\\/produkt\\\/flott-manedskalender-fra-lykketegning-for-2026\\\/\",\"url\":\"https:\\\/\\\/www.lykketegning.no\\\/produkt\\\/flott-manedskalender-fra-lykketegning-for-2026\\\/\",\"name\":\"Flott m\u00e5nedskalender fra Lykketegning for 2026! - LYKKETEGNING ILLUSTRAT\u00d8R\",\"isPartOf\":{\"@id\":\"https:\\\/\\\/www.lykketegning.no\\\/#website\"},\"primaryImageOfPage\":{\"@id\":\"https:\\\/\\\/www.lykketegning.no\\\/produkt\\\/flott-manedskalender-fra-lykketegning-for-2026\\\/#primaryimage\"},\"image\":{\"@id\":\"https:\\\/\\\/www.lykketegning.no\\\/produkt\\\/flott-manedskalender-fra-lykketegning-for-2026\\\/#primaryimage\"},\"thumbnailUrl\":\"https:\\\/\\\/www.lykketegning.no\\\/wp-content\\\/uploads\\\/2025\\\/08\\\/Manedskalender-Lykketegning-2026-scaled.jpg\",\"datePublished\":\"2025-10-05T14:39:54+00:00\",\"dateModified\":\"2026-01-02T11:31:46+00:00\",\"description\":\"Flott m\u00e5nedskalender fra Lykketegning 2026. God plass til \u00e5 skrive notater. A4. Flott Lykketegningbilde hver m\u00e5ned. Bestill den popul\u00e6re kalenderen idag!\",\"breadcrumb\":{\"@id\":\"https:\\\/\\\/www.lykketegning.no\\\/produkt\\\/flott-manedskalender-fra-lykketegning-for-2026\\\/#breadcrumb\"},\"inLanguage\":\"sv-SE\",\"potentialAction\":[{\"@type\":\"ReadAction\",\"target\":[\"https:\\\/\\\/www.lykketegning.no\\\/produkt\\\/flott-manedskalender-fra-lykketegning-for-2026\\\/\"]}]},{\"@type\":\"ImageObject\",\"inLanguage\":\"sv-SE\",\"@id\":\"https:\\\/\\\/www.lykketegning.no\\\/produkt\\\/flott-manedskalender-fra-lykketegning-for-2026\\\/#primaryimage\",\"url\":\"https:\\\/\\\/www.lykketegning.no\\\/wp-content\\\/uploads\\\/2025\\\/08\\\/Manedskalender-Lykketegning-2026-scaled.jpg\",\"contentUrl\":\"https:\\\/\\\/www.lykketegning.no\\\/wp-content\\\/uploads\\\/2025\\\/08\\\/Manedskalender-Lykketegning-2026-scaled.jpg\",\"width\":2560,\"height\":1447},{\"@type\":\"BreadcrumbList\",\"@id\":\"https:\\\/\\\/www.lykketegning.no\\\/produkt\\\/flott-manedskalender-fra-lykketegning-for-2026\\\/#breadcrumb\",\"itemListElement\":[{\"@type\":\"ListItem\",\"position\":1,\"name\":\"Hjem\",\"item\":\"https:\\\/\\\/www.lykketegning.no\\\/\"},{\"@type\":\"ListItem\",\"position\":2,\"name\":\"Shop\",\"item\":\"https:\\\/\\\/www.lykketegning.no\\\/sv\\\/webbutik\\\/\"},{\"@type\":\"ListItem\",\"position\":3,\"name\":\"Flott m\u00e5nedskalender fra Lykketegning for 2026!\"}]},{\"@type\":\"WebSite\",\"@id\":\"https:\\\/\\\/www.lykketegning.no\\\/#website\",\"url\":\"https:\\\/\\\/www.lykketegning.no\\\/\",\"name\":\"LYKKETEGNING ILLUSTRAT\u00d8R\",\"description\":\"\",\"publisher\":{\"@id\":\"https:\\\/\\\/www.lykketegning.no\\\/#organization\"},\"potentialAction\":[{\"@type\":\"SearchAction\",\"target\":{\"@type\":\"EntryPoint\",\"urlTemplate\":\"https:\\\/\\\/www.lykketegning.no\\\/?s={search_term_string}\"},\"query-input\":{\"@type\":\"PropertyValueSpecification\",\"valueRequired\":true,\"valueName\":\"search_term_string\"}}],\"inLanguage\":\"sv-SE\"},{\"@type\":\"Organization\",\"@id\":\"https:\\\/\\\/www.lykketegning.no\\\/#organization\",\"name\":\"LYKKETEGNING ILLUSTRAT\u00d8R\",\"url\":\"https:\\\/\\\/www.lykketegning.no\\\/\",\"logo\":{\"@type\":\"ImageObject\",\"inLanguage\":\"sv-SE\",\"@id\":\"https:\\\/\\\/www.lykketegning.no\\\/#\\\/schema\\\/logo\\\/image\\\/\",\"url\":\"https:\\\/\\\/www.lykketegning.no\\\/wp-content\\\/uploads\\\/2020\\\/03\\\/Logo2020_h400px.jpg\",\"contentUrl\":\"https:\\\/\\\/www.lykketegning.no\\\/wp-content\\\/uploads\\\/2020\\\/03\\\/Logo2020_h400px.jpg\",\"width\":1024,\"height\":400,\"caption\":\"LYKKETEGNING ILLUSTRAT\u00d8R\"},\"image\":{\"@id\":\"https:\\\/\\\/www.lykketegning.no\\\/#\\\/schema\\\/logo\\\/image\\\/\"},\"sameAs\":[\"https:\\\/\\\/www.facebook.com\\\/lykketegning\\\/\",\"https:\\\/\\\/www.instagram.com\\\/lykketegning\\\/\",\"https:\\\/\\\/www.youtube.com\\\/@lykketegningillustrations\",\"https:\\\/\\\/www.tiktok.com\\\/@lykketegningillustration\"]}]}<\/script>\n<!-- \/ Yoast SEO plugin. -->","yoast_head_json":{"title":"Fantastisk m\u00e5nadskalender fr\u00e5n Lykketegning f\u00f6r 2026! - LYCKLIG RITNING ILLUSTRAT\u00d6R","description":"Bra m\u00e5nadskalender fr\u00e5n Luck Drawing 2025. Gott om plats f\u00f6r att skriva anteckningar. A4. Stor Happy Drawing-bild varje m\u00e5nad. Best\u00e4ll den popul\u00e4ra kalendern redan idag!","robots":{"index":"index","follow":"follow","max-snippet":"max-snippet:-1","max-image-preview":"max-image-preview:large","max-video-preview":"max-video-preview:-1"},"canonical":"https:\/\/www.lykketegning.no\/sv\/produkt\/stor-mankalender-fran-lycklig-dragning-for-2026\/","og_locale":"sv_SE","og_type":"article","og_title":"Flott m\u00e5nedskalender fra Lykketegning for 2026! - LYKKETEGNING ILLUSTRAT\u00d8R","og_description":"Flott m\u00e5nedskalender fra Lykketegning 2026. God plass til \u00e5 skrive notater. A4. Flott Lykketegningbilde hver m\u00e5ned. Bestill den popul\u00e6re kalenderen idag!","og_url":"https:\/\/www.lykketegning.no\/sv\/produkt\/stor-mankalender-fran-lycklig-dragning-for-2026\/","og_site_name":"LYKKETEGNING ILLUSTRAT\u00d8R","article_publisher":"https:\/\/www.facebook.com\/lykketegning\/","article_modified_time":"2026-01-02T11:31:46+00:00","og_image":[{"width":2560,"height":1447,"url":"https:\/\/www.lykketegning.no\/wp-content\/uploads\/2025\/08\/Manedskalender-Lykketegning-2026-scaled.jpg","type":"image\/jpeg"}],"twitter_card":"summary_large_image","twitter_misc":{"Ber\u00e4knad l\u00e4stid":"3 minuter"},"schema":{"@context":"https:\/\/schema.org","@graph":[{"@type":"WebPage","@id":"https:\/\/www.lykketegning.no\/produkt\/flott-manedskalender-fra-lykketegning-for-2026\/","url":"https:\/\/www.lykketegning.no\/produkt\/flott-manedskalender-fra-lykketegning-for-2026\/","name":"Fantastisk m\u00e5nadskalender fr\u00e5n Lykketegning f\u00f6r 2026! - LYCKLIG RITNING ILLUSTRAT\u00d6R","isPartOf":{"@id":"https:\/\/www.lykketegning.no\/#website"},"primaryImageOfPage":{"@id":"https:\/\/www.lykketegning.no\/produkt\/flott-manedskalender-fra-lykketegning-for-2026\/#primaryimage"},"image":{"@id":"https:\/\/www.lykketegning.no\/produkt\/flott-manedskalender-fra-lykketegning-for-2026\/#primaryimage"},"thumbnailUrl":"https:\/\/www.lykketegning.no\/wp-content\/uploads\/2025\/08\/Manedskalender-Lykketegning-2026-scaled.jpg","datePublished":"2025-10-05T14:39:54+00:00","dateModified":"2026-01-02T11:31:46+00:00","description":"Bra m\u00e5nadskalender fr\u00e5n Luck Drawing 2025. Gott om plats f\u00f6r att skriva anteckningar. A4. Stor Happy Drawing-bild varje m\u00e5nad. Best\u00e4ll den popul\u00e4ra kalendern redan idag!","breadcrumb":{"@id":"https:\/\/www.lykketegning.no\/produkt\/flott-manedskalender-fra-lykketegning-for-2026\/#breadcrumb"},"inLanguage":"sv-SE","potentialAction":[{"@type":"ReadAction","target":["https:\/\/www.lykketegning.no\/produkt\/flott-manedskalender-fra-lykketegning-for-2026\/"]}]},{"@type":"ImageObject","inLanguage":"sv-SE","@id":"https:\/\/www.lykketegning.no\/produkt\/flott-manedskalender-fra-lykketegning-for-2026\/#primaryimage","url":"https:\/\/www.lykketegning.no\/wp-content\/uploads\/2025\/08\/Manedskalender-Lykketegning-2026-scaled.jpg","contentUrl":"https:\/\/www.lykketegning.no\/wp-content\/uploads\/2025\/08\/Manedskalender-Lykketegning-2026-scaled.jpg","width":2560,"height":1447},{"@type":"BreadcrumbList","@id":"https:\/\/www.lykketegning.no\/produkt\/flott-manedskalender-fra-lykketegning-for-2026\/#breadcrumb","itemListElement":[{"@type":"ListItem","position":1,"name":"Hjem","item":"https:\/\/www.lykketegning.no\/"},{"@type":"ListItem","position":2,"name":"Shop","item":"https:\/\/www.lykketegning.no\/sv\/webbutik\/"},{"@type":"ListItem","position":3,"name":"Flott m\u00e5nedskalender fra Lykketegning for 2026!"}]},{"@type":"WebSite","@id":"https:\/\/www.lykketegning.no\/#website","url":"https:\/\/www.lykketegning.no\/","name":"LYCKLIG RITNING ILLUSTRAT\u00d6R","description":"","publisher":{"@id":"https:\/\/www.lykketegning.no\/#organization"},"potentialAction":[{"@type":"SearchAction","target":{"@type":"EntryPoint","urlTemplate":"https:\/\/www.lykketegning.no\/?s={search_term_string}"},"query-input":{"@type":"PropertyValueSpecification","valueRequired":true,"valueName":"search_term_string"}}],"inLanguage":"sv-SE"},{"@type":"Organization","@id":"https:\/\/www.lykketegning.no\/#organization","name":"LYCKLIG RITNING ILLUSTRAT\u00d6R","url":"https:\/\/www.lykketegning.no\/","logo":{"@type":"ImageObject","inLanguage":"sv-SE","@id":"https:\/\/www.lykketegning.no\/#\/schema\/logo\/image\/","url":"https:\/\/www.lykketegning.no\/wp-content\/uploads\/2020\/03\/Logo2020_h400px.jpg","contentUrl":"https:\/\/www.lykketegning.no\/wp-content\/uploads\/2020\/03\/Logo2020_h400px.jpg","width":1024,"height":400,"caption":"LYKKETEGNING ILLUSTRAT\u00d8R"},"image":{"@id":"https:\/\/www.lykketegning.no\/#\/schema\/logo\/image\/"},"sameAs":["https:\/\/www.facebook.com\/lykketegning\/","https:\/\/www.instagram.com\/lykketegning\/","https:\/\/www.youtube.com\/@lykketegningillustrations","https:\/\/www.tiktok.com\/@lykketegningillustration"]}]}},"_links":{"self":[{"href":"https:\/\/www.lykketegning.no\/sv\/wp-json\/wp\/v2\/product\/40226","targetHints":{"allow":["GET"]}}],"collection":[{"href":"https:\/\/www.lykketegning.no\/sv\/wp-json\/wp\/v2\/product"}],"about":[{"href":"https:\/\/www.lykketegning.no\/sv\/wp-json\/wp\/v2\/types\/product"}],"replies":[{"embeddable":true,"href":"https:\/\/www.lykketegning.no\/sv\/wp-json\/wp\/v2\/comments?post=40226"}],"wp:featuredmedia":[{"embeddable":true,"href":"https:\/\/www.lykketegning.no\/sv\/wp-json\/wp\/v2\/media\/40542"}],"wp:attachment":[{"href":"https:\/\/www.lykketegning.no\/sv\/wp-json\/wp\/v2\/media?parent=40226"}],"wp:term":[{"taxonomy":"product_brand","embeddable":true,"href":"https:\/\/www.lykketegning.no\/sv\/wp-json\/wp\/v2\/product_brand?post=40226"},{"taxonomy":"product_cat","embeddable":true,"href":"https:\/\/www.lykketegning.no\/sv\/wp-json\/wp\/v2\/product_cat?post=40226"},{"taxonomy":"product_tag","embeddable":true,"href":"https:\/\/www.lykketegning.no\/sv\/wp-json\/wp\/v2\/product_tag?post=40226"}],"curies":[{"name":"wp","href":"https:\/\/api.w.org\/{rel}","templated":true}]}}