{"id":38431,"date":"2022-11-14T12:52:57","date_gmt":"2022-11-14T11:52:57","guid":{"rendered":"https:\/\/www.lykketegning.no\/?post_type=product&#038;p=38431"},"modified":"2025-04-28T10:52:27","modified_gmt":"2025-04-28T08:52:27","slug":"personlig-namnskylt-med-barnets-namn-fran-happiness-drawing","status":"publish","type":"product","link":"https:\/\/www.lykketegning.no\/sv\/produkt\/personlig-navneskilt-med-barnets-navn-fra-lykketegning\/","title":{"rendered":"Personlig namnskylt med barnets namn fr\u00e5n Happiness Drawing"},"content":{"rendered":"<h2>Personlig namnskylt med barnets namn fr\u00e5n Happiness Drawing<\/h2>\n<p style=\"text-align: left;\">En s\u00f6t liten teckning f\u00f6r barnrummet f\u00f6r att dekorera v\u00e4ggarna. Namn och h\u00e5rf\u00e4rg kan \u00e4ndras efter eget tycke och smak. Tryckt i A4.<\/p>\n<p>V\u00e4lj mellan pojke och flicka<\/p>\n<h3>Information om Luck drawing<\/h3>\n<p><strong>\"P\u00e5 Lykketegning skapas varje illustration med v\u00e4rme och omsorg.<\/strong><br \/>\n<strong>Med starka f\u00e4rger, tydliga linjer och bra citat vill Happiness Drawing f\u00e5 dig att stanna upp ett \u00f6gonblick, ta ett djupt andetag och sedan s\u00e4tta en bra kurs fram\u00e5t.<\/strong><br \/>\n<strong>Hj\u00e4rtana och leendena \u00e4r fr\u00e5n mig till dig f\u00f6r att p\u00e5minna dig om att du \u00e4r riktigt bra!\"<\/strong><\/p>\n<p>&nbsp;<\/p>\n<p>P\u00e5 hemsidan hittar du n\u00e5gra illustrationer och andra produkter som koppar, gratulationskort och kalendrar.<\/p>\n<p>Nya produkter l\u00e4ggs st\u00e4ndigt till h\u00e4r, s\u00e5 registrera dig g\u00e4rna f\u00f6r nyhetsbrevet f\u00f6r m\u00e5natliga uppdateringar.<\/p>\n<p>F\u00f6r <strong>m\u00e5nga m\u00e5nga m\u00e5nga m\u00e5nga<\/strong> fler illustrationer; bes\u00f6k min Instagram- och Facebookprofil.<\/p>\n<p>Faktum \u00e4r att alla illustrationer \u00e4r till salu. 999 kr f\u00f6r A4 och 1500 kr f\u00f6r A3.<\/p>\n<p>Du kan ocks\u00e5 best\u00e4lla din egen - bra presenter att ge till br\u00f6llop och andra fester. H\u00f6r av dig till v\u00e5r inkorg f\u00f6r detta.<\/p>\n<p><em>Pris f\u00f6r fotografering: 1500kr f\u00f6r A4 och A5 (upp till 5 personer\/djur) extra kostnad f\u00f6r fler (upp till 5 personer\/djur). A3 2000kr ex porto. Jag beh\u00f6ver veta h\u00e5rf\u00e4rg\/h\u00e5rtyp, l\u00e4ngd, intressen och \u00f6nskat antal avbildade personer. Alla offerter du vill ha inkluderade.<\/em><\/p>\n<p>Om du har n\u00e5gra fr\u00e5gor, tveka inte att h\u00f6ra av dig! Om du vill ha en pratstund om ett eventuellt samarbete, skicka mig ett e-postmeddelande.<\/p>\n<p>Vi ser fram emot att h\u00f6ra fr\u00e5n dig och hoppas att du f\u00e5r en underbar dag. <a href=\"https:\/\/www.facebook.com\/lykketegning\/?locale=nb_NO\">D\u00e5 kommer du till min Facebook-sida.<\/a> Och om du vill f\u00f6lja mig p\u00e5<a href=\"https:\/\/www.instagram.com\/lykketegning\/?hl=nb\"> Instagram, du hittar det h\u00e4r.<\/a><\/p>\n<p>Konstn\u00e4r<br \/>\nIngebj\u00f8rg Rang\u00f8y Sj\u00e5land<\/p>\n<p>&nbsp;<\/p>\n<p>&nbsp;<\/p>","protected":false},"excerpt":{"rendered":"<h2>Personlig namnskylt med barnets namn fr\u00e5n Happiness Drawing<\/h2>\n<p style=\"text-align: left;\">En s\u00f6t liten teckning f\u00f6r barnrummet f\u00f6r att dekorera v\u00e4ggarna. Namn och h\u00e5rf\u00e4rg kan \u00e4ndras efter eget tycke och smak. Tryckt i A4.<\/p>\n<p>V\u00e4lj mellan pojke och flicka.<\/p>","protected":false},"featured_media":38432,"comment_status":"open","ping_status":"closed","template":"","meta":[],"product_brand":[],"product_cat":[170,166,165],"product_tag":[71,69,61,383,227],"class_list":{"0":"post-38431","1":"product","2":"type-product","3":"status-publish","4":"has-post-thumbnail","6":"product_cat-artprint","7":"product_cat-barn","8":"product_cat-handtegnede-unike-illustrasjoner","9":"product_tag-barnerom","10":"product_tag-illustrasjon","11":"product_tag-navnskilt","12":"product_tag-personlig-barnetegning","13":"product_tag-trykk","15":"first","16":"instock","17":"purchasable","18":"product-type-variable"},"yoast_head":"<!-- This site is optimized with the Yoast SEO plugin v27.3 - https:\/\/yoast.com\/product\/yoast-seo-wordpress\/ -->\n<title>Personlig navnskilt med barnets navn fra Lykketegning - LYKKETEGNING ILLUSTRAT\u00d8R<\/title>\n<meta name=\"description\" content=\"Personlig navnskilt med barnets navn fra Lykketegning. Velg mellom rosa eller bl\u00e5. H\u00e5rfarge og navn kan forandres. Gi beskjed ved bestilling.\" \/>\n<meta name=\"robots\" content=\"index, follow, max-snippet:-1, max-image-preview:large, max-video-preview:-1\" \/>\n<link rel=\"canonical\" href=\"https:\/\/www.lykketegning.no\/sv\/product-2\/personlig-namnskylt-med-barnets-namn-fran-happiness-drawing\/\" \/>\n<meta property=\"og:locale\" content=\"sv_SE\" \/>\n<meta property=\"og:type\" content=\"article\" \/>\n<meta property=\"og:title\" content=\"Personlig navnskilt med barnets navn fra Lykketegning - LYKKETEGNING ILLUSTRAT\u00d8R\" \/>\n<meta property=\"og:description\" content=\"Personlig navnskilt med barnets navn fra Lykketegning. Velg mellom rosa eller bl\u00e5. H\u00e5rfarge og navn kan forandres. Gi beskjed ved bestilling.\" \/>\n<meta property=\"og:url\" content=\"https:\/\/www.lykketegning.no\/sv\/product-2\/personlig-namnskylt-med-barnets-namn-fran-happiness-drawing\/\" \/>\n<meta property=\"og:site_name\" content=\"LYKKETEGNING ILLUSTRAT\u00d8R\" \/>\n<meta property=\"article:publisher\" content=\"https:\/\/www.facebook.com\/lykketegning\/\" \/>\n<meta property=\"article:modified_time\" content=\"2025-04-28T08:52:27+00:00\" \/>\n<meta property=\"og:image\" content=\"https:\/\/www.lykketegning.no\/wp-content\/uploads\/2024\/11\/navnskilt-til-barnerom-scaled.jpg\" \/>\n\t<meta property=\"og:image:width\" content=\"2560\" \/>\n\t<meta property=\"og:image:height\" content=\"1810\" \/>\n\t<meta property=\"og:image:type\" content=\"image\/jpeg\" \/>\n<meta name=\"twitter:card\" content=\"summary_large_image\" \/>\n<meta name=\"twitter:label1\" content=\"Ber\u00e4knad l\u00e4stid\" \/>\n\t<meta name=\"twitter:data1\" content=\"2 minuter\" \/>\n<script type=\"application\/ld+json\" class=\"yoast-schema-graph\">{\"@context\":\"https:\\\/\\\/schema.org\",\"@graph\":[{\"@type\":\"WebPage\",\"@id\":\"https:\\\/\\\/www.lykketegning.no\\\/produkt\\\/personlig-navneskilt-med-barnets-navn-fra-lykketegning\\\/\",\"url\":\"https:\\\/\\\/www.lykketegning.no\\\/produkt\\\/personlig-navneskilt-med-barnets-navn-fra-lykketegning\\\/\",\"name\":\"Personlig navnskilt med barnets navn fra Lykketegning - LYKKETEGNING ILLUSTRAT\u00d8R\",\"isPartOf\":{\"@id\":\"https:\\\/\\\/www.lykketegning.no\\\/#website\"},\"primaryImageOfPage\":{\"@id\":\"https:\\\/\\\/www.lykketegning.no\\\/produkt\\\/personlig-navneskilt-med-barnets-navn-fra-lykketegning\\\/#primaryimage\"},\"image\":{\"@id\":\"https:\\\/\\\/www.lykketegning.no\\\/produkt\\\/personlig-navneskilt-med-barnets-navn-fra-lykketegning\\\/#primaryimage\"},\"thumbnailUrl\":\"https:\\\/\\\/www.lykketegning.no\\\/wp-content\\\/uploads\\\/2024\\\/11\\\/navnskilt-til-barnerom-scaled.jpg\",\"datePublished\":\"2022-11-14T11:52:57+00:00\",\"dateModified\":\"2025-04-28T08:52:27+00:00\",\"description\":\"Personlig navnskilt med barnets navn fra Lykketegning. Velg mellom rosa eller bl\u00e5. H\u00e5rfarge og navn kan forandres. Gi beskjed ved bestilling.\",\"breadcrumb\":{\"@id\":\"https:\\\/\\\/www.lykketegning.no\\\/produkt\\\/personlig-navneskilt-med-barnets-navn-fra-lykketegning\\\/#breadcrumb\"},\"inLanguage\":\"sv-SE\",\"potentialAction\":[{\"@type\":\"ReadAction\",\"target\":[\"https:\\\/\\\/www.lykketegning.no\\\/produkt\\\/personlig-navneskilt-med-barnets-navn-fra-lykketegning\\\/\"]}]},{\"@type\":\"ImageObject\",\"inLanguage\":\"sv-SE\",\"@id\":\"https:\\\/\\\/www.lykketegning.no\\\/produkt\\\/personlig-navneskilt-med-barnets-navn-fra-lykketegning\\\/#primaryimage\",\"url\":\"https:\\\/\\\/www.lykketegning.no\\\/wp-content\\\/uploads\\\/2024\\\/11\\\/navnskilt-til-barnerom-scaled.jpg\",\"contentUrl\":\"https:\\\/\\\/www.lykketegning.no\\\/wp-content\\\/uploads\\\/2024\\\/11\\\/navnskilt-til-barnerom-scaled.jpg\",\"width\":2560,\"height\":1810},{\"@type\":\"BreadcrumbList\",\"@id\":\"https:\\\/\\\/www.lykketegning.no\\\/produkt\\\/personlig-navneskilt-med-barnets-navn-fra-lykketegning\\\/#breadcrumb\",\"itemListElement\":[{\"@type\":\"ListItem\",\"position\":1,\"name\":\"Hjem\",\"item\":\"https:\\\/\\\/www.lykketegning.no\\\/\"},{\"@type\":\"ListItem\",\"position\":2,\"name\":\"Produkter\",\"item\":\"https:\\\/\\\/www.lykketegning.no\\\/shop\\\/\"},{\"@type\":\"ListItem\",\"position\":3,\"name\":\"Personlig navnskilt med barnets navn fra Lykketegning\"}]},{\"@type\":\"WebSite\",\"@id\":\"https:\\\/\\\/www.lykketegning.no\\\/#website\",\"url\":\"https:\\\/\\\/www.lykketegning.no\\\/\",\"name\":\"LYKKETEGNING ILLUSTRAT\u00d8R\",\"description\":\"\",\"publisher\":{\"@id\":\"https:\\\/\\\/www.lykketegning.no\\\/#organization\"},\"potentialAction\":[{\"@type\":\"SearchAction\",\"target\":{\"@type\":\"EntryPoint\",\"urlTemplate\":\"https:\\\/\\\/www.lykketegning.no\\\/?s={search_term_string}\"},\"query-input\":{\"@type\":\"PropertyValueSpecification\",\"valueRequired\":true,\"valueName\":\"search_term_string\"}}],\"inLanguage\":\"sv-SE\"},{\"@type\":\"Organization\",\"@id\":\"https:\\\/\\\/www.lykketegning.no\\\/#organization\",\"name\":\"LYKKETEGNING ILLUSTRAT\u00d8R\",\"url\":\"https:\\\/\\\/www.lykketegning.no\\\/\",\"logo\":{\"@type\":\"ImageObject\",\"inLanguage\":\"sv-SE\",\"@id\":\"https:\\\/\\\/www.lykketegning.no\\\/#\\\/schema\\\/logo\\\/image\\\/\",\"url\":\"https:\\\/\\\/www.lykketegning.no\\\/wp-content\\\/uploads\\\/2020\\\/03\\\/Logo2020_h400px.jpg\",\"contentUrl\":\"https:\\\/\\\/www.lykketegning.no\\\/wp-content\\\/uploads\\\/2020\\\/03\\\/Logo2020_h400px.jpg\",\"width\":1024,\"height\":400,\"caption\":\"LYKKETEGNING ILLUSTRAT\u00d8R\"},\"image\":{\"@id\":\"https:\\\/\\\/www.lykketegning.no\\\/#\\\/schema\\\/logo\\\/image\\\/\"},\"sameAs\":[\"https:\\\/\\\/www.facebook.com\\\/lykketegning\\\/\",\"https:\\\/\\\/www.instagram.com\\\/lykketegning\\\/\",\"https:\\\/\\\/www.youtube.com\\\/@lykketegningillustrations\",\"https:\\\/\\\/www.tiktok.com\\\/@lykketegningillustration\"]}]}<\/script>\n<!-- \/ Yoast SEO plugin. -->","yoast_head_json":{"title":"Personlig namnbricka med barnets namn fr\u00e5n Luck Drawing - LYKKETEGNING ILLUSTRAT\u00d8R","description":"Personlig namnbricka med ditt barns namn fr\u00e5n Lucky Drawing. V\u00e4lj mellan rosa eller bl\u00e5tt. H\u00e5rf\u00e4rg och namn kan \u00e4ndras. V\u00e4nligen meddela oss vid best\u00e4llning.","robots":{"index":"index","follow":"follow","max-snippet":"max-snippet:-1","max-image-preview":"max-image-preview:large","max-video-preview":"max-video-preview:-1"},"canonical":"https:\/\/www.lykketegning.no\/sv\/product-2\/personlig-namnskylt-med-barnets-namn-fran-happiness-drawing\/","og_locale":"sv_SE","og_type":"article","og_title":"Personlig navnskilt med barnets navn fra Lykketegning - LYKKETEGNING ILLUSTRAT\u00d8R","og_description":"Personlig navnskilt med barnets navn fra Lykketegning. Velg mellom rosa eller bl\u00e5. H\u00e5rfarge og navn kan forandres. Gi beskjed ved bestilling.","og_url":"https:\/\/www.lykketegning.no\/sv\/product-2\/personlig-namnskylt-med-barnets-namn-fran-happiness-drawing\/","og_site_name":"LYKKETEGNING ILLUSTRAT\u00d8R","article_publisher":"https:\/\/www.facebook.com\/lykketegning\/","article_modified_time":"2025-04-28T08:52:27+00:00","og_image":[{"width":2560,"height":1810,"url":"https:\/\/www.lykketegning.no\/wp-content\/uploads\/2024\/11\/navnskilt-til-barnerom-scaled.jpg","type":"image\/jpeg"}],"twitter_card":"summary_large_image","twitter_misc":{"Ber\u00e4knad l\u00e4stid":"2 minuter"},"schema":{"@context":"https:\/\/schema.org","@graph":[{"@type":"WebPage","@id":"https:\/\/www.lykketegning.no\/produkt\/personlig-navneskilt-med-barnets-navn-fra-lykketegning\/","url":"https:\/\/www.lykketegning.no\/produkt\/personlig-navneskilt-med-barnets-navn-fra-lykketegning\/","name":"Personlig namnbricka med barnets namn fr\u00e5n Luck Drawing - LYKKETEGNING ILLUSTRAT\u00d8R","isPartOf":{"@id":"https:\/\/www.lykketegning.no\/#website"},"primaryImageOfPage":{"@id":"https:\/\/www.lykketegning.no\/produkt\/personlig-navneskilt-med-barnets-navn-fra-lykketegning\/#primaryimage"},"image":{"@id":"https:\/\/www.lykketegning.no\/produkt\/personlig-navneskilt-med-barnets-navn-fra-lykketegning\/#primaryimage"},"thumbnailUrl":"https:\/\/www.lykketegning.no\/wp-content\/uploads\/2024\/11\/navnskilt-til-barnerom-scaled.jpg","datePublished":"2022-11-14T11:52:57+00:00","dateModified":"2025-04-28T08:52:27+00:00","description":"Personlig namnbricka med ditt barns namn fr\u00e5n Lucky Drawing. V\u00e4lj mellan rosa eller bl\u00e5tt. H\u00e5rf\u00e4rg och namn kan \u00e4ndras. V\u00e4nligen meddela oss vid best\u00e4llning.","breadcrumb":{"@id":"https:\/\/www.lykketegning.no\/produkt\/personlig-navneskilt-med-barnets-navn-fra-lykketegning\/#breadcrumb"},"inLanguage":"sv-SE","potentialAction":[{"@type":"ReadAction","target":["https:\/\/www.lykketegning.no\/produkt\/personlig-navneskilt-med-barnets-navn-fra-lykketegning\/"]}]},{"@type":"ImageObject","inLanguage":"sv-SE","@id":"https:\/\/www.lykketegning.no\/produkt\/personlig-navneskilt-med-barnets-navn-fra-lykketegning\/#primaryimage","url":"https:\/\/www.lykketegning.no\/wp-content\/uploads\/2024\/11\/navnskilt-til-barnerom-scaled.jpg","contentUrl":"https:\/\/www.lykketegning.no\/wp-content\/uploads\/2024\/11\/navnskilt-til-barnerom-scaled.jpg","width":2560,"height":1810},{"@type":"BreadcrumbList","@id":"https:\/\/www.lykketegning.no\/produkt\/personlig-navneskilt-med-barnets-navn-fra-lykketegning\/#breadcrumb","itemListElement":[{"@type":"ListItem","position":1,"name":"Hjem","item":"https:\/\/www.lykketegning.no\/"},{"@type":"ListItem","position":2,"name":"Produkter","item":"https:\/\/www.lykketegning.no\/shop\/"},{"@type":"ListItem","position":3,"name":"Personlig navnskilt med barnets navn fra Lykketegning"}]},{"@type":"WebSite","@id":"https:\/\/www.lykketegning.no\/#website","url":"https:\/\/www.lykketegning.no\/","name":"LYCKLIG RITNING ILLUSTRAT\u00d6R","description":"","publisher":{"@id":"https:\/\/www.lykketegning.no\/#organization"},"potentialAction":[{"@type":"SearchAction","target":{"@type":"EntryPoint","urlTemplate":"https:\/\/www.lykketegning.no\/?s={search_term_string}"},"query-input":{"@type":"PropertyValueSpecification","valueRequired":true,"valueName":"search_term_string"}}],"inLanguage":"sv-SE"},{"@type":"Organization","@id":"https:\/\/www.lykketegning.no\/#organization","name":"LYCKLIG RITNING ILLUSTRAT\u00d6R","url":"https:\/\/www.lykketegning.no\/","logo":{"@type":"ImageObject","inLanguage":"sv-SE","@id":"https:\/\/www.lykketegning.no\/#\/schema\/logo\/image\/","url":"https:\/\/www.lykketegning.no\/wp-content\/uploads\/2020\/03\/Logo2020_h400px.jpg","contentUrl":"https:\/\/www.lykketegning.no\/wp-content\/uploads\/2020\/03\/Logo2020_h400px.jpg","width":1024,"height":400,"caption":"LYKKETEGNING ILLUSTRAT\u00d8R"},"image":{"@id":"https:\/\/www.lykketegning.no\/#\/schema\/logo\/image\/"},"sameAs":["https:\/\/www.facebook.com\/lykketegning\/","https:\/\/www.instagram.com\/lykketegning\/","https:\/\/www.youtube.com\/@lykketegningillustrations","https:\/\/www.tiktok.com\/@lykketegningillustration"]}]}},"_links":{"self":[{"href":"https:\/\/www.lykketegning.no\/sv\/wp-json\/wp\/v2\/product\/38431","targetHints":{"allow":["GET"]}}],"collection":[{"href":"https:\/\/www.lykketegning.no\/sv\/wp-json\/wp\/v2\/product"}],"about":[{"href":"https:\/\/www.lykketegning.no\/sv\/wp-json\/wp\/v2\/types\/product"}],"replies":[{"embeddable":true,"href":"https:\/\/www.lykketegning.no\/sv\/wp-json\/wp\/v2\/comments?post=38431"}],"wp:featuredmedia":[{"embeddable":true,"href":"https:\/\/www.lykketegning.no\/sv\/wp-json\/wp\/v2\/media\/38432"}],"wp:attachment":[{"href":"https:\/\/www.lykketegning.no\/sv\/wp-json\/wp\/v2\/media?parent=38431"}],"wp:term":[{"taxonomy":"product_brand","embeddable":true,"href":"https:\/\/www.lykketegning.no\/sv\/wp-json\/wp\/v2\/product_brand?post=38431"},{"taxonomy":"product_cat","embeddable":true,"href":"https:\/\/www.lykketegning.no\/sv\/wp-json\/wp\/v2\/product_cat?post=38431"},{"taxonomy":"product_tag","embeddable":true,"href":"https:\/\/www.lykketegning.no\/sv\/wp-json\/wp\/v2\/product_tag?post=38431"}],"curies":[{"name":"wp","href":"https:\/\/api.w.org\/{rel}","templated":true}]}}