{"id":37698,"date":"2025-01-01T13:43:56","date_gmt":"2025-01-01T12:43:56","guid":{"rendered":"https:\/\/www.lykketegning.no\/?post_type=product&#038;p=37698"},"modified":"2026-03-08T11:45:47","modified_gmt":"2026-03-08T10:45:47","slug":"bestselger-bla-termokopp","status":"publish","type":"product","link":"https:\/\/www.lykketegning.no\/sv\/produkt\/bastsaljare-bla-termosmugg\/","title":{"rendered":"B\u00e4sts\u00e4ljande bl\u00e5 termosmugg"},"content":{"rendered":"<h2>B\u00e4sts\u00e4ljande bl\u00e5 termosmugg<\/h2>\n<p>Helt ny vacker bl\u00e5 termokopp fr\u00e5n Lykketegning som kommer i september. Perfekt f\u00f6r resor eller i bilen p\u00e5 v\u00e4g till jobbet! H\u00e5ller v\u00e4tska och v\u00e4rme bra. Du kommer garanterat att \u00e4lska den h\u00e4r.<\/p>\n<blockquote><p><em>Till viss del kan du v\u00e4lja hur din dag ska bli. Packa ryggs\u00e4cken med varma tankar f\u00f6r dig sj\u00e4lv och andra och ge dig iv\u00e4g p\u00e5 en resa i riktning mot : <\/em><\/p>\n<p><em>\"God dag fram\u00e5t\"! Ha en trevlig resa!<\/em><\/p><\/blockquote>\n<h4><a href=\"https:\/\/www.lykketegning.no\/sv\/produkt\/ny-flott-rosa-termokopp-fra-lykketegning\/\"><span style=\"font-family: georgia, palatino, serif;\">Se \u00e4ven rosa termosmugg\u00a0<\/span><\/a><\/h4>\n<h4><\/h4>\n<h4><span style=\"font-family: georgia, palatino, serif;\">Information:<\/span><\/h4>\n<p>Varma och kalla drycker.<\/p>\n<p>Material: rostfritt st\u00e5l, pp, silikon<\/p>\n<p>Foodsafe Y<\/p>\n<p>Sk\u00f6tselr\u00e5d Handtv\u00e4tt<\/p>\n<p>Handtv\u00e4tt rekommenderas Y<\/p>\n<p>F\u00e4rg rosa<\/p>\n<p>Rosa f\u00e4rg, skruvkork med clips. 4 dl, h 17 cm<\/p>\n<h4>Mer om Lucky-ritning:<\/h4>\n<div class=\"row tab-table-row\">\n<div class=\"col-xs-6\"><strong>\"P\u00e5 Lykketegning skapas varje illustration med v\u00e4rme och omsorg.<\/strong><br \/>\n<strong>Med starka f\u00e4rger, tydliga linjer och bra citat vill Happiness Drawing f\u00e5 dig att stanna upp ett \u00f6gonblick, ta ett djupt andetag och sedan s\u00e4tta en bra kurs fram\u00e5t.<\/strong><br \/>\n<strong>Hj\u00e4rtana och leendena \u00e4r fr\u00e5n mig till dig f\u00f6r att p\u00e5minna dig om att du \u00e4r riktigt bra!\"<\/strong><\/div>\n<div class=\"col-xs-6\">\n<p>P\u00e5 webbplatsen hittar du n\u00e5gra illustrationer och andra produkter som koppar, gratulationskort och kalendrar, och nya produkter l\u00e4ggs st\u00e4ndigt till, s\u00e5 anm\u00e4l dig g\u00e4rna till nyhetsbrevet f\u00f6r m\u00e5natliga uppdateringar.<\/p>\n<p>F\u00f6r <strong>m\u00e5nga m\u00e5nga m\u00e5nga m\u00e5nga<\/strong> fler illustrationer; bes\u00f6k min Instagram- och Facebookprofil.<\/p>\n<p>Faktum \u00e4r att alla illustrationer \u00e4r till salu. 999 kr f\u00f6r A4 och 1500 kr f\u00f6r A3.<\/p>\n<p>Du kan ocks\u00e5 best\u00e4lla din egen - bra presenter att ge till br\u00f6llop och andra fester. H\u00f6r av dig till v\u00e5r inkorg f\u00f6r detta.<\/p>\n<p><em>Pris f\u00f6r fotografering: 1500kr f\u00f6r A4 och A5 (upp till 5 personer\/djur) extra kostnad f\u00f6r fler (upp till 5 personer\/djur). A3 2000kr ex porto. Jag beh\u00f6ver veta h\u00e5rf\u00e4rg\/h\u00e5rtyp, l\u00e4ngd, intressen och \u00f6nskat antal avbildade personer. Alla offerter du vill ha inkluderade.<\/em><\/p>\n<p>Om du har n\u00e5gra fr\u00e5gor, tveka inte att h\u00f6ra av dig! Om du vill ha en pratstund om ett eventuellt samarbete, skicka mig ett e-postmeddelande.<\/p>\n<p>Vi ser fram emot att h\u00f6ra fr\u00e5n dig och hoppas att du f\u00e5r en underbar dag. <a href=\"https:\/\/www.facebook.com\/lykketegning\/?locale=nb_NO\">D\u00e5 kommer du till min Facebook-sida.<\/a> Och om du vill f\u00f6lja mig p\u00e5<a href=\"https:\/\/www.instagram.com\/lykketegning\/?hl=nb\"> Instagram, du hittar det h\u00e4r.<\/a><\/p>\n<p>Konstn\u00e4r<br \/>\nIngebj\u00f8rg Rang\u00f8y Sj\u00e5land<\/p>\n<p>&nbsp;<\/p>\n<\/div>\n<\/div>\n<div><\/div>","protected":false},"excerpt":{"rendered":"<p>Helt ny vacker bl\u00e5 termosmugg fr\u00e5n Lykketegning September. Perfekt f\u00f6r promenader eller i bilen p\u00e5 v\u00e4g till jobbet! H\u00e5ller v\u00e4tska och v\u00e4rme bra. Du kommer garanterat att \u00e4lska den h\u00e4r.<\/p>\n<p><em>Till viss del kan du v\u00e4lja hur din dag ska bli. Packa ryggs\u00e4cken med varma tankar f\u00f6r dig sj\u00e4lv och andra och ge dig iv\u00e4g p\u00e5 en resa i riktning mot : <\/em><\/p>\n<p><em>\"God dag fram\u00e5t\"! Ha en trevlig resa!<\/em><\/p>\n<p>Rymmer varma och kalla drycker.<\/p>\n<p>F\u00e4rg bl\u00e5<\/p>\n<p>bl\u00e5 f\u00e4rg, skruvkork med clips. 4 dl, h 17 cm<\/p>\n<p>Med tydliga linjer och bra citat vill Lucky Drawing f\u00e5 dig att stanna upp och t\u00e4nka efter,<br \/>\nAndas djupt och s\u00e4tt sedan en bra kurs fram\u00e5t.<\/p>\n<p>&nbsp;<\/p>","protected":false},"featured_media":39767,"comment_status":"open","ping_status":"closed","template":"","meta":[],"product_brand":[],"product_cat":[41],"product_tag":[362,363,12,328],"class_list":{"0":"post-37698","1":"product","2":"type-product","3":"status-publish","4":"has-post-thumbnail","6":"product_cat-lykkekopper","7":"product_tag-bla","8":"product_tag-bla-termokopp","9":"product_tag-kopp","10":"product_tag-termokopp","12":"first","13":"instock","14":"taxable","15":"shipping-taxable","16":"purchasable","17":"product-type-simple"},"yoast_head":"<!-- This site is optimized with the Yoast SEO plugin v27.4 - https:\/\/yoast.com\/product\/yoast-seo-wordpress\/ -->\n<title>Bestselger bl\u00e5 termokopp - LYKKETEGNING ILLUSTRAT\u00d8R<\/title>\n<meta name=\"description\" content=\"Denne nye flotte rosa termokoppen fra Lykketegning var en knallsuksess ifjor og ble utsolgt p\u00e5 5 uker. N\u00e5 kommer den tilbake, i bl\u00e5 farge!\" \/>\n<meta name=\"robots\" content=\"index, follow, max-snippet:-1, max-image-preview:large, max-video-preview:-1\" \/>\n<link rel=\"canonical\" href=\"https:\/\/www.lykketegning.no\/sv\/produkt\/bastsaljare-bla-termosmugg\/\" \/>\n<meta property=\"og:locale\" content=\"sv_SE\" \/>\n<meta property=\"og:type\" content=\"article\" \/>\n<meta property=\"og:title\" content=\"Bestselger bl\u00e5 termokopp - LYKKETEGNING ILLUSTRAT\u00d8R\" \/>\n<meta property=\"og:description\" content=\"Denne nye flotte rosa termokoppen fra Lykketegning var en knallsuksess ifjor og ble utsolgt p\u00e5 5 uker. N\u00e5 kommer den tilbake, i bl\u00e5 farge!\" \/>\n<meta property=\"og:url\" content=\"https:\/\/www.lykketegning.no\/sv\/produkt\/bastsaljare-bla-termosmugg\/\" \/>\n<meta property=\"og:site_name\" content=\"LYKKETEGNING ILLUSTRAT\u00d8R\" \/>\n<meta property=\"article:publisher\" content=\"https:\/\/www.facebook.com\/lykketegning\/\" \/>\n<meta property=\"article:modified_time\" content=\"2026-03-08T10:45:47+00:00\" \/>\n<meta name=\"twitter:card\" content=\"summary_large_image\" \/>\n<meta name=\"twitter:label1\" content=\"Ber\u00e4knad l\u00e4stid\" \/>\n\t<meta name=\"twitter:data1\" content=\"2 minuter\" \/>\n<script type=\"application\/ld+json\" class=\"yoast-schema-graph\">{\"@context\":\"https:\\\/\\\/schema.org\",\"@graph\":[{\"@type\":\"WebPage\",\"@id\":\"https:\\\/\\\/www.lykketegning.no\\\/produkt\\\/bestselger-bla-termokopp\\\/\",\"url\":\"https:\\\/\\\/www.lykketegning.no\\\/produkt\\\/bestselger-bla-termokopp\\\/\",\"name\":\"Bestselger bl\u00e5 termokopp - LYKKETEGNING ILLUSTRAT\u00d8R\",\"isPartOf\":{\"@id\":\"https:\\\/\\\/www.lykketegning.no\\\/#website\"},\"primaryImageOfPage\":{\"@id\":\"https:\\\/\\\/www.lykketegning.no\\\/produkt\\\/bestselger-bla-termokopp\\\/#primaryimage\"},\"image\":{\"@id\":\"https:\\\/\\\/www.lykketegning.no\\\/produkt\\\/bestselger-bla-termokopp\\\/#primaryimage\"},\"thumbnailUrl\":\"https:\\\/\\\/www.lykketegning.no\\\/wp-content\\\/uploads\\\/2023\\\/09\\\/IMG_7293-scaled.jpg\",\"datePublished\":\"2025-01-01T12:43:56+00:00\",\"dateModified\":\"2026-03-08T10:45:47+00:00\",\"description\":\"Denne nye flotte rosa termokoppen fra Lykketegning var en knallsuksess ifjor og ble utsolgt p\u00e5 5 uker. N\u00e5 kommer den tilbake, i bl\u00e5 farge!\",\"breadcrumb\":{\"@id\":\"https:\\\/\\\/www.lykketegning.no\\\/produkt\\\/bestselger-bla-termokopp\\\/#breadcrumb\"},\"inLanguage\":\"sv-SE\",\"potentialAction\":[{\"@type\":\"ReadAction\",\"target\":[\"https:\\\/\\\/www.lykketegning.no\\\/produkt\\\/bestselger-bla-termokopp\\\/\"]}]},{\"@type\":\"ImageObject\",\"inLanguage\":\"sv-SE\",\"@id\":\"https:\\\/\\\/www.lykketegning.no\\\/produkt\\\/bestselger-bla-termokopp\\\/#primaryimage\",\"url\":\"https:\\\/\\\/www.lykketegning.no\\\/wp-content\\\/uploads\\\/2023\\\/09\\\/IMG_7293-scaled.jpg\",\"contentUrl\":\"https:\\\/\\\/www.lykketegning.no\\\/wp-content\\\/uploads\\\/2023\\\/09\\\/IMG_7293-scaled.jpg\",\"width\":2560,\"height\":2560},{\"@type\":\"BreadcrumbList\",\"@id\":\"https:\\\/\\\/www.lykketegning.no\\\/produkt\\\/bestselger-bla-termokopp\\\/#breadcrumb\",\"itemListElement\":[{\"@type\":\"ListItem\",\"position\":1,\"name\":\"Hjem\",\"item\":\"https:\\\/\\\/www.lykketegning.no\\\/\"},{\"@type\":\"ListItem\",\"position\":2,\"name\":\"Shop\",\"item\":\"https:\\\/\\\/www.lykketegning.no\\\/sv\\\/webbutik\\\/\"},{\"@type\":\"ListItem\",\"position\":3,\"name\":\"Bestselger bl\u00e5 termokopp\"}]},{\"@type\":\"WebSite\",\"@id\":\"https:\\\/\\\/www.lykketegning.no\\\/#website\",\"url\":\"https:\\\/\\\/www.lykketegning.no\\\/\",\"name\":\"LYKKETEGNING ILLUSTRAT\u00d8R\",\"description\":\"\",\"publisher\":{\"@id\":\"https:\\\/\\\/www.lykketegning.no\\\/#organization\"},\"potentialAction\":[{\"@type\":\"SearchAction\",\"target\":{\"@type\":\"EntryPoint\",\"urlTemplate\":\"https:\\\/\\\/www.lykketegning.no\\\/?s={search_term_string}\"},\"query-input\":{\"@type\":\"PropertyValueSpecification\",\"valueRequired\":true,\"valueName\":\"search_term_string\"}}],\"inLanguage\":\"sv-SE\"},{\"@type\":\"Organization\",\"@id\":\"https:\\\/\\\/www.lykketegning.no\\\/#organization\",\"name\":\"LYKKETEGNING ILLUSTRAT\u00d8R\",\"url\":\"https:\\\/\\\/www.lykketegning.no\\\/\",\"logo\":{\"@type\":\"ImageObject\",\"inLanguage\":\"sv-SE\",\"@id\":\"https:\\\/\\\/www.lykketegning.no\\\/#\\\/schema\\\/logo\\\/image\\\/\",\"url\":\"https:\\\/\\\/www.lykketegning.no\\\/wp-content\\\/uploads\\\/2020\\\/03\\\/Logo2020_h400px.jpg\",\"contentUrl\":\"https:\\\/\\\/www.lykketegning.no\\\/wp-content\\\/uploads\\\/2020\\\/03\\\/Logo2020_h400px.jpg\",\"width\":1024,\"height\":400,\"caption\":\"LYKKETEGNING ILLUSTRAT\u00d8R\"},\"image\":{\"@id\":\"https:\\\/\\\/www.lykketegning.no\\\/#\\\/schema\\\/logo\\\/image\\\/\"},\"sameAs\":[\"https:\\\/\\\/www.facebook.com\\\/lykketegning\\\/\",\"https:\\\/\\\/www.instagram.com\\\/lykketegning\\\/\",\"https:\\\/\\\/www.youtube.com\\\/@lykketegningillustrations\",\"https:\\\/\\\/www.tiktok.com\\\/@lykketegningillustration\"]}]}<\/script>\n<!-- \/ Yoast SEO plugin. -->","yoast_head_json":{"title":"B\u00e4sts\u00e4ljande bl\u00e5 termosmugg - LUCKY DRAWING ILLUSTRATOR","description":"Denna nya vackra rosa termosmugg fr\u00e5n Lykketegning gjorde stor succ\u00e9 f\u00f6rra \u00e5ret och s\u00e5lde slut p\u00e5 5 veckor. Nu kommer den tillbaka, i en bl\u00e5 f\u00e4rg!","robots":{"index":"index","follow":"follow","max-snippet":"max-snippet:-1","max-image-preview":"max-image-preview:large","max-video-preview":"max-video-preview:-1"},"canonical":"https:\/\/www.lykketegning.no\/sv\/produkt\/bastsaljare-bla-termosmugg\/","og_locale":"sv_SE","og_type":"article","og_title":"Bestselger bl\u00e5 termokopp - LYKKETEGNING ILLUSTRAT\u00d8R","og_description":"Denne nye flotte rosa termokoppen fra Lykketegning var en knallsuksess ifjor og ble utsolgt p\u00e5 5 uker. N\u00e5 kommer den tilbake, i bl\u00e5 farge!","og_url":"https:\/\/www.lykketegning.no\/sv\/produkt\/bastsaljare-bla-termosmugg\/","og_site_name":"LYKKETEGNING ILLUSTRAT\u00d8R","article_publisher":"https:\/\/www.facebook.com\/lykketegning\/","article_modified_time":"2026-03-08T10:45:47+00:00","twitter_card":"summary_large_image","twitter_misc":{"Ber\u00e4knad l\u00e4stid":"2 minuter"},"schema":{"@context":"https:\/\/schema.org","@graph":[{"@type":"WebPage","@id":"https:\/\/www.lykketegning.no\/produkt\/bestselger-bla-termokopp\/","url":"https:\/\/www.lykketegning.no\/produkt\/bestselger-bla-termokopp\/","name":"B\u00e4sts\u00e4ljande bl\u00e5 termosmugg - LUCKY DRAWING ILLUSTRATOR","isPartOf":{"@id":"https:\/\/www.lykketegning.no\/#website"},"primaryImageOfPage":{"@id":"https:\/\/www.lykketegning.no\/produkt\/bestselger-bla-termokopp\/#primaryimage"},"image":{"@id":"https:\/\/www.lykketegning.no\/produkt\/bestselger-bla-termokopp\/#primaryimage"},"thumbnailUrl":"https:\/\/www.lykketegning.no\/wp-content\/uploads\/2023\/09\/IMG_7293-scaled.jpg","datePublished":"2025-01-01T12:43:56+00:00","dateModified":"2026-03-08T10:45:47+00:00","description":"Denna nya vackra rosa termosmugg fr\u00e5n Lykketegning gjorde stor succ\u00e9 f\u00f6rra \u00e5ret och s\u00e5lde slut p\u00e5 5 veckor. Nu kommer den tillbaka, i en bl\u00e5 f\u00e4rg!","breadcrumb":{"@id":"https:\/\/www.lykketegning.no\/produkt\/bestselger-bla-termokopp\/#breadcrumb"},"inLanguage":"sv-SE","potentialAction":[{"@type":"ReadAction","target":["https:\/\/www.lykketegning.no\/produkt\/bestselger-bla-termokopp\/"]}]},{"@type":"ImageObject","inLanguage":"sv-SE","@id":"https:\/\/www.lykketegning.no\/produkt\/bestselger-bla-termokopp\/#primaryimage","url":"https:\/\/www.lykketegning.no\/wp-content\/uploads\/2023\/09\/IMG_7293-scaled.jpg","contentUrl":"https:\/\/www.lykketegning.no\/wp-content\/uploads\/2023\/09\/IMG_7293-scaled.jpg","width":2560,"height":2560},{"@type":"BreadcrumbList","@id":"https:\/\/www.lykketegning.no\/produkt\/bestselger-bla-termokopp\/#breadcrumb","itemListElement":[{"@type":"ListItem","position":1,"name":"Hjem","item":"https:\/\/www.lykketegning.no\/"},{"@type":"ListItem","position":2,"name":"Shop","item":"https:\/\/www.lykketegning.no\/sv\/webbutik\/"},{"@type":"ListItem","position":3,"name":"Bestselger bl\u00e5 termokopp"}]},{"@type":"WebSite","@id":"https:\/\/www.lykketegning.no\/#website","url":"https:\/\/www.lykketegning.no\/","name":"LYCKLIG RITNING ILLUSTRAT\u00d6R","description":"","publisher":{"@id":"https:\/\/www.lykketegning.no\/#organization"},"potentialAction":[{"@type":"SearchAction","target":{"@type":"EntryPoint","urlTemplate":"https:\/\/www.lykketegning.no\/?s={search_term_string}"},"query-input":{"@type":"PropertyValueSpecification","valueRequired":true,"valueName":"search_term_string"}}],"inLanguage":"sv-SE"},{"@type":"Organization","@id":"https:\/\/www.lykketegning.no\/#organization","name":"LYCKLIG RITNING ILLUSTRAT\u00d6R","url":"https:\/\/www.lykketegning.no\/","logo":{"@type":"ImageObject","inLanguage":"sv-SE","@id":"https:\/\/www.lykketegning.no\/#\/schema\/logo\/image\/","url":"https:\/\/www.lykketegning.no\/wp-content\/uploads\/2020\/03\/Logo2020_h400px.jpg","contentUrl":"https:\/\/www.lykketegning.no\/wp-content\/uploads\/2020\/03\/Logo2020_h400px.jpg","width":1024,"height":400,"caption":"LYKKETEGNING ILLUSTRAT\u00d8R"},"image":{"@id":"https:\/\/www.lykketegning.no\/#\/schema\/logo\/image\/"},"sameAs":["https:\/\/www.facebook.com\/lykketegning\/","https:\/\/www.instagram.com\/lykketegning\/","https:\/\/www.youtube.com\/@lykketegningillustrations","https:\/\/www.tiktok.com\/@lykketegningillustration"]}]}},"_links":{"self":[{"href":"https:\/\/www.lykketegning.no\/sv\/wp-json\/wp\/v2\/product\/37698","targetHints":{"allow":["GET"]}}],"collection":[{"href":"https:\/\/www.lykketegning.no\/sv\/wp-json\/wp\/v2\/product"}],"about":[{"href":"https:\/\/www.lykketegning.no\/sv\/wp-json\/wp\/v2\/types\/product"}],"replies":[{"embeddable":true,"href":"https:\/\/www.lykketegning.no\/sv\/wp-json\/wp\/v2\/comments?post=37698"}],"wp:featuredmedia":[{"embeddable":true,"href":"https:\/\/www.lykketegning.no\/sv\/wp-json\/wp\/v2\/media\/39767"}],"wp:attachment":[{"href":"https:\/\/www.lykketegning.no\/sv\/wp-json\/wp\/v2\/media?parent=37698"}],"wp:term":[{"taxonomy":"product_brand","embeddable":true,"href":"https:\/\/www.lykketegning.no\/sv\/wp-json\/wp\/v2\/product_brand?post=37698"},{"taxonomy":"product_cat","embeddable":true,"href":"https:\/\/www.lykketegning.no\/sv\/wp-json\/wp\/v2\/product_cat?post=37698"},{"taxonomy":"product_tag","embeddable":true,"href":"https:\/\/www.lykketegning.no\/sv\/wp-json\/wp\/v2\/product_tag?post=37698"}],"curies":[{"name":"wp","href":"https:\/\/api.w.org\/{rel}","templated":true}]}}