{"id":37458,"date":"2022-06-07T12:49:24","date_gmt":"2022-06-07T10:49:24","guid":{"rendered":"https:\/\/www.lykketegning.no\/?post_type=product&#038;p=37458"},"modified":"2026-02-02T09:52:57","modified_gmt":"2026-02-02T08:52:57","slug":"ritning-sotnos-du-ar-sot-som-godis","status":"publish","type":"product","link":"https:\/\/www.lykketegning.no\/sv\/produkt\/tegning-sotnos-you-are-sweet-as-candy\/","title":{"rendered":"Teckning \"S\u00f8tnos\/You are sweet as candy\" Tryck"},"content":{"rendered":"<p>Illustration i A3-format UTAN ram fr\u00e5n Lykketegning. Digitaltryck - signerad<\/p>\n<p>Om du vill ha en st\u00f6rre storlek, v\u00e4nligen skicka ett e-postmeddelande till post@lykketegning.no<\/p>\n<p>V\u00e4lj med norsk eller engelsk text.<\/p>","protected":false},"excerpt":{"rendered":"<p>Illustration i A3-format UTAN ram fr\u00e5n Lykketegning. Digitaltryck - signerad<\/p>\n<p>Om du vill ha en st\u00f6rre storlek, v\u00e4nligen skicka ett e-postmeddelande till post@lykketegning.no<\/p>\n<p>V\u00e4lj med norsk eller engelsk text.<\/p>","protected":false},"featured_media":37460,"comment_status":"open","ping_status":"closed","template":"","meta":[],"product_brand":[],"product_cat":[170,165],"product_tag":[355,354,150,149,227],"class_list":{"0":"post-37458","1":"product","2":"type-product","3":"status-publish","4":"has-post-thumbnail","6":"product_cat-artprint","7":"product_cat-handtegnede-unike-illustrasjoner","8":"product_tag-candy","9":"product_tag-lollipop","10":"product_tag-plakat","11":"product_tag-poster","12":"product_tag-trykk","14":"first","15":"instock","16":"purchasable","17":"product-type-simple"},"yoast_head":"<!-- This site is optimized with the Yoast SEO plugin v27.3 - https:\/\/yoast.com\/product\/yoast-seo-wordpress\/ -->\n<title>Tegning &quot;S\u00f8tnos\/You are sweet as candy&quot; Trykk - LYKKETEGNING ILLUSTRAT\u00d8R<\/title>\n<meta name=\"robots\" content=\"index, follow, max-snippet:-1, max-image-preview:large, max-video-preview:-1\" \/>\n<link rel=\"canonical\" href=\"https:\/\/www.lykketegning.no\/sv\/product-2\/ritning-sotnos-du-ar-sot-som-godis\/\" \/>\n<meta property=\"og:locale\" content=\"sv_SE\" \/>\n<meta property=\"og:type\" content=\"article\" \/>\n<meta property=\"og:title\" content=\"Tegning &quot;S\u00f8tnos\/You are sweet as candy&quot; Trykk - LYKKETEGNING ILLUSTRAT\u00d8R\" \/>\n<meta property=\"og:description\" content=\"Illustrasjon A3 str UTEN ramme fra Lykketegning. Digital trykk - signert  \u00d8nsker du st\u00f8rre st\u00f8rrelse s\u00e5 send en mail til post@lykketegning.no  Velg med norsk eller engelsk tekst.\" \/>\n<meta property=\"og:url\" content=\"https:\/\/www.lykketegning.no\/sv\/product-2\/ritning-sotnos-du-ar-sot-som-godis\/\" \/>\n<meta property=\"og:site_name\" content=\"LYKKETEGNING ILLUSTRAT\u00d8R\" \/>\n<meta property=\"article:publisher\" content=\"https:\/\/www.facebook.com\/lykketegning\/\" \/>\n<meta property=\"article:modified_time\" content=\"2026-02-02T08:52:57+00:00\" \/>\n<meta property=\"og:image\" content=\"https:\/\/www.lykketegning.no\/wp-content\/uploads\/2024\/06\/32B2BEDF-8F36-4962-8FEB-1E44A5BFAD98.png\" \/>\n\t<meta property=\"og:image:width\" content=\"1080\" \/>\n\t<meta property=\"og:image:height\" content=\"1080\" \/>\n\t<meta property=\"og:image:type\" content=\"image\/png\" \/>\n<meta name=\"twitter:card\" content=\"summary_large_image\" \/>\n<script type=\"application\/ld+json\" class=\"yoast-schema-graph\">{\"@context\":\"https:\\\/\\\/schema.org\",\"@graph\":[{\"@type\":\"WebPage\",\"@id\":\"https:\\\/\\\/www.lykketegning.no\\\/produkt\\\/tegning-sotnos-you-are-sweet-as-candy\\\/\",\"url\":\"https:\\\/\\\/www.lykketegning.no\\\/produkt\\\/tegning-sotnos-you-are-sweet-as-candy\\\/\",\"name\":\"Tegning \\\"S\u00f8tnos\\\/You are sweet as candy\\\" Trykk - LYKKETEGNING ILLUSTRAT\u00d8R\",\"isPartOf\":{\"@id\":\"https:\\\/\\\/www.lykketegning.no\\\/#website\"},\"primaryImageOfPage\":{\"@id\":\"https:\\\/\\\/www.lykketegning.no\\\/produkt\\\/tegning-sotnos-you-are-sweet-as-candy\\\/#primaryimage\"},\"image\":{\"@id\":\"https:\\\/\\\/www.lykketegning.no\\\/produkt\\\/tegning-sotnos-you-are-sweet-as-candy\\\/#primaryimage\"},\"thumbnailUrl\":\"https:\\\/\\\/www.lykketegning.no\\\/wp-content\\\/uploads\\\/2024\\\/06\\\/32B2BEDF-8F36-4962-8FEB-1E44A5BFAD98.png\",\"datePublished\":\"2022-06-07T10:49:24+00:00\",\"dateModified\":\"2026-02-02T08:52:57+00:00\",\"breadcrumb\":{\"@id\":\"https:\\\/\\\/www.lykketegning.no\\\/produkt\\\/tegning-sotnos-you-are-sweet-as-candy\\\/#breadcrumb\"},\"inLanguage\":\"sv-SE\",\"potentialAction\":[{\"@type\":\"ReadAction\",\"target\":[\"https:\\\/\\\/www.lykketegning.no\\\/produkt\\\/tegning-sotnos-you-are-sweet-as-candy\\\/\"]}]},{\"@type\":\"ImageObject\",\"inLanguage\":\"sv-SE\",\"@id\":\"https:\\\/\\\/www.lykketegning.no\\\/produkt\\\/tegning-sotnos-you-are-sweet-as-candy\\\/#primaryimage\",\"url\":\"https:\\\/\\\/www.lykketegning.no\\\/wp-content\\\/uploads\\\/2024\\\/06\\\/32B2BEDF-8F36-4962-8FEB-1E44A5BFAD98.png\",\"contentUrl\":\"https:\\\/\\\/www.lykketegning.no\\\/wp-content\\\/uploads\\\/2024\\\/06\\\/32B2BEDF-8F36-4962-8FEB-1E44A5BFAD98.png\",\"width\":1080,\"height\":1080,\"caption\":\"Plakat fra Lykketegning\"},{\"@type\":\"BreadcrumbList\",\"@id\":\"https:\\\/\\\/www.lykketegning.no\\\/produkt\\\/tegning-sotnos-you-are-sweet-as-candy\\\/#breadcrumb\",\"itemListElement\":[{\"@type\":\"ListItem\",\"position\":1,\"name\":\"Hjem\",\"item\":\"https:\\\/\\\/www.lykketegning.no\\\/\"},{\"@type\":\"ListItem\",\"position\":2,\"name\":\"Produkter\",\"item\":\"https:\\\/\\\/www.lykketegning.no\\\/shop\\\/\"},{\"@type\":\"ListItem\",\"position\":3,\"name\":\"Tegning &#8220;S\u00f8tnos\\\/You are sweet as candy&#8221; Trykk\"}]},{\"@type\":\"WebSite\",\"@id\":\"https:\\\/\\\/www.lykketegning.no\\\/#website\",\"url\":\"https:\\\/\\\/www.lykketegning.no\\\/\",\"name\":\"LYKKETEGNING ILLUSTRAT\u00d8R\",\"description\":\"\",\"publisher\":{\"@id\":\"https:\\\/\\\/www.lykketegning.no\\\/#organization\"},\"potentialAction\":[{\"@type\":\"SearchAction\",\"target\":{\"@type\":\"EntryPoint\",\"urlTemplate\":\"https:\\\/\\\/www.lykketegning.no\\\/?s={search_term_string}\"},\"query-input\":{\"@type\":\"PropertyValueSpecification\",\"valueRequired\":true,\"valueName\":\"search_term_string\"}}],\"inLanguage\":\"sv-SE\"},{\"@type\":\"Organization\",\"@id\":\"https:\\\/\\\/www.lykketegning.no\\\/#organization\",\"name\":\"LYKKETEGNING ILLUSTRAT\u00d8R\",\"url\":\"https:\\\/\\\/www.lykketegning.no\\\/\",\"logo\":{\"@type\":\"ImageObject\",\"inLanguage\":\"sv-SE\",\"@id\":\"https:\\\/\\\/www.lykketegning.no\\\/#\\\/schema\\\/logo\\\/image\\\/\",\"url\":\"https:\\\/\\\/www.lykketegning.no\\\/wp-content\\\/uploads\\\/2020\\\/03\\\/Logo2020_h400px.jpg\",\"contentUrl\":\"https:\\\/\\\/www.lykketegning.no\\\/wp-content\\\/uploads\\\/2020\\\/03\\\/Logo2020_h400px.jpg\",\"width\":1024,\"height\":400,\"caption\":\"LYKKETEGNING ILLUSTRAT\u00d8R\"},\"image\":{\"@id\":\"https:\\\/\\\/www.lykketegning.no\\\/#\\\/schema\\\/logo\\\/image\\\/\"},\"sameAs\":[\"https:\\\/\\\/www.facebook.com\\\/lykketegning\\\/\",\"https:\\\/\\\/www.instagram.com\\\/lykketegning\\\/\",\"https:\\\/\\\/www.youtube.com\\\/@lykketegningillustrations\",\"https:\\\/\\\/www.tiktok.com\\\/@lykketegningillustration\"]}]}<\/script>\n<!-- \/ Yoast SEO plugin. -->","yoast_head_json":{"title":"Teckning \"S\u00f8tnos\/You are sweet as candy\" Tryck - LYKKETEGNING ILLUSTRAT\u00d8R","robots":{"index":"index","follow":"follow","max-snippet":"max-snippet:-1","max-image-preview":"max-image-preview:large","max-video-preview":"max-video-preview:-1"},"canonical":"https:\/\/www.lykketegning.no\/sv\/product-2\/ritning-sotnos-du-ar-sot-som-godis\/","og_locale":"sv_SE","og_type":"article","og_title":"Tegning \"S\u00f8tnos\/You are sweet as candy\" Trykk - LYKKETEGNING ILLUSTRAT\u00d8R","og_description":"Illustrasjon A3 str UTEN ramme fra Lykketegning. Digital trykk - signert  \u00d8nsker du st\u00f8rre st\u00f8rrelse s\u00e5 send en mail til post@lykketegning.no  Velg med norsk eller engelsk tekst.","og_url":"https:\/\/www.lykketegning.no\/sv\/product-2\/ritning-sotnos-du-ar-sot-som-godis\/","og_site_name":"LYKKETEGNING ILLUSTRAT\u00d8R","article_publisher":"https:\/\/www.facebook.com\/lykketegning\/","article_modified_time":"2026-02-02T08:52:57+00:00","og_image":[{"width":1080,"height":1080,"url":"https:\/\/www.lykketegning.no\/wp-content\/uploads\/2024\/06\/32B2BEDF-8F36-4962-8FEB-1E44A5BFAD98.png","type":"image\/png"}],"twitter_card":"summary_large_image","schema":{"@context":"https:\/\/schema.org","@graph":[{"@type":"WebPage","@id":"https:\/\/www.lykketegning.no\/produkt\/tegning-sotnos-you-are-sweet-as-candy\/","url":"https:\/\/www.lykketegning.no\/produkt\/tegning-sotnos-you-are-sweet-as-candy\/","name":"Teckning \"S\u00f8tnos\/You are sweet as candy\" Tryck - LYKKETEGNING ILLUSTRAT\u00d8R","isPartOf":{"@id":"https:\/\/www.lykketegning.no\/#website"},"primaryImageOfPage":{"@id":"https:\/\/www.lykketegning.no\/produkt\/tegning-sotnos-you-are-sweet-as-candy\/#primaryimage"},"image":{"@id":"https:\/\/www.lykketegning.no\/produkt\/tegning-sotnos-you-are-sweet-as-candy\/#primaryimage"},"thumbnailUrl":"https:\/\/www.lykketegning.no\/wp-content\/uploads\/2024\/06\/32B2BEDF-8F36-4962-8FEB-1E44A5BFAD98.png","datePublished":"2022-06-07T10:49:24+00:00","dateModified":"2026-02-02T08:52:57+00:00","breadcrumb":{"@id":"https:\/\/www.lykketegning.no\/produkt\/tegning-sotnos-you-are-sweet-as-candy\/#breadcrumb"},"inLanguage":"sv-SE","potentialAction":[{"@type":"ReadAction","target":["https:\/\/www.lykketegning.no\/produkt\/tegning-sotnos-you-are-sweet-as-candy\/"]}]},{"@type":"ImageObject","inLanguage":"sv-SE","@id":"https:\/\/www.lykketegning.no\/produkt\/tegning-sotnos-you-are-sweet-as-candy\/#primaryimage","url":"https:\/\/www.lykketegning.no\/wp-content\/uploads\/2024\/06\/32B2BEDF-8F36-4962-8FEB-1E44A5BFAD98.png","contentUrl":"https:\/\/www.lykketegning.no\/wp-content\/uploads\/2024\/06\/32B2BEDF-8F36-4962-8FEB-1E44A5BFAD98.png","width":1080,"height":1080,"caption":"Plakat fra Lykketegning"},{"@type":"BreadcrumbList","@id":"https:\/\/www.lykketegning.no\/produkt\/tegning-sotnos-you-are-sweet-as-candy\/#breadcrumb","itemListElement":[{"@type":"ListItem","position":1,"name":"Hjem","item":"https:\/\/www.lykketegning.no\/"},{"@type":"ListItem","position":2,"name":"Produkter","item":"https:\/\/www.lykketegning.no\/shop\/"},{"@type":"ListItem","position":3,"name":"Tegning &#8220;S\u00f8tnos\/You are sweet as candy&#8221; Trykk"}]},{"@type":"WebSite","@id":"https:\/\/www.lykketegning.no\/#website","url":"https:\/\/www.lykketegning.no\/","name":"LYCKLIG RITNING ILLUSTRAT\u00d6R","description":"","publisher":{"@id":"https:\/\/www.lykketegning.no\/#organization"},"potentialAction":[{"@type":"SearchAction","target":{"@type":"EntryPoint","urlTemplate":"https:\/\/www.lykketegning.no\/?s={search_term_string}"},"query-input":{"@type":"PropertyValueSpecification","valueRequired":true,"valueName":"search_term_string"}}],"inLanguage":"sv-SE"},{"@type":"Organization","@id":"https:\/\/www.lykketegning.no\/#organization","name":"LYCKLIG RITNING ILLUSTRAT\u00d6R","url":"https:\/\/www.lykketegning.no\/","logo":{"@type":"ImageObject","inLanguage":"sv-SE","@id":"https:\/\/www.lykketegning.no\/#\/schema\/logo\/image\/","url":"https:\/\/www.lykketegning.no\/wp-content\/uploads\/2020\/03\/Logo2020_h400px.jpg","contentUrl":"https:\/\/www.lykketegning.no\/wp-content\/uploads\/2020\/03\/Logo2020_h400px.jpg","width":1024,"height":400,"caption":"LYKKETEGNING ILLUSTRAT\u00d8R"},"image":{"@id":"https:\/\/www.lykketegning.no\/#\/schema\/logo\/image\/"},"sameAs":["https:\/\/www.facebook.com\/lykketegning\/","https:\/\/www.instagram.com\/lykketegning\/","https:\/\/www.youtube.com\/@lykketegningillustrations","https:\/\/www.tiktok.com\/@lykketegningillustration"]}]}},"_links":{"self":[{"href":"https:\/\/www.lykketegning.no\/sv\/wp-json\/wp\/v2\/product\/37458","targetHints":{"allow":["GET"]}}],"collection":[{"href":"https:\/\/www.lykketegning.no\/sv\/wp-json\/wp\/v2\/product"}],"about":[{"href":"https:\/\/www.lykketegning.no\/sv\/wp-json\/wp\/v2\/types\/product"}],"replies":[{"embeddable":true,"href":"https:\/\/www.lykketegning.no\/sv\/wp-json\/wp\/v2\/comments?post=37458"}],"wp:featuredmedia":[{"embeddable":true,"href":"https:\/\/www.lykketegning.no\/sv\/wp-json\/wp\/v2\/media\/37460"}],"wp:attachment":[{"href":"https:\/\/www.lykketegning.no\/sv\/wp-json\/wp\/v2\/media?parent=37458"}],"wp:term":[{"taxonomy":"product_brand","embeddable":true,"href":"https:\/\/www.lykketegning.no\/sv\/wp-json\/wp\/v2\/product_brand?post=37458"},{"taxonomy":"product_cat","embeddable":true,"href":"https:\/\/www.lykketegning.no\/sv\/wp-json\/wp\/v2\/product_cat?post=37458"},{"taxonomy":"product_tag","embeddable":true,"href":"https:\/\/www.lykketegning.no\/sv\/wp-json\/wp\/v2\/product_tag?post=37458"}],"curies":[{"name":"wp","href":"https:\/\/api.w.org\/{rel}","templated":true}]}}