{"id":37341,"date":"2024-10-20T12:37:58","date_gmt":"2024-10-20T10:37:58","guid":{"rendered":"https:\/\/www.lykketegning.no\/fornyelse\/?post_type=product&#038;p=37341"},"modified":"2026-01-02T13:18:07","modified_gmt":"2026-01-02T12:18:07","slug":"foljesedlar-fran-lycklig-dragning-till-jul","status":"publish","type":"product","link":"https:\/\/www.lykketegning.no\/sv\/produkt\/pakkelapper-fra-lykketegning-til-jul\/","title":{"rendered":"Presentlappar fr\u00e5n Happy drawing for Christmas"},"content":{"rendered":"<p>Presentlappar fr\u00e5n Happy drawing for Christmas<\/p>\n<p>I \u00e5r har vi skapat helt nya presentetiketter som ger det d\u00e4r lilla extra till inslagningen. \"To-From\"-lapparna \u00e4r avl\u00e5nga och har plats f\u00f6r att skriva p\u00e5 s\u00e5 att du kan l\u00e4gga till din personliga julh\u00e4lsning. F\u00f6rstansade och levereras i f\u00f6rpackningar med 5 olika kort.<\/p>\n<p>Korten \u00e4r 5,5 cm x 15 cm stora och har fem olika illustrationer.<\/p>\n<p>Visste du att du kan g\u00f6ra klart hela din julklappslista p\u00e5 Lykketegning? Vi har allt fr\u00e5n kakl\u00e5dor, julmuggar, sk\u00e5lar, glas och illustrationer.<\/p>\n<p><strong>\"P\u00e5 Lykketegning skapas varje illustration med v\u00e4rme och omsorg.<\/strong><br \/>\n<strong>Med starka f\u00e4rger, tydliga linjer och bra citat vill Happiness Drawing f\u00e5 dig att stanna upp ett \u00f6gonblick, ta ett djupt andetag och sedan s\u00e4tta en bra kurs fram\u00e5t.<\/strong><br \/>\n<strong>Hj\u00e4rtana och leendena \u00e4r fr\u00e5n mig till dig f\u00f6r att p\u00e5minna dig om att du \u00e4r riktigt bra!\"<\/strong><\/p>\n<p>&nbsp;<\/p>\n<p>P\u00e5 hemsidan hittar du n\u00e5gra illustrationer och andra produkter som koppar, gratulationskort och kalendrar.<\/p>\n<p>Nya produkter l\u00e4ggs st\u00e4ndigt till h\u00e4r, s\u00e5 registrera dig g\u00e4rna f\u00f6r nyhetsbrevet f\u00f6r m\u00e5natliga uppdateringar.<\/p>\n<p>F\u00f6r <strong>m\u00e5nga m\u00e5nga m\u00e5nga m\u00e5nga<\/strong> fler illustrationer; bes\u00f6k min Instagram- och Facebookprofil.<\/p>\n<p>Faktum \u00e4r att alla illustrationer \u00e4r till salu. 999 kr f\u00f6r A4 och 1500 kr f\u00f6r A3.<\/p>\n<p>Du kan ocks\u00e5 best\u00e4lla din egen - bra presenter att ge till br\u00f6llop och andra fester. H\u00f6r av dig till v\u00e5r inkorg f\u00f6r detta.<\/p>\n<p><em>Pris f\u00f6r fotografering: 1500kr f\u00f6r A4 och A5 (upp till 5 personer\/djur) extra kostnad f\u00f6r fler (upp till 5 personer\/djur). A3 2000kr ex porto. Jag beh\u00f6ver veta h\u00e5rf\u00e4rg\/h\u00e5rtyp, l\u00e4ngd, intressen och \u00f6nskat antal avbildade personer. Alla offerter du vill ha inkluderade.<\/em><\/p>\n<p>Om du har n\u00e5gra fr\u00e5gor, tveka inte att h\u00f6ra av dig! Om du vill ha en pratstund om ett eventuellt samarbete, skicka mig ett e-postmeddelande.<\/p>\n<p>Vi ser fram emot att h\u00f6ra fr\u00e5n dig och hoppas att du f\u00e5r en underbar dag. <a href=\"https:\/\/www.facebook.com\/lykketegning\/?locale=nb_NO\">D\u00e5 kommer du till min Facebook-sida.<\/a> Och om du vill f\u00f6lja mig p\u00e5<a href=\"https:\/\/www.instagram.com\/lykketegning\/?hl=nb\"> Instagram, du hittar det h\u00e4r.<\/a><\/p>\n<p>Konstn\u00e4r<br \/>\nIngebj\u00f8rg Rang\u00f8y Sj\u00e5land<\/p>\n<p>&nbsp;<\/p>\n<p>&nbsp;<\/p>","protected":false},"excerpt":{"rendered":"<p>Presentlappar fr\u00e5n Happy drawing for Christmas<\/p>\n<p>I \u00e5r har vi skapat helt nya presentetiketter som ger lite extra till inslagningen. Taggarna \u00e4r avl\u00e5nga och har plats f\u00f6r att skriva p\u00e5 s\u00e5 att du kan l\u00e4gga till din personliga julh\u00e4lsning. F\u00f6rstansade och levereras i f\u00f6rpackningar med 5 olika kort.<\/p>\n<p>Storleken p\u00e5 korten \u00e4r; 5,5 cm x 15 cm.<\/p>\n<p>&nbsp;<\/p>","protected":false},"featured_media":39846,"comment_status":"open","ping_status":"closed","template":"","meta":[],"product_brand":[],"product_cat":[172],"product_tag":[187,250,338,339],"class_list":{"0":"post-37341","1":"product","2":"type-product","3":"status-publish","4":"has-post-thumbnail","6":"product_cat-gratulasjonskort","7":"product_tag-julekort","8":"product_tag-lykketegning","9":"product_tag-pakkelapper","10":"product_tag-tilfralapper","11":"product_shipping_class-frifrakt","13":"first","14":"instock","15":"taxable","16":"shipping-taxable","17":"purchasable","18":"product-type-simple"},"yoast_head":"<!-- This site is optimized with the Yoast SEO plugin v27.3 - https:\/\/yoast.com\/product\/yoast-seo-wordpress\/ -->\n<title>Pakkelapper fra Lykketegning til jul - LYKKETEGNING ILLUSTRAT\u00d8R<\/title>\n<meta name=\"description\" content=\"Pakkelapper fra Lykketegning til jul. Lappene er avlange og med plass til \u00e5 skrive p\u00e5 slik at du kan gi din personlige julehilsen p\u00e5 de. Ferdig hullet og kommer i pakning p\u00e5 5 ulike kort.St\u00f8rrelsen p\u00e5 kortene er; 5,5 cm x 15 cm.\u00a0\" \/>\n<meta name=\"robots\" content=\"index, follow, max-snippet:-1, max-image-preview:large, max-video-preview:-1\" \/>\n<link rel=\"canonical\" href=\"https:\/\/www.lykketegning.no\/sv\/product-2\/foljesedlar-fran-lycklig-dragning-till-jul\/\" \/>\n<meta property=\"og:locale\" content=\"sv_SE\" \/>\n<meta property=\"og:type\" content=\"article\" \/>\n<meta property=\"og:title\" content=\"Pakkelapper fra Lykketegning til jul - LYKKETEGNING ILLUSTRAT\u00d8R\" \/>\n<meta property=\"og:description\" content=\"Pakkelapper fra Lykketegning til jul. Lappene er avlange og med plass til \u00e5 skrive p\u00e5 slik at du kan gi din personlige julehilsen p\u00e5 de. Ferdig hullet og kommer i pakning p\u00e5 5 ulike kort.St\u00f8rrelsen p\u00e5 kortene er; 5,5 cm x 15 cm.\u00a0\" \/>\n<meta property=\"og:url\" content=\"https:\/\/www.lykketegning.no\/sv\/product-2\/foljesedlar-fran-lycklig-dragning-till-jul\/\" \/>\n<meta property=\"og:site_name\" content=\"LYKKETEGNING ILLUSTRAT\u00d8R\" \/>\n<meta property=\"article:publisher\" content=\"https:\/\/www.facebook.com\/lykketegning\/\" \/>\n<meta property=\"article:modified_time\" content=\"2026-01-02T12:18:07+00:00\" \/>\n<meta name=\"twitter:card\" content=\"summary_large_image\" \/>\n<meta name=\"twitter:label1\" content=\"Ber\u00e4knad l\u00e4stid\" \/>\n\t<meta name=\"twitter:data1\" content=\"2 minuter\" \/>\n<script type=\"application\/ld+json\" class=\"yoast-schema-graph\">{\"@context\":\"https:\\\/\\\/schema.org\",\"@graph\":[{\"@type\":\"WebPage\",\"@id\":\"https:\\\/\\\/www.lykketegning.no\\\/produkt\\\/pakkelapper-fra-lykketegning-til-jul\\\/\",\"url\":\"https:\\\/\\\/www.lykketegning.no\\\/produkt\\\/pakkelapper-fra-lykketegning-til-jul\\\/\",\"name\":\"Pakkelapper fra Lykketegning til jul - LYKKETEGNING ILLUSTRAT\u00d8R\",\"isPartOf\":{\"@id\":\"https:\\\/\\\/www.lykketegning.no\\\/#website\"},\"primaryImageOfPage\":{\"@id\":\"https:\\\/\\\/www.lykketegning.no\\\/produkt\\\/pakkelapper-fra-lykketegning-til-jul\\\/#primaryimage\"},\"image\":{\"@id\":\"https:\\\/\\\/www.lykketegning.no\\\/produkt\\\/pakkelapper-fra-lykketegning-til-jul\\\/#primaryimage\"},\"thumbnailUrl\":\"https:\\\/\\\/www.lykketegning.no\\\/wp-content\\\/uploads\\\/2023\\\/09\\\/IMG_7382-scaled.jpg\",\"datePublished\":\"2024-10-20T10:37:58+00:00\",\"dateModified\":\"2026-01-02T12:18:07+00:00\",\"description\":\"Pakkelapper fra Lykketegning til jul. Lappene er avlange og med plass til \u00e5 skrive p\u00e5 slik at du kan gi din personlige julehilsen p\u00e5 de. Ferdig hullet og kommer i pakning p\u00e5 5 ulike kort.St\u00f8rrelsen p\u00e5 kortene er; 5,5 cm x 15 cm.\u00a0\",\"breadcrumb\":{\"@id\":\"https:\\\/\\\/www.lykketegning.no\\\/produkt\\\/pakkelapper-fra-lykketegning-til-jul\\\/#breadcrumb\"},\"inLanguage\":\"sv-SE\",\"potentialAction\":[{\"@type\":\"ReadAction\",\"target\":[\"https:\\\/\\\/www.lykketegning.no\\\/produkt\\\/pakkelapper-fra-lykketegning-til-jul\\\/\"]}]},{\"@type\":\"ImageObject\",\"inLanguage\":\"sv-SE\",\"@id\":\"https:\\\/\\\/www.lykketegning.no\\\/produkt\\\/pakkelapper-fra-lykketegning-til-jul\\\/#primaryimage\",\"url\":\"https:\\\/\\\/www.lykketegning.no\\\/wp-content\\\/uploads\\\/2023\\\/09\\\/IMG_7382-scaled.jpg\",\"contentUrl\":\"https:\\\/\\\/www.lykketegning.no\\\/wp-content\\\/uploads\\\/2023\\\/09\\\/IMG_7382-scaled.jpg\",\"width\":2560,\"height\":2560},{\"@type\":\"BreadcrumbList\",\"@id\":\"https:\\\/\\\/www.lykketegning.no\\\/produkt\\\/pakkelapper-fra-lykketegning-til-jul\\\/#breadcrumb\",\"itemListElement\":[{\"@type\":\"ListItem\",\"position\":1,\"name\":\"Hjem\",\"item\":\"https:\\\/\\\/www.lykketegning.no\\\/\"},{\"@type\":\"ListItem\",\"position\":2,\"name\":\"Produkter\",\"item\":\"https:\\\/\\\/www.lykketegning.no\\\/shop\\\/\"},{\"@type\":\"ListItem\",\"position\":3,\"name\":\"Pakkelapper fra Lykketegning til jul\"}]},{\"@type\":\"WebSite\",\"@id\":\"https:\\\/\\\/www.lykketegning.no\\\/#website\",\"url\":\"https:\\\/\\\/www.lykketegning.no\\\/\",\"name\":\"LYKKETEGNING ILLUSTRAT\u00d8R\",\"description\":\"\",\"publisher\":{\"@id\":\"https:\\\/\\\/www.lykketegning.no\\\/#organization\"},\"potentialAction\":[{\"@type\":\"SearchAction\",\"target\":{\"@type\":\"EntryPoint\",\"urlTemplate\":\"https:\\\/\\\/www.lykketegning.no\\\/?s={search_term_string}\"},\"query-input\":{\"@type\":\"PropertyValueSpecification\",\"valueRequired\":true,\"valueName\":\"search_term_string\"}}],\"inLanguage\":\"sv-SE\"},{\"@type\":\"Organization\",\"@id\":\"https:\\\/\\\/www.lykketegning.no\\\/#organization\",\"name\":\"LYKKETEGNING ILLUSTRAT\u00d8R\",\"url\":\"https:\\\/\\\/www.lykketegning.no\\\/\",\"logo\":{\"@type\":\"ImageObject\",\"inLanguage\":\"sv-SE\",\"@id\":\"https:\\\/\\\/www.lykketegning.no\\\/#\\\/schema\\\/logo\\\/image\\\/\",\"url\":\"https:\\\/\\\/www.lykketegning.no\\\/wp-content\\\/uploads\\\/2020\\\/03\\\/Logo2020_h400px.jpg\",\"contentUrl\":\"https:\\\/\\\/www.lykketegning.no\\\/wp-content\\\/uploads\\\/2020\\\/03\\\/Logo2020_h400px.jpg\",\"width\":1024,\"height\":400,\"caption\":\"LYKKETEGNING ILLUSTRAT\u00d8R\"},\"image\":{\"@id\":\"https:\\\/\\\/www.lykketegning.no\\\/#\\\/schema\\\/logo\\\/image\\\/\"},\"sameAs\":[\"https:\\\/\\\/www.facebook.com\\\/lykketegning\\\/\",\"https:\\\/\\\/www.instagram.com\\\/lykketegning\\\/\",\"https:\\\/\\\/www.youtube.com\\\/@lykketegningillustrations\",\"https:\\\/\\\/www.tiktok.com\\\/@lykketegningillustration\"]}]}<\/script>\n<!-- \/ Yoast SEO plugin. -->","yoast_head_json":{"title":"Presentlappar fr\u00e5n LYKKETEGNING till jul - LYKKETEGNING ILLUSTRAT\u00d8R","description":"Omslagspapper fr\u00e5n Happiness drawing for Christmas. Taggarna \u00e4r avl\u00e5nga och har plats f\u00f6r att skriva p\u00e5 s\u00e5 att du kan l\u00e4gga till din personliga julh\u00e4lsning. De \u00e4r f\u00f6rstansade och kommer i f\u00f6rpackningar med 5 olika kort som m\u00e4ter 5,5 cm x 15 cm.\u00a0","robots":{"index":"index","follow":"follow","max-snippet":"max-snippet:-1","max-image-preview":"max-image-preview:large","max-video-preview":"max-video-preview:-1"},"canonical":"https:\/\/www.lykketegning.no\/sv\/product-2\/foljesedlar-fran-lycklig-dragning-till-jul\/","og_locale":"sv_SE","og_type":"article","og_title":"Pakkelapper fra Lykketegning til jul - LYKKETEGNING ILLUSTRAT\u00d8R","og_description":"Pakkelapper fra Lykketegning til jul. Lappene er avlange og med plass til \u00e5 skrive p\u00e5 slik at du kan gi din personlige julehilsen p\u00e5 de. Ferdig hullet og kommer i pakning p\u00e5 5 ulike kort.St\u00f8rrelsen p\u00e5 kortene er; 5,5 cm x 15 cm.\u00a0","og_url":"https:\/\/www.lykketegning.no\/sv\/product-2\/foljesedlar-fran-lycklig-dragning-till-jul\/","og_site_name":"LYKKETEGNING ILLUSTRAT\u00d8R","article_publisher":"https:\/\/www.facebook.com\/lykketegning\/","article_modified_time":"2026-01-02T12:18:07+00:00","twitter_card":"summary_large_image","twitter_misc":{"Ber\u00e4knad l\u00e4stid":"2 minuter"},"schema":{"@context":"https:\/\/schema.org","@graph":[{"@type":"WebPage","@id":"https:\/\/www.lykketegning.no\/produkt\/pakkelapper-fra-lykketegning-til-jul\/","url":"https:\/\/www.lykketegning.no\/produkt\/pakkelapper-fra-lykketegning-til-jul\/","name":"Presentlappar fr\u00e5n LYKKETEGNING till jul - LYKKETEGNING ILLUSTRAT\u00d8R","isPartOf":{"@id":"https:\/\/www.lykketegning.no\/#website"},"primaryImageOfPage":{"@id":"https:\/\/www.lykketegning.no\/produkt\/pakkelapper-fra-lykketegning-til-jul\/#primaryimage"},"image":{"@id":"https:\/\/www.lykketegning.no\/produkt\/pakkelapper-fra-lykketegning-til-jul\/#primaryimage"},"thumbnailUrl":"https:\/\/www.lykketegning.no\/wp-content\/uploads\/2023\/09\/IMG_7382-scaled.jpg","datePublished":"2024-10-20T10:37:58+00:00","dateModified":"2026-01-02T12:18:07+00:00","description":"Omslagspapper fr\u00e5n Happiness drawing for Christmas. Taggarna \u00e4r avl\u00e5nga och har plats f\u00f6r att skriva p\u00e5 s\u00e5 att du kan l\u00e4gga till din personliga julh\u00e4lsning. De \u00e4r f\u00f6rstansade och kommer i f\u00f6rpackningar med 5 olika kort som m\u00e4ter 5,5 cm x 15 cm.\u00a0","breadcrumb":{"@id":"https:\/\/www.lykketegning.no\/produkt\/pakkelapper-fra-lykketegning-til-jul\/#breadcrumb"},"inLanguage":"sv-SE","potentialAction":[{"@type":"ReadAction","target":["https:\/\/www.lykketegning.no\/produkt\/pakkelapper-fra-lykketegning-til-jul\/"]}]},{"@type":"ImageObject","inLanguage":"sv-SE","@id":"https:\/\/www.lykketegning.no\/produkt\/pakkelapper-fra-lykketegning-til-jul\/#primaryimage","url":"https:\/\/www.lykketegning.no\/wp-content\/uploads\/2023\/09\/IMG_7382-scaled.jpg","contentUrl":"https:\/\/www.lykketegning.no\/wp-content\/uploads\/2023\/09\/IMG_7382-scaled.jpg","width":2560,"height":2560},{"@type":"BreadcrumbList","@id":"https:\/\/www.lykketegning.no\/produkt\/pakkelapper-fra-lykketegning-til-jul\/#breadcrumb","itemListElement":[{"@type":"ListItem","position":1,"name":"Hjem","item":"https:\/\/www.lykketegning.no\/"},{"@type":"ListItem","position":2,"name":"Produkter","item":"https:\/\/www.lykketegning.no\/shop\/"},{"@type":"ListItem","position":3,"name":"Pakkelapper fra Lykketegning til jul"}]},{"@type":"WebSite","@id":"https:\/\/www.lykketegning.no\/#website","url":"https:\/\/www.lykketegning.no\/","name":"LYCKLIG RITNING ILLUSTRAT\u00d6R","description":"","publisher":{"@id":"https:\/\/www.lykketegning.no\/#organization"},"potentialAction":[{"@type":"SearchAction","target":{"@type":"EntryPoint","urlTemplate":"https:\/\/www.lykketegning.no\/?s={search_term_string}"},"query-input":{"@type":"PropertyValueSpecification","valueRequired":true,"valueName":"search_term_string"}}],"inLanguage":"sv-SE"},{"@type":"Organization","@id":"https:\/\/www.lykketegning.no\/#organization","name":"LYCKLIG RITNING ILLUSTRAT\u00d6R","url":"https:\/\/www.lykketegning.no\/","logo":{"@type":"ImageObject","inLanguage":"sv-SE","@id":"https:\/\/www.lykketegning.no\/#\/schema\/logo\/image\/","url":"https:\/\/www.lykketegning.no\/wp-content\/uploads\/2020\/03\/Logo2020_h400px.jpg","contentUrl":"https:\/\/www.lykketegning.no\/wp-content\/uploads\/2020\/03\/Logo2020_h400px.jpg","width":1024,"height":400,"caption":"LYKKETEGNING ILLUSTRAT\u00d8R"},"image":{"@id":"https:\/\/www.lykketegning.no\/#\/schema\/logo\/image\/"},"sameAs":["https:\/\/www.facebook.com\/lykketegning\/","https:\/\/www.instagram.com\/lykketegning\/","https:\/\/www.youtube.com\/@lykketegningillustrations","https:\/\/www.tiktok.com\/@lykketegningillustration"]}]}},"_links":{"self":[{"href":"https:\/\/www.lykketegning.no\/sv\/wp-json\/wp\/v2\/product\/37341","targetHints":{"allow":["GET"]}}],"collection":[{"href":"https:\/\/www.lykketegning.no\/sv\/wp-json\/wp\/v2\/product"}],"about":[{"href":"https:\/\/www.lykketegning.no\/sv\/wp-json\/wp\/v2\/types\/product"}],"replies":[{"embeddable":true,"href":"https:\/\/www.lykketegning.no\/sv\/wp-json\/wp\/v2\/comments?post=37341"}],"wp:featuredmedia":[{"embeddable":true,"href":"https:\/\/www.lykketegning.no\/sv\/wp-json\/wp\/v2\/media\/39846"}],"wp:attachment":[{"href":"https:\/\/www.lykketegning.no\/sv\/wp-json\/wp\/v2\/media?parent=37341"}],"wp:term":[{"taxonomy":"product_brand","embeddable":true,"href":"https:\/\/www.lykketegning.no\/sv\/wp-json\/wp\/v2\/product_brand?post=37341"},{"taxonomy":"product_cat","embeddable":true,"href":"https:\/\/www.lykketegning.no\/sv\/wp-json\/wp\/v2\/product_cat?post=37341"},{"taxonomy":"product_tag","embeddable":true,"href":"https:\/\/www.lykketegning.no\/sv\/wp-json\/wp\/v2\/product_tag?post=37341"}],"curies":[{"name":"wp","href":"https:\/\/api.w.org\/{rel}","templated":true}]}}