{"id":37327,"date":"2023-09-20T19:01:33","date_gmt":"2023-09-20T17:01:33","guid":{"rendered":"https:\/\/www.lykketegning.no\/fornyelse\/?post_type=product&#038;p=37327"},"modified":"2026-02-24T14:55:01","modified_gmt":"2026-02-24T13:55:01","slug":"lykketegningkrus-bra-dag","status":"publish","type":"product","link":"https:\/\/www.lykketegning.no\/sv\/produkt\/turteckning-mugg-god-dag\/","title":{"rendered":"Mugg med lyckoteckning \"God dag!\""},"content":{"rendered":"<h3>Mugg med lyckoteckning \"God dag!\"<\/h3>\n<p>Till viss del kan du v\u00e4lja hur din dag ska bli. Packa ryggs\u00e4cken med varma tankar f\u00f6r dig sj\u00e4lv och andra och ge dig iv\u00e4g p\u00e5 en resa i riktning mot: \"God dag p\u00e5 dig\"!<br \/>\nHa en bra resa!<\/p>\n<p>Ingebj\u00f8rg Rang\u00f8y Sj\u00e5land Lycklig ritning<\/p>\n<p>Den nya muggen \"Bra dag\" \u00e4r uts\u00f6kt att dricka ur. Best\u00e4ll nu och f\u00e5 din egen Happy Mug! Bra present till v\u00e4nner eller till dig sj\u00e4lv!<\/p>\n<p>&nbsp;<\/p>\n<p>Mugg Ljusbl\u00e5 D8 H9,5 400ml Material: Porslin<\/p>\n<p>T\u00e5l maskindisk<\/p>\n<p><strong>\"P\u00e5 Lykketegning skapas varje illustration med v\u00e4rme och omsorg.<\/strong><br \/>\n<strong>Med starka f\u00e4rger, tydliga linjer och bra citat vill Happiness Drawing f\u00e5 dig att stanna upp ett \u00f6gonblick, ta ett djupt andetag och sedan s\u00e4tta en bra kurs fram\u00e5t.<\/strong><br \/>\n<strong>Hj\u00e4rtana och leendena \u00e4r fr\u00e5n mig till dig f\u00f6r att p\u00e5minna dig om att du \u00e4r riktigt bra!\"<\/strong><\/p>\n<p>&nbsp;<\/p>\n<p>P\u00e5 hemsidan hittar du n\u00e5gra illustrationer och andra produkter som koppar, gratulationskort och kalendrar.<\/p>\n<p>Nya produkter l\u00e4ggs st\u00e4ndigt till h\u00e4r, s\u00e5 registrera dig g\u00e4rna f\u00f6r nyhetsbrevet f\u00f6r m\u00e5natliga uppdateringar.<\/p>\n<p>F\u00f6r <strong>m\u00e5nga m\u00e5nga m\u00e5nga m\u00e5nga<\/strong> fler illustrationer; bes\u00f6k min Instagram- och Facebookprofil.<\/p>\n<p>Faktum \u00e4r att alla illustrationer \u00e4r till salu. 999 kr f\u00f6r A4 och 1500 kr f\u00f6r A3.<\/p>\n<p>Du kan ocks\u00e5 best\u00e4lla din egen - bra presenter att ge till br\u00f6llop och andra fester. H\u00f6r av dig till v\u00e5r inkorg f\u00f6r detta.<\/p>\n<p><em>Pris f\u00f6r fotografering: 1500kr f\u00f6r A4 och A5 (upp till 5 personer\/djur) extra kostnad f\u00f6r fler (upp till 5 personer\/djur). A3 2000kr ex porto. Jag beh\u00f6ver veta h\u00e5rf\u00e4rg\/h\u00e5rtyp, l\u00e4ngd, intressen och \u00f6nskat antal avbildade personer. Alla offerter du vill ha inkluderade.<\/em><\/p>\n<p>Om du har n\u00e5gra fr\u00e5gor, tveka inte att h\u00f6ra av dig! Om du vill ha en pratstund om ett eventuellt samarbete, skicka mig ett e-postmeddelande.<\/p>\n<p>Vi ser fram emot att h\u00f6ra fr\u00e5n dig och hoppas att du f\u00e5r en underbar dag. <a href=\"https:\/\/www.facebook.com\/lykketegning\/?locale=nb_NO\">D\u00e5 kommer du till min Facebook-sida.<\/a> Och om du vill f\u00f6lja mig p\u00e5<a href=\"https:\/\/www.instagram.com\/lykketegning\/?hl=nb\"> Instagram, du hittar det h\u00e4r.<\/a><\/p>\n<p>Konstn\u00e4r<br \/>\nIngebj\u00f8rg Rang\u00f8y Sj\u00e5land<\/p>\n<p>&nbsp;<\/p>\n<p>&nbsp;<\/p>","protected":false},"excerpt":{"rendered":"<p>Mugg med lyckoteckning \"God dag!\"<\/p>\n<p>God dag!<\/p>\n<p>Till viss del kan du v\u00e4lja hur din dag ska bli. Packa ryggs\u00e4cken med varma tankar f\u00f6r dig sj\u00e4lv och andra och ge dig iv\u00e4g p\u00e5 en resa i riktning mot: \"God dag p\u00e5 dig\"!<br \/>\nHa en bra resa!<\/p>\n<p>Ingebj\u00f8rg Rang\u00f8y Sj\u00e5land Lycklig ritning<\/p>\n<p>Den nya muggen \"Bra dag\" \u00e4r uts\u00f6kt att dricka ur. Best\u00e4ll nu och f\u00e5 din egen Happy Mug! Bra present till v\u00e4nner eller till dig sj\u00e4lv!<\/p>\n<p>&nbsp;<\/p>\n<p>Mugg Ljusbl\u00e5 D8 H9,5 400ml Material: Porslin<\/p>\n<p>T\u00e5l maskindisk<\/p>","protected":false},"featured_media":39786,"comment_status":"open","ping_status":"closed","template":"","meta":[],"product_brand":[],"product_cat":[41],"product_tag":[333,207,12,13,43,342],"class_list":{"0":"post-37327","1":"product","2":"type-product","3":"status-publish","4":"has-post-thumbnail","6":"product_cat-lykkekopper","7":"product_tag-bra-dag","8":"product_tag-gutt","9":"product_tag-kopp","10":"product_tag-krus","11":"product_tag-lykkekopp","12":"product_tag-nyhet-lykketegningkrus-bra-dag","14":"first","15":"instock","16":"taxable","17":"shipping-taxable","18":"purchasable","19":"product-type-simple"},"yoast_head":"<!-- This site is optimized with the Yoast SEO plugin v27.3 - https:\/\/yoast.com\/product\/yoast-seo-wordpress\/ -->\n<title>Lykketegningkrus &quot;Bra dag!&quot; - LYKKETEGNING ILLUSTRAT\u00d8R<\/title>\n<meta name=\"description\" content=\"Lykketegningkrus &quot;Bra dag!&quot; Til en viss grad s\u00e5 kan man nok velge hvordan dagen skal bli. Pakk sekken med varme tanker til deg og selv og andre og legg ut p\u00e5 vandring i retning av: \u00abBra dag i vente\u00bb!\" \/>\n<meta name=\"robots\" content=\"index, follow, max-snippet:-1, max-image-preview:large, max-video-preview:-1\" \/>\n<link rel=\"canonical\" href=\"https:\/\/www.lykketegning.no\/sv\/product-2\/lucky-drawing-mug-good-day\/\" \/>\n<meta property=\"og:locale\" content=\"sv_SE\" \/>\n<meta property=\"og:type\" content=\"article\" \/>\n<meta property=\"og:title\" content=\"Lykketegningkrus &quot;Bra dag!&quot; - LYKKETEGNING ILLUSTRAT\u00d8R\" \/>\n<meta property=\"og:description\" content=\"Lykketegningkrus &quot;Bra dag!&quot; Til en viss grad s\u00e5 kan man nok velge hvordan dagen skal bli. Pakk sekken med varme tanker til deg og selv og andre og legg ut p\u00e5 vandring i retning av: \u00abBra dag i vente\u00bb!\" \/>\n<meta property=\"og:url\" content=\"https:\/\/www.lykketegning.no\/sv\/product-2\/lucky-drawing-mug-good-day\/\" \/>\n<meta property=\"og:site_name\" content=\"LYKKETEGNING ILLUSTRAT\u00d8R\" \/>\n<meta property=\"article:publisher\" content=\"https:\/\/www.facebook.com\/lykketegning\/\" \/>\n<meta property=\"article:modified_time\" content=\"2026-02-24T13:55:01+00:00\" \/>\n<meta name=\"twitter:card\" content=\"summary_large_image\" \/>\n<meta name=\"twitter:label1\" content=\"Ber\u00e4knad l\u00e4stid\" \/>\n\t<meta name=\"twitter:data1\" content=\"2 minuter\" \/>\n<script type=\"application\/ld+json\" class=\"yoast-schema-graph\">{\"@context\":\"https:\\\/\\\/schema.org\",\"@graph\":[{\"@type\":\"WebPage\",\"@id\":\"https:\\\/\\\/www.lykketegning.no\\\/en\\\/product-2\\\/lucky-drawing-mug-good-day\\\/\",\"url\":\"https:\\\/\\\/www.lykketegning.no\\\/en\\\/product-2\\\/lucky-drawing-mug-good-day\\\/\",\"name\":\"Lykketegningkrus \\\"Bra dag!\\\" - LYKKETEGNING ILLUSTRAT\u00d8R\",\"isPartOf\":{\"@id\":\"https:\\\/\\\/www.lykketegning.no\\\/#website\"},\"primaryImageOfPage\":{\"@id\":\"https:\\\/\\\/www.lykketegning.no\\\/en\\\/product-2\\\/lucky-drawing-mug-good-day\\\/#primaryimage\"},\"image\":{\"@id\":\"https:\\\/\\\/www.lykketegning.no\\\/en\\\/product-2\\\/lucky-drawing-mug-good-day\\\/#primaryimage\"},\"thumbnailUrl\":\"https:\\\/\\\/www.lykketegning.no\\\/wp-content\\\/uploads\\\/2024\\\/08\\\/IMG_7316-scaled.jpg\",\"datePublished\":\"2023-09-20T17:01:33+00:00\",\"dateModified\":\"2026-02-24T13:55:01+00:00\",\"description\":\"Lykketegningkrus \\\"Bra dag!\\\" Til en viss grad s\u00e5 kan man nok velge hvordan dagen skal bli. Pakk sekken med varme tanker til deg og selv og andre og legg ut p\u00e5 vandring i retning av: \u00abBra dag i vente\u00bb!\",\"breadcrumb\":{\"@id\":\"https:\\\/\\\/www.lykketegning.no\\\/en\\\/product-2\\\/lucky-drawing-mug-good-day\\\/#breadcrumb\"},\"inLanguage\":\"sv-SE\",\"potentialAction\":[{\"@type\":\"ReadAction\",\"target\":[\"https:\\\/\\\/www.lykketegning.no\\\/en\\\/product-2\\\/lucky-drawing-mug-good-day\\\/\"]}]},{\"@type\":\"ImageObject\",\"inLanguage\":\"sv-SE\",\"@id\":\"https:\\\/\\\/www.lykketegning.no\\\/en\\\/product-2\\\/lucky-drawing-mug-good-day\\\/#primaryimage\",\"url\":\"https:\\\/\\\/www.lykketegning.no\\\/wp-content\\\/uploads\\\/2024\\\/08\\\/IMG_7316-scaled.jpg\",\"contentUrl\":\"https:\\\/\\\/www.lykketegning.no\\\/wp-content\\\/uploads\\\/2024\\\/08\\\/IMG_7316-scaled.jpg\",\"width\":2560,\"height\":2560},{\"@type\":\"BreadcrumbList\",\"@id\":\"https:\\\/\\\/www.lykketegning.no\\\/en\\\/product-2\\\/lucky-drawing-mug-good-day\\\/#breadcrumb\",\"itemListElement\":[{\"@type\":\"ListItem\",\"position\":1,\"name\":\"Hjem\",\"item\":\"https:\\\/\\\/www.lykketegning.no\\\/\"},{\"@type\":\"ListItem\",\"position\":2,\"name\":\"Shop\",\"item\":\"https:\\\/\\\/www.lykketegning.no\\\/sv\\\/webbutik\\\/\"},{\"@type\":\"ListItem\",\"position\":3,\"name\":\"Lykketegningkrus &#8220;Bra dag!&#8221;\"}]},{\"@type\":\"WebSite\",\"@id\":\"https:\\\/\\\/www.lykketegning.no\\\/#website\",\"url\":\"https:\\\/\\\/www.lykketegning.no\\\/\",\"name\":\"LYKKETEGNING ILLUSTRAT\u00d8R\",\"description\":\"\",\"publisher\":{\"@id\":\"https:\\\/\\\/www.lykketegning.no\\\/#organization\"},\"potentialAction\":[{\"@type\":\"SearchAction\",\"target\":{\"@type\":\"EntryPoint\",\"urlTemplate\":\"https:\\\/\\\/www.lykketegning.no\\\/?s={search_term_string}\"},\"query-input\":{\"@type\":\"PropertyValueSpecification\",\"valueRequired\":true,\"valueName\":\"search_term_string\"}}],\"inLanguage\":\"sv-SE\"},{\"@type\":\"Organization\",\"@id\":\"https:\\\/\\\/www.lykketegning.no\\\/#organization\",\"name\":\"LYKKETEGNING ILLUSTRAT\u00d8R\",\"url\":\"https:\\\/\\\/www.lykketegning.no\\\/\",\"logo\":{\"@type\":\"ImageObject\",\"inLanguage\":\"sv-SE\",\"@id\":\"https:\\\/\\\/www.lykketegning.no\\\/#\\\/schema\\\/logo\\\/image\\\/\",\"url\":\"https:\\\/\\\/www.lykketegning.no\\\/wp-content\\\/uploads\\\/2020\\\/03\\\/Logo2020_h400px.jpg\",\"contentUrl\":\"https:\\\/\\\/www.lykketegning.no\\\/wp-content\\\/uploads\\\/2020\\\/03\\\/Logo2020_h400px.jpg\",\"width\":1024,\"height\":400,\"caption\":\"LYKKETEGNING ILLUSTRAT\u00d8R\"},\"image\":{\"@id\":\"https:\\\/\\\/www.lykketegning.no\\\/#\\\/schema\\\/logo\\\/image\\\/\"},\"sameAs\":[\"https:\\\/\\\/www.facebook.com\\\/lykketegning\\\/\",\"https:\\\/\\\/www.instagram.com\\\/lykketegning\\\/\",\"https:\\\/\\\/www.youtube.com\\\/@lykketegningillustrations\",\"https:\\\/\\\/www.tiktok.com\\\/@lykketegningillustration\"]}]}<\/script>\n<!-- \/ Yoast SEO plugin. -->","yoast_head_json":{"title":"Lycklig ritning mugg \"God dag!\" - LYCKLIG RITNING ILLUSTRAT\u00d6R","description":"Happy drawing-mugg \"God dag!\" Till viss del kan du v\u00e4lja hur din dag ska bli. Packa ryggs\u00e4cken med varma tankar f\u00f6r dig sj\u00e4lv och andra och ge dig iv\u00e4g p\u00e5 en resa i riktning mot: \"God dag fram\u00f6ver\"!","robots":{"index":"index","follow":"follow","max-snippet":"max-snippet:-1","max-image-preview":"max-image-preview:large","max-video-preview":"max-video-preview:-1"},"canonical":"https:\/\/www.lykketegning.no\/sv\/product-2\/lucky-drawing-mug-good-day\/","og_locale":"sv_SE","og_type":"article","og_title":"Lykketegningkrus \"Bra dag!\" - LYKKETEGNING ILLUSTRAT\u00d8R","og_description":"Lykketegningkrus \"Bra dag!\" Til en viss grad s\u00e5 kan man nok velge hvordan dagen skal bli. Pakk sekken med varme tanker til deg og selv og andre og legg ut p\u00e5 vandring i retning av: \u00abBra dag i vente\u00bb!","og_url":"https:\/\/www.lykketegning.no\/sv\/product-2\/lucky-drawing-mug-good-day\/","og_site_name":"LYKKETEGNING ILLUSTRAT\u00d8R","article_publisher":"https:\/\/www.facebook.com\/lykketegning\/","article_modified_time":"2026-02-24T13:55:01+00:00","twitter_card":"summary_large_image","twitter_misc":{"Ber\u00e4knad l\u00e4stid":"2 minuter"},"schema":{"@context":"https:\/\/schema.org","@graph":[{"@type":"WebPage","@id":"https:\/\/www.lykketegning.no\/en\/product-2\/lucky-drawing-mug-good-day\/","url":"https:\/\/www.lykketegning.no\/en\/product-2\/lucky-drawing-mug-good-day\/","name":"Lycklig ritning mugg \"God dag!\" - LYCKLIG RITNING ILLUSTRAT\u00d6R","isPartOf":{"@id":"https:\/\/www.lykketegning.no\/#website"},"primaryImageOfPage":{"@id":"https:\/\/www.lykketegning.no\/en\/product-2\/lucky-drawing-mug-good-day\/#primaryimage"},"image":{"@id":"https:\/\/www.lykketegning.no\/en\/product-2\/lucky-drawing-mug-good-day\/#primaryimage"},"thumbnailUrl":"https:\/\/www.lykketegning.no\/wp-content\/uploads\/2024\/08\/IMG_7316-scaled.jpg","datePublished":"2023-09-20T17:01:33+00:00","dateModified":"2026-02-24T13:55:01+00:00","description":"Happy drawing-mugg \"God dag!\" Till viss del kan du v\u00e4lja hur din dag ska bli. Packa ryggs\u00e4cken med varma tankar f\u00f6r dig sj\u00e4lv och andra och ge dig iv\u00e4g p\u00e5 en resa i riktning mot: \"God dag fram\u00f6ver\"!","breadcrumb":{"@id":"https:\/\/www.lykketegning.no\/en\/product-2\/lucky-drawing-mug-good-day\/#breadcrumb"},"inLanguage":"sv-SE","potentialAction":[{"@type":"ReadAction","target":["https:\/\/www.lykketegning.no\/en\/product-2\/lucky-drawing-mug-good-day\/"]}]},{"@type":"ImageObject","inLanguage":"sv-SE","@id":"https:\/\/www.lykketegning.no\/en\/product-2\/lucky-drawing-mug-good-day\/#primaryimage","url":"https:\/\/www.lykketegning.no\/wp-content\/uploads\/2024\/08\/IMG_7316-scaled.jpg","contentUrl":"https:\/\/www.lykketegning.no\/wp-content\/uploads\/2024\/08\/IMG_7316-scaled.jpg","width":2560,"height":2560},{"@type":"BreadcrumbList","@id":"https:\/\/www.lykketegning.no\/en\/product-2\/lucky-drawing-mug-good-day\/#breadcrumb","itemListElement":[{"@type":"ListItem","position":1,"name":"Hjem","item":"https:\/\/www.lykketegning.no\/"},{"@type":"ListItem","position":2,"name":"Shop","item":"https:\/\/www.lykketegning.no\/sv\/webbutik\/"},{"@type":"ListItem","position":3,"name":"Lykketegningkrus &#8220;Bra dag!&#8221;"}]},{"@type":"WebSite","@id":"https:\/\/www.lykketegning.no\/#website","url":"https:\/\/www.lykketegning.no\/","name":"LYCKLIG RITNING ILLUSTRAT\u00d6R","description":"","publisher":{"@id":"https:\/\/www.lykketegning.no\/#organization"},"potentialAction":[{"@type":"SearchAction","target":{"@type":"EntryPoint","urlTemplate":"https:\/\/www.lykketegning.no\/?s={search_term_string}"},"query-input":{"@type":"PropertyValueSpecification","valueRequired":true,"valueName":"search_term_string"}}],"inLanguage":"sv-SE"},{"@type":"Organization","@id":"https:\/\/www.lykketegning.no\/#organization","name":"LYCKLIG RITNING ILLUSTRAT\u00d6R","url":"https:\/\/www.lykketegning.no\/","logo":{"@type":"ImageObject","inLanguage":"sv-SE","@id":"https:\/\/www.lykketegning.no\/#\/schema\/logo\/image\/","url":"https:\/\/www.lykketegning.no\/wp-content\/uploads\/2020\/03\/Logo2020_h400px.jpg","contentUrl":"https:\/\/www.lykketegning.no\/wp-content\/uploads\/2020\/03\/Logo2020_h400px.jpg","width":1024,"height":400,"caption":"LYKKETEGNING ILLUSTRAT\u00d8R"},"image":{"@id":"https:\/\/www.lykketegning.no\/#\/schema\/logo\/image\/"},"sameAs":["https:\/\/www.facebook.com\/lykketegning\/","https:\/\/www.instagram.com\/lykketegning\/","https:\/\/www.youtube.com\/@lykketegningillustrations","https:\/\/www.tiktok.com\/@lykketegningillustration"]}]}},"_links":{"self":[{"href":"https:\/\/www.lykketegning.no\/sv\/wp-json\/wp\/v2\/product\/37327","targetHints":{"allow":["GET"]}}],"collection":[{"href":"https:\/\/www.lykketegning.no\/sv\/wp-json\/wp\/v2\/product"}],"about":[{"href":"https:\/\/www.lykketegning.no\/sv\/wp-json\/wp\/v2\/types\/product"}],"replies":[{"embeddable":true,"href":"https:\/\/www.lykketegning.no\/sv\/wp-json\/wp\/v2\/comments?post=37327"}],"wp:featuredmedia":[{"embeddable":true,"href":"https:\/\/www.lykketegning.no\/sv\/wp-json\/wp\/v2\/media\/39786"}],"wp:attachment":[{"href":"https:\/\/www.lykketegning.no\/sv\/wp-json\/wp\/v2\/media?parent=37327"}],"wp:term":[{"taxonomy":"product_brand","embeddable":true,"href":"https:\/\/www.lykketegning.no\/sv\/wp-json\/wp\/v2\/product_brand?post=37327"},{"taxonomy":"product_cat","embeddable":true,"href":"https:\/\/www.lykketegning.no\/sv\/wp-json\/wp\/v2\/product_cat?post=37327"},{"taxonomy":"product_tag","embeddable":true,"href":"https:\/\/www.lykketegning.no\/sv\/wp-json\/wp\/v2\/product_tag?post=37327"}],"curies":[{"name":"wp","href":"https:\/\/api.w.org\/{rel}","templated":true}]}}