{"id":37319,"date":"2025-01-07T12:23:13","date_gmt":"2025-01-07T11:23:13","guid":{"rendered":"https:\/\/www-lykketegning.wp3.hcweb.dev\/fornyelse\/?post_type=product&#038;p=37319"},"modified":"2026-05-08T23:58:49","modified_gmt":"2026-05-08T21:58:49","slug":"vinglass-med-gravering-a-ha-en-venn-som-deg-gjor-livet-bedre","status":"publish","type":"product","link":"https:\/\/www.lykketegning.no\/sv\/produkt\/vinglass-med-gravering-a-ha-en-venn-som-deg-gjor-livet-bedre\/","title":{"rendered":"Kommer i slutet av maj 26!  Vinglas med gravyr \u201cAtt ha en v\u00e4n som du g\u00f6r livet b\u00e4ttre\u201d"},"content":{"rendered":"<h2>Vinglas med gravyren \u201cAtt ha en v\u00e4n som du g\u00f6r livet b\u00e4ttre\u201d f\u00f6rv\u00e4ntas komma in p\u00e5 lager i maj 2026.<\/h2>\n<p>Vinglas med vacker design och gravyr. \"Att ha en v\u00e4n som du g\u00f6r livet b\u00e4ttre\"<br \/>\nGlasen \u00e4r utformade s\u00e5 att du kan njuta av b\u00e5de r\u00f6tt och vitt, men \u00e4r ocks\u00e5 perfekta f\u00f6r att servera en f\u00e4rsk juice.<\/p>\n<p>En perfekt present att ge till en v\u00e4n eller till brudparet.<\/p>\n<p>Levereras i en s\u00f6t l\u00e5da med en illustration fr\u00e5n Luck Drawing.<\/p>\n<p>Kolla in de 7 andra vinglasen i samma serie med annan text.<\/p>\n<p>Med tydliga linjer och bra citat vill Lucky Drawing f\u00e5 dig att stanna upp och t\u00e4nka efter,<br \/>\nAndas djupt och s\u00e4tt sedan en bra kurs fram\u00e5t.<br \/>\nKan reng\u00f6ras i diskmaskin.<br \/>\nD9,5 H22,5 cm 625 ml, glas, klar. 1 st i presentf\u00f6rpackning<\/p>","protected":false},"excerpt":{"rendered":"<h2>Vinglas med gravyr \u201cAtt ha en v\u00e4n som du g\u00f6r livet b\u00e4ttre<\/h2>\n<h2>F\u00f6rv\u00e4ntas in p\u00e5 lager maj 2026<\/h2>\n<p>Vinglas med vacker design och gravyr. \"Att ha en v\u00e4n som du g\u00f6r livet b\u00e4ttre\"<\/p>\n<p>Glasen \u00e4r utformade s\u00e5 att du kan njuta av b\u00e5de r\u00f6tt och vitt, men \u00e4r ocks\u00e5 perfekta f\u00f6r att servera en f\u00e4rsk juice.<\/p>\n<p>En perfekt present att ge till en v\u00e4n eller till brudparet.<\/p>\n<p>Levereras i en s\u00f6t l\u00e5da med en illustration fr\u00e5n Luck Drawing.<\/p>\n<p>Kolla in de 7 andra vinglasen i samma serie med annan text.<\/p>\n<p>Med tydliga linjer och bra citat vill Lucky Drawing f\u00e5 dig att stanna upp och t\u00e4nka efter,<br \/>\nAndas djupt och s\u00e4tt sedan en bra kurs fram\u00e5t.<br \/>\nKan reng\u00f6ras i diskmaskin.<br \/>\nD9,5 H22,5 cm 625 ml, glas, klar. 1 st i presentf\u00f6rpackning<\/p>","protected":false},"featured_media":39890,"comment_status":"open","ping_status":"closed","template":"","meta":[],"product_brand":[],"product_cat":[197],"product_tag":[248,192,329,198,330],"class_list":{"0":"post-37319","1":"product","2":"type-product","3":"status-publish","4":"has-post-thumbnail","6":"product_cat-graverte-vinglass-champagneglass","7":"product_tag-glass","8":"product_tag-smaken-av-lykke","9":"product_tag-vin","10":"product_tag-vinglass","11":"product_tag-ol","13":"first","14":"instock","15":"taxable","16":"shipping-taxable","17":"purchasable","18":"product-type-simple"},"yoast_head":"<!-- This site is optimized with the Yoast SEO plugin v27.5 - https:\/\/yoast.com\/product\/yoast-seo-wordpress\/ -->\n<title>Kommer i slutten av mai 26! Vinglass med gravering &quot;\u00c5 ha en venn som deg gj\u00f8r livet bedre&quot; - LYKKETEGNING ILLUSTRAT\u00d8R<\/title>\n<meta name=\"description\" content=\"Vinglass med gravering &quot;\u00c5 ha en venn som deg gj\u00f8r livet bedre&quot; En perfekt gave \u00e5 gi til venninne eller brudepar.\" \/>\n<meta name=\"robots\" content=\"index, follow, max-snippet:-1, max-image-preview:large, max-video-preview:-1\" \/>\n<link rel=\"canonical\" href=\"https:\/\/www.lykketegning.no\/sv\/produkt\/vinglass-med-gravering-a-ha-en-venn-som-deg-gjor-livet-bedre\/\" \/>\n<meta property=\"og:locale\" content=\"sv_SE\" \/>\n<meta property=\"og:type\" content=\"article\" \/>\n<meta property=\"og:title\" content=\"Kommer i slutten av mai 26! Vinglass med gravering &quot;\u00c5 ha en venn som deg gj\u00f8r livet bedre&quot; - LYKKETEGNING ILLUSTRAT\u00d8R\" \/>\n<meta property=\"og:description\" content=\"Vinglass med gravering &quot;\u00c5 ha en venn som deg gj\u00f8r livet bedre&quot; En perfekt gave \u00e5 gi til venninne eller brudepar.\" \/>\n<meta property=\"og:url\" content=\"https:\/\/www.lykketegning.no\/sv\/produkt\/vinglass-med-gravering-a-ha-en-venn-som-deg-gjor-livet-bedre\/\" \/>\n<meta property=\"og:site_name\" content=\"LYKKETEGNING ILLUSTRAT\u00d8R\" \/>\n<meta property=\"article:publisher\" content=\"https:\/\/www.facebook.com\/lykketegning\/\" \/>\n<meta property=\"article:modified_time\" content=\"2026-05-08T21:58:49+00:00\" \/>\n<meta property=\"og:image\" content=\"https:\/\/www.lykketegning.no\/wp-content\/uploads\/2025\/01\/92A9658-6-1.jpg\" \/>\n\t<meta property=\"og:image:width\" content=\"1080\" \/>\n\t<meta property=\"og:image:height\" content=\"1080\" \/>\n\t<meta property=\"og:image:type\" content=\"image\/jpeg\" \/>\n<meta name=\"twitter:card\" content=\"summary_large_image\" \/>\n<meta name=\"twitter:label1\" content=\"Ber\u00e4knad l\u00e4stid\" \/>\n\t<meta name=\"twitter:data1\" content=\"1 minut\" \/>\n<script type=\"application\/ld+json\" class=\"yoast-schema-graph\">{\"@context\":\"https:\\\/\\\/schema.org\",\"@graph\":[{\"@type\":\"WebPage\",\"@id\":\"https:\\\/\\\/www.lykketegning.no\\\/produkt\\\/vinglass-med-gravering-a-ha-en-venn-som-deg-gjor-livet-bedre\\\/\",\"url\":\"https:\\\/\\\/www.lykketegning.no\\\/produkt\\\/vinglass-med-gravering-a-ha-en-venn-som-deg-gjor-livet-bedre\\\/\",\"name\":\"Kommer i slutten av mai 26! Vinglass med gravering \\\"\u00c5 ha en venn som deg gj\u00f8r livet bedre\\\" - LYKKETEGNING ILLUSTRAT\u00d8R\",\"isPartOf\":{\"@id\":\"https:\\\/\\\/www.lykketegning.no\\\/#website\"},\"primaryImageOfPage\":{\"@id\":\"https:\\\/\\\/www.lykketegning.no\\\/produkt\\\/vinglass-med-gravering-a-ha-en-venn-som-deg-gjor-livet-bedre\\\/#primaryimage\"},\"image\":{\"@id\":\"https:\\\/\\\/www.lykketegning.no\\\/produkt\\\/vinglass-med-gravering-a-ha-en-venn-som-deg-gjor-livet-bedre\\\/#primaryimage\"},\"thumbnailUrl\":\"https:\\\/\\\/www.lykketegning.no\\\/wp-content\\\/uploads\\\/2025\\\/01\\\/92A9658-6-1.jpg\",\"datePublished\":\"2025-01-07T11:23:13+00:00\",\"dateModified\":\"2026-05-08T21:58:49+00:00\",\"description\":\"Vinglass med gravering \\\"\u00c5 ha en venn som deg gj\u00f8r livet bedre\\\" En perfekt gave \u00e5 gi til venninne eller brudepar.\",\"breadcrumb\":{\"@id\":\"https:\\\/\\\/www.lykketegning.no\\\/produkt\\\/vinglass-med-gravering-a-ha-en-venn-som-deg-gjor-livet-bedre\\\/#breadcrumb\"},\"inLanguage\":\"sv-SE\",\"potentialAction\":[{\"@type\":\"ReadAction\",\"target\":[\"https:\\\/\\\/www.lykketegning.no\\\/produkt\\\/vinglass-med-gravering-a-ha-en-venn-som-deg-gjor-livet-bedre\\\/\"]}]},{\"@type\":\"ImageObject\",\"inLanguage\":\"sv-SE\",\"@id\":\"https:\\\/\\\/www.lykketegning.no\\\/produkt\\\/vinglass-med-gravering-a-ha-en-venn-som-deg-gjor-livet-bedre\\\/#primaryimage\",\"url\":\"https:\\\/\\\/www.lykketegning.no\\\/wp-content\\\/uploads\\\/2025\\\/01\\\/92A9658-6-1.jpg\",\"contentUrl\":\"https:\\\/\\\/www.lykketegning.no\\\/wp-content\\\/uploads\\\/2025\\\/01\\\/92A9658-6-1.jpg\",\"width\":1080,\"height\":1080},{\"@type\":\"BreadcrumbList\",\"@id\":\"https:\\\/\\\/www.lykketegning.no\\\/produkt\\\/vinglass-med-gravering-a-ha-en-venn-som-deg-gjor-livet-bedre\\\/#breadcrumb\",\"itemListElement\":[{\"@type\":\"ListItem\",\"position\":1,\"name\":\"Hjem\",\"item\":\"https:\\\/\\\/www.lykketegning.no\\\/\"},{\"@type\":\"ListItem\",\"position\":2,\"name\":\"Shop\",\"item\":\"https:\\\/\\\/www.lykketegning.no\\\/sv\\\/webbutik\\\/\"},{\"@type\":\"ListItem\",\"position\":3,\"name\":\"Kommer i slutten av mai 26! Vinglass med gravering &#8220;\u00c5 ha en venn som deg gj\u00f8r livet bedre&#8221;\"}]},{\"@type\":\"WebSite\",\"@id\":\"https:\\\/\\\/www.lykketegning.no\\\/#website\",\"url\":\"https:\\\/\\\/www.lykketegning.no\\\/\",\"name\":\"LYKKETEGNING ILLUSTRAT\u00d8R\",\"description\":\"\",\"publisher\":{\"@id\":\"https:\\\/\\\/www.lykketegning.no\\\/#organization\"},\"potentialAction\":[{\"@type\":\"SearchAction\",\"target\":{\"@type\":\"EntryPoint\",\"urlTemplate\":\"https:\\\/\\\/www.lykketegning.no\\\/?s={search_term_string}\"},\"query-input\":{\"@type\":\"PropertyValueSpecification\",\"valueRequired\":true,\"valueName\":\"search_term_string\"}}],\"inLanguage\":\"sv-SE\"},{\"@type\":\"Organization\",\"@id\":\"https:\\\/\\\/www.lykketegning.no\\\/#organization\",\"name\":\"LYKKETEGNING ILLUSTRAT\u00d8R\",\"url\":\"https:\\\/\\\/www.lykketegning.no\\\/\",\"logo\":{\"@type\":\"ImageObject\",\"inLanguage\":\"sv-SE\",\"@id\":\"https:\\\/\\\/www.lykketegning.no\\\/#\\\/schema\\\/logo\\\/image\\\/\",\"url\":\"https:\\\/\\\/www.lykketegning.no\\\/wp-content\\\/uploads\\\/2020\\\/03\\\/Logo2020_h400px.jpg\",\"contentUrl\":\"https:\\\/\\\/www.lykketegning.no\\\/wp-content\\\/uploads\\\/2020\\\/03\\\/Logo2020_h400px.jpg\",\"width\":1024,\"height\":400,\"caption\":\"LYKKETEGNING ILLUSTRAT\u00d8R\"},\"image\":{\"@id\":\"https:\\\/\\\/www.lykketegning.no\\\/#\\\/schema\\\/logo\\\/image\\\/\"},\"sameAs\":[\"https:\\\/\\\/www.facebook.com\\\/lykketegning\\\/\",\"https:\\\/\\\/www.instagram.com\\\/lykketegning\\\/\",\"https:\\\/\\\/www.youtube.com\\\/@lykketegningillustrations\",\"https:\\\/\\\/www.tiktok.com\\\/@lykketegningillustration\"]}]}<\/script>\n<!-- \/ Yoast SEO plugin. -->","yoast_head_json":{"title":"Kommer i slutten av mai 26! Vinglass med gravering \"\u00c5 ha en venn som deg gj\u00f8r livet bedre\" - LYKKETEGNING ILLUSTRAT\u00d8R","description":"Vinglas med gravyr \"Att ha en v\u00e4n som du g\u00f6r livet b\u00e4ttre\" En perfekt present att ge till en v\u00e4n eller brudparet.","robots":{"index":"index","follow":"follow","max-snippet":"max-snippet:-1","max-image-preview":"max-image-preview:large","max-video-preview":"max-video-preview:-1"},"canonical":"https:\/\/www.lykketegning.no\/sv\/produkt\/vinglass-med-gravering-a-ha-en-venn-som-deg-gjor-livet-bedre\/","og_locale":"sv_SE","og_type":"article","og_title":"Kommer i slutten av mai 26! Vinglass med gravering \"\u00c5 ha en venn som deg gj\u00f8r livet bedre\" - LYKKETEGNING ILLUSTRAT\u00d8R","og_description":"Vinglass med gravering \"\u00c5 ha en venn som deg gj\u00f8r livet bedre\" En perfekt gave \u00e5 gi til venninne eller brudepar.","og_url":"https:\/\/www.lykketegning.no\/sv\/produkt\/vinglass-med-gravering-a-ha-en-venn-som-deg-gjor-livet-bedre\/","og_site_name":"LYKKETEGNING ILLUSTRAT\u00d8R","article_publisher":"https:\/\/www.facebook.com\/lykketegning\/","article_modified_time":"2026-05-08T21:58:49+00:00","og_image":[{"width":1080,"height":1080,"url":"https:\/\/www.lykketegning.no\/wp-content\/uploads\/2025\/01\/92A9658-6-1.jpg","type":"image\/jpeg"}],"twitter_card":"summary_large_image","twitter_misc":{"Ber\u00e4knad l\u00e4stid":"1 minut"},"schema":{"@context":"https:\/\/schema.org","@graph":[{"@type":"WebPage","@id":"https:\/\/www.lykketegning.no\/produkt\/vinglass-med-gravering-a-ha-en-venn-som-deg-gjor-livet-bedre\/","url":"https:\/\/www.lykketegning.no\/produkt\/vinglass-med-gravering-a-ha-en-venn-som-deg-gjor-livet-bedre\/","name":"Kommer i slutten av mai 26! Vinglass med gravering \"\u00c5 ha en venn som deg gj\u00f8r livet bedre\" - LYKKETEGNING ILLUSTRAT\u00d8R","isPartOf":{"@id":"https:\/\/www.lykketegning.no\/#website"},"primaryImageOfPage":{"@id":"https:\/\/www.lykketegning.no\/produkt\/vinglass-med-gravering-a-ha-en-venn-som-deg-gjor-livet-bedre\/#primaryimage"},"image":{"@id":"https:\/\/www.lykketegning.no\/produkt\/vinglass-med-gravering-a-ha-en-venn-som-deg-gjor-livet-bedre\/#primaryimage"},"thumbnailUrl":"https:\/\/www.lykketegning.no\/wp-content\/uploads\/2025\/01\/92A9658-6-1.jpg","datePublished":"2025-01-07T11:23:13+00:00","dateModified":"2026-05-08T21:58:49+00:00","description":"Vinglas med gravyr \"Att ha en v\u00e4n som du g\u00f6r livet b\u00e4ttre\" En perfekt present att ge till en v\u00e4n eller brudparet.","breadcrumb":{"@id":"https:\/\/www.lykketegning.no\/produkt\/vinglass-med-gravering-a-ha-en-venn-som-deg-gjor-livet-bedre\/#breadcrumb"},"inLanguage":"sv-SE","potentialAction":[{"@type":"ReadAction","target":["https:\/\/www.lykketegning.no\/produkt\/vinglass-med-gravering-a-ha-en-venn-som-deg-gjor-livet-bedre\/"]}]},{"@type":"ImageObject","inLanguage":"sv-SE","@id":"https:\/\/www.lykketegning.no\/produkt\/vinglass-med-gravering-a-ha-en-venn-som-deg-gjor-livet-bedre\/#primaryimage","url":"https:\/\/www.lykketegning.no\/wp-content\/uploads\/2025\/01\/92A9658-6-1.jpg","contentUrl":"https:\/\/www.lykketegning.no\/wp-content\/uploads\/2025\/01\/92A9658-6-1.jpg","width":1080,"height":1080},{"@type":"BreadcrumbList","@id":"https:\/\/www.lykketegning.no\/produkt\/vinglass-med-gravering-a-ha-en-venn-som-deg-gjor-livet-bedre\/#breadcrumb","itemListElement":[{"@type":"ListItem","position":1,"name":"Hjem","item":"https:\/\/www.lykketegning.no\/"},{"@type":"ListItem","position":2,"name":"Shop","item":"https:\/\/www.lykketegning.no\/sv\/webbutik\/"},{"@type":"ListItem","position":3,"name":"Kommer i slutten av mai 26! Vinglass med gravering &#8220;\u00c5 ha en venn som deg gj\u00f8r livet bedre&#8221;"}]},{"@type":"WebSite","@id":"https:\/\/www.lykketegning.no\/#website","url":"https:\/\/www.lykketegning.no\/","name":"LYCKLIG RITNING ILLUSTRAT\u00d6R","description":"","publisher":{"@id":"https:\/\/www.lykketegning.no\/#organization"},"potentialAction":[{"@type":"SearchAction","target":{"@type":"EntryPoint","urlTemplate":"https:\/\/www.lykketegning.no\/?s={search_term_string}"},"query-input":{"@type":"PropertyValueSpecification","valueRequired":true,"valueName":"search_term_string"}}],"inLanguage":"sv-SE"},{"@type":"Organization","@id":"https:\/\/www.lykketegning.no\/#organization","name":"LYCKLIG RITNING ILLUSTRAT\u00d6R","url":"https:\/\/www.lykketegning.no\/","logo":{"@type":"ImageObject","inLanguage":"sv-SE","@id":"https:\/\/www.lykketegning.no\/#\/schema\/logo\/image\/","url":"https:\/\/www.lykketegning.no\/wp-content\/uploads\/2020\/03\/Logo2020_h400px.jpg","contentUrl":"https:\/\/www.lykketegning.no\/wp-content\/uploads\/2020\/03\/Logo2020_h400px.jpg","width":1024,"height":400,"caption":"LYKKETEGNING ILLUSTRAT\u00d8R"},"image":{"@id":"https:\/\/www.lykketegning.no\/#\/schema\/logo\/image\/"},"sameAs":["https:\/\/www.facebook.com\/lykketegning\/","https:\/\/www.instagram.com\/lykketegning\/","https:\/\/www.youtube.com\/@lykketegningillustrations","https:\/\/www.tiktok.com\/@lykketegningillustration"]}]}},"_links":{"self":[{"href":"https:\/\/www.lykketegning.no\/sv\/wp-json\/wp\/v2\/product\/37319","targetHints":{"allow":["GET"]}}],"collection":[{"href":"https:\/\/www.lykketegning.no\/sv\/wp-json\/wp\/v2\/product"}],"about":[{"href":"https:\/\/www.lykketegning.no\/sv\/wp-json\/wp\/v2\/types\/product"}],"replies":[{"embeddable":true,"href":"https:\/\/www.lykketegning.no\/sv\/wp-json\/wp\/v2\/comments?post=37319"}],"wp:featuredmedia":[{"embeddable":true,"href":"https:\/\/www.lykketegning.no\/sv\/wp-json\/wp\/v2\/media\/39890"}],"wp:attachment":[{"href":"https:\/\/www.lykketegning.no\/sv\/wp-json\/wp\/v2\/media?parent=37319"}],"wp:term":[{"taxonomy":"product_brand","embeddable":true,"href":"https:\/\/www.lykketegning.no\/sv\/wp-json\/wp\/v2\/product_brand?post=37319"},{"taxonomy":"product_cat","embeddable":true,"href":"https:\/\/www.lykketegning.no\/sv\/wp-json\/wp\/v2\/product_cat?post=37319"},{"taxonomy":"product_tag","embeddable":true,"href":"https:\/\/www.lykketegning.no\/sv\/wp-json\/wp\/v2\/product_tag?post=37319"}],"curies":[{"name":"wp","href":"https:\/\/api.w.org\/{rel}","templated":true}]}}