{"id":37215,"date":"2026-01-01T19:52:45","date_gmt":"2026-01-01T18:52:45","guid":{"rendered":"https:\/\/www-lykketegning.wp3.hcweb.dev\/fornyelse\/?post_type=product&#038;p=37215"},"modified":"2026-04-27T20:43:34","modified_gmt":"2026-04-27T18:43:34","slug":"kjaerlighetskoppen-lykkekopp-jeg-liker-deg","status":"publish","type":"product","link":"https:\/\/www.lykketegning.no\/sv\/produkt\/kjaerlighetskoppen-lykkekopp-jeg-liker-deg\/","title":{"rendered":"\"Cup of Love\" Cup of Happiness: Jag gillar dig!"},"content":{"rendered":"<p>\"JAG GILLAR DIG!\" &lt;3<\/p>\n<p>Helt ny mugg till n\u00e5gon du \u00e4lskar! S\u00f6ta ord som v\u00e4rmer, tillsammans med lite kaffe, kakao eller te, m\u00e5ste v\u00e4l g\u00f6ra dagen lite b\u00e4ttre?<\/p>\n<p>Mugg beige D8 H9,5 40 cl Material: Keramik<\/p>\n<p>T\u00e5l maskindisk<\/p>\n<p>&nbsp;<\/p>","protected":false},"excerpt":{"rendered":"<p>\"JAG GILLAR DIG!\" &lt;3<\/p>\n<p>Helt ny mugg till n\u00e5gon du \u00e4lskar! S\u00f6ta ord som v\u00e4rmer, tillsammans med lite kaffe, kakao eller te, m\u00e5ste v\u00e4l g\u00f6ra dagen lite b\u00e4ttre?<\/p>\n<p>Mugg beige D8 H9,5 40 cl Material: Keramik<\/p>\n<p>T\u00e5l maskindisk<\/p>","protected":false},"featured_media":39718,"comment_status":"open","ping_status":"closed","template":"","meta":[],"product_brand":[],"product_cat":[41],"product_tag":[278,86,280,279,12,13,43,164],"class_list":{"0":"post-37215","1":"product","2":"type-product","3":"status-publish","4":"has-post-thumbnail","6":"product_cat-lykkekopper","7":"product_tag-jeg-liker-deg","8":"product_tag-kjaerestegave","9":"product_tag-kjaerestekopp","10":"product_tag-kjaerlighetskopp","11":"product_tag-kopp","12":"product_tag-krus","13":"product_tag-lykkekopp","14":"product_tag-valentine","16":"first","17":"instock","18":"taxable","19":"shipping-taxable","20":"purchasable","21":"product-type-simple"},"yoast_head":"<!-- This site is optimized with the Yoast SEO plugin v27.5 - https:\/\/yoast.com\/product\/yoast-seo-wordpress\/ -->\n<title>&quot;Kj\u00e6rlighetskoppen&quot; Lykkekopp: Jeg liker deg! - LYKKETEGNING ILLUSTRAT\u00d8R<\/title>\n<meta name=\"robots\" content=\"index, follow, max-snippet:-1, max-image-preview:large, max-video-preview:-1\" \/>\n<link rel=\"canonical\" href=\"https:\/\/www.lykketegning.no\/sv\/product-2\/cup-of-love-cup-of-happiness-i-like-you\/\" \/>\n<meta property=\"og:locale\" content=\"sv_SE\" \/>\n<meta property=\"og:type\" content=\"article\" \/>\n<meta property=\"og:title\" content=\"&quot;Kj\u00e6rlighetskoppen&quot; Lykkekopp: Jeg liker deg! - LYKKETEGNING ILLUSTRAT\u00d8R\" \/>\n<meta property=\"og:description\" content=\"&quot;JEG LIKER DEG!&quot; &lt;3  Helt nytt krus til en du liker godt! S\u00f8te ord som varmer, sammen med litt kaffe, kakao eller te, m\u00e5 jo gj\u00f8re dagen litt bedre?  Krus beige D8 H9,5 40 cl Materiale: Keramikk  Kan vaskes i oppvaskmaskin\" \/>\n<meta property=\"og:url\" content=\"https:\/\/www.lykketegning.no\/sv\/product-2\/cup-of-love-cup-of-happiness-i-like-you\/\" \/>\n<meta property=\"og:site_name\" content=\"LYKKETEGNING ILLUSTRAT\u00d8R\" \/>\n<meta property=\"article:publisher\" content=\"https:\/\/www.facebook.com\/lykketegning\/\" \/>\n<meta property=\"article:modified_time\" content=\"2026-04-27T18:43:34+00:00\" \/>\n<meta name=\"twitter:card\" content=\"summary_large_image\" \/>\n<meta name=\"twitter:label1\" content=\"Ber\u00e4knad l\u00e4stid\" \/>\n\t<meta name=\"twitter:data1\" content=\"1 minut\" \/>\n<script type=\"application\/ld+json\" class=\"yoast-schema-graph\">{\"@context\":\"https:\\\/\\\/schema.org\",\"@graph\":[{\"@type\":\"WebPage\",\"@id\":\"https:\\\/\\\/www.lykketegning.no\\\/sv\\\/product-2\\\/cup-of-love-cup-of-happiness-i-like-you\\\/\",\"url\":\"https:\\\/\\\/www.lykketegning.no\\\/sv\\\/product-2\\\/cup-of-love-cup-of-happiness-i-like-you\\\/\",\"name\":\"\\\"Kj\u00e6rlighetskoppen\\\" Lykkekopp: Jeg liker deg! - LYKKETEGNING ILLUSTRAT\u00d8R\",\"isPartOf\":{\"@id\":\"https:\\\/\\\/www.lykketegning.no\\\/#website\"},\"primaryImageOfPage\":{\"@id\":\"https:\\\/\\\/www.lykketegning.no\\\/sv\\\/product-2\\\/cup-of-love-cup-of-happiness-i-like-you\\\/#primaryimage\"},\"image\":{\"@id\":\"https:\\\/\\\/www.lykketegning.no\\\/sv\\\/product-2\\\/cup-of-love-cup-of-happiness-i-like-you\\\/#primaryimage\"},\"thumbnailUrl\":\"https:\\\/\\\/www.lykketegning.no\\\/wp-content\\\/uploads\\\/2023\\\/09\\\/IMG_7243-scaled.jpg\",\"datePublished\":\"2026-01-01T18:52:45+00:00\",\"dateModified\":\"2026-04-27T18:43:34+00:00\",\"breadcrumb\":{\"@id\":\"https:\\\/\\\/www.lykketegning.no\\\/sv\\\/product-2\\\/cup-of-love-cup-of-happiness-i-like-you\\\/#breadcrumb\"},\"inLanguage\":\"sv-SE\",\"potentialAction\":[{\"@type\":\"ReadAction\",\"target\":[\"https:\\\/\\\/www.lykketegning.no\\\/sv\\\/product-2\\\/cup-of-love-cup-of-happiness-i-like-you\\\/\"]}]},{\"@type\":\"ImageObject\",\"inLanguage\":\"sv-SE\",\"@id\":\"https:\\\/\\\/www.lykketegning.no\\\/sv\\\/product-2\\\/cup-of-love-cup-of-happiness-i-like-you\\\/#primaryimage\",\"url\":\"https:\\\/\\\/www.lykketegning.no\\\/wp-content\\\/uploads\\\/2023\\\/09\\\/IMG_7243-scaled.jpg\",\"contentUrl\":\"https:\\\/\\\/www.lykketegning.no\\\/wp-content\\\/uploads\\\/2023\\\/09\\\/IMG_7243-scaled.jpg\",\"width\":2560,\"height\":2560},{\"@type\":\"BreadcrumbList\",\"@id\":\"https:\\\/\\\/www.lykketegning.no\\\/sv\\\/product-2\\\/cup-of-love-cup-of-happiness-i-like-you\\\/#breadcrumb\",\"itemListElement\":[{\"@type\":\"ListItem\",\"position\":1,\"name\":\"Hjem\",\"item\":\"https:\\\/\\\/www.lykketegning.no\\\/\"},{\"@type\":\"ListItem\",\"position\":2,\"name\":\"Shop\",\"item\":\"https:\\\/\\\/www.lykketegning.no\\\/sv\\\/webbutik\\\/\"},{\"@type\":\"ListItem\",\"position\":3,\"name\":\"&#8220;Kj\u00e6rlighetskoppen&#8221; Lykkekopp: Jeg liker deg!\"}]},{\"@type\":\"WebSite\",\"@id\":\"https:\\\/\\\/www.lykketegning.no\\\/#website\",\"url\":\"https:\\\/\\\/www.lykketegning.no\\\/\",\"name\":\"LYKKETEGNING ILLUSTRAT\u00d8R\",\"description\":\"\",\"publisher\":{\"@id\":\"https:\\\/\\\/www.lykketegning.no\\\/#organization\"},\"potentialAction\":[{\"@type\":\"SearchAction\",\"target\":{\"@type\":\"EntryPoint\",\"urlTemplate\":\"https:\\\/\\\/www.lykketegning.no\\\/?s={search_term_string}\"},\"query-input\":{\"@type\":\"PropertyValueSpecification\",\"valueRequired\":true,\"valueName\":\"search_term_string\"}}],\"inLanguage\":\"sv-SE\"},{\"@type\":\"Organization\",\"@id\":\"https:\\\/\\\/www.lykketegning.no\\\/#organization\",\"name\":\"LYKKETEGNING ILLUSTRAT\u00d8R\",\"url\":\"https:\\\/\\\/www.lykketegning.no\\\/\",\"logo\":{\"@type\":\"ImageObject\",\"inLanguage\":\"sv-SE\",\"@id\":\"https:\\\/\\\/www.lykketegning.no\\\/#\\\/schema\\\/logo\\\/image\\\/\",\"url\":\"https:\\\/\\\/www.lykketegning.no\\\/wp-content\\\/uploads\\\/2020\\\/03\\\/Logo2020_h400px.jpg\",\"contentUrl\":\"https:\\\/\\\/www.lykketegning.no\\\/wp-content\\\/uploads\\\/2020\\\/03\\\/Logo2020_h400px.jpg\",\"width\":1024,\"height\":400,\"caption\":\"LYKKETEGNING ILLUSTRAT\u00d8R\"},\"image\":{\"@id\":\"https:\\\/\\\/www.lykketegning.no\\\/#\\\/schema\\\/logo\\\/image\\\/\"},\"sameAs\":[\"https:\\\/\\\/www.facebook.com\\\/lykketegning\\\/\",\"https:\\\/\\\/www.instagram.com\\\/lykketegning\\\/\",\"https:\\\/\\\/www.youtube.com\\\/@lykketegningillustrations\",\"https:\\\/\\\/www.tiktok.com\\\/@lykketegningillustration\"]}]}<\/script>\n<!-- \/ Yoast SEO plugin. -->","yoast_head_json":{"title":"\"Cup of Love\" Cup of Happiness: Jag \u00e4lskar dig! - LYCKLIG RITNING ILLUSTRAT\u00d6R","robots":{"index":"index","follow":"follow","max-snippet":"max-snippet:-1","max-image-preview":"max-image-preview:large","max-video-preview":"max-video-preview:-1"},"canonical":"https:\/\/www.lykketegning.no\/sv\/product-2\/cup-of-love-cup-of-happiness-i-like-you\/","og_locale":"sv_SE","og_type":"article","og_title":"\"Kj\u00e6rlighetskoppen\" Lykkekopp: Jeg liker deg! - LYKKETEGNING ILLUSTRAT\u00d8R","og_description":"\"JEG LIKER DEG!\" &lt;3  Helt nytt krus til en du liker godt! S\u00f8te ord som varmer, sammen med litt kaffe, kakao eller te, m\u00e5 jo gj\u00f8re dagen litt bedre?  Krus beige D8 H9,5 40 cl Materiale: Keramikk  Kan vaskes i oppvaskmaskin","og_url":"https:\/\/www.lykketegning.no\/sv\/product-2\/cup-of-love-cup-of-happiness-i-like-you\/","og_site_name":"LYKKETEGNING ILLUSTRAT\u00d8R","article_publisher":"https:\/\/www.facebook.com\/lykketegning\/","article_modified_time":"2026-04-27T18:43:34+00:00","twitter_card":"summary_large_image","twitter_misc":{"Ber\u00e4knad l\u00e4stid":"1 minut"},"schema":{"@context":"https:\/\/schema.org","@graph":[{"@type":"WebPage","@id":"https:\/\/www.lykketegning.no\/sv\/product-2\/cup-of-love-cup-of-happiness-i-like-you\/","url":"https:\/\/www.lykketegning.no\/sv\/product-2\/cup-of-love-cup-of-happiness-i-like-you\/","name":"\"Cup of Love\" Cup of Happiness: Jag \u00e4lskar dig! - LYCKLIG RITNING ILLUSTRAT\u00d6R","isPartOf":{"@id":"https:\/\/www.lykketegning.no\/#website"},"primaryImageOfPage":{"@id":"https:\/\/www.lykketegning.no\/sv\/product-2\/cup-of-love-cup-of-happiness-i-like-you\/#primaryimage"},"image":{"@id":"https:\/\/www.lykketegning.no\/sv\/product-2\/cup-of-love-cup-of-happiness-i-like-you\/#primaryimage"},"thumbnailUrl":"https:\/\/www.lykketegning.no\/wp-content\/uploads\/2023\/09\/IMG_7243-scaled.jpg","datePublished":"2026-01-01T18:52:45+00:00","dateModified":"2026-04-27T18:43:34+00:00","breadcrumb":{"@id":"https:\/\/www.lykketegning.no\/sv\/product-2\/cup-of-love-cup-of-happiness-i-like-you\/#breadcrumb"},"inLanguage":"sv-SE","potentialAction":[{"@type":"ReadAction","target":["https:\/\/www.lykketegning.no\/sv\/product-2\/cup-of-love-cup-of-happiness-i-like-you\/"]}]},{"@type":"ImageObject","inLanguage":"sv-SE","@id":"https:\/\/www.lykketegning.no\/sv\/product-2\/cup-of-love-cup-of-happiness-i-like-you\/#primaryimage","url":"https:\/\/www.lykketegning.no\/wp-content\/uploads\/2023\/09\/IMG_7243-scaled.jpg","contentUrl":"https:\/\/www.lykketegning.no\/wp-content\/uploads\/2023\/09\/IMG_7243-scaled.jpg","width":2560,"height":2560},{"@type":"BreadcrumbList","@id":"https:\/\/www.lykketegning.no\/sv\/product-2\/cup-of-love-cup-of-happiness-i-like-you\/#breadcrumb","itemListElement":[{"@type":"ListItem","position":1,"name":"Hjem","item":"https:\/\/www.lykketegning.no\/"},{"@type":"ListItem","position":2,"name":"Shop","item":"https:\/\/www.lykketegning.no\/sv\/webbutik\/"},{"@type":"ListItem","position":3,"name":"&#8220;Kj\u00e6rlighetskoppen&#8221; Lykkekopp: Jeg liker deg!"}]},{"@type":"WebSite","@id":"https:\/\/www.lykketegning.no\/#website","url":"https:\/\/www.lykketegning.no\/","name":"LYCKLIG RITNING ILLUSTRAT\u00d6R","description":"","publisher":{"@id":"https:\/\/www.lykketegning.no\/#organization"},"potentialAction":[{"@type":"SearchAction","target":{"@type":"EntryPoint","urlTemplate":"https:\/\/www.lykketegning.no\/?s={search_term_string}"},"query-input":{"@type":"PropertyValueSpecification","valueRequired":true,"valueName":"search_term_string"}}],"inLanguage":"sv-SE"},{"@type":"Organization","@id":"https:\/\/www.lykketegning.no\/#organization","name":"LYCKLIG RITNING ILLUSTRAT\u00d6R","url":"https:\/\/www.lykketegning.no\/","logo":{"@type":"ImageObject","inLanguage":"sv-SE","@id":"https:\/\/www.lykketegning.no\/#\/schema\/logo\/image\/","url":"https:\/\/www.lykketegning.no\/wp-content\/uploads\/2020\/03\/Logo2020_h400px.jpg","contentUrl":"https:\/\/www.lykketegning.no\/wp-content\/uploads\/2020\/03\/Logo2020_h400px.jpg","width":1024,"height":400,"caption":"LYKKETEGNING ILLUSTRAT\u00d8R"},"image":{"@id":"https:\/\/www.lykketegning.no\/#\/schema\/logo\/image\/"},"sameAs":["https:\/\/www.facebook.com\/lykketegning\/","https:\/\/www.instagram.com\/lykketegning\/","https:\/\/www.youtube.com\/@lykketegningillustrations","https:\/\/www.tiktok.com\/@lykketegningillustration"]}]}},"_links":{"self":[{"href":"https:\/\/www.lykketegning.no\/sv\/wp-json\/wp\/v2\/product\/37215","targetHints":{"allow":["GET"]}}],"collection":[{"href":"https:\/\/www.lykketegning.no\/sv\/wp-json\/wp\/v2\/product"}],"about":[{"href":"https:\/\/www.lykketegning.no\/sv\/wp-json\/wp\/v2\/types\/product"}],"replies":[{"embeddable":true,"href":"https:\/\/www.lykketegning.no\/sv\/wp-json\/wp\/v2\/comments?post=37215"}],"wp:featuredmedia":[{"embeddable":true,"href":"https:\/\/www.lykketegning.no\/sv\/wp-json\/wp\/v2\/media\/39718"}],"wp:attachment":[{"href":"https:\/\/www.lykketegning.no\/sv\/wp-json\/wp\/v2\/media?parent=37215"}],"wp:term":[{"taxonomy":"product_brand","embeddable":true,"href":"https:\/\/www.lykketegning.no\/sv\/wp-json\/wp\/v2\/product_brand?post=37215"},{"taxonomy":"product_cat","embeddable":true,"href":"https:\/\/www.lykketegning.no\/sv\/wp-json\/wp\/v2\/product_cat?post=37215"},{"taxonomy":"product_tag","embeddable":true,"href":"https:\/\/www.lykketegning.no\/sv\/wp-json\/wp\/v2\/product_tag?post=37215"}],"curies":[{"name":"wp","href":"https:\/\/api.w.org\/{rel}","templated":true}]}}