{"id":37209,"date":"2022-11-01T17:32:04","date_gmt":"2022-11-01T16:32:04","guid":{"rendered":"https:\/\/www.lykketegning.no\/fornyelse\/?post_type=product&#038;p=37209"},"modified":"2024-11-18T10:56:58","modified_gmt":"2024-11-18T09:56:58","slug":"2-pack-gloggkrus-fra-lykketegning-kos-og-lykke","status":"publish","type":"product","link":"https:\/\/www.lykketegning.no\/sv\/produkt\/2-pack-gloggmuggar-fran-happiness-drawing-cos-og-lykke\/","title":{"rendered":"2-pack Gl\u00f6ggmuggar fr\u00e5n Happiness Drawing \"KOS\" och \"LYKKE\""},"content":{"rendered":"<p>2-pack Gl\u00f6ggmuggar fr\u00e5n Happiness Drawing \"KOS\" och \"LYKKE\"<\/p>\n<p>Nu kan du k\u00f6pa julmuggarna \"KOS\" och \"LYKKE\" i lite mindre koppar 2-pack.<\/p>\n<p>Perfekt f\u00f6r gl\u00f6gg. Det \u00e4r d\u00e4rf\u00f6r vi kallar dem f\u00f6r gl\u00f6ggmuggar.<\/p>\n<p>Vacker r\u00f6d f\u00e4rg och perfekt f\u00f6r julen.<\/p>\n<p>Kolla \u00e4ven in de andra gl\u00f6ggmuggarna; \"Hygge\" och \"Ro\"<\/p>\n<p>Mugg r\u00f6d D7 H9 28 cl Material: Keramik<\/p>\n<p>T\u00e5l maskindisk<\/p>\n<p>Popul\u00e4r mugg med citat fr\u00e5n Lucky Drawing<\/p>\n<p>\u00c5rets julkoppar har anl\u00e4nt! Best\u00e4ll b\u00e5de \"Joy\" och \"Harmony\"<\/p>\n<p>Bra julklapp till andra eller till dig sj\u00e4lv!<\/p>\n<p>Kolla ocks\u00e5 in de andra muggarna som Glede, Kos og Lykke, Ro og hygge. Samt de h\u00e4rliga t\u00e5rtkartongerna fr\u00e5n Lykketegning.<\/p>\n<p>&nbsp;<\/p>\n<p>&nbsp;<\/p>\n<p><strong>\"P\u00e5 Lykketegning skapas varje illustration med v\u00e4rme och omsorg.<\/strong><br \/>\n<strong>Med starka f\u00e4rger, tydliga linjer och bra citat vill Happiness Drawing f\u00e5 dig att stanna upp ett \u00f6gonblick, ta ett djupt andetag och sedan s\u00e4tta en bra kurs fram\u00e5t.<\/strong><br \/>\n<strong>Hj\u00e4rtana och leendena \u00e4r fr\u00e5n mig till dig f\u00f6r att p\u00e5minna dig om att du \u00e4r riktigt bra!\"<\/strong><\/p>\n<p>&nbsp;<\/p>\n<p>P\u00e5 hemsidan hittar du n\u00e5gra illustrationer och andra produkter som koppar, gratulationskort och kalendrar.<\/p>\n<p>Nya produkter l\u00e4ggs st\u00e4ndigt till h\u00e4r, s\u00e5 registrera dig g\u00e4rna f\u00f6r nyhetsbrevet f\u00f6r m\u00e5natliga uppdateringar.<\/p>\n<p>F\u00f6r <strong>m\u00e5nga m\u00e5nga m\u00e5nga m\u00e5nga<\/strong> fler illustrationer; bes\u00f6k min Instagram- och Facebookprofil.<\/p>\n<p>Faktum \u00e4r att alla illustrationer \u00e4r till salu. 999 kr f\u00f6r A4 och 1500 kr f\u00f6r A3.<\/p>\n<p>Du kan ocks\u00e5 best\u00e4lla din egen - bra presenter att ge till br\u00f6llop och andra fester. H\u00f6r av dig till v\u00e5r inkorg f\u00f6r detta.<\/p>\n<p><em>Pris f\u00f6r fotografering: 1500kr f\u00f6r A4 och A5 (upp till 5 personer\/djur) extra kostnad f\u00f6r fler (upp till 5 personer\/djur). A3 2000kr ex porto. Jag beh\u00f6ver veta h\u00e5rf\u00e4rg\/h\u00e5rtyp, l\u00e4ngd, intressen och \u00f6nskat antal avbildade personer. Alla offerter du vill ha inkluderade.<\/em><\/p>\n<p>Om du har n\u00e5gra fr\u00e5gor, tveka inte att h\u00f6ra av dig! Om du vill ha en pratstund om ett eventuellt samarbete, skicka mig ett e-postmeddelande.<\/p>\n<p>Vi ser fram emot att h\u00f6ra fr\u00e5n dig och hoppas att du f\u00e5r en underbar dag. <a href=\"https:\/\/www.facebook.com\/lykketegning\/?locale=nb_NO\">D\u00e5 kommer du till min Facebook-sida.<\/a> Och om du vill f\u00f6lja mig p\u00e5<a href=\"https:\/\/www.instagram.com\/lykketegning\/?hl=nb\"> Instagram, du hittar det h\u00e4r.<\/a><\/p>\n<p>Konstn\u00e4r<br \/>\nIngebj\u00f8rg Rang\u00f8y Sj\u00e5land<\/p>\n<p>&nbsp;<\/p>\n<div class=\"page\" title=\"Sidan 1\"><\/div>\n<div class=\"page\" title=\"Sidan 1\"><\/div>","protected":false},"excerpt":{"rendered":"<p>2-pack Gl\u00f6ggmuggar fr\u00e5n Happiness Drawing \"KOS\" och \"LYKKE\"<\/p>\n<p>Nu kan du k\u00f6pa julmuggarna \"KOS\" och \"LYKKE\" i lite mindre koppar 2-pack.<\/p>\n<p>Perfekt f\u00f6r gl\u00f6gg. Det \u00e4r d\u00e4rf\u00f6r vi kallar dem f\u00f6r gl\u00f6ggmuggar.<\/p>\n<p>Vacker r\u00f6d f\u00e4rg och perfekt f\u00f6r julen.<\/p>\n<p>Kolla \u00e4ven in de andra gl\u00f6ggmuggarna; \"Hygge\" och \"Ro\"<\/p>\n<p>Mugg r\u00f6d D7 H9 28 cl Material: Keramik<\/p>\n<p>T\u00e5l maskindisk<\/p>\n<p>Popul\u00e4r mugg med citat fr\u00e5n Lucky Drawing<\/p>\n<div class=\"page\" title=\"Sidan 1\"><\/div>","protected":false},"featured_media":37210,"comment_status":"closed","ping_status":"closed","template":"","meta":[],"product_brand":[],"product_cat":[41],"product_tag":[273,158,377,191,43,121,217],"class_list":{"0":"post-37209","1":"product","2":"type-product","3":"status-publish","4":"has-post-thumbnail","6":"product_cat-lykkekopper","7":"product_tag-gloggkopper","8":"product_tag-jul","9":"product_tag-kos-og-lykke","10":"product_tag-lykke","11":"product_tag-lykkekopp","12":"product_tag-lykkekrus","13":"product_tag-ro","15":"first","16":"outofstock","17":"taxable","18":"shipping-taxable","19":"purchasable","20":"product-type-simple"},"yoast_head":"<!-- This site is optimized with the Yoast SEO plugin v27.4 - https:\/\/yoast.com\/product\/yoast-seo-wordpress\/ -->\n<title>2 pack Gl\u00f8ggkrus fra Lykketegning &quot;KOS &quot; og &quot;LYKKE&quot; - LYKKETEGNING ILLUSTRAT\u00d8R<\/title>\n<meta name=\"description\" content=\"2 pack Gl\u00f8ggkrus fra Lykketegning &quot;KOS &quot; og &quot;LYKKE&quot; N\u00e5 kan du kj\u00f8pe julekrusene &quot;KOS&quot; og &quot;LYKKE&quot; i litt mindre kopper 2 pack. Perfekte til gl\u00f8gg. Derfor kaller vi de gl\u00f8ggkopper. Nydelig r\u00f8dfarge og perfekt til julen.\" \/>\n<meta name=\"robots\" content=\"index, follow, max-snippet:-1, max-image-preview:large, max-video-preview:-1\" \/>\n<link rel=\"canonical\" href=\"https:\/\/www.lykketegning.no\/sv\/product-2\/2-pack-mulled-wine-mugs-from-happiness-drawing-cos-og-lykke\/\" \/>\n<meta property=\"og:locale\" content=\"sv_SE\" \/>\n<meta property=\"og:type\" content=\"article\" \/>\n<meta property=\"og:title\" content=\"2 pack Gl\u00f8ggkrus fra Lykketegning &quot;KOS &quot; og &quot;LYKKE&quot; - LYKKETEGNING ILLUSTRAT\u00d8R\" \/>\n<meta property=\"og:description\" content=\"2 pack Gl\u00f8ggkrus fra Lykketegning &quot;KOS &quot; og &quot;LYKKE&quot; N\u00e5 kan du kj\u00f8pe julekrusene &quot;KOS&quot; og &quot;LYKKE&quot; i litt mindre kopper 2 pack. Perfekte til gl\u00f8gg. Derfor kaller vi de gl\u00f8ggkopper. Nydelig r\u00f8dfarge og perfekt til julen.\" \/>\n<meta property=\"og:url\" content=\"https:\/\/www.lykketegning.no\/sv\/product-2\/2-pack-mulled-wine-mugs-from-happiness-drawing-cos-og-lykke\/\" \/>\n<meta property=\"og:site_name\" content=\"LYKKETEGNING ILLUSTRAT\u00d8R\" \/>\n<meta property=\"article:publisher\" content=\"https:\/\/www.facebook.com\/lykketegning\/\" \/>\n<meta property=\"article:modified_time\" content=\"2024-11-18T09:56:58+00:00\" \/>\n<meta property=\"og:image\" content=\"https:\/\/www.lykketegning.no\/wp-content\/uploads\/2024\/04\/46203235_GB.jpg\" \/>\n\t<meta property=\"og:image:width\" content=\"700\" \/>\n\t<meta property=\"og:image:height\" content=\"700\" \/>\n\t<meta property=\"og:image:type\" content=\"image\/jpeg\" \/>\n<meta name=\"twitter:card\" content=\"summary_large_image\" \/>\n<meta name=\"twitter:label1\" content=\"Ber\u00e4knad l\u00e4stid\" \/>\n\t<meta name=\"twitter:data1\" content=\"3 minuter\" \/>\n<script type=\"application\/ld+json\" class=\"yoast-schema-graph\">{\"@context\":\"https:\\\/\\\/schema.org\",\"@graph\":[{\"@type\":\"WebPage\",\"@id\":\"https:\\\/\\\/www.lykketegning.no\\\/en\\\/product-2\\\/2-pack-mulled-wine-mugs-from-happiness-drawing-cos-og-lykke\\\/\",\"url\":\"https:\\\/\\\/www.lykketegning.no\\\/en\\\/product-2\\\/2-pack-mulled-wine-mugs-from-happiness-drawing-cos-og-lykke\\\/\",\"name\":\"2 pack Gl\u00f8ggkrus fra Lykketegning \\\"KOS \\\" og \\\"LYKKE\\\" - LYKKETEGNING ILLUSTRAT\u00d8R\",\"isPartOf\":{\"@id\":\"https:\\\/\\\/www.lykketegning.no\\\/#website\"},\"primaryImageOfPage\":{\"@id\":\"https:\\\/\\\/www.lykketegning.no\\\/en\\\/product-2\\\/2-pack-mulled-wine-mugs-from-happiness-drawing-cos-og-lykke\\\/#primaryimage\"},\"image\":{\"@id\":\"https:\\\/\\\/www.lykketegning.no\\\/en\\\/product-2\\\/2-pack-mulled-wine-mugs-from-happiness-drawing-cos-og-lykke\\\/#primaryimage\"},\"thumbnailUrl\":\"https:\\\/\\\/www.lykketegning.no\\\/wp-content\\\/uploads\\\/2024\\\/04\\\/46203235_GB.jpg\",\"datePublished\":\"2022-11-01T16:32:04+00:00\",\"dateModified\":\"2024-11-18T09:56:58+00:00\",\"description\":\"2 pack Gl\u00f8ggkrus fra Lykketegning \\\"KOS \\\" og \\\"LYKKE\\\" N\u00e5 kan du kj\u00f8pe julekrusene \\\"KOS\\\" og \\\"LYKKE\\\" i litt mindre kopper 2 pack. Perfekte til gl\u00f8gg. Derfor kaller vi de gl\u00f8ggkopper. Nydelig r\u00f8dfarge og perfekt til julen.\",\"breadcrumb\":{\"@id\":\"https:\\\/\\\/www.lykketegning.no\\\/en\\\/product-2\\\/2-pack-mulled-wine-mugs-from-happiness-drawing-cos-og-lykke\\\/#breadcrumb\"},\"inLanguage\":\"sv-SE\",\"potentialAction\":[{\"@type\":\"ReadAction\",\"target\":[\"https:\\\/\\\/www.lykketegning.no\\\/en\\\/product-2\\\/2-pack-mulled-wine-mugs-from-happiness-drawing-cos-og-lykke\\\/\"]}]},{\"@type\":\"ImageObject\",\"inLanguage\":\"sv-SE\",\"@id\":\"https:\\\/\\\/www.lykketegning.no\\\/en\\\/product-2\\\/2-pack-mulled-wine-mugs-from-happiness-drawing-cos-og-lykke\\\/#primaryimage\",\"url\":\"https:\\\/\\\/www.lykketegning.no\\\/wp-content\\\/uploads\\\/2024\\\/04\\\/46203235_GB.jpg\",\"contentUrl\":\"https:\\\/\\\/www.lykketegning.no\\\/wp-content\\\/uploads\\\/2024\\\/04\\\/46203235_GB.jpg\",\"width\":700,\"height\":700,\"caption\":\"2 pack Gl\u00f8ggkrus fra Lykketegning \\\"KOS \\\" og \\\"LYKKE\\\"\"},{\"@type\":\"BreadcrumbList\",\"@id\":\"https:\\\/\\\/www.lykketegning.no\\\/en\\\/product-2\\\/2-pack-mulled-wine-mugs-from-happiness-drawing-cos-og-lykke\\\/#breadcrumb\",\"itemListElement\":[{\"@type\":\"ListItem\",\"position\":1,\"name\":\"Hjem\",\"item\":\"https:\\\/\\\/www.lykketegning.no\\\/\"},{\"@type\":\"ListItem\",\"position\":2,\"name\":\"Shop\",\"item\":\"https:\\\/\\\/www.lykketegning.no\\\/sv\\\/webbutik\\\/\"},{\"@type\":\"ListItem\",\"position\":3,\"name\":\"2 pack Gl\u00f8ggkrus fra Lykketegning &#8220;KOS &#8221; og &#8220;LYKKE&#8221;\"}]},{\"@type\":\"WebSite\",\"@id\":\"https:\\\/\\\/www.lykketegning.no\\\/#website\",\"url\":\"https:\\\/\\\/www.lykketegning.no\\\/\",\"name\":\"LYKKETEGNING ILLUSTRAT\u00d8R\",\"description\":\"\",\"publisher\":{\"@id\":\"https:\\\/\\\/www.lykketegning.no\\\/#organization\"},\"potentialAction\":[{\"@type\":\"SearchAction\",\"target\":{\"@type\":\"EntryPoint\",\"urlTemplate\":\"https:\\\/\\\/www.lykketegning.no\\\/?s={search_term_string}\"},\"query-input\":{\"@type\":\"PropertyValueSpecification\",\"valueRequired\":true,\"valueName\":\"search_term_string\"}}],\"inLanguage\":\"sv-SE\"},{\"@type\":\"Organization\",\"@id\":\"https:\\\/\\\/www.lykketegning.no\\\/#organization\",\"name\":\"LYKKETEGNING ILLUSTRAT\u00d8R\",\"url\":\"https:\\\/\\\/www.lykketegning.no\\\/\",\"logo\":{\"@type\":\"ImageObject\",\"inLanguage\":\"sv-SE\",\"@id\":\"https:\\\/\\\/www.lykketegning.no\\\/#\\\/schema\\\/logo\\\/image\\\/\",\"url\":\"https:\\\/\\\/www.lykketegning.no\\\/wp-content\\\/uploads\\\/2020\\\/03\\\/Logo2020_h400px.jpg\",\"contentUrl\":\"https:\\\/\\\/www.lykketegning.no\\\/wp-content\\\/uploads\\\/2020\\\/03\\\/Logo2020_h400px.jpg\",\"width\":1024,\"height\":400,\"caption\":\"LYKKETEGNING ILLUSTRAT\u00d8R\"},\"image\":{\"@id\":\"https:\\\/\\\/www.lykketegning.no\\\/#\\\/schema\\\/logo\\\/image\\\/\"},\"sameAs\":[\"https:\\\/\\\/www.facebook.com\\\/lykketegning\\\/\",\"https:\\\/\\\/www.instagram.com\\\/lykketegning\\\/\",\"https:\\\/\\\/www.youtube.com\\\/@lykketegningillustrations\",\"https:\\\/\\\/www.tiktok.com\\\/@lykketegningillustration\"]}]}<\/script>\n<!-- \/ Yoast SEO plugin. -->","yoast_head_json":{"title":"2-pack gl\u00f6ggmuggar fr\u00e5n Lykketegning \"KOS\" och \"LYKKE\" - LYKKETEGNING ILLUSTRAT\u00d8R","description":"2-pack Gl\u00f6ggmuggar fr\u00e5n Lykketegning \"KOS\" och \"LYKKE\" Nu kan du k\u00f6pa julmuggarna \"KOS\" och \"LYKKE\" i lite mindre koppar 2-pack. Perfekta f\u00f6r gl\u00f6gg. Det \u00e4r d\u00e4rf\u00f6r vi kallar dem gl\u00f6ggkoppar. Vacker r\u00f6d f\u00e4rg och perfekt f\u00f6r julen.","robots":{"index":"index","follow":"follow","max-snippet":"max-snippet:-1","max-image-preview":"max-image-preview:large","max-video-preview":"max-video-preview:-1"},"canonical":"https:\/\/www.lykketegning.no\/sv\/product-2\/2-pack-mulled-wine-mugs-from-happiness-drawing-cos-og-lykke\/","og_locale":"sv_SE","og_type":"article","og_title":"2 pack Gl\u00f8ggkrus fra Lykketegning \"KOS \" og \"LYKKE\" - LYKKETEGNING ILLUSTRAT\u00d8R","og_description":"2 pack Gl\u00f8ggkrus fra Lykketegning \"KOS \" og \"LYKKE\" N\u00e5 kan du kj\u00f8pe julekrusene \"KOS\" og \"LYKKE\" i litt mindre kopper 2 pack. Perfekte til gl\u00f8gg. Derfor kaller vi de gl\u00f8ggkopper. Nydelig r\u00f8dfarge og perfekt til julen.","og_url":"https:\/\/www.lykketegning.no\/sv\/product-2\/2-pack-mulled-wine-mugs-from-happiness-drawing-cos-og-lykke\/","og_site_name":"LYKKETEGNING ILLUSTRAT\u00d8R","article_publisher":"https:\/\/www.facebook.com\/lykketegning\/","article_modified_time":"2024-11-18T09:56:58+00:00","og_image":[{"width":700,"height":700,"url":"https:\/\/www.lykketegning.no\/wp-content\/uploads\/2024\/04\/46203235_GB.jpg","type":"image\/jpeg"}],"twitter_card":"summary_large_image","twitter_misc":{"Ber\u00e4knad l\u00e4stid":"3 minuter"},"schema":{"@context":"https:\/\/schema.org","@graph":[{"@type":"WebPage","@id":"https:\/\/www.lykketegning.no\/en\/product-2\/2-pack-mulled-wine-mugs-from-happiness-drawing-cos-og-lykke\/","url":"https:\/\/www.lykketegning.no\/en\/product-2\/2-pack-mulled-wine-mugs-from-happiness-drawing-cos-og-lykke\/","name":"2-pack gl\u00f6ggmuggar fr\u00e5n Lykketegning \"KOS\" och \"LYKKE\" - LYKKETEGNING ILLUSTRAT\u00d8R","isPartOf":{"@id":"https:\/\/www.lykketegning.no\/#website"},"primaryImageOfPage":{"@id":"https:\/\/www.lykketegning.no\/en\/product-2\/2-pack-mulled-wine-mugs-from-happiness-drawing-cos-og-lykke\/#primaryimage"},"image":{"@id":"https:\/\/www.lykketegning.no\/en\/product-2\/2-pack-mulled-wine-mugs-from-happiness-drawing-cos-og-lykke\/#primaryimage"},"thumbnailUrl":"https:\/\/www.lykketegning.no\/wp-content\/uploads\/2024\/04\/46203235_GB.jpg","datePublished":"2022-11-01T16:32:04+00:00","dateModified":"2024-11-18T09:56:58+00:00","description":"2-pack Gl\u00f6ggmuggar fr\u00e5n Lykketegning \"KOS\" och \"LYKKE\" Nu kan du k\u00f6pa julmuggarna \"KOS\" och \"LYKKE\" i lite mindre koppar 2-pack. Perfekta f\u00f6r gl\u00f6gg. Det \u00e4r d\u00e4rf\u00f6r vi kallar dem gl\u00f6ggkoppar. Vacker r\u00f6d f\u00e4rg och perfekt f\u00f6r julen.","breadcrumb":{"@id":"https:\/\/www.lykketegning.no\/en\/product-2\/2-pack-mulled-wine-mugs-from-happiness-drawing-cos-og-lykke\/#breadcrumb"},"inLanguage":"sv-SE","potentialAction":[{"@type":"ReadAction","target":["https:\/\/www.lykketegning.no\/en\/product-2\/2-pack-mulled-wine-mugs-from-happiness-drawing-cos-og-lykke\/"]}]},{"@type":"ImageObject","inLanguage":"sv-SE","@id":"https:\/\/www.lykketegning.no\/en\/product-2\/2-pack-mulled-wine-mugs-from-happiness-drawing-cos-og-lykke\/#primaryimage","url":"https:\/\/www.lykketegning.no\/wp-content\/uploads\/2024\/04\/46203235_GB.jpg","contentUrl":"https:\/\/www.lykketegning.no\/wp-content\/uploads\/2024\/04\/46203235_GB.jpg","width":700,"height":700,"caption":"2 pack Gl\u00f8ggkrus fra Lykketegning \"KOS \" og \"LYKKE\""},{"@type":"BreadcrumbList","@id":"https:\/\/www.lykketegning.no\/en\/product-2\/2-pack-mulled-wine-mugs-from-happiness-drawing-cos-og-lykke\/#breadcrumb","itemListElement":[{"@type":"ListItem","position":1,"name":"Hjem","item":"https:\/\/www.lykketegning.no\/"},{"@type":"ListItem","position":2,"name":"Shop","item":"https:\/\/www.lykketegning.no\/sv\/webbutik\/"},{"@type":"ListItem","position":3,"name":"2 pack Gl\u00f8ggkrus fra Lykketegning &#8220;KOS &#8221; og &#8220;LYKKE&#8221;"}]},{"@type":"WebSite","@id":"https:\/\/www.lykketegning.no\/#website","url":"https:\/\/www.lykketegning.no\/","name":"LYCKLIG RITNING ILLUSTRAT\u00d6R","description":"","publisher":{"@id":"https:\/\/www.lykketegning.no\/#organization"},"potentialAction":[{"@type":"SearchAction","target":{"@type":"EntryPoint","urlTemplate":"https:\/\/www.lykketegning.no\/?s={search_term_string}"},"query-input":{"@type":"PropertyValueSpecification","valueRequired":true,"valueName":"search_term_string"}}],"inLanguage":"sv-SE"},{"@type":"Organization","@id":"https:\/\/www.lykketegning.no\/#organization","name":"LYCKLIG RITNING ILLUSTRAT\u00d6R","url":"https:\/\/www.lykketegning.no\/","logo":{"@type":"ImageObject","inLanguage":"sv-SE","@id":"https:\/\/www.lykketegning.no\/#\/schema\/logo\/image\/","url":"https:\/\/www.lykketegning.no\/wp-content\/uploads\/2020\/03\/Logo2020_h400px.jpg","contentUrl":"https:\/\/www.lykketegning.no\/wp-content\/uploads\/2020\/03\/Logo2020_h400px.jpg","width":1024,"height":400,"caption":"LYKKETEGNING ILLUSTRAT\u00d8R"},"image":{"@id":"https:\/\/www.lykketegning.no\/#\/schema\/logo\/image\/"},"sameAs":["https:\/\/www.facebook.com\/lykketegning\/","https:\/\/www.instagram.com\/lykketegning\/","https:\/\/www.youtube.com\/@lykketegningillustrations","https:\/\/www.tiktok.com\/@lykketegningillustration"]}]}},"_links":{"self":[{"href":"https:\/\/www.lykketegning.no\/sv\/wp-json\/wp\/v2\/product\/37209","targetHints":{"allow":["GET"]}}],"collection":[{"href":"https:\/\/www.lykketegning.no\/sv\/wp-json\/wp\/v2\/product"}],"about":[{"href":"https:\/\/www.lykketegning.no\/sv\/wp-json\/wp\/v2\/types\/product"}],"replies":[{"embeddable":true,"href":"https:\/\/www.lykketegning.no\/sv\/wp-json\/wp\/v2\/comments?post=37209"}],"wp:featuredmedia":[{"embeddable":true,"href":"https:\/\/www.lykketegning.no\/sv\/wp-json\/wp\/v2\/media\/37210"}],"wp:attachment":[{"href":"https:\/\/www.lykketegning.no\/sv\/wp-json\/wp\/v2\/media?parent=37209"}],"wp:term":[{"taxonomy":"product_brand","embeddable":true,"href":"https:\/\/www.lykketegning.no\/sv\/wp-json\/wp\/v2\/product_brand?post=37209"},{"taxonomy":"product_cat","embeddable":true,"href":"https:\/\/www.lykketegning.no\/sv\/wp-json\/wp\/v2\/product_cat?post=37209"},{"taxonomy":"product_tag","embeddable":true,"href":"https:\/\/www.lykketegning.no\/sv\/wp-json\/wp\/v2\/product_tag?post=37209"}],"curies":[{"name":"wp","href":"https:\/\/api.w.org\/{rel}","templated":true}]}}