{"id":37201,"date":"2023-04-01T17:16:12","date_gmt":"2023-04-01T15:16:12","guid":{"rendered":"https:\/\/www-lykketegning.wp3.hcweb.dev\/fornyelse\/?post_type=product&#038;p=37201"},"modified":"2026-01-05T10:41:49","modified_gmt":"2026-01-05T09:41:49","slug":"champagneglass-slipp-drommene-fri-og-svev-litt","status":"publish","type":"product","link":"https:\/\/www.lykketegning.no\/sv\/produkt\/champagneglass-slipp-drommene-fri-og-svev-litt\/","title":{"rendered":"Champagneglas ; L\u00e5t dina dr\u00f6mmar g\u00e5 och flyta lite"},"content":{"rendered":"<div class=\"product attribute sap-more-information description\">\n<div class=\"value\">Champagneglas med vacker design och gravyr. \"Glasen \u00e4r perfekta f\u00f6r mousserande viner, men passar ocks\u00e5 utm\u00e4rkt f\u00f6r att servera en f\u00e4rsk juice, cocktail eller l\u00e4ckra desserter. Med tydliga linjer och bra citat vill Lykketegning f\u00e5 dig att stanna upp ett \u00f6gonblick, ta ett djupt andetag och sedan s\u00e4tta en bra kurs fram\u00e5t.<\/div>\n<div><\/div>\n<div class=\"value\">Kan reng\u00f6ras i diskmaskin.<\/div>\n<\/div>\n<div class=\"page-title-wrapper product\">\n<h1 class=\"page-title\"><span class=\"base\" style=\"font-size: 18pt;\" data-ui-id=\"page-title-wrapper\">Lycklig dragning -Champagneglas - 35 cl<\/span><\/h1>\n<\/div>\n<div class=\"product attribute brand\">\n<div class=\"value\">Lycklig dragning<\/div>\n<\/div>\n<div class=\"product-attributes-container\">\n<div class=\"product attribute sap-additional-information\">\n<div class=\"value\">D9,5 H16 cm, , 35 cl, Kristall, Klar. Graverad text. I presentf\u00f6rpackning.<\/div>\n<\/div>\n<\/div>","protected":false},"excerpt":{"rendered":"<div class=\"product attribute sap-more-information description\">\n<div class=\"value\">Champagneglas med vacker design och gravyr. \"Glasen \u00e4r perfekta f\u00f6r mousserande viner, men passar ocks\u00e5 utm\u00e4rkt f\u00f6r att servera en f\u00e4rsk juice, cocktail eller l\u00e4ckra desserter. Med tydliga linjer och bra citat vill Lykketegning f\u00e5 dig att stanna upp ett \u00f6gonblick, ta ett djupt andetag och sedan s\u00e4tta en bra kurs fram\u00e5t.<\/div>\n<div><\/div>\n<div class=\"value\">Kan reng\u00f6ras i diskmaskin.<\/div>\n<\/div>\n<div class=\"page-title-wrapper product\">\n<h1 class=\"page-title\"><span class=\"base\" style=\"font-size: 18pt;\" data-ui-id=\"page-title-wrapper\">Lycklig dragning - Champagneglas - 35 cl<\/span><\/h1>\n<\/div>\n<div class=\"product attribute brand\">\n<div class=\"value\">Lycklig dragning<\/div>\n<\/div>\n<div class=\"product-attributes-container\">\n<div class=\"product attribute sap-additional-information\">\n<div class=\"value\">D9,5 H16 cm, , 35 cl, Kristall, Klar. Graverad text. I presentf\u00f6rpackning.<\/div>\n<\/div>\n<\/div>","protected":false},"featured_media":37202,"comment_status":"open","ping_status":"closed","template":"","meta":[],"product_brand":[],"product_cat":[197],"product_tag":[],"class_list":{"0":"post-37201","1":"product","2":"type-product","3":"status-publish","4":"has-post-thumbnail","6":"product_cat-graverte-vinglass-champagneglass","8":"first","9":"outofstock","10":"taxable","11":"shipping-taxable","12":"purchasable","13":"product-type-simple"},"yoast_head":"<!-- This site is optimized with the Yoast SEO plugin v27.5 - https:\/\/yoast.com\/product\/yoast-seo-wordpress\/ -->\n<title>Champagneglass ; Slipp dr\u00f8mmene fri og svev litt - LYKKETEGNING ILLUSTRAT\u00d8R<\/title>\n<meta name=\"robots\" content=\"index, follow, max-snippet:-1, max-image-preview:large, max-video-preview:-1\" \/>\n<link rel=\"canonical\" href=\"https:\/\/www.lykketegning.no\/sv\/product-2\/champagne-glasses-set-your-dreams-free-and-float-a-little\/\" \/>\n<meta property=\"og:locale\" content=\"sv_SE\" \/>\n<meta property=\"og:type\" content=\"article\" \/>\n<meta property=\"og:title\" content=\"Champagneglass ; Slipp dr\u00f8mmene fri og svev litt - LYKKETEGNING ILLUSTRAT\u00d8R\" \/>\n<meta property=\"og:description\" content=\"Champagnebeger med lekker utforming og gravering. &quot;Slipp dr\u00f8mmene fri og svev litt&quot; Glassene er perfekt til sprudlende viner, men ogs\u00e5 lekre \u00e5 servere en frisk juice, cocktail eller nydelige desserter. Med klare linjer og gode sitater \u00f8nsker Lykketegning \u00e5 f\u00e5 deg til \u00e5 stoppe litt opp, trekke pusten godt og deretter sette en god kurs videre.  Kan rengj\u00f8res i oppvaskmaskin.   Lykketegning - Champagneglass - 35 cl   Lykketegning    D9,5 H16 cm, , 35 cl, Krystall, Klar. Gravert tekst. I gavekartong.\" \/>\n<meta property=\"og:url\" content=\"https:\/\/www.lykketegning.no\/sv\/product-2\/champagne-glasses-set-your-dreams-free-and-float-a-little\/\" \/>\n<meta property=\"og:site_name\" content=\"LYKKETEGNING ILLUSTRAT\u00d8R\" \/>\n<meta property=\"article:publisher\" content=\"https:\/\/www.facebook.com\/lykketegning\/\" \/>\n<meta property=\"article:modified_time\" content=\"2026-01-05T09:41:49+00:00\" \/>\n<meta property=\"og:image\" content=\"https:\/\/www.lykketegning.no\/wp-content\/uploads\/2024\/04\/46203400_gb.jpg\" \/>\n\t<meta property=\"og:image:width\" content=\"700\" \/>\n\t<meta property=\"og:image:height\" content=\"700\" \/>\n\t<meta property=\"og:image:type\" content=\"image\/jpeg\" \/>\n<meta name=\"twitter:card\" content=\"summary_large_image\" \/>\n<script type=\"application\/ld+json\" class=\"yoast-schema-graph\">{\"@context\":\"https:\\\/\\\/schema.org\",\"@graph\":[{\"@type\":\"WebPage\",\"@id\":\"https:\\\/\\\/www.lykketegning.no\\\/en\\\/product-2\\\/champagne-glasses-set-your-dreams-free-and-float-a-little\\\/\",\"url\":\"https:\\\/\\\/www.lykketegning.no\\\/en\\\/product-2\\\/champagne-glasses-set-your-dreams-free-and-float-a-little\\\/\",\"name\":\"Champagneglass ; Slipp dr\u00f8mmene fri og svev litt - LYKKETEGNING ILLUSTRAT\u00d8R\",\"isPartOf\":{\"@id\":\"https:\\\/\\\/www.lykketegning.no\\\/#website\"},\"primaryImageOfPage\":{\"@id\":\"https:\\\/\\\/www.lykketegning.no\\\/en\\\/product-2\\\/champagne-glasses-set-your-dreams-free-and-float-a-little\\\/#primaryimage\"},\"image\":{\"@id\":\"https:\\\/\\\/www.lykketegning.no\\\/en\\\/product-2\\\/champagne-glasses-set-your-dreams-free-and-float-a-little\\\/#primaryimage\"},\"thumbnailUrl\":\"https:\\\/\\\/www.lykketegning.no\\\/wp-content\\\/uploads\\\/2024\\\/04\\\/46203400_gb.jpg\",\"datePublished\":\"2023-04-01T15:16:12+00:00\",\"dateModified\":\"2026-01-05T09:41:49+00:00\",\"breadcrumb\":{\"@id\":\"https:\\\/\\\/www.lykketegning.no\\\/en\\\/product-2\\\/champagne-glasses-set-your-dreams-free-and-float-a-little\\\/#breadcrumb\"},\"inLanguage\":\"sv-SE\",\"potentialAction\":[{\"@type\":\"ReadAction\",\"target\":[\"https:\\\/\\\/www.lykketegning.no\\\/en\\\/product-2\\\/champagne-glasses-set-your-dreams-free-and-float-a-little\\\/\"]}]},{\"@type\":\"ImageObject\",\"inLanguage\":\"sv-SE\",\"@id\":\"https:\\\/\\\/www.lykketegning.no\\\/en\\\/product-2\\\/champagne-glasses-set-your-dreams-free-and-float-a-little\\\/#primaryimage\",\"url\":\"https:\\\/\\\/www.lykketegning.no\\\/wp-content\\\/uploads\\\/2024\\\/04\\\/46203400_gb.jpg\",\"contentUrl\":\"https:\\\/\\\/www.lykketegning.no\\\/wp-content\\\/uploads\\\/2024\\\/04\\\/46203400_gb.jpg\",\"width\":700,\"height\":700},{\"@type\":\"BreadcrumbList\",\"@id\":\"https:\\\/\\\/www.lykketegning.no\\\/en\\\/product-2\\\/champagne-glasses-set-your-dreams-free-and-float-a-little\\\/#breadcrumb\",\"itemListElement\":[{\"@type\":\"ListItem\",\"position\":1,\"name\":\"Hjem\",\"item\":\"https:\\\/\\\/www.lykketegning.no\\\/\"},{\"@type\":\"ListItem\",\"position\":2,\"name\":\"Shop\",\"item\":\"https:\\\/\\\/www.lykketegning.no\\\/sv\\\/webbutik\\\/\"},{\"@type\":\"ListItem\",\"position\":3,\"name\":\"Champagneglass ; Slipp dr\u00f8mmene fri og svev litt\"}]},{\"@type\":\"WebSite\",\"@id\":\"https:\\\/\\\/www.lykketegning.no\\\/#website\",\"url\":\"https:\\\/\\\/www.lykketegning.no\\\/\",\"name\":\"LYKKETEGNING ILLUSTRAT\u00d8R\",\"description\":\"\",\"publisher\":{\"@id\":\"https:\\\/\\\/www.lykketegning.no\\\/#organization\"},\"potentialAction\":[{\"@type\":\"SearchAction\",\"target\":{\"@type\":\"EntryPoint\",\"urlTemplate\":\"https:\\\/\\\/www.lykketegning.no\\\/?s={search_term_string}\"},\"query-input\":{\"@type\":\"PropertyValueSpecification\",\"valueRequired\":true,\"valueName\":\"search_term_string\"}}],\"inLanguage\":\"sv-SE\"},{\"@type\":\"Organization\",\"@id\":\"https:\\\/\\\/www.lykketegning.no\\\/#organization\",\"name\":\"LYKKETEGNING ILLUSTRAT\u00d8R\",\"url\":\"https:\\\/\\\/www.lykketegning.no\\\/\",\"logo\":{\"@type\":\"ImageObject\",\"inLanguage\":\"sv-SE\",\"@id\":\"https:\\\/\\\/www.lykketegning.no\\\/#\\\/schema\\\/logo\\\/image\\\/\",\"url\":\"https:\\\/\\\/www.lykketegning.no\\\/wp-content\\\/uploads\\\/2020\\\/03\\\/Logo2020_h400px.jpg\",\"contentUrl\":\"https:\\\/\\\/www.lykketegning.no\\\/wp-content\\\/uploads\\\/2020\\\/03\\\/Logo2020_h400px.jpg\",\"width\":1024,\"height\":400,\"caption\":\"LYKKETEGNING ILLUSTRAT\u00d8R\"},\"image\":{\"@id\":\"https:\\\/\\\/www.lykketegning.no\\\/#\\\/schema\\\/logo\\\/image\\\/\"},\"sameAs\":[\"https:\\\/\\\/www.facebook.com\\\/lykketegning\\\/\",\"https:\\\/\\\/www.instagram.com\\\/lykketegning\\\/\",\"https:\\\/\\\/www.youtube.com\\\/@lykketegningillustrations\",\"https:\\\/\\\/www.tiktok.com\\\/@lykketegningillustration\"]}]}<\/script>\n<!-- \/ Yoast SEO plugin. -->","yoast_head_json":{"title":"Champagneglas ; L\u00e5t dina dr\u00f6mmar g\u00e5 i uppfyllelse och flyta lite - LYKKETNING ILLUSTRAT\u00d8R","robots":{"index":"index","follow":"follow","max-snippet":"max-snippet:-1","max-image-preview":"max-image-preview:large","max-video-preview":"max-video-preview:-1"},"canonical":"https:\/\/www.lykketegning.no\/sv\/product-2\/champagne-glasses-set-your-dreams-free-and-float-a-little\/","og_locale":"sv_SE","og_type":"article","og_title":"Champagneglass ; Slipp dr\u00f8mmene fri og svev litt - LYKKETEGNING ILLUSTRAT\u00d8R","og_description":"Champagnebeger med lekker utforming og gravering. \"Slipp dr\u00f8mmene fri og svev litt\" Glassene er perfekt til sprudlende viner, men ogs\u00e5 lekre \u00e5 servere en frisk juice, cocktail eller nydelige desserter. Med klare linjer og gode sitater \u00f8nsker Lykketegning \u00e5 f\u00e5 deg til \u00e5 stoppe litt opp, trekke pusten godt og deretter sette en god kurs videre.  Kan rengj\u00f8res i oppvaskmaskin.   Lykketegning - Champagneglass - 35 cl   Lykketegning    D9,5 H16 cm, , 35 cl, Krystall, Klar. Gravert tekst. I gavekartong.","og_url":"https:\/\/www.lykketegning.no\/sv\/product-2\/champagne-glasses-set-your-dreams-free-and-float-a-little\/","og_site_name":"LYKKETEGNING ILLUSTRAT\u00d8R","article_publisher":"https:\/\/www.facebook.com\/lykketegning\/","article_modified_time":"2026-01-05T09:41:49+00:00","og_image":[{"width":700,"height":700,"url":"https:\/\/www.lykketegning.no\/wp-content\/uploads\/2024\/04\/46203400_gb.jpg","type":"image\/jpeg"}],"twitter_card":"summary_large_image","schema":{"@context":"https:\/\/schema.org","@graph":[{"@type":"WebPage","@id":"https:\/\/www.lykketegning.no\/en\/product-2\/champagne-glasses-set-your-dreams-free-and-float-a-little\/","url":"https:\/\/www.lykketegning.no\/en\/product-2\/champagne-glasses-set-your-dreams-free-and-float-a-little\/","name":"Champagneglas ; L\u00e5t dina dr\u00f6mmar g\u00e5 i uppfyllelse och flyta lite - LYKKETNING ILLUSTRAT\u00d8R","isPartOf":{"@id":"https:\/\/www.lykketegning.no\/#website"},"primaryImageOfPage":{"@id":"https:\/\/www.lykketegning.no\/en\/product-2\/champagne-glasses-set-your-dreams-free-and-float-a-little\/#primaryimage"},"image":{"@id":"https:\/\/www.lykketegning.no\/en\/product-2\/champagne-glasses-set-your-dreams-free-and-float-a-little\/#primaryimage"},"thumbnailUrl":"https:\/\/www.lykketegning.no\/wp-content\/uploads\/2024\/04\/46203400_gb.jpg","datePublished":"2023-04-01T15:16:12+00:00","dateModified":"2026-01-05T09:41:49+00:00","breadcrumb":{"@id":"https:\/\/www.lykketegning.no\/en\/product-2\/champagne-glasses-set-your-dreams-free-and-float-a-little\/#breadcrumb"},"inLanguage":"sv-SE","potentialAction":[{"@type":"ReadAction","target":["https:\/\/www.lykketegning.no\/en\/product-2\/champagne-glasses-set-your-dreams-free-and-float-a-little\/"]}]},{"@type":"ImageObject","inLanguage":"sv-SE","@id":"https:\/\/www.lykketegning.no\/en\/product-2\/champagne-glasses-set-your-dreams-free-and-float-a-little\/#primaryimage","url":"https:\/\/www.lykketegning.no\/wp-content\/uploads\/2024\/04\/46203400_gb.jpg","contentUrl":"https:\/\/www.lykketegning.no\/wp-content\/uploads\/2024\/04\/46203400_gb.jpg","width":700,"height":700},{"@type":"BreadcrumbList","@id":"https:\/\/www.lykketegning.no\/en\/product-2\/champagne-glasses-set-your-dreams-free-and-float-a-little\/#breadcrumb","itemListElement":[{"@type":"ListItem","position":1,"name":"Hjem","item":"https:\/\/www.lykketegning.no\/"},{"@type":"ListItem","position":2,"name":"Shop","item":"https:\/\/www.lykketegning.no\/sv\/webbutik\/"},{"@type":"ListItem","position":3,"name":"Champagneglass ; Slipp dr\u00f8mmene fri og svev litt"}]},{"@type":"WebSite","@id":"https:\/\/www.lykketegning.no\/#website","url":"https:\/\/www.lykketegning.no\/","name":"LYCKLIG RITNING ILLUSTRAT\u00d6R","description":"","publisher":{"@id":"https:\/\/www.lykketegning.no\/#organization"},"potentialAction":[{"@type":"SearchAction","target":{"@type":"EntryPoint","urlTemplate":"https:\/\/www.lykketegning.no\/?s={search_term_string}"},"query-input":{"@type":"PropertyValueSpecification","valueRequired":true,"valueName":"search_term_string"}}],"inLanguage":"sv-SE"},{"@type":"Organization","@id":"https:\/\/www.lykketegning.no\/#organization","name":"LYCKLIG RITNING ILLUSTRAT\u00d6R","url":"https:\/\/www.lykketegning.no\/","logo":{"@type":"ImageObject","inLanguage":"sv-SE","@id":"https:\/\/www.lykketegning.no\/#\/schema\/logo\/image\/","url":"https:\/\/www.lykketegning.no\/wp-content\/uploads\/2020\/03\/Logo2020_h400px.jpg","contentUrl":"https:\/\/www.lykketegning.no\/wp-content\/uploads\/2020\/03\/Logo2020_h400px.jpg","width":1024,"height":400,"caption":"LYKKETEGNING ILLUSTRAT\u00d8R"},"image":{"@id":"https:\/\/www.lykketegning.no\/#\/schema\/logo\/image\/"},"sameAs":["https:\/\/www.facebook.com\/lykketegning\/","https:\/\/www.instagram.com\/lykketegning\/","https:\/\/www.youtube.com\/@lykketegningillustrations","https:\/\/www.tiktok.com\/@lykketegningillustration"]}]}},"_links":{"self":[{"href":"https:\/\/www.lykketegning.no\/sv\/wp-json\/wp\/v2\/product\/37201","targetHints":{"allow":["GET"]}}],"collection":[{"href":"https:\/\/www.lykketegning.no\/sv\/wp-json\/wp\/v2\/product"}],"about":[{"href":"https:\/\/www.lykketegning.no\/sv\/wp-json\/wp\/v2\/types\/product"}],"replies":[{"embeddable":true,"href":"https:\/\/www.lykketegning.no\/sv\/wp-json\/wp\/v2\/comments?post=37201"}],"wp:featuredmedia":[{"embeddable":true,"href":"https:\/\/www.lykketegning.no\/sv\/wp-json\/wp\/v2\/media\/37202"}],"wp:attachment":[{"href":"https:\/\/www.lykketegning.no\/sv\/wp-json\/wp\/v2\/media?parent=37201"}],"wp:term":[{"taxonomy":"product_brand","embeddable":true,"href":"https:\/\/www.lykketegning.no\/sv\/wp-json\/wp\/v2\/product_brand?post=37201"},{"taxonomy":"product_cat","embeddable":true,"href":"https:\/\/www.lykketegning.no\/sv\/wp-json\/wp\/v2\/product_cat?post=37201"},{"taxonomy":"product_tag","embeddable":true,"href":"https:\/\/www.lykketegning.no\/sv\/wp-json\/wp\/v2\/product_tag?post=37201"}],"curies":[{"name":"wp","href":"https:\/\/api.w.org\/{rel}","templated":true}]}}