{"id":36920,"date":"2025-08-21T00:03:56","date_gmt":"2025-08-20T22:03:56","guid":{"rendered":"https:\/\/www.lykketegning.no\/fornyelse\/?post_type=product&#038;p=36920"},"modified":"2026-02-16T17:10:41","modified_gmt":"2026-02-16T16:10:41","slug":"lykkekrus-lytt","status":"publish","type":"product","link":"https:\/\/www.lykketegning.no\/sv\/produkt\/lycklig-mugg-lytt\/","title":{"rendered":"Lycka mugg LYTT"},"content":{"rendered":"<p>&nbsp;<\/p>\n<p>\"Lyssna till ditt hj\u00e4rtas slag\"<\/p>\n<p>Den popul\u00e4ra nya muggen \"Lytt\" \u00e4r uts\u00f6kt att dricka ur. Best\u00e4ll nu och f\u00e5 din egen Happy Mug! Bra present till en v\u00e4n eller till dig sj\u00e4lv! Begr\u00e4nsad upplaga.<\/p>\n<p>Kolla ocks\u00e5 in muggen \"Love, enjoy, dream, live, valentine and mother's day\".<\/p>\n<p>Mugg Ljusgul D8 H9,5 400ml Material: Porslin<\/p>\n<p>T\u00e5l maskindisk<\/p>","protected":false},"excerpt":{"rendered":"<p>F\u00f6rk\u00f6p av nya muggar kommer i b\u00f6rjan av januari.<\/p>\n<p>\"Lyssna till ditt hj\u00e4rtas slag\"<\/p>\n<p>Den popul\u00e4ra nya muggen \"Lytt\" \u00e4r uts\u00f6kt att dricka ur. Best\u00e4ll nu och f\u00e5 din egen Happy Mug! Bra present till en v\u00e4n eller till dig sj\u00e4lv! Begr\u00e4nsad upplaga. Kopparna kommer i b\u00f6rjan av februari.<\/p>\n<p>Kolla ocks\u00e5 in muggen \"Love, enjoy, dream, live, valentine and mother's day\".<\/p>\n<p>Mugg Ljusgul D8 H9,5 400ml Material: Porslin<\/p>","protected":false},"featured_media":39704,"comment_status":"open","ping_status":"closed","template":"","meta":[],"product_brand":[],"product_cat":[41],"product_tag":[141,12,13,43],"class_list":{"0":"post-36920","1":"product","2":"type-product","3":"status-publish","4":"has-post-thumbnail","6":"product_cat-lykkekopper","7":"product_tag-drom","8":"product_tag-kopp","9":"product_tag-krus","10":"product_tag-lykkekopp","12":"first","13":"instock","14":"taxable","15":"shipping-taxable","16":"purchasable","17":"product-type-simple"},"yoast_head":"<!-- This site is optimized with the Yoast SEO plugin v27.3 - https:\/\/yoast.com\/product\/yoast-seo-wordpress\/ -->\n<title>Lykkekrus LYTT - LYKKETEGNING ILLUSTRAT\u00d8R<\/title>\n<meta name=\"robots\" content=\"index, follow, max-snippet:-1, max-image-preview:large, max-video-preview:-1\" \/>\n<link rel=\"canonical\" href=\"https:\/\/www.lykketegning.no\/sv\/produkt\/lycklig-mugg-lytt\/\" \/>\n<meta property=\"og:locale\" content=\"sv_SE\" \/>\n<meta property=\"og:type\" content=\"article\" \/>\n<meta property=\"og:title\" content=\"Lykkekrus LYTT - LYKKETEGNING ILLUSTRAT\u00d8R\" \/>\n<meta property=\"og:description\" content=\"Forh\u00e5ndssalg av nye krus som kommer i starten av januar.  &quot;Lytt til ditt hjertes vingeslag&quot;  Det popul\u00e6re nye kruset &quot;Lytt&quot; er nydelig \u00e5 drikke av. Bestill n\u00e5 og f\u00e5 ditt eget Lykkekrus! Flott venninnegave eller til deg selv! Begrenset opplag. Koppene kommer i starten av februar.  Sjekk ogs\u00e5 kruset &quot;Kj\u00e6rlighet, nyt, dr\u00f8m, lev, valentine og morsdag&quot;.  Krus Lys gul D8 H9,5 400ml Materiale: Porselen\" \/>\n<meta property=\"og:url\" content=\"https:\/\/www.lykketegning.no\/sv\/produkt\/lycklig-mugg-lytt\/\" \/>\n<meta property=\"og:site_name\" content=\"LYKKETEGNING ILLUSTRAT\u00d8R\" \/>\n<meta property=\"article:publisher\" content=\"https:\/\/www.facebook.com\/lykketegning\/\" \/>\n<meta property=\"article:modified_time\" content=\"2026-02-16T16:10:41+00:00\" \/>\n<meta name=\"twitter:card\" content=\"summary_large_image\" \/>\n<meta name=\"twitter:label1\" content=\"Ber\u00e4knad l\u00e4stid\" \/>\n\t<meta name=\"twitter:data1\" content=\"1 minut\" \/>\n<script type=\"application\/ld+json\" class=\"yoast-schema-graph\">{\"@context\":\"https:\\\/\\\/schema.org\",\"@graph\":[{\"@type\":\"WebPage\",\"@id\":\"https:\\\/\\\/www.lykketegning.no\\\/produkt\\\/lykkekrus-lytt\\\/\",\"url\":\"https:\\\/\\\/www.lykketegning.no\\\/produkt\\\/lykkekrus-lytt\\\/\",\"name\":\"Lykkekrus LYTT - LYKKETEGNING ILLUSTRAT\u00d8R\",\"isPartOf\":{\"@id\":\"https:\\\/\\\/www.lykketegning.no\\\/#website\"},\"primaryImageOfPage\":{\"@id\":\"https:\\\/\\\/www.lykketegning.no\\\/produkt\\\/lykkekrus-lytt\\\/#primaryimage\"},\"image\":{\"@id\":\"https:\\\/\\\/www.lykketegning.no\\\/produkt\\\/lykkekrus-lytt\\\/#primaryimage\"},\"thumbnailUrl\":\"https:\\\/\\\/www.lykketegning.no\\\/wp-content\\\/uploads\\\/2023\\\/09\\\/IMG_7229-scaled.jpg\",\"datePublished\":\"2025-08-20T22:03:56+00:00\",\"dateModified\":\"2026-02-16T16:10:41+00:00\",\"breadcrumb\":{\"@id\":\"https:\\\/\\\/www.lykketegning.no\\\/produkt\\\/lykkekrus-lytt\\\/#breadcrumb\"},\"inLanguage\":\"sv-SE\",\"potentialAction\":[{\"@type\":\"ReadAction\",\"target\":[\"https:\\\/\\\/www.lykketegning.no\\\/produkt\\\/lykkekrus-lytt\\\/\"]}]},{\"@type\":\"ImageObject\",\"inLanguage\":\"sv-SE\",\"@id\":\"https:\\\/\\\/www.lykketegning.no\\\/produkt\\\/lykkekrus-lytt\\\/#primaryimage\",\"url\":\"https:\\\/\\\/www.lykketegning.no\\\/wp-content\\\/uploads\\\/2023\\\/09\\\/IMG_7229-scaled.jpg\",\"contentUrl\":\"https:\\\/\\\/www.lykketegning.no\\\/wp-content\\\/uploads\\\/2023\\\/09\\\/IMG_7229-scaled.jpg\",\"width\":2560,\"height\":2560},{\"@type\":\"BreadcrumbList\",\"@id\":\"https:\\\/\\\/www.lykketegning.no\\\/produkt\\\/lykkekrus-lytt\\\/#breadcrumb\",\"itemListElement\":[{\"@type\":\"ListItem\",\"position\":1,\"name\":\"Hjem\",\"item\":\"https:\\\/\\\/www.lykketegning.no\\\/\"},{\"@type\":\"ListItem\",\"position\":2,\"name\":\"Shop\",\"item\":\"https:\\\/\\\/www.lykketegning.no\\\/sv\\\/webbutik\\\/\"},{\"@type\":\"ListItem\",\"position\":3,\"name\":\"Lykkekrus LYTT\"}]},{\"@type\":\"WebSite\",\"@id\":\"https:\\\/\\\/www.lykketegning.no\\\/#website\",\"url\":\"https:\\\/\\\/www.lykketegning.no\\\/\",\"name\":\"LYKKETEGNING ILLUSTRAT\u00d8R\",\"description\":\"\",\"publisher\":{\"@id\":\"https:\\\/\\\/www.lykketegning.no\\\/#organization\"},\"potentialAction\":[{\"@type\":\"SearchAction\",\"target\":{\"@type\":\"EntryPoint\",\"urlTemplate\":\"https:\\\/\\\/www.lykketegning.no\\\/?s={search_term_string}\"},\"query-input\":{\"@type\":\"PropertyValueSpecification\",\"valueRequired\":true,\"valueName\":\"search_term_string\"}}],\"inLanguage\":\"sv-SE\"},{\"@type\":\"Organization\",\"@id\":\"https:\\\/\\\/www.lykketegning.no\\\/#organization\",\"name\":\"LYKKETEGNING ILLUSTRAT\u00d8R\",\"url\":\"https:\\\/\\\/www.lykketegning.no\\\/\",\"logo\":{\"@type\":\"ImageObject\",\"inLanguage\":\"sv-SE\",\"@id\":\"https:\\\/\\\/www.lykketegning.no\\\/#\\\/schema\\\/logo\\\/image\\\/\",\"url\":\"https:\\\/\\\/www.lykketegning.no\\\/wp-content\\\/uploads\\\/2020\\\/03\\\/Logo2020_h400px.jpg\",\"contentUrl\":\"https:\\\/\\\/www.lykketegning.no\\\/wp-content\\\/uploads\\\/2020\\\/03\\\/Logo2020_h400px.jpg\",\"width\":1024,\"height\":400,\"caption\":\"LYKKETEGNING ILLUSTRAT\u00d8R\"},\"image\":{\"@id\":\"https:\\\/\\\/www.lykketegning.no\\\/#\\\/schema\\\/logo\\\/image\\\/\"},\"sameAs\":[\"https:\\\/\\\/www.facebook.com\\\/lykketegning\\\/\",\"https:\\\/\\\/www.instagram.com\\\/lykketegning\\\/\",\"https:\\\/\\\/www.youtube.com\\\/@lykketegningillustrations\",\"https:\\\/\\\/www.tiktok.com\\\/@lykketegningillustration\"]}]}<\/script>\n<!-- \/ Yoast SEO plugin. -->","yoast_head_json":{"title":"Lycklig mugg LISTEN - LYCKLIG TECKNING ILLUSTRAT\u00d6R","robots":{"index":"index","follow":"follow","max-snippet":"max-snippet:-1","max-image-preview":"max-image-preview:large","max-video-preview":"max-video-preview:-1"},"canonical":"https:\/\/www.lykketegning.no\/sv\/produkt\/lycklig-mugg-lytt\/","og_locale":"sv_SE","og_type":"article","og_title":"Lykkekrus LYTT - LYKKETEGNING ILLUSTRAT\u00d8R","og_description":"Forh\u00e5ndssalg av nye krus som kommer i starten av januar.  \"Lytt til ditt hjertes vingeslag\"  Det popul\u00e6re nye kruset \"Lytt\" er nydelig \u00e5 drikke av. Bestill n\u00e5 og f\u00e5 ditt eget Lykkekrus! Flott venninnegave eller til deg selv! Begrenset opplag. Koppene kommer i starten av februar.  Sjekk ogs\u00e5 kruset \"Kj\u00e6rlighet, nyt, dr\u00f8m, lev, valentine og morsdag\".  Krus Lys gul D8 H9,5 400ml Materiale: Porselen","og_url":"https:\/\/www.lykketegning.no\/sv\/produkt\/lycklig-mugg-lytt\/","og_site_name":"LYKKETEGNING ILLUSTRAT\u00d8R","article_publisher":"https:\/\/www.facebook.com\/lykketegning\/","article_modified_time":"2026-02-16T16:10:41+00:00","twitter_card":"summary_large_image","twitter_misc":{"Ber\u00e4knad l\u00e4stid":"1 minut"},"schema":{"@context":"https:\/\/schema.org","@graph":[{"@type":"WebPage","@id":"https:\/\/www.lykketegning.no\/produkt\/lykkekrus-lytt\/","url":"https:\/\/www.lykketegning.no\/produkt\/lykkekrus-lytt\/","name":"Lycklig mugg LISTEN - LYCKLIG TECKNING ILLUSTRAT\u00d6R","isPartOf":{"@id":"https:\/\/www.lykketegning.no\/#website"},"primaryImageOfPage":{"@id":"https:\/\/www.lykketegning.no\/produkt\/lykkekrus-lytt\/#primaryimage"},"image":{"@id":"https:\/\/www.lykketegning.no\/produkt\/lykkekrus-lytt\/#primaryimage"},"thumbnailUrl":"https:\/\/www.lykketegning.no\/wp-content\/uploads\/2023\/09\/IMG_7229-scaled.jpg","datePublished":"2025-08-20T22:03:56+00:00","dateModified":"2026-02-16T16:10:41+00:00","breadcrumb":{"@id":"https:\/\/www.lykketegning.no\/produkt\/lykkekrus-lytt\/#breadcrumb"},"inLanguage":"sv-SE","potentialAction":[{"@type":"ReadAction","target":["https:\/\/www.lykketegning.no\/produkt\/lykkekrus-lytt\/"]}]},{"@type":"ImageObject","inLanguage":"sv-SE","@id":"https:\/\/www.lykketegning.no\/produkt\/lykkekrus-lytt\/#primaryimage","url":"https:\/\/www.lykketegning.no\/wp-content\/uploads\/2023\/09\/IMG_7229-scaled.jpg","contentUrl":"https:\/\/www.lykketegning.no\/wp-content\/uploads\/2023\/09\/IMG_7229-scaled.jpg","width":2560,"height":2560},{"@type":"BreadcrumbList","@id":"https:\/\/www.lykketegning.no\/produkt\/lykkekrus-lytt\/#breadcrumb","itemListElement":[{"@type":"ListItem","position":1,"name":"Hjem","item":"https:\/\/www.lykketegning.no\/"},{"@type":"ListItem","position":2,"name":"Shop","item":"https:\/\/www.lykketegning.no\/sv\/webbutik\/"},{"@type":"ListItem","position":3,"name":"Lykkekrus LYTT"}]},{"@type":"WebSite","@id":"https:\/\/www.lykketegning.no\/#website","url":"https:\/\/www.lykketegning.no\/","name":"LYCKLIG RITNING ILLUSTRAT\u00d6R","description":"","publisher":{"@id":"https:\/\/www.lykketegning.no\/#organization"},"potentialAction":[{"@type":"SearchAction","target":{"@type":"EntryPoint","urlTemplate":"https:\/\/www.lykketegning.no\/?s={search_term_string}"},"query-input":{"@type":"PropertyValueSpecification","valueRequired":true,"valueName":"search_term_string"}}],"inLanguage":"sv-SE"},{"@type":"Organization","@id":"https:\/\/www.lykketegning.no\/#organization","name":"LYCKLIG RITNING ILLUSTRAT\u00d6R","url":"https:\/\/www.lykketegning.no\/","logo":{"@type":"ImageObject","inLanguage":"sv-SE","@id":"https:\/\/www.lykketegning.no\/#\/schema\/logo\/image\/","url":"https:\/\/www.lykketegning.no\/wp-content\/uploads\/2020\/03\/Logo2020_h400px.jpg","contentUrl":"https:\/\/www.lykketegning.no\/wp-content\/uploads\/2020\/03\/Logo2020_h400px.jpg","width":1024,"height":400,"caption":"LYKKETEGNING ILLUSTRAT\u00d8R"},"image":{"@id":"https:\/\/www.lykketegning.no\/#\/schema\/logo\/image\/"},"sameAs":["https:\/\/www.facebook.com\/lykketegning\/","https:\/\/www.instagram.com\/lykketegning\/","https:\/\/www.youtube.com\/@lykketegningillustrations","https:\/\/www.tiktok.com\/@lykketegningillustration"]}]}},"_links":{"self":[{"href":"https:\/\/www.lykketegning.no\/sv\/wp-json\/wp\/v2\/product\/36920","targetHints":{"allow":["GET"]}}],"collection":[{"href":"https:\/\/www.lykketegning.no\/sv\/wp-json\/wp\/v2\/product"}],"about":[{"href":"https:\/\/www.lykketegning.no\/sv\/wp-json\/wp\/v2\/types\/product"}],"replies":[{"embeddable":true,"href":"https:\/\/www.lykketegning.no\/sv\/wp-json\/wp\/v2\/comments?post=36920"}],"wp:featuredmedia":[{"embeddable":true,"href":"https:\/\/www.lykketegning.no\/sv\/wp-json\/wp\/v2\/media\/39704"}],"wp:attachment":[{"href":"https:\/\/www.lykketegning.no\/sv\/wp-json\/wp\/v2\/media?parent=36920"}],"wp:term":[{"taxonomy":"product_brand","embeddable":true,"href":"https:\/\/www.lykketegning.no\/sv\/wp-json\/wp\/v2\/product_brand?post=36920"},{"taxonomy":"product_cat","embeddable":true,"href":"https:\/\/www.lykketegning.no\/sv\/wp-json\/wp\/v2\/product_cat?post=36920"},{"taxonomy":"product_tag","embeddable":true,"href":"https:\/\/www.lykketegning.no\/sv\/wp-json\/wp\/v2\/product_tag?post=36920"}],"curies":[{"name":"wp","href":"https:\/\/api.w.org\/{rel}","templated":true}]}}