{"id":36889,"date":"2021-02-23T07:38:41","date_gmt":"2021-02-23T06:38:41","guid":{"rendered":"https:\/\/www.lykketegning.no\/fornyelse\/?post_type=product&#038;p=36889"},"modified":"2025-10-24T09:56:36","modified_gmt":"2025-10-24T07:56:36","slug":"lykkekrus-drom","status":"publish","type":"product","link":"https:\/\/www.lykketegning.no\/sv\/produkt\/lyckomugg-drom\/","title":{"rendered":"Glad mugg \"DR\u00d8M\""},"content":{"rendered":"<p>\"SL\u00c4PP LOSS DINA DR\u00d6MMAR OCH SV\u00c4VA IV\u00c4G LITE\"<\/p>\n<p>Den popul\u00e4ra nya muggen \"Dream\" \u00e4r uts\u00f6kt att dricka ur. Best\u00e4ll nu och f\u00e5 din egen Happy Mug! Bra present till en v\u00e4n eller till dig sj\u00e4lv! Begr\u00e4nsad upplaga.<\/p>\n<p>Kolla ocks\u00e5 in \"Love, savour and breathe\"-muggen.<\/p>\n<p>Mugg Ljusgr\u00e5 D8 H9,5 470ml Material: Keramik<\/p>\n<p>&nbsp;<\/p>","protected":false},"excerpt":{"rendered":"<p>Den popul\u00e4ra nya muggen \"Dream\" \u00e4r uts\u00f6kt att dricka ur. Best\u00e4ll nu och f\u00e5 din egen Happy Mug! Bra present till en v\u00e4n eller till dig sj\u00e4lv! Begr\u00e4nsad upplaga.<\/p>\n<p>Kolla ocks\u00e5 in \"Love, savour and breathe\"-muggen.<\/p>\n<p>Mugg Ljusgr\u00e5 D8 H9,5 470ml Material: Keramik<\/p>","protected":false},"featured_media":39753,"comment_status":"open","ping_status":"closed","template":"","meta":[],"product_brand":[],"product_cat":[41],"product_tag":[141,12,13,43],"class_list":{"0":"post-36889","1":"product","2":"type-product","3":"status-publish","4":"has-post-thumbnail","6":"product_cat-lykkekopper","7":"product_tag-drom","8":"product_tag-kopp","9":"product_tag-krus","10":"product_tag-lykkekopp","12":"first","13":"outofstock","14":"taxable","15":"shipping-taxable","16":"purchasable","17":"product-type-simple"},"yoast_head":"<!-- This site is optimized with the Yoast SEO plugin v27.3 - https:\/\/yoast.com\/product\/yoast-seo-wordpress\/ -->\n<title>Lykkekrus &quot;DR\u00d8M&quot; - LYKKETEGNING ILLUSTRAT\u00d8R<\/title>\n<meta name=\"robots\" content=\"index, follow, max-snippet:-1, max-image-preview:large, max-video-preview:-1\" \/>\n<link rel=\"canonical\" href=\"https:\/\/www.lykketegning.no\/sv\/product-2\/heldige-krus-drom\/\" \/>\n<meta property=\"og:locale\" content=\"sv_SE\" \/>\n<meta property=\"og:type\" content=\"article\" \/>\n<meta property=\"og:title\" content=\"Lykkekrus &quot;DR\u00d8M&quot; - LYKKETEGNING ILLUSTRAT\u00d8R\" \/>\n<meta property=\"og:description\" content=\"Det popul\u00e6re nye kruset &quot;Dr\u00f8m&quot; er nydelig \u00e5 drikke av. Bestill n\u00e5 og f\u00e5 ditt eget Lykkekrus! Flott venninnegave eller til deg selv! Begrenset opplag.  Sjekk ogs\u00e5 kruset &quot;Kj\u00e6rlighet, nyt og pust&quot;.  Krus Lys gr\u00e5 D8 H9,5 470ml Materiale: Keramikk\" \/>\n<meta property=\"og:url\" content=\"https:\/\/www.lykketegning.no\/sv\/product-2\/heldige-krus-drom\/\" \/>\n<meta property=\"og:site_name\" content=\"LYKKETEGNING ILLUSTRAT\u00d8R\" \/>\n<meta property=\"article:publisher\" content=\"https:\/\/www.facebook.com\/lykketegning\/\" \/>\n<meta property=\"article:modified_time\" content=\"2025-10-24T07:56:36+00:00\" \/>\n<meta name=\"twitter:card\" content=\"summary_large_image\" \/>\n<meta name=\"twitter:label1\" content=\"Ber\u00e4knad l\u00e4stid\" \/>\n\t<meta name=\"twitter:data1\" content=\"1 minut\" \/>\n<script type=\"application\/ld+json\" class=\"yoast-schema-graph\">{\"@context\":\"https:\\\/\\\/schema.org\",\"@graph\":[{\"@type\":\"WebPage\",\"@id\":\"https:\\\/\\\/www.lykketegning.no\\\/da\\\/product-2\\\/heldige-krus-drom\\\/\",\"url\":\"https:\\\/\\\/www.lykketegning.no\\\/da\\\/product-2\\\/heldige-krus-drom\\\/\",\"name\":\"Lykkekrus \\\"DR\u00d8M\\\" - LYKKETEGNING ILLUSTRAT\u00d8R\",\"isPartOf\":{\"@id\":\"https:\\\/\\\/www.lykketegning.no\\\/#website\"},\"primaryImageOfPage\":{\"@id\":\"https:\\\/\\\/www.lykketegning.no\\\/da\\\/product-2\\\/heldige-krus-drom\\\/#primaryimage\"},\"image\":{\"@id\":\"https:\\\/\\\/www.lykketegning.no\\\/da\\\/product-2\\\/heldige-krus-drom\\\/#primaryimage\"},\"thumbnailUrl\":\"https:\\\/\\\/www.lykketegning.no\\\/wp-content\\\/uploads\\\/2023\\\/09\\\/IMG_7278-scaled.jpg\",\"datePublished\":\"2021-02-23T06:38:41+00:00\",\"dateModified\":\"2025-10-24T07:56:36+00:00\",\"breadcrumb\":{\"@id\":\"https:\\\/\\\/www.lykketegning.no\\\/da\\\/product-2\\\/heldige-krus-drom\\\/#breadcrumb\"},\"inLanguage\":\"sv-SE\",\"potentialAction\":[{\"@type\":\"ReadAction\",\"target\":[\"https:\\\/\\\/www.lykketegning.no\\\/da\\\/product-2\\\/heldige-krus-drom\\\/\"]}]},{\"@type\":\"ImageObject\",\"inLanguage\":\"sv-SE\",\"@id\":\"https:\\\/\\\/www.lykketegning.no\\\/da\\\/product-2\\\/heldige-krus-drom\\\/#primaryimage\",\"url\":\"https:\\\/\\\/www.lykketegning.no\\\/wp-content\\\/uploads\\\/2023\\\/09\\\/IMG_7278-scaled.jpg\",\"contentUrl\":\"https:\\\/\\\/www.lykketegning.no\\\/wp-content\\\/uploads\\\/2023\\\/09\\\/IMG_7278-scaled.jpg\",\"width\":2560,\"height\":2560},{\"@type\":\"BreadcrumbList\",\"@id\":\"https:\\\/\\\/www.lykketegning.no\\\/da\\\/product-2\\\/heldige-krus-drom\\\/#breadcrumb\",\"itemListElement\":[{\"@type\":\"ListItem\",\"position\":1,\"name\":\"Hjem\",\"item\":\"https:\\\/\\\/www.lykketegning.no\\\/\"},{\"@type\":\"ListItem\",\"position\":2,\"name\":\"Shop\",\"item\":\"https:\\\/\\\/www.lykketegning.no\\\/sv\\\/webbutik\\\/\"},{\"@type\":\"ListItem\",\"position\":3,\"name\":\"Lykkekrus &#8220;DR\u00d8M&#8221;\"}]},{\"@type\":\"WebSite\",\"@id\":\"https:\\\/\\\/www.lykketegning.no\\\/#website\",\"url\":\"https:\\\/\\\/www.lykketegning.no\\\/\",\"name\":\"LYKKETEGNING ILLUSTRAT\u00d8R\",\"description\":\"\",\"publisher\":{\"@id\":\"https:\\\/\\\/www.lykketegning.no\\\/#organization\"},\"potentialAction\":[{\"@type\":\"SearchAction\",\"target\":{\"@type\":\"EntryPoint\",\"urlTemplate\":\"https:\\\/\\\/www.lykketegning.no\\\/?s={search_term_string}\"},\"query-input\":{\"@type\":\"PropertyValueSpecification\",\"valueRequired\":true,\"valueName\":\"search_term_string\"}}],\"inLanguage\":\"sv-SE\"},{\"@type\":\"Organization\",\"@id\":\"https:\\\/\\\/www.lykketegning.no\\\/#organization\",\"name\":\"LYKKETEGNING ILLUSTRAT\u00d8R\",\"url\":\"https:\\\/\\\/www.lykketegning.no\\\/\",\"logo\":{\"@type\":\"ImageObject\",\"inLanguage\":\"sv-SE\",\"@id\":\"https:\\\/\\\/www.lykketegning.no\\\/#\\\/schema\\\/logo\\\/image\\\/\",\"url\":\"https:\\\/\\\/www.lykketegning.no\\\/wp-content\\\/uploads\\\/2020\\\/03\\\/Logo2020_h400px.jpg\",\"contentUrl\":\"https:\\\/\\\/www.lykketegning.no\\\/wp-content\\\/uploads\\\/2020\\\/03\\\/Logo2020_h400px.jpg\",\"width\":1024,\"height\":400,\"caption\":\"LYKKETEGNING ILLUSTRAT\u00d8R\"},\"image\":{\"@id\":\"https:\\\/\\\/www.lykketegning.no\\\/#\\\/schema\\\/logo\\\/image\\\/\"},\"sameAs\":[\"https:\\\/\\\/www.facebook.com\\\/lykketegning\\\/\",\"https:\\\/\\\/www.instagram.com\\\/lykketegning\\\/\",\"https:\\\/\\\/www.youtube.com\\\/@lykketegningillustrations\",\"https:\\\/\\\/www.tiktok.com\\\/@lykketegningillustration\"]}]}<\/script>\n<!-- \/ Yoast SEO plugin. -->","yoast_head_json":{"title":"Glad mugg \"DREAM\" - Glad teckningsillustrat\u00f6r","robots":{"index":"index","follow":"follow","max-snippet":"max-snippet:-1","max-image-preview":"max-image-preview:large","max-video-preview":"max-video-preview:-1"},"canonical":"https:\/\/www.lykketegning.no\/sv\/product-2\/heldige-krus-drom\/","og_locale":"sv_SE","og_type":"article","og_title":"Lykkekrus \"DR\u00d8M\" - LYKKETEGNING ILLUSTRAT\u00d8R","og_description":"Det popul\u00e6re nye kruset \"Dr\u00f8m\" er nydelig \u00e5 drikke av. Bestill n\u00e5 og f\u00e5 ditt eget Lykkekrus! Flott venninnegave eller til deg selv! Begrenset opplag.  Sjekk ogs\u00e5 kruset \"Kj\u00e6rlighet, nyt og pust\".  Krus Lys gr\u00e5 D8 H9,5 470ml Materiale: Keramikk","og_url":"https:\/\/www.lykketegning.no\/sv\/product-2\/heldige-krus-drom\/","og_site_name":"LYKKETEGNING ILLUSTRAT\u00d8R","article_publisher":"https:\/\/www.facebook.com\/lykketegning\/","article_modified_time":"2025-10-24T07:56:36+00:00","twitter_card":"summary_large_image","twitter_misc":{"Ber\u00e4knad l\u00e4stid":"1 minut"},"schema":{"@context":"https:\/\/schema.org","@graph":[{"@type":"WebPage","@id":"https:\/\/www.lykketegning.no\/da\/product-2\/heldige-krus-drom\/","url":"https:\/\/www.lykketegning.no\/da\/product-2\/heldige-krus-drom\/","name":"Glad mugg \"DREAM\" - Glad teckningsillustrat\u00f6r","isPartOf":{"@id":"https:\/\/www.lykketegning.no\/#website"},"primaryImageOfPage":{"@id":"https:\/\/www.lykketegning.no\/da\/product-2\/heldige-krus-drom\/#primaryimage"},"image":{"@id":"https:\/\/www.lykketegning.no\/da\/product-2\/heldige-krus-drom\/#primaryimage"},"thumbnailUrl":"https:\/\/www.lykketegning.no\/wp-content\/uploads\/2023\/09\/IMG_7278-scaled.jpg","datePublished":"2021-02-23T06:38:41+00:00","dateModified":"2025-10-24T07:56:36+00:00","breadcrumb":{"@id":"https:\/\/www.lykketegning.no\/da\/product-2\/heldige-krus-drom\/#breadcrumb"},"inLanguage":"sv-SE","potentialAction":[{"@type":"ReadAction","target":["https:\/\/www.lykketegning.no\/da\/product-2\/heldige-krus-drom\/"]}]},{"@type":"ImageObject","inLanguage":"sv-SE","@id":"https:\/\/www.lykketegning.no\/da\/product-2\/heldige-krus-drom\/#primaryimage","url":"https:\/\/www.lykketegning.no\/wp-content\/uploads\/2023\/09\/IMG_7278-scaled.jpg","contentUrl":"https:\/\/www.lykketegning.no\/wp-content\/uploads\/2023\/09\/IMG_7278-scaled.jpg","width":2560,"height":2560},{"@type":"BreadcrumbList","@id":"https:\/\/www.lykketegning.no\/da\/product-2\/heldige-krus-drom\/#breadcrumb","itemListElement":[{"@type":"ListItem","position":1,"name":"Hjem","item":"https:\/\/www.lykketegning.no\/"},{"@type":"ListItem","position":2,"name":"Shop","item":"https:\/\/www.lykketegning.no\/sv\/webbutik\/"},{"@type":"ListItem","position":3,"name":"Lykkekrus &#8220;DR\u00d8M&#8221;"}]},{"@type":"WebSite","@id":"https:\/\/www.lykketegning.no\/#website","url":"https:\/\/www.lykketegning.no\/","name":"LYCKLIG RITNING ILLUSTRAT\u00d6R","description":"","publisher":{"@id":"https:\/\/www.lykketegning.no\/#organization"},"potentialAction":[{"@type":"SearchAction","target":{"@type":"EntryPoint","urlTemplate":"https:\/\/www.lykketegning.no\/?s={search_term_string}"},"query-input":{"@type":"PropertyValueSpecification","valueRequired":true,"valueName":"search_term_string"}}],"inLanguage":"sv-SE"},{"@type":"Organization","@id":"https:\/\/www.lykketegning.no\/#organization","name":"LYCKLIG RITNING ILLUSTRAT\u00d6R","url":"https:\/\/www.lykketegning.no\/","logo":{"@type":"ImageObject","inLanguage":"sv-SE","@id":"https:\/\/www.lykketegning.no\/#\/schema\/logo\/image\/","url":"https:\/\/www.lykketegning.no\/wp-content\/uploads\/2020\/03\/Logo2020_h400px.jpg","contentUrl":"https:\/\/www.lykketegning.no\/wp-content\/uploads\/2020\/03\/Logo2020_h400px.jpg","width":1024,"height":400,"caption":"LYKKETEGNING ILLUSTRAT\u00d8R"},"image":{"@id":"https:\/\/www.lykketegning.no\/#\/schema\/logo\/image\/"},"sameAs":["https:\/\/www.facebook.com\/lykketegning\/","https:\/\/www.instagram.com\/lykketegning\/","https:\/\/www.youtube.com\/@lykketegningillustrations","https:\/\/www.tiktok.com\/@lykketegningillustration"]}]}},"_links":{"self":[{"href":"https:\/\/www.lykketegning.no\/sv\/wp-json\/wp\/v2\/product\/36889","targetHints":{"allow":["GET"]}}],"collection":[{"href":"https:\/\/www.lykketegning.no\/sv\/wp-json\/wp\/v2\/product"}],"about":[{"href":"https:\/\/www.lykketegning.no\/sv\/wp-json\/wp\/v2\/types\/product"}],"replies":[{"embeddable":true,"href":"https:\/\/www.lykketegning.no\/sv\/wp-json\/wp\/v2\/comments?post=36889"}],"wp:featuredmedia":[{"embeddable":true,"href":"https:\/\/www.lykketegning.no\/sv\/wp-json\/wp\/v2\/media\/39753"}],"wp:attachment":[{"href":"https:\/\/www.lykketegning.no\/sv\/wp-json\/wp\/v2\/media?parent=36889"}],"wp:term":[{"taxonomy":"product_brand","embeddable":true,"href":"https:\/\/www.lykketegning.no\/sv\/wp-json\/wp\/v2\/product_brand?post=36889"},{"taxonomy":"product_cat","embeddable":true,"href":"https:\/\/www.lykketegning.no\/sv\/wp-json\/wp\/v2\/product_cat?post=36889"},{"taxonomy":"product_tag","embeddable":true,"href":"https:\/\/www.lykketegning.no\/sv\/wp-json\/wp\/v2\/product_tag?post=36889"}],"curies":[{"name":"wp","href":"https:\/\/api.w.org\/{rel}","templated":true}]}}