{"id":33071,"date":"2021-05-21T15:56:38","date_gmt":"2021-05-21T13:56:38","guid":{"rendered":"https:\/\/www.lykketegning.no\/?post_type=product&#038;p=33071"},"modified":"2026-03-29T19:58:26","modified_gmt":"2026-03-29T17:58:26","slug":"passende-veske-til-enhver-dame-mann-its-in-here-somewhere-hvit-bla","status":"publish","type":"product","link":"https:\/\/www.lykketegning.no\/sv\/produkt\/den-ratta-vaskan-for-varje-kvinna-man-den-finns-har-nagonstans-vit-bla\/","title":{"rendered":"R\u00e4tt v\u00e4ska f\u00f6r varje kvinna\/man - \"Den finns h\u00e4r n\u00e5gonstans\" Vit\/bl\u00e5"},"content":{"rendered":"<p>Strandv\u00e4ska i 600D polyester<\/p>\n<p>Dimensioner: 380 x360 x 170 mm<\/p>\n<p>L\u00e5nga handtag. Huvudfack med dragkedja och liten ficka med dragkedja p\u00e5 insidan.<\/p>\n<p>Finns i bl\u00e5tt och vitt. Endast i begr\u00e4nsad upplaga.<\/p>\n<p>&nbsp;<\/p>","protected":false},"excerpt":{"rendered":"<p>Superfin polyesterv\u00e4ska med dragkedja och l\u00e5nga handtag. Perfekt f\u00f6r stranden i sommar, med plats f\u00f6r en handduk, bok och vattenflaska.<\/p>","protected":false},"featured_media":33060,"comment_status":"open","ping_status":"closed","template":"","meta":[],"product_brand":[],"product_cat":[111],"product_tag":[115,116,112,117,113,114],"class_list":{"0":"post-33071","1":"product","2":"type-product","3":"status-publish","4":"has-post-thumbnail","6":"product_cat-strandbag-strikkenett","7":"product_tag-bag","8":"product_tag-sommerbag","9":"product_tag-sommerveske","10":"product_tag-strandbag","11":"product_tag-strandveske","12":"product_tag-veske","14":"first","15":"instock","16":"sale","17":"taxable","18":"shipping-taxable","19":"purchasable","20":"product-type-variable"},"yoast_head":"<!-- This site is optimized with the Yoast SEO plugin v27.3 - https:\/\/yoast.com\/product\/yoast-seo-wordpress\/ -->\n<title>Passende veske til enhver dame\/mann -&quot;It\u00b4s in here somewhere&quot; Hvit\/bl\u00e5 - LYKKETEGNING ILLUSTRAT\u00d8R<\/title>\n<meta name=\"robots\" content=\"index, follow, max-snippet:-1, max-image-preview:large, max-video-preview:-1\" \/>\n<link rel=\"canonical\" href=\"https:\/\/www.lykketegning.no\/sv\/product-2\/die-richtige-tasche-fur-jede-frau-mann-es-ist-hier-irgendwo-weis-blau\/\" \/>\n<meta property=\"og:locale\" content=\"sv_SE\" \/>\n<meta property=\"og:type\" content=\"article\" \/>\n<meta property=\"og:title\" content=\"Passende veske til enhver dame\/mann -&quot;It\u00b4s in here somewhere&quot; Hvit\/bl\u00e5 - LYKKETEGNING ILLUSTRAT\u00d8R\" \/>\n<meta property=\"og:description\" content=\"Superfin polyesterbag med glidel\u00e5s og lange h\u00e5ndtak. Feiende flott til stranden i sommer,med plass til b\u00e5de h\u00e5ndkle, bok og vannflaske.\" \/>\n<meta property=\"og:url\" content=\"https:\/\/www.lykketegning.no\/sv\/product-2\/die-richtige-tasche-fur-jede-frau-mann-es-ist-hier-irgendwo-weis-blau\/\" \/>\n<meta property=\"og:site_name\" content=\"LYKKETEGNING ILLUSTRAT\u00d8R\" \/>\n<meta property=\"article:publisher\" content=\"https:\/\/www.facebook.com\/lykketegning\/\" \/>\n<meta property=\"article:modified_time\" content=\"2026-03-29T17:58:26+00:00\" \/>\n<meta property=\"og:image\" content=\"https:\/\/www.lykketegning.no\/wp-content\/uploads\/2022\/06\/IMG_6714-scaled.jpg\" \/>\n\t<meta property=\"og:image:width\" content=\"1920\" \/>\n\t<meta property=\"og:image:height\" content=\"2560\" \/>\n\t<meta property=\"og:image:type\" content=\"image\/jpeg\" \/>\n<meta name=\"twitter:card\" content=\"summary_large_image\" \/>\n<script type=\"application\/ld+json\" class=\"yoast-schema-graph\">{\"@context\":\"https:\\\/\\\/schema.org\",\"@graph\":[{\"@type\":\"WebPage\",\"@id\":\"https:\\\/\\\/www.lykketegning.no\\\/de\\\/product-2\\\/die-richtige-tasche-fur-jede-frau-mann-es-ist-hier-irgendwo-weis-blau\\\/\",\"url\":\"https:\\\/\\\/www.lykketegning.no\\\/de\\\/product-2\\\/die-richtige-tasche-fur-jede-frau-mann-es-ist-hier-irgendwo-weis-blau\\\/\",\"name\":\"Passende veske til enhver dame\\\/mann -\\\"It\u00b4s in here somewhere\\\" Hvit\\\/bl\u00e5 - LYKKETEGNING ILLUSTRAT\u00d8R\",\"isPartOf\":{\"@id\":\"https:\\\/\\\/www.lykketegning.no\\\/#website\"},\"primaryImageOfPage\":{\"@id\":\"https:\\\/\\\/www.lykketegning.no\\\/de\\\/product-2\\\/die-richtige-tasche-fur-jede-frau-mann-es-ist-hier-irgendwo-weis-blau\\\/#primaryimage\"},\"image\":{\"@id\":\"https:\\\/\\\/www.lykketegning.no\\\/de\\\/product-2\\\/die-richtige-tasche-fur-jede-frau-mann-es-ist-hier-irgendwo-weis-blau\\\/#primaryimage\"},\"thumbnailUrl\":\"https:\\\/\\\/www.lykketegning.no\\\/wp-content\\\/uploads\\\/2022\\\/06\\\/IMG_6714-scaled.jpg\",\"datePublished\":\"2021-05-21T13:56:38+00:00\",\"dateModified\":\"2026-03-29T17:58:26+00:00\",\"breadcrumb\":{\"@id\":\"https:\\\/\\\/www.lykketegning.no\\\/de\\\/product-2\\\/die-richtige-tasche-fur-jede-frau-mann-es-ist-hier-irgendwo-weis-blau\\\/#breadcrumb\"},\"inLanguage\":\"sv-SE\",\"potentialAction\":[{\"@type\":\"ReadAction\",\"target\":[\"https:\\\/\\\/www.lykketegning.no\\\/de\\\/product-2\\\/die-richtige-tasche-fur-jede-frau-mann-es-ist-hier-irgendwo-weis-blau\\\/\"]}]},{\"@type\":\"ImageObject\",\"inLanguage\":\"sv-SE\",\"@id\":\"https:\\\/\\\/www.lykketegning.no\\\/de\\\/product-2\\\/die-richtige-tasche-fur-jede-frau-mann-es-ist-hier-irgendwo-weis-blau\\\/#primaryimage\",\"url\":\"https:\\\/\\\/www.lykketegning.no\\\/wp-content\\\/uploads\\\/2022\\\/06\\\/IMG_6714-scaled.jpg\",\"contentUrl\":\"https:\\\/\\\/www.lykketegning.no\\\/wp-content\\\/uploads\\\/2022\\\/06\\\/IMG_6714-scaled.jpg\",\"width\":1920,\"height\":2560},{\"@type\":\"BreadcrumbList\",\"@id\":\"https:\\\/\\\/www.lykketegning.no\\\/de\\\/product-2\\\/die-richtige-tasche-fur-jede-frau-mann-es-ist-hier-irgendwo-weis-blau\\\/#breadcrumb\",\"itemListElement\":[{\"@type\":\"ListItem\",\"position\":1,\"name\":\"Hjem\",\"item\":\"https:\\\/\\\/www.lykketegning.no\\\/\"},{\"@type\":\"ListItem\",\"position\":2,\"name\":\"Shop\",\"item\":\"https:\\\/\\\/www.lykketegning.no\\\/sv\\\/webbutik\\\/\"},{\"@type\":\"ListItem\",\"position\":3,\"name\":\"Passende veske til enhver dame\\\/mann -&#8220;It\u00b4s in here somewhere&#8221; Hvit\\\/bl\u00e5\"}]},{\"@type\":\"WebSite\",\"@id\":\"https:\\\/\\\/www.lykketegning.no\\\/#website\",\"url\":\"https:\\\/\\\/www.lykketegning.no\\\/\",\"name\":\"LYKKETEGNING ILLUSTRAT\u00d8R\",\"description\":\"\",\"publisher\":{\"@id\":\"https:\\\/\\\/www.lykketegning.no\\\/#organization\"},\"potentialAction\":[{\"@type\":\"SearchAction\",\"target\":{\"@type\":\"EntryPoint\",\"urlTemplate\":\"https:\\\/\\\/www.lykketegning.no\\\/?s={search_term_string}\"},\"query-input\":{\"@type\":\"PropertyValueSpecification\",\"valueRequired\":true,\"valueName\":\"search_term_string\"}}],\"inLanguage\":\"sv-SE\"},{\"@type\":\"Organization\",\"@id\":\"https:\\\/\\\/www.lykketegning.no\\\/#organization\",\"name\":\"LYKKETEGNING ILLUSTRAT\u00d8R\",\"url\":\"https:\\\/\\\/www.lykketegning.no\\\/\",\"logo\":{\"@type\":\"ImageObject\",\"inLanguage\":\"sv-SE\",\"@id\":\"https:\\\/\\\/www.lykketegning.no\\\/#\\\/schema\\\/logo\\\/image\\\/\",\"url\":\"https:\\\/\\\/www.lykketegning.no\\\/wp-content\\\/uploads\\\/2020\\\/03\\\/Logo2020_h400px.jpg\",\"contentUrl\":\"https:\\\/\\\/www.lykketegning.no\\\/wp-content\\\/uploads\\\/2020\\\/03\\\/Logo2020_h400px.jpg\",\"width\":1024,\"height\":400,\"caption\":\"LYKKETEGNING ILLUSTRAT\u00d8R\"},\"image\":{\"@id\":\"https:\\\/\\\/www.lykketegning.no\\\/#\\\/schema\\\/logo\\\/image\\\/\"},\"sameAs\":[\"https:\\\/\\\/www.facebook.com\\\/lykketegning\\\/\",\"https:\\\/\\\/www.instagram.com\\\/lykketegning\\\/\",\"https:\\\/\\\/www.youtube.com\\\/@lykketegningillustrations\",\"https:\\\/\\\/www.tiktok.com\\\/@lykketegningillustration\"]}]}<\/script>\n<!-- \/ Yoast SEO plugin. -->","yoast_head_json":{"title":"Den r\u00e4tta v\u00e4skan f\u00f6r varje kvinna\/man - \"Den finns h\u00e4r n\u00e5gonstans\" Vit\/bl\u00e5 - LYKKETEGNING ILLUSTRAT\u00d8R","robots":{"index":"index","follow":"follow","max-snippet":"max-snippet:-1","max-image-preview":"max-image-preview:large","max-video-preview":"max-video-preview:-1"},"canonical":"https:\/\/www.lykketegning.no\/sv\/product-2\/die-richtige-tasche-fur-jede-frau-mann-es-ist-hier-irgendwo-weis-blau\/","og_locale":"sv_SE","og_type":"article","og_title":"Passende veske til enhver dame\/mann -\"It\u00b4s in here somewhere\" Hvit\/bl\u00e5 - LYKKETEGNING ILLUSTRAT\u00d8R","og_description":"Superfin polyesterbag med glidel\u00e5s og lange h\u00e5ndtak. Feiende flott til stranden i sommer,med plass til b\u00e5de h\u00e5ndkle, bok og vannflaske.","og_url":"https:\/\/www.lykketegning.no\/sv\/product-2\/die-richtige-tasche-fur-jede-frau-mann-es-ist-hier-irgendwo-weis-blau\/","og_site_name":"LYKKETEGNING ILLUSTRAT\u00d8R","article_publisher":"https:\/\/www.facebook.com\/lykketegning\/","article_modified_time":"2026-03-29T17:58:26+00:00","og_image":[{"width":1920,"height":2560,"url":"https:\/\/www.lykketegning.no\/wp-content\/uploads\/2022\/06\/IMG_6714-scaled.jpg","type":"image\/jpeg"}],"twitter_card":"summary_large_image","schema":{"@context":"https:\/\/schema.org","@graph":[{"@type":"WebPage","@id":"https:\/\/www.lykketegning.no\/de\/product-2\/die-richtige-tasche-fur-jede-frau-mann-es-ist-hier-irgendwo-weis-blau\/","url":"https:\/\/www.lykketegning.no\/de\/product-2\/die-richtige-tasche-fur-jede-frau-mann-es-ist-hier-irgendwo-weis-blau\/","name":"Den r\u00e4tta v\u00e4skan f\u00f6r varje kvinna\/man - \"Den finns h\u00e4r n\u00e5gonstans\" Vit\/bl\u00e5 - LYKKETEGNING ILLUSTRAT\u00d8R","isPartOf":{"@id":"https:\/\/www.lykketegning.no\/#website"},"primaryImageOfPage":{"@id":"https:\/\/www.lykketegning.no\/de\/product-2\/die-richtige-tasche-fur-jede-frau-mann-es-ist-hier-irgendwo-weis-blau\/#primaryimage"},"image":{"@id":"https:\/\/www.lykketegning.no\/de\/product-2\/die-richtige-tasche-fur-jede-frau-mann-es-ist-hier-irgendwo-weis-blau\/#primaryimage"},"thumbnailUrl":"https:\/\/www.lykketegning.no\/wp-content\/uploads\/2022\/06\/IMG_6714-scaled.jpg","datePublished":"2021-05-21T13:56:38+00:00","dateModified":"2026-03-29T17:58:26+00:00","breadcrumb":{"@id":"https:\/\/www.lykketegning.no\/de\/product-2\/die-richtige-tasche-fur-jede-frau-mann-es-ist-hier-irgendwo-weis-blau\/#breadcrumb"},"inLanguage":"sv-SE","potentialAction":[{"@type":"ReadAction","target":["https:\/\/www.lykketegning.no\/de\/product-2\/die-richtige-tasche-fur-jede-frau-mann-es-ist-hier-irgendwo-weis-blau\/"]}]},{"@type":"ImageObject","inLanguage":"sv-SE","@id":"https:\/\/www.lykketegning.no\/de\/product-2\/die-richtige-tasche-fur-jede-frau-mann-es-ist-hier-irgendwo-weis-blau\/#primaryimage","url":"https:\/\/www.lykketegning.no\/wp-content\/uploads\/2022\/06\/IMG_6714-scaled.jpg","contentUrl":"https:\/\/www.lykketegning.no\/wp-content\/uploads\/2022\/06\/IMG_6714-scaled.jpg","width":1920,"height":2560},{"@type":"BreadcrumbList","@id":"https:\/\/www.lykketegning.no\/de\/product-2\/die-richtige-tasche-fur-jede-frau-mann-es-ist-hier-irgendwo-weis-blau\/#breadcrumb","itemListElement":[{"@type":"ListItem","position":1,"name":"Hjem","item":"https:\/\/www.lykketegning.no\/"},{"@type":"ListItem","position":2,"name":"Shop","item":"https:\/\/www.lykketegning.no\/sv\/webbutik\/"},{"@type":"ListItem","position":3,"name":"Passende veske til enhver dame\/mann -&#8220;It\u00b4s in here somewhere&#8221; Hvit\/bl\u00e5"}]},{"@type":"WebSite","@id":"https:\/\/www.lykketegning.no\/#website","url":"https:\/\/www.lykketegning.no\/","name":"LYCKLIG RITNING ILLUSTRAT\u00d6R","description":"","publisher":{"@id":"https:\/\/www.lykketegning.no\/#organization"},"potentialAction":[{"@type":"SearchAction","target":{"@type":"EntryPoint","urlTemplate":"https:\/\/www.lykketegning.no\/?s={search_term_string}"},"query-input":{"@type":"PropertyValueSpecification","valueRequired":true,"valueName":"search_term_string"}}],"inLanguage":"sv-SE"},{"@type":"Organization","@id":"https:\/\/www.lykketegning.no\/#organization","name":"LYCKLIG RITNING ILLUSTRAT\u00d6R","url":"https:\/\/www.lykketegning.no\/","logo":{"@type":"ImageObject","inLanguage":"sv-SE","@id":"https:\/\/www.lykketegning.no\/#\/schema\/logo\/image\/","url":"https:\/\/www.lykketegning.no\/wp-content\/uploads\/2020\/03\/Logo2020_h400px.jpg","contentUrl":"https:\/\/www.lykketegning.no\/wp-content\/uploads\/2020\/03\/Logo2020_h400px.jpg","width":1024,"height":400,"caption":"LYKKETEGNING ILLUSTRAT\u00d8R"},"image":{"@id":"https:\/\/www.lykketegning.no\/#\/schema\/logo\/image\/"},"sameAs":["https:\/\/www.facebook.com\/lykketegning\/","https:\/\/www.instagram.com\/lykketegning\/","https:\/\/www.youtube.com\/@lykketegningillustrations","https:\/\/www.tiktok.com\/@lykketegningillustration"]}]}},"_links":{"self":[{"href":"https:\/\/www.lykketegning.no\/sv\/wp-json\/wp\/v2\/product\/33071","targetHints":{"allow":["GET"]}}],"collection":[{"href":"https:\/\/www.lykketegning.no\/sv\/wp-json\/wp\/v2\/product"}],"about":[{"href":"https:\/\/www.lykketegning.no\/sv\/wp-json\/wp\/v2\/types\/product"}],"replies":[{"embeddable":true,"href":"https:\/\/www.lykketegning.no\/sv\/wp-json\/wp\/v2\/comments?post=33071"}],"wp:featuredmedia":[{"embeddable":true,"href":"https:\/\/www.lykketegning.no\/sv\/wp-json\/wp\/v2\/media\/33060"}],"wp:attachment":[{"href":"https:\/\/www.lykketegning.no\/sv\/wp-json\/wp\/v2\/media?parent=33071"}],"wp:term":[{"taxonomy":"product_brand","embeddable":true,"href":"https:\/\/www.lykketegning.no\/sv\/wp-json\/wp\/v2\/product_brand?post=33071"},{"taxonomy":"product_cat","embeddable":true,"href":"https:\/\/www.lykketegning.no\/sv\/wp-json\/wp\/v2\/product_cat?post=33071"},{"taxonomy":"product_tag","embeddable":true,"href":"https:\/\/www.lykketegning.no\/sv\/wp-json\/wp\/v2\/product_tag?post=33071"}],"curies":[{"name":"wp","href":"https:\/\/api.w.org\/{rel}","templated":true}]}}