{"id":42012,"date":"2026-01-20T13:20:44","date_gmt":"2026-01-20T12:20:44","guid":{"rendered":"https:\/\/www-lykketegning.wp3.hcweb.dev\/?post_type=product&#038;p=42012"},"modified":"2026-03-16T09:25:18","modified_gmt":"2026-03-16T08:25:18","slug":"vinglass-med-gravering-hver-dag-hvert-oyeblikk","status":"publish","type":"product","link":"https:\/\/www.lykketegning.no\/es\/producto\/vinglass-med-gravering-hver-dag-hvert-oyeblikk\/","title":{"rendered":"Copa de vino con el grabado \u201c\u00a1Cada d\u00eda, cada momento!\u201d"},"content":{"rendered":"<h2>Copa de vino con el grabado \u201c\u00a1Cada d\u00eda, cada momento!\u201d<\/h2>\n<p><i>\u00bfCon qu\u00e9 quieres llenar tu d\u00eda?<span class=\"Apple-converted-space\">\u00a0<\/span><\/i><\/p>\n<p><i>\u00bfEs leer un buen libro, dar paseos, escuchar m\u00fasica? No escatimes en las cosas buenas,<span class=\"Apple-converted-space\">\u00a0<\/span><\/i><\/p>\n<p><i>Cada d\u00eda, cada momento es aqu\u00ed y ahora.<\/i><\/p>\n<p><i>No hay bot\u00f3n de repetici\u00f3n,<span class=\"Apple-converted-space\">\u00a0<\/span><\/i><\/p>\n<p><i>Llena el d\u00eda como t\u00fa quieras.<\/i><\/p>\n<p><b>Ingebj\u00f8rg Rang\u00f8y Sj\u00e5land<\/b><\/p>\n<p>Copas de vino con bonito dise\u00f1o y grabado.<br \/>\nLos vasos est\u00e1n dise\u00f1ados para que pueda disfrutar tanto del tinto como del blanco, pero tambi\u00e9n son perfectos para servir un zumo fresco.<\/p>\n<p>Un regalo perfecto para regalar a un amigo o a los novios.<\/p>\n<p>Viene en una bonita caja con una ilustraci\u00f3n de Luck Drawing.<\/p>\n<p>Consulte tambi\u00e9n las otras copas de vino de la misma serie con texto diferente.<\/p>\n<p>Con l\u00edneas claras y buenas citas, Lucky Drawing quiere hacerte parar y pensar,<br \/>\nrespira profundamente y luego pon un buen rumbo hacia adelante.<br \/>\nSe puede lavar en el lavavajillas.<br \/>\nP9,5 A22,5 cm 625 ml, Vidrio, Transparente. 1 pk en caja de regalo<\/p>\n<p><strong>\"En Lykketegning, cada ilustraci\u00f3n se crea con calidez y esmero.<\/strong><br \/>\n<strong>Con colores fuertes, l\u00edneas claras y buenas citas, Happiness Drawing quiere hacerte parar un momento, respirar hondo y poner rumbo hacia delante.<\/strong><br \/>\n<strong>Los corazones y las sonrisas son de m\u00ed para ti, para recordarte que eres muy bueno\".<\/strong><\/p>\n<p>&nbsp;<\/p>\n<p>En el sitio web encontrar\u00e1 algunas ilustraciones y otros productos, como tazas, tarjetas de felicitaci\u00f3n y calendarios.<\/p>\n<p>Aqu\u00ed se a\u00f1aden constantemente nuevos productos, as\u00ed que no dude en suscribirse al bolet\u00edn para recibir actualizaciones mensuales.<\/p>\n<p>Para <strong>muchos muchos muchos muchos<\/strong> m\u00e1s ilustraciones; visita mi perfil de Instagram y Facebook.<\/p>\n<p>De hecho, todas las ilustraciones est\u00e1n a la venta. 999 SEK para A4 y 1500 SEK para A3.<\/p>\n<p>Tambi\u00e9n puede encargar el suyo propio, un regalo estupendo para bodas y otras fiestas. Ponte en contacto con nosotros.<\/p>\n<p><em>Precio: 1500kr para A4 y A5 (hasta 5 personas\/animal) coste adicional para m\u00e1s (hasta 5 personas\/animal). A3 2000kr sin gastos de env\u00edo. Necesito saber color\/tipo de pelo, altura, intereses y n\u00famero deseado de personas ilustradas. Cualquier presupuesto que desee incluido.<\/em><\/p>\n<p>Si tiene alguna pregunta, no dude en ponerse en contacto conmigo. Si desea charlar sobre una posible cooperaci\u00f3n, env\u00edeme un correo electr\u00f3nico.<\/p>\n<p>Espero tener noticias suyas y que tenga un buen d\u00eda. <a href=\"https:\/\/www.facebook.com\/lykketegning\/?locale=nb_NO\">Esto te llevar\u00e1 a mi p\u00e1gina de Facebook.<\/a> Y si quieres seguirme en<a href=\"https:\/\/www.instagram.com\/lykketegning\/?hl=nb\"> Instagram, lo encontrar\u00e1s aqu\u00ed.<\/a><\/p>\n<p>Artista<br \/>\nIngebj\u00f8rg Rang\u00f8y Sj\u00e5land<\/p>\n<p>&nbsp;<\/p>\n<p>&nbsp;<\/p>","protected":false},"excerpt":{"rendered":"<h2>Copa de vino con el grabado \u201c\u00a1Cada d\u00eda, cada momento!\u201d<\/h2>\n<p><i>\u00bfCon qu\u00e9 quieres llenar tu d\u00eda?<span class=\"Apple-converted-space\">\u00a0<\/span><\/i><\/p>\n<p><i>\u00bfEs leer un buen libro, dar paseos, escuchar m\u00fasica? No escatimes en las cosas buenas,<span class=\"Apple-converted-space\">\u00a0<\/span><\/i><\/p>\n<p><i>Cada d\u00eda, cada momento es aqu\u00ed y ahora.<\/i><\/p>\n<p><i>No hay bot\u00f3n de repetici\u00f3n,<span class=\"Apple-converted-space\">\u00a0<\/span><\/i><\/p>\n<p><i>Llena el d\u00eda como t\u00fa quieras.<\/i><\/p>\n<p><b>ingebj\u00f8rg Rang\u00f8y Sj\u00e5land<\/b><\/p>\n<p>Copa de vino con bonito dise\u00f1o y grabado. \"Tener un amigo como t\u00fa hace que la vida sea mejor\"<\/p>\n<p>Los vasos est\u00e1n dise\u00f1ados para que pueda disfrutar tanto del tinto como del blanco, pero tambi\u00e9n son perfectos para servir un zumo fresco.<\/p>\n<p>Un regalo perfecto para regalar a un amigo o a los novios.<\/p>\n<p>Viene en una bonita caja con una ilustraci\u00f3n de Luck Drawing.<\/p>\n<p>Echa un vistazo a las otras 7 copas de vino de la misma serie con texto diferente.<\/p>\n<p>Con l\u00edneas claras y buenas citas, Lucky Drawing quiere hacerte parar y pensar,<br \/>\nrespira profundamente y luego pon un buen rumbo hacia adelante.<br \/>\nSe puede lavar en el lavavajillas.<br \/>\nP9,5 A22,5 cm 625 ml, Vidrio, Transparente. 1 pk en caja de regalo<\/p>","protected":false},"featured_media":42010,"comment_status":"open","ping_status":"closed","template":"","meta":[],"product_brand":[440],"product_cat":[197],"product_tag":[441,248,442,329,198,330],"class_list":{"0":"post-42012","1":"product","2":"type-product","3":"status-publish","4":"has-post-thumbnail","6":"product_brand-vinglass","7":"product_cat-graverte-vinglass-champagneglass","8":"product_tag-gjor-mer-av-det-som-gjor-deg-glad","9":"product_tag-glass","10":"product_tag-nyhet","11":"product_tag-vin","12":"product_tag-vinglass","13":"product_tag-ol","15":"first","16":"instock","17":"featured","18":"taxable","19":"shipping-taxable","20":"purchasable","21":"product-type-simple"},"yoast_head":"<!-- This site is optimized with the Yoast SEO plugin v27.5 - https:\/\/yoast.com\/product\/yoast-seo-wordpress\/ -->\n<title>Vinglass med gravering &quot;Hver dag, hvert \u00f8yeblikk!&quot; - LYKKETEGNING ILLUSTRAT\u00d8R<\/title>\n<meta name=\"description\" content=\"Vinglass med gravering &quot;Hver dag, hvert \u00f8yeblikk!&quot; En perfekt gave \u00e5 gi til venninne eller brudepar. Du finner den hos Lykketegning\" \/>\n<meta name=\"robots\" content=\"index, follow, max-snippet:-1, max-image-preview:large, max-video-preview:-1\" \/>\n<link rel=\"canonical\" href=\"https:\/\/www.lykketegning.no\/es\/product-2\/vinglas-med-indgravering-every-day-every-moment\/\" \/>\n<meta property=\"og:locale\" content=\"es_ES\" \/>\n<meta property=\"og:type\" content=\"article\" \/>\n<meta property=\"og:title\" content=\"Vinglass med gravering &quot;Hver dag, hvert \u00f8yeblikk!&quot; - LYKKETEGNING ILLUSTRAT\u00d8R\" \/>\n<meta property=\"og:description\" content=\"Vinglass med gravering &quot;Hver dag, hvert \u00f8yeblikk!&quot; En perfekt gave \u00e5 gi til venninne eller brudepar. Du finner den hos Lykketegning\" \/>\n<meta property=\"og:url\" content=\"https:\/\/www.lykketegning.no\/es\/product-2\/vinglas-med-indgravering-every-day-every-moment\/\" \/>\n<meta property=\"og:site_name\" content=\"LYKKETEGNING ILLUSTRAT\u00d8R\" \/>\n<meta property=\"article:publisher\" content=\"https:\/\/www.facebook.com\/lykketegning\/\" \/>\n<meta property=\"article:modified_time\" content=\"2026-03-16T08:25:18+00:00\" \/>\n<meta property=\"og:image\" content=\"https:\/\/www.lykketegning.no\/wp-content\/uploads\/2026\/01\/IMG_5927-1-scaled.jpg\" \/>\n\t<meta property=\"og:image:width\" content=\"1814\" \/>\n\t<meta property=\"og:image:height\" content=\"2560\" \/>\n\t<meta property=\"og:image:type\" content=\"image\/jpeg\" \/>\n<meta name=\"twitter:card\" content=\"summary_large_image\" \/>\n<meta name=\"twitter:label1\" content=\"Tiempo de lectura\" \/>\n\t<meta name=\"twitter:data1\" content=\"3 minutos\" \/>\n<script type=\"application\/ld+json\" class=\"yoast-schema-graph\">{\"@context\":\"https:\\\/\\\/schema.org\",\"@graph\":[{\"@type\":\"WebPage\",\"@id\":\"https:\\\/\\\/www.lykketegning.no\\\/da\\\/product-2\\\/vinglas-med-indgravering-every-day-every-moment\\\/\",\"url\":\"https:\\\/\\\/www.lykketegning.no\\\/da\\\/product-2\\\/vinglas-med-indgravering-every-day-every-moment\\\/\",\"name\":\"Vinglass med gravering \\\"Hver dag, hvert \u00f8yeblikk!\\\" - LYKKETEGNING ILLUSTRAT\u00d8R\",\"isPartOf\":{\"@id\":\"https:\\\/\\\/www.lykketegning.no\\\/#website\"},\"primaryImageOfPage\":{\"@id\":\"https:\\\/\\\/www.lykketegning.no\\\/da\\\/product-2\\\/vinglas-med-indgravering-every-day-every-moment\\\/#primaryimage\"},\"image\":{\"@id\":\"https:\\\/\\\/www.lykketegning.no\\\/da\\\/product-2\\\/vinglas-med-indgravering-every-day-every-moment\\\/#primaryimage\"},\"thumbnailUrl\":\"https:\\\/\\\/www.lykketegning.no\\\/wp-content\\\/uploads\\\/2026\\\/01\\\/IMG_5927-1-scaled.jpg\",\"datePublished\":\"2026-01-20T12:20:44+00:00\",\"dateModified\":\"2026-03-16T08:25:18+00:00\",\"description\":\"Vinglass med gravering \\\"Hver dag, hvert \u00f8yeblikk!\\\" En perfekt gave \u00e5 gi til venninne eller brudepar. Du finner den hos Lykketegning\",\"breadcrumb\":{\"@id\":\"https:\\\/\\\/www.lykketegning.no\\\/da\\\/product-2\\\/vinglas-med-indgravering-every-day-every-moment\\\/#breadcrumb\"},\"inLanguage\":\"es\",\"potentialAction\":[{\"@type\":\"ReadAction\",\"target\":[\"https:\\\/\\\/www.lykketegning.no\\\/da\\\/product-2\\\/vinglas-med-indgravering-every-day-every-moment\\\/\"]}]},{\"@type\":\"ImageObject\",\"inLanguage\":\"es\",\"@id\":\"https:\\\/\\\/www.lykketegning.no\\\/da\\\/product-2\\\/vinglas-med-indgravering-every-day-every-moment\\\/#primaryimage\",\"url\":\"https:\\\/\\\/www.lykketegning.no\\\/wp-content\\\/uploads\\\/2026\\\/01\\\/IMG_5927-1-scaled.jpg\",\"contentUrl\":\"https:\\\/\\\/www.lykketegning.no\\\/wp-content\\\/uploads\\\/2026\\\/01\\\/IMG_5927-1-scaled.jpg\",\"width\":1814,\"height\":2560},{\"@type\":\"BreadcrumbList\",\"@id\":\"https:\\\/\\\/www.lykketegning.no\\\/da\\\/product-2\\\/vinglas-med-indgravering-every-day-every-moment\\\/#breadcrumb\",\"itemListElement\":[{\"@type\":\"ListItem\",\"position\":1,\"name\":\"Hjem\",\"item\":\"https:\\\/\\\/www.lykketegning.no\\\/\"},{\"@type\":\"ListItem\",\"position\":2,\"name\":\"Shop\",\"item\":\"https:\\\/\\\/www.lykketegning.no\\\/sv\\\/webbutik\\\/\"},{\"@type\":\"ListItem\",\"position\":3,\"name\":\"Vinglass med gravering &#8220;Hver dag, hvert \u00f8yeblikk!&#8221;\"}]},{\"@type\":\"WebSite\",\"@id\":\"https:\\\/\\\/www.lykketegning.no\\\/#website\",\"url\":\"https:\\\/\\\/www.lykketegning.no\\\/\",\"name\":\"LYKKETEGNING ILLUSTRAT\u00d8R\",\"description\":\"\",\"publisher\":{\"@id\":\"https:\\\/\\\/www.lykketegning.no\\\/#organization\"},\"potentialAction\":[{\"@type\":\"SearchAction\",\"target\":{\"@type\":\"EntryPoint\",\"urlTemplate\":\"https:\\\/\\\/www.lykketegning.no\\\/?s={search_term_string}\"},\"query-input\":{\"@type\":\"PropertyValueSpecification\",\"valueRequired\":true,\"valueName\":\"search_term_string\"}}],\"inLanguage\":\"es\"},{\"@type\":\"Organization\",\"@id\":\"https:\\\/\\\/www.lykketegning.no\\\/#organization\",\"name\":\"LYKKETEGNING ILLUSTRAT\u00d8R\",\"url\":\"https:\\\/\\\/www.lykketegning.no\\\/\",\"logo\":{\"@type\":\"ImageObject\",\"inLanguage\":\"es\",\"@id\":\"https:\\\/\\\/www.lykketegning.no\\\/#\\\/schema\\\/logo\\\/image\\\/\",\"url\":\"https:\\\/\\\/www.lykketegning.no\\\/wp-content\\\/uploads\\\/2020\\\/03\\\/Logo2020_h400px.jpg\",\"contentUrl\":\"https:\\\/\\\/www.lykketegning.no\\\/wp-content\\\/uploads\\\/2020\\\/03\\\/Logo2020_h400px.jpg\",\"width\":1024,\"height\":400,\"caption\":\"LYKKETEGNING ILLUSTRAT\u00d8R\"},\"image\":{\"@id\":\"https:\\\/\\\/www.lykketegning.no\\\/#\\\/schema\\\/logo\\\/image\\\/\"},\"sameAs\":[\"https:\\\/\\\/www.facebook.com\\\/lykketegning\\\/\",\"https:\\\/\\\/www.instagram.com\\\/lykketegning\\\/\",\"https:\\\/\\\/www.youtube.com\\\/@lykketegningillustrations\",\"https:\\\/\\\/www.tiktok.com\\\/@lykketegningillustration\"]}]}<\/script>\n<!-- \/ Yoast SEO plugin. -->","yoast_head_json":{"title":"Copa de vino con grabado \"\u00a1Cada d\u00eda, cada momento!\" - DIBUJO ILUSTRADOR DE LA SUERTE","description":"Copa de vino con el grabado \"\u00a1Cada d\u00eda, cada momento!\". Un regalo perfecto para regalar a un amigo o a los novios. Lo encontrar\u00e1 en Lykketegning","robots":{"index":"index","follow":"follow","max-snippet":"max-snippet:-1","max-image-preview":"max-image-preview:large","max-video-preview":"max-video-preview:-1"},"canonical":"https:\/\/www.lykketegning.no\/es\/product-2\/vinglas-med-indgravering-every-day-every-moment\/","og_locale":"es_ES","og_type":"article","og_title":"Vinglass med gravering \"Hver dag, hvert \u00f8yeblikk!\" - LYKKETEGNING ILLUSTRAT\u00d8R","og_description":"Vinglass med gravering \"Hver dag, hvert \u00f8yeblikk!\" En perfekt gave \u00e5 gi til venninne eller brudepar. Du finner den hos Lykketegning","og_url":"https:\/\/www.lykketegning.no\/es\/product-2\/vinglas-med-indgravering-every-day-every-moment\/","og_site_name":"LYKKETEGNING ILLUSTRAT\u00d8R","article_publisher":"https:\/\/www.facebook.com\/lykketegning\/","article_modified_time":"2026-03-16T08:25:18+00:00","og_image":[{"width":1814,"height":2560,"url":"https:\/\/www.lykketegning.no\/wp-content\/uploads\/2026\/01\/IMG_5927-1-scaled.jpg","type":"image\/jpeg"}],"twitter_card":"summary_large_image","twitter_misc":{"Tiempo de lectura":"3 minutos"},"schema":{"@context":"https:\/\/schema.org","@graph":[{"@type":"WebPage","@id":"https:\/\/www.lykketegning.no\/da\/product-2\/vinglas-med-indgravering-every-day-every-moment\/","url":"https:\/\/www.lykketegning.no\/da\/product-2\/vinglas-med-indgravering-every-day-every-moment\/","name":"Copa de vino con grabado \"\u00a1Cada d\u00eda, cada momento!\" - DIBUJO ILUSTRADOR DE LA SUERTE","isPartOf":{"@id":"https:\/\/www.lykketegning.no\/#website"},"primaryImageOfPage":{"@id":"https:\/\/www.lykketegning.no\/da\/product-2\/vinglas-med-indgravering-every-day-every-moment\/#primaryimage"},"image":{"@id":"https:\/\/www.lykketegning.no\/da\/product-2\/vinglas-med-indgravering-every-day-every-moment\/#primaryimage"},"thumbnailUrl":"https:\/\/www.lykketegning.no\/wp-content\/uploads\/2026\/01\/IMG_5927-1-scaled.jpg","datePublished":"2026-01-20T12:20:44+00:00","dateModified":"2026-03-16T08:25:18+00:00","description":"Copa de vino con el grabado \"\u00a1Cada d\u00eda, cada momento!\". Un regalo perfecto para regalar a un amigo o a los novios. Lo encontrar\u00e1 en Lykketegning","breadcrumb":{"@id":"https:\/\/www.lykketegning.no\/da\/product-2\/vinglas-med-indgravering-every-day-every-moment\/#breadcrumb"},"inLanguage":"es","potentialAction":[{"@type":"ReadAction","target":["https:\/\/www.lykketegning.no\/da\/product-2\/vinglas-med-indgravering-every-day-every-moment\/"]}]},{"@type":"ImageObject","inLanguage":"es","@id":"https:\/\/www.lykketegning.no\/da\/product-2\/vinglas-med-indgravering-every-day-every-moment\/#primaryimage","url":"https:\/\/www.lykketegning.no\/wp-content\/uploads\/2026\/01\/IMG_5927-1-scaled.jpg","contentUrl":"https:\/\/www.lykketegning.no\/wp-content\/uploads\/2026\/01\/IMG_5927-1-scaled.jpg","width":1814,"height":2560},{"@type":"BreadcrumbList","@id":"https:\/\/www.lykketegning.no\/da\/product-2\/vinglas-med-indgravering-every-day-every-moment\/#breadcrumb","itemListElement":[{"@type":"ListItem","position":1,"name":"Hjem","item":"https:\/\/www.lykketegning.no\/"},{"@type":"ListItem","position":2,"name":"Shop","item":"https:\/\/www.lykketegning.no\/sv\/webbutik\/"},{"@type":"ListItem","position":3,"name":"Vinglass med gravering &#8220;Hver dag, hvert \u00f8yeblikk!&#8221;"}]},{"@type":"WebSite","@id":"https:\/\/www.lykketegning.no\/#website","url":"https:\/\/www.lykketegning.no\/","name":"SUERTE DIBUJO ILUSTRADOR","description":"","publisher":{"@id":"https:\/\/www.lykketegning.no\/#organization"},"potentialAction":[{"@type":"SearchAction","target":{"@type":"EntryPoint","urlTemplate":"https:\/\/www.lykketegning.no\/?s={search_term_string}"},"query-input":{"@type":"PropertyValueSpecification","valueRequired":true,"valueName":"search_term_string"}}],"inLanguage":"es"},{"@type":"Organization","@id":"https:\/\/www.lykketegning.no\/#organization","name":"SUERTE DIBUJO ILUSTRADOR","url":"https:\/\/www.lykketegning.no\/","logo":{"@type":"ImageObject","inLanguage":"es","@id":"https:\/\/www.lykketegning.no\/#\/schema\/logo\/image\/","url":"https:\/\/www.lykketegning.no\/wp-content\/uploads\/2020\/03\/Logo2020_h400px.jpg","contentUrl":"https:\/\/www.lykketegning.no\/wp-content\/uploads\/2020\/03\/Logo2020_h400px.jpg","width":1024,"height":400,"caption":"LYKKETEGNING ILLUSTRAT\u00d8R"},"image":{"@id":"https:\/\/www.lykketegning.no\/#\/schema\/logo\/image\/"},"sameAs":["https:\/\/www.facebook.com\/lykketegning\/","https:\/\/www.instagram.com\/lykketegning\/","https:\/\/www.youtube.com\/@lykketegningillustrations","https:\/\/www.tiktok.com\/@lykketegningillustration"]}]}},"_links":{"self":[{"href":"https:\/\/www.lykketegning.no\/es\/wp-json\/wp\/v2\/product\/42012","targetHints":{"allow":["GET"]}}],"collection":[{"href":"https:\/\/www.lykketegning.no\/es\/wp-json\/wp\/v2\/product"}],"about":[{"href":"https:\/\/www.lykketegning.no\/es\/wp-json\/wp\/v2\/types\/product"}],"replies":[{"embeddable":true,"href":"https:\/\/www.lykketegning.no\/es\/wp-json\/wp\/v2\/comments?post=42012"}],"wp:featuredmedia":[{"embeddable":true,"href":"https:\/\/www.lykketegning.no\/es\/wp-json\/wp\/v2\/media\/42010"}],"wp:attachment":[{"href":"https:\/\/www.lykketegning.no\/es\/wp-json\/wp\/v2\/media?parent=42012"}],"wp:term":[{"taxonomy":"product_brand","embeddable":true,"href":"https:\/\/www.lykketegning.no\/es\/wp-json\/wp\/v2\/product_brand?post=42012"},{"taxonomy":"product_cat","embeddable":true,"href":"https:\/\/www.lykketegning.no\/es\/wp-json\/wp\/v2\/product_cat?post=42012"},{"taxonomy":"product_tag","embeddable":true,"href":"https:\/\/www.lykketegning.no\/es\/wp-json\/wp\/v2\/product_tag?post=42012"}],"curies":[{"name":"wp","href":"https:\/\/api.w.org\/{rel}","templated":true}]}}