{"id":38965,"date":"2025-01-01T16:05:00","date_gmt":"2025-01-01T15:05:00","guid":{"rendered":"https:\/\/www.lykketegning.no\/?post_type=product&#038;p=38965"},"modified":"2026-04-11T11:14:04","modified_gmt":"2026-04-11T09:14:04","slug":"rosa-fin-takknemlighets-journal-dagbok","status":"publish","type":"product","link":"https:\/\/www.lykketegning.no\/es\/producto\/diario-de-gratitud-rosa\/","title":{"rendered":"Rosa fin Diario\/agenda de agradecimiento."},"content":{"rendered":"<h2>Rosa fin Diario\/agenda de agradecimiento.<\/h2>\n<p class=\"cvGsUA direction-ltr align-center para-style-body\"><span class=\"OYPEnA font-feature-liga-off font-feature-clig-off font-feature-calt-off text-decoration-none text-strikethrough-none\">Este libro puede ayudarte a encontrar la paz en la vida cotidiana y a apreciar los momentos peque\u00f1os pero importantes.<\/span><\/p>\n<p class=\"cvGsUA direction-ltr align-center para-style-body\"><span class=\"OYPEnA font-feature-liga-off font-feature-clig-off font-feature-calt-off text-decoration-none text-strikethrough-none\">Escribir por qu\u00e9 est\u00e1s agradecido te ayuda a reconocer las cosas buenas de la vida, incluso cuando los d\u00edas son ajetreados o dif\u00edciles.<\/span><\/p>\n<p class=\"cvGsUA direction-ltr align-center para-style-body\"><span class=\"OYPEnA font-feature-liga-off font-feature-clig-off font-feature-calt-off text-decoration-none text-strikethrough-none\">No se trata necesariamente de grandes acontecimientos, sino de las peque\u00f1as cosas que pueden dar alegr\u00eda. Una taza de caf\u00e9 caliente por la ma\u00f1ana, una sonrisa amable de un desconocido o una agradable conversaci\u00f3n con un buen amigo.<\/span><\/p>\n<p class=\"cvGsUA direction-ltr align-center para-style-body\"><span class=\"OYPEnA font-feature-liga-off font-feature-clig-off font-feature-calt-off text-decoration-none text-strikethrough-none\">Cuando te tomas el tiempo de escribir sobre lo que agradeces, te ayudas a ti mismo a cambiar tu enfoque de lo que falta a lo que ya est\u00e1 ah\u00ed.<\/span><\/p>\n<p class=\"cvGsUA direction-ltr align-center para-style-body\"><span class=\"OYPEnA font-feature-liga-off font-feature-clig-off font-feature-calt-off text-decoration-none text-strikethrough-none\">Al fin y al cabo, hay muchos destellos de luz ah\u00ed fuera...<\/span><\/p>\n<p class=\"cvGsUA direction-ltr align-center para-style-body\"><span class=\"OYPEnA font-feature-liga-off font-feature-clig-off font-feature-calt-off text-decoration-none text-strikethrough-none\">Llevar un diario de agradecimientos con regularidad puede ayudarle a mejorar su estado de \u00e1nimo, reducir el estr\u00e9s y aumentar su sensaci\u00f3n de felicidad.<\/span><\/p>\n<p class=\"cvGsUA direction-ltr align-center para-style-body\"><span class=\"OYPEnA font-feature-liga-off font-feature-clig-off font-feature-calt-off text-decoration-none text-strikethrough-none\">Puedes escribir sobre tres cosas al d\u00eda que aprecies, o elegir otro m\u00e9todo que te resulte natural. Sea como sea, espero que tu diario te traiga alegr\u00eda y buenos pensamientos.<\/span><\/p>\n<p class=\"cvGsUA direction-ltr align-center para-style-body\"><span class=\"OYPEnA font-feature-liga-off font-feature-clig-off font-feature-calt-off text-decoration-none text-strikethrough-none\">Ingebj\u00f8rg<\/span><\/p>\n<p>Libro A5 de 136 p\u00e1ginas.<\/p>\n<h4>M\u00e1s informaci\u00f3n sobre el sorteo Lucky:<\/h4>\n<div class=\"row tab-table-row\">\n<div class=\"col-xs-6\"><strong>\"En Lykketegning, cada ilustraci\u00f3n se crea con calidez y esmero.<\/strong><br \/>\n<strong>Con colores fuertes, l\u00edneas claras y buenas citas, Happiness Drawing quiere hacerte parar un momento, respirar hondo y poner rumbo hacia delante.<\/strong><br \/>\n<strong>Los corazones y las sonrisas son de m\u00ed para ti, para recordarte que eres muy bueno\".<\/strong><\/div>\n<div class=\"col-xs-6\">\n<p>En el sitio web encontrar\u00e1 algunas ilustraciones y otros productos como tazas, tarjetas de felicitaci\u00f3n y calendarios, y constantemente se a\u00f1aden nuevos productos, as\u00ed que no dude en suscribirse al bolet\u00edn para recibir actualizaciones mensuales.<\/p>\n<p>Para <strong>muchos muchos muchos muchos<\/strong> m\u00e1s ilustraciones; visita mi perfil de Instagram y Facebook.<\/p>\n<p>De hecho, todas las ilustraciones est\u00e1n a la venta. 999 SEK para A4 y 1500 SEK para A3.<\/p>\n<p>Tambi\u00e9n puede encargar el suyo propio, un regalo estupendo para bodas y otras fiestas. Ponte en contacto con nosotros.<\/p>\n<p><em>Precio: 1500kr para A4 y A5 (hasta 5 personas\/animal) coste adicional para m\u00e1s (hasta 5 personas\/animal). A3 2000kr sin gastos de env\u00edo. Necesito saber color\/tipo de pelo, altura, intereses y n\u00famero deseado de personas ilustradas. Cualquier presupuesto que desee incluido.<\/em><\/p>\n<p>Si tiene alguna pregunta, no dude en ponerse en contacto conmigo. Si desea charlar sobre una posible cooperaci\u00f3n, env\u00edeme un correo electr\u00f3nico.<\/p>\n<p>Espero tener noticias suyas y que tenga un buen d\u00eda. <a href=\"https:\/\/www.facebook.com\/lykketegning\/?locale=nb_NO\">Esto te llevar\u00e1 a mi p\u00e1gina de Facebook.<\/a> Y si quieres seguirme en<a href=\"https:\/\/www.instagram.com\/lykketegning\/?hl=nb\"> Instagram, lo encontrar\u00e1s aqu\u00ed.<\/a><\/p>\n<p>Artista<br \/>\nIngebj\u00f8rg Rang\u00f8y Sj\u00e5land<\/p>\n<p>&nbsp;<\/p>\n<\/div>\n<\/div>\n<div><\/div>\n<p>&nbsp;<\/p>","protected":false},"excerpt":{"rendered":"<h2>Rosa fin Diario\/agenda de agradecimiento.<\/h2>\n<p class=\"cvGsUA direction-ltr align-center para-style-body\"><span class=\"OYPEnA font-feature-liga-off font-feature-clig-off font-feature-calt-off text-decoration-none text-strikethrough-none\">Este libro puede ayudarte a encontrar la paz en la vida cotidiana y a apreciar los momentos peque\u00f1os pero importantes.<\/span><\/p>\n<p class=\"cvGsUA direction-ltr align-center para-style-body\"><span class=\"OYPEnA font-feature-liga-off font-feature-clig-off font-feature-calt-off text-decoration-none text-strikethrough-none\">Escribir por qu\u00e9 est\u00e1s agradecido te ayuda a reconocer las cosas buenas de la vida, incluso cuando los d\u00edas son ajetreados o dif\u00edciles.<\/span><\/p>","protected":false},"featured_media":39800,"comment_status":"closed","ping_status":"closed","template":"","meta":[],"product_brand":[],"product_cat":[349],"product_tag":[353,390,389,388],"class_list":{"0":"post-38965","1":"product","2":"type-product","3":"status-publish","4":"has-post-thumbnail","6":"product_cat-illustrerte-boker","7":"product_tag-bok","8":"product_tag-dagbok","9":"product_tag-takknemlighet","10":"product_tag-takknemlighetsjournal","12":"first","13":"instock","14":"featured","15":"taxable","16":"shipping-taxable","17":"purchasable","18":"product-type-simple"},"yoast_head":"<!-- This site is optimized with the Yoast SEO plugin v27.4 - https:\/\/yoast.com\/product\/yoast-seo-wordpress\/ -->\n<title>Rosa fin Takknemlighets-journal\/dagbok. - LYKKETEGNING ILLUSTRAT\u00d8R<\/title>\n<meta name=\"description\" content=\"Takknemlighets-journal fra Lykketegning. Denne boken kan hjelpe deg med \u00e5 finne ro i hverdagen og sette pris p\u00e5 de sm\u00e5, men viktige \u00f8yeblikkene.\" \/>\n<meta name=\"robots\" content=\"index, follow, max-snippet:-1, max-image-preview:large, max-video-preview:-1\" \/>\n<link rel=\"canonical\" href=\"https:\/\/www.lykketegning.no\/es\/producto\/diario-de-gratitud-rosa\/\" \/>\n<meta property=\"og:locale\" content=\"es_ES\" \/>\n<meta property=\"og:type\" content=\"article\" \/>\n<meta property=\"og:title\" content=\"Rosa fin Takknemlighets-journal\/dagbok. - LYKKETEGNING ILLUSTRAT\u00d8R\" \/>\n<meta property=\"og:description\" content=\"Takknemlighets-journal fra Lykketegning. Denne boken kan hjelpe deg med \u00e5 finne ro i hverdagen og sette pris p\u00e5 de sm\u00e5, men viktige \u00f8yeblikkene.\" \/>\n<meta property=\"og:url\" content=\"https:\/\/www.lykketegning.no\/es\/producto\/diario-de-gratitud-rosa\/\" \/>\n<meta property=\"og:site_name\" content=\"LYKKETEGNING ILLUSTRAT\u00d8R\" \/>\n<meta property=\"article:publisher\" content=\"https:\/\/www.facebook.com\/lykketegning\/\" \/>\n<meta property=\"article:modified_time\" content=\"2026-04-11T09:14:04+00:00\" \/>\n<meta property=\"og:image\" content=\"https:\/\/www.lykketegning.no\/wp-content\/uploads\/2025\/04\/IMG_9685-2-scaled.jpg\" \/>\n\t<meta property=\"og:image:width\" content=\"1862\" \/>\n\t<meta property=\"og:image:height\" content=\"2560\" \/>\n\t<meta property=\"og:image:type\" content=\"image\/jpeg\" \/>\n<meta name=\"twitter:card\" content=\"summary_large_image\" \/>\n<meta name=\"twitter:label1\" content=\"Tiempo de lectura\" \/>\n\t<meta name=\"twitter:data1\" content=\"3 minutos\" \/>\n<script type=\"application\/ld+json\" class=\"yoast-schema-graph\">{\"@context\":\"https:\\\/\\\/schema.org\",\"@graph\":[{\"@type\":\"WebPage\",\"@id\":\"https:\\\/\\\/www.lykketegning.no\\\/produkt\\\/rosa-fin-takknemlighets-journal-dagbok\\\/\",\"url\":\"https:\\\/\\\/www.lykketegning.no\\\/produkt\\\/rosa-fin-takknemlighets-journal-dagbok\\\/\",\"name\":\"Rosa fin Takknemlighets-journal\\\/dagbok. - LYKKETEGNING ILLUSTRAT\u00d8R\",\"isPartOf\":{\"@id\":\"https:\\\/\\\/www.lykketegning.no\\\/#website\"},\"primaryImageOfPage\":{\"@id\":\"https:\\\/\\\/www.lykketegning.no\\\/produkt\\\/rosa-fin-takknemlighets-journal-dagbok\\\/#primaryimage\"},\"image\":{\"@id\":\"https:\\\/\\\/www.lykketegning.no\\\/produkt\\\/rosa-fin-takknemlighets-journal-dagbok\\\/#primaryimage\"},\"thumbnailUrl\":\"https:\\\/\\\/www.lykketegning.no\\\/wp-content\\\/uploads\\\/2025\\\/04\\\/IMG_9685-2-scaled.jpg\",\"datePublished\":\"2025-01-01T15:05:00+00:00\",\"dateModified\":\"2026-04-11T09:14:04+00:00\",\"description\":\"Takknemlighets-journal fra Lykketegning. Denne boken kan hjelpe deg med \u00e5 finne ro i hverdagen og sette pris p\u00e5 de sm\u00e5, men viktige \u00f8yeblikkene.\",\"breadcrumb\":{\"@id\":\"https:\\\/\\\/www.lykketegning.no\\\/produkt\\\/rosa-fin-takknemlighets-journal-dagbok\\\/#breadcrumb\"},\"inLanguage\":\"es\",\"potentialAction\":[{\"@type\":\"ReadAction\",\"target\":[\"https:\\\/\\\/www.lykketegning.no\\\/produkt\\\/rosa-fin-takknemlighets-journal-dagbok\\\/\"]}]},{\"@type\":\"ImageObject\",\"inLanguage\":\"es\",\"@id\":\"https:\\\/\\\/www.lykketegning.no\\\/produkt\\\/rosa-fin-takknemlighets-journal-dagbok\\\/#primaryimage\",\"url\":\"https:\\\/\\\/www.lykketegning.no\\\/wp-content\\\/uploads\\\/2025\\\/04\\\/IMG_9685-2-scaled.jpg\",\"contentUrl\":\"https:\\\/\\\/www.lykketegning.no\\\/wp-content\\\/uploads\\\/2025\\\/04\\\/IMG_9685-2-scaled.jpg\",\"width\":1862,\"height\":2560},{\"@type\":\"BreadcrumbList\",\"@id\":\"https:\\\/\\\/www.lykketegning.no\\\/produkt\\\/rosa-fin-takknemlighets-journal-dagbok\\\/#breadcrumb\",\"itemListElement\":[{\"@type\":\"ListItem\",\"position\":1,\"name\":\"Hjem\",\"item\":\"https:\\\/\\\/www.lykketegning.no\\\/\"},{\"@type\":\"ListItem\",\"position\":2,\"name\":\"Shop\",\"item\":\"https:\\\/\\\/www.lykketegning.no\\\/sv\\\/webbutik\\\/\"},{\"@type\":\"ListItem\",\"position\":3,\"name\":\"Rosa fin Takknemlighets-journal\\\/dagbok.\"}]},{\"@type\":\"WebSite\",\"@id\":\"https:\\\/\\\/www.lykketegning.no\\\/#website\",\"url\":\"https:\\\/\\\/www.lykketegning.no\\\/\",\"name\":\"LYKKETEGNING ILLUSTRAT\u00d8R\",\"description\":\"\",\"publisher\":{\"@id\":\"https:\\\/\\\/www.lykketegning.no\\\/#organization\"},\"potentialAction\":[{\"@type\":\"SearchAction\",\"target\":{\"@type\":\"EntryPoint\",\"urlTemplate\":\"https:\\\/\\\/www.lykketegning.no\\\/?s={search_term_string}\"},\"query-input\":{\"@type\":\"PropertyValueSpecification\",\"valueRequired\":true,\"valueName\":\"search_term_string\"}}],\"inLanguage\":\"es\"},{\"@type\":\"Organization\",\"@id\":\"https:\\\/\\\/www.lykketegning.no\\\/#organization\",\"name\":\"LYKKETEGNING ILLUSTRAT\u00d8R\",\"url\":\"https:\\\/\\\/www.lykketegning.no\\\/\",\"logo\":{\"@type\":\"ImageObject\",\"inLanguage\":\"es\",\"@id\":\"https:\\\/\\\/www.lykketegning.no\\\/#\\\/schema\\\/logo\\\/image\\\/\",\"url\":\"https:\\\/\\\/www.lykketegning.no\\\/wp-content\\\/uploads\\\/2020\\\/03\\\/Logo2020_h400px.jpg\",\"contentUrl\":\"https:\\\/\\\/www.lykketegning.no\\\/wp-content\\\/uploads\\\/2020\\\/03\\\/Logo2020_h400px.jpg\",\"width\":1024,\"height\":400,\"caption\":\"LYKKETEGNING ILLUSTRAT\u00d8R\"},\"image\":{\"@id\":\"https:\\\/\\\/www.lykketegning.no\\\/#\\\/schema\\\/logo\\\/image\\\/\"},\"sameAs\":[\"https:\\\/\\\/www.facebook.com\\\/lykketegning\\\/\",\"https:\\\/\\\/www.instagram.com\\\/lykketegning\\\/\",\"https:\\\/\\\/www.youtube.com\\\/@lykketegningillustrations\",\"https:\\\/\\\/www.tiktok.com\\\/@lykketegningillustration\"]}]}<\/script>\n<!-- \/ Yoast SEO plugin. -->","yoast_head_json":{"title":"Diario de gratitud rosa - LUCKY DRAWING ILLUSTRATOR","description":"Diario de gratitud de Happiness Drawing. Este libro puede ayudarte a encontrar la paz en la vida cotidiana y a apreciar los momentos peque\u00f1os pero importantes.","robots":{"index":"index","follow":"follow","max-snippet":"max-snippet:-1","max-image-preview":"max-image-preview:large","max-video-preview":"max-video-preview:-1"},"canonical":"https:\/\/www.lykketegning.no\/es\/producto\/diario-de-gratitud-rosa\/","og_locale":"es_ES","og_type":"article","og_title":"Rosa fin Takknemlighets-journal\/dagbok. - LYKKETEGNING ILLUSTRAT\u00d8R","og_description":"Takknemlighets-journal fra Lykketegning. Denne boken kan hjelpe deg med \u00e5 finne ro i hverdagen og sette pris p\u00e5 de sm\u00e5, men viktige \u00f8yeblikkene.","og_url":"https:\/\/www.lykketegning.no\/es\/producto\/diario-de-gratitud-rosa\/","og_site_name":"LYKKETEGNING ILLUSTRAT\u00d8R","article_publisher":"https:\/\/www.facebook.com\/lykketegning\/","article_modified_time":"2026-04-11T09:14:04+00:00","og_image":[{"width":1862,"height":2560,"url":"https:\/\/www.lykketegning.no\/wp-content\/uploads\/2025\/04\/IMG_9685-2-scaled.jpg","type":"image\/jpeg"}],"twitter_card":"summary_large_image","twitter_misc":{"Tiempo de lectura":"3 minutos"},"schema":{"@context":"https:\/\/schema.org","@graph":[{"@type":"WebPage","@id":"https:\/\/www.lykketegning.no\/produkt\/rosa-fin-takknemlighets-journal-dagbok\/","url":"https:\/\/www.lykketegning.no\/produkt\/rosa-fin-takknemlighets-journal-dagbok\/","name":"Diario de gratitud rosa - LUCKY DRAWING ILLUSTRATOR","isPartOf":{"@id":"https:\/\/www.lykketegning.no\/#website"},"primaryImageOfPage":{"@id":"https:\/\/www.lykketegning.no\/produkt\/rosa-fin-takknemlighets-journal-dagbok\/#primaryimage"},"image":{"@id":"https:\/\/www.lykketegning.no\/produkt\/rosa-fin-takknemlighets-journal-dagbok\/#primaryimage"},"thumbnailUrl":"https:\/\/www.lykketegning.no\/wp-content\/uploads\/2025\/04\/IMG_9685-2-scaled.jpg","datePublished":"2025-01-01T15:05:00+00:00","dateModified":"2026-04-11T09:14:04+00:00","description":"Diario de gratitud de Happiness Drawing. Este libro puede ayudarte a encontrar la paz en la vida cotidiana y a apreciar los momentos peque\u00f1os pero importantes.","breadcrumb":{"@id":"https:\/\/www.lykketegning.no\/produkt\/rosa-fin-takknemlighets-journal-dagbok\/#breadcrumb"},"inLanguage":"es","potentialAction":[{"@type":"ReadAction","target":["https:\/\/www.lykketegning.no\/produkt\/rosa-fin-takknemlighets-journal-dagbok\/"]}]},{"@type":"ImageObject","inLanguage":"es","@id":"https:\/\/www.lykketegning.no\/produkt\/rosa-fin-takknemlighets-journal-dagbok\/#primaryimage","url":"https:\/\/www.lykketegning.no\/wp-content\/uploads\/2025\/04\/IMG_9685-2-scaled.jpg","contentUrl":"https:\/\/www.lykketegning.no\/wp-content\/uploads\/2025\/04\/IMG_9685-2-scaled.jpg","width":1862,"height":2560},{"@type":"BreadcrumbList","@id":"https:\/\/www.lykketegning.no\/produkt\/rosa-fin-takknemlighets-journal-dagbok\/#breadcrumb","itemListElement":[{"@type":"ListItem","position":1,"name":"Hjem","item":"https:\/\/www.lykketegning.no\/"},{"@type":"ListItem","position":2,"name":"Shop","item":"https:\/\/www.lykketegning.no\/sv\/webbutik\/"},{"@type":"ListItem","position":3,"name":"Rosa fin Takknemlighets-journal\/dagbok."}]},{"@type":"WebSite","@id":"https:\/\/www.lykketegning.no\/#website","url":"https:\/\/www.lykketegning.no\/","name":"SUERTE DIBUJO ILUSTRADOR","description":"","publisher":{"@id":"https:\/\/www.lykketegning.no\/#organization"},"potentialAction":[{"@type":"SearchAction","target":{"@type":"EntryPoint","urlTemplate":"https:\/\/www.lykketegning.no\/?s={search_term_string}"},"query-input":{"@type":"PropertyValueSpecification","valueRequired":true,"valueName":"search_term_string"}}],"inLanguage":"es"},{"@type":"Organization","@id":"https:\/\/www.lykketegning.no\/#organization","name":"SUERTE DIBUJO ILUSTRADOR","url":"https:\/\/www.lykketegning.no\/","logo":{"@type":"ImageObject","inLanguage":"es","@id":"https:\/\/www.lykketegning.no\/#\/schema\/logo\/image\/","url":"https:\/\/www.lykketegning.no\/wp-content\/uploads\/2020\/03\/Logo2020_h400px.jpg","contentUrl":"https:\/\/www.lykketegning.no\/wp-content\/uploads\/2020\/03\/Logo2020_h400px.jpg","width":1024,"height":400,"caption":"LYKKETEGNING ILLUSTRAT\u00d8R"},"image":{"@id":"https:\/\/www.lykketegning.no\/#\/schema\/logo\/image\/"},"sameAs":["https:\/\/www.facebook.com\/lykketegning\/","https:\/\/www.instagram.com\/lykketegning\/","https:\/\/www.youtube.com\/@lykketegningillustrations","https:\/\/www.tiktok.com\/@lykketegningillustration"]}]}},"_links":{"self":[{"href":"https:\/\/www.lykketegning.no\/es\/wp-json\/wp\/v2\/product\/38965","targetHints":{"allow":["GET"]}}],"collection":[{"href":"https:\/\/www.lykketegning.no\/es\/wp-json\/wp\/v2\/product"}],"about":[{"href":"https:\/\/www.lykketegning.no\/es\/wp-json\/wp\/v2\/types\/product"}],"replies":[{"embeddable":true,"href":"https:\/\/www.lykketegning.no\/es\/wp-json\/wp\/v2\/comments?post=38965"}],"wp:featuredmedia":[{"embeddable":true,"href":"https:\/\/www.lykketegning.no\/es\/wp-json\/wp\/v2\/media\/39800"}],"wp:attachment":[{"href":"https:\/\/www.lykketegning.no\/es\/wp-json\/wp\/v2\/media?parent=38965"}],"wp:term":[{"taxonomy":"product_brand","embeddable":true,"href":"https:\/\/www.lykketegning.no\/es\/wp-json\/wp\/v2\/product_brand?post=38965"},{"taxonomy":"product_cat","embeddable":true,"href":"https:\/\/www.lykketegning.no\/es\/wp-json\/wp\/v2\/product_cat?post=38965"},{"taxonomy":"product_tag","embeddable":true,"href":"https:\/\/www.lykketegning.no\/es\/wp-json\/wp\/v2\/product_tag?post=38965"}],"curies":[{"name":"wp","href":"https:\/\/api.w.org\/{rel}","templated":true}]}}