{"id":38328,"date":"2024-11-01T10:53:52","date_gmt":"2024-11-01T09:53:52","guid":{"rendered":"https:\/\/www.lykketegning.no\/?post_type=product&#038;p=38328"},"modified":"2026-01-05T12:59:30","modified_gmt":"2026-01-05T11:59:30","slug":"lykketegningkopp-bror","status":"publish","type":"product","link":"https:\/\/www.lykketegning.no\/es\/producto\/lucky-drawing-cup-brother\/","title":{"rendered":"Taza de la suerte; Hermano"},"content":{"rendered":"<h3>Nueva taza de Lucky Drawing.<\/h3>\n<h3>Suerte sorteo copa Hermano.<\/h3>\n<p><i>Hermano.<\/i><\/p>\n<p><i>Tener un hermano puede ser bastante molesto a veces, \u00a1pero tambi\u00e9n lo mejor!<span class=\"Apple-converted-space\">\u00a0<\/span><\/i><\/p>\n<p><i>Nadie puede irritar tanto como los hermanos,<span class=\"Apple-converted-space\">\u00a0<\/span><\/i><\/p>\n<p><i>pero nadie te apoya con tanta confianza cuando lo necesitas como ellos.<span class=\"Apple-converted-space\">\u00a0<\/span><\/i><\/p>\n<p><i>Os ten\u00e9is el uno al otro para el resto de vuestras vidas, as\u00ed que cuidaos el uno al otro.<\/i><\/p>\n<p><i>\u00a1Eres un hermano incre\u00edble!<\/i><\/p>\n<p><b>Ingebj\u00f8rg Rang\u00f8y Sj\u00e5land<\/b><\/p>\n<p><b>Sorteo de la suerte<\/b><\/p>\n<p>Env\u00edos a todo el mundo<\/p>\n<p>Eche tambi\u00e9n un vistazo a la taza \"<a href=\"https:\/\/www.lykketegning.no\/es\/producto\/taza-de-la-suerte-tio\/\">t\u00edo<\/a> y<a href=\"https:\/\/www.lykketegning.no\/es\/produktkategori\/lykkekopper\/\"> las otras copas de la misma serie.<\/a><\/p>\n<p>Taza Azul claro D8 H9,5 400ml Material: Porcelana<\/p>\n<h3>Informaci\u00f3n sobre el sorteo Luck<\/h3>\n<p><strong>\"En Lykketegning, cada ilustraci\u00f3n se crea con calidez y esmero.<\/strong><br \/>\n<strong>Con colores fuertes, l\u00edneas claras y buenas citas, Happiness Drawing quiere hacerte parar un momento, respirar hondo y poner rumbo hacia delante.<\/strong><br \/>\n<strong>Los corazones y las sonrisas son de m\u00ed para ti, para recordarte que eres muy bueno\".<\/strong><\/p>\n<p>&nbsp;<\/p>\n<p>En el sitio web encontrar\u00e1 algunas ilustraciones y otros productos, como tazas, tarjetas de felicitaci\u00f3n y calendarios.<\/p>\n<p>Aqu\u00ed se a\u00f1aden constantemente nuevos productos, as\u00ed que no dude en suscribirse al bolet\u00edn para recibir actualizaciones mensuales.<\/p>\n<p>Para <strong>muchos muchos muchos muchos<\/strong> m\u00e1s ilustraciones; visita mi perfil de Instagram y Facebook.<\/p>\n<p>De hecho, todas las ilustraciones est\u00e1n a la venta. 999 SEK para A4 y 1500 SEK para A3.<\/p>\n<p>Tambi\u00e9n puede encargar el suyo propio, un regalo estupendo para bodas y otras fiestas. Ponte en contacto con nosotros.<\/p>\n<p><em>Precio: 1500kr para A4 y A5 (hasta 5 personas\/animal) coste adicional para m\u00e1s (hasta 5 personas\/animal). A3 2000kr sin gastos de env\u00edo. Necesito saber color\/tipo de pelo, altura, intereses y n\u00famero deseado de personas ilustradas. Cualquier presupuesto que desee incluido.<\/em><\/p>\n<p>Si tiene alguna pregunta, no dude en ponerse en contacto conmigo. Si desea charlar sobre una posible cooperaci\u00f3n, env\u00edeme un correo electr\u00f3nico.<\/p>\n<p>Espero tener noticias suyas y que tenga un buen d\u00eda. <a href=\"https:\/\/www.facebook.com\/lykketegning\/?locale=nb_NO\">Esto te llevar\u00e1 a mi p\u00e1gina de Facebook.<\/a> Y si quieres seguirme en<a href=\"https:\/\/www.instagram.com\/lykketegning\/?hl=nb\"> Instagram, lo encontrar\u00e1s aqu\u00ed.<\/a><\/p>\n<p>Artista<br \/>\nIngebj\u00f8rg Rang\u00f8y Sj\u00e5land<\/p>\n<p>&nbsp;<\/p>","protected":false},"excerpt":{"rendered":"<h3>Nueva taza de Lucky Drawing.<\/h3>\n<p>Suerte sorteo copa Hermano.<\/p>\n<p><i>Hermano.<\/i><\/p>\n<p><i>Tener un hermano puede ser bastante molesto a veces, \u00a1pero tambi\u00e9n lo mejor! <\/i><\/p>\n<p><i>Nadie puede irritar tanto como los hermanos, <\/i><\/p>\n<p><i>pero nadie te apoya con tanta confianza cuando lo necesitas como ellos. <\/i><\/p>\n<p><i>Os ten\u00e9is el uno al otro para el resto de vuestras vidas, as\u00ed que cuidaos el uno al otro.<\/i><\/p>\n<p><i>\u00a1Eres un hermano incre\u00edble!<\/i><\/p>\n<p><b>Ingebj\u00f8rg Rang\u00f8y Sj\u00e5land<\/b><\/p>\n<p><b>Sorteo de la suerte<\/b><\/p>","protected":false},"featured_media":39734,"comment_status":"open","ping_status":"closed","template":"","meta":[],"product_brand":[],"product_cat":[41],"product_tag":[381,382,12,16,304],"class_list":{"0":"post-38328","1":"product","2":"type-product","3":"status-publish","4":"has-post-thumbnail","6":"product_cat-lykkekopper","7":"product_tag-bror","8":"product_tag-brother","9":"product_tag-kopp","10":"product_tag-kopper","11":"product_tag-lykketegningkopp","13":"first","14":"instock","15":"taxable","16":"shipping-taxable","17":"purchasable","18":"product-type-simple"},"yoast_head":"<!-- This site is optimized with the Yoast SEO plugin v27.3 - https:\/\/yoast.com\/product\/yoast-seo-wordpress\/ -->\n<title>Lykketegningkopp; Bror - LYKKETEGNING ILLUSTRAT\u00d8R<\/title>\n<meta name=\"description\" content=\"Ny Lykketegningkopp til Bror! Tenk s\u00e5 flott \u00e5 ha en bror! Dere har hverandre resten av livet, s\u00e5 ta vare p\u00e5 hverandre. En fin gave \u00e5 gi bort til brodern!\" \/>\n<meta name=\"robots\" content=\"index, follow, max-snippet:-1, max-image-preview:large, max-video-preview:-1\" \/>\n<link rel=\"canonical\" href=\"https:\/\/www.lykketegning.no\/es\/producto\/lucky-drawing-cup-brother\/\" \/>\n<meta property=\"og:locale\" content=\"es_ES\" \/>\n<meta property=\"og:type\" content=\"article\" \/>\n<meta property=\"og:title\" content=\"Lykketegningkopp; Bror - LYKKETEGNING ILLUSTRAT\u00d8R\" \/>\n<meta property=\"og:description\" content=\"Ny Lykketegningkopp til Bror! Tenk s\u00e5 flott \u00e5 ha en bror! Dere har hverandre resten av livet, s\u00e5 ta vare p\u00e5 hverandre. En fin gave \u00e5 gi bort til brodern!\" \/>\n<meta property=\"og:url\" content=\"https:\/\/www.lykketegning.no\/es\/producto\/lucky-drawing-cup-brother\/\" \/>\n<meta property=\"og:site_name\" content=\"LYKKETEGNING ILLUSTRAT\u00d8R\" \/>\n<meta property=\"article:publisher\" content=\"https:\/\/www.facebook.com\/lykketegning\/\" \/>\n<meta property=\"article:modified_time\" content=\"2026-01-05T11:59:30+00:00\" \/>\n<meta name=\"twitter:card\" content=\"summary_large_image\" \/>\n<meta name=\"twitter:label1\" content=\"Tiempo de lectura\" \/>\n\t<meta name=\"twitter:data1\" content=\"2 minutos\" \/>\n<script type=\"application\/ld+json\" class=\"yoast-schema-graph\">{\"@context\":\"https:\\\/\\\/schema.org\",\"@graph\":[{\"@type\":\"WebPage\",\"@id\":\"https:\\\/\\\/www.lykketegning.no\\\/produkt\\\/lykketegningkopp-bror\\\/\",\"url\":\"https:\\\/\\\/www.lykketegning.no\\\/produkt\\\/lykketegningkopp-bror\\\/\",\"name\":\"Lykketegningkopp; Bror - LYKKETEGNING ILLUSTRAT\u00d8R\",\"isPartOf\":{\"@id\":\"https:\\\/\\\/www.lykketegning.no\\\/#website\"},\"primaryImageOfPage\":{\"@id\":\"https:\\\/\\\/www.lykketegning.no\\\/produkt\\\/lykketegningkopp-bror\\\/#primaryimage\"},\"image\":{\"@id\":\"https:\\\/\\\/www.lykketegning.no\\\/produkt\\\/lykketegningkopp-bror\\\/#primaryimage\"},\"thumbnailUrl\":\"https:\\\/\\\/www.lykketegning.no\\\/wp-content\\\/uploads\\\/2023\\\/09\\\/IMG_7259-scaled.jpg\",\"datePublished\":\"2024-11-01T09:53:52+00:00\",\"dateModified\":\"2026-01-05T11:59:30+00:00\",\"description\":\"Ny Lykketegningkopp til Bror! Tenk s\u00e5 flott \u00e5 ha en bror! Dere har hverandre resten av livet, s\u00e5 ta vare p\u00e5 hverandre. En fin gave \u00e5 gi bort til brodern!\",\"breadcrumb\":{\"@id\":\"https:\\\/\\\/www.lykketegning.no\\\/produkt\\\/lykketegningkopp-bror\\\/#breadcrumb\"},\"inLanguage\":\"es\",\"potentialAction\":[{\"@type\":\"ReadAction\",\"target\":[\"https:\\\/\\\/www.lykketegning.no\\\/produkt\\\/lykketegningkopp-bror\\\/\"]}]},{\"@type\":\"ImageObject\",\"inLanguage\":\"es\",\"@id\":\"https:\\\/\\\/www.lykketegning.no\\\/produkt\\\/lykketegningkopp-bror\\\/#primaryimage\",\"url\":\"https:\\\/\\\/www.lykketegning.no\\\/wp-content\\\/uploads\\\/2023\\\/09\\\/IMG_7259-scaled.jpg\",\"contentUrl\":\"https:\\\/\\\/www.lykketegning.no\\\/wp-content\\\/uploads\\\/2023\\\/09\\\/IMG_7259-scaled.jpg\",\"width\":2560,\"height\":2560},{\"@type\":\"BreadcrumbList\",\"@id\":\"https:\\\/\\\/www.lykketegning.no\\\/produkt\\\/lykketegningkopp-bror\\\/#breadcrumb\",\"itemListElement\":[{\"@type\":\"ListItem\",\"position\":1,\"name\":\"Hjem\",\"item\":\"https:\\\/\\\/www.lykketegning.no\\\/\"},{\"@type\":\"ListItem\",\"position\":2,\"name\":\"Shop\",\"item\":\"https:\\\/\\\/www.lykketegning.no\\\/sv\\\/webbutik\\\/\"},{\"@type\":\"ListItem\",\"position\":3,\"name\":\"Lykketegningkopp; Bror\"}]},{\"@type\":\"WebSite\",\"@id\":\"https:\\\/\\\/www.lykketegning.no\\\/#website\",\"url\":\"https:\\\/\\\/www.lykketegning.no\\\/\",\"name\":\"LYKKETEGNING ILLUSTRAT\u00d8R\",\"description\":\"\",\"publisher\":{\"@id\":\"https:\\\/\\\/www.lykketegning.no\\\/#organization\"},\"potentialAction\":[{\"@type\":\"SearchAction\",\"target\":{\"@type\":\"EntryPoint\",\"urlTemplate\":\"https:\\\/\\\/www.lykketegning.no\\\/?s={search_term_string}\"},\"query-input\":{\"@type\":\"PropertyValueSpecification\",\"valueRequired\":true,\"valueName\":\"search_term_string\"}}],\"inLanguage\":\"es\"},{\"@type\":\"Organization\",\"@id\":\"https:\\\/\\\/www.lykketegning.no\\\/#organization\",\"name\":\"LYKKETEGNING ILLUSTRAT\u00d8R\",\"url\":\"https:\\\/\\\/www.lykketegning.no\\\/\",\"logo\":{\"@type\":\"ImageObject\",\"inLanguage\":\"es\",\"@id\":\"https:\\\/\\\/www.lykketegning.no\\\/#\\\/schema\\\/logo\\\/image\\\/\",\"url\":\"https:\\\/\\\/www.lykketegning.no\\\/wp-content\\\/uploads\\\/2020\\\/03\\\/Logo2020_h400px.jpg\",\"contentUrl\":\"https:\\\/\\\/www.lykketegning.no\\\/wp-content\\\/uploads\\\/2020\\\/03\\\/Logo2020_h400px.jpg\",\"width\":1024,\"height\":400,\"caption\":\"LYKKETEGNING ILLUSTRAT\u00d8R\"},\"image\":{\"@id\":\"https:\\\/\\\/www.lykketegning.no\\\/#\\\/schema\\\/logo\\\/image\\\/\"},\"sameAs\":[\"https:\\\/\\\/www.facebook.com\\\/lykketegning\\\/\",\"https:\\\/\\\/www.instagram.com\\\/lykketegning\\\/\",\"https:\\\/\\\/www.youtube.com\\\/@lykketegningillustrations\",\"https:\\\/\\\/www.tiktok.com\\\/@lykketegningillustration\"]}]}<\/script>\n<!-- \/ Yoast SEO plugin. -->","yoast_head_json":{"title":"Taza de la suerte; Hermano - LYKKETEGNING ILLUSTRAT\u00d8R","description":"\u00a1Nueva Copa del Sorteo de la Suerte para el Hermano! \u00a1Es genial tener un hermano! Os tendr\u00e9is el uno al otro para el resto de vuestras vidas, as\u00ed que cuidaos el uno al otro. \u00a1Un gran regalo para tu hermano!","robots":{"index":"index","follow":"follow","max-snippet":"max-snippet:-1","max-image-preview":"max-image-preview:large","max-video-preview":"max-video-preview:-1"},"canonical":"https:\/\/www.lykketegning.no\/es\/producto\/lucky-drawing-cup-brother\/","og_locale":"es_ES","og_type":"article","og_title":"Lykketegningkopp; Bror - LYKKETEGNING ILLUSTRAT\u00d8R","og_description":"Ny Lykketegningkopp til Bror! Tenk s\u00e5 flott \u00e5 ha en bror! Dere har hverandre resten av livet, s\u00e5 ta vare p\u00e5 hverandre. En fin gave \u00e5 gi bort til brodern!","og_url":"https:\/\/www.lykketegning.no\/es\/producto\/lucky-drawing-cup-brother\/","og_site_name":"LYKKETEGNING ILLUSTRAT\u00d8R","article_publisher":"https:\/\/www.facebook.com\/lykketegning\/","article_modified_time":"2026-01-05T11:59:30+00:00","twitter_card":"summary_large_image","twitter_misc":{"Tiempo de lectura":"2 minutos"},"schema":{"@context":"https:\/\/schema.org","@graph":[{"@type":"WebPage","@id":"https:\/\/www.lykketegning.no\/produkt\/lykketegningkopp-bror\/","url":"https:\/\/www.lykketegning.no\/produkt\/lykketegningkopp-bror\/","name":"Taza de la suerte; Hermano - LYKKETEGNING ILLUSTRAT\u00d8R","isPartOf":{"@id":"https:\/\/www.lykketegning.no\/#website"},"primaryImageOfPage":{"@id":"https:\/\/www.lykketegning.no\/produkt\/lykketegningkopp-bror\/#primaryimage"},"image":{"@id":"https:\/\/www.lykketegning.no\/produkt\/lykketegningkopp-bror\/#primaryimage"},"thumbnailUrl":"https:\/\/www.lykketegning.no\/wp-content\/uploads\/2023\/09\/IMG_7259-scaled.jpg","datePublished":"2024-11-01T09:53:52+00:00","dateModified":"2026-01-05T11:59:30+00:00","description":"\u00a1Nueva Copa del Sorteo de la Suerte para el Hermano! \u00a1Es genial tener un hermano! Os tendr\u00e9is el uno al otro para el resto de vuestras vidas, as\u00ed que cuidaos el uno al otro. \u00a1Un gran regalo para tu hermano!","breadcrumb":{"@id":"https:\/\/www.lykketegning.no\/produkt\/lykketegningkopp-bror\/#breadcrumb"},"inLanguage":"es","potentialAction":[{"@type":"ReadAction","target":["https:\/\/www.lykketegning.no\/produkt\/lykketegningkopp-bror\/"]}]},{"@type":"ImageObject","inLanguage":"es","@id":"https:\/\/www.lykketegning.no\/produkt\/lykketegningkopp-bror\/#primaryimage","url":"https:\/\/www.lykketegning.no\/wp-content\/uploads\/2023\/09\/IMG_7259-scaled.jpg","contentUrl":"https:\/\/www.lykketegning.no\/wp-content\/uploads\/2023\/09\/IMG_7259-scaled.jpg","width":2560,"height":2560},{"@type":"BreadcrumbList","@id":"https:\/\/www.lykketegning.no\/produkt\/lykketegningkopp-bror\/#breadcrumb","itemListElement":[{"@type":"ListItem","position":1,"name":"Hjem","item":"https:\/\/www.lykketegning.no\/"},{"@type":"ListItem","position":2,"name":"Shop","item":"https:\/\/www.lykketegning.no\/sv\/webbutik\/"},{"@type":"ListItem","position":3,"name":"Lykketegningkopp; Bror"}]},{"@type":"WebSite","@id":"https:\/\/www.lykketegning.no\/#website","url":"https:\/\/www.lykketegning.no\/","name":"SUERTE DIBUJO ILUSTRADOR","description":"","publisher":{"@id":"https:\/\/www.lykketegning.no\/#organization"},"potentialAction":[{"@type":"SearchAction","target":{"@type":"EntryPoint","urlTemplate":"https:\/\/www.lykketegning.no\/?s={search_term_string}"},"query-input":{"@type":"PropertyValueSpecification","valueRequired":true,"valueName":"search_term_string"}}],"inLanguage":"es"},{"@type":"Organization","@id":"https:\/\/www.lykketegning.no\/#organization","name":"SUERTE DIBUJO ILUSTRADOR","url":"https:\/\/www.lykketegning.no\/","logo":{"@type":"ImageObject","inLanguage":"es","@id":"https:\/\/www.lykketegning.no\/#\/schema\/logo\/image\/","url":"https:\/\/www.lykketegning.no\/wp-content\/uploads\/2020\/03\/Logo2020_h400px.jpg","contentUrl":"https:\/\/www.lykketegning.no\/wp-content\/uploads\/2020\/03\/Logo2020_h400px.jpg","width":1024,"height":400,"caption":"LYKKETEGNING ILLUSTRAT\u00d8R"},"image":{"@id":"https:\/\/www.lykketegning.no\/#\/schema\/logo\/image\/"},"sameAs":["https:\/\/www.facebook.com\/lykketegning\/","https:\/\/www.instagram.com\/lykketegning\/","https:\/\/www.youtube.com\/@lykketegningillustrations","https:\/\/www.tiktok.com\/@lykketegningillustration"]}]}},"_links":{"self":[{"href":"https:\/\/www.lykketegning.no\/es\/wp-json\/wp\/v2\/product\/38328","targetHints":{"allow":["GET"]}}],"collection":[{"href":"https:\/\/www.lykketegning.no\/es\/wp-json\/wp\/v2\/product"}],"about":[{"href":"https:\/\/www.lykketegning.no\/es\/wp-json\/wp\/v2\/types\/product"}],"replies":[{"embeddable":true,"href":"https:\/\/www.lykketegning.no\/es\/wp-json\/wp\/v2\/comments?post=38328"}],"wp:featuredmedia":[{"embeddable":true,"href":"https:\/\/www.lykketegning.no\/es\/wp-json\/wp\/v2\/media\/39734"}],"wp:attachment":[{"href":"https:\/\/www.lykketegning.no\/es\/wp-json\/wp\/v2\/media?parent=38328"}],"wp:term":[{"taxonomy":"product_brand","embeddable":true,"href":"https:\/\/www.lykketegning.no\/es\/wp-json\/wp\/v2\/product_brand?post=38328"},{"taxonomy":"product_cat","embeddable":true,"href":"https:\/\/www.lykketegning.no\/es\/wp-json\/wp\/v2\/product_cat?post=38328"},{"taxonomy":"product_tag","embeddable":true,"href":"https:\/\/www.lykketegning.no\/es\/wp-json\/wp\/v2\/product_tag?post=38328"}],"curies":[{"name":"wp","href":"https:\/\/api.w.org\/{rel}","templated":true}]}}