{"id":37995,"date":"2024-10-09T13:22:45","date_gmt":"2024-10-09T11:22:45","guid":{"rendered":"https:\/\/www.lykketegning.no\/?post_type=product&#038;p=37995"},"modified":"2026-01-02T13:18:19","modified_gmt":"2026-01-02T12:18:19","slug":"julegenser-fra-lykketegning-gronn","status":"publish","type":"product","link":"https:\/\/www.lykketegning.no\/es\/producto\/jersey-de-navidad-de-la-felicidad-dibujo-gronn\/","title":{"rendered":"Jersey de Navidad de Lykketegning (verde)"},"content":{"rendered":"<h3>Jersey de Navidad de Lykketegning<\/h3>\n<p>En Luck Drawing, la Navidad es una de nuestras prioridades y, por eso, este a\u00f1o nos hemos abastecido de jerseys navide\u00f1os. Nos encanta. \u00bfQu\u00e9 te parece?<\/p>\n<p>Se obtiene en ambos <a href=\"https:\/\/www.lykketegning.no\/es\/producto\/jersey-de-navidad-de-la-felicidad-dibujo-lio\/\">rojo<\/a> y color verde. Talla unisex.<\/p>\n<p>La talla en la foto es Medium en el jersey rojo y Small en el verde. La modelo (yo) es la talla 38\/40.<\/p>\n<p>Plazo de entrega de 2 semanas. El art\u00edculo no se puede cambiar, ya que los jers\u00e9is se encargan seg\u00fan la talla y el dise\u00f1o deseados.<\/p>\n<p>65% poli\u00e9ster, 35% algod\u00f3n<\/p>\n<p>280 g\/m2<\/p>\n<p>No secar en secadora<\/p>\n<p><strong>\"En Lykketegning, cada ilustraci\u00f3n se crea con calidez y esmero.<\/strong><br \/>\n<strong>Con colores fuertes, l\u00edneas claras y buenas citas, Happiness Drawing quiere hacerte parar un momento, respirar hondo y poner rumbo hacia delante.<\/strong><br \/>\n<strong>Los corazones y las sonrisas son de m\u00ed para ti, para recordarte que eres muy bueno\".<\/strong><\/p>\n<p>&nbsp;<\/p>\n<p>En el sitio web encontrar\u00e1 algunas ilustraciones y otros productos, como tazas, tarjetas de felicitaci\u00f3n y calendarios.<\/p>\n<p>Aqu\u00ed se a\u00f1aden constantemente nuevos productos, as\u00ed que no dude en suscribirse al bolet\u00edn para recibir actualizaciones mensuales.<\/p>\n<p>Para <strong>muchos muchos muchos muchos<\/strong> m\u00e1s ilustraciones; visita mi perfil de Instagram y Facebook.<\/p>\n<p>De hecho, todas las ilustraciones est\u00e1n a la venta. 999 SEK para A4 y 1500 SEK para A3.<\/p>\n<p>Tambi\u00e9n puede encargar el suyo propio, un regalo estupendo para bodas y otras fiestas. Ponte en contacto con nosotros.<\/p>\n<p><em>Precio: 1500kr para A4 y A5 (hasta 5 personas\/animal) coste adicional para m\u00e1s (hasta 5 personas\/animal). A3 2000kr sin gastos de env\u00edo. Necesito saber color\/tipo de pelo, altura, intereses y n\u00famero deseado de personas ilustradas. Cualquier presupuesto que desee incluido.<\/em><\/p>\n<p>Si tiene alguna pregunta, no dude en ponerse en contacto conmigo. Si desea charlar sobre una posible cooperaci\u00f3n, env\u00edeme un correo electr\u00f3nico.<\/p>\n<p>Espero tener noticias suyas y que tenga un buen d\u00eda. <a href=\"https:\/\/www.facebook.com\/lykketegning\/?locale=nb_NO\">Esto te llevar\u00e1 a mi p\u00e1gina de Facebook.<\/a> Y si quieres seguirme en<a href=\"https:\/\/www.instagram.com\/lykketegning\/?hl=nb\"> Instagram, lo encontrar\u00e1s aqu\u00ed.<\/a><\/p>\n<p>Artista<br \/>\nIngebj\u00f8rg Rang\u00f8y Sj\u00e5land<\/p>\n<p>&nbsp;<\/p>\n<p>&nbsp;<\/p>","protected":false},"excerpt":{"rendered":"<h3>Jersey de Navidad de Lykketegning<\/h3>\n<p>En Luck Drawing, la Navidad es una de nuestras prioridades y, por eso, este a\u00f1o nos hemos abastecido de jerseys navide\u00f1os. Nos encanta. \u00bfQu\u00e9 te parece?<\/p>\n<p>Disponible en rojo y verde. Talla unisex.<\/p>\n<p>La talla en la foto es Medium en el jersey rojo y Small en el verde. La modelo (yo) es la talla 38\/40.<\/p>\n<p>Plazo de entrega de 2 semanas. El art\u00edculo no se puede cambiar, ya que los jers\u00e9is se encargan seg\u00fan la talla y el dise\u00f1o deseados.<\/p>\n<p>65% poli\u00e9ster, 35% algod\u00f3n<\/p>\n<p>280 g\/m2<\/p>\n<p>No secar en secadora.<\/p>\n<p>&nbsp;<\/p>","protected":false},"featured_media":37992,"comment_status":"open","ping_status":"closed","template":"","meta":[],"product_brand":[],"product_cat":[202],"product_tag":[205,376,158,374,375,206],"class_list":{"0":"post-37995","1":"product","2":"type-product","3":"status-publish","4":"has-post-thumbnail","6":"product_cat-klaer-med-trykk","7":"product_tag-genser","8":"product_tag-gronn-julegenser","9":"product_tag-jul","10":"product_tag-julegenser","11":"product_tag-rod-julegenser","12":"product_tag-sweater","14":"first","15":"instock","16":"taxable","17":"shipping-taxable","18":"purchasable","19":"product-type-variable"},"yoast_head":"<!-- This site is optimized with the Yoast SEO plugin v27.3 - https:\/\/yoast.com\/product\/yoast-seo-wordpress\/ -->\n<title>Julegenser fra Lykketegning (gr\u00f8nn) - LYKKETEGNING ILLUSTRAT\u00d8R<\/title>\n<meta name=\"description\" content=\"Julegenser fra Lykketegning. Hos Lykketegning s\u00e5 st\u00e5r jula h\u00f8yt og derfor klinker vi til med julegenser i \u00e5r! Du f\u00e5r den i b\u00e5de r\u00f8d og gr\u00f8nn farge. Unisex\" \/>\n<meta name=\"robots\" content=\"index, follow, max-snippet:-1, max-image-preview:large, max-video-preview:-1\" \/>\n<link rel=\"canonical\" href=\"https:\/\/www.lykketegning.no\/es\/product-2\/jersey-de-navidad-de-la-felicidad-dibujo-gronn\/\" \/>\n<meta property=\"og:locale\" content=\"es_ES\" \/>\n<meta property=\"og:type\" content=\"article\" \/>\n<meta property=\"og:title\" content=\"Julegenser fra Lykketegning (gr\u00f8nn) - LYKKETEGNING ILLUSTRAT\u00d8R\" \/>\n<meta property=\"og:description\" content=\"Julegenser fra Lykketegning. Hos Lykketegning s\u00e5 st\u00e5r jula h\u00f8yt og derfor klinker vi til med julegenser i \u00e5r! Du f\u00e5r den i b\u00e5de r\u00f8d og gr\u00f8nn farge. Unisex\" \/>\n<meta property=\"og:url\" content=\"https:\/\/www.lykketegning.no\/es\/product-2\/jersey-de-navidad-de-la-felicidad-dibujo-gronn\/\" \/>\n<meta property=\"og:site_name\" content=\"LYKKETEGNING ILLUSTRAT\u00d8R\" \/>\n<meta property=\"article:publisher\" content=\"https:\/\/www.facebook.com\/lykketegning\/\" \/>\n<meta property=\"article:modified_time\" content=\"2026-01-02T12:18:19+00:00\" \/>\n<meta property=\"og:image\" content=\"https:\/\/www.lykketegning.no\/wp-content\/uploads\/2024\/09\/julegenser-fra-lykketegning-gronn-scaled.jpg\" \/>\n\t<meta property=\"og:image:width\" content=\"2560\" \/>\n\t<meta property=\"og:image:height\" content=\"2560\" \/>\n\t<meta property=\"og:image:type\" content=\"image\/jpeg\" \/>\n<meta name=\"twitter:card\" content=\"summary_large_image\" \/>\n<meta name=\"twitter:label1\" content=\"Tiempo de lectura\" \/>\n\t<meta name=\"twitter:data1\" content=\"2 minutos\" \/>\n<script type=\"application\/ld+json\" class=\"yoast-schema-graph\">{\"@context\":\"https:\\\/\\\/schema.org\",\"@graph\":[{\"@type\":\"WebPage\",\"@id\":\"https:\\\/\\\/www.lykketegning.no\\\/es\\\/product-2\\\/jersey-de-navidad-de-la-felicidad-dibujo-gronn\\\/\",\"url\":\"https:\\\/\\\/www.lykketegning.no\\\/es\\\/product-2\\\/jersey-de-navidad-de-la-felicidad-dibujo-gronn\\\/\",\"name\":\"Julegenser fra Lykketegning (gr\u00f8nn) - LYKKETEGNING ILLUSTRAT\u00d8R\",\"isPartOf\":{\"@id\":\"https:\\\/\\\/www.lykketegning.no\\\/#website\"},\"primaryImageOfPage\":{\"@id\":\"https:\\\/\\\/www.lykketegning.no\\\/es\\\/product-2\\\/jersey-de-navidad-de-la-felicidad-dibujo-gronn\\\/#primaryimage\"},\"image\":{\"@id\":\"https:\\\/\\\/www.lykketegning.no\\\/es\\\/product-2\\\/jersey-de-navidad-de-la-felicidad-dibujo-gronn\\\/#primaryimage\"},\"thumbnailUrl\":\"https:\\\/\\\/www.lykketegning.no\\\/wp-content\\\/uploads\\\/2024\\\/09\\\/julegenser-fra-lykketegning-gronn-scaled.jpg\",\"datePublished\":\"2024-10-09T11:22:45+00:00\",\"dateModified\":\"2026-01-02T12:18:19+00:00\",\"description\":\"Julegenser fra Lykketegning. Hos Lykketegning s\u00e5 st\u00e5r jula h\u00f8yt og derfor klinker vi til med julegenser i \u00e5r! Du f\u00e5r den i b\u00e5de r\u00f8d og gr\u00f8nn farge. Unisex\",\"breadcrumb\":{\"@id\":\"https:\\\/\\\/www.lykketegning.no\\\/es\\\/product-2\\\/jersey-de-navidad-de-la-felicidad-dibujo-gronn\\\/#breadcrumb\"},\"inLanguage\":\"es\",\"potentialAction\":[{\"@type\":\"ReadAction\",\"target\":[\"https:\\\/\\\/www.lykketegning.no\\\/es\\\/product-2\\\/jersey-de-navidad-de-la-felicidad-dibujo-gronn\\\/\"]}]},{\"@type\":\"ImageObject\",\"inLanguage\":\"es\",\"@id\":\"https:\\\/\\\/www.lykketegning.no\\\/es\\\/product-2\\\/jersey-de-navidad-de-la-felicidad-dibujo-gronn\\\/#primaryimage\",\"url\":\"https:\\\/\\\/www.lykketegning.no\\\/wp-content\\\/uploads\\\/2024\\\/09\\\/julegenser-fra-lykketegning-gronn-scaled.jpg\",\"contentUrl\":\"https:\\\/\\\/www.lykketegning.no\\\/wp-content\\\/uploads\\\/2024\\\/09\\\/julegenser-fra-lykketegning-gronn-scaled.jpg\",\"width\":2560,\"height\":2560},{\"@type\":\"BreadcrumbList\",\"@id\":\"https:\\\/\\\/www.lykketegning.no\\\/es\\\/product-2\\\/jersey-de-navidad-de-la-felicidad-dibujo-gronn\\\/#breadcrumb\",\"itemListElement\":[{\"@type\":\"ListItem\",\"position\":1,\"name\":\"Hjem\",\"item\":\"https:\\\/\\\/www.lykketegning.no\\\/\"},{\"@type\":\"ListItem\",\"position\":2,\"name\":\"Shop\",\"item\":\"https:\\\/\\\/www.lykketegning.no\\\/sv\\\/webbutik\\\/\"},{\"@type\":\"ListItem\",\"position\":3,\"name\":\"Julegenser fra Lykketegning (gr\u00f8nn)\"}]},{\"@type\":\"WebSite\",\"@id\":\"https:\\\/\\\/www.lykketegning.no\\\/#website\",\"url\":\"https:\\\/\\\/www.lykketegning.no\\\/\",\"name\":\"LYKKETEGNING ILLUSTRAT\u00d8R\",\"description\":\"\",\"publisher\":{\"@id\":\"https:\\\/\\\/www.lykketegning.no\\\/#organization\"},\"potentialAction\":[{\"@type\":\"SearchAction\",\"target\":{\"@type\":\"EntryPoint\",\"urlTemplate\":\"https:\\\/\\\/www.lykketegning.no\\\/?s={search_term_string}\"},\"query-input\":{\"@type\":\"PropertyValueSpecification\",\"valueRequired\":true,\"valueName\":\"search_term_string\"}}],\"inLanguage\":\"es\"},{\"@type\":\"Organization\",\"@id\":\"https:\\\/\\\/www.lykketegning.no\\\/#organization\",\"name\":\"LYKKETEGNING ILLUSTRAT\u00d8R\",\"url\":\"https:\\\/\\\/www.lykketegning.no\\\/\",\"logo\":{\"@type\":\"ImageObject\",\"inLanguage\":\"es\",\"@id\":\"https:\\\/\\\/www.lykketegning.no\\\/#\\\/schema\\\/logo\\\/image\\\/\",\"url\":\"https:\\\/\\\/www.lykketegning.no\\\/wp-content\\\/uploads\\\/2020\\\/03\\\/Logo2020_h400px.jpg\",\"contentUrl\":\"https:\\\/\\\/www.lykketegning.no\\\/wp-content\\\/uploads\\\/2020\\\/03\\\/Logo2020_h400px.jpg\",\"width\":1024,\"height\":400,\"caption\":\"LYKKETEGNING ILLUSTRAT\u00d8R\"},\"image\":{\"@id\":\"https:\\\/\\\/www.lykketegning.no\\\/#\\\/schema\\\/logo\\\/image\\\/\"},\"sameAs\":[\"https:\\\/\\\/www.facebook.com\\\/lykketegning\\\/\",\"https:\\\/\\\/www.instagram.com\\\/lykketegning\\\/\",\"https:\\\/\\\/www.youtube.com\\\/@lykketegningillustrations\",\"https:\\\/\\\/www.tiktok.com\\\/@lykketegningillustration\"]}]}<\/script>\n<!-- \/ Yoast SEO plugin. -->","yoast_head_json":{"title":"Jersey de Navidad de Lykketegning (verde) - LYKKETEGNING ILLUSTRAT\u00d8R","description":"Jersey de Navidad de Lykketegning. En Lykketegning, la Navidad es una de nuestras prioridades y por eso este a\u00f1o a\u00f1adimos un jersey navide\u00f1o. Disponible en rojo y verde. Color unisex","robots":{"index":"index","follow":"follow","max-snippet":"max-snippet:-1","max-image-preview":"max-image-preview:large","max-video-preview":"max-video-preview:-1"},"canonical":"https:\/\/www.lykketegning.no\/es\/product-2\/jersey-de-navidad-de-la-felicidad-dibujo-gronn\/","og_locale":"es_ES","og_type":"article","og_title":"Julegenser fra Lykketegning (gr\u00f8nn) - LYKKETEGNING ILLUSTRAT\u00d8R","og_description":"Julegenser fra Lykketegning. Hos Lykketegning s\u00e5 st\u00e5r jula h\u00f8yt og derfor klinker vi til med julegenser i \u00e5r! Du f\u00e5r den i b\u00e5de r\u00f8d og gr\u00f8nn farge. Unisex","og_url":"https:\/\/www.lykketegning.no\/es\/product-2\/jersey-de-navidad-de-la-felicidad-dibujo-gronn\/","og_site_name":"LYKKETEGNING ILLUSTRAT\u00d8R","article_publisher":"https:\/\/www.facebook.com\/lykketegning\/","article_modified_time":"2026-01-02T12:18:19+00:00","og_image":[{"width":2560,"height":2560,"url":"https:\/\/www.lykketegning.no\/wp-content\/uploads\/2024\/09\/julegenser-fra-lykketegning-gronn-scaled.jpg","type":"image\/jpeg"}],"twitter_card":"summary_large_image","twitter_misc":{"Tiempo de lectura":"2 minutos"},"schema":{"@context":"https:\/\/schema.org","@graph":[{"@type":"WebPage","@id":"https:\/\/www.lykketegning.no\/es\/product-2\/jersey-de-navidad-de-la-felicidad-dibujo-gronn\/","url":"https:\/\/www.lykketegning.no\/es\/product-2\/jersey-de-navidad-de-la-felicidad-dibujo-gronn\/","name":"Jersey de Navidad de Lykketegning (verde) - LYKKETEGNING ILLUSTRAT\u00d8R","isPartOf":{"@id":"https:\/\/www.lykketegning.no\/#website"},"primaryImageOfPage":{"@id":"https:\/\/www.lykketegning.no\/es\/product-2\/jersey-de-navidad-de-la-felicidad-dibujo-gronn\/#primaryimage"},"image":{"@id":"https:\/\/www.lykketegning.no\/es\/product-2\/jersey-de-navidad-de-la-felicidad-dibujo-gronn\/#primaryimage"},"thumbnailUrl":"https:\/\/www.lykketegning.no\/wp-content\/uploads\/2024\/09\/julegenser-fra-lykketegning-gronn-scaled.jpg","datePublished":"2024-10-09T11:22:45+00:00","dateModified":"2026-01-02T12:18:19+00:00","description":"Jersey de Navidad de Lykketegning. En Lykketegning, la Navidad es una de nuestras prioridades y por eso este a\u00f1o a\u00f1adimos un jersey navide\u00f1o. Disponible en rojo y verde. Color unisex","breadcrumb":{"@id":"https:\/\/www.lykketegning.no\/es\/product-2\/jersey-de-navidad-de-la-felicidad-dibujo-gronn\/#breadcrumb"},"inLanguage":"es","potentialAction":[{"@type":"ReadAction","target":["https:\/\/www.lykketegning.no\/es\/product-2\/jersey-de-navidad-de-la-felicidad-dibujo-gronn\/"]}]},{"@type":"ImageObject","inLanguage":"es","@id":"https:\/\/www.lykketegning.no\/es\/product-2\/jersey-de-navidad-de-la-felicidad-dibujo-gronn\/#primaryimage","url":"https:\/\/www.lykketegning.no\/wp-content\/uploads\/2024\/09\/julegenser-fra-lykketegning-gronn-scaled.jpg","contentUrl":"https:\/\/www.lykketegning.no\/wp-content\/uploads\/2024\/09\/julegenser-fra-lykketegning-gronn-scaled.jpg","width":2560,"height":2560},{"@type":"BreadcrumbList","@id":"https:\/\/www.lykketegning.no\/es\/product-2\/jersey-de-navidad-de-la-felicidad-dibujo-gronn\/#breadcrumb","itemListElement":[{"@type":"ListItem","position":1,"name":"Hjem","item":"https:\/\/www.lykketegning.no\/"},{"@type":"ListItem","position":2,"name":"Shop","item":"https:\/\/www.lykketegning.no\/sv\/webbutik\/"},{"@type":"ListItem","position":3,"name":"Julegenser fra Lykketegning (gr\u00f8nn)"}]},{"@type":"WebSite","@id":"https:\/\/www.lykketegning.no\/#website","url":"https:\/\/www.lykketegning.no\/","name":"SUERTE DIBUJO ILUSTRADOR","description":"","publisher":{"@id":"https:\/\/www.lykketegning.no\/#organization"},"potentialAction":[{"@type":"SearchAction","target":{"@type":"EntryPoint","urlTemplate":"https:\/\/www.lykketegning.no\/?s={search_term_string}"},"query-input":{"@type":"PropertyValueSpecification","valueRequired":true,"valueName":"search_term_string"}}],"inLanguage":"es"},{"@type":"Organization","@id":"https:\/\/www.lykketegning.no\/#organization","name":"SUERTE DIBUJO ILUSTRADOR","url":"https:\/\/www.lykketegning.no\/","logo":{"@type":"ImageObject","inLanguage":"es","@id":"https:\/\/www.lykketegning.no\/#\/schema\/logo\/image\/","url":"https:\/\/www.lykketegning.no\/wp-content\/uploads\/2020\/03\/Logo2020_h400px.jpg","contentUrl":"https:\/\/www.lykketegning.no\/wp-content\/uploads\/2020\/03\/Logo2020_h400px.jpg","width":1024,"height":400,"caption":"LYKKETEGNING ILLUSTRAT\u00d8R"},"image":{"@id":"https:\/\/www.lykketegning.no\/#\/schema\/logo\/image\/"},"sameAs":["https:\/\/www.facebook.com\/lykketegning\/","https:\/\/www.instagram.com\/lykketegning\/","https:\/\/www.youtube.com\/@lykketegningillustrations","https:\/\/www.tiktok.com\/@lykketegningillustration"]}]}},"_links":{"self":[{"href":"https:\/\/www.lykketegning.no\/es\/wp-json\/wp\/v2\/product\/37995","targetHints":{"allow":["GET"]}}],"collection":[{"href":"https:\/\/www.lykketegning.no\/es\/wp-json\/wp\/v2\/product"}],"about":[{"href":"https:\/\/www.lykketegning.no\/es\/wp-json\/wp\/v2\/types\/product"}],"replies":[{"embeddable":true,"href":"https:\/\/www.lykketegning.no\/es\/wp-json\/wp\/v2\/comments?post=37995"}],"wp:featuredmedia":[{"embeddable":true,"href":"https:\/\/www.lykketegning.no\/es\/wp-json\/wp\/v2\/media\/37992"}],"wp:attachment":[{"href":"https:\/\/www.lykketegning.no\/es\/wp-json\/wp\/v2\/media?parent=37995"}],"wp:term":[{"taxonomy":"product_brand","embeddable":true,"href":"https:\/\/www.lykketegning.no\/es\/wp-json\/wp\/v2\/product_brand?post=37995"},{"taxonomy":"product_cat","embeddable":true,"href":"https:\/\/www.lykketegning.no\/es\/wp-json\/wp\/v2\/product_cat?post=37995"},{"taxonomy":"product_tag","embeddable":true,"href":"https:\/\/www.lykketegning.no\/es\/wp-json\/wp\/v2\/product_tag?post=37995"}],"curies":[{"name":"wp","href":"https:\/\/api.w.org\/{rel}","templated":true}]}}