{"id":37818,"date":"2024-08-29T13:04:38","date_gmt":"2024-08-29T11:04:38","guid":{"rendered":"https:\/\/www.lykketegning.no\/?post_type=product&#038;p=37818"},"modified":"2026-02-18T00:03:11","modified_gmt":"2026-02-17T23:03:11","slug":"lykketegningkopp-onkel","status":"publish","type":"product","link":"https:\/\/www.lykketegning.no\/es\/producto\/taza-de-la-suerte-tio\/","title":{"rendered":"Taza del sorteo de la suerte; \u00a1t\u00edo!"},"content":{"rendered":"<h3>Nueva taza de Lucky Drawing.<\/h3>\n<blockquote><p>Taza del sorteo de la suerte; \u00a1T\u00edo!  \u00a1ha llegado a la tienda online! Un gran regalo para tu hermano o cu\u00f1ado o simplemente \u00a1el mejor t\u00edo del mundo!<\/p>\n<p>\"Nunca subestimes el papel del t\u00edo. Est\u00e1s justo detr\u00e1s de pap\u00e1 en la figura paterna, pero tienes la oportunidad de criarlos de la forma 'guay'. Divi\u00e9rtete un poco, ens\u00e9\u00f1ales las cosas divertidas y, al mismo tiempo, s\u00e9 alguien a quien sepan que siempre pueden acudir.<\/p>\n<p>\u00a1Felicidades como t\u00edo! Recuerda que eres importante en la vida de tus sobrinos\".<\/p><\/blockquote>\n<p class=\"p3\"><span class=\"s1\">\u00a0 \u00a0Ingebj\u00f8rg Rang\u00f8y Sj\u00e5land<\/span><\/p>\n<p>Preventa 2 d\u00edas. Entrega prevista el 24 de septiembre. Env\u00edo a todo el mundo<\/p>\n<p>Eche tambi\u00e9n un vistazo a la taza \"<a href=\"https:\/\/www.lykketegning.no\/es\/producto\/taza-de-la-suerte-tia\/\">t\u00eda<\/a> y<a href=\"https:\/\/www.lykketegning.no\/es\/produktkategori\/lykkekopper\/\"> las otras copas de la misma serie.<\/a><\/p>\n<p>Taza Turquesa D8 H9,5 400ml Material: Porcelana<\/p>\n<h3>Informaci\u00f3n sobre el sorteo Luck<\/h3>\n<p><strong>\"En Lykketegning, cada ilustraci\u00f3n se crea con calidez y esmero.<\/strong><br \/>\n<strong>Con colores fuertes, l\u00edneas claras y buenas citas, Happiness Drawing quiere hacerte parar un momento, respirar hondo y poner rumbo hacia delante.<\/strong><br \/>\n<strong>Los corazones y las sonrisas son de m\u00ed para ti, para recordarte que eres muy bueno\".<\/strong><\/p>\n<p>&nbsp;<\/p>\n<p>En el sitio web encontrar\u00e1 algunas ilustraciones y otros productos, como tazas, tarjetas de felicitaci\u00f3n y calendarios.<\/p>\n<p>Aqu\u00ed se a\u00f1aden constantemente nuevos productos, as\u00ed que no dude en suscribirse al bolet\u00edn para recibir actualizaciones mensuales.<\/p>\n<p>Para <strong>muchos muchos muchos muchos<\/strong> m\u00e1s ilustraciones; visita mi perfil de Instagram y Facebook.<\/p>\n<p>De hecho, todas las ilustraciones est\u00e1n a la venta. 999 SEK para A4 y 1500 SEK para A3.<\/p>\n<p>Tambi\u00e9n puede encargar el suyo propio, un regalo estupendo para bodas y otras fiestas. Ponte en contacto con nosotros.<\/p>\n<p><em>Precio: 1500kr para A4 y A5 (hasta 5 personas\/animal) coste adicional para m\u00e1s (hasta 5 personas\/animal). A3 2000kr sin gastos de env\u00edo. Necesito saber color\/tipo de pelo, altura, intereses y n\u00famero deseado de personas ilustradas. Cualquier presupuesto que desee incluido.<\/em><\/p>\n<p>Si tiene alguna pregunta, no dude en ponerse en contacto conmigo. Si desea charlar sobre una posible cooperaci\u00f3n, env\u00edeme un correo electr\u00f3nico.<\/p>\n<p>Espero tener noticias suyas y que tenga un buen d\u00eda. <a href=\"https:\/\/www.facebook.com\/lykketegning\/?locale=nb_NO\">Esto te llevar\u00e1 a mi p\u00e1gina de Facebook.<\/a> Y si quieres seguirme en<a href=\"https:\/\/www.instagram.com\/lykketegning\/?hl=nb\"> Instagram, lo encontrar\u00e1s aqu\u00ed.<\/a><\/p>\n<p>Artista<br \/>\nIngebj\u00f8rg Rang\u00f8y Sj\u00e5land<\/p>\n<p>&nbsp;<\/p>","protected":false},"excerpt":{"rendered":"<h2>\u00a1Nueva taza de Lykketegning!<\/h2>\n<blockquote>\n<p>Taza del sorteo de la suerte; \u00a1T\u00edo!  \u00a1ha llegado a la tienda online! Un gran regalo para tu hermano o cu\u00f1ado o simplemente \u00a1el mejor t\u00edo del mundo!<\/p>\n<p>\"Nunca subestimes el papel del t\u00edo. Est\u00e1s justo detr\u00e1s de pap\u00e1 en la figura paterna, pero tienes la oportunidad de criarlos de la forma 'guay'. Divi\u00e9rtete un poco, ens\u00e9\u00f1ales las cosas divertidas y, al mismo tiempo, s\u00e9 alguien a quien sepan que siempre pueden acudir.<\/p>\n<p>\u00a1Felicidades como t\u00edo! Recuerda que eres importante en la vida de tus sobrinos\".<\/p>\n<\/blockquote>\n<p>Preventa 2 d\u00edas. Entrega prevista el 24 de septiembre. Env\u00edo a todo el mundo<\/p>\n<p>&nbsp;<\/p>\n<p>&nbsp;<\/p>","protected":false},"featured_media":39736,"comment_status":"open","ping_status":"closed","template":"","meta":[],"product_brand":[],"product_cat":[41],"product_tag":[12,16,304,371,372],"class_list":{"0":"post-37818","1":"product","2":"type-product","3":"status-publish","4":"has-post-thumbnail","6":"product_cat-lykkekopper","7":"product_tag-kopp","8":"product_tag-kopper","9":"product_tag-lykketegningkopp","10":"product_tag-onkel","11":"product_tag-uncle","13":"first","14":"instock","15":"taxable","16":"shipping-taxable","17":"purchasable","18":"product-type-simple"},"yoast_head":"<!-- This site is optimized with the Yoast SEO plugin v27.3 - https:\/\/yoast.com\/product\/yoast-seo-wordpress\/ -->\n<title>Lykketegningkopp; Onkel! - LYKKETEGNING ILLUSTRAT\u00d8R<\/title>\n<meta name=\"description\" content=\"Lykketegningkopp; Onkel! Du kommer rett bak pappa i farsfigur, men du f\u00e5r lov til \u00e5 oppdra p\u00e5 den &quot;kule&quot; m\u00e5ten. Flott gave til verdens beste onkel!\" \/>\n<meta name=\"robots\" content=\"index, follow, max-snippet:-1, max-image-preview:large, max-video-preview:-1\" \/>\n<link rel=\"canonical\" href=\"https:\/\/www.lykketegning.no\/es\/product-2\/turdragning-cup-farbror\/\" \/>\n<meta property=\"og:locale\" content=\"es_ES\" \/>\n<meta property=\"og:type\" content=\"article\" \/>\n<meta property=\"og:title\" content=\"Lykketegningkopp; Onkel! - LYKKETEGNING ILLUSTRAT\u00d8R\" \/>\n<meta property=\"og:description\" content=\"Lykketegningkopp; Onkel! Du kommer rett bak pappa i farsfigur, men du f\u00e5r lov til \u00e5 oppdra p\u00e5 den &quot;kule&quot; m\u00e5ten. Flott gave til verdens beste onkel!\" \/>\n<meta property=\"og:url\" content=\"https:\/\/www.lykketegning.no\/es\/product-2\/turdragning-cup-farbror\/\" \/>\n<meta property=\"og:site_name\" content=\"LYKKETEGNING ILLUSTRAT\u00d8R\" \/>\n<meta property=\"article:publisher\" content=\"https:\/\/www.facebook.com\/lykketegning\/\" \/>\n<meta property=\"article:modified_time\" content=\"2026-02-17T23:03:11+00:00\" \/>\n<meta name=\"twitter:card\" content=\"summary_large_image\" \/>\n<meta name=\"twitter:label1\" content=\"Tiempo de lectura\" \/>\n\t<meta name=\"twitter:data1\" content=\"2 minutos\" \/>\n<script type=\"application\/ld+json\" class=\"yoast-schema-graph\">{\"@context\":\"https:\\\/\\\/schema.org\",\"@graph\":[{\"@type\":\"WebPage\",\"@id\":\"https:\\\/\\\/www.lykketegning.no\\\/sv\\\/product-2\\\/turdragning-cup-farbror\\\/\",\"url\":\"https:\\\/\\\/www.lykketegning.no\\\/sv\\\/product-2\\\/turdragning-cup-farbror\\\/\",\"name\":\"Lykketegningkopp; Onkel! - LYKKETEGNING ILLUSTRAT\u00d8R\",\"isPartOf\":{\"@id\":\"https:\\\/\\\/www.lykketegning.no\\\/#website\"},\"primaryImageOfPage\":{\"@id\":\"https:\\\/\\\/www.lykketegning.no\\\/sv\\\/product-2\\\/turdragning-cup-farbror\\\/#primaryimage\"},\"image\":{\"@id\":\"https:\\\/\\\/www.lykketegning.no\\\/sv\\\/product-2\\\/turdragning-cup-farbror\\\/#primaryimage\"},\"thumbnailUrl\":\"https:\\\/\\\/www.lykketegning.no\\\/wp-content\\\/uploads\\\/2023\\\/09\\\/IMG_7261-scaled.jpg\",\"datePublished\":\"2024-08-29T11:04:38+00:00\",\"dateModified\":\"2026-02-17T23:03:11+00:00\",\"description\":\"Lykketegningkopp; Onkel! Du kommer rett bak pappa i farsfigur, men du f\u00e5r lov til \u00e5 oppdra p\u00e5 den \\\"kule\\\" m\u00e5ten. Flott gave til verdens beste onkel!\",\"breadcrumb\":{\"@id\":\"https:\\\/\\\/www.lykketegning.no\\\/sv\\\/product-2\\\/turdragning-cup-farbror\\\/#breadcrumb\"},\"inLanguage\":\"es\",\"potentialAction\":[{\"@type\":\"ReadAction\",\"target\":[\"https:\\\/\\\/www.lykketegning.no\\\/sv\\\/product-2\\\/turdragning-cup-farbror\\\/\"]}]},{\"@type\":\"ImageObject\",\"inLanguage\":\"es\",\"@id\":\"https:\\\/\\\/www.lykketegning.no\\\/sv\\\/product-2\\\/turdragning-cup-farbror\\\/#primaryimage\",\"url\":\"https:\\\/\\\/www.lykketegning.no\\\/wp-content\\\/uploads\\\/2023\\\/09\\\/IMG_7261-scaled.jpg\",\"contentUrl\":\"https:\\\/\\\/www.lykketegning.no\\\/wp-content\\\/uploads\\\/2023\\\/09\\\/IMG_7261-scaled.jpg\",\"width\":2560,\"height\":2560},{\"@type\":\"BreadcrumbList\",\"@id\":\"https:\\\/\\\/www.lykketegning.no\\\/sv\\\/product-2\\\/turdragning-cup-farbror\\\/#breadcrumb\",\"itemListElement\":[{\"@type\":\"ListItem\",\"position\":1,\"name\":\"Hjem\",\"item\":\"https:\\\/\\\/www.lykketegning.no\\\/\"},{\"@type\":\"ListItem\",\"position\":2,\"name\":\"Shop\",\"item\":\"https:\\\/\\\/www.lykketegning.no\\\/sv\\\/webbutik\\\/\"},{\"@type\":\"ListItem\",\"position\":3,\"name\":\"Lykketegningkopp; Onkel!\"}]},{\"@type\":\"WebSite\",\"@id\":\"https:\\\/\\\/www.lykketegning.no\\\/#website\",\"url\":\"https:\\\/\\\/www.lykketegning.no\\\/\",\"name\":\"LYKKETEGNING ILLUSTRAT\u00d8R\",\"description\":\"\",\"publisher\":{\"@id\":\"https:\\\/\\\/www.lykketegning.no\\\/#organization\"},\"potentialAction\":[{\"@type\":\"SearchAction\",\"target\":{\"@type\":\"EntryPoint\",\"urlTemplate\":\"https:\\\/\\\/www.lykketegning.no\\\/?s={search_term_string}\"},\"query-input\":{\"@type\":\"PropertyValueSpecification\",\"valueRequired\":true,\"valueName\":\"search_term_string\"}}],\"inLanguage\":\"es\"},{\"@type\":\"Organization\",\"@id\":\"https:\\\/\\\/www.lykketegning.no\\\/#organization\",\"name\":\"LYKKETEGNING ILLUSTRAT\u00d8R\",\"url\":\"https:\\\/\\\/www.lykketegning.no\\\/\",\"logo\":{\"@type\":\"ImageObject\",\"inLanguage\":\"es\",\"@id\":\"https:\\\/\\\/www.lykketegning.no\\\/#\\\/schema\\\/logo\\\/image\\\/\",\"url\":\"https:\\\/\\\/www.lykketegning.no\\\/wp-content\\\/uploads\\\/2020\\\/03\\\/Logo2020_h400px.jpg\",\"contentUrl\":\"https:\\\/\\\/www.lykketegning.no\\\/wp-content\\\/uploads\\\/2020\\\/03\\\/Logo2020_h400px.jpg\",\"width\":1024,\"height\":400,\"caption\":\"LYKKETEGNING ILLUSTRAT\u00d8R\"},\"image\":{\"@id\":\"https:\\\/\\\/www.lykketegning.no\\\/#\\\/schema\\\/logo\\\/image\\\/\"},\"sameAs\":[\"https:\\\/\\\/www.facebook.com\\\/lykketegning\\\/\",\"https:\\\/\\\/www.instagram.com\\\/lykketegning\\\/\",\"https:\\\/\\\/www.youtube.com\\\/@lykketegningillustrations\",\"https:\\\/\\\/www.tiktok.com\\\/@lykketegningillustration\"]}]}<\/script>\n<!-- \/ Yoast SEO plugin. -->","yoast_head_json":{"title":"Taza de dibujo de la suerte; \u00a1T\u00edo! - DIBUJO DE LA SUERTE ILUSTRADOR","description":"Taza de dibujo afortunada; \u00a1t\u00edo! Est\u00e1s justo detr\u00e1s de pap\u00e1 en la figura paterna, pero te toca criarlo a lo \"guay\". \u00a1Un gran regalo para el mejor t\u00edo del mundo!","robots":{"index":"index","follow":"follow","max-snippet":"max-snippet:-1","max-image-preview":"max-image-preview:large","max-video-preview":"max-video-preview:-1"},"canonical":"https:\/\/www.lykketegning.no\/es\/product-2\/turdragning-cup-farbror\/","og_locale":"es_ES","og_type":"article","og_title":"Lykketegningkopp; Onkel! - LYKKETEGNING ILLUSTRAT\u00d8R","og_description":"Lykketegningkopp; Onkel! Du kommer rett bak pappa i farsfigur, men du f\u00e5r lov til \u00e5 oppdra p\u00e5 den \"kule\" m\u00e5ten. Flott gave til verdens beste onkel!","og_url":"https:\/\/www.lykketegning.no\/es\/product-2\/turdragning-cup-farbror\/","og_site_name":"LYKKETEGNING ILLUSTRAT\u00d8R","article_publisher":"https:\/\/www.facebook.com\/lykketegning\/","article_modified_time":"2026-02-17T23:03:11+00:00","twitter_card":"summary_large_image","twitter_misc":{"Tiempo de lectura":"2 minutos"},"schema":{"@context":"https:\/\/schema.org","@graph":[{"@type":"WebPage","@id":"https:\/\/www.lykketegning.no\/sv\/product-2\/turdragning-cup-farbror\/","url":"https:\/\/www.lykketegning.no\/sv\/product-2\/turdragning-cup-farbror\/","name":"Taza de dibujo de la suerte; \u00a1T\u00edo! - DIBUJO DE LA SUERTE ILUSTRADOR","isPartOf":{"@id":"https:\/\/www.lykketegning.no\/#website"},"primaryImageOfPage":{"@id":"https:\/\/www.lykketegning.no\/sv\/product-2\/turdragning-cup-farbror\/#primaryimage"},"image":{"@id":"https:\/\/www.lykketegning.no\/sv\/product-2\/turdragning-cup-farbror\/#primaryimage"},"thumbnailUrl":"https:\/\/www.lykketegning.no\/wp-content\/uploads\/2023\/09\/IMG_7261-scaled.jpg","datePublished":"2024-08-29T11:04:38+00:00","dateModified":"2026-02-17T23:03:11+00:00","description":"Taza de dibujo afortunada; \u00a1t\u00edo! Est\u00e1s justo detr\u00e1s de pap\u00e1 en la figura paterna, pero te toca criarlo a lo \"guay\". \u00a1Un gran regalo para el mejor t\u00edo del mundo!","breadcrumb":{"@id":"https:\/\/www.lykketegning.no\/sv\/product-2\/turdragning-cup-farbror\/#breadcrumb"},"inLanguage":"es","potentialAction":[{"@type":"ReadAction","target":["https:\/\/www.lykketegning.no\/sv\/product-2\/turdragning-cup-farbror\/"]}]},{"@type":"ImageObject","inLanguage":"es","@id":"https:\/\/www.lykketegning.no\/sv\/product-2\/turdragning-cup-farbror\/#primaryimage","url":"https:\/\/www.lykketegning.no\/wp-content\/uploads\/2023\/09\/IMG_7261-scaled.jpg","contentUrl":"https:\/\/www.lykketegning.no\/wp-content\/uploads\/2023\/09\/IMG_7261-scaled.jpg","width":2560,"height":2560},{"@type":"BreadcrumbList","@id":"https:\/\/www.lykketegning.no\/sv\/product-2\/turdragning-cup-farbror\/#breadcrumb","itemListElement":[{"@type":"ListItem","position":1,"name":"Hjem","item":"https:\/\/www.lykketegning.no\/"},{"@type":"ListItem","position":2,"name":"Shop","item":"https:\/\/www.lykketegning.no\/sv\/webbutik\/"},{"@type":"ListItem","position":3,"name":"Lykketegningkopp; Onkel!"}]},{"@type":"WebSite","@id":"https:\/\/www.lykketegning.no\/#website","url":"https:\/\/www.lykketegning.no\/","name":"SUERTE DIBUJO ILUSTRADOR","description":"","publisher":{"@id":"https:\/\/www.lykketegning.no\/#organization"},"potentialAction":[{"@type":"SearchAction","target":{"@type":"EntryPoint","urlTemplate":"https:\/\/www.lykketegning.no\/?s={search_term_string}"},"query-input":{"@type":"PropertyValueSpecification","valueRequired":true,"valueName":"search_term_string"}}],"inLanguage":"es"},{"@type":"Organization","@id":"https:\/\/www.lykketegning.no\/#organization","name":"SUERTE DIBUJO ILUSTRADOR","url":"https:\/\/www.lykketegning.no\/","logo":{"@type":"ImageObject","inLanguage":"es","@id":"https:\/\/www.lykketegning.no\/#\/schema\/logo\/image\/","url":"https:\/\/www.lykketegning.no\/wp-content\/uploads\/2020\/03\/Logo2020_h400px.jpg","contentUrl":"https:\/\/www.lykketegning.no\/wp-content\/uploads\/2020\/03\/Logo2020_h400px.jpg","width":1024,"height":400,"caption":"LYKKETEGNING ILLUSTRAT\u00d8R"},"image":{"@id":"https:\/\/www.lykketegning.no\/#\/schema\/logo\/image\/"},"sameAs":["https:\/\/www.facebook.com\/lykketegning\/","https:\/\/www.instagram.com\/lykketegning\/","https:\/\/www.youtube.com\/@lykketegningillustrations","https:\/\/www.tiktok.com\/@lykketegningillustration"]}]}},"_links":{"self":[{"href":"https:\/\/www.lykketegning.no\/es\/wp-json\/wp\/v2\/product\/37818","targetHints":{"allow":["GET"]}}],"collection":[{"href":"https:\/\/www.lykketegning.no\/es\/wp-json\/wp\/v2\/product"}],"about":[{"href":"https:\/\/www.lykketegning.no\/es\/wp-json\/wp\/v2\/types\/product"}],"replies":[{"embeddable":true,"href":"https:\/\/www.lykketegning.no\/es\/wp-json\/wp\/v2\/comments?post=37818"}],"wp:featuredmedia":[{"embeddable":true,"href":"https:\/\/www.lykketegning.no\/es\/wp-json\/wp\/v2\/media\/39736"}],"wp:attachment":[{"href":"https:\/\/www.lykketegning.no\/es\/wp-json\/wp\/v2\/media?parent=37818"}],"wp:term":[{"taxonomy":"product_brand","embeddable":true,"href":"https:\/\/www.lykketegning.no\/es\/wp-json\/wp\/v2\/product_brand?post=37818"},{"taxonomy":"product_cat","embeddable":true,"href":"https:\/\/www.lykketegning.no\/es\/wp-json\/wp\/v2\/product_cat?post=37818"},{"taxonomy":"product_tag","embeddable":true,"href":"https:\/\/www.lykketegning.no\/es\/wp-json\/wp\/v2\/product_tag?post=37818"}],"curies":[{"name":"wp","href":"https:\/\/api.w.org\/{rel}","templated":true}]}}