{"id":37287,"date":"2023-01-12T19:06:06","date_gmt":"2023-01-12T18:06:06","guid":{"rendered":"https:\/\/www.lykketegning.no\/fornyelse\/?post_type=product&#038;p=37287"},"modified":"2025-04-25T13:26:42","modified_gmt":"2025-04-25T11:26:42","slug":"gratulasjonskort-hjertevarme","status":"publish","type":"product","link":"https:\/\/www.lykketegning.no\/es\/producto\/tarjeta-de-felicitacion-heartwarming\/","title":{"rendered":"Tarjeta de felicitaci\u00f3n Heartwarming"},"content":{"rendered":"<p style=\"text-align: left;\">Una tarjeta preciosa para la mayor\u00eda de las ocasiones. \"Una palabra, una acci\u00f3n que brota de un coraz\u00f3n c\u00e1lido, puede extenderse en el futuro como una semilla al viento\" A6 str tarjeta doble.<\/p>\n<p>Echa un vistazo tambi\u00e9n a las dem\u00e1s tarjetas. Si desea convertirse en revendedor de tarjetas, env\u00ede un correo electr\u00f3nico a post@lykketegning.no<\/p>","protected":false},"excerpt":{"rendered":"<p>Una tarjeta preciosa para la mayor\u00eda de las ocasiones. \"Una palabra, una acci\u00f3n que brota de un coraz\u00f3n c\u00e1lido, puede extenderse en el futuro como una semilla al viento\" A6 str tarjeta doble.<\/p>\n<p>Echa un vistazo tambi\u00e9n a las dem\u00e1s tarjetas. Si desea convertirse en revendedor de tarjetas, env\u00ede un correo electr\u00f3nico a post@lykketegning.no<\/p>","protected":false},"featured_media":39824,"comment_status":"open","ping_status":"closed","template":"","meta":[],"product_brand":[],"product_cat":[172],"product_tag":[314,311,72,18,73,17,312,313],"class_list":{"0":"post-37287","1":"product","2":"type-product","3":"status-publish","4":"has-post-thumbnail","6":"product_cat-gratulasjonskort","7":"product_tag-blomster","8":"product_tag-blomsterkort","9":"product_tag-bryllup","10":"product_tag-gratulasjonskort","11":"product_tag-kjaereste","12":"product_tag-kort","13":"product_tag-minner","14":"product_tag-oh-happy-day","16":"first","17":"instock","18":"taxable","19":"shipping-taxable","20":"purchasable","21":"product-type-simple"},"yoast_head":"<!-- This site is optimized with the Yoast SEO plugin v27.3 - https:\/\/yoast.com\/product\/yoast-seo-wordpress\/ -->\n<title>Gratulasjonskort Hjertevarme - LYKKETEGNING ILLUSTRAT\u00d8R<\/title>\n<meta name=\"robots\" content=\"index, follow, max-snippet:-1, max-image-preview:large, max-video-preview:-1\" \/>\n<link rel=\"canonical\" href=\"https:\/\/www.lykketegning.no\/es\/producto\/tarjeta-de-felicitacion-heartwarming\/\" \/>\n<meta property=\"og:locale\" content=\"es_ES\" \/>\n<meta property=\"og:type\" content=\"article\" \/>\n<meta property=\"og:title\" content=\"Gratulasjonskort Hjertevarme - LYKKETEGNING ILLUSTRAT\u00d8R\" \/>\n<meta property=\"og:description\" content=\"Hyggelig kort til de fleste anledninger. \u00abEtt ord, en handling som springer ut fra ett varmt hjerte, kan spre seg videre inn i fremtiden som ett fr\u00f8 for vinden&quot; A6 str dobbelt kort.  Sjekk ogs\u00e5 de andre kortene da vel. \u00d8nsker du \u00e5 bli forhandler av kort, send en email til post@lykketegning.no\" \/>\n<meta property=\"og:url\" content=\"https:\/\/www.lykketegning.no\/es\/producto\/tarjeta-de-felicitacion-heartwarming\/\" \/>\n<meta property=\"og:site_name\" content=\"LYKKETEGNING ILLUSTRAT\u00d8R\" \/>\n<meta property=\"article:publisher\" content=\"https:\/\/www.facebook.com\/lykketegning\/\" \/>\n<meta property=\"article:modified_time\" content=\"2025-04-25T11:26:42+00:00\" \/>\n<meta name=\"twitter:card\" content=\"summary_large_image\" \/>\n<meta name=\"twitter:label1\" content=\"Tiempo de lectura\" \/>\n\t<meta name=\"twitter:data1\" content=\"1 minuto\" \/>\n<script type=\"application\/ld+json\" class=\"yoast-schema-graph\">{\"@context\":\"https:\\\/\\\/schema.org\",\"@graph\":[{\"@type\":\"WebPage\",\"@id\":\"https:\\\/\\\/www.lykketegning.no\\\/produkt\\\/gratulasjonskort-hjertevarme\\\/\",\"url\":\"https:\\\/\\\/www.lykketegning.no\\\/produkt\\\/gratulasjonskort-hjertevarme\\\/\",\"name\":\"Gratulasjonskort Hjertevarme - LYKKETEGNING ILLUSTRAT\u00d8R\",\"isPartOf\":{\"@id\":\"https:\\\/\\\/www.lykketegning.no\\\/#website\"},\"primaryImageOfPage\":{\"@id\":\"https:\\\/\\\/www.lykketegning.no\\\/produkt\\\/gratulasjonskort-hjertevarme\\\/#primaryimage\"},\"image\":{\"@id\":\"https:\\\/\\\/www.lykketegning.no\\\/produkt\\\/gratulasjonskort-hjertevarme\\\/#primaryimage\"},\"thumbnailUrl\":\"https:\\\/\\\/www.lykketegning.no\\\/wp-content\\\/uploads\\\/2023\\\/01\\\/IMG_7350-scaled.jpg\",\"datePublished\":\"2023-01-12T18:06:06+00:00\",\"dateModified\":\"2025-04-25T11:26:42+00:00\",\"breadcrumb\":{\"@id\":\"https:\\\/\\\/www.lykketegning.no\\\/produkt\\\/gratulasjonskort-hjertevarme\\\/#breadcrumb\"},\"inLanguage\":\"es\",\"potentialAction\":[{\"@type\":\"ReadAction\",\"target\":[\"https:\\\/\\\/www.lykketegning.no\\\/produkt\\\/gratulasjonskort-hjertevarme\\\/\"]}]},{\"@type\":\"ImageObject\",\"inLanguage\":\"es\",\"@id\":\"https:\\\/\\\/www.lykketegning.no\\\/produkt\\\/gratulasjonskort-hjertevarme\\\/#primaryimage\",\"url\":\"https:\\\/\\\/www.lykketegning.no\\\/wp-content\\\/uploads\\\/2023\\\/01\\\/IMG_7350-scaled.jpg\",\"contentUrl\":\"https:\\\/\\\/www.lykketegning.no\\\/wp-content\\\/uploads\\\/2023\\\/01\\\/IMG_7350-scaled.jpg\",\"width\":2560,\"height\":2560},{\"@type\":\"BreadcrumbList\",\"@id\":\"https:\\\/\\\/www.lykketegning.no\\\/produkt\\\/gratulasjonskort-hjertevarme\\\/#breadcrumb\",\"itemListElement\":[{\"@type\":\"ListItem\",\"position\":1,\"name\":\"Hjem\",\"item\":\"https:\\\/\\\/www.lykketegning.no\\\/\"},{\"@type\":\"ListItem\",\"position\":2,\"name\":\"Shop\",\"item\":\"https:\\\/\\\/www.lykketegning.no\\\/sv\\\/webbutik\\\/\"},{\"@type\":\"ListItem\",\"position\":3,\"name\":\"Gratulasjonskort Hjertevarme\"}]},{\"@type\":\"WebSite\",\"@id\":\"https:\\\/\\\/www.lykketegning.no\\\/#website\",\"url\":\"https:\\\/\\\/www.lykketegning.no\\\/\",\"name\":\"LYKKETEGNING ILLUSTRAT\u00d8R\",\"description\":\"\",\"publisher\":{\"@id\":\"https:\\\/\\\/www.lykketegning.no\\\/#organization\"},\"potentialAction\":[{\"@type\":\"SearchAction\",\"target\":{\"@type\":\"EntryPoint\",\"urlTemplate\":\"https:\\\/\\\/www.lykketegning.no\\\/?s={search_term_string}\"},\"query-input\":{\"@type\":\"PropertyValueSpecification\",\"valueRequired\":true,\"valueName\":\"search_term_string\"}}],\"inLanguage\":\"es\"},{\"@type\":\"Organization\",\"@id\":\"https:\\\/\\\/www.lykketegning.no\\\/#organization\",\"name\":\"LYKKETEGNING ILLUSTRAT\u00d8R\",\"url\":\"https:\\\/\\\/www.lykketegning.no\\\/\",\"logo\":{\"@type\":\"ImageObject\",\"inLanguage\":\"es\",\"@id\":\"https:\\\/\\\/www.lykketegning.no\\\/#\\\/schema\\\/logo\\\/image\\\/\",\"url\":\"https:\\\/\\\/www.lykketegning.no\\\/wp-content\\\/uploads\\\/2020\\\/03\\\/Logo2020_h400px.jpg\",\"contentUrl\":\"https:\\\/\\\/www.lykketegning.no\\\/wp-content\\\/uploads\\\/2020\\\/03\\\/Logo2020_h400px.jpg\",\"width\":1024,\"height\":400,\"caption\":\"LYKKETEGNING ILLUSTRAT\u00d8R\"},\"image\":{\"@id\":\"https:\\\/\\\/www.lykketegning.no\\\/#\\\/schema\\\/logo\\\/image\\\/\"},\"sameAs\":[\"https:\\\/\\\/www.facebook.com\\\/lykketegning\\\/\",\"https:\\\/\\\/www.instagram.com\\\/lykketegning\\\/\",\"https:\\\/\\\/www.youtube.com\\\/@lykketegningillustrations\",\"https:\\\/\\\/www.tiktok.com\\\/@lykketegningillustration\"]}]}<\/script>\n<!-- \/ Yoast SEO plugin. -->","yoast_head_json":{"title":"Tarjeta de felicitaci\u00f3n Heartwarming - LUCKY DRAWING ILLUSTRATOR","robots":{"index":"index","follow":"follow","max-snippet":"max-snippet:-1","max-image-preview":"max-image-preview:large","max-video-preview":"max-video-preview:-1"},"canonical":"https:\/\/www.lykketegning.no\/es\/producto\/tarjeta-de-felicitacion-heartwarming\/","og_locale":"es_ES","og_type":"article","og_title":"Gratulasjonskort Hjertevarme - LYKKETEGNING ILLUSTRAT\u00d8R","og_description":"Hyggelig kort til de fleste anledninger. \u00abEtt ord, en handling som springer ut fra ett varmt hjerte, kan spre seg videre inn i fremtiden som ett fr\u00f8 for vinden\" A6 str dobbelt kort.  Sjekk ogs\u00e5 de andre kortene da vel. \u00d8nsker du \u00e5 bli forhandler av kort, send en email til post@lykketegning.no","og_url":"https:\/\/www.lykketegning.no\/es\/producto\/tarjeta-de-felicitacion-heartwarming\/","og_site_name":"LYKKETEGNING ILLUSTRAT\u00d8R","article_publisher":"https:\/\/www.facebook.com\/lykketegning\/","article_modified_time":"2025-04-25T11:26:42+00:00","twitter_card":"summary_large_image","twitter_misc":{"Tiempo de lectura":"1 minuto"},"schema":{"@context":"https:\/\/schema.org","@graph":[{"@type":"WebPage","@id":"https:\/\/www.lykketegning.no\/produkt\/gratulasjonskort-hjertevarme\/","url":"https:\/\/www.lykketegning.no\/produkt\/gratulasjonskort-hjertevarme\/","name":"Tarjeta de felicitaci\u00f3n Heartwarming - LUCKY DRAWING ILLUSTRATOR","isPartOf":{"@id":"https:\/\/www.lykketegning.no\/#website"},"primaryImageOfPage":{"@id":"https:\/\/www.lykketegning.no\/produkt\/gratulasjonskort-hjertevarme\/#primaryimage"},"image":{"@id":"https:\/\/www.lykketegning.no\/produkt\/gratulasjonskort-hjertevarme\/#primaryimage"},"thumbnailUrl":"https:\/\/www.lykketegning.no\/wp-content\/uploads\/2023\/01\/IMG_7350-scaled.jpg","datePublished":"2023-01-12T18:06:06+00:00","dateModified":"2025-04-25T11:26:42+00:00","breadcrumb":{"@id":"https:\/\/www.lykketegning.no\/produkt\/gratulasjonskort-hjertevarme\/#breadcrumb"},"inLanguage":"es","potentialAction":[{"@type":"ReadAction","target":["https:\/\/www.lykketegning.no\/produkt\/gratulasjonskort-hjertevarme\/"]}]},{"@type":"ImageObject","inLanguage":"es","@id":"https:\/\/www.lykketegning.no\/produkt\/gratulasjonskort-hjertevarme\/#primaryimage","url":"https:\/\/www.lykketegning.no\/wp-content\/uploads\/2023\/01\/IMG_7350-scaled.jpg","contentUrl":"https:\/\/www.lykketegning.no\/wp-content\/uploads\/2023\/01\/IMG_7350-scaled.jpg","width":2560,"height":2560},{"@type":"BreadcrumbList","@id":"https:\/\/www.lykketegning.no\/produkt\/gratulasjonskort-hjertevarme\/#breadcrumb","itemListElement":[{"@type":"ListItem","position":1,"name":"Hjem","item":"https:\/\/www.lykketegning.no\/"},{"@type":"ListItem","position":2,"name":"Shop","item":"https:\/\/www.lykketegning.no\/sv\/webbutik\/"},{"@type":"ListItem","position":3,"name":"Gratulasjonskort Hjertevarme"}]},{"@type":"WebSite","@id":"https:\/\/www.lykketegning.no\/#website","url":"https:\/\/www.lykketegning.no\/","name":"SUERTE DIBUJO ILUSTRADOR","description":"","publisher":{"@id":"https:\/\/www.lykketegning.no\/#organization"},"potentialAction":[{"@type":"SearchAction","target":{"@type":"EntryPoint","urlTemplate":"https:\/\/www.lykketegning.no\/?s={search_term_string}"},"query-input":{"@type":"PropertyValueSpecification","valueRequired":true,"valueName":"search_term_string"}}],"inLanguage":"es"},{"@type":"Organization","@id":"https:\/\/www.lykketegning.no\/#organization","name":"SUERTE DIBUJO ILUSTRADOR","url":"https:\/\/www.lykketegning.no\/","logo":{"@type":"ImageObject","inLanguage":"es","@id":"https:\/\/www.lykketegning.no\/#\/schema\/logo\/image\/","url":"https:\/\/www.lykketegning.no\/wp-content\/uploads\/2020\/03\/Logo2020_h400px.jpg","contentUrl":"https:\/\/www.lykketegning.no\/wp-content\/uploads\/2020\/03\/Logo2020_h400px.jpg","width":1024,"height":400,"caption":"LYKKETEGNING ILLUSTRAT\u00d8R"},"image":{"@id":"https:\/\/www.lykketegning.no\/#\/schema\/logo\/image\/"},"sameAs":["https:\/\/www.facebook.com\/lykketegning\/","https:\/\/www.instagram.com\/lykketegning\/","https:\/\/www.youtube.com\/@lykketegningillustrations","https:\/\/www.tiktok.com\/@lykketegningillustration"]}]}},"_links":{"self":[{"href":"https:\/\/www.lykketegning.no\/es\/wp-json\/wp\/v2\/product\/37287","targetHints":{"allow":["GET"]}}],"collection":[{"href":"https:\/\/www.lykketegning.no\/es\/wp-json\/wp\/v2\/product"}],"about":[{"href":"https:\/\/www.lykketegning.no\/es\/wp-json\/wp\/v2\/types\/product"}],"replies":[{"embeddable":true,"href":"https:\/\/www.lykketegning.no\/es\/wp-json\/wp\/v2\/comments?post=37287"}],"wp:featuredmedia":[{"embeddable":true,"href":"https:\/\/www.lykketegning.no\/es\/wp-json\/wp\/v2\/media\/39824"}],"wp:attachment":[{"href":"https:\/\/www.lykketegning.no\/es\/wp-json\/wp\/v2\/media?parent=37287"}],"wp:term":[{"taxonomy":"product_brand","embeddable":true,"href":"https:\/\/www.lykketegning.no\/es\/wp-json\/wp\/v2\/product_brand?post=37287"},{"taxonomy":"product_cat","embeddable":true,"href":"https:\/\/www.lykketegning.no\/es\/wp-json\/wp\/v2\/product_cat?post=37287"},{"taxonomy":"product_tag","embeddable":true,"href":"https:\/\/www.lykketegning.no\/es\/wp-json\/wp\/v2\/product_tag?post=37287"}],"curies":[{"name":"wp","href":"https:\/\/api.w.org\/{rel}","templated":true}]}}