{"id":37258,"date":"2026-03-20T12:35:55","date_gmt":"2026-03-20T11:35:55","guid":{"rendered":"https:\/\/www.lykketegning.no\/fornyelse\/?post_type=product&#038;p=37258"},"modified":"2026-03-19T09:37:28","modified_gmt":"2026-03-19T08:37:28","slug":"paskekopp-fra-lykketegning-god-paske-gutt","status":"publish","type":"product","link":"https:\/\/www.lykketegning.no\/es\/producto\/copa-paske-del-sorteo-de-la-suerte-buen-chico-paske\/","title":{"rendered":"Taza de Pascua de Lykketegning: Feliz Pascua (ni\u00f1o)"},"content":{"rendered":"<div class=\"page\" title=\"P\u00e1gina 7\">\n<div class=\"section\">\n<div class=\"layoutArea\">\n<div class=\"column\">\n<h2>Felices Pascuas<\/h2>\n<p>Para algunos, la Pascua es la fiesta m\u00e1s importante de la fe cristiana, mientras que para otros se asocia con la monta\u00f1a de Pascua, el cacao en un termo, el sol que por fin calienta, la nieve que se derrite, la Pascua de la ciudad, los d\u00edas tranquilos y los d\u00edas festivos, las vacaciones y los d\u00edas tranquilos frente a la chimenea. No importa c\u00f3mo celebres tu Pascua, \u00a1espero que esta taza te acompa\u00f1e! Amarillo para decir que se acerca el verano, \u00a1colores vivos a juego con el huevo de Pascua! Feliz Pascua a todos.<\/p>\n<p>Ingebj\u00f8rg Rang\u00f8y Sj\u00e5land Sorteo de la suerte<\/p>\n<\/div>\n<\/div>\n<\/div>\n<\/div>\n<p>Taza amarilla D8 H9.5 40 cl Material: Cer\u00e1mica<\/p>\n<p>Apto para lavavajillas<\/p>\n<p>&nbsp;<\/p>","protected":false},"excerpt":{"rendered":"<p>Taza de Pascua de Lykketegning: Feliz Pascua (ni\u00f1o)<\/p>\n<p>Para algunos, la Pascua es la fiesta m\u00e1s importante de la fe cristiana, mientras que para otros se asocia con la monta\u00f1a de Pascua, el cacao en un termo, el sol que por fin calienta, la nieve que se derrite, la Pascua de la ciudad, los d\u00edas tranquilos y los d\u00edas festivos, las vacaciones y los d\u00edas tranquilos frente a la chimenea. No importa c\u00f3mo celebres tu Pascua, \u00a1espero que esta taza te acompa\u00f1e! Amarillo para decir que se acerca el verano, \u00a1colores vivos a juego con el huevo de Pascua! Feliz Pascua a todos.<\/p>","protected":false},"featured_media":39775,"comment_status":"open","ping_status":"closed","template":"","meta":[],"product_brand":[],"product_cat":[41],"product_tag":[12,13,43,304,303,302],"class_list":{"0":"post-37258","1":"product","2":"type-product","3":"status-publish","4":"has-post-thumbnail","6":"product_cat-lykkekopper","7":"product_tag-kopp","8":"product_tag-krus","9":"product_tag-lykkekopp","10":"product_tag-lykketegningkopp","11":"product_tag-paske","12":"product_tag-paskekopp","14":"first","15":"instock","16":"featured","17":"taxable","18":"shipping-taxable","19":"purchasable","20":"product-type-simple"},"yoast_head":"<!-- This site is optimized with the Yoast SEO plugin v27.3 - https:\/\/yoast.com\/product\/yoast-seo-wordpress\/ -->\n<title>P\u00e5skekopp fra Lykketegning: God p\u00e5ske (gutt) - LYKKETEGNING ILLUSTRAT\u00d8R<\/title>\n<meta name=\"description\" content=\"P\u00e5skekopp fra Lykketegning: God p\u00e5ske (gutt) Uansett hvordan du feirer din p\u00e5ske, s\u00e5 h\u00e5per jeg denne koppen blir med! God p\u00e5ske!\" \/>\n<meta name=\"robots\" content=\"index, follow, max-snippet:-1, max-image-preview:large, max-video-preview:-1\" \/>\n<link rel=\"canonical\" href=\"https:\/\/www.lykketegning.no\/es\/producto\/copa-paske-del-sorteo-de-la-suerte-buen-chico-paske\/\" \/>\n<meta property=\"og:locale\" content=\"es_ES\" \/>\n<meta property=\"og:type\" content=\"article\" \/>\n<meta property=\"og:title\" content=\"P\u00e5skekopp fra Lykketegning: God p\u00e5ske (gutt) - LYKKETEGNING ILLUSTRAT\u00d8R\" \/>\n<meta property=\"og:description\" content=\"P\u00e5skekopp fra Lykketegning: God p\u00e5ske (gutt) Uansett hvordan du feirer din p\u00e5ske, s\u00e5 h\u00e5per jeg denne koppen blir med! God p\u00e5ske!\" \/>\n<meta property=\"og:url\" content=\"https:\/\/www.lykketegning.no\/es\/producto\/copa-paske-del-sorteo-de-la-suerte-buen-chico-paske\/\" \/>\n<meta property=\"og:site_name\" content=\"LYKKETEGNING ILLUSTRAT\u00d8R\" \/>\n<meta property=\"article:publisher\" content=\"https:\/\/www.facebook.com\/lykketegning\/\" \/>\n<meta name=\"twitter:card\" content=\"summary_large_image\" \/>\n<meta name=\"twitter:label1\" content=\"Tiempo de lectura\" \/>\n\t<meta name=\"twitter:data1\" content=\"1 minuto\" \/>\n<script type=\"application\/ld+json\" class=\"yoast-schema-graph\">{\"@context\":\"https:\\\/\\\/schema.org\",\"@graph\":[{\"@type\":\"WebPage\",\"@id\":\"https:\\\/\\\/www.lykketegning.no\\\/produkt\\\/paskekopp-fra-lykketegning-god-paske-gutt\\\/\",\"url\":\"https:\\\/\\\/www.lykketegning.no\\\/produkt\\\/paskekopp-fra-lykketegning-god-paske-gutt\\\/\",\"name\":\"P\u00e5skekopp fra Lykketegning: God p\u00e5ske (gutt) - LYKKETEGNING ILLUSTRAT\u00d8R\",\"isPartOf\":{\"@id\":\"https:\\\/\\\/www.lykketegning.no\\\/#website\"},\"primaryImageOfPage\":{\"@id\":\"https:\\\/\\\/www.lykketegning.no\\\/produkt\\\/paskekopp-fra-lykketegning-god-paske-gutt\\\/#primaryimage\"},\"image\":{\"@id\":\"https:\\\/\\\/www.lykketegning.no\\\/produkt\\\/paskekopp-fra-lykketegning-god-paske-gutt\\\/#primaryimage\"},\"thumbnailUrl\":\"https:\\\/\\\/www.lykketegning.no\\\/wp-content\\\/uploads\\\/2023\\\/09\\\/IMG_7302-scaled.jpg\",\"datePublished\":\"2026-03-20T11:35:55+00:00\",\"description\":\"P\u00e5skekopp fra Lykketegning: God p\u00e5ske (gutt) Uansett hvordan du feirer din p\u00e5ske, s\u00e5 h\u00e5per jeg denne koppen blir med! God p\u00e5ske!\",\"breadcrumb\":{\"@id\":\"https:\\\/\\\/www.lykketegning.no\\\/produkt\\\/paskekopp-fra-lykketegning-god-paske-gutt\\\/#breadcrumb\"},\"inLanguage\":\"es\",\"potentialAction\":[{\"@type\":\"ReadAction\",\"target\":[\"https:\\\/\\\/www.lykketegning.no\\\/produkt\\\/paskekopp-fra-lykketegning-god-paske-gutt\\\/\"]}]},{\"@type\":\"ImageObject\",\"inLanguage\":\"es\",\"@id\":\"https:\\\/\\\/www.lykketegning.no\\\/produkt\\\/paskekopp-fra-lykketegning-god-paske-gutt\\\/#primaryimage\",\"url\":\"https:\\\/\\\/www.lykketegning.no\\\/wp-content\\\/uploads\\\/2023\\\/09\\\/IMG_7302-scaled.jpg\",\"contentUrl\":\"https:\\\/\\\/www.lykketegning.no\\\/wp-content\\\/uploads\\\/2023\\\/09\\\/IMG_7302-scaled.jpg\",\"width\":2560,\"height\":2560},{\"@type\":\"BreadcrumbList\",\"@id\":\"https:\\\/\\\/www.lykketegning.no\\\/produkt\\\/paskekopp-fra-lykketegning-god-paske-gutt\\\/#breadcrumb\",\"itemListElement\":[{\"@type\":\"ListItem\",\"position\":1,\"name\":\"Hjem\",\"item\":\"https:\\\/\\\/www.lykketegning.no\\\/\"},{\"@type\":\"ListItem\",\"position\":2,\"name\":\"Shop\",\"item\":\"https:\\\/\\\/www.lykketegning.no\\\/sv\\\/webbutik\\\/\"},{\"@type\":\"ListItem\",\"position\":3,\"name\":\"P\u00e5skekopp fra Lykketegning: God p\u00e5ske (gutt)\"}]},{\"@type\":\"WebSite\",\"@id\":\"https:\\\/\\\/www.lykketegning.no\\\/#website\",\"url\":\"https:\\\/\\\/www.lykketegning.no\\\/\",\"name\":\"LYKKETEGNING ILLUSTRAT\u00d8R\",\"description\":\"\",\"publisher\":{\"@id\":\"https:\\\/\\\/www.lykketegning.no\\\/#organization\"},\"potentialAction\":[{\"@type\":\"SearchAction\",\"target\":{\"@type\":\"EntryPoint\",\"urlTemplate\":\"https:\\\/\\\/www.lykketegning.no\\\/?s={search_term_string}\"},\"query-input\":{\"@type\":\"PropertyValueSpecification\",\"valueRequired\":true,\"valueName\":\"search_term_string\"}}],\"inLanguage\":\"es\"},{\"@type\":\"Organization\",\"@id\":\"https:\\\/\\\/www.lykketegning.no\\\/#organization\",\"name\":\"LYKKETEGNING ILLUSTRAT\u00d8R\",\"url\":\"https:\\\/\\\/www.lykketegning.no\\\/\",\"logo\":{\"@type\":\"ImageObject\",\"inLanguage\":\"es\",\"@id\":\"https:\\\/\\\/www.lykketegning.no\\\/#\\\/schema\\\/logo\\\/image\\\/\",\"url\":\"https:\\\/\\\/www.lykketegning.no\\\/wp-content\\\/uploads\\\/2020\\\/03\\\/Logo2020_h400px.jpg\",\"contentUrl\":\"https:\\\/\\\/www.lykketegning.no\\\/wp-content\\\/uploads\\\/2020\\\/03\\\/Logo2020_h400px.jpg\",\"width\":1024,\"height\":400,\"caption\":\"LYKKETEGNING ILLUSTRAT\u00d8R\"},\"image\":{\"@id\":\"https:\\\/\\\/www.lykketegning.no\\\/#\\\/schema\\\/logo\\\/image\\\/\"},\"sameAs\":[\"https:\\\/\\\/www.facebook.com\\\/lykketegning\\\/\",\"https:\\\/\\\/www.instagram.com\\\/lykketegning\\\/\",\"https:\\\/\\\/www.youtube.com\\\/@lykketegningillustrations\",\"https:\\\/\\\/www.tiktok.com\\\/@lykketegningillustration\"]}]}<\/script>\n<!-- \/ Yoast SEO plugin. -->","yoast_head_json":{"title":"Taza de Pascua de Happy Drawing: Feliz Pascua (ni\u00f1o) - LYKKETEGNING ILLUSTRAT\u00d8R","description":"Taza de Pascua de Lykketegning: Feliz Pascua (ni\u00f1o) \u00a1No importa c\u00f3mo celebres tu Pascua, espero que esta taza te acompa\u00f1e! \u00a1Feliz Pascua!","robots":{"index":"index","follow":"follow","max-snippet":"max-snippet:-1","max-image-preview":"max-image-preview:large","max-video-preview":"max-video-preview:-1"},"canonical":"https:\/\/www.lykketegning.no\/es\/producto\/copa-paske-del-sorteo-de-la-suerte-buen-chico-paske\/","og_locale":"es_ES","og_type":"article","og_title":"P\u00e5skekopp fra Lykketegning: God p\u00e5ske (gutt) - LYKKETEGNING ILLUSTRAT\u00d8R","og_description":"P\u00e5skekopp fra Lykketegning: God p\u00e5ske (gutt) Uansett hvordan du feirer din p\u00e5ske, s\u00e5 h\u00e5per jeg denne koppen blir med! God p\u00e5ske!","og_url":"https:\/\/www.lykketegning.no\/es\/producto\/copa-paske-del-sorteo-de-la-suerte-buen-chico-paske\/","og_site_name":"LYKKETEGNING ILLUSTRAT\u00d8R","article_publisher":"https:\/\/www.facebook.com\/lykketegning\/","twitter_card":"summary_large_image","twitter_misc":{"Tiempo de lectura":"1 minuto"},"schema":{"@context":"https:\/\/schema.org","@graph":[{"@type":"WebPage","@id":"https:\/\/www.lykketegning.no\/produkt\/paskekopp-fra-lykketegning-god-paske-gutt\/","url":"https:\/\/www.lykketegning.no\/produkt\/paskekopp-fra-lykketegning-god-paske-gutt\/","name":"Taza de Pascua de Happy Drawing: Feliz Pascua (ni\u00f1o) - LYKKETEGNING ILLUSTRAT\u00d8R","isPartOf":{"@id":"https:\/\/www.lykketegning.no\/#website"},"primaryImageOfPage":{"@id":"https:\/\/www.lykketegning.no\/produkt\/paskekopp-fra-lykketegning-god-paske-gutt\/#primaryimage"},"image":{"@id":"https:\/\/www.lykketegning.no\/produkt\/paskekopp-fra-lykketegning-god-paske-gutt\/#primaryimage"},"thumbnailUrl":"https:\/\/www.lykketegning.no\/wp-content\/uploads\/2023\/09\/IMG_7302-scaled.jpg","datePublished":"2026-03-20T11:35:55+00:00","description":"Taza de Pascua de Lykketegning: Feliz Pascua (ni\u00f1o) \u00a1No importa c\u00f3mo celebres tu Pascua, espero que esta taza te acompa\u00f1e! \u00a1Feliz Pascua!","breadcrumb":{"@id":"https:\/\/www.lykketegning.no\/produkt\/paskekopp-fra-lykketegning-god-paske-gutt\/#breadcrumb"},"inLanguage":"es","potentialAction":[{"@type":"ReadAction","target":["https:\/\/www.lykketegning.no\/produkt\/paskekopp-fra-lykketegning-god-paske-gutt\/"]}]},{"@type":"ImageObject","inLanguage":"es","@id":"https:\/\/www.lykketegning.no\/produkt\/paskekopp-fra-lykketegning-god-paske-gutt\/#primaryimage","url":"https:\/\/www.lykketegning.no\/wp-content\/uploads\/2023\/09\/IMG_7302-scaled.jpg","contentUrl":"https:\/\/www.lykketegning.no\/wp-content\/uploads\/2023\/09\/IMG_7302-scaled.jpg","width":2560,"height":2560},{"@type":"BreadcrumbList","@id":"https:\/\/www.lykketegning.no\/produkt\/paskekopp-fra-lykketegning-god-paske-gutt\/#breadcrumb","itemListElement":[{"@type":"ListItem","position":1,"name":"Hjem","item":"https:\/\/www.lykketegning.no\/"},{"@type":"ListItem","position":2,"name":"Shop","item":"https:\/\/www.lykketegning.no\/sv\/webbutik\/"},{"@type":"ListItem","position":3,"name":"P\u00e5skekopp fra Lykketegning: God p\u00e5ske (gutt)"}]},{"@type":"WebSite","@id":"https:\/\/www.lykketegning.no\/#website","url":"https:\/\/www.lykketegning.no\/","name":"SUERTE DIBUJO ILUSTRADOR","description":"","publisher":{"@id":"https:\/\/www.lykketegning.no\/#organization"},"potentialAction":[{"@type":"SearchAction","target":{"@type":"EntryPoint","urlTemplate":"https:\/\/www.lykketegning.no\/?s={search_term_string}"},"query-input":{"@type":"PropertyValueSpecification","valueRequired":true,"valueName":"search_term_string"}}],"inLanguage":"es"},{"@type":"Organization","@id":"https:\/\/www.lykketegning.no\/#organization","name":"SUERTE DIBUJO ILUSTRADOR","url":"https:\/\/www.lykketegning.no\/","logo":{"@type":"ImageObject","inLanguage":"es","@id":"https:\/\/www.lykketegning.no\/#\/schema\/logo\/image\/","url":"https:\/\/www.lykketegning.no\/wp-content\/uploads\/2020\/03\/Logo2020_h400px.jpg","contentUrl":"https:\/\/www.lykketegning.no\/wp-content\/uploads\/2020\/03\/Logo2020_h400px.jpg","width":1024,"height":400,"caption":"LYKKETEGNING ILLUSTRAT\u00d8R"},"image":{"@id":"https:\/\/www.lykketegning.no\/#\/schema\/logo\/image\/"},"sameAs":["https:\/\/www.facebook.com\/lykketegning\/","https:\/\/www.instagram.com\/lykketegning\/","https:\/\/www.youtube.com\/@lykketegningillustrations","https:\/\/www.tiktok.com\/@lykketegningillustration"]}]}},"_links":{"self":[{"href":"https:\/\/www.lykketegning.no\/es\/wp-json\/wp\/v2\/product\/37258","targetHints":{"allow":["GET"]}}],"collection":[{"href":"https:\/\/www.lykketegning.no\/es\/wp-json\/wp\/v2\/product"}],"about":[{"href":"https:\/\/www.lykketegning.no\/es\/wp-json\/wp\/v2\/types\/product"}],"replies":[{"embeddable":true,"href":"https:\/\/www.lykketegning.no\/es\/wp-json\/wp\/v2\/comments?post=37258"}],"wp:featuredmedia":[{"embeddable":true,"href":"https:\/\/www.lykketegning.no\/es\/wp-json\/wp\/v2\/media\/39775"}],"wp:attachment":[{"href":"https:\/\/www.lykketegning.no\/es\/wp-json\/wp\/v2\/media?parent=37258"}],"wp:term":[{"taxonomy":"product_brand","embeddable":true,"href":"https:\/\/www.lykketegning.no\/es\/wp-json\/wp\/v2\/product_brand?post=37258"},{"taxonomy":"product_cat","embeddable":true,"href":"https:\/\/www.lykketegning.no\/es\/wp-json\/wp\/v2\/product_cat?post=37258"},{"taxonomy":"product_tag","embeddable":true,"href":"https:\/\/www.lykketegning.no\/es\/wp-json\/wp\/v2\/product_tag?post=37258"}],"curies":[{"name":"wp","href":"https:\/\/api.w.org\/{rel}","templated":true}]}}