{"id":37209,"date":"2022-11-01T17:32:04","date_gmt":"2022-11-01T16:32:04","guid":{"rendered":"https:\/\/www.lykketegning.no\/fornyelse\/?post_type=product&#038;p=37209"},"modified":"2024-11-18T10:56:58","modified_gmt":"2024-11-18T09:56:58","slug":"2-pack-gloggkrus-fra-lykketegning-kos-og-lykke","status":"publish","type":"product","link":"https:\/\/www.lykketegning.no\/es\/producto\/pack-de-2-tazas-de-vino-caliente-de-happiness-drawing-cos-og-lykke\/","title":{"rendered":"Pack de 2 tazas de vino caliente de Happiness Dibujo \"KOS\" y \"LYKKE\""},"content":{"rendered":"<p>Pack de 2 tazas de vino caliente de Happiness Dibujo \"KOS\" y \"LYKKE\"<\/p>\n<p>Ahora puedes comprar las tazas de Navidad \"KOS\" y \"LYKKE\" en pack de 2 tazas un poco m\u00e1s peque\u00f1as.<\/p>\n<p>Perfectas para el vino caliente. Por eso las llamamos tazas de vino caliente.<\/p>\n<p>Precioso color rojo y perfecto para Navidad.<\/p>\n<p>Eche tambi\u00e9n un vistazo a las otras tazas de vino caliente: \"Hygge\" y \"Ro\".<\/p>\n<p>Taza roja D7 H9 28 cl Material: Cer\u00e1mica<\/p>\n<p>Apto para lavavajillas<\/p>\n<p>Taza popular con cita de Lucky Drawing<\/p>\n<p>Ya est\u00e1n aqu\u00ed las tazas de Navidad de este a\u00f1o. Pide tanto \"Alegr\u00eda\" como \"Armon\u00eda\".<\/p>\n<p>Un gran regalo de Navidad para los dem\u00e1s o para uno mismo.<\/p>\n<p>Echa un vistazo tambi\u00e9n a otras tazas como Glede, Kos og Lykke, Ro og hygge. Y las preciosas cajas para tartas de Lykketegning.<\/p>\n<p>&nbsp;<\/p>\n<p>&nbsp;<\/p>\n<p><strong>\"En Lykketegning, cada ilustraci\u00f3n se crea con calidez y esmero.<\/strong><br \/>\n<strong>Con colores fuertes, l\u00edneas claras y buenas citas, Happiness Drawing quiere hacerte parar un momento, respirar hondo y poner rumbo hacia delante.<\/strong><br \/>\n<strong>Los corazones y las sonrisas son de m\u00ed para ti, para recordarte que eres muy bueno\".<\/strong><\/p>\n<p>&nbsp;<\/p>\n<p>En el sitio web encontrar\u00e1 algunas ilustraciones y otros productos, como tazas, tarjetas de felicitaci\u00f3n y calendarios.<\/p>\n<p>Aqu\u00ed se a\u00f1aden constantemente nuevos productos, as\u00ed que no dude en suscribirse al bolet\u00edn para recibir actualizaciones mensuales.<\/p>\n<p>Para <strong>muchos muchos muchos muchos<\/strong> m\u00e1s ilustraciones; visita mi perfil de Instagram y Facebook.<\/p>\n<p>De hecho, todas las ilustraciones est\u00e1n a la venta. 999 SEK para A4 y 1500 SEK para A3.<\/p>\n<p>Tambi\u00e9n puede encargar el suyo propio, un regalo estupendo para bodas y otras fiestas. Ponte en contacto con nosotros.<\/p>\n<p><em>Precio: 1500kr para A4 y A5 (hasta 5 personas\/animal) coste adicional para m\u00e1s (hasta 5 personas\/animal). A3 2000kr sin gastos de env\u00edo. Necesito saber color\/tipo de pelo, altura, intereses y n\u00famero deseado de personas ilustradas. Cualquier presupuesto que desee incluido.<\/em><\/p>\n<p>Si tiene alguna pregunta, no dude en ponerse en contacto conmigo. Si desea charlar sobre una posible cooperaci\u00f3n, env\u00edeme un correo electr\u00f3nico.<\/p>\n<p>Espero tener noticias suyas y que tenga un buen d\u00eda. <a href=\"https:\/\/www.facebook.com\/lykketegning\/?locale=nb_NO\">Esto te llevar\u00e1 a mi p\u00e1gina de Facebook.<\/a> Y si quieres seguirme en<a href=\"https:\/\/www.instagram.com\/lykketegning\/?hl=nb\"> Instagram, lo encontrar\u00e1s aqu\u00ed.<\/a><\/p>\n<p>Artista<br \/>\nIngebj\u00f8rg Rang\u00f8y Sj\u00e5land<\/p>\n<p>&nbsp;<\/p>\n<div class=\"page\" title=\"P\u00e1gina 1\"><\/div>\n<div class=\"page\" title=\"P\u00e1gina 1\"><\/div>","protected":false},"excerpt":{"rendered":"<p>Pack de 2 tazas de vino caliente de Happiness Dibujo \"KOS\" y \"LYKKE\"<\/p>\n<p>Ahora puedes comprar las tazas de Navidad \"KOS\" y \"LYKKE\" en pack de 2 tazas un poco m\u00e1s peque\u00f1as.<\/p>\n<p>Perfectas para el vino caliente. Por eso las llamamos tazas de vino caliente.<\/p>\n<p>Precioso color rojo y perfecto para Navidad.<\/p>\n<p>Eche tambi\u00e9n un vistazo a las otras tazas de vino caliente: \"Hygge\" y \"Ro\".<\/p>\n<p>Taza roja D7 H9 28 cl Material: Cer\u00e1mica<\/p>\n<p>Apto para lavavajillas<\/p>\n<p>Taza popular con cita de Lucky Drawing<\/p>\n<div class=\"page\" title=\"P\u00e1gina 1\"><\/div>","protected":false},"featured_media":37210,"comment_status":"closed","ping_status":"closed","template":"","meta":[],"product_brand":[],"product_cat":[41],"product_tag":[273,158,377,191,43,121,217],"class_list":{"0":"post-37209","1":"product","2":"type-product","3":"status-publish","4":"has-post-thumbnail","6":"product_cat-lykkekopper","7":"product_tag-gloggkopper","8":"product_tag-jul","9":"product_tag-kos-og-lykke","10":"product_tag-lykke","11":"product_tag-lykkekopp","12":"product_tag-lykkekrus","13":"product_tag-ro","15":"first","16":"outofstock","17":"taxable","18":"shipping-taxable","19":"purchasable","20":"product-type-simple"},"yoast_head":"<!-- This site is optimized with the Yoast SEO plugin v27.4 - https:\/\/yoast.com\/product\/yoast-seo-wordpress\/ -->\n<title>2 pack Gl\u00f8ggkrus fra Lykketegning &quot;KOS &quot; og &quot;LYKKE&quot; - LYKKETEGNING ILLUSTRAT\u00d8R<\/title>\n<meta name=\"description\" content=\"2 pack Gl\u00f8ggkrus fra Lykketegning &quot;KOS &quot; og &quot;LYKKE&quot; N\u00e5 kan du kj\u00f8pe julekrusene &quot;KOS&quot; og &quot;LYKKE&quot; i litt mindre kopper 2 pack. Perfekte til gl\u00f8gg. Derfor kaller vi de gl\u00f8ggkopper. Nydelig r\u00f8dfarge og perfekt til julen.\" \/>\n<meta name=\"robots\" content=\"index, follow, max-snippet:-1, max-image-preview:large, max-video-preview:-1\" \/>\n<link rel=\"canonical\" href=\"https:\/\/www.lykketegning.no\/es\/product-2\/2-pack-mulled-wine-mugs-from-happiness-drawing-cos-og-lykke\/\" \/>\n<meta property=\"og:locale\" content=\"es_ES\" \/>\n<meta property=\"og:type\" content=\"article\" \/>\n<meta property=\"og:title\" content=\"2 pack Gl\u00f8ggkrus fra Lykketegning &quot;KOS &quot; og &quot;LYKKE&quot; - LYKKETEGNING ILLUSTRAT\u00d8R\" \/>\n<meta property=\"og:description\" content=\"2 pack Gl\u00f8ggkrus fra Lykketegning &quot;KOS &quot; og &quot;LYKKE&quot; N\u00e5 kan du kj\u00f8pe julekrusene &quot;KOS&quot; og &quot;LYKKE&quot; i litt mindre kopper 2 pack. Perfekte til gl\u00f8gg. Derfor kaller vi de gl\u00f8ggkopper. Nydelig r\u00f8dfarge og perfekt til julen.\" \/>\n<meta property=\"og:url\" content=\"https:\/\/www.lykketegning.no\/es\/product-2\/2-pack-mulled-wine-mugs-from-happiness-drawing-cos-og-lykke\/\" \/>\n<meta property=\"og:site_name\" content=\"LYKKETEGNING ILLUSTRAT\u00d8R\" \/>\n<meta property=\"article:publisher\" content=\"https:\/\/www.facebook.com\/lykketegning\/\" \/>\n<meta property=\"article:modified_time\" content=\"2024-11-18T09:56:58+00:00\" \/>\n<meta property=\"og:image\" content=\"https:\/\/www.lykketegning.no\/wp-content\/uploads\/2024\/04\/46203235_GB.jpg\" \/>\n\t<meta property=\"og:image:width\" content=\"700\" \/>\n\t<meta property=\"og:image:height\" content=\"700\" \/>\n\t<meta property=\"og:image:type\" content=\"image\/jpeg\" \/>\n<meta name=\"twitter:card\" content=\"summary_large_image\" \/>\n<meta name=\"twitter:label1\" content=\"Tiempo de lectura\" \/>\n\t<meta name=\"twitter:data1\" content=\"3 minutos\" \/>\n<script type=\"application\/ld+json\" class=\"yoast-schema-graph\">{\"@context\":\"https:\\\/\\\/schema.org\",\"@graph\":[{\"@type\":\"WebPage\",\"@id\":\"https:\\\/\\\/www.lykketegning.no\\\/en\\\/product-2\\\/2-pack-mulled-wine-mugs-from-happiness-drawing-cos-og-lykke\\\/\",\"url\":\"https:\\\/\\\/www.lykketegning.no\\\/en\\\/product-2\\\/2-pack-mulled-wine-mugs-from-happiness-drawing-cos-og-lykke\\\/\",\"name\":\"2 pack Gl\u00f8ggkrus fra Lykketegning \\\"KOS \\\" og \\\"LYKKE\\\" - LYKKETEGNING ILLUSTRAT\u00d8R\",\"isPartOf\":{\"@id\":\"https:\\\/\\\/www.lykketegning.no\\\/#website\"},\"primaryImageOfPage\":{\"@id\":\"https:\\\/\\\/www.lykketegning.no\\\/en\\\/product-2\\\/2-pack-mulled-wine-mugs-from-happiness-drawing-cos-og-lykke\\\/#primaryimage\"},\"image\":{\"@id\":\"https:\\\/\\\/www.lykketegning.no\\\/en\\\/product-2\\\/2-pack-mulled-wine-mugs-from-happiness-drawing-cos-og-lykke\\\/#primaryimage\"},\"thumbnailUrl\":\"https:\\\/\\\/www.lykketegning.no\\\/wp-content\\\/uploads\\\/2024\\\/04\\\/46203235_GB.jpg\",\"datePublished\":\"2022-11-01T16:32:04+00:00\",\"dateModified\":\"2024-11-18T09:56:58+00:00\",\"description\":\"2 pack Gl\u00f8ggkrus fra Lykketegning \\\"KOS \\\" og \\\"LYKKE\\\" N\u00e5 kan du kj\u00f8pe julekrusene \\\"KOS\\\" og \\\"LYKKE\\\" i litt mindre kopper 2 pack. Perfekte til gl\u00f8gg. Derfor kaller vi de gl\u00f8ggkopper. Nydelig r\u00f8dfarge og perfekt til julen.\",\"breadcrumb\":{\"@id\":\"https:\\\/\\\/www.lykketegning.no\\\/en\\\/product-2\\\/2-pack-mulled-wine-mugs-from-happiness-drawing-cos-og-lykke\\\/#breadcrumb\"},\"inLanguage\":\"es\",\"potentialAction\":[{\"@type\":\"ReadAction\",\"target\":[\"https:\\\/\\\/www.lykketegning.no\\\/en\\\/product-2\\\/2-pack-mulled-wine-mugs-from-happiness-drawing-cos-og-lykke\\\/\"]}]},{\"@type\":\"ImageObject\",\"inLanguage\":\"es\",\"@id\":\"https:\\\/\\\/www.lykketegning.no\\\/en\\\/product-2\\\/2-pack-mulled-wine-mugs-from-happiness-drawing-cos-og-lykke\\\/#primaryimage\",\"url\":\"https:\\\/\\\/www.lykketegning.no\\\/wp-content\\\/uploads\\\/2024\\\/04\\\/46203235_GB.jpg\",\"contentUrl\":\"https:\\\/\\\/www.lykketegning.no\\\/wp-content\\\/uploads\\\/2024\\\/04\\\/46203235_GB.jpg\",\"width\":700,\"height\":700,\"caption\":\"2 pack Gl\u00f8ggkrus fra Lykketegning \\\"KOS \\\" og \\\"LYKKE\\\"\"},{\"@type\":\"BreadcrumbList\",\"@id\":\"https:\\\/\\\/www.lykketegning.no\\\/en\\\/product-2\\\/2-pack-mulled-wine-mugs-from-happiness-drawing-cos-og-lykke\\\/#breadcrumb\",\"itemListElement\":[{\"@type\":\"ListItem\",\"position\":1,\"name\":\"Hjem\",\"item\":\"https:\\\/\\\/www.lykketegning.no\\\/\"},{\"@type\":\"ListItem\",\"position\":2,\"name\":\"Shop\",\"item\":\"https:\\\/\\\/www.lykketegning.no\\\/sv\\\/webbutik\\\/\"},{\"@type\":\"ListItem\",\"position\":3,\"name\":\"2 pack Gl\u00f8ggkrus fra Lykketegning &#8220;KOS &#8221; og &#8220;LYKKE&#8221;\"}]},{\"@type\":\"WebSite\",\"@id\":\"https:\\\/\\\/www.lykketegning.no\\\/#website\",\"url\":\"https:\\\/\\\/www.lykketegning.no\\\/\",\"name\":\"LYKKETEGNING ILLUSTRAT\u00d8R\",\"description\":\"\",\"publisher\":{\"@id\":\"https:\\\/\\\/www.lykketegning.no\\\/#organization\"},\"potentialAction\":[{\"@type\":\"SearchAction\",\"target\":{\"@type\":\"EntryPoint\",\"urlTemplate\":\"https:\\\/\\\/www.lykketegning.no\\\/?s={search_term_string}\"},\"query-input\":{\"@type\":\"PropertyValueSpecification\",\"valueRequired\":true,\"valueName\":\"search_term_string\"}}],\"inLanguage\":\"es\"},{\"@type\":\"Organization\",\"@id\":\"https:\\\/\\\/www.lykketegning.no\\\/#organization\",\"name\":\"LYKKETEGNING ILLUSTRAT\u00d8R\",\"url\":\"https:\\\/\\\/www.lykketegning.no\\\/\",\"logo\":{\"@type\":\"ImageObject\",\"inLanguage\":\"es\",\"@id\":\"https:\\\/\\\/www.lykketegning.no\\\/#\\\/schema\\\/logo\\\/image\\\/\",\"url\":\"https:\\\/\\\/www.lykketegning.no\\\/wp-content\\\/uploads\\\/2020\\\/03\\\/Logo2020_h400px.jpg\",\"contentUrl\":\"https:\\\/\\\/www.lykketegning.no\\\/wp-content\\\/uploads\\\/2020\\\/03\\\/Logo2020_h400px.jpg\",\"width\":1024,\"height\":400,\"caption\":\"LYKKETEGNING ILLUSTRAT\u00d8R\"},\"image\":{\"@id\":\"https:\\\/\\\/www.lykketegning.no\\\/#\\\/schema\\\/logo\\\/image\\\/\"},\"sameAs\":[\"https:\\\/\\\/www.facebook.com\\\/lykketegning\\\/\",\"https:\\\/\\\/www.instagram.com\\\/lykketegning\\\/\",\"https:\\\/\\\/www.youtube.com\\\/@lykketegningillustrations\",\"https:\\\/\\\/www.tiktok.com\\\/@lykketegningillustration\"]}]}<\/script>\n<!-- \/ Yoast SEO plugin. -->","yoast_head_json":{"title":"Pack de 2 tazas de vino caliente de Lykketegning \"KOS\" y \"LYKKE\" - LYKKETEGNING ILLUSTRAT\u00d8R","description":"Pack de 2 tazas de vino caliente de Lykketegning \"KOS\" y \"LYKKE\" Ahora puedes comprar las tazas de Navidad \"KOS\" y \"LYKKE\" en un pack de 2 tazas un poco m\u00e1s peque\u00f1as. Perfectas para el vino caliente. Por eso las llamamos tazas de vino caliente. Bonito color rojo y perfectas para Navidad.","robots":{"index":"index","follow":"follow","max-snippet":"max-snippet:-1","max-image-preview":"max-image-preview:large","max-video-preview":"max-video-preview:-1"},"canonical":"https:\/\/www.lykketegning.no\/es\/product-2\/2-pack-mulled-wine-mugs-from-happiness-drawing-cos-og-lykke\/","og_locale":"es_ES","og_type":"article","og_title":"2 pack Gl\u00f8ggkrus fra Lykketegning \"KOS \" og \"LYKKE\" - LYKKETEGNING ILLUSTRAT\u00d8R","og_description":"2 pack Gl\u00f8ggkrus fra Lykketegning \"KOS \" og \"LYKKE\" N\u00e5 kan du kj\u00f8pe julekrusene \"KOS\" og \"LYKKE\" i litt mindre kopper 2 pack. Perfekte til gl\u00f8gg. Derfor kaller vi de gl\u00f8ggkopper. Nydelig r\u00f8dfarge og perfekt til julen.","og_url":"https:\/\/www.lykketegning.no\/es\/product-2\/2-pack-mulled-wine-mugs-from-happiness-drawing-cos-og-lykke\/","og_site_name":"LYKKETEGNING ILLUSTRAT\u00d8R","article_publisher":"https:\/\/www.facebook.com\/lykketegning\/","article_modified_time":"2024-11-18T09:56:58+00:00","og_image":[{"width":700,"height":700,"url":"https:\/\/www.lykketegning.no\/wp-content\/uploads\/2024\/04\/46203235_GB.jpg","type":"image\/jpeg"}],"twitter_card":"summary_large_image","twitter_misc":{"Tiempo de lectura":"3 minutos"},"schema":{"@context":"https:\/\/schema.org","@graph":[{"@type":"WebPage","@id":"https:\/\/www.lykketegning.no\/en\/product-2\/2-pack-mulled-wine-mugs-from-happiness-drawing-cos-og-lykke\/","url":"https:\/\/www.lykketegning.no\/en\/product-2\/2-pack-mulled-wine-mugs-from-happiness-drawing-cos-og-lykke\/","name":"Pack de 2 tazas de vino caliente de Lykketegning \"KOS\" y \"LYKKE\" - LYKKETEGNING ILLUSTRAT\u00d8R","isPartOf":{"@id":"https:\/\/www.lykketegning.no\/#website"},"primaryImageOfPage":{"@id":"https:\/\/www.lykketegning.no\/en\/product-2\/2-pack-mulled-wine-mugs-from-happiness-drawing-cos-og-lykke\/#primaryimage"},"image":{"@id":"https:\/\/www.lykketegning.no\/en\/product-2\/2-pack-mulled-wine-mugs-from-happiness-drawing-cos-og-lykke\/#primaryimage"},"thumbnailUrl":"https:\/\/www.lykketegning.no\/wp-content\/uploads\/2024\/04\/46203235_GB.jpg","datePublished":"2022-11-01T16:32:04+00:00","dateModified":"2024-11-18T09:56:58+00:00","description":"Pack de 2 tazas de vino caliente de Lykketegning \"KOS\" y \"LYKKE\" Ahora puedes comprar las tazas de Navidad \"KOS\" y \"LYKKE\" en un pack de 2 tazas un poco m\u00e1s peque\u00f1as. Perfectas para el vino caliente. Por eso las llamamos tazas de vino caliente. Bonito color rojo y perfectas para Navidad.","breadcrumb":{"@id":"https:\/\/www.lykketegning.no\/en\/product-2\/2-pack-mulled-wine-mugs-from-happiness-drawing-cos-og-lykke\/#breadcrumb"},"inLanguage":"es","potentialAction":[{"@type":"ReadAction","target":["https:\/\/www.lykketegning.no\/en\/product-2\/2-pack-mulled-wine-mugs-from-happiness-drawing-cos-og-lykke\/"]}]},{"@type":"ImageObject","inLanguage":"es","@id":"https:\/\/www.lykketegning.no\/en\/product-2\/2-pack-mulled-wine-mugs-from-happiness-drawing-cos-og-lykke\/#primaryimage","url":"https:\/\/www.lykketegning.no\/wp-content\/uploads\/2024\/04\/46203235_GB.jpg","contentUrl":"https:\/\/www.lykketegning.no\/wp-content\/uploads\/2024\/04\/46203235_GB.jpg","width":700,"height":700,"caption":"2 pack Gl\u00f8ggkrus fra Lykketegning \"KOS \" og \"LYKKE\""},{"@type":"BreadcrumbList","@id":"https:\/\/www.lykketegning.no\/en\/product-2\/2-pack-mulled-wine-mugs-from-happiness-drawing-cos-og-lykke\/#breadcrumb","itemListElement":[{"@type":"ListItem","position":1,"name":"Hjem","item":"https:\/\/www.lykketegning.no\/"},{"@type":"ListItem","position":2,"name":"Shop","item":"https:\/\/www.lykketegning.no\/sv\/webbutik\/"},{"@type":"ListItem","position":3,"name":"2 pack Gl\u00f8ggkrus fra Lykketegning &#8220;KOS &#8221; og &#8220;LYKKE&#8221;"}]},{"@type":"WebSite","@id":"https:\/\/www.lykketegning.no\/#website","url":"https:\/\/www.lykketegning.no\/","name":"SUERTE DIBUJO ILUSTRADOR","description":"","publisher":{"@id":"https:\/\/www.lykketegning.no\/#organization"},"potentialAction":[{"@type":"SearchAction","target":{"@type":"EntryPoint","urlTemplate":"https:\/\/www.lykketegning.no\/?s={search_term_string}"},"query-input":{"@type":"PropertyValueSpecification","valueRequired":true,"valueName":"search_term_string"}}],"inLanguage":"es"},{"@type":"Organization","@id":"https:\/\/www.lykketegning.no\/#organization","name":"SUERTE DIBUJO ILUSTRADOR","url":"https:\/\/www.lykketegning.no\/","logo":{"@type":"ImageObject","inLanguage":"es","@id":"https:\/\/www.lykketegning.no\/#\/schema\/logo\/image\/","url":"https:\/\/www.lykketegning.no\/wp-content\/uploads\/2020\/03\/Logo2020_h400px.jpg","contentUrl":"https:\/\/www.lykketegning.no\/wp-content\/uploads\/2020\/03\/Logo2020_h400px.jpg","width":1024,"height":400,"caption":"LYKKETEGNING ILLUSTRAT\u00d8R"},"image":{"@id":"https:\/\/www.lykketegning.no\/#\/schema\/logo\/image\/"},"sameAs":["https:\/\/www.facebook.com\/lykketegning\/","https:\/\/www.instagram.com\/lykketegning\/","https:\/\/www.youtube.com\/@lykketegningillustrations","https:\/\/www.tiktok.com\/@lykketegningillustration"]}]}},"_links":{"self":[{"href":"https:\/\/www.lykketegning.no\/es\/wp-json\/wp\/v2\/product\/37209","targetHints":{"allow":["GET"]}}],"collection":[{"href":"https:\/\/www.lykketegning.no\/es\/wp-json\/wp\/v2\/product"}],"about":[{"href":"https:\/\/www.lykketegning.no\/es\/wp-json\/wp\/v2\/types\/product"}],"replies":[{"embeddable":true,"href":"https:\/\/www.lykketegning.no\/es\/wp-json\/wp\/v2\/comments?post=37209"}],"wp:featuredmedia":[{"embeddable":true,"href":"https:\/\/www.lykketegning.no\/es\/wp-json\/wp\/v2\/media\/37210"}],"wp:attachment":[{"href":"https:\/\/www.lykketegning.no\/es\/wp-json\/wp\/v2\/media?parent=37209"}],"wp:term":[{"taxonomy":"product_brand","embeddable":true,"href":"https:\/\/www.lykketegning.no\/es\/wp-json\/wp\/v2\/product_brand?post=37209"},{"taxonomy":"product_cat","embeddable":true,"href":"https:\/\/www.lykketegning.no\/es\/wp-json\/wp\/v2\/product_cat?post=37209"},{"taxonomy":"product_tag","embeddable":true,"href":"https:\/\/www.lykketegning.no\/es\/wp-json\/wp\/v2\/product_tag?post=37209"}],"curies":[{"name":"wp","href":"https:\/\/api.w.org\/{rel}","templated":true}]}}