{"id":37180,"date":"2023-04-01T17:08:57","date_gmt":"2023-04-01T15:08:57","guid":{"rendered":"https:\/\/www.lykketegning.no\/fornyelse\/?post_type=product&#038;p=37180"},"modified":"2025-12-13T14:38:43","modified_gmt":"2025-12-13T13:38:43","slug":"champagneglass-det-handler-om-a-nyte-oyeblikket","status":"publish","type":"product","link":"https:\/\/www.lykketegning.no\/es\/producto\/copas-de-champan-se-trata-de-saborear-el-momento\/","title":{"rendered":"Copas de champ\u00e1n ; Se trata de saborear el momento"},"content":{"rendered":"<div class=\"product attribute sap-more-information description\">\n<div class=\"value\">Copas de champ\u00e1n con bonito dise\u00f1o y grabado. \"Se trata de saborear el momento\" Las copas son perfectas para vinos espumosos, pero tambi\u00e9n estupendas para servir un zumo fresco, un c\u00f3ctel o deliciosos postres. Con l\u00edneas claras y grandes citas, Lykketegning quiere que te detengas un momento, respires hondo y pongas rumbo hacia delante.<\/div>\n<div><\/div>\n<div class=\"value\">Se puede lavar en el lavavajillas.<\/div>\n<\/div>\n<div class=\"page-title-wrapper product\">\n<h1 class=\"page-title\"><span class=\"base\" style=\"font-size: 18pt;\" data-ui-id=\"page-title-wrapper\">Sorteo de la suerte - Se trata de saborear el momento - Copa de champ\u00e1n - 35 cl<\/span><\/h1>\n<\/div>\n<div class=\"product attribute brand\">\n<div class=\"value\">Sorteo de la suerte<\/div>\n<\/div>\n<div class=\"product-attributes-container\">\n<div class=\"product attribute sap-additional-information\">\n<div class=\"value\">P9,5 A16 cm, , 35 cl, Cristal, Transparente. Texto grabado. En caja de regalo.<\/div>\n<\/div>\n<\/div>","protected":false},"excerpt":{"rendered":"<div class=\"product attribute sap-more-information description\">\n<div class=\"value\">Copas de champ\u00e1n con bonito dise\u00f1o y grabado. \"Se trata de saborear el momento\" Las copas son perfectas para vinos espumosos, pero tambi\u00e9n estupendas para servir un zumo fresco, un c\u00f3ctel o deliciosos postres. Con l\u00edneas claras y grandes citas, Lykketegning quiere que te detengas un momento, respires hondo y pongas rumbo hacia delante.<\/div>\n<div><\/div>\n<div class=\"value\">Se puede lavar en el lavavajillas.<\/div>\n<\/div>\n<div class=\"page-title-wrapper product\">\n<h1 class=\"page-title\"><span class=\"base\" style=\"font-size: 18pt;\" data-ui-id=\"page-title-wrapper\">Sorteo de la suerte - Se trata de saborear el momento - Copa de champ\u00e1n - 35 cl<\/span><\/h1>\n<\/div>\n<div class=\"product attribute brand\">\n<div class=\"value\">Sorteo de la suerte<\/div>\n<\/div>\n<div class=\"product-attributes-container\">\n<div class=\"product attribute sap-additional-information\">\n<div class=\"value\">P9,5 A16 cm, , 35 cl, Cristal, Transparente. Texto grabado. En caja de regalo.<\/div>\n<\/div>\n<\/div>","protected":false},"featured_media":37181,"comment_status":"open","ping_status":"closed","template":"","meta":[],"product_brand":[],"product_cat":[197],"product_tag":[],"class_list":{"0":"post-37180","1":"product","2":"type-product","3":"status-publish","4":"has-post-thumbnail","6":"product_cat-graverte-vinglass-champagneglass","8":"first","9":"outofstock","10":"taxable","11":"shipping-taxable","12":"purchasable","13":"product-type-simple"},"yoast_head":"<!-- This site is optimized with the Yoast SEO plugin v27.3 - https:\/\/yoast.com\/product\/yoast-seo-wordpress\/ -->\n<title>Champagneglass ; Det handler om \u00e5 nyte \u00f8yeblikket - LYKKETEGNING ILLUSTRAT\u00d8R<\/title>\n<meta name=\"robots\" content=\"index, follow, max-snippet:-1, max-image-preview:large, max-video-preview:-1\" \/>\n<link rel=\"canonical\" href=\"https:\/\/www.lykketegning.no\/es\/product-2\/champagneglas-det-handler-om-at-nyde-ojeblikket\/\" \/>\n<meta property=\"og:locale\" content=\"es_ES\" \/>\n<meta property=\"og:type\" content=\"article\" \/>\n<meta property=\"og:title\" content=\"Champagneglass ; Det handler om \u00e5 nyte \u00f8yeblikket - LYKKETEGNING ILLUSTRAT\u00d8R\" \/>\n<meta property=\"og:description\" content=\"Champagnebeger med lekker utforming og gravering. &quot;Det handler om \u00e5 nyte \u00f8yeblikket&quot; Glassene er perfekt til sprudlende viner, men ogs\u00e5 lekre \u00e5 servere en frisk juice, cocktail eller nydelige desserter. Med klare linjer og gode sitater \u00f8nsker Lykketegning \u00e5 f\u00e5 deg til \u00e5 stoppe litt opp, trekke pusten godt og deretter sette en god kurs videre.  Kan rengj\u00f8res i oppvaskmaskin.   Lykketegning - Det handler om \u00e5 nyte \u00f8yeblikket - Champagneglass - 35 cl   Lykketegning    D9,5 H16 cm, , 35 cl, Krystall, Klar. Gravert tekst. I gavekartong.\" \/>\n<meta property=\"og:url\" content=\"https:\/\/www.lykketegning.no\/es\/product-2\/champagneglas-det-handler-om-at-nyde-ojeblikket\/\" \/>\n<meta property=\"og:site_name\" content=\"LYKKETEGNING ILLUSTRAT\u00d8R\" \/>\n<meta property=\"article:publisher\" content=\"https:\/\/www.facebook.com\/lykketegning\/\" \/>\n<meta property=\"article:modified_time\" content=\"2025-12-13T13:38:43+00:00\" \/>\n<meta property=\"og:image\" content=\"https:\/\/www.lykketegning.no\/wp-content\/uploads\/2024\/04\/46203395_gb.jpg\" \/>\n\t<meta property=\"og:image:width\" content=\"700\" \/>\n\t<meta property=\"og:image:height\" content=\"700\" \/>\n\t<meta property=\"og:image:type\" content=\"image\/jpeg\" \/>\n<meta name=\"twitter:card\" content=\"summary_large_image\" \/>\n<meta name=\"twitter:label1\" content=\"Tiempo de lectura\" \/>\n\t<meta name=\"twitter:data1\" content=\"1 minuto\" \/>\n<script type=\"application\/ld+json\" class=\"yoast-schema-graph\">{\"@context\":\"https:\\\/\\\/schema.org\",\"@graph\":[{\"@type\":\"WebPage\",\"@id\":\"https:\\\/\\\/www.lykketegning.no\\\/da\\\/product-2\\\/champagneglas-det-handler-om-at-nyde-ojeblikket\\\/\",\"url\":\"https:\\\/\\\/www.lykketegning.no\\\/da\\\/product-2\\\/champagneglas-det-handler-om-at-nyde-ojeblikket\\\/\",\"name\":\"Champagneglass ; Det handler om \u00e5 nyte \u00f8yeblikket - LYKKETEGNING ILLUSTRAT\u00d8R\",\"isPartOf\":{\"@id\":\"https:\\\/\\\/www.lykketegning.no\\\/#website\"},\"primaryImageOfPage\":{\"@id\":\"https:\\\/\\\/www.lykketegning.no\\\/da\\\/product-2\\\/champagneglas-det-handler-om-at-nyde-ojeblikket\\\/#primaryimage\"},\"image\":{\"@id\":\"https:\\\/\\\/www.lykketegning.no\\\/da\\\/product-2\\\/champagneglas-det-handler-om-at-nyde-ojeblikket\\\/#primaryimage\"},\"thumbnailUrl\":\"https:\\\/\\\/www.lykketegning.no\\\/wp-content\\\/uploads\\\/2024\\\/04\\\/46203395_gb.jpg\",\"datePublished\":\"2023-04-01T15:08:57+00:00\",\"dateModified\":\"2025-12-13T13:38:43+00:00\",\"breadcrumb\":{\"@id\":\"https:\\\/\\\/www.lykketegning.no\\\/da\\\/product-2\\\/champagneglas-det-handler-om-at-nyde-ojeblikket\\\/#breadcrumb\"},\"inLanguage\":\"es\",\"potentialAction\":[{\"@type\":\"ReadAction\",\"target\":[\"https:\\\/\\\/www.lykketegning.no\\\/da\\\/product-2\\\/champagneglas-det-handler-om-at-nyde-ojeblikket\\\/\"]}]},{\"@type\":\"ImageObject\",\"inLanguage\":\"es\",\"@id\":\"https:\\\/\\\/www.lykketegning.no\\\/da\\\/product-2\\\/champagneglas-det-handler-om-at-nyde-ojeblikket\\\/#primaryimage\",\"url\":\"https:\\\/\\\/www.lykketegning.no\\\/wp-content\\\/uploads\\\/2024\\\/04\\\/46203395_gb.jpg\",\"contentUrl\":\"https:\\\/\\\/www.lykketegning.no\\\/wp-content\\\/uploads\\\/2024\\\/04\\\/46203395_gb.jpg\",\"width\":700,\"height\":700},{\"@type\":\"BreadcrumbList\",\"@id\":\"https:\\\/\\\/www.lykketegning.no\\\/da\\\/product-2\\\/champagneglas-det-handler-om-at-nyde-ojeblikket\\\/#breadcrumb\",\"itemListElement\":[{\"@type\":\"ListItem\",\"position\":1,\"name\":\"Hjem\",\"item\":\"https:\\\/\\\/www.lykketegning.no\\\/\"},{\"@type\":\"ListItem\",\"position\":2,\"name\":\"Shop\",\"item\":\"https:\\\/\\\/www.lykketegning.no\\\/sv\\\/webbutik\\\/\"},{\"@type\":\"ListItem\",\"position\":3,\"name\":\"Champagneglass ; Det handler om \u00e5 nyte \u00f8yeblikket\"}]},{\"@type\":\"WebSite\",\"@id\":\"https:\\\/\\\/www.lykketegning.no\\\/#website\",\"url\":\"https:\\\/\\\/www.lykketegning.no\\\/\",\"name\":\"LYKKETEGNING ILLUSTRAT\u00d8R\",\"description\":\"\",\"publisher\":{\"@id\":\"https:\\\/\\\/www.lykketegning.no\\\/#organization\"},\"potentialAction\":[{\"@type\":\"SearchAction\",\"target\":{\"@type\":\"EntryPoint\",\"urlTemplate\":\"https:\\\/\\\/www.lykketegning.no\\\/?s={search_term_string}\"},\"query-input\":{\"@type\":\"PropertyValueSpecification\",\"valueRequired\":true,\"valueName\":\"search_term_string\"}}],\"inLanguage\":\"es\"},{\"@type\":\"Organization\",\"@id\":\"https:\\\/\\\/www.lykketegning.no\\\/#organization\",\"name\":\"LYKKETEGNING ILLUSTRAT\u00d8R\",\"url\":\"https:\\\/\\\/www.lykketegning.no\\\/\",\"logo\":{\"@type\":\"ImageObject\",\"inLanguage\":\"es\",\"@id\":\"https:\\\/\\\/www.lykketegning.no\\\/#\\\/schema\\\/logo\\\/image\\\/\",\"url\":\"https:\\\/\\\/www.lykketegning.no\\\/wp-content\\\/uploads\\\/2020\\\/03\\\/Logo2020_h400px.jpg\",\"contentUrl\":\"https:\\\/\\\/www.lykketegning.no\\\/wp-content\\\/uploads\\\/2020\\\/03\\\/Logo2020_h400px.jpg\",\"width\":1024,\"height\":400,\"caption\":\"LYKKETEGNING ILLUSTRAT\u00d8R\"},\"image\":{\"@id\":\"https:\\\/\\\/www.lykketegning.no\\\/#\\\/schema\\\/logo\\\/image\\\/\"},\"sameAs\":[\"https:\\\/\\\/www.facebook.com\\\/lykketegning\\\/\",\"https:\\\/\\\/www.instagram.com\\\/lykketegning\\\/\",\"https:\\\/\\\/www.youtube.com\\\/@lykketegningillustrations\",\"https:\\\/\\\/www.tiktok.com\\\/@lykketegningillustration\"]}]}<\/script>\n<!-- \/ Yoast SEO plugin. -->","yoast_head_json":{"title":"Copas de champ\u00e1n ; Se trata de saborear el momento - LYKKETNING ILLUSTRAT\u00d8R","robots":{"index":"index","follow":"follow","max-snippet":"max-snippet:-1","max-image-preview":"max-image-preview:large","max-video-preview":"max-video-preview:-1"},"canonical":"https:\/\/www.lykketegning.no\/es\/product-2\/champagneglas-det-handler-om-at-nyde-ojeblikket\/","og_locale":"es_ES","og_type":"article","og_title":"Champagneglass ; Det handler om \u00e5 nyte \u00f8yeblikket - LYKKETEGNING ILLUSTRAT\u00d8R","og_description":"Champagnebeger med lekker utforming og gravering. \"Det handler om \u00e5 nyte \u00f8yeblikket\" Glassene er perfekt til sprudlende viner, men ogs\u00e5 lekre \u00e5 servere en frisk juice, cocktail eller nydelige desserter. Med klare linjer og gode sitater \u00f8nsker Lykketegning \u00e5 f\u00e5 deg til \u00e5 stoppe litt opp, trekke pusten godt og deretter sette en god kurs videre.  Kan rengj\u00f8res i oppvaskmaskin.   Lykketegning - Det handler om \u00e5 nyte \u00f8yeblikket - Champagneglass - 35 cl   Lykketegning    D9,5 H16 cm, , 35 cl, Krystall, Klar. Gravert tekst. I gavekartong.","og_url":"https:\/\/www.lykketegning.no\/es\/product-2\/champagneglas-det-handler-om-at-nyde-ojeblikket\/","og_site_name":"LYKKETEGNING ILLUSTRAT\u00d8R","article_publisher":"https:\/\/www.facebook.com\/lykketegning\/","article_modified_time":"2025-12-13T13:38:43+00:00","og_image":[{"width":700,"height":700,"url":"https:\/\/www.lykketegning.no\/wp-content\/uploads\/2024\/04\/46203395_gb.jpg","type":"image\/jpeg"}],"twitter_card":"summary_large_image","twitter_misc":{"Tiempo de lectura":"1 minuto"},"schema":{"@context":"https:\/\/schema.org","@graph":[{"@type":"WebPage","@id":"https:\/\/www.lykketegning.no\/da\/product-2\/champagneglas-det-handler-om-at-nyde-ojeblikket\/","url":"https:\/\/www.lykketegning.no\/da\/product-2\/champagneglas-det-handler-om-at-nyde-ojeblikket\/","name":"Copas de champ\u00e1n ; Se trata de saborear el momento - LYKKETNING ILLUSTRAT\u00d8R","isPartOf":{"@id":"https:\/\/www.lykketegning.no\/#website"},"primaryImageOfPage":{"@id":"https:\/\/www.lykketegning.no\/da\/product-2\/champagneglas-det-handler-om-at-nyde-ojeblikket\/#primaryimage"},"image":{"@id":"https:\/\/www.lykketegning.no\/da\/product-2\/champagneglas-det-handler-om-at-nyde-ojeblikket\/#primaryimage"},"thumbnailUrl":"https:\/\/www.lykketegning.no\/wp-content\/uploads\/2024\/04\/46203395_gb.jpg","datePublished":"2023-04-01T15:08:57+00:00","dateModified":"2025-12-13T13:38:43+00:00","breadcrumb":{"@id":"https:\/\/www.lykketegning.no\/da\/product-2\/champagneglas-det-handler-om-at-nyde-ojeblikket\/#breadcrumb"},"inLanguage":"es","potentialAction":[{"@type":"ReadAction","target":["https:\/\/www.lykketegning.no\/da\/product-2\/champagneglas-det-handler-om-at-nyde-ojeblikket\/"]}]},{"@type":"ImageObject","inLanguage":"es","@id":"https:\/\/www.lykketegning.no\/da\/product-2\/champagneglas-det-handler-om-at-nyde-ojeblikket\/#primaryimage","url":"https:\/\/www.lykketegning.no\/wp-content\/uploads\/2024\/04\/46203395_gb.jpg","contentUrl":"https:\/\/www.lykketegning.no\/wp-content\/uploads\/2024\/04\/46203395_gb.jpg","width":700,"height":700},{"@type":"BreadcrumbList","@id":"https:\/\/www.lykketegning.no\/da\/product-2\/champagneglas-det-handler-om-at-nyde-ojeblikket\/#breadcrumb","itemListElement":[{"@type":"ListItem","position":1,"name":"Hjem","item":"https:\/\/www.lykketegning.no\/"},{"@type":"ListItem","position":2,"name":"Shop","item":"https:\/\/www.lykketegning.no\/sv\/webbutik\/"},{"@type":"ListItem","position":3,"name":"Champagneglass ; Det handler om \u00e5 nyte \u00f8yeblikket"}]},{"@type":"WebSite","@id":"https:\/\/www.lykketegning.no\/#website","url":"https:\/\/www.lykketegning.no\/","name":"SUERTE DIBUJO ILUSTRADOR","description":"","publisher":{"@id":"https:\/\/www.lykketegning.no\/#organization"},"potentialAction":[{"@type":"SearchAction","target":{"@type":"EntryPoint","urlTemplate":"https:\/\/www.lykketegning.no\/?s={search_term_string}"},"query-input":{"@type":"PropertyValueSpecification","valueRequired":true,"valueName":"search_term_string"}}],"inLanguage":"es"},{"@type":"Organization","@id":"https:\/\/www.lykketegning.no\/#organization","name":"SUERTE DIBUJO ILUSTRADOR","url":"https:\/\/www.lykketegning.no\/","logo":{"@type":"ImageObject","inLanguage":"es","@id":"https:\/\/www.lykketegning.no\/#\/schema\/logo\/image\/","url":"https:\/\/www.lykketegning.no\/wp-content\/uploads\/2020\/03\/Logo2020_h400px.jpg","contentUrl":"https:\/\/www.lykketegning.no\/wp-content\/uploads\/2020\/03\/Logo2020_h400px.jpg","width":1024,"height":400,"caption":"LYKKETEGNING ILLUSTRAT\u00d8R"},"image":{"@id":"https:\/\/www.lykketegning.no\/#\/schema\/logo\/image\/"},"sameAs":["https:\/\/www.facebook.com\/lykketegning\/","https:\/\/www.instagram.com\/lykketegning\/","https:\/\/www.youtube.com\/@lykketegningillustrations","https:\/\/www.tiktok.com\/@lykketegningillustration"]}]}},"_links":{"self":[{"href":"https:\/\/www.lykketegning.no\/es\/wp-json\/wp\/v2\/product\/37180","targetHints":{"allow":["GET"]}}],"collection":[{"href":"https:\/\/www.lykketegning.no\/es\/wp-json\/wp\/v2\/product"}],"about":[{"href":"https:\/\/www.lykketegning.no\/es\/wp-json\/wp\/v2\/types\/product"}],"replies":[{"embeddable":true,"href":"https:\/\/www.lykketegning.no\/es\/wp-json\/wp\/v2\/comments?post=37180"}],"wp:featuredmedia":[{"embeddable":true,"href":"https:\/\/www.lykketegning.no\/es\/wp-json\/wp\/v2\/media\/37181"}],"wp:attachment":[{"href":"https:\/\/www.lykketegning.no\/es\/wp-json\/wp\/v2\/media?parent=37180"}],"wp:term":[{"taxonomy":"product_brand","embeddable":true,"href":"https:\/\/www.lykketegning.no\/es\/wp-json\/wp\/v2\/product_brand?post=37180"},{"taxonomy":"product_cat","embeddable":true,"href":"https:\/\/www.lykketegning.no\/es\/wp-json\/wp\/v2\/product_cat?post=37180"},{"taxonomy":"product_tag","embeddable":true,"href":"https:\/\/www.lykketegning.no\/es\/wp-json\/wp\/v2\/product_tag?post=37180"}],"curies":[{"name":"wp","href":"https:\/\/api.w.org\/{rel}","templated":true}]}}