{"id":37134,"date":"2024-05-16T20:00:15","date_gmt":"2024-05-16T18:00:15","guid":{"rendered":"https:\/\/www.lykketegning.no\/fornyelse\/?post_type=product&#038;p=37134"},"modified":"2026-01-05T13:12:59","modified_gmt":"2026-01-05T12:12:59","slug":"termoflaske-jeg-bestemmer-at-det-blir-en-god-dag-idag-liten","status":"publish","type":"product","link":"https:\/\/www.lykketegning.no\/es\/producto\/termo-decido-que-hoy-sera-un-buen-dia-pequeno\/","title":{"rendered":"Botella termo \"\u00a1Decido que hoy va a ser un buen d\u00eda! PEQUE\u00d1O"},"content":{"rendered":"<p>\" \u00a1Novedad de Luck Drawing!<\/p>\n<p>Botella termo resistente perfecta para la escuela, el trabajo y los viajes.<span class=\"Apple-converted-space\">\u00a0<\/span><\/p>\n<p>Botella para bebidas con paredes fabricadas con varias capas de materiales que conservan la temperatura, incluido el cobre. As\u00ed se mantiene la bebida caliente durante 12 horas y fr\u00eda durante 24 horas.<span class=\"Apple-converted-space\">\u00a0<\/span><\/p>\n<p>El tap\u00f3n tiene forma de reloj. En \u00e9l puede consultar la hora a la que llen\u00f3 la botella y controlar la temperatura aproximada del contenido a lo largo del d\u00eda. La gran abertura facilita la adici\u00f3n de cubitos de hielo.<\/p>\n<p>Tambi\u00e9n habr\u00e1 una fiambrera a juego durante el verano.<\/p>\n<p>La botella puede adquirirse en dos tama\u00f1os diferentes.<span class=\"Apple-converted-space\">\u00a0<\/span><\/p>\n<div class=\"product attribute sap-more-information description\">\n<div class=\"value\">La botella no est\u00e1 pensada para bebidas con gas. La botella puede lavarse en el lavavajillas, pero tenga en cuenta que puede desgastarse por fuera. Enjuague el tap\u00f3n con agua tibia.<\/div>\n<\/div>\n<div class=\"page\" title=\"P\u00e1gina 1\">\n<div class=\"layoutArea\">\n<div class=\"column\"><\/div>\n<\/div>\n<\/div>\n<div class=\"page-title-wrapper product\">\n<h5 class=\"page-title\"><strong><span class=\"base\" data-ui-id=\"page-title-wrapper\">Sorteo de la suerte - Decido que hoy va a ser un buen d\u00eda - Termo - 0,28 l<\/span><\/strong><\/h5>\n<\/div>\n<div class=\"product attribute brand\">\n<div class=\"value\">Sorteo de la suerte<\/div>\n<\/div>\n<div class=\"product-attributes-container\">\n<div class=\"product attribute sap-additional-information\">\n<div class=\"value\">P6,5 A19,5 280 ml, Acero 18\/8, Amarillo ocre, multi. Chica<\/div>\n<\/div>\n<\/div>","protected":false},"excerpt":{"rendered":"<p>\" \u00a1Novedad de Luck Drawing!<\/p>\n<p>Botella termo resistente perfecta para la escuela, el trabajo y los viajes.<span class=\"Apple-converted-space\">\u00a0<\/span><\/p>\n<p>Botella para bebidas con paredes fabricadas con varias capas de materiales que conservan la temperatura, incluido el cobre. As\u00ed se mantiene la bebida caliente durante 12 horas y fr\u00eda durante 24 horas.<span class=\"Apple-converted-space\">\u00a0<\/span><\/p>\n<p>El tap\u00f3n tiene forma de reloj. En \u00e9l puede consultar la hora a la que llen\u00f3 la botella y controlar la temperatura aproximada del contenido a lo largo del d\u00eda. La gran abertura facilita la adici\u00f3n de cubitos de hielo.<\/p>\n<p>Tambi\u00e9n habr\u00e1 una fiambrera a juego durante el verano.<\/p>\n<p>La botella puede adquirirse en dos tama\u00f1os diferentes.<span class=\"Apple-converted-space\">\u00a0<\/span><\/p>\n<div class=\"product attribute sap-more-information description\">\n<div class=\"value\">La botella no est\u00e1 pensada para bebidas con gas. La botella puede lavarse en el lavavajillas, pero tenga en cuenta que puede desgastarse por fuera. Enjuague el tap\u00f3n con agua tibia.<\/div>\n<\/div>\n<div class=\"page\" title=\"P\u00e1gina 1\">\n<div class=\"layoutArea\">\n<div class=\"column\"><\/div>\n<\/div>\n<\/div>\n<div class=\"page-title-wrapper product\">\n<h5 class=\"page-title\"><strong><span class=\"base\" data-ui-id=\"page-title-wrapper\">Sorteo de la suerte - Decido que hoy va a ser un buen d\u00eda - Termo - 0,28 l<\/span><\/strong><\/h5>\n<\/div>\n<div class=\"product attribute brand\">\n<div class=\"value\">Sorteo de la suerte<\/div>\n<\/div>\n<div class=\"product-attributes-container\">\n<div class=\"product attribute sap-additional-information\">\n<div class=\"value\">P6,5 A19,5 280 ml, Acero 18\/8, Amarillo ocre, multi. Chica<\/div>\n<\/div>\n<\/div>","protected":false},"featured_media":39798,"comment_status":"open","ping_status":"closed","template":"","meta":[],"product_brand":[],"product_cat":[41],"product_tag":[183,251],"class_list":{"0":"post-37134","1":"product","2":"type-product","3":"status-publish","4":"has-post-thumbnail","6":"product_cat-lykkekopper","7":"product_tag-termo","8":"product_tag-termoflaske","10":"first","11":"instock","12":"taxable","13":"shipping-taxable","14":"purchasable","15":"product-type-simple"},"yoast_head":"<!-- This site is optimized with the Yoast SEO plugin v27.3 - https:\/\/yoast.com\/product\/yoast-seo-wordpress\/ -->\n<title>Termoflaske &quot;Jeg bestemmer at det blir en god dag idag! LITEN - LYKKETEGNING ILLUSTRAT\u00d8R<\/title>\n<meta name=\"robots\" content=\"index, follow, max-snippet:-1, max-image-preview:large, max-video-preview:-1\" \/>\n<link rel=\"canonical\" href=\"https:\/\/www.lykketegning.no\/es\/product-2\/termo-decido-que-hoy-sera-un-buen-dia-pequeno\/\" \/>\n<meta property=\"og:locale\" content=\"es_ES\" \/>\n<meta property=\"og:type\" content=\"article\" \/>\n<meta property=\"og:title\" content=\"Termoflaske &quot;Jeg bestemmer at det blir en god dag idag! LITEN - LYKKETEGNING ILLUSTRAT\u00d8R\" \/>\n<meta property=\"og:description\" content=\"&quot;Nyhet fra Lykketegning!!  T\u00f8ff termoflaske som er perfekt til skole, jobb og p\u00e5 tur.\u00a0  Drikkeflaske med vegger av flere lag med temperaturbevarende materialer, deriblant kobber. Dette gj\u00f8r at den holder drikken varmt i 12 timer og kaldt i 24 timer.\u00a0  Korken er formet som en klokke. Her kan du vri til klokkeslettet n\u00e5r du fylte flasken og holde kontroll p\u00e5 ca. temperatur p\u00e5 innholdet utover dagen. Stor \u00e5pning som gj\u00f8r det lett \u00e5 tilsette isbiter.  I l\u00f8pet av sommeren kommer ogs\u00e5 matchende matboks.  Flasken kan kj\u00f8pes i 2 ulike st\u00f8rrelser!\u00a0  Flasken er ikke beregnet for drikkevarer med kullsyre. Flasken kan rengj\u00f8res i oppvaskmaskin, men vennligst merk at det kan oppst\u00e5 slitasje p\u00e5 utsiden. Korken skylles i varmt vann.        Lykketegning - Jeg bestemmer at det blir en god dag idag - Termoflaske - 0,28 l   Lykketegning    D6,5 H19,5 280 ml, St\u00e5l 18\/8, Okergul, multi. Jente\" \/>\n<meta property=\"og:url\" content=\"https:\/\/www.lykketegning.no\/es\/product-2\/termo-decido-que-hoy-sera-un-buen-dia-pequeno\/\" \/>\n<meta property=\"og:site_name\" content=\"LYKKETEGNING ILLUSTRAT\u00d8R\" \/>\n<meta property=\"article:publisher\" content=\"https:\/\/www.facebook.com\/lykketegning\/\" \/>\n<meta property=\"article:modified_time\" content=\"2026-01-05T12:12:59+00:00\" \/>\n<meta property=\"og:image\" content=\"https:\/\/www.lykketegning.no\/wp-content\/uploads\/2025\/03\/IMG_0244-2-scaled.jpg\" \/>\n\t<meta property=\"og:image:width\" content=\"2560\" \/>\n\t<meta property=\"og:image:height\" content=\"2560\" \/>\n\t<meta property=\"og:image:type\" content=\"image\/jpeg\" \/>\n<meta name=\"twitter:card\" content=\"summary_large_image\" \/>\n<meta name=\"twitter:label1\" content=\"Tiempo de lectura\" \/>\n\t<meta name=\"twitter:data1\" content=\"1 minuto\" \/>\n<script type=\"application\/ld+json\" class=\"yoast-schema-graph\">{\"@context\":\"https:\\\/\\\/schema.org\",\"@graph\":[{\"@type\":\"WebPage\",\"@id\":\"https:\\\/\\\/www.lykketegning.no\\\/es\\\/product-2\\\/termo-decido-que-hoy-sera-un-buen-dia-pequeno\\\/\",\"url\":\"https:\\\/\\\/www.lykketegning.no\\\/es\\\/product-2\\\/termo-decido-que-hoy-sera-un-buen-dia-pequeno\\\/\",\"name\":\"Termoflaske \\\"Jeg bestemmer at det blir en god dag idag! LITEN - LYKKETEGNING ILLUSTRAT\u00d8R\",\"isPartOf\":{\"@id\":\"https:\\\/\\\/www.lykketegning.no\\\/#website\"},\"primaryImageOfPage\":{\"@id\":\"https:\\\/\\\/www.lykketegning.no\\\/es\\\/product-2\\\/termo-decido-que-hoy-sera-un-buen-dia-pequeno\\\/#primaryimage\"},\"image\":{\"@id\":\"https:\\\/\\\/www.lykketegning.no\\\/es\\\/product-2\\\/termo-decido-que-hoy-sera-un-buen-dia-pequeno\\\/#primaryimage\"},\"thumbnailUrl\":\"https:\\\/\\\/www.lykketegning.no\\\/wp-content\\\/uploads\\\/2025\\\/03\\\/IMG_0244-2-scaled.jpg\",\"datePublished\":\"2024-05-16T18:00:15+00:00\",\"dateModified\":\"2026-01-05T12:12:59+00:00\",\"breadcrumb\":{\"@id\":\"https:\\\/\\\/www.lykketegning.no\\\/es\\\/product-2\\\/termo-decido-que-hoy-sera-un-buen-dia-pequeno\\\/#breadcrumb\"},\"inLanguage\":\"es\",\"potentialAction\":[{\"@type\":\"ReadAction\",\"target\":[\"https:\\\/\\\/www.lykketegning.no\\\/es\\\/product-2\\\/termo-decido-que-hoy-sera-un-buen-dia-pequeno\\\/\"]}]},{\"@type\":\"ImageObject\",\"inLanguage\":\"es\",\"@id\":\"https:\\\/\\\/www.lykketegning.no\\\/es\\\/product-2\\\/termo-decido-que-hoy-sera-un-buen-dia-pequeno\\\/#primaryimage\",\"url\":\"https:\\\/\\\/www.lykketegning.no\\\/wp-content\\\/uploads\\\/2025\\\/03\\\/IMG_0244-2-scaled.jpg\",\"contentUrl\":\"https:\\\/\\\/www.lykketegning.no\\\/wp-content\\\/uploads\\\/2025\\\/03\\\/IMG_0244-2-scaled.jpg\",\"width\":2560,\"height\":2560},{\"@type\":\"BreadcrumbList\",\"@id\":\"https:\\\/\\\/www.lykketegning.no\\\/es\\\/product-2\\\/termo-decido-que-hoy-sera-un-buen-dia-pequeno\\\/#breadcrumb\",\"itemListElement\":[{\"@type\":\"ListItem\",\"position\":1,\"name\":\"Hjem\",\"item\":\"https:\\\/\\\/www.lykketegning.no\\\/\"},{\"@type\":\"ListItem\",\"position\":2,\"name\":\"Shop\",\"item\":\"https:\\\/\\\/www.lykketegning.no\\\/sv\\\/webbutik\\\/\"},{\"@type\":\"ListItem\",\"position\":3,\"name\":\"Termoflaske &#8220;Jeg bestemmer at det blir en god dag idag! LITEN\"}]},{\"@type\":\"WebSite\",\"@id\":\"https:\\\/\\\/www.lykketegning.no\\\/#website\",\"url\":\"https:\\\/\\\/www.lykketegning.no\\\/\",\"name\":\"LYKKETEGNING ILLUSTRAT\u00d8R\",\"description\":\"\",\"publisher\":{\"@id\":\"https:\\\/\\\/www.lykketegning.no\\\/#organization\"},\"potentialAction\":[{\"@type\":\"SearchAction\",\"target\":{\"@type\":\"EntryPoint\",\"urlTemplate\":\"https:\\\/\\\/www.lykketegning.no\\\/?s={search_term_string}\"},\"query-input\":{\"@type\":\"PropertyValueSpecification\",\"valueRequired\":true,\"valueName\":\"search_term_string\"}}],\"inLanguage\":\"es\"},{\"@type\":\"Organization\",\"@id\":\"https:\\\/\\\/www.lykketegning.no\\\/#organization\",\"name\":\"LYKKETEGNING ILLUSTRAT\u00d8R\",\"url\":\"https:\\\/\\\/www.lykketegning.no\\\/\",\"logo\":{\"@type\":\"ImageObject\",\"inLanguage\":\"es\",\"@id\":\"https:\\\/\\\/www.lykketegning.no\\\/#\\\/schema\\\/logo\\\/image\\\/\",\"url\":\"https:\\\/\\\/www.lykketegning.no\\\/wp-content\\\/uploads\\\/2020\\\/03\\\/Logo2020_h400px.jpg\",\"contentUrl\":\"https:\\\/\\\/www.lykketegning.no\\\/wp-content\\\/uploads\\\/2020\\\/03\\\/Logo2020_h400px.jpg\",\"width\":1024,\"height\":400,\"caption\":\"LYKKETEGNING ILLUSTRAT\u00d8R\"},\"image\":{\"@id\":\"https:\\\/\\\/www.lykketegning.no\\\/#\\\/schema\\\/logo\\\/image\\\/\"},\"sameAs\":[\"https:\\\/\\\/www.facebook.com\\\/lykketegning\\\/\",\"https:\\\/\\\/www.instagram.com\\\/lykketegning\\\/\",\"https:\\\/\\\/www.youtube.com\\\/@lykketegningillustrations\",\"https:\\\/\\\/www.tiktok.com\\\/@lykketegningillustration\"]}]}<\/script>\n<!-- \/ Yoast SEO plugin. -->","yoast_head_json":{"title":"Termo \"\u00a1Decido que hoy va a ser un buen d\u00eda! PEQUE\u00d1O - ILUSTRADOR DE DIBUJOS DE LA SUERTE","robots":{"index":"index","follow":"follow","max-snippet":"max-snippet:-1","max-image-preview":"max-image-preview:large","max-video-preview":"max-video-preview:-1"},"canonical":"https:\/\/www.lykketegning.no\/es\/product-2\/termo-decido-que-hoy-sera-un-buen-dia-pequeno\/","og_locale":"es_ES","og_type":"article","og_title":"Termoflaske \"Jeg bestemmer at det blir en god dag idag! LITEN - LYKKETEGNING ILLUSTRAT\u00d8R","og_description":"\"Nyhet fra Lykketegning!!  T\u00f8ff termoflaske som er perfekt til skole, jobb og p\u00e5 tur.\u00a0  Drikkeflaske med vegger av flere lag med temperaturbevarende materialer, deriblant kobber. Dette gj\u00f8r at den holder drikken varmt i 12 timer og kaldt i 24 timer.\u00a0  Korken er formet som en klokke. Her kan du vri til klokkeslettet n\u00e5r du fylte flasken og holde kontroll p\u00e5 ca. temperatur p\u00e5 innholdet utover dagen. Stor \u00e5pning som gj\u00f8r det lett \u00e5 tilsette isbiter.  I l\u00f8pet av sommeren kommer ogs\u00e5 matchende matboks.  Flasken kan kj\u00f8pes i 2 ulike st\u00f8rrelser!\u00a0  Flasken er ikke beregnet for drikkevarer med kullsyre. Flasken kan rengj\u00f8res i oppvaskmaskin, men vennligst merk at det kan oppst\u00e5 slitasje p\u00e5 utsiden. Korken skylles i varmt vann.        Lykketegning - Jeg bestemmer at det blir en god dag idag - Termoflaske - 0,28 l   Lykketegning    D6,5 H19,5 280 ml, St\u00e5l 18\/8, Okergul, multi. Jente","og_url":"https:\/\/www.lykketegning.no\/es\/product-2\/termo-decido-que-hoy-sera-un-buen-dia-pequeno\/","og_site_name":"LYKKETEGNING ILLUSTRAT\u00d8R","article_publisher":"https:\/\/www.facebook.com\/lykketegning\/","article_modified_time":"2026-01-05T12:12:59+00:00","og_image":[{"width":2560,"height":2560,"url":"https:\/\/www.lykketegning.no\/wp-content\/uploads\/2025\/03\/IMG_0244-2-scaled.jpg","type":"image\/jpeg"}],"twitter_card":"summary_large_image","twitter_misc":{"Tiempo de lectura":"1 minuto"},"schema":{"@context":"https:\/\/schema.org","@graph":[{"@type":"WebPage","@id":"https:\/\/www.lykketegning.no\/es\/product-2\/termo-decido-que-hoy-sera-un-buen-dia-pequeno\/","url":"https:\/\/www.lykketegning.no\/es\/product-2\/termo-decido-que-hoy-sera-un-buen-dia-pequeno\/","name":"Termo \"\u00a1Decido que hoy va a ser un buen d\u00eda! PEQUE\u00d1O - ILUSTRADOR DE DIBUJOS DE LA SUERTE","isPartOf":{"@id":"https:\/\/www.lykketegning.no\/#website"},"primaryImageOfPage":{"@id":"https:\/\/www.lykketegning.no\/es\/product-2\/termo-decido-que-hoy-sera-un-buen-dia-pequeno\/#primaryimage"},"image":{"@id":"https:\/\/www.lykketegning.no\/es\/product-2\/termo-decido-que-hoy-sera-un-buen-dia-pequeno\/#primaryimage"},"thumbnailUrl":"https:\/\/www.lykketegning.no\/wp-content\/uploads\/2025\/03\/IMG_0244-2-scaled.jpg","datePublished":"2024-05-16T18:00:15+00:00","dateModified":"2026-01-05T12:12:59+00:00","breadcrumb":{"@id":"https:\/\/www.lykketegning.no\/es\/product-2\/termo-decido-que-hoy-sera-un-buen-dia-pequeno\/#breadcrumb"},"inLanguage":"es","potentialAction":[{"@type":"ReadAction","target":["https:\/\/www.lykketegning.no\/es\/product-2\/termo-decido-que-hoy-sera-un-buen-dia-pequeno\/"]}]},{"@type":"ImageObject","inLanguage":"es","@id":"https:\/\/www.lykketegning.no\/es\/product-2\/termo-decido-que-hoy-sera-un-buen-dia-pequeno\/#primaryimage","url":"https:\/\/www.lykketegning.no\/wp-content\/uploads\/2025\/03\/IMG_0244-2-scaled.jpg","contentUrl":"https:\/\/www.lykketegning.no\/wp-content\/uploads\/2025\/03\/IMG_0244-2-scaled.jpg","width":2560,"height":2560},{"@type":"BreadcrumbList","@id":"https:\/\/www.lykketegning.no\/es\/product-2\/termo-decido-que-hoy-sera-un-buen-dia-pequeno\/#breadcrumb","itemListElement":[{"@type":"ListItem","position":1,"name":"Hjem","item":"https:\/\/www.lykketegning.no\/"},{"@type":"ListItem","position":2,"name":"Shop","item":"https:\/\/www.lykketegning.no\/sv\/webbutik\/"},{"@type":"ListItem","position":3,"name":"Termoflaske &#8220;Jeg bestemmer at det blir en god dag idag! LITEN"}]},{"@type":"WebSite","@id":"https:\/\/www.lykketegning.no\/#website","url":"https:\/\/www.lykketegning.no\/","name":"SUERTE DIBUJO ILUSTRADOR","description":"","publisher":{"@id":"https:\/\/www.lykketegning.no\/#organization"},"potentialAction":[{"@type":"SearchAction","target":{"@type":"EntryPoint","urlTemplate":"https:\/\/www.lykketegning.no\/?s={search_term_string}"},"query-input":{"@type":"PropertyValueSpecification","valueRequired":true,"valueName":"search_term_string"}}],"inLanguage":"es"},{"@type":"Organization","@id":"https:\/\/www.lykketegning.no\/#organization","name":"SUERTE DIBUJO ILUSTRADOR","url":"https:\/\/www.lykketegning.no\/","logo":{"@type":"ImageObject","inLanguage":"es","@id":"https:\/\/www.lykketegning.no\/#\/schema\/logo\/image\/","url":"https:\/\/www.lykketegning.no\/wp-content\/uploads\/2020\/03\/Logo2020_h400px.jpg","contentUrl":"https:\/\/www.lykketegning.no\/wp-content\/uploads\/2020\/03\/Logo2020_h400px.jpg","width":1024,"height":400,"caption":"LYKKETEGNING ILLUSTRAT\u00d8R"},"image":{"@id":"https:\/\/www.lykketegning.no\/#\/schema\/logo\/image\/"},"sameAs":["https:\/\/www.facebook.com\/lykketegning\/","https:\/\/www.instagram.com\/lykketegning\/","https:\/\/www.youtube.com\/@lykketegningillustrations","https:\/\/www.tiktok.com\/@lykketegningillustration"]}]}},"_links":{"self":[{"href":"https:\/\/www.lykketegning.no\/es\/wp-json\/wp\/v2\/product\/37134","targetHints":{"allow":["GET"]}}],"collection":[{"href":"https:\/\/www.lykketegning.no\/es\/wp-json\/wp\/v2\/product"}],"about":[{"href":"https:\/\/www.lykketegning.no\/es\/wp-json\/wp\/v2\/types\/product"}],"replies":[{"embeddable":true,"href":"https:\/\/www.lykketegning.no\/es\/wp-json\/wp\/v2\/comments?post=37134"}],"wp:featuredmedia":[{"embeddable":true,"href":"https:\/\/www.lykketegning.no\/es\/wp-json\/wp\/v2\/media\/39798"}],"wp:attachment":[{"href":"https:\/\/www.lykketegning.no\/es\/wp-json\/wp\/v2\/media?parent=37134"}],"wp:term":[{"taxonomy":"product_brand","embeddable":true,"href":"https:\/\/www.lykketegning.no\/es\/wp-json\/wp\/v2\/product_brand?post=37134"},{"taxonomy":"product_cat","embeddable":true,"href":"https:\/\/www.lykketegning.no\/es\/wp-json\/wp\/v2\/product_cat?post=37134"},{"taxonomy":"product_tag","embeddable":true,"href":"https:\/\/www.lykketegning.no\/es\/wp-json\/wp\/v2\/product_tag?post=37134"}],"curies":[{"name":"wp","href":"https:\/\/api.w.org\/{rel}","templated":true}]}}