{"id":36940,"date":"2021-04-06T16:57:01","date_gmt":"2021-04-06T14:57:01","guid":{"rendered":"https:\/\/www.lykketegning.no\/fornyelse\/?post_type=product&#038;p=36940"},"modified":"2025-12-01T14:42:27","modified_gmt":"2025-12-01T13:42:27","slug":"salgsuksessen-lykkekrus-feel","status":"publish","type":"product","link":"https:\/\/www.lykketegning.no\/es\/producto\/el-exito-de-ventas-lucky-mug-feel\/","title":{"rendered":"Taza de la suerte \"\u00a1Siente!\""},"content":{"rendered":"<p>\u00a1Haz tu pedido ahora y consigue tu propia Taza Feliz! Un regalo estupendo para un amigo o para ti mismo. Edici\u00f3n limitada.<\/p>\n<p>Echa un vistazo tambi\u00e9n a las otras tazas.<\/p>\n<p>Taza turquesa D8 H9,5 400ml Material: Porcelana<\/p>\n<p>Taza popular con cita de Lucky Drawing<\/p>\n<div class=\"page\" title=\"P\u00e1gina 1\"><\/div>","protected":false},"excerpt":{"rendered":"<p>Un regalo estupendo para un amigo o para uno mismo. Edici\u00f3n limitada.<\/p>\n<p>Echa un vistazo tambi\u00e9n a las otras tazas.<\/p>\n<p>Taza turquesa D8 H9,5 400ml Material: Porcelana<\/p>\n<p>Taza popular con cita de Lucky Drawing<\/p>","protected":false},"featured_media":39714,"comment_status":"closed","ping_status":"closed","template":"","meta":[],"product_brand":[],"product_cat":[41],"product_tag":[43,121,123],"class_list":{"0":"post-36940","1":"product","2":"type-product","3":"status-publish","4":"has-post-thumbnail","6":"product_cat-lykkekopper","7":"product_tag-lykkekopp","8":"product_tag-lykkekrus","9":"product_tag-pust","11":"first","12":"outofstock","13":"taxable","14":"shipping-taxable","15":"purchasable","16":"product-type-simple"},"yoast_head":"<!-- This site is optimized with the Yoast SEO plugin v27.3 - https:\/\/yoast.com\/product\/yoast-seo-wordpress\/ -->\n<title>Lykkekrus \u00abF\u00f8l!\u00bb - LYKKETEGNING ILLUSTRAT\u00d8R<\/title>\n<meta name=\"robots\" content=\"index, follow, max-snippet:-1, max-image-preview:large, max-video-preview:-1\" \/>\n<link rel=\"canonical\" href=\"https:\/\/www.lykketegning.no\/es\/product-2\/salgssuccesen-heldige-krus-foler\/\" \/>\n<meta property=\"og:locale\" content=\"es_ES\" \/>\n<meta property=\"og:type\" content=\"article\" \/>\n<meta property=\"og:title\" content=\"Lykkekrus \u00abF\u00f8l!\u00bb - LYKKETEGNING ILLUSTRAT\u00d8R\" \/>\n<meta property=\"og:description\" content=\"Flott venninnegave eller til deg selv! Begrenset opplag.  Sjekk ogs\u00e5 de andre krusene.  Krus turkis D8 H9,5 400ml Materiale: Porselen  Popul\u00e6rt krus med sitat fra Lykketegning\" \/>\n<meta property=\"og:url\" content=\"https:\/\/www.lykketegning.no\/es\/product-2\/salgssuccesen-heldige-krus-foler\/\" \/>\n<meta property=\"og:site_name\" content=\"LYKKETEGNING ILLUSTRAT\u00d8R\" \/>\n<meta property=\"article:publisher\" content=\"https:\/\/www.facebook.com\/lykketegning\/\" \/>\n<meta property=\"article:modified_time\" content=\"2025-12-01T13:42:27+00:00\" \/>\n<meta name=\"twitter:card\" content=\"summary_large_image\" \/>\n<meta name=\"twitter:label1\" content=\"Tiempo de lectura\" \/>\n\t<meta name=\"twitter:data1\" content=\"1 minuto\" \/>\n<script type=\"application\/ld+json\" class=\"yoast-schema-graph\">{\"@context\":\"https:\\\/\\\/schema.org\",\"@graph\":[{\"@type\":\"WebPage\",\"@id\":\"https:\\\/\\\/www.lykketegning.no\\\/da\\\/product-2\\\/salgssuccesen-heldige-krus-foler\\\/\",\"url\":\"https:\\\/\\\/www.lykketegning.no\\\/da\\\/product-2\\\/salgssuccesen-heldige-krus-foler\\\/\",\"name\":\"Lykkekrus \u00abF\u00f8l!\u00bb - LYKKETEGNING ILLUSTRAT\u00d8R\",\"isPartOf\":{\"@id\":\"https:\\\/\\\/www.lykketegning.no\\\/#website\"},\"primaryImageOfPage\":{\"@id\":\"https:\\\/\\\/www.lykketegning.no\\\/da\\\/product-2\\\/salgssuccesen-heldige-krus-foler\\\/#primaryimage\"},\"image\":{\"@id\":\"https:\\\/\\\/www.lykketegning.no\\\/da\\\/product-2\\\/salgssuccesen-heldige-krus-foler\\\/#primaryimage\"},\"thumbnailUrl\":\"https:\\\/\\\/www.lykketegning.no\\\/wp-content\\\/uploads\\\/2023\\\/09\\\/IMG_7239-scaled.jpg\",\"datePublished\":\"2021-04-06T14:57:01+00:00\",\"dateModified\":\"2025-12-01T13:42:27+00:00\",\"breadcrumb\":{\"@id\":\"https:\\\/\\\/www.lykketegning.no\\\/da\\\/product-2\\\/salgssuccesen-heldige-krus-foler\\\/#breadcrumb\"},\"inLanguage\":\"es\",\"potentialAction\":[{\"@type\":\"ReadAction\",\"target\":[\"https:\\\/\\\/www.lykketegning.no\\\/da\\\/product-2\\\/salgssuccesen-heldige-krus-foler\\\/\"]}]},{\"@type\":\"ImageObject\",\"inLanguage\":\"es\",\"@id\":\"https:\\\/\\\/www.lykketegning.no\\\/da\\\/product-2\\\/salgssuccesen-heldige-krus-foler\\\/#primaryimage\",\"url\":\"https:\\\/\\\/www.lykketegning.no\\\/wp-content\\\/uploads\\\/2023\\\/09\\\/IMG_7239-scaled.jpg\",\"contentUrl\":\"https:\\\/\\\/www.lykketegning.no\\\/wp-content\\\/uploads\\\/2023\\\/09\\\/IMG_7239-scaled.jpg\",\"width\":2560,\"height\":2560},{\"@type\":\"BreadcrumbList\",\"@id\":\"https:\\\/\\\/www.lykketegning.no\\\/da\\\/product-2\\\/salgssuccesen-heldige-krus-foler\\\/#breadcrumb\",\"itemListElement\":[{\"@type\":\"ListItem\",\"position\":1,\"name\":\"Hjem\",\"item\":\"https:\\\/\\\/www.lykketegning.no\\\/\"},{\"@type\":\"ListItem\",\"position\":2,\"name\":\"Shop\",\"item\":\"https:\\\/\\\/www.lykketegning.no\\\/sv\\\/webbutik\\\/\"},{\"@type\":\"ListItem\",\"position\":3,\"name\":\"Lykkekrus \u00abF\u00f8l!\u00bb\"}]},{\"@type\":\"WebSite\",\"@id\":\"https:\\\/\\\/www.lykketegning.no\\\/#website\",\"url\":\"https:\\\/\\\/www.lykketegning.no\\\/\",\"name\":\"LYKKETEGNING ILLUSTRAT\u00d8R\",\"description\":\"\",\"publisher\":{\"@id\":\"https:\\\/\\\/www.lykketegning.no\\\/#organization\"},\"potentialAction\":[{\"@type\":\"SearchAction\",\"target\":{\"@type\":\"EntryPoint\",\"urlTemplate\":\"https:\\\/\\\/www.lykketegning.no\\\/?s={search_term_string}\"},\"query-input\":{\"@type\":\"PropertyValueSpecification\",\"valueRequired\":true,\"valueName\":\"search_term_string\"}}],\"inLanguage\":\"es\"},{\"@type\":\"Organization\",\"@id\":\"https:\\\/\\\/www.lykketegning.no\\\/#organization\",\"name\":\"LYKKETEGNING ILLUSTRAT\u00d8R\",\"url\":\"https:\\\/\\\/www.lykketegning.no\\\/\",\"logo\":{\"@type\":\"ImageObject\",\"inLanguage\":\"es\",\"@id\":\"https:\\\/\\\/www.lykketegning.no\\\/#\\\/schema\\\/logo\\\/image\\\/\",\"url\":\"https:\\\/\\\/www.lykketegning.no\\\/wp-content\\\/uploads\\\/2020\\\/03\\\/Logo2020_h400px.jpg\",\"contentUrl\":\"https:\\\/\\\/www.lykketegning.no\\\/wp-content\\\/uploads\\\/2020\\\/03\\\/Logo2020_h400px.jpg\",\"width\":1024,\"height\":400,\"caption\":\"LYKKETEGNING ILLUSTRAT\u00d8R\"},\"image\":{\"@id\":\"https:\\\/\\\/www.lykketegning.no\\\/#\\\/schema\\\/logo\\\/image\\\/\"},\"sameAs\":[\"https:\\\/\\\/www.facebook.com\\\/lykketegning\\\/\",\"https:\\\/\\\/www.instagram.com\\\/lykketegning\\\/\",\"https:\\\/\\\/www.youtube.com\\\/@lykketegningillustrations\",\"https:\\\/\\\/www.tiktok.com\\\/@lykketegningillustration\"]}]}<\/script>\n<!-- \/ Yoast SEO plugin. -->","yoast_head_json":{"title":"Taza de la suerte \"\u00a1Siente!\" - LUCKY DIBUJO ILUSTRADOR","robots":{"index":"index","follow":"follow","max-snippet":"max-snippet:-1","max-image-preview":"max-image-preview:large","max-video-preview":"max-video-preview:-1"},"canonical":"https:\/\/www.lykketegning.no\/es\/product-2\/salgssuccesen-heldige-krus-foler\/","og_locale":"es_ES","og_type":"article","og_title":"Lykkekrus \u00abF\u00f8l!\u00bb - LYKKETEGNING ILLUSTRAT\u00d8R","og_description":"Flott venninnegave eller til deg selv! Begrenset opplag.  Sjekk ogs\u00e5 de andre krusene.  Krus turkis D8 H9,5 400ml Materiale: Porselen  Popul\u00e6rt krus med sitat fra Lykketegning","og_url":"https:\/\/www.lykketegning.no\/es\/product-2\/salgssuccesen-heldige-krus-foler\/","og_site_name":"LYKKETEGNING ILLUSTRAT\u00d8R","article_publisher":"https:\/\/www.facebook.com\/lykketegning\/","article_modified_time":"2025-12-01T13:42:27+00:00","twitter_card":"summary_large_image","twitter_misc":{"Tiempo de lectura":"1 minuto"},"schema":{"@context":"https:\/\/schema.org","@graph":[{"@type":"WebPage","@id":"https:\/\/www.lykketegning.no\/da\/product-2\/salgssuccesen-heldige-krus-foler\/","url":"https:\/\/www.lykketegning.no\/da\/product-2\/salgssuccesen-heldige-krus-foler\/","name":"Taza de la suerte \"\u00a1Siente!\" - LUCKY DIBUJO ILUSTRADOR","isPartOf":{"@id":"https:\/\/www.lykketegning.no\/#website"},"primaryImageOfPage":{"@id":"https:\/\/www.lykketegning.no\/da\/product-2\/salgssuccesen-heldige-krus-foler\/#primaryimage"},"image":{"@id":"https:\/\/www.lykketegning.no\/da\/product-2\/salgssuccesen-heldige-krus-foler\/#primaryimage"},"thumbnailUrl":"https:\/\/www.lykketegning.no\/wp-content\/uploads\/2023\/09\/IMG_7239-scaled.jpg","datePublished":"2021-04-06T14:57:01+00:00","dateModified":"2025-12-01T13:42:27+00:00","breadcrumb":{"@id":"https:\/\/www.lykketegning.no\/da\/product-2\/salgssuccesen-heldige-krus-foler\/#breadcrumb"},"inLanguage":"es","potentialAction":[{"@type":"ReadAction","target":["https:\/\/www.lykketegning.no\/da\/product-2\/salgssuccesen-heldige-krus-foler\/"]}]},{"@type":"ImageObject","inLanguage":"es","@id":"https:\/\/www.lykketegning.no\/da\/product-2\/salgssuccesen-heldige-krus-foler\/#primaryimage","url":"https:\/\/www.lykketegning.no\/wp-content\/uploads\/2023\/09\/IMG_7239-scaled.jpg","contentUrl":"https:\/\/www.lykketegning.no\/wp-content\/uploads\/2023\/09\/IMG_7239-scaled.jpg","width":2560,"height":2560},{"@type":"BreadcrumbList","@id":"https:\/\/www.lykketegning.no\/da\/product-2\/salgssuccesen-heldige-krus-foler\/#breadcrumb","itemListElement":[{"@type":"ListItem","position":1,"name":"Hjem","item":"https:\/\/www.lykketegning.no\/"},{"@type":"ListItem","position":2,"name":"Shop","item":"https:\/\/www.lykketegning.no\/sv\/webbutik\/"},{"@type":"ListItem","position":3,"name":"Lykkekrus \u00abF\u00f8l!\u00bb"}]},{"@type":"WebSite","@id":"https:\/\/www.lykketegning.no\/#website","url":"https:\/\/www.lykketegning.no\/","name":"SUERTE DIBUJO ILUSTRADOR","description":"","publisher":{"@id":"https:\/\/www.lykketegning.no\/#organization"},"potentialAction":[{"@type":"SearchAction","target":{"@type":"EntryPoint","urlTemplate":"https:\/\/www.lykketegning.no\/?s={search_term_string}"},"query-input":{"@type":"PropertyValueSpecification","valueRequired":true,"valueName":"search_term_string"}}],"inLanguage":"es"},{"@type":"Organization","@id":"https:\/\/www.lykketegning.no\/#organization","name":"SUERTE DIBUJO ILUSTRADOR","url":"https:\/\/www.lykketegning.no\/","logo":{"@type":"ImageObject","inLanguage":"es","@id":"https:\/\/www.lykketegning.no\/#\/schema\/logo\/image\/","url":"https:\/\/www.lykketegning.no\/wp-content\/uploads\/2020\/03\/Logo2020_h400px.jpg","contentUrl":"https:\/\/www.lykketegning.no\/wp-content\/uploads\/2020\/03\/Logo2020_h400px.jpg","width":1024,"height":400,"caption":"LYKKETEGNING ILLUSTRAT\u00d8R"},"image":{"@id":"https:\/\/www.lykketegning.no\/#\/schema\/logo\/image\/"},"sameAs":["https:\/\/www.facebook.com\/lykketegning\/","https:\/\/www.instagram.com\/lykketegning\/","https:\/\/www.youtube.com\/@lykketegningillustrations","https:\/\/www.tiktok.com\/@lykketegningillustration"]}]}},"_links":{"self":[{"href":"https:\/\/www.lykketegning.no\/es\/wp-json\/wp\/v2\/product\/36940","targetHints":{"allow":["GET"]}}],"collection":[{"href":"https:\/\/www.lykketegning.no\/es\/wp-json\/wp\/v2\/product"}],"about":[{"href":"https:\/\/www.lykketegning.no\/es\/wp-json\/wp\/v2\/types\/product"}],"replies":[{"embeddable":true,"href":"https:\/\/www.lykketegning.no\/es\/wp-json\/wp\/v2\/comments?post=36940"}],"wp:featuredmedia":[{"embeddable":true,"href":"https:\/\/www.lykketegning.no\/es\/wp-json\/wp\/v2\/media\/39714"}],"wp:attachment":[{"href":"https:\/\/www.lykketegning.no\/es\/wp-json\/wp\/v2\/media?parent=36940"}],"wp:term":[{"taxonomy":"product_brand","embeddable":true,"href":"https:\/\/www.lykketegning.no\/es\/wp-json\/wp\/v2\/product_brand?post=36940"},{"taxonomy":"product_cat","embeddable":true,"href":"https:\/\/www.lykketegning.no\/es\/wp-json\/wp\/v2\/product_cat?post=36940"},{"taxonomy":"product_tag","embeddable":true,"href":"https:\/\/www.lykketegning.no\/es\/wp-json\/wp\/v2\/product_tag?post=36940"}],"curies":[{"name":"wp","href":"https:\/\/api.w.org\/{rel}","templated":true}]}}