{"id":36904,"date":"2024-10-04T10:08:37","date_gmt":"2024-10-04T08:08:37","guid":{"rendered":"https:\/\/www.lykketegning.no\/fornyelse\/?post_type=product&#038;p=36904"},"modified":"2025-04-01T11:47:53","modified_gmt":"2025-04-01T09:47:53","slug":"dorskilt-med-familietegning","status":"publish","type":"product","link":"https:\/\/www.lykketegning.no\/es\/producto\/cartel-de-puerta-con-dibujo-familiar\/","title":{"rendered":"Cartel para puerta con su propia familia dibujada e ilustraci\u00f3n original en A4"},"content":{"rendered":"<p>Se\u00f1al de puerta en acr\u00edlico, transparente con fondo blanco; 14,5 x 14,5 cm, Tornillos incluidos, tacos para mamposter\u00eda.<\/p>\n<p>El precio incluye;<\/p>\n<ul>\n<li><strong>Dibujo a elegir para un m\u00e1ximo de cinco personas\/animales. Tama\u00f1o A4 que se enviar\u00e1 por separado en el correo. (Si son m\u00e1s de 5 - p\u00f3ngase en contacto con post@lykketegning.no)<\/strong><\/li>\n<li>Cartel en la puerta<\/li>\n<\/ul>\n<p>Plazo de entrega; 2-4 semanas<\/p>\n<ul>\n<li>Facilite informaci\u00f3n sobre el color, el tipo de pelo y la estatura de todos los miembros de la familia.<\/li>\n<li>Nombre deseado en el cartel.<\/li>\n<li>Lucky drawing env\u00eda un boceto aprobado por usted<\/li>\n<li>Sin retorno de la ilustraci\u00f3n.<\/li>\n<\/ul>","protected":false},"excerpt":{"rendered":"<p>Cartel para puerta en acr\u00edlico, transparente con fondo blanco; 14,5 x 14,5 cm, Tornillos incluidos, tacos para mamposter\u00eda. El precio incluye; Dibujo a elegir para hasta cinco personas\/animales. Tama\u00f1o A4 que se enviar\u00e1 por separado en el correo. (Si son m\u00e1s de 5 - por favor, p\u00f3ngase en contacto con post@lykketegning.no) Se\u00f1ales de puerta Plazo de entrega; 2-4 semanas Proporcionar informaci\u00f3n sobre el color...<\/p>","protected":false},"featured_media":36905,"comment_status":"open","ping_status":"closed","template":"","meta":[],"product_brand":[],"product_cat":[166,83,167,165,60],"product_tag":[154,61,155,50],"class_list":{"0":"post-36904","1":"product","2":"type-product","3":"status-publish","4":"has-post-thumbnail","6":"product_cat-barn","7":"product_cat-bryllupsgaver","8":"product_cat-familietegning","9":"product_cat-handtegnede-unike-illustrasjoner","10":"product_cat-personlige-skilt","11":"product_tag-dorskilt","12":"product_tag-navnskilt","13":"product_tag-skilt","14":"product_tag-tegning","16":"first","17":"instock","18":"taxable","19":"shipping-taxable","20":"purchasable","21":"product-type-simple"},"yoast_head":"<!-- This site is optimized with the Yoast SEO plugin v27.4 - https:\/\/yoast.com\/product\/yoast-seo-wordpress\/ -->\n<title>D\u00f8rskilt med din egen familie tegnet p\u00e5, samt original A4 illustrasjon - LYKKETEGNING ILLUSTRAT\u00d8R<\/title>\n<meta name=\"robots\" content=\"index, follow, max-snippet:-1, max-image-preview:large, max-video-preview:-1\" \/>\n<link rel=\"canonical\" href=\"https:\/\/www.lykketegning.no\/es\/producto\/cartel-de-puerta-con-dibujo-familiar\/\" \/>\n<meta property=\"og:locale\" content=\"es_ES\" \/>\n<meta property=\"og:type\" content=\"article\" \/>\n<meta property=\"og:title\" content=\"D\u00f8rskilt med din egen familie tegnet p\u00e5, samt original A4 illustrasjon - LYKKETEGNING ILLUSTRAT\u00d8R\" \/>\n<meta property=\"og:description\" content=\"D\u00f8rskilt i akryl, klar med hvit bakgrunn; 14,5 x 14,5 cm, \u00a0Skruer inkludert, plugger for mur. Pris inkluderer; Tegning etter eget \u00f8nske inntil fem personer\/dyr. A4 str som blir sendt separert i posten. (Er dere flere enn 5 &#8211; ta kontakt post@lykketegning.no) D\u00f8rskilt Leveringstid; 2-4 uker Gi informasjon om h\u00e5rfarge, h\u00e5rtype og h\u00f8yde p\u00e5 alle&hellip;\" \/>\n<meta property=\"og:url\" content=\"https:\/\/www.lykketegning.no\/es\/producto\/cartel-de-puerta-con-dibujo-familiar\/\" \/>\n<meta property=\"og:site_name\" content=\"LYKKETEGNING ILLUSTRAT\u00d8R\" \/>\n<meta property=\"article:publisher\" content=\"https:\/\/www.facebook.com\/lykketegning\/\" \/>\n<meta property=\"article:modified_time\" content=\"2025-04-01T09:47:53+00:00\" \/>\n<meta property=\"og:image\" content=\"https:\/\/www.lykketegning.no\/wp-content\/uploads\/2024\/04\/IMG_6415-scaled.jpg\" \/>\n\t<meta property=\"og:image:width\" content=\"2058\" \/>\n\t<meta property=\"og:image:height\" content=\"2560\" \/>\n\t<meta property=\"og:image:type\" content=\"image\/jpeg\" \/>\n<meta name=\"twitter:card\" content=\"summary_large_image\" \/>\n<script type=\"application\/ld+json\" class=\"yoast-schema-graph\">{\"@context\":\"https:\\\/\\\/schema.org\",\"@graph\":[{\"@type\":\"WebPage\",\"@id\":\"https:\\\/\\\/www.lykketegning.no\\\/produkt\\\/dorskilt-med-familietegning\\\/\",\"url\":\"https:\\\/\\\/www.lykketegning.no\\\/produkt\\\/dorskilt-med-familietegning\\\/\",\"name\":\"D\u00f8rskilt med din egen familie tegnet p\u00e5, samt original A4 illustrasjon - LYKKETEGNING ILLUSTRAT\u00d8R\",\"isPartOf\":{\"@id\":\"https:\\\/\\\/www.lykketegning.no\\\/#website\"},\"primaryImageOfPage\":{\"@id\":\"https:\\\/\\\/www.lykketegning.no\\\/produkt\\\/dorskilt-med-familietegning\\\/#primaryimage\"},\"image\":{\"@id\":\"https:\\\/\\\/www.lykketegning.no\\\/produkt\\\/dorskilt-med-familietegning\\\/#primaryimage\"},\"thumbnailUrl\":\"https:\\\/\\\/www.lykketegning.no\\\/wp-content\\\/uploads\\\/2024\\\/04\\\/IMG_6415-scaled.jpg\",\"datePublished\":\"2024-10-04T08:08:37+00:00\",\"dateModified\":\"2025-04-01T09:47:53+00:00\",\"breadcrumb\":{\"@id\":\"https:\\\/\\\/www.lykketegning.no\\\/produkt\\\/dorskilt-med-familietegning\\\/#breadcrumb\"},\"inLanguage\":\"es\",\"potentialAction\":[{\"@type\":\"ReadAction\",\"target\":[\"https:\\\/\\\/www.lykketegning.no\\\/produkt\\\/dorskilt-med-familietegning\\\/\"]}]},{\"@type\":\"ImageObject\",\"inLanguage\":\"es\",\"@id\":\"https:\\\/\\\/www.lykketegning.no\\\/produkt\\\/dorskilt-med-familietegning\\\/#primaryimage\",\"url\":\"https:\\\/\\\/www.lykketegning.no\\\/wp-content\\\/uploads\\\/2024\\\/04\\\/IMG_6415-scaled.jpg\",\"contentUrl\":\"https:\\\/\\\/www.lykketegning.no\\\/wp-content\\\/uploads\\\/2024\\\/04\\\/IMG_6415-scaled.jpg\",\"width\":2058,\"height\":2560,\"caption\":\"Frosta glass 145x145mm\"},{\"@type\":\"BreadcrumbList\",\"@id\":\"https:\\\/\\\/www.lykketegning.no\\\/produkt\\\/dorskilt-med-familietegning\\\/#breadcrumb\",\"itemListElement\":[{\"@type\":\"ListItem\",\"position\":1,\"name\":\"Hjem\",\"item\":\"https:\\\/\\\/www.lykketegning.no\\\/\"},{\"@type\":\"ListItem\",\"position\":2,\"name\":\"Shop\",\"item\":\"https:\\\/\\\/www.lykketegning.no\\\/sv\\\/webbutik\\\/\"},{\"@type\":\"ListItem\",\"position\":3,\"name\":\"D\u00f8rskilt med din egen familie tegnet p\u00e5, samt original A4 illustrasjon\"}]},{\"@type\":\"WebSite\",\"@id\":\"https:\\\/\\\/www.lykketegning.no\\\/#website\",\"url\":\"https:\\\/\\\/www.lykketegning.no\\\/\",\"name\":\"LYKKETEGNING ILLUSTRAT\u00d8R\",\"description\":\"\",\"publisher\":{\"@id\":\"https:\\\/\\\/www.lykketegning.no\\\/#organization\"},\"potentialAction\":[{\"@type\":\"SearchAction\",\"target\":{\"@type\":\"EntryPoint\",\"urlTemplate\":\"https:\\\/\\\/www.lykketegning.no\\\/?s={search_term_string}\"},\"query-input\":{\"@type\":\"PropertyValueSpecification\",\"valueRequired\":true,\"valueName\":\"search_term_string\"}}],\"inLanguage\":\"es\"},{\"@type\":\"Organization\",\"@id\":\"https:\\\/\\\/www.lykketegning.no\\\/#organization\",\"name\":\"LYKKETEGNING ILLUSTRAT\u00d8R\",\"url\":\"https:\\\/\\\/www.lykketegning.no\\\/\",\"logo\":{\"@type\":\"ImageObject\",\"inLanguage\":\"es\",\"@id\":\"https:\\\/\\\/www.lykketegning.no\\\/#\\\/schema\\\/logo\\\/image\\\/\",\"url\":\"https:\\\/\\\/www.lykketegning.no\\\/wp-content\\\/uploads\\\/2020\\\/03\\\/Logo2020_h400px.jpg\",\"contentUrl\":\"https:\\\/\\\/www.lykketegning.no\\\/wp-content\\\/uploads\\\/2020\\\/03\\\/Logo2020_h400px.jpg\",\"width\":1024,\"height\":400,\"caption\":\"LYKKETEGNING ILLUSTRAT\u00d8R\"},\"image\":{\"@id\":\"https:\\\/\\\/www.lykketegning.no\\\/#\\\/schema\\\/logo\\\/image\\\/\"},\"sameAs\":[\"https:\\\/\\\/www.facebook.com\\\/lykketegning\\\/\",\"https:\\\/\\\/www.instagram.com\\\/lykketegning\\\/\",\"https:\\\/\\\/www.youtube.com\\\/@lykketegningillustrations\",\"https:\\\/\\\/www.tiktok.com\\\/@lykketegningillustration\"]}]}<\/script>\n<!-- \/ Yoast SEO plugin. -->","yoast_head_json":{"title":"Cartel para puerta con su propia familia dibujada y una ilustraci\u00f3n original A4 - LYKKETEGNING ILLUSTRAT\u00d8R","robots":{"index":"index","follow":"follow","max-snippet":"max-snippet:-1","max-image-preview":"max-image-preview:large","max-video-preview":"max-video-preview:-1"},"canonical":"https:\/\/www.lykketegning.no\/es\/producto\/cartel-de-puerta-con-dibujo-familiar\/","og_locale":"es_ES","og_type":"article","og_title":"D\u00f8rskilt med din egen familie tegnet p\u00e5, samt original A4 illustrasjon - LYKKETEGNING ILLUSTRAT\u00d8R","og_description":"D\u00f8rskilt i akryl, klar med hvit bakgrunn; 14,5 x 14,5 cm, \u00a0Skruer inkludert, plugger for mur. Pris inkluderer; Tegning etter eget \u00f8nske inntil fem personer\/dyr. A4 str som blir sendt separert i posten. (Er dere flere enn 5 &#8211; ta kontakt post@lykketegning.no) D\u00f8rskilt Leveringstid; 2-4 uker Gi informasjon om h\u00e5rfarge, h\u00e5rtype og h\u00f8yde p\u00e5 alle&hellip;","og_url":"https:\/\/www.lykketegning.no\/es\/producto\/cartel-de-puerta-con-dibujo-familiar\/","og_site_name":"LYKKETEGNING ILLUSTRAT\u00d8R","article_publisher":"https:\/\/www.facebook.com\/lykketegning\/","article_modified_time":"2025-04-01T09:47:53+00:00","og_image":[{"width":2058,"height":2560,"url":"https:\/\/www.lykketegning.no\/wp-content\/uploads\/2024\/04\/IMG_6415-scaled.jpg","type":"image\/jpeg"}],"twitter_card":"summary_large_image","schema":{"@context":"https:\/\/schema.org","@graph":[{"@type":"WebPage","@id":"https:\/\/www.lykketegning.no\/produkt\/dorskilt-med-familietegning\/","url":"https:\/\/www.lykketegning.no\/produkt\/dorskilt-med-familietegning\/","name":"Cartel para puerta con su propia familia dibujada y una ilustraci\u00f3n original A4 - LYKKETEGNING ILLUSTRAT\u00d8R","isPartOf":{"@id":"https:\/\/www.lykketegning.no\/#website"},"primaryImageOfPage":{"@id":"https:\/\/www.lykketegning.no\/produkt\/dorskilt-med-familietegning\/#primaryimage"},"image":{"@id":"https:\/\/www.lykketegning.no\/produkt\/dorskilt-med-familietegning\/#primaryimage"},"thumbnailUrl":"https:\/\/www.lykketegning.no\/wp-content\/uploads\/2024\/04\/IMG_6415-scaled.jpg","datePublished":"2024-10-04T08:08:37+00:00","dateModified":"2025-04-01T09:47:53+00:00","breadcrumb":{"@id":"https:\/\/www.lykketegning.no\/produkt\/dorskilt-med-familietegning\/#breadcrumb"},"inLanguage":"es","potentialAction":[{"@type":"ReadAction","target":["https:\/\/www.lykketegning.no\/produkt\/dorskilt-med-familietegning\/"]}]},{"@type":"ImageObject","inLanguage":"es","@id":"https:\/\/www.lykketegning.no\/produkt\/dorskilt-med-familietegning\/#primaryimage","url":"https:\/\/www.lykketegning.no\/wp-content\/uploads\/2024\/04\/IMG_6415-scaled.jpg","contentUrl":"https:\/\/www.lykketegning.no\/wp-content\/uploads\/2024\/04\/IMG_6415-scaled.jpg","width":2058,"height":2560,"caption":"Frosta glass 145x145mm"},{"@type":"BreadcrumbList","@id":"https:\/\/www.lykketegning.no\/produkt\/dorskilt-med-familietegning\/#breadcrumb","itemListElement":[{"@type":"ListItem","position":1,"name":"Hjem","item":"https:\/\/www.lykketegning.no\/"},{"@type":"ListItem","position":2,"name":"Shop","item":"https:\/\/www.lykketegning.no\/sv\/webbutik\/"},{"@type":"ListItem","position":3,"name":"D\u00f8rskilt med din egen familie tegnet p\u00e5, samt original A4 illustrasjon"}]},{"@type":"WebSite","@id":"https:\/\/www.lykketegning.no\/#website","url":"https:\/\/www.lykketegning.no\/","name":"SUERTE DIBUJO ILUSTRADOR","description":"","publisher":{"@id":"https:\/\/www.lykketegning.no\/#organization"},"potentialAction":[{"@type":"SearchAction","target":{"@type":"EntryPoint","urlTemplate":"https:\/\/www.lykketegning.no\/?s={search_term_string}"},"query-input":{"@type":"PropertyValueSpecification","valueRequired":true,"valueName":"search_term_string"}}],"inLanguage":"es"},{"@type":"Organization","@id":"https:\/\/www.lykketegning.no\/#organization","name":"SUERTE DIBUJO ILUSTRADOR","url":"https:\/\/www.lykketegning.no\/","logo":{"@type":"ImageObject","inLanguage":"es","@id":"https:\/\/www.lykketegning.no\/#\/schema\/logo\/image\/","url":"https:\/\/www.lykketegning.no\/wp-content\/uploads\/2020\/03\/Logo2020_h400px.jpg","contentUrl":"https:\/\/www.lykketegning.no\/wp-content\/uploads\/2020\/03\/Logo2020_h400px.jpg","width":1024,"height":400,"caption":"LYKKETEGNING ILLUSTRAT\u00d8R"},"image":{"@id":"https:\/\/www.lykketegning.no\/#\/schema\/logo\/image\/"},"sameAs":["https:\/\/www.facebook.com\/lykketegning\/","https:\/\/www.instagram.com\/lykketegning\/","https:\/\/www.youtube.com\/@lykketegningillustrations","https:\/\/www.tiktok.com\/@lykketegningillustration"]}]}},"_links":{"self":[{"href":"https:\/\/www.lykketegning.no\/es\/wp-json\/wp\/v2\/product\/36904","targetHints":{"allow":["GET"]}}],"collection":[{"href":"https:\/\/www.lykketegning.no\/es\/wp-json\/wp\/v2\/product"}],"about":[{"href":"https:\/\/www.lykketegning.no\/es\/wp-json\/wp\/v2\/types\/product"}],"replies":[{"embeddable":true,"href":"https:\/\/www.lykketegning.no\/es\/wp-json\/wp\/v2\/comments?post=36904"}],"wp:featuredmedia":[{"embeddable":true,"href":"https:\/\/www.lykketegning.no\/es\/wp-json\/wp\/v2\/media\/36905"}],"wp:attachment":[{"href":"https:\/\/www.lykketegning.no\/es\/wp-json\/wp\/v2\/media?parent=36904"}],"wp:term":[{"taxonomy":"product_brand","embeddable":true,"href":"https:\/\/www.lykketegning.no\/es\/wp-json\/wp\/v2\/product_brand?post=36904"},{"taxonomy":"product_cat","embeddable":true,"href":"https:\/\/www.lykketegning.no\/es\/wp-json\/wp\/v2\/product_cat?post=36904"},{"taxonomy":"product_tag","embeddable":true,"href":"https:\/\/www.lykketegning.no\/es\/wp-json\/wp\/v2\/product_tag?post=36904"}],"curies":[{"name":"wp","href":"https:\/\/api.w.org\/{rel}","templated":true}]}}