{"id":36897,"date":"2025-09-02T11:29:57","date_gmt":"2025-09-02T09:29:57","guid":{"rendered":"https:\/\/www.lykketegning.no\/fornyelse\/?post_type=product&#038;p=36897"},"modified":"2026-03-24T08:20:29","modified_gmt":"2026-03-24T07:20:29","slug":"kjop-6-betal-for-5-flotte-lykkekrus-med-ulike-motiv","status":"publish","type":"product","link":"https:\/\/www.lykketegning.no\/es\/producto\/compra-6-y-paga-5-preciosas-tazas-felicidad-con-distintos-motivos\/","title":{"rendered":"Compra 6 y paga 5 preciosas tazas Felicidad con distintos motivos."},"content":{"rendered":"<h3>Compra 6 y paga 5 preciosas tazas Felicidad con distintos motivos.<\/h3>\n<p>En Luck Drawing, nos basamos en una serie de copas.<\/p>\n<p>Aqu\u00ed tienes seis tazas :\"<a href=\"https:\/\/www.lykketegning.no\/es\/producto\/oferta-de-aniversario-en-happiness-cup-life\/\">LEV\"(149,-)<\/a>, \u00a0<a href=\"https:\/\/www.lykketegning.no\/es\/producto\/lucky-mug-lytt\/\">\"LYTT\" (299,-),<\/a> \u00a0<a href=\"https:\/\/www.lykketegning.no\/es\/producto\/el-sabor-de-la-felicidad\/\">\"FELICIDAD\" (149,-)<\/a>, <a href=\"https:\/\/www.lykketegning.no\/es\/producto\/pajaros-matutinos\/\">\"P\u00c1JAROS DE LA MA\u00d1ANA\"(299,-)<\/a> <a href=\"https:\/\/www.lykketegning.no\/es\/producto\/taza-de-la-suerte-despierta\/\">\"DESPIERTA\"(299,-)<\/a>y <a href=\"https:\/\/www.lykketegning.no\/es\/producto\/taza-de-amor-de-la-suerte\/\">\"AMOR\" (299,-). <\/a><\/p>\n<p>Precio del paquete para los seis 1345kr (uno de cada taza)<\/p>\n<p>Regalos estupendos para regalar, \u00a1pero no se olvide de comer un poco usted mismo!<\/p>\n<p>Apto para lavavajillas<\/p>\n<p><strong>\"En Lykketegning, cada ilustraci\u00f3n se crea con calidez y esmero.<\/strong><br \/>\n<strong>Con colores fuertes, l\u00edneas claras y buenas citas, Happiness Drawing quiere hacerte parar un momento, respirar hondo y poner rumbo hacia delante.<\/strong><br \/>\n<strong>Los corazones y las sonrisas son de m\u00ed para ti, para recordarte que eres muy bueno\".<\/strong><\/p>\n<p>&nbsp;<\/p>\n<p>En el sitio web encontrar\u00e1 algunas ilustraciones y otros productos, como tazas, tarjetas de felicitaci\u00f3n y calendarios.<\/p>\n<p>Aqu\u00ed se a\u00f1aden constantemente nuevos productos, as\u00ed que no dude en suscribirse al bolet\u00edn para recibir actualizaciones mensuales.<\/p>\n<p>Para <strong>muchos muchos muchos muchos<\/strong> m\u00e1s ilustraciones; visita mi perfil de Instagram y Facebook.<\/p>\n<p>De hecho, todas las ilustraciones est\u00e1n a la venta. 999 SEK para A4 y 1500 SEK para A3.<\/p>\n<p>Tambi\u00e9n puede encargar el suyo propio, un regalo estupendo para bodas y otras fiestas. Ponte en contacto con nosotros.<\/p>\n<p><em>Precio: 1500kr para A4 y A5 (hasta 5 personas\/animal) coste adicional para m\u00e1s (hasta 5 personas\/animal). A3 2000kr sin gastos de env\u00edo. Necesito saber color\/tipo de pelo, altura, intereses y n\u00famero deseado de personas ilustradas. Cualquier presupuesto que desee incluido.<\/em><\/p>\n<p>Si tiene alguna pregunta, no dude en ponerse en contacto conmigo. Si desea charlar sobre una posible cooperaci\u00f3n, env\u00edeme un correo electr\u00f3nico.<\/p>\n<p>Espero tener noticias suyas y que tenga un buen d\u00eda. <a href=\"https:\/\/www.facebook.com\/lykketegning\/?locale=nb_NO\">Esto te llevar\u00e1 a mi p\u00e1gina de Facebook.<\/a> Y si quieres seguirme en<a href=\"https:\/\/www.instagram.com\/lykketegning\/?hl=nb\"> Instagram, lo encontrar\u00e1s aqu\u00ed.<\/a><\/p>\n<p>Artista<br \/>\nIngebj\u00f8rg Rang\u00f8y Sj\u00e5land<\/p>\n<p>&nbsp;<\/p>\n<p>&nbsp;<\/p>","protected":false},"excerpt":{"rendered":"<h3>Compra 6 y paga 5 preciosas tazas Felicidad con distintos motivos.<\/h3>\n<p>En Luck Drawing, nos basamos en una serie de copas.<\/p>\n<p>Aqu\u00ed tienes seis tazas :\"<a href=\"https:\/\/www.lykketegning.no\/es\/producto\/oferta-de-aniversario-en-happiness-cup-life\/\">LEV\"(149,-)<\/a>, \u00a0<a href=\"https:\/\/www.lykketegning.no\/es\/producto\/lucky-mug-lytt\/\">\"LYTT\" (299,-),<\/a> \u00a0<a href=\"https:\/\/www.lykketegning.no\/es\/producto\/el-sabor-de-la-felicidad\/\">\"FELICIDAD\" (149,-)<\/a>, <a href=\"https:\/\/www.lykketegning.no\/es\/producto\/pajaros-matutinos\/\">\"P\u00c1JAROS DE LA MA\u00d1ANA\"(299,-)<\/a> <a href=\"https:\/\/www.lykketegning.no\/es\/producto\/taza-de-la-suerte-despierta\/\">\"DESPIERTA\"(299,-)<\/a>y <a href=\"https:\/\/www.lykketegning.no\/es\/producto\/taza-de-amor-de-la-suerte\/\">\"AMOR\" (299,-). <\/a><\/p>\n<p>Precio del paquete para los seis 1345kr (uno de cada taza)<\/p>\n<p>Regalos estupendos para regalar, \u00a1pero no se olvide de comer un poco usted mismo!<\/p>\n<p>Apto para lavavajillas<\/p>\n<p>&nbsp;<\/p>","protected":false},"featured_media":40770,"comment_status":"open","ping_status":"closed","template":"","meta":[],"product_brand":[],"product_cat":[41],"product_tag":[12,13,43],"class_list":{"0":"post-36897","1":"product","2":"type-product","3":"status-publish","4":"has-post-thumbnail","6":"product_cat-lykkekopper","7":"product_tag-kopp","8":"product_tag-krus","9":"product_tag-lykkekopp","11":"first","12":"instock","13":"sale","14":"taxable","15":"shipping-taxable","16":"purchasable","17":"product-type-simple"},"yoast_head":"<!-- This site is optimized with the Yoast SEO plugin v27.3 - https:\/\/yoast.com\/product\/yoast-seo-wordpress\/ -->\n<title>Kj\u00f8p 6 betal for 5 flotte Lykkekrus med ulike motiv. - LYKKETEGNING ILLUSTRAT\u00d8R<\/title>\n<meta name=\"description\" content=\"Kj\u00f8p 6 betal for 5 flotte Lykkekrus med ulike motiv.Hos Lykketegning bygger vi p\u00e5 en serie av kopper. Flotte gaver \u00e5 gi bort, men husk \u00e5 ha noen selv!\" \/>\n<meta name=\"robots\" content=\"index, follow, max-snippet:-1, max-image-preview:large, max-video-preview:-1\" \/>\n<link rel=\"canonical\" href=\"https:\/\/www.lykketegning.no\/es\/product-2\/compra-6-y-paga-5-preciosas-tazas-felicidad-con-distintos-motivos\/\" \/>\n<meta property=\"og:locale\" content=\"es_ES\" \/>\n<meta property=\"og:type\" content=\"article\" \/>\n<meta property=\"og:title\" content=\"Kj\u00f8p 6 betal for 5 flotte Lykkekrus med ulike motiv. - LYKKETEGNING ILLUSTRAT\u00d8R\" \/>\n<meta property=\"og:description\" content=\"Kj\u00f8p 6 betal for 5 flotte Lykkekrus med ulike motiv.Hos Lykketegning bygger vi p\u00e5 en serie av kopper. Flotte gaver \u00e5 gi bort, men husk \u00e5 ha noen selv!\" \/>\n<meta property=\"og:url\" content=\"https:\/\/www.lykketegning.no\/es\/product-2\/compra-6-y-paga-5-preciosas-tazas-felicidad-con-distintos-motivos\/\" \/>\n<meta property=\"og:site_name\" content=\"LYKKETEGNING ILLUSTRAT\u00d8R\" \/>\n<meta property=\"article:publisher\" content=\"https:\/\/www.facebook.com\/lykketegning\/\" \/>\n<meta property=\"article:modified_time\" content=\"2026-03-24T07:20:29+00:00\" \/>\n<meta property=\"og:image\" content=\"https:\/\/www.lykketegning.no\/wp-content\/uploads\/2022\/09\/IMG_4259-scaled.jpg\" \/>\n\t<meta property=\"og:image:width\" content=\"1920\" \/>\n\t<meta property=\"og:image:height\" content=\"2560\" \/>\n\t<meta property=\"og:image:type\" content=\"image\/jpeg\" \/>\n<meta name=\"twitter:card\" content=\"summary_large_image\" \/>\n<meta name=\"twitter:label1\" content=\"Tiempo de lectura\" \/>\n\t<meta name=\"twitter:data1\" content=\"2 minutos\" \/>\n<script type=\"application\/ld+json\" class=\"yoast-schema-graph\">{\"@context\":\"https:\\\/\\\/schema.org\",\"@graph\":[{\"@type\":\"WebPage\",\"@id\":\"https:\\\/\\\/www.lykketegning.no\\\/es\\\/product-2\\\/compra-6-y-paga-5-preciosas-tazas-felicidad-con-distintos-motivos\\\/\",\"url\":\"https:\\\/\\\/www.lykketegning.no\\\/es\\\/product-2\\\/compra-6-y-paga-5-preciosas-tazas-felicidad-con-distintos-motivos\\\/\",\"name\":\"Kj\u00f8p 6 betal for 5 flotte Lykkekrus med ulike motiv. - LYKKETEGNING ILLUSTRAT\u00d8R\",\"isPartOf\":{\"@id\":\"https:\\\/\\\/www.lykketegning.no\\\/#website\"},\"primaryImageOfPage\":{\"@id\":\"https:\\\/\\\/www.lykketegning.no\\\/es\\\/product-2\\\/compra-6-y-paga-5-preciosas-tazas-felicidad-con-distintos-motivos\\\/#primaryimage\"},\"image\":{\"@id\":\"https:\\\/\\\/www.lykketegning.no\\\/es\\\/product-2\\\/compra-6-y-paga-5-preciosas-tazas-felicidad-con-distintos-motivos\\\/#primaryimage\"},\"thumbnailUrl\":\"https:\\\/\\\/www.lykketegning.no\\\/wp-content\\\/uploads\\\/2022\\\/09\\\/IMG_4259-scaled.jpg\",\"datePublished\":\"2025-09-02T09:29:57+00:00\",\"dateModified\":\"2026-03-24T07:20:29+00:00\",\"description\":\"Kj\u00f8p 6 betal for 5 flotte Lykkekrus med ulike motiv.Hos Lykketegning bygger vi p\u00e5 en serie av kopper. Flotte gaver \u00e5 gi bort, men husk \u00e5 ha noen selv!\",\"breadcrumb\":{\"@id\":\"https:\\\/\\\/www.lykketegning.no\\\/es\\\/product-2\\\/compra-6-y-paga-5-preciosas-tazas-felicidad-con-distintos-motivos\\\/#breadcrumb\"},\"inLanguage\":\"es\",\"potentialAction\":[{\"@type\":\"ReadAction\",\"target\":[\"https:\\\/\\\/www.lykketegning.no\\\/es\\\/product-2\\\/compra-6-y-paga-5-preciosas-tazas-felicidad-con-distintos-motivos\\\/\"]}]},{\"@type\":\"ImageObject\",\"inLanguage\":\"es\",\"@id\":\"https:\\\/\\\/www.lykketegning.no\\\/es\\\/product-2\\\/compra-6-y-paga-5-preciosas-tazas-felicidad-con-distintos-motivos\\\/#primaryimage\",\"url\":\"https:\\\/\\\/www.lykketegning.no\\\/wp-content\\\/uploads\\\/2022\\\/09\\\/IMG_4259-scaled.jpg\",\"contentUrl\":\"https:\\\/\\\/www.lykketegning.no\\\/wp-content\\\/uploads\\\/2022\\\/09\\\/IMG_4259-scaled.jpg\",\"width\":1920,\"height\":2560},{\"@type\":\"BreadcrumbList\",\"@id\":\"https:\\\/\\\/www.lykketegning.no\\\/es\\\/product-2\\\/compra-6-y-paga-5-preciosas-tazas-felicidad-con-distintos-motivos\\\/#breadcrumb\",\"itemListElement\":[{\"@type\":\"ListItem\",\"position\":1,\"name\":\"Hjem\",\"item\":\"https:\\\/\\\/www.lykketegning.no\\\/\"},{\"@type\":\"ListItem\",\"position\":2,\"name\":\"Shop\",\"item\":\"https:\\\/\\\/www.lykketegning.no\\\/sv\\\/webbutik\\\/\"},{\"@type\":\"ListItem\",\"position\":3,\"name\":\"Kj\u00f8p 6 betal for 5 flotte Lykkekrus med ulike motiv.\"}]},{\"@type\":\"WebSite\",\"@id\":\"https:\\\/\\\/www.lykketegning.no\\\/#website\",\"url\":\"https:\\\/\\\/www.lykketegning.no\\\/\",\"name\":\"LYKKETEGNING ILLUSTRAT\u00d8R\",\"description\":\"\",\"publisher\":{\"@id\":\"https:\\\/\\\/www.lykketegning.no\\\/#organization\"},\"potentialAction\":[{\"@type\":\"SearchAction\",\"target\":{\"@type\":\"EntryPoint\",\"urlTemplate\":\"https:\\\/\\\/www.lykketegning.no\\\/?s={search_term_string}\"},\"query-input\":{\"@type\":\"PropertyValueSpecification\",\"valueRequired\":true,\"valueName\":\"search_term_string\"}}],\"inLanguage\":\"es\"},{\"@type\":\"Organization\",\"@id\":\"https:\\\/\\\/www.lykketegning.no\\\/#organization\",\"name\":\"LYKKETEGNING ILLUSTRAT\u00d8R\",\"url\":\"https:\\\/\\\/www.lykketegning.no\\\/\",\"logo\":{\"@type\":\"ImageObject\",\"inLanguage\":\"es\",\"@id\":\"https:\\\/\\\/www.lykketegning.no\\\/#\\\/schema\\\/logo\\\/image\\\/\",\"url\":\"https:\\\/\\\/www.lykketegning.no\\\/wp-content\\\/uploads\\\/2020\\\/03\\\/Logo2020_h400px.jpg\",\"contentUrl\":\"https:\\\/\\\/www.lykketegning.no\\\/wp-content\\\/uploads\\\/2020\\\/03\\\/Logo2020_h400px.jpg\",\"width\":1024,\"height\":400,\"caption\":\"LYKKETEGNING ILLUSTRAT\u00d8R\"},\"image\":{\"@id\":\"https:\\\/\\\/www.lykketegning.no\\\/#\\\/schema\\\/logo\\\/image\\\/\"},\"sameAs\":[\"https:\\\/\\\/www.facebook.com\\\/lykketegning\\\/\",\"https:\\\/\\\/www.instagram.com\\\/lykketegning\\\/\",\"https:\\\/\\\/www.youtube.com\\\/@lykketegningillustrations\",\"https:\\\/\\\/www.tiktok.com\\\/@lykketegningillustration\"]}]}<\/script>\n<!-- \/ Yoast SEO plugin. -->","yoast_head_json":{"title":"Compra 6 y paga por 5 estupendas tazas Felicidad con diferentes motivos. - SUERTE DIBUJO ILUSTRADOR","description":"Compra 6 y paga por 5 estupendas tazas de la Felicidad con diferentes motivos.Familia.En Lykketegning estamos construyendo una serie de tazas.Estupendos regalos para regalar, \u00a1pero recuerda tener alguna para ti!","robots":{"index":"index","follow":"follow","max-snippet":"max-snippet:-1","max-image-preview":"max-image-preview:large","max-video-preview":"max-video-preview:-1"},"canonical":"https:\/\/www.lykketegning.no\/es\/product-2\/compra-6-y-paga-5-preciosas-tazas-felicidad-con-distintos-motivos\/","og_locale":"es_ES","og_type":"article","og_title":"Kj\u00f8p 6 betal for 5 flotte Lykkekrus med ulike motiv. - LYKKETEGNING ILLUSTRAT\u00d8R","og_description":"Kj\u00f8p 6 betal for 5 flotte Lykkekrus med ulike motiv.Hos Lykketegning bygger vi p\u00e5 en serie av kopper. Flotte gaver \u00e5 gi bort, men husk \u00e5 ha noen selv!","og_url":"https:\/\/www.lykketegning.no\/es\/product-2\/compra-6-y-paga-5-preciosas-tazas-felicidad-con-distintos-motivos\/","og_site_name":"LYKKETEGNING ILLUSTRAT\u00d8R","article_publisher":"https:\/\/www.facebook.com\/lykketegning\/","article_modified_time":"2026-03-24T07:20:29+00:00","og_image":[{"width":1920,"height":2560,"url":"https:\/\/www.lykketegning.no\/wp-content\/uploads\/2022\/09\/IMG_4259-scaled.jpg","type":"image\/jpeg"}],"twitter_card":"summary_large_image","twitter_misc":{"Tiempo de lectura":"2 minutos"},"schema":{"@context":"https:\/\/schema.org","@graph":[{"@type":"WebPage","@id":"https:\/\/www.lykketegning.no\/es\/product-2\/compra-6-y-paga-5-preciosas-tazas-felicidad-con-distintos-motivos\/","url":"https:\/\/www.lykketegning.no\/es\/product-2\/compra-6-y-paga-5-preciosas-tazas-felicidad-con-distintos-motivos\/","name":"Compra 6 y paga por 5 estupendas tazas Felicidad con diferentes motivos. - SUERTE DIBUJO ILUSTRADOR","isPartOf":{"@id":"https:\/\/www.lykketegning.no\/#website"},"primaryImageOfPage":{"@id":"https:\/\/www.lykketegning.no\/es\/product-2\/compra-6-y-paga-5-preciosas-tazas-felicidad-con-distintos-motivos\/#primaryimage"},"image":{"@id":"https:\/\/www.lykketegning.no\/es\/product-2\/compra-6-y-paga-5-preciosas-tazas-felicidad-con-distintos-motivos\/#primaryimage"},"thumbnailUrl":"https:\/\/www.lykketegning.no\/wp-content\/uploads\/2022\/09\/IMG_4259-scaled.jpg","datePublished":"2025-09-02T09:29:57+00:00","dateModified":"2026-03-24T07:20:29+00:00","description":"Compra 6 y paga por 5 estupendas tazas de la Felicidad con diferentes motivos.Familia.En Lykketegning estamos construyendo una serie de tazas.Estupendos regalos para regalar, \u00a1pero recuerda tener alguna para ti!","breadcrumb":{"@id":"https:\/\/www.lykketegning.no\/es\/product-2\/compra-6-y-paga-5-preciosas-tazas-felicidad-con-distintos-motivos\/#breadcrumb"},"inLanguage":"es","potentialAction":[{"@type":"ReadAction","target":["https:\/\/www.lykketegning.no\/es\/product-2\/compra-6-y-paga-5-preciosas-tazas-felicidad-con-distintos-motivos\/"]}]},{"@type":"ImageObject","inLanguage":"es","@id":"https:\/\/www.lykketegning.no\/es\/product-2\/compra-6-y-paga-5-preciosas-tazas-felicidad-con-distintos-motivos\/#primaryimage","url":"https:\/\/www.lykketegning.no\/wp-content\/uploads\/2022\/09\/IMG_4259-scaled.jpg","contentUrl":"https:\/\/www.lykketegning.no\/wp-content\/uploads\/2022\/09\/IMG_4259-scaled.jpg","width":1920,"height":2560},{"@type":"BreadcrumbList","@id":"https:\/\/www.lykketegning.no\/es\/product-2\/compra-6-y-paga-5-preciosas-tazas-felicidad-con-distintos-motivos\/#breadcrumb","itemListElement":[{"@type":"ListItem","position":1,"name":"Hjem","item":"https:\/\/www.lykketegning.no\/"},{"@type":"ListItem","position":2,"name":"Shop","item":"https:\/\/www.lykketegning.no\/sv\/webbutik\/"},{"@type":"ListItem","position":3,"name":"Kj\u00f8p 6 betal for 5 flotte Lykkekrus med ulike motiv."}]},{"@type":"WebSite","@id":"https:\/\/www.lykketegning.no\/#website","url":"https:\/\/www.lykketegning.no\/","name":"SUERTE DIBUJO ILUSTRADOR","description":"","publisher":{"@id":"https:\/\/www.lykketegning.no\/#organization"},"potentialAction":[{"@type":"SearchAction","target":{"@type":"EntryPoint","urlTemplate":"https:\/\/www.lykketegning.no\/?s={search_term_string}"},"query-input":{"@type":"PropertyValueSpecification","valueRequired":true,"valueName":"search_term_string"}}],"inLanguage":"es"},{"@type":"Organization","@id":"https:\/\/www.lykketegning.no\/#organization","name":"SUERTE DIBUJO ILUSTRADOR","url":"https:\/\/www.lykketegning.no\/","logo":{"@type":"ImageObject","inLanguage":"es","@id":"https:\/\/www.lykketegning.no\/#\/schema\/logo\/image\/","url":"https:\/\/www.lykketegning.no\/wp-content\/uploads\/2020\/03\/Logo2020_h400px.jpg","contentUrl":"https:\/\/www.lykketegning.no\/wp-content\/uploads\/2020\/03\/Logo2020_h400px.jpg","width":1024,"height":400,"caption":"LYKKETEGNING ILLUSTRAT\u00d8R"},"image":{"@id":"https:\/\/www.lykketegning.no\/#\/schema\/logo\/image\/"},"sameAs":["https:\/\/www.facebook.com\/lykketegning\/","https:\/\/www.instagram.com\/lykketegning\/","https:\/\/www.youtube.com\/@lykketegningillustrations","https:\/\/www.tiktok.com\/@lykketegningillustration"]}]}},"_links":{"self":[{"href":"https:\/\/www.lykketegning.no\/es\/wp-json\/wp\/v2\/product\/36897","targetHints":{"allow":["GET"]}}],"collection":[{"href":"https:\/\/www.lykketegning.no\/es\/wp-json\/wp\/v2\/product"}],"about":[{"href":"https:\/\/www.lykketegning.no\/es\/wp-json\/wp\/v2\/types\/product"}],"replies":[{"embeddable":true,"href":"https:\/\/www.lykketegning.no\/es\/wp-json\/wp\/v2\/comments?post=36897"}],"wp:featuredmedia":[{"embeddable":true,"href":"https:\/\/www.lykketegning.no\/es\/wp-json\/wp\/v2\/media\/40770"}],"wp:attachment":[{"href":"https:\/\/www.lykketegning.no\/es\/wp-json\/wp\/v2\/media?parent=36897"}],"wp:term":[{"taxonomy":"product_brand","embeddable":true,"href":"https:\/\/www.lykketegning.no\/es\/wp-json\/wp\/v2\/product_brand?post=36897"},{"taxonomy":"product_cat","embeddable":true,"href":"https:\/\/www.lykketegning.no\/es\/wp-json\/wp\/v2\/product_cat?post=36897"},{"taxonomy":"product_tag","embeddable":true,"href":"https:\/\/www.lykketegning.no\/es\/wp-json\/wp\/v2\/product_tag?post=36897"}],"curies":[{"name":"wp","href":"https:\/\/api.w.org\/{rel}","templated":true}]}}