{"id":2871,"date":"2017-08-17T22:04:47","date_gmt":"2017-08-17T20:04:47","guid":{"rendered":"http:\/\/www.lykketegning.no\/?page_id=2871"},"modified":"2026-02-17T08:47:59","modified_gmt":"2026-02-17T07:47:59","slug":"illustrator","status":"publish","type":"page","link":"https:\/\/www.lykketegning.no\/es\/ilustrador\/","title":{"rendered":"Ilustrador"},"content":{"rendered":"<figure itemscope itemtype=\"https:\/\/schema.org\/ImageObject\">\n\t\t\t\t<img decoding=\"async\" src=\"https:\/\/www.lykketegning.no\/wp-content\/uploads\/2024\/04\/08-Ingebjorg.jpeg\" alt=\"08 Ingebj\u00f8rg\" height=\"1280\" width=\"853\" title=\"08 Ingebj\u00f8rg\" onerror=\"this.style.display='none'\" loading=\"lazy\" \/>\n\t<\/figure>\n\t<h1>\u00a1Bienvenido al Sorteo de la Felicidad!<\/h1>\n<h3><em>\u00bfQui\u00e9n hace el sorteo de la suerte? <\/em><\/h3>\n<p>Me llamo Ingebj\u00f8rg Rang\u00f8y Sj\u00e5land y soy el ilustrador de Lykketegning.<\/p>\n<p>Soy puericultora titulada y he trabajado con ni\u00f1os sordos en Dinamarca y Noruega durante muchos a\u00f1os. Tengo 46 a\u00f1os, soy madre de dos hijos y estoy casada con el mejor hombre del mundo.<\/p>\n<p>Jugador de balonmano retirado y director de coro comprometido.<\/p>\n<h3>C\u00f3mo empez\u00f3 todo.<\/h3>\n<p><em>\"Puede que so\u00f1ara a lo grande con ser fot\u00f3grafa alg\u00fan d\u00eda; una fantas\u00eda a\u00fan m\u00e1s descabellada era escribir un libro. Pero nunca se me ocurri\u00f3 sentarme a dibujar.<\/em><\/p>\n<p><em> La carrera de dibujante de Ingebj\u00f8rg Rang\u00f8y Sj\u00e5land empez\u00f3 cuando dibuj\u00f3 un garabato de su familia en un seminario. A su colega le entusiasm\u00f3 tanto el dibujo que le pidi\u00f3 que lo compartiera. Sj\u00e5land public\u00f3 el dibujo en Instagram, donde recibi\u00f3 10 \"me gusta\", tres comentarios y un pedido. Eso fue suficiente para que le fluyera el gusanillo de dibujar\", se r\u00ede Sj\u00e5land. <\/em><\/p>\n<p><em>- No sab\u00eda si mis amigos de Facebook estaban interesados en mis dibujos, as\u00ed que cre\u00e9 una p\u00e1gina llamada \"Dibujo de la felicidad\". Result\u00f3 que esto creaba engagement, porque cada vez ten\u00eda m\u00e1s seguidores y m\u00e1s pedidos.<\/em><\/p>\n<p><em>Lykketegning tiene ahora m\u00e1s de 80.000 seguidores en Facebook e Instagram. Tiene seguidores de al menos 28 pa\u00edses y recibe pedidos de todo el mundo.<\/em><\/p>\n<em> - La mayor\u00eda de mis encargos proceden de personas que quieren tener a su familia dibujada como regalo para bautizos, confirmaciones, bodas y cumplea\u00f1os. A veces tambi\u00e9n me llegan familiares que ya no est\u00e1n con nosotros, pero a los que puedo dibujar.<\/em><br \/>\n<em> Sus dibujos son sencillos, con grandes sonrisas y muchos corazones. Pero ninguno de sus dibujos es igual, y una vez que empieza a dibujar, rara vez los cambia.<\/em>\n<p><em> - \"Lo primero que dibujo es lo que se queda, as\u00ed que rara vez redecoro o reconstruyo. <\/em><\/p>\n<p><em>No son dibujos perfectos en absoluto, pero creo que eso forma parte del encanto. La vida no es perfecta y ellos tampoco, y quiz\u00e1 eso es lo que toca la fibra sensible de la gente\".<\/em> <a href=\"https:\/\/www.nrk.no\/ostfold\/tar-permisjon-for-a-tegne-1.13382384\">NRK \u00d8stfold <\/a><\/p>\n<h3>500 tiendas en Noruega<\/h3>\n<p>Dibujar, ser creativo y colorear es incre\u00edblemente divertido. \u00bfPor qu\u00e9 no lo pruebas t\u00fa tambi\u00e9n? Ya puedes encontrar las Happy Cups en tiendas de toda Noruega, \u00a1as\u00ed como en mi tienda en l\u00ednea!<\/p>\n<p>En el sitio web encontrar\u00e1 algunas ilustraciones y otros productos, como tazas, tarjetas de felicitaci\u00f3n y calendarios.<\/p>\n<p>Aqu\u00ed se lanzan constantemente nuevos productos.<\/p>\n<p>Para <strong>muchos muchos muchos muchos<\/strong> m\u00e1s ilustraciones; visita mi perfil de Instagram y Facebook.<\/p>\n<h3>Minorista<\/h3>\n<p>Si desea convertirse en distribuidor de Lykketegning, no dude en ponerse en contacto con nosotros en post@lykketegning.no.<\/p>\n<figure itemscope itemtype=\"https:\/\/schema.org\/ImageObject\">\n\t\t\t\t<img decoding=\"async\" src=\"https:\/\/www.lykketegning.no\/wp-content\/uploads\/2024\/04\/Emne-2.png\" alt=\"Tema (2)\" height=\"1280\" width=\"1061\" title=\"Tema (2)\" onerror=\"this.style.display='none'\" loading=\"lazy\" \/>\n\t<\/figure>\n\t<h3>Ilustraciones a la venta<\/h3>\n<p>De hecho, todas las ilustraciones est\u00e1n a la venta. 999 SEK para A4 y 1500 SEK para A3.<\/p>\n<p>Tambi\u00e9n puede encargar el suyo propio, un regalo estupendo para bodas y otras fiestas. Ponte en contacto con nosotros.<\/p>\n<p><em>Precio: 1500kr para A4 y A5 (hasta 5 personas\/animal) coste adicional para m\u00e1s (hasta 5 personas\/animal). A3 2000kr sin gastos de env\u00edo. Necesito saber color\/tipo de pelo, altura, intereses y n\u00famero deseado de personas ilustradas. Cualquier presupuesto que desee incluido.<\/em><\/p>\n<p>Si tiene alguna pregunta, no dude en ponerse en contacto conmigo. Si desea charlar sobre una posible cooperaci\u00f3n, env\u00edeme un correo electr\u00f3nico.<\/p>\n<p>Espero tener noticias suyas y que tenga un buen d\u00eda.<\/p>\nArtista<br \/>\nIngebj\u00f8rg Rang\u00f8y Sj\u00e5land","protected":false},"excerpt":{"rendered":"<p>Bienvenido a Lykketegning \u00bfQui\u00e9n hace Lykketegning? Me llamo Ingebj\u00f8rg Rang\u00f8y Sj\u00e5land y soy el ilustrador de Lykketegning. Soy educadora infantil y llevo muchos a\u00f1os trabajando con ni\u00f1os sordos en Dinamarca y Noruega. Tengo 46 a\u00f1os, soy madre de dos hijos y estoy casada con el mejor hombre del mundo. Soy jugadora de balonmano retirada y directora de coro comprometida. C\u00f3mo es todo...<\/p>","protected":false},"author":2008,"featured_media":0,"parent":0,"menu_order":0,"comment_status":"closed","ping_status":"closed","template":"","meta":{"footnotes":""},"class_list":["post-2871","page","type-page","status-publish","hentry"],"yoast_head":"<!-- This site is optimized with the Yoast SEO plugin v27.3 - https:\/\/yoast.com\/product\/yoast-seo-wordpress\/ -->\n<title>Illustrat\u00f8r - LYKKETEGNING ILLUSTRAT\u00d8R<\/title>\n<meta name=\"robots\" content=\"index, follow, max-snippet:-1, max-image-preview:large, max-video-preview:-1\" \/>\n<link rel=\"canonical\" href=\"https:\/\/www.lykketegning.no\/es\/ilustrador\/\" \/>\n<meta property=\"og:locale\" content=\"es_ES\" \/>\n<meta property=\"og:type\" content=\"article\" \/>\n<meta property=\"og:title\" content=\"Illustrat\u00f8r - LYKKETEGNING ILLUSTRAT\u00d8R\" \/>\n<meta property=\"og:description\" content=\"Velkommen til Lykketegning! Hvem lager Lykketegning? Jeg heter Ingebj\u00f8rg Rang\u00f8y Sj\u00e5land og er illustrat\u00f8ren bak Lykketegning. Jeg er utdannet barnevernspedagog og har i mange \u00e5r arbeidet med d\u00f8ve barn i Danmark og i Norge. 46 \u00e5r gammel, mamma til to ungdommer og gift med verdens beste mann. Avdanka h\u00e5ndballspiller og engasjert kordirigent. Hvordan det hele&hellip;\" \/>\n<meta property=\"og:url\" content=\"https:\/\/www.lykketegning.no\/es\/ilustrador\/\" \/>\n<meta property=\"og:site_name\" content=\"LYKKETEGNING ILLUSTRAT\u00d8R\" \/>\n<meta property=\"article:publisher\" content=\"https:\/\/www.facebook.com\/lykketegning\/\" \/>\n<meta property=\"article:modified_time\" content=\"2026-02-17T07:47:59+00:00\" \/>\n<meta property=\"og:image\" content=\"https:\/\/www.lykketegning.no\/wp-content\/uploads\/2024\/04\/08-Ingebjorg.jpeg\" \/>\n<meta name=\"twitter:card\" content=\"summary_large_image\" \/>\n<meta name=\"twitter:label1\" content=\"Tiempo de lectura\" \/>\n\t<meta name=\"twitter:data1\" content=\"4 minutos\" \/>\n<script type=\"application\/ld+json\" class=\"yoast-schema-graph\">{\"@context\":\"https:\\\/\\\/schema.org\",\"@graph\":[{\"@type\":\"WebPage\",\"@id\":\"https:\\\/\\\/www.lykketegning.no\\\/illustrator\\\/\",\"url\":\"https:\\\/\\\/www.lykketegning.no\\\/illustrator\\\/\",\"name\":\"Illustrat\u00f8r - LYKKETEGNING ILLUSTRAT\u00d8R\",\"isPartOf\":{\"@id\":\"https:\\\/\\\/www.lykketegning.no\\\/#website\"},\"primaryImageOfPage\":{\"@id\":\"https:\\\/\\\/www.lykketegning.no\\\/illustrator\\\/#primaryimage\"},\"image\":{\"@id\":\"https:\\\/\\\/www.lykketegning.no\\\/illustrator\\\/#primaryimage\"},\"thumbnailUrl\":\"https:\\\/\\\/www.lykketegning.no\\\/wp-content\\\/uploads\\\/2024\\\/04\\\/08-Ingebjorg.jpeg\",\"datePublished\":\"2017-08-17T20:04:47+00:00\",\"dateModified\":\"2026-02-17T07:47:59+00:00\",\"breadcrumb\":{\"@id\":\"https:\\\/\\\/www.lykketegning.no\\\/illustrator\\\/#breadcrumb\"},\"inLanguage\":\"es\",\"potentialAction\":[{\"@type\":\"ReadAction\",\"target\":[\"https:\\\/\\\/www.lykketegning.no\\\/illustrator\\\/\"]}]},{\"@type\":\"ImageObject\",\"inLanguage\":\"es\",\"@id\":\"https:\\\/\\\/www.lykketegning.no\\\/illustrator\\\/#primaryimage\",\"url\":\"https:\\\/\\\/www.lykketegning.no\\\/wp-content\\\/uploads\\\/2024\\\/04\\\/08-Ingebjorg.jpeg\",\"contentUrl\":\"https:\\\/\\\/www.lykketegning.no\\\/wp-content\\\/uploads\\\/2024\\\/04\\\/08-Ingebjorg.jpeg\"},{\"@type\":\"BreadcrumbList\",\"@id\":\"https:\\\/\\\/www.lykketegning.no\\\/illustrator\\\/#breadcrumb\",\"itemListElement\":[{\"@type\":\"ListItem\",\"position\":1,\"name\":\"Hjem\",\"item\":\"https:\\\/\\\/www.lykketegning.no\\\/\"},{\"@type\":\"ListItem\",\"position\":2,\"name\":\"Illustrat\u00f8r\"}]},{\"@type\":\"WebSite\",\"@id\":\"https:\\\/\\\/www.lykketegning.no\\\/#website\",\"url\":\"https:\\\/\\\/www.lykketegning.no\\\/\",\"name\":\"LYKKETEGNING ILLUSTRAT\u00d8R\",\"description\":\"\",\"publisher\":{\"@id\":\"https:\\\/\\\/www.lykketegning.no\\\/#organization\"},\"potentialAction\":[{\"@type\":\"SearchAction\",\"target\":{\"@type\":\"EntryPoint\",\"urlTemplate\":\"https:\\\/\\\/www.lykketegning.no\\\/?s={search_term_string}\"},\"query-input\":{\"@type\":\"PropertyValueSpecification\",\"valueRequired\":true,\"valueName\":\"search_term_string\"}}],\"inLanguage\":\"es\"},{\"@type\":\"Organization\",\"@id\":\"https:\\\/\\\/www.lykketegning.no\\\/#organization\",\"name\":\"LYKKETEGNING ILLUSTRAT\u00d8R\",\"url\":\"https:\\\/\\\/www.lykketegning.no\\\/\",\"logo\":{\"@type\":\"ImageObject\",\"inLanguage\":\"es\",\"@id\":\"https:\\\/\\\/www.lykketegning.no\\\/#\\\/schema\\\/logo\\\/image\\\/\",\"url\":\"https:\\\/\\\/www.lykketegning.no\\\/wp-content\\\/uploads\\\/2020\\\/03\\\/Logo2020_h400px.jpg\",\"contentUrl\":\"https:\\\/\\\/www.lykketegning.no\\\/wp-content\\\/uploads\\\/2020\\\/03\\\/Logo2020_h400px.jpg\",\"width\":1024,\"height\":400,\"caption\":\"LYKKETEGNING ILLUSTRAT\u00d8R\"},\"image\":{\"@id\":\"https:\\\/\\\/www.lykketegning.no\\\/#\\\/schema\\\/logo\\\/image\\\/\"},\"sameAs\":[\"https:\\\/\\\/www.facebook.com\\\/lykketegning\\\/\",\"https:\\\/\\\/www.instagram.com\\\/lykketegning\\\/\",\"https:\\\/\\\/www.youtube.com\\\/@lykketegningillustrations\",\"https:\\\/\\\/www.tiktok.com\\\/@lykketegningillustration\"]}]}<\/script>\n<!-- \/ Yoast SEO plugin. -->","yoast_head_json":{"title":"Ilustrador - LYKKETEGNING ILLUSTRAT\u00d8R","robots":{"index":"index","follow":"follow","max-snippet":"max-snippet:-1","max-image-preview":"max-image-preview:large","max-video-preview":"max-video-preview:-1"},"canonical":"https:\/\/www.lykketegning.no\/es\/ilustrador\/","og_locale":"es_ES","og_type":"article","og_title":"Illustrat\u00f8r - LYKKETEGNING ILLUSTRAT\u00d8R","og_description":"Velkommen til Lykketegning! Hvem lager Lykketegning? Jeg heter Ingebj\u00f8rg Rang\u00f8y Sj\u00e5land og er illustrat\u00f8ren bak Lykketegning. Jeg er utdannet barnevernspedagog og har i mange \u00e5r arbeidet med d\u00f8ve barn i Danmark og i Norge. 46 \u00e5r gammel, mamma til to ungdommer og gift med verdens beste mann. Avdanka h\u00e5ndballspiller og engasjert kordirigent. Hvordan det hele&hellip;","og_url":"https:\/\/www.lykketegning.no\/es\/ilustrador\/","og_site_name":"LYKKETEGNING ILLUSTRAT\u00d8R","article_publisher":"https:\/\/www.facebook.com\/lykketegning\/","article_modified_time":"2026-02-17T07:47:59+00:00","og_image":[{"url":"https:\/\/www.lykketegning.no\/wp-content\/uploads\/2024\/04\/08-Ingebjorg.jpeg","type":"","width":"","height":""}],"twitter_card":"summary_large_image","twitter_misc":{"Tiempo de lectura":"4 minutos"},"schema":{"@context":"https:\/\/schema.org","@graph":[{"@type":"WebPage","@id":"https:\/\/www.lykketegning.no\/illustrator\/","url":"https:\/\/www.lykketegning.no\/illustrator\/","name":"Ilustrador - LYKKETEGNING ILLUSTRAT\u00d8R","isPartOf":{"@id":"https:\/\/www.lykketegning.no\/#website"},"primaryImageOfPage":{"@id":"https:\/\/www.lykketegning.no\/illustrator\/#primaryimage"},"image":{"@id":"https:\/\/www.lykketegning.no\/illustrator\/#primaryimage"},"thumbnailUrl":"https:\/\/www.lykketegning.no\/wp-content\/uploads\/2024\/04\/08-Ingebjorg.jpeg","datePublished":"2017-08-17T20:04:47+00:00","dateModified":"2026-02-17T07:47:59+00:00","breadcrumb":{"@id":"https:\/\/www.lykketegning.no\/illustrator\/#breadcrumb"},"inLanguage":"es","potentialAction":[{"@type":"ReadAction","target":["https:\/\/www.lykketegning.no\/illustrator\/"]}]},{"@type":"ImageObject","inLanguage":"es","@id":"https:\/\/www.lykketegning.no\/illustrator\/#primaryimage","url":"https:\/\/www.lykketegning.no\/wp-content\/uploads\/2024\/04\/08-Ingebjorg.jpeg","contentUrl":"https:\/\/www.lykketegning.no\/wp-content\/uploads\/2024\/04\/08-Ingebjorg.jpeg"},{"@type":"BreadcrumbList","@id":"https:\/\/www.lykketegning.no\/illustrator\/#breadcrumb","itemListElement":[{"@type":"ListItem","position":1,"name":"Hjem","item":"https:\/\/www.lykketegning.no\/"},{"@type":"ListItem","position":2,"name":"Illustrat\u00f8r"}]},{"@type":"WebSite","@id":"https:\/\/www.lykketegning.no\/#website","url":"https:\/\/www.lykketegning.no\/","name":"SUERTE DIBUJO ILUSTRADOR","description":"","publisher":{"@id":"https:\/\/www.lykketegning.no\/#organization"},"potentialAction":[{"@type":"SearchAction","target":{"@type":"EntryPoint","urlTemplate":"https:\/\/www.lykketegning.no\/?s={search_term_string}"},"query-input":{"@type":"PropertyValueSpecification","valueRequired":true,"valueName":"search_term_string"}}],"inLanguage":"es"},{"@type":"Organization","@id":"https:\/\/www.lykketegning.no\/#organization","name":"SUERTE DIBUJO ILUSTRADOR","url":"https:\/\/www.lykketegning.no\/","logo":{"@type":"ImageObject","inLanguage":"es","@id":"https:\/\/www.lykketegning.no\/#\/schema\/logo\/image\/","url":"https:\/\/www.lykketegning.no\/wp-content\/uploads\/2020\/03\/Logo2020_h400px.jpg","contentUrl":"https:\/\/www.lykketegning.no\/wp-content\/uploads\/2020\/03\/Logo2020_h400px.jpg","width":1024,"height":400,"caption":"LYKKETEGNING ILLUSTRAT\u00d8R"},"image":{"@id":"https:\/\/www.lykketegning.no\/#\/schema\/logo\/image\/"},"sameAs":["https:\/\/www.facebook.com\/lykketegning\/","https:\/\/www.instagram.com\/lykketegning\/","https:\/\/www.youtube.com\/@lykketegningillustrations","https:\/\/www.tiktok.com\/@lykketegningillustration"]}]}},"_links":{"self":[{"href":"https:\/\/www.lykketegning.no\/es\/wp-json\/wp\/v2\/pages\/2871","targetHints":{"allow":["GET"]}}],"collection":[{"href":"https:\/\/www.lykketegning.no\/es\/wp-json\/wp\/v2\/pages"}],"about":[{"href":"https:\/\/www.lykketegning.no\/es\/wp-json\/wp\/v2\/types\/page"}],"author":[{"embeddable":true,"href":"https:\/\/www.lykketegning.no\/es\/wp-json\/wp\/v2\/users\/2008"}],"replies":[{"embeddable":true,"href":"https:\/\/www.lykketegning.no\/es\/wp-json\/wp\/v2\/comments?post=2871"}],"version-history":[{"count":0,"href":"https:\/\/www.lykketegning.no\/es\/wp-json\/wp\/v2\/pages\/2871\/revisions"}],"wp:attachment":[{"href":"https:\/\/www.lykketegning.no\/es\/wp-json\/wp\/v2\/media?parent=2871"}],"curies":[{"name":"wp","href":"https:\/\/api.w.org\/{rel}","templated":true}]}}