{"id":41451,"date":"2025-11-26T11:52:42","date_gmt":"2025-11-26T10:52:42","guid":{"rendered":"https:\/\/www.lykketegning.no\/?post_type=product&#038;p=41451"},"modified":"2026-04-24T19:55:57","modified_gmt":"2026-04-24T17:55:57","slug":"helt-ny-lykkekopp-fra-lykketegning-oyeblikket","status":"publish","type":"product","link":"https:\/\/www.lykketegning.no\/en\/product\/brand-new-lucky-cup-from-lucky-drawing-oyeblikket\/","title":{"rendered":"Brand new lucky cup from the lucky drawing \u201cThe Moment\u201d"},"content":{"rendered":"<h3>Brand new lucky cup from the lucky drawing \u201cThe Moment\u201d<\/h3>\n<h5><i>What would you like to fill your day with?<span class=\"Apple-converted-space\">\u00a0<\/span><\/i><\/h5>\n<h5><i>Is it reading a good book, going for walks, listening to music? Don't skimp on the good things in life.,<span class=\"Apple-converted-space\">\u00a0<\/span><\/i><\/h5>\n<h5><i>Every day, every moment is right here and now.<\/i><\/h5>\n<h5><i>There is no replay button,<span class=\"Apple-converted-space\">\u00a0<\/span><\/i><\/h5>\n<h5><i>Fill your day however you want.<\/i><\/h5>\n<blockquote>\n<h5 style=\"text-align: justify;\"><em>Ingebj\u00f8rg Rang\u00f8y Sj\u00e5land \u00a0<\/em><em>Lucky drawing<\/em><\/h5>\n<\/blockquote>\n<p>Lovely light pink colour and perfect for your morning coffee.<\/p>\n<p>Also check out the other mugs.<\/p>\n<p>Mug pink D8 H9,5 400ml Material: Porcelain<\/p>\n<p>Dishwasher safe<\/p>\n<p>Popular mug with quote from Lucky Drawing<\/p>\n<h4>More about Lucky drawing:<\/h4>\n<div class=\"row tab-table-row\">\n<div class=\"col-xs-6\"><strong>\"At Lykketegning, every illustration is created with warmth and care.<\/strong><br \/>\n<strong>With strong colours, clear lines and good quotes, Happiness Drawing wants to make you stop for a moment, take a deep breath and then set a good course forward.<\/strong><br \/>\n<strong>\"The hearts and smiles are from me to you to remind you that you are really good!\"<\/strong><\/div>\n<div class=\"col-xs-6\">\n<p>On the website you will find some illustrations and other products such as cups, greeting cards and calendars, with new products being added all the time, so feel free to sign up to the newsletter for monthly updates.<\/p>\n<p>For <strong>many many many many<\/strong> more illustrations; visit my Instagram and Facebook profile.<\/p>\n<p>In fact, all illustrations are for sale. 999kr for A4 and 1500kr for A3.<\/p>\n<p>You can also order your very own - great gifts to give to weddings and other parties. Get in touch inbox for this.<\/p>\n<p><em>Price: 1500kr for A4 and A5 (up to 5 people\/animal) additional cost for more (up to 5 people\/animal). A3 2000kr ex postage. I need to know hair colour\/hair type, height, interests and desired number of illustrated people. Any quotes you want included.<\/em><\/p>\n<p>If you have any questions, don't hesitate to get in touch! If you would like to have a chat about possible co-operation, please send me an email.<\/p>\n<p>Looking forward to hearing from you and hope you have a wonderful day. <a href=\"https:\/\/www.facebook.com\/lykketegning\/?locale=nb_NO\">This will take you to my Facebook page.<\/a> And if you want to follow me on<a href=\"https:\/\/www.instagram.com\/lykketegning\/?hl=nb\"> Instagram, you'll find it here.<\/a><\/p>\n<p>Artist<br \/>\nIngebj\u00f8rg Rang\u00f8y Sj\u00e5land<\/p>\n<p>&nbsp;<\/p>\n<\/div>\n<\/div>\n<div><\/div>\n<div class=\"page\" title=\"Page 1\"><\/div>","protected":false},"excerpt":{"rendered":"<h3>Brand new lucky cup from the lucky drawing \u201cThe Moment\u201d<\/h3>\n<p><i>What would you like to fill your day with? <\/i><\/p>\n<p><i>Is it reading a good book, going for walks, listening to music? Don't skimp on the good things in life., <\/i><\/p>\n<p><i>Every day, every moment is right here and now.<\/i><\/p>\n<p><i>There is no replay button, <\/i><\/p>\n<p><i>Fill your day however you want.<\/i><\/p>\n<blockquote>\n<h5 style=\"text-align: justify;\"><em>Ingebj\u00f8rg Rang\u00f8y Sj\u00e5land \u00a0<\/em><em>Lucky drawing<\/em><\/h5>\n<\/blockquote>\n<p>Lovely light pink colour and perfect for your morning coffee.<\/p>","protected":false},"featured_media":41453,"comment_status":"closed","ping_status":"closed","template":"","meta":[],"product_brand":[432],"product_cat":[41],"product_tag":[191,43,121,435],"class_list":{"0":"post-41451","1":"product","2":"type-product","3":"status-publish","4":"has-post-thumbnail","6":"product_brand-lykkekopp","7":"product_cat-lykkekopper","8":"product_tag-lykke","9":"product_tag-lykkekopp","10":"product_tag-lykkekrus","11":"product_tag-oyeblikket","13":"first","14":"instock","15":"taxable","16":"shipping-taxable","17":"purchasable","18":"product-type-simple"},"yoast_head":"<!-- This site is optimized with the Yoast SEO plugin v27.4 - https:\/\/yoast.com\/product\/yoast-seo-wordpress\/ -->\n<title>Helt ny Lykkekopp fra Lykketegning &quot;\u00d8yeblikket&quot; - LYKKETEGNING ILLUSTRAT\u00d8R<\/title>\n<meta name=\"description\" content=\"Helt ny Lykkekopp fra Lykketegning &quot;\u00d8yeblikket&quot;. Hvor mange har du? Hos Lykketegning kan du samle p\u00e5 alle koppene. Over 30 ulike motiver.\" \/>\n<meta name=\"robots\" content=\"index, follow, max-snippet:-1, max-image-preview:large, max-video-preview:-1\" \/>\n<link rel=\"canonical\" href=\"https:\/\/www.lykketegning.no\/en\/product\/brand-new-lucky-cup-from-lucky-drawing-oyeblikket\/\" \/>\n<meta property=\"og:locale\" content=\"en_GB\" \/>\n<meta property=\"og:type\" content=\"article\" \/>\n<meta property=\"og:title\" content=\"Helt ny Lykkekopp fra Lykketegning &quot;\u00d8yeblikket&quot; - LYKKETEGNING ILLUSTRAT\u00d8R\" \/>\n<meta property=\"og:description\" content=\"Helt ny Lykkekopp fra Lykketegning &quot;\u00d8yeblikket&quot;. Hvor mange har du? Hos Lykketegning kan du samle p\u00e5 alle koppene. Over 30 ulike motiver.\" \/>\n<meta property=\"og:url\" content=\"https:\/\/www.lykketegning.no\/en\/product\/brand-new-lucky-cup-from-lucky-drawing-oyeblikket\/\" \/>\n<meta property=\"og:site_name\" content=\"LYKKETEGNING ILLUSTRAT\u00d8R\" \/>\n<meta property=\"article:publisher\" content=\"https:\/\/www.facebook.com\/lykketegning\/\" \/>\n<meta property=\"article:modified_time\" content=\"2026-04-24T17:55:57+00:00\" \/>\n<meta property=\"og:image\" content=\"https:\/\/www.lykketegning.no\/wp-content\/uploads\/2025\/11\/46242123_1-scaled.jpg\" \/>\n\t<meta property=\"og:image:width\" content=\"2560\" \/>\n\t<meta property=\"og:image:height\" content=\"2560\" \/>\n\t<meta property=\"og:image:type\" content=\"image\/jpeg\" \/>\n<meta name=\"twitter:card\" content=\"summary_large_image\" \/>\n<meta name=\"twitter:label1\" content=\"Estimated reading time\" \/>\n\t<meta name=\"twitter:data1\" content=\"2 minutes\" \/>\n<script type=\"application\/ld+json\" class=\"yoast-schema-graph\">{\"@context\":\"https:\\\/\\\/schema.org\",\"@graph\":[{\"@type\":\"WebPage\",\"@id\":\"https:\\\/\\\/www.lykketegning.no\\\/produkt\\\/helt-ny-lykkekopp-fra-lykketegning-oyeblikket\\\/\",\"url\":\"https:\\\/\\\/www.lykketegning.no\\\/produkt\\\/helt-ny-lykkekopp-fra-lykketegning-oyeblikket\\\/\",\"name\":\"Helt ny Lykkekopp fra Lykketegning \\\"\u00d8yeblikket\\\" - LYKKETEGNING ILLUSTRAT\u00d8R\",\"isPartOf\":{\"@id\":\"https:\\\/\\\/www.lykketegning.no\\\/#website\"},\"primaryImageOfPage\":{\"@id\":\"https:\\\/\\\/www.lykketegning.no\\\/produkt\\\/helt-ny-lykkekopp-fra-lykketegning-oyeblikket\\\/#primaryimage\"},\"image\":{\"@id\":\"https:\\\/\\\/www.lykketegning.no\\\/produkt\\\/helt-ny-lykkekopp-fra-lykketegning-oyeblikket\\\/#primaryimage\"},\"thumbnailUrl\":\"https:\\\/\\\/www.lykketegning.no\\\/wp-content\\\/uploads\\\/2025\\\/11\\\/46242123_1-scaled.jpg\",\"datePublished\":\"2025-11-26T10:52:42+00:00\",\"dateModified\":\"2026-04-24T17:55:57+00:00\",\"description\":\"Helt ny Lykkekopp fra Lykketegning \\\"\u00d8yeblikket\\\". Hvor mange har du? Hos Lykketegning kan du samle p\u00e5 alle koppene. Over 30 ulike motiver.\",\"breadcrumb\":{\"@id\":\"https:\\\/\\\/www.lykketegning.no\\\/produkt\\\/helt-ny-lykkekopp-fra-lykketegning-oyeblikket\\\/#breadcrumb\"},\"inLanguage\":\"en-GB\",\"potentialAction\":[{\"@type\":\"ReadAction\",\"target\":[\"https:\\\/\\\/www.lykketegning.no\\\/produkt\\\/helt-ny-lykkekopp-fra-lykketegning-oyeblikket\\\/\"]}]},{\"@type\":\"ImageObject\",\"inLanguage\":\"en-GB\",\"@id\":\"https:\\\/\\\/www.lykketegning.no\\\/produkt\\\/helt-ny-lykkekopp-fra-lykketegning-oyeblikket\\\/#primaryimage\",\"url\":\"https:\\\/\\\/www.lykketegning.no\\\/wp-content\\\/uploads\\\/2025\\\/11\\\/46242123_1-scaled.jpg\",\"contentUrl\":\"https:\\\/\\\/www.lykketegning.no\\\/wp-content\\\/uploads\\\/2025\\\/11\\\/46242123_1-scaled.jpg\",\"width\":2560,\"height\":2560},{\"@type\":\"BreadcrumbList\",\"@id\":\"https:\\\/\\\/www.lykketegning.no\\\/produkt\\\/helt-ny-lykkekopp-fra-lykketegning-oyeblikket\\\/#breadcrumb\",\"itemListElement\":[{\"@type\":\"ListItem\",\"position\":1,\"name\":\"Hjem\",\"item\":\"https:\\\/\\\/www.lykketegning.no\\\/\"},{\"@type\":\"ListItem\",\"position\":2,\"name\":\"Shop\",\"item\":\"https:\\\/\\\/www.lykketegning.no\\\/sv\\\/webbutik\\\/\"},{\"@type\":\"ListItem\",\"position\":3,\"name\":\"Helt ny Lykkekopp fra Lykketegning &#8220;\u00d8yeblikket&#8221;\"}]},{\"@type\":\"WebSite\",\"@id\":\"https:\\\/\\\/www.lykketegning.no\\\/#website\",\"url\":\"https:\\\/\\\/www.lykketegning.no\\\/\",\"name\":\"LYKKETEGNING ILLUSTRAT\u00d8R\",\"description\":\"\",\"publisher\":{\"@id\":\"https:\\\/\\\/www.lykketegning.no\\\/#organization\"},\"potentialAction\":[{\"@type\":\"SearchAction\",\"target\":{\"@type\":\"EntryPoint\",\"urlTemplate\":\"https:\\\/\\\/www.lykketegning.no\\\/?s={search_term_string}\"},\"query-input\":{\"@type\":\"PropertyValueSpecification\",\"valueRequired\":true,\"valueName\":\"search_term_string\"}}],\"inLanguage\":\"en-GB\"},{\"@type\":\"Organization\",\"@id\":\"https:\\\/\\\/www.lykketegning.no\\\/#organization\",\"name\":\"LYKKETEGNING ILLUSTRAT\u00d8R\",\"url\":\"https:\\\/\\\/www.lykketegning.no\\\/\",\"logo\":{\"@type\":\"ImageObject\",\"inLanguage\":\"en-GB\",\"@id\":\"https:\\\/\\\/www.lykketegning.no\\\/#\\\/schema\\\/logo\\\/image\\\/\",\"url\":\"https:\\\/\\\/www.lykketegning.no\\\/wp-content\\\/uploads\\\/2020\\\/03\\\/Logo2020_h400px.jpg\",\"contentUrl\":\"https:\\\/\\\/www.lykketegning.no\\\/wp-content\\\/uploads\\\/2020\\\/03\\\/Logo2020_h400px.jpg\",\"width\":1024,\"height\":400,\"caption\":\"LYKKETEGNING ILLUSTRAT\u00d8R\"},\"image\":{\"@id\":\"https:\\\/\\\/www.lykketegning.no\\\/#\\\/schema\\\/logo\\\/image\\\/\"},\"sameAs\":[\"https:\\\/\\\/www.facebook.com\\\/lykketegning\\\/\",\"https:\\\/\\\/www.instagram.com\\\/lykketegning\\\/\",\"https:\\\/\\\/www.youtube.com\\\/@lykketegningillustrations\",\"https:\\\/\\\/www.tiktok.com\\\/@lykketegningillustration\"]}]}<\/script>\n<!-- \/ Yoast SEO plugin. -->","yoast_head_json":{"title":"Brand new lucky cup from Lykketegning \"The Moment\" - LYKKETEGNING ILLUSTRATOR","description":"Brand new lucky cup from Lykketegning \"The Moment\". How many do you have? At Lykketegning, you can collect all the cups. Over 30 different designs.","robots":{"index":"index","follow":"follow","max-snippet":"max-snippet:-1","max-image-preview":"max-image-preview:large","max-video-preview":"max-video-preview:-1"},"canonical":"https:\/\/www.lykketegning.no\/en\/product\/brand-new-lucky-cup-from-lucky-drawing-oyeblikket\/","og_locale":"en_GB","og_type":"article","og_title":"Helt ny Lykkekopp fra Lykketegning \"\u00d8yeblikket\" - LYKKETEGNING ILLUSTRAT\u00d8R","og_description":"Helt ny Lykkekopp fra Lykketegning \"\u00d8yeblikket\". Hvor mange har du? Hos Lykketegning kan du samle p\u00e5 alle koppene. Over 30 ulike motiver.","og_url":"https:\/\/www.lykketegning.no\/en\/product\/brand-new-lucky-cup-from-lucky-drawing-oyeblikket\/","og_site_name":"LYKKETEGNING ILLUSTRAT\u00d8R","article_publisher":"https:\/\/www.facebook.com\/lykketegning\/","article_modified_time":"2026-04-24T17:55:57+00:00","og_image":[{"width":2560,"height":2560,"url":"https:\/\/www.lykketegning.no\/wp-content\/uploads\/2025\/11\/46242123_1-scaled.jpg","type":"image\/jpeg"}],"twitter_card":"summary_large_image","twitter_misc":{"Estimated reading time":"2 minutes"},"schema":{"@context":"https:\/\/schema.org","@graph":[{"@type":"WebPage","@id":"https:\/\/www.lykketegning.no\/produkt\/helt-ny-lykkekopp-fra-lykketegning-oyeblikket\/","url":"https:\/\/www.lykketegning.no\/produkt\/helt-ny-lykkekopp-fra-lykketegning-oyeblikket\/","name":"Brand new lucky cup from Lykketegning \"The Moment\" - LYKKETEGNING ILLUSTRATOR","isPartOf":{"@id":"https:\/\/www.lykketegning.no\/#website"},"primaryImageOfPage":{"@id":"https:\/\/www.lykketegning.no\/produkt\/helt-ny-lykkekopp-fra-lykketegning-oyeblikket\/#primaryimage"},"image":{"@id":"https:\/\/www.lykketegning.no\/produkt\/helt-ny-lykkekopp-fra-lykketegning-oyeblikket\/#primaryimage"},"thumbnailUrl":"https:\/\/www.lykketegning.no\/wp-content\/uploads\/2025\/11\/46242123_1-scaled.jpg","datePublished":"2025-11-26T10:52:42+00:00","dateModified":"2026-04-24T17:55:57+00:00","description":"Brand new lucky cup from Lykketegning \"The Moment\". How many do you have? At Lykketegning, you can collect all the cups. Over 30 different designs.","breadcrumb":{"@id":"https:\/\/www.lykketegning.no\/produkt\/helt-ny-lykkekopp-fra-lykketegning-oyeblikket\/#breadcrumb"},"inLanguage":"en-GB","potentialAction":[{"@type":"ReadAction","target":["https:\/\/www.lykketegning.no\/produkt\/helt-ny-lykkekopp-fra-lykketegning-oyeblikket\/"]}]},{"@type":"ImageObject","inLanguage":"en-GB","@id":"https:\/\/www.lykketegning.no\/produkt\/helt-ny-lykkekopp-fra-lykketegning-oyeblikket\/#primaryimage","url":"https:\/\/www.lykketegning.no\/wp-content\/uploads\/2025\/11\/46242123_1-scaled.jpg","contentUrl":"https:\/\/www.lykketegning.no\/wp-content\/uploads\/2025\/11\/46242123_1-scaled.jpg","width":2560,"height":2560},{"@type":"BreadcrumbList","@id":"https:\/\/www.lykketegning.no\/produkt\/helt-ny-lykkekopp-fra-lykketegning-oyeblikket\/#breadcrumb","itemListElement":[{"@type":"ListItem","position":1,"name":"Hjem","item":"https:\/\/www.lykketegning.no\/"},{"@type":"ListItem","position":2,"name":"Shop","item":"https:\/\/www.lykketegning.no\/sv\/webbutik\/"},{"@type":"ListItem","position":3,"name":"Helt ny Lykkekopp fra Lykketegning &#8220;\u00d8yeblikket&#8221;"}]},{"@type":"WebSite","@id":"https:\/\/www.lykketegning.no\/#website","url":"https:\/\/www.lykketegning.no\/","name":"LYKKETEGNING ILLUSTRATOR","description":"","publisher":{"@id":"https:\/\/www.lykketegning.no\/#organization"},"potentialAction":[{"@type":"SearchAction","target":{"@type":"EntryPoint","urlTemplate":"https:\/\/www.lykketegning.no\/?s={search_term_string}"},"query-input":{"@type":"PropertyValueSpecification","valueRequired":true,"valueName":"search_term_string"}}],"inLanguage":"en-GB"},{"@type":"Organization","@id":"https:\/\/www.lykketegning.no\/#organization","name":"LYKKETEGNING ILLUSTRATOR","url":"https:\/\/www.lykketegning.no\/","logo":{"@type":"ImageObject","inLanguage":"en-GB","@id":"https:\/\/www.lykketegning.no\/#\/schema\/logo\/image\/","url":"https:\/\/www.lykketegning.no\/wp-content\/uploads\/2020\/03\/Logo2020_h400px.jpg","contentUrl":"https:\/\/www.lykketegning.no\/wp-content\/uploads\/2020\/03\/Logo2020_h400px.jpg","width":1024,"height":400,"caption":"LYKKETEGNING ILLUSTRAT\u00d8R"},"image":{"@id":"https:\/\/www.lykketegning.no\/#\/schema\/logo\/image\/"},"sameAs":["https:\/\/www.facebook.com\/lykketegning\/","https:\/\/www.instagram.com\/lykketegning\/","https:\/\/www.youtube.com\/@lykketegningillustrations","https:\/\/www.tiktok.com\/@lykketegningillustration"]}]}},"_links":{"self":[{"href":"https:\/\/www.lykketegning.no\/en\/wp-json\/wp\/v2\/product\/41451","targetHints":{"allow":["GET"]}}],"collection":[{"href":"https:\/\/www.lykketegning.no\/en\/wp-json\/wp\/v2\/product"}],"about":[{"href":"https:\/\/www.lykketegning.no\/en\/wp-json\/wp\/v2\/types\/product"}],"replies":[{"embeddable":true,"href":"https:\/\/www.lykketegning.no\/en\/wp-json\/wp\/v2\/comments?post=41451"}],"wp:featuredmedia":[{"embeddable":true,"href":"https:\/\/www.lykketegning.no\/en\/wp-json\/wp\/v2\/media\/41453"}],"wp:attachment":[{"href":"https:\/\/www.lykketegning.no\/en\/wp-json\/wp\/v2\/media?parent=41451"}],"wp:term":[{"taxonomy":"product_brand","embeddable":true,"href":"https:\/\/www.lykketegning.no\/en\/wp-json\/wp\/v2\/product_brand?post=41451"},{"taxonomy":"product_cat","embeddable":true,"href":"https:\/\/www.lykketegning.no\/en\/wp-json\/wp\/v2\/product_cat?post=41451"},{"taxonomy":"product_tag","embeddable":true,"href":"https:\/\/www.lykketegning.no\/en\/wp-json\/wp\/v2\/product_tag?post=41451"}],"curies":[{"name":"wp","href":"https:\/\/api.w.org\/{rel}","templated":true}]}}