{"id":40776,"date":"2025-10-02T13:55:25","date_gmt":"2025-10-02T11:55:25","guid":{"rendered":"https:\/\/www.lykketegning.no\/?post_type=product&#038;p=40776"},"modified":"2025-12-21T21:48:56","modified_gmt":"2025-12-21T20:48:56","slug":"svensk-manadskalendern-fran-lykketegning-for-2026-svensk-edition","status":"publish","type":"product","link":"https:\/\/www.lykketegning.no\/en\/product\/svensk-manadskalendern-fran-happiness-drawing-for-2026-swedish-edition\/","title":{"rendered":"Swedish monthly calendar from Lykketegning for 2026! Swedish edition"},"content":{"rendered":"<h3>Swedish monthly calendar from Lykketegning for 2026! Swedish edition<\/h3>\n<h3>Beautiful monthly calendar from Luck Drawing 2026 - January 2026-December 2026.<\/h3>\n<p>This monthly calendar was a hit in 2025, with 1,000 calendars sold out in our online store in just one month, and now you can buy it in our online store!<\/p>\n<p>Each page shows a month with the week number and a small box for notes for each day.<\/p>\n<p>This year, there's an illustration on one side that you can tear out and frame at the end of the month! Decorative on the wall.<\/p>\n<p>The monthly calendar is spiral bound and has holes for hanging.<\/p>\n<p>Format: A4 landscape.<\/p>\n<p>A perfect Christmas gift for employees, hostesses, family and yourself.<\/p>\n<p>&nbsp;<\/p>\n<p><strong>\"At Lykketegning, every illustration is created with warmth and care.<\/strong><br \/>\n<strong>With strong colours, clear lines and good quotes, Happiness Drawing wants to make you stop for a moment, take a deep breath and then set a good course forward.<\/strong><br \/>\n<strong>\"The hearts and smiles are from me to you to remind you that you are really good!\"<\/strong><\/p>\n<p>&nbsp;<\/p>\n<p>On the website you will find some illustrations and other products such as cups, greeting cards and calendars.<\/p>\n<p>New products are constantly being added here, so feel free to sign up for the newsletter for monthly updates.<\/p>\n<p>For <strong>many many many many<\/strong> more illustrations; visit my Instagram and Facebook profile.<\/p>\n<p>In fact, all illustrations are for sale. 999kr for A4 and 1500kr for A3.<\/p>\n<p>You can also order your very own - great gifts to give to weddings and other parties. Get in touch inbox for this.<\/p>\n<p><em>Price: 1500kr for A4 and A5 (up to 5 people\/animal) additional cost for more (up to 5 people\/animal). A3 2000kr ex postage. I need to know hair colour\/hair type, height, interests and desired number of illustrated people. Any quotes you want included.<\/em><\/p>\n<p>If you have any questions, don't hesitate to get in touch! If you would like to have a chat about possible co-operation, please send me an email.<\/p>\n<p>Looking forward to hearing from you and hope you have a wonderful day. <a href=\"https:\/\/www.facebook.com\/lykketegning\/?locale=nb_NO\">This will take you to my Facebook page.<\/a> And if you want to follow me on<a href=\"https:\/\/www.instagram.com\/lykketegning\/?hl=nb\"> Instagram, you'll find it here.<\/a><\/p>\n<p>Artist<br \/>\nIngebj\u00f8rg Rang\u00f8y Sj\u00e5land<\/p>\n<p>&nbsp;<\/p>","protected":false},"excerpt":{"rendered":"<p>Beautiful monthly calendar from Luck Drawing 2026 - January 2026-December 2026.<\/p>\n<p>This monthly calendar was a hit in 2025, with 1,000 calendars sold out in our online store in just one month, and now you can buy it in our online store!<\/p>\n<p>Each page shows a month with the week number and a small box for notes for each day.<\/p>\n<p>This year, there's an illustration on one side that you can tear out and frame at the end of the month! Decorative on the wall.<\/p>\n<p>The monthly calendar is spiral bound and has holes for hanging.<\/p>\n<p>Format: A4 landscape.<\/p>\n<p>A perfect Christmas gift for employees, hostesses, family and yourself.<\/p>\n<p>&nbsp;<\/p>","protected":false},"featured_media":40777,"comment_status":"open","ping_status":"closed","template":"","meta":[],"product_brand":[],"product_cat":[153,169],"product_tag":[268,57,250,267],"class_list":{"0":"post-40776","1":"product","2":"type-product","3":"status-publish","4":"has-post-thumbnail","6":"product_cat-illustrert-kalender","7":"product_cat-trykk","8":"product_tag-calender","9":"product_tag-kalender","10":"product_tag-lykketegning","11":"product_tag-manedskalender","13":"first","14":"instock","15":"taxable","16":"shipping-taxable","17":"purchasable","18":"product-type-simple"},"yoast_head":"<!-- This site is optimized with the Yoast SEO plugin v27.3 - https:\/\/yoast.com\/product\/yoast-seo-wordpress\/ -->\n<title>Svensk m\u00e5nadskalendern fr\u00e5n Lykketegning for 2026! Svensk edition - LYKKETEGNING ILLUSTRAT\u00d8R<\/title>\n<meta name=\"description\" content=\"Vacker m\u00e5nadskalender fr\u00e5n Lykketegning 2026 M\u00e5nadskalendern \u00e4r spiralbunden och har h\u00e5l f\u00f6r upph\u00e4ngning.En perfekt julklapp till anst\u00e4llda, familjen och dig sj\u00e4lv.\" \/>\n<meta name=\"robots\" content=\"index, follow, max-snippet:-1, max-image-preview:large, max-video-preview:-1\" \/>\n<link rel=\"canonical\" href=\"https:\/\/www.lykketegning.no\/en\/product\/svensk-manadskalendern-fran-happiness-drawing-for-2026-swedish-edition\/\" \/>\n<meta property=\"og:locale\" content=\"en_GB\" \/>\n<meta property=\"og:type\" content=\"article\" \/>\n<meta property=\"og:title\" content=\"Svensk m\u00e5nadskalendern fr\u00e5n Lykketegning for 2026! Svensk edition - LYKKETEGNING ILLUSTRAT\u00d8R\" \/>\n<meta property=\"og:description\" content=\"Vacker m\u00e5nadskalender fr\u00e5n Lykketegning 2026 M\u00e5nadskalendern \u00e4r spiralbunden och har h\u00e5l f\u00f6r upph\u00e4ngning.En perfekt julklapp till anst\u00e4llda, familjen och dig sj\u00e4lv.\" \/>\n<meta property=\"og:url\" content=\"https:\/\/www.lykketegning.no\/en\/product\/svensk-manadskalendern-fran-happiness-drawing-for-2026-swedish-edition\/\" \/>\n<meta property=\"og:site_name\" content=\"LYKKETEGNING ILLUSTRAT\u00d8R\" \/>\n<meta property=\"article:publisher\" content=\"https:\/\/www.facebook.com\/lykketegning\/\" \/>\n<meta property=\"article:modified_time\" content=\"2025-12-21T20:48:56+00:00\" \/>\n<meta property=\"og:image\" content=\"https:\/\/www.lykketegning.no\/wp-content\/uploads\/2025\/10\/Untitled_Artwork-108-scaled.jpg\" \/>\n\t<meta property=\"og:image:width\" content=\"2560\" \/>\n\t<meta property=\"og:image:height\" content=\"1810\" \/>\n\t<meta property=\"og:image:type\" content=\"image\/jpeg\" \/>\n<meta name=\"twitter:card\" content=\"summary_large_image\" \/>\n<meta name=\"twitter:label1\" content=\"Estimated reading time\" \/>\n\t<meta name=\"twitter:data1\" content=\"3 minutes\" \/>\n<script type=\"application\/ld+json\" class=\"yoast-schema-graph\">{\"@context\":\"https:\\\/\\\/schema.org\",\"@graph\":[{\"@type\":\"WebPage\",\"@id\":\"https:\\\/\\\/www.lykketegning.no\\\/en\\\/product-2\\\/svensk-manadskalendern-fran-happiness-drawing-for-2026-swedish-edition\\\/\",\"url\":\"https:\\\/\\\/www.lykketegning.no\\\/en\\\/product-2\\\/svensk-manadskalendern-fran-happiness-drawing-for-2026-swedish-edition\\\/\",\"name\":\"Svensk m\u00e5nadskalendern fr\u00e5n Lykketegning for 2026! Svensk edition - LYKKETEGNING ILLUSTRAT\u00d8R\",\"isPartOf\":{\"@id\":\"https:\\\/\\\/www.lykketegning.no\\\/#website\"},\"primaryImageOfPage\":{\"@id\":\"https:\\\/\\\/www.lykketegning.no\\\/en\\\/product-2\\\/svensk-manadskalendern-fran-happiness-drawing-for-2026-swedish-edition\\\/#primaryimage\"},\"image\":{\"@id\":\"https:\\\/\\\/www.lykketegning.no\\\/en\\\/product-2\\\/svensk-manadskalendern-fran-happiness-drawing-for-2026-swedish-edition\\\/#primaryimage\"},\"thumbnailUrl\":\"https:\\\/\\\/www.lykketegning.no\\\/wp-content\\\/uploads\\\/2025\\\/10\\\/Untitled_Artwork-108-scaled.jpg\",\"datePublished\":\"2025-10-02T11:55:25+00:00\",\"dateModified\":\"2025-12-21T20:48:56+00:00\",\"description\":\"Vacker m\u00e5nadskalender fr\u00e5n Lykketegning 2026 M\u00e5nadskalendern \u00e4r spiralbunden och har h\u00e5l f\u00f6r upph\u00e4ngning.En perfekt julklapp till anst\u00e4llda, familjen och dig sj\u00e4lv.\",\"breadcrumb\":{\"@id\":\"https:\\\/\\\/www.lykketegning.no\\\/en\\\/product-2\\\/svensk-manadskalendern-fran-happiness-drawing-for-2026-swedish-edition\\\/#breadcrumb\"},\"inLanguage\":\"en-GB\",\"potentialAction\":[{\"@type\":\"ReadAction\",\"target\":[\"https:\\\/\\\/www.lykketegning.no\\\/en\\\/product-2\\\/svensk-manadskalendern-fran-happiness-drawing-for-2026-swedish-edition\\\/\"]}]},{\"@type\":\"ImageObject\",\"inLanguage\":\"en-GB\",\"@id\":\"https:\\\/\\\/www.lykketegning.no\\\/en\\\/product-2\\\/svensk-manadskalendern-fran-happiness-drawing-for-2026-swedish-edition\\\/#primaryimage\",\"url\":\"https:\\\/\\\/www.lykketegning.no\\\/wp-content\\\/uploads\\\/2025\\\/10\\\/Untitled_Artwork-108-scaled.jpg\",\"contentUrl\":\"https:\\\/\\\/www.lykketegning.no\\\/wp-content\\\/uploads\\\/2025\\\/10\\\/Untitled_Artwork-108-scaled.jpg\",\"width\":2560,\"height\":1810},{\"@type\":\"BreadcrumbList\",\"@id\":\"https:\\\/\\\/www.lykketegning.no\\\/en\\\/product-2\\\/svensk-manadskalendern-fran-happiness-drawing-for-2026-swedish-edition\\\/#breadcrumb\",\"itemListElement\":[{\"@type\":\"ListItem\",\"position\":1,\"name\":\"Hjem\",\"item\":\"https:\\\/\\\/www.lykketegning.no\\\/\"},{\"@type\":\"ListItem\",\"position\":2,\"name\":\"Shop\",\"item\":\"https:\\\/\\\/www.lykketegning.no\\\/sv\\\/webbutik\\\/\"},{\"@type\":\"ListItem\",\"position\":3,\"name\":\"Svensk m\u00e5nadskalendern fr\u00e5n Lykketegning for 2026! Svensk edition\"}]},{\"@type\":\"WebSite\",\"@id\":\"https:\\\/\\\/www.lykketegning.no\\\/#website\",\"url\":\"https:\\\/\\\/www.lykketegning.no\\\/\",\"name\":\"LYKKETEGNING ILLUSTRAT\u00d8R\",\"description\":\"\",\"publisher\":{\"@id\":\"https:\\\/\\\/www.lykketegning.no\\\/#organization\"},\"potentialAction\":[{\"@type\":\"SearchAction\",\"target\":{\"@type\":\"EntryPoint\",\"urlTemplate\":\"https:\\\/\\\/www.lykketegning.no\\\/?s={search_term_string}\"},\"query-input\":{\"@type\":\"PropertyValueSpecification\",\"valueRequired\":true,\"valueName\":\"search_term_string\"}}],\"inLanguage\":\"en-GB\"},{\"@type\":\"Organization\",\"@id\":\"https:\\\/\\\/www.lykketegning.no\\\/#organization\",\"name\":\"LYKKETEGNING ILLUSTRAT\u00d8R\",\"url\":\"https:\\\/\\\/www.lykketegning.no\\\/\",\"logo\":{\"@type\":\"ImageObject\",\"inLanguage\":\"en-GB\",\"@id\":\"https:\\\/\\\/www.lykketegning.no\\\/#\\\/schema\\\/logo\\\/image\\\/\",\"url\":\"https:\\\/\\\/www.lykketegning.no\\\/wp-content\\\/uploads\\\/2020\\\/03\\\/Logo2020_h400px.jpg\",\"contentUrl\":\"https:\\\/\\\/www.lykketegning.no\\\/wp-content\\\/uploads\\\/2020\\\/03\\\/Logo2020_h400px.jpg\",\"width\":1024,\"height\":400,\"caption\":\"LYKKETEGNING ILLUSTRAT\u00d8R\"},\"image\":{\"@id\":\"https:\\\/\\\/www.lykketegning.no\\\/#\\\/schema\\\/logo\\\/image\\\/\"},\"sameAs\":[\"https:\\\/\\\/www.facebook.com\\\/lykketegning\\\/\",\"https:\\\/\\\/www.instagram.com\\\/lykketegning\\\/\",\"https:\\\/\\\/www.youtube.com\\\/@lykketegningillustrations\",\"https:\\\/\\\/www.tiktok.com\\\/@lykketegningillustration\"]}]}<\/script>\n<!-- \/ Yoast SEO plugin. -->","yoast_head_json":{"title":"Swedish monthly calendar from Lykketegning for 2026! Swedish edition - LYKKETEGNING ILLUSTRAT\u00d8R","description":"Beautiful monthly calendar from Lykketegning 2026 The monthly calendar is spiral-bound and has holes for hanging.A perfect Christmas gift for employees, family and yourself.","robots":{"index":"index","follow":"follow","max-snippet":"max-snippet:-1","max-image-preview":"max-image-preview:large","max-video-preview":"max-video-preview:-1"},"canonical":"https:\/\/www.lykketegning.no\/en\/product\/svensk-manadskalendern-fran-happiness-drawing-for-2026-swedish-edition\/","og_locale":"en_GB","og_type":"article","og_title":"Svensk m\u00e5nadskalendern fr\u00e5n Lykketegning for 2026! Svensk edition - LYKKETEGNING ILLUSTRAT\u00d8R","og_description":"Vacker m\u00e5nadskalender fr\u00e5n Lykketegning 2026 M\u00e5nadskalendern \u00e4r spiralbunden och har h\u00e5l f\u00f6r upph\u00e4ngning.En perfekt julklapp till anst\u00e4llda, familjen och dig sj\u00e4lv.","og_url":"https:\/\/www.lykketegning.no\/en\/product\/svensk-manadskalendern-fran-happiness-drawing-for-2026-swedish-edition\/","og_site_name":"LYKKETEGNING ILLUSTRAT\u00d8R","article_publisher":"https:\/\/www.facebook.com\/lykketegning\/","article_modified_time":"2025-12-21T20:48:56+00:00","og_image":[{"width":2560,"height":1810,"url":"https:\/\/www.lykketegning.no\/wp-content\/uploads\/2025\/10\/Untitled_Artwork-108-scaled.jpg","type":"image\/jpeg"}],"twitter_card":"summary_large_image","twitter_misc":{"Estimated reading time":"3 minutes"},"schema":{"@context":"https:\/\/schema.org","@graph":[{"@type":"WebPage","@id":"https:\/\/www.lykketegning.no\/en\/product-2\/svensk-manadskalendern-fran-happiness-drawing-for-2026-swedish-edition\/","url":"https:\/\/www.lykketegning.no\/en\/product-2\/svensk-manadskalendern-fran-happiness-drawing-for-2026-swedish-edition\/","name":"Swedish monthly calendar from Lykketegning for 2026! Swedish edition - LYKKETEGNING ILLUSTRAT\u00d8R","isPartOf":{"@id":"https:\/\/www.lykketegning.no\/#website"},"primaryImageOfPage":{"@id":"https:\/\/www.lykketegning.no\/en\/product-2\/svensk-manadskalendern-fran-happiness-drawing-for-2026-swedish-edition\/#primaryimage"},"image":{"@id":"https:\/\/www.lykketegning.no\/en\/product-2\/svensk-manadskalendern-fran-happiness-drawing-for-2026-swedish-edition\/#primaryimage"},"thumbnailUrl":"https:\/\/www.lykketegning.no\/wp-content\/uploads\/2025\/10\/Untitled_Artwork-108-scaled.jpg","datePublished":"2025-10-02T11:55:25+00:00","dateModified":"2025-12-21T20:48:56+00:00","description":"Beautiful monthly calendar from Lykketegning 2026 The monthly calendar is spiral-bound and has holes for hanging.A perfect Christmas gift for employees, family and yourself.","breadcrumb":{"@id":"https:\/\/www.lykketegning.no\/en\/product-2\/svensk-manadskalendern-fran-happiness-drawing-for-2026-swedish-edition\/#breadcrumb"},"inLanguage":"en-GB","potentialAction":[{"@type":"ReadAction","target":["https:\/\/www.lykketegning.no\/en\/product-2\/svensk-manadskalendern-fran-happiness-drawing-for-2026-swedish-edition\/"]}]},{"@type":"ImageObject","inLanguage":"en-GB","@id":"https:\/\/www.lykketegning.no\/en\/product-2\/svensk-manadskalendern-fran-happiness-drawing-for-2026-swedish-edition\/#primaryimage","url":"https:\/\/www.lykketegning.no\/wp-content\/uploads\/2025\/10\/Untitled_Artwork-108-scaled.jpg","contentUrl":"https:\/\/www.lykketegning.no\/wp-content\/uploads\/2025\/10\/Untitled_Artwork-108-scaled.jpg","width":2560,"height":1810},{"@type":"BreadcrumbList","@id":"https:\/\/www.lykketegning.no\/en\/product-2\/svensk-manadskalendern-fran-happiness-drawing-for-2026-swedish-edition\/#breadcrumb","itemListElement":[{"@type":"ListItem","position":1,"name":"Hjem","item":"https:\/\/www.lykketegning.no\/"},{"@type":"ListItem","position":2,"name":"Shop","item":"https:\/\/www.lykketegning.no\/sv\/webbutik\/"},{"@type":"ListItem","position":3,"name":"Svensk m\u00e5nadskalendern fr\u00e5n Lykketegning for 2026! Svensk edition"}]},{"@type":"WebSite","@id":"https:\/\/www.lykketegning.no\/#website","url":"https:\/\/www.lykketegning.no\/","name":"LYKKETEGNING ILLUSTRATOR","description":"","publisher":{"@id":"https:\/\/www.lykketegning.no\/#organization"},"potentialAction":[{"@type":"SearchAction","target":{"@type":"EntryPoint","urlTemplate":"https:\/\/www.lykketegning.no\/?s={search_term_string}"},"query-input":{"@type":"PropertyValueSpecification","valueRequired":true,"valueName":"search_term_string"}}],"inLanguage":"en-GB"},{"@type":"Organization","@id":"https:\/\/www.lykketegning.no\/#organization","name":"LYKKETEGNING ILLUSTRATOR","url":"https:\/\/www.lykketegning.no\/","logo":{"@type":"ImageObject","inLanguage":"en-GB","@id":"https:\/\/www.lykketegning.no\/#\/schema\/logo\/image\/","url":"https:\/\/www.lykketegning.no\/wp-content\/uploads\/2020\/03\/Logo2020_h400px.jpg","contentUrl":"https:\/\/www.lykketegning.no\/wp-content\/uploads\/2020\/03\/Logo2020_h400px.jpg","width":1024,"height":400,"caption":"LYKKETEGNING ILLUSTRAT\u00d8R"},"image":{"@id":"https:\/\/www.lykketegning.no\/#\/schema\/logo\/image\/"},"sameAs":["https:\/\/www.facebook.com\/lykketegning\/","https:\/\/www.instagram.com\/lykketegning\/","https:\/\/www.youtube.com\/@lykketegningillustrations","https:\/\/www.tiktok.com\/@lykketegningillustration"]}]}},"_links":{"self":[{"href":"https:\/\/www.lykketegning.no\/en\/wp-json\/wp\/v2\/product\/40776","targetHints":{"allow":["GET"]}}],"collection":[{"href":"https:\/\/www.lykketegning.no\/en\/wp-json\/wp\/v2\/product"}],"about":[{"href":"https:\/\/www.lykketegning.no\/en\/wp-json\/wp\/v2\/types\/product"}],"replies":[{"embeddable":true,"href":"https:\/\/www.lykketegning.no\/en\/wp-json\/wp\/v2\/comments?post=40776"}],"wp:featuredmedia":[{"embeddable":true,"href":"https:\/\/www.lykketegning.no\/en\/wp-json\/wp\/v2\/media\/40777"}],"wp:attachment":[{"href":"https:\/\/www.lykketegning.no\/en\/wp-json\/wp\/v2\/media?parent=40776"}],"wp:term":[{"taxonomy":"product_brand","embeddable":true,"href":"https:\/\/www.lykketegning.no\/en\/wp-json\/wp\/v2\/product_brand?post=40776"},{"taxonomy":"product_cat","embeddable":true,"href":"https:\/\/www.lykketegning.no\/en\/wp-json\/wp\/v2\/product_cat?post=40776"},{"taxonomy":"product_tag","embeddable":true,"href":"https:\/\/www.lykketegning.no\/en\/wp-json\/wp\/v2\/product_tag?post=40776"}],"curies":[{"name":"wp","href":"https:\/\/api.w.org\/{rel}","templated":true}]}}