{"id":37995,"date":"2024-10-09T13:22:45","date_gmt":"2024-10-09T11:22:45","guid":{"rendered":"https:\/\/www.lykketegning.no\/?post_type=product&#038;p=37995"},"modified":"2026-01-02T13:18:19","modified_gmt":"2026-01-02T12:18:19","slug":"julegenser-fra-lykketegning-gronn","status":"publish","type":"product","link":"https:\/\/www.lykketegning.no\/en\/product\/christmas-jumper-from-happiness-drawing-gronn\/","title":{"rendered":"Christmas jumper from Lykketegning (green)"},"content":{"rendered":"<h3>Christmas jumper from Lykketegning<\/h3>\n<p>At Luck Drawing, Christmas is high on the agenda and that's why we're stocking up on Christmas jumpers this year! We love it. What do you reckon?<\/p>\n<p>You get it in both <a href=\"https:\/\/www.lykketegning.no\/en\/product\/christmas-jumper-from-happiness-drawing-mess\/\">red<\/a> and green colour. Unisex size.<\/p>\n<p>The size in the picture is Medium on the red jumper and Small on the green. The model (me) is 38\/40 size.<\/p>\n<p>2 weeks delivery time. The item cannot be exchanged as sweaters are ordered according to the desired size and design.<\/p>\n<p>65% polyester, 35% cotton<\/p>\n<p>280 g\/m2<\/p>\n<p>Do not tumble dry<\/p>\n<p><strong>\"At Lykketegning, every illustration is created with warmth and care.<\/strong><br \/>\n<strong>With strong colours, clear lines and good quotes, Happiness Drawing wants to make you stop for a moment, take a deep breath and then set a good course forward.<\/strong><br \/>\n<strong>\"The hearts and smiles are from me to you to remind you that you are really good!\"<\/strong><\/p>\n<p>&nbsp;<\/p>\n<p>On the website you will find some illustrations and other products such as cups, greeting cards and calendars.<\/p>\n<p>New products are constantly being added here, so feel free to sign up for the newsletter for monthly updates.<\/p>\n<p>For <strong>many many many many<\/strong> more illustrations; visit my Instagram and Facebook profile.<\/p>\n<p>In fact, all illustrations are for sale. 999kr for A4 and 1500kr for A3.<\/p>\n<p>You can also order your very own - great gifts to give to weddings and other parties. Get in touch inbox for this.<\/p>\n<p><em>Price: 1500kr for A4 and A5 (up to 5 people\/animal) additional cost for more (up to 5 people\/animal). A3 2000kr ex postage. I need to know hair colour\/hair type, height, interests and desired number of illustrated people. Any quotes you want included.<\/em><\/p>\n<p>If you have any questions, don't hesitate to get in touch! If you would like to have a chat about possible co-operation, please send me an email.<\/p>\n<p>Looking forward to hearing from you and hope you have a wonderful day. <a href=\"https:\/\/www.facebook.com\/lykketegning\/?locale=nb_NO\">This will take you to my Facebook page.<\/a> And if you want to follow me on<a href=\"https:\/\/www.instagram.com\/lykketegning\/?hl=nb\"> Instagram, you'll find it here.<\/a><\/p>\n<p>Artist<br \/>\nIngebj\u00f8rg Rang\u00f8y Sj\u00e5land<\/p>\n<p>&nbsp;<\/p>\n<p>&nbsp;<\/p>","protected":false},"excerpt":{"rendered":"<h3>Christmas jumper from Lykketegning<\/h3>\n<p>At Luck Drawing, Christmas is high on the agenda and that's why we're stocking up on Christmas jumpers this year! We love it. What do you reckon?<\/p>\n<p>Available in both red and green colours. Unisex size.<\/p>\n<p>The size in the picture is Medium on the red jumper and Small on the green. The model (me) is 38\/40 size.<\/p>\n<p>2 weeks delivery time. The item cannot be exchanged as sweaters are ordered according to the desired size and design.<\/p>\n<p>65% polyester, 35% cotton<\/p>\n<p>280 g\/m2<\/p>\n<p>Do not tumble dry.<\/p>\n<p>&nbsp;<\/p>","protected":false},"featured_media":37992,"comment_status":"open","ping_status":"closed","template":"","meta":[],"product_brand":[],"product_cat":[202],"product_tag":[205,376,158,374,375,206],"class_list":{"0":"post-37995","1":"product","2":"type-product","3":"status-publish","4":"has-post-thumbnail","6":"product_cat-klaer-med-trykk","7":"product_tag-genser","8":"product_tag-gronn-julegenser","9":"product_tag-jul","10":"product_tag-julegenser","11":"product_tag-rod-julegenser","12":"product_tag-sweater","14":"first","15":"instock","16":"taxable","17":"shipping-taxable","18":"purchasable","19":"product-type-variable"},"yoast_head":"<!-- This site is optimized with the Yoast SEO plugin v27.3 - https:\/\/yoast.com\/product\/yoast-seo-wordpress\/ -->\n<title>Julegenser fra Lykketegning (gr\u00f8nn) - LYKKETEGNING ILLUSTRAT\u00d8R<\/title>\n<meta name=\"description\" content=\"Julegenser fra Lykketegning. Hos Lykketegning s\u00e5 st\u00e5r jula h\u00f8yt og derfor klinker vi til med julegenser i \u00e5r! Du f\u00e5r den i b\u00e5de r\u00f8d og gr\u00f8nn farge. Unisex\" \/>\n<meta name=\"robots\" content=\"index, follow, max-snippet:-1, max-image-preview:large, max-video-preview:-1\" \/>\n<link rel=\"canonical\" href=\"https:\/\/www.lykketegning.no\/en\/product-2\/jersey-de-navidad-de-la-felicidad-dibujo-gronn\/\" \/>\n<meta property=\"og:locale\" content=\"en_GB\" \/>\n<meta property=\"og:type\" content=\"article\" \/>\n<meta property=\"og:title\" content=\"Julegenser fra Lykketegning (gr\u00f8nn) - LYKKETEGNING ILLUSTRAT\u00d8R\" \/>\n<meta property=\"og:description\" content=\"Julegenser fra Lykketegning. Hos Lykketegning s\u00e5 st\u00e5r jula h\u00f8yt og derfor klinker vi til med julegenser i \u00e5r! Du f\u00e5r den i b\u00e5de r\u00f8d og gr\u00f8nn farge. Unisex\" \/>\n<meta property=\"og:url\" content=\"https:\/\/www.lykketegning.no\/en\/product-2\/jersey-de-navidad-de-la-felicidad-dibujo-gronn\/\" \/>\n<meta property=\"og:site_name\" content=\"LYKKETEGNING ILLUSTRAT\u00d8R\" \/>\n<meta property=\"article:publisher\" content=\"https:\/\/www.facebook.com\/lykketegning\/\" \/>\n<meta property=\"article:modified_time\" content=\"2026-01-02T12:18:19+00:00\" \/>\n<meta property=\"og:image\" content=\"https:\/\/www.lykketegning.no\/wp-content\/uploads\/2024\/09\/julegenser-fra-lykketegning-gronn-scaled.jpg\" \/>\n\t<meta property=\"og:image:width\" content=\"2560\" \/>\n\t<meta property=\"og:image:height\" content=\"2560\" \/>\n\t<meta property=\"og:image:type\" content=\"image\/jpeg\" \/>\n<meta name=\"twitter:card\" content=\"summary_large_image\" \/>\n<meta name=\"twitter:label1\" content=\"Estimated reading time\" \/>\n\t<meta name=\"twitter:data1\" content=\"2 minutes\" \/>\n<script type=\"application\/ld+json\" class=\"yoast-schema-graph\">{\"@context\":\"https:\\\/\\\/schema.org\",\"@graph\":[{\"@type\":\"WebPage\",\"@id\":\"https:\\\/\\\/www.lykketegning.no\\\/es\\\/product-2\\\/jersey-de-navidad-de-la-felicidad-dibujo-gronn\\\/\",\"url\":\"https:\\\/\\\/www.lykketegning.no\\\/es\\\/product-2\\\/jersey-de-navidad-de-la-felicidad-dibujo-gronn\\\/\",\"name\":\"Julegenser fra Lykketegning (gr\u00f8nn) - LYKKETEGNING ILLUSTRAT\u00d8R\",\"isPartOf\":{\"@id\":\"https:\\\/\\\/www.lykketegning.no\\\/#website\"},\"primaryImageOfPage\":{\"@id\":\"https:\\\/\\\/www.lykketegning.no\\\/es\\\/product-2\\\/jersey-de-navidad-de-la-felicidad-dibujo-gronn\\\/#primaryimage\"},\"image\":{\"@id\":\"https:\\\/\\\/www.lykketegning.no\\\/es\\\/product-2\\\/jersey-de-navidad-de-la-felicidad-dibujo-gronn\\\/#primaryimage\"},\"thumbnailUrl\":\"https:\\\/\\\/www.lykketegning.no\\\/wp-content\\\/uploads\\\/2024\\\/09\\\/julegenser-fra-lykketegning-gronn-scaled.jpg\",\"datePublished\":\"2024-10-09T11:22:45+00:00\",\"dateModified\":\"2026-01-02T12:18:19+00:00\",\"description\":\"Julegenser fra Lykketegning. Hos Lykketegning s\u00e5 st\u00e5r jula h\u00f8yt og derfor klinker vi til med julegenser i \u00e5r! Du f\u00e5r den i b\u00e5de r\u00f8d og gr\u00f8nn farge. Unisex\",\"breadcrumb\":{\"@id\":\"https:\\\/\\\/www.lykketegning.no\\\/es\\\/product-2\\\/jersey-de-navidad-de-la-felicidad-dibujo-gronn\\\/#breadcrumb\"},\"inLanguage\":\"en-GB\",\"potentialAction\":[{\"@type\":\"ReadAction\",\"target\":[\"https:\\\/\\\/www.lykketegning.no\\\/es\\\/product-2\\\/jersey-de-navidad-de-la-felicidad-dibujo-gronn\\\/\"]}]},{\"@type\":\"ImageObject\",\"inLanguage\":\"en-GB\",\"@id\":\"https:\\\/\\\/www.lykketegning.no\\\/es\\\/product-2\\\/jersey-de-navidad-de-la-felicidad-dibujo-gronn\\\/#primaryimage\",\"url\":\"https:\\\/\\\/www.lykketegning.no\\\/wp-content\\\/uploads\\\/2024\\\/09\\\/julegenser-fra-lykketegning-gronn-scaled.jpg\",\"contentUrl\":\"https:\\\/\\\/www.lykketegning.no\\\/wp-content\\\/uploads\\\/2024\\\/09\\\/julegenser-fra-lykketegning-gronn-scaled.jpg\",\"width\":2560,\"height\":2560},{\"@type\":\"BreadcrumbList\",\"@id\":\"https:\\\/\\\/www.lykketegning.no\\\/es\\\/product-2\\\/jersey-de-navidad-de-la-felicidad-dibujo-gronn\\\/#breadcrumb\",\"itemListElement\":[{\"@type\":\"ListItem\",\"position\":1,\"name\":\"Hjem\",\"item\":\"https:\\\/\\\/www.lykketegning.no\\\/\"},{\"@type\":\"ListItem\",\"position\":2,\"name\":\"Shop\",\"item\":\"https:\\\/\\\/www.lykketegning.no\\\/sv\\\/webbutik\\\/\"},{\"@type\":\"ListItem\",\"position\":3,\"name\":\"Julegenser fra Lykketegning (gr\u00f8nn)\"}]},{\"@type\":\"WebSite\",\"@id\":\"https:\\\/\\\/www.lykketegning.no\\\/#website\",\"url\":\"https:\\\/\\\/www.lykketegning.no\\\/\",\"name\":\"LYKKETEGNING ILLUSTRAT\u00d8R\",\"description\":\"\",\"publisher\":{\"@id\":\"https:\\\/\\\/www.lykketegning.no\\\/#organization\"},\"potentialAction\":[{\"@type\":\"SearchAction\",\"target\":{\"@type\":\"EntryPoint\",\"urlTemplate\":\"https:\\\/\\\/www.lykketegning.no\\\/?s={search_term_string}\"},\"query-input\":{\"@type\":\"PropertyValueSpecification\",\"valueRequired\":true,\"valueName\":\"search_term_string\"}}],\"inLanguage\":\"en-GB\"},{\"@type\":\"Organization\",\"@id\":\"https:\\\/\\\/www.lykketegning.no\\\/#organization\",\"name\":\"LYKKETEGNING ILLUSTRAT\u00d8R\",\"url\":\"https:\\\/\\\/www.lykketegning.no\\\/\",\"logo\":{\"@type\":\"ImageObject\",\"inLanguage\":\"en-GB\",\"@id\":\"https:\\\/\\\/www.lykketegning.no\\\/#\\\/schema\\\/logo\\\/image\\\/\",\"url\":\"https:\\\/\\\/www.lykketegning.no\\\/wp-content\\\/uploads\\\/2020\\\/03\\\/Logo2020_h400px.jpg\",\"contentUrl\":\"https:\\\/\\\/www.lykketegning.no\\\/wp-content\\\/uploads\\\/2020\\\/03\\\/Logo2020_h400px.jpg\",\"width\":1024,\"height\":400,\"caption\":\"LYKKETEGNING ILLUSTRAT\u00d8R\"},\"image\":{\"@id\":\"https:\\\/\\\/www.lykketegning.no\\\/#\\\/schema\\\/logo\\\/image\\\/\"},\"sameAs\":[\"https:\\\/\\\/www.facebook.com\\\/lykketegning\\\/\",\"https:\\\/\\\/www.instagram.com\\\/lykketegning\\\/\",\"https:\\\/\\\/www.youtube.com\\\/@lykketegningillustrations\",\"https:\\\/\\\/www.tiktok.com\\\/@lykketegningillustration\"]}]}<\/script>\n<!-- \/ Yoast SEO plugin. -->","yoast_head_json":{"title":"Christmas jumper from Lykketegning (green) - LYKKETEGNING ILLUSTRAT\u00d8R","description":"Christmas jumper from Lykketegning. At Lykketegning, Christmas is a big deal and that's why we're adding a Christmas jumper this year! Available in both red and green colours. Unisex colour","robots":{"index":"index","follow":"follow","max-snippet":"max-snippet:-1","max-image-preview":"max-image-preview:large","max-video-preview":"max-video-preview:-1"},"canonical":"https:\/\/www.lykketegning.no\/en\/product-2\/jersey-de-navidad-de-la-felicidad-dibujo-gronn\/","og_locale":"en_GB","og_type":"article","og_title":"Julegenser fra Lykketegning (gr\u00f8nn) - LYKKETEGNING ILLUSTRAT\u00d8R","og_description":"Julegenser fra Lykketegning. Hos Lykketegning s\u00e5 st\u00e5r jula h\u00f8yt og derfor klinker vi til med julegenser i \u00e5r! Du f\u00e5r den i b\u00e5de r\u00f8d og gr\u00f8nn farge. Unisex","og_url":"https:\/\/www.lykketegning.no\/en\/product-2\/jersey-de-navidad-de-la-felicidad-dibujo-gronn\/","og_site_name":"LYKKETEGNING ILLUSTRAT\u00d8R","article_publisher":"https:\/\/www.facebook.com\/lykketegning\/","article_modified_time":"2026-01-02T12:18:19+00:00","og_image":[{"width":2560,"height":2560,"url":"https:\/\/www.lykketegning.no\/wp-content\/uploads\/2024\/09\/julegenser-fra-lykketegning-gronn-scaled.jpg","type":"image\/jpeg"}],"twitter_card":"summary_large_image","twitter_misc":{"Estimated reading time":"2 minutes"},"schema":{"@context":"https:\/\/schema.org","@graph":[{"@type":"WebPage","@id":"https:\/\/www.lykketegning.no\/es\/product-2\/jersey-de-navidad-de-la-felicidad-dibujo-gronn\/","url":"https:\/\/www.lykketegning.no\/es\/product-2\/jersey-de-navidad-de-la-felicidad-dibujo-gronn\/","name":"Christmas jumper from Lykketegning (green) - LYKKETEGNING ILLUSTRAT\u00d8R","isPartOf":{"@id":"https:\/\/www.lykketegning.no\/#website"},"primaryImageOfPage":{"@id":"https:\/\/www.lykketegning.no\/es\/product-2\/jersey-de-navidad-de-la-felicidad-dibujo-gronn\/#primaryimage"},"image":{"@id":"https:\/\/www.lykketegning.no\/es\/product-2\/jersey-de-navidad-de-la-felicidad-dibujo-gronn\/#primaryimage"},"thumbnailUrl":"https:\/\/www.lykketegning.no\/wp-content\/uploads\/2024\/09\/julegenser-fra-lykketegning-gronn-scaled.jpg","datePublished":"2024-10-09T11:22:45+00:00","dateModified":"2026-01-02T12:18:19+00:00","description":"Christmas jumper from Lykketegning. At Lykketegning, Christmas is a big deal and that's why we're adding a Christmas jumper this year! Available in both red and green colours. Unisex colour","breadcrumb":{"@id":"https:\/\/www.lykketegning.no\/es\/product-2\/jersey-de-navidad-de-la-felicidad-dibujo-gronn\/#breadcrumb"},"inLanguage":"en-GB","potentialAction":[{"@type":"ReadAction","target":["https:\/\/www.lykketegning.no\/es\/product-2\/jersey-de-navidad-de-la-felicidad-dibujo-gronn\/"]}]},{"@type":"ImageObject","inLanguage":"en-GB","@id":"https:\/\/www.lykketegning.no\/es\/product-2\/jersey-de-navidad-de-la-felicidad-dibujo-gronn\/#primaryimage","url":"https:\/\/www.lykketegning.no\/wp-content\/uploads\/2024\/09\/julegenser-fra-lykketegning-gronn-scaled.jpg","contentUrl":"https:\/\/www.lykketegning.no\/wp-content\/uploads\/2024\/09\/julegenser-fra-lykketegning-gronn-scaled.jpg","width":2560,"height":2560},{"@type":"BreadcrumbList","@id":"https:\/\/www.lykketegning.no\/es\/product-2\/jersey-de-navidad-de-la-felicidad-dibujo-gronn\/#breadcrumb","itemListElement":[{"@type":"ListItem","position":1,"name":"Hjem","item":"https:\/\/www.lykketegning.no\/"},{"@type":"ListItem","position":2,"name":"Shop","item":"https:\/\/www.lykketegning.no\/sv\/webbutik\/"},{"@type":"ListItem","position":3,"name":"Julegenser fra Lykketegning (gr\u00f8nn)"}]},{"@type":"WebSite","@id":"https:\/\/www.lykketegning.no\/#website","url":"https:\/\/www.lykketegning.no\/","name":"LYKKETEGNING ILLUSTRATOR","description":"","publisher":{"@id":"https:\/\/www.lykketegning.no\/#organization"},"potentialAction":[{"@type":"SearchAction","target":{"@type":"EntryPoint","urlTemplate":"https:\/\/www.lykketegning.no\/?s={search_term_string}"},"query-input":{"@type":"PropertyValueSpecification","valueRequired":true,"valueName":"search_term_string"}}],"inLanguage":"en-GB"},{"@type":"Organization","@id":"https:\/\/www.lykketegning.no\/#organization","name":"LYKKETEGNING ILLUSTRATOR","url":"https:\/\/www.lykketegning.no\/","logo":{"@type":"ImageObject","inLanguage":"en-GB","@id":"https:\/\/www.lykketegning.no\/#\/schema\/logo\/image\/","url":"https:\/\/www.lykketegning.no\/wp-content\/uploads\/2020\/03\/Logo2020_h400px.jpg","contentUrl":"https:\/\/www.lykketegning.no\/wp-content\/uploads\/2020\/03\/Logo2020_h400px.jpg","width":1024,"height":400,"caption":"LYKKETEGNING ILLUSTRAT\u00d8R"},"image":{"@id":"https:\/\/www.lykketegning.no\/#\/schema\/logo\/image\/"},"sameAs":["https:\/\/www.facebook.com\/lykketegning\/","https:\/\/www.instagram.com\/lykketegning\/","https:\/\/www.youtube.com\/@lykketegningillustrations","https:\/\/www.tiktok.com\/@lykketegningillustration"]}]}},"_links":{"self":[{"href":"https:\/\/www.lykketegning.no\/en\/wp-json\/wp\/v2\/product\/37995","targetHints":{"allow":["GET"]}}],"collection":[{"href":"https:\/\/www.lykketegning.no\/en\/wp-json\/wp\/v2\/product"}],"about":[{"href":"https:\/\/www.lykketegning.no\/en\/wp-json\/wp\/v2\/types\/product"}],"replies":[{"embeddable":true,"href":"https:\/\/www.lykketegning.no\/en\/wp-json\/wp\/v2\/comments?post=37995"}],"wp:featuredmedia":[{"embeddable":true,"href":"https:\/\/www.lykketegning.no\/en\/wp-json\/wp\/v2\/media\/37992"}],"wp:attachment":[{"href":"https:\/\/www.lykketegning.no\/en\/wp-json\/wp\/v2\/media?parent=37995"}],"wp:term":[{"taxonomy":"product_brand","embeddable":true,"href":"https:\/\/www.lykketegning.no\/en\/wp-json\/wp\/v2\/product_brand?post=37995"},{"taxonomy":"product_cat","embeddable":true,"href":"https:\/\/www.lykketegning.no\/en\/wp-json\/wp\/v2\/product_cat?post=37995"},{"taxonomy":"product_tag","embeddable":true,"href":"https:\/\/www.lykketegning.no\/en\/wp-json\/wp\/v2\/product_tag?post=37995"}],"curies":[{"name":"wp","href":"https:\/\/api.w.org\/{rel}","templated":true}]}}