{"id":37351,"date":"2022-12-05T08:11:59","date_gmt":"2022-12-05T07:11:59","guid":{"rendered":"https:\/\/www.lykketegning.no\/fornyelse\/?post_type=product&#038;p=37351"},"modified":"2025-12-12T09:40:39","modified_gmt":"2025-12-12T08:40:39","slug":"nyhet-serveringsfat-fra-lykketegning-jul","status":"publish","type":"product","link":"https:\/\/www.lykketegning.no\/en\/product\/novelty-serving-platter-from-lykketegning-jul\/","title":{"rendered":"NEW! Serving dishes from Lykketegning (JUL)"},"content":{"rendered":"<p>New! Only 30 pieces in the first round! Serving dish from Lykketegning with Christmas motif.<\/p>\n<p>Christmas platter 27x 20 Made on birch veneer.<\/p>\n<p>A sweet gift for yourself and a perfect match for the Happiness Cups from Happiness Drawing.<\/p>\n<p>&nbsp;<\/p>\n<p>&nbsp;<\/p>\n<p><strong>\"At Lykketegning, every illustration is created with warmth and care.<\/strong><br \/>\n<strong>With strong colours, clear lines and good quotes, Happiness Drawing wants to make you stop for a moment, take a deep breath and then set a good course forward.<\/strong><br \/>\n<strong>\"The hearts and smiles are from me to you to remind you that you are really good!\"<\/strong><\/p>\n<p>&nbsp;<\/p>\n<p>On the website you will find some illustrations and other products such as cups, greeting cards and calendars.<\/p>\n<p>New products are constantly being added here, so feel free to sign up for the newsletter for monthly updates.<\/p>\n<p>For <strong>many many many many<\/strong> more illustrations; visit my Instagram and Facebook profile.<\/p>\n<p>In fact, all illustrations are for sale. 999kr for A4 and 1500kr for A3.<\/p>\n<p>You can also order your very own - great gifts to give to weddings and other parties. Get in touch inbox for this.<\/p>\n<p><em>Price: 1500kr for A4 and A5 (up to 5 people\/animal) additional cost for more (up to 5 people\/animal). A3 2000kr ex postage. I need to know hair colour\/hair type, height, interests and desired number of illustrated people. Any quotes you want included.<\/em><\/p>\n<p>If you have any questions, don't hesitate to get in touch! If you would like to have a chat about possible co-operation, please send me an email.<\/p>\n<p>Looking forward to hearing from you and hope you have a wonderful day. <a href=\"https:\/\/www.facebook.com\/lykketegning\/?locale=nb_NO\">This will take you to my Facebook page.<\/a> And if you want to follow me on<a href=\"https:\/\/www.instagram.com\/lykketegning\/?hl=nb\"> Instagram, you'll find it here.<\/a><\/p>\n<p>Artist<br \/>\nIngebj\u00f8rg Rang\u00f8y Sj\u00e5land<\/p>\n<p>&nbsp;<\/p>","protected":false},"excerpt":{"rendered":"<p>New! Only 30 pieces in the first round! Serving dish from Lykketegning with Christmas motif.<\/p>\n<p>Christmas platter 27x 20 Made on birch veneer.<\/p>\n<p>A sweet gift for yourself and a perfect match for the Happiness Cups from Happiness Drawing.<\/p>\n<p>&nbsp;<\/p>\n<p>&nbsp;<\/p>","protected":false},"featured_media":37352,"comment_status":"open","ping_status":"closed","template":"","meta":[],"product_brand":[],"product_cat":[41,169],"product_tag":[189,344,250,343],"class_list":{"0":"post-37351","1":"product","2":"type-product","3":"status-publish","4":"has-post-thumbnail","6":"product_cat-lykkekopper","7":"product_cat-trykk","8":"product_tag-fat","9":"product_tag-julefat","10":"product_tag-lykketegning","11":"product_tag-serveringsfat","13":"first","14":"instock","15":"taxable","16":"shipping-taxable","17":"purchasable","18":"product-type-simple"},"yoast_head":"<!-- This site is optimized with the Yoast SEO plugin v27.3 - https:\/\/yoast.com\/product\/yoast-seo-wordpress\/ -->\n<title>NYHET! Serveringsfat fra Lykketegning (JUL) - LYKKETEGNING ILLUSTRAT\u00d8R<\/title>\n<meta name=\"description\" content=\"Nyhet! Kun 30 stk i f\u00f8rste omgang! Serveringsfat fra Lykketegning med julemotiv.Julefat 27x 20 Laget p\u00e5 bj\u00f8rkfiner.En s\u00f8t gave til deg selv og passer perfekt til Lykkekoppene fra Lykketegning.\" \/>\n<meta name=\"robots\" content=\"index, follow, max-snippet:-1, max-image-preview:large, max-video-preview:-1\" \/>\n<link rel=\"canonical\" href=\"https:\/\/www.lykketegning.no\/en\/product-2\/novedosa-fuente-de-lykketegning-jul\/\" \/>\n<meta property=\"og:locale\" content=\"en_GB\" \/>\n<meta property=\"og:type\" content=\"article\" \/>\n<meta property=\"og:title\" content=\"NYHET! Serveringsfat fra Lykketegning (JUL) - LYKKETEGNING ILLUSTRAT\u00d8R\" \/>\n<meta property=\"og:description\" content=\"Nyhet! Kun 30 stk i f\u00f8rste omgang! Serveringsfat fra Lykketegning med julemotiv.Julefat 27x 20 Laget p\u00e5 bj\u00f8rkfiner.En s\u00f8t gave til deg selv og passer perfekt til Lykkekoppene fra Lykketegning.\" \/>\n<meta property=\"og:url\" content=\"https:\/\/www.lykketegning.no\/en\/product-2\/novedosa-fuente-de-lykketegning-jul\/\" \/>\n<meta property=\"og:site_name\" content=\"LYKKETEGNING ILLUSTRAT\u00d8R\" \/>\n<meta property=\"article:publisher\" content=\"https:\/\/www.facebook.com\/lykketegning\/\" \/>\n<meta property=\"article:modified_time\" content=\"2025-12-12T08:40:39+00:00\" \/>\n<meta property=\"og:image\" content=\"https:\/\/www.lykketegning.no\/wp-content\/uploads\/2024\/04\/IMG_0409-scaled-1.jpeg\" \/>\n\t<meta property=\"og:image:width\" content=\"2560\" \/>\n\t<meta property=\"og:image:height\" content=\"2388\" \/>\n\t<meta property=\"og:image:type\" content=\"image\/jpeg\" \/>\n<meta name=\"twitter:card\" content=\"summary_large_image\" \/>\n<meta name=\"twitter:label1\" content=\"Estimated reading time\" \/>\n\t<meta name=\"twitter:data1\" content=\"2 minutes\" \/>\n<script type=\"application\/ld+json\" class=\"yoast-schema-graph\">{\"@context\":\"https:\\\/\\\/schema.org\",\"@graph\":[{\"@type\":\"WebPage\",\"@id\":\"https:\\\/\\\/www.lykketegning.no\\\/es\\\/product-2\\\/novedosa-fuente-de-lykketegning-jul\\\/\",\"url\":\"https:\\\/\\\/www.lykketegning.no\\\/es\\\/product-2\\\/novedosa-fuente-de-lykketegning-jul\\\/\",\"name\":\"NYHET! Serveringsfat fra Lykketegning (JUL) - LYKKETEGNING ILLUSTRAT\u00d8R\",\"isPartOf\":{\"@id\":\"https:\\\/\\\/www.lykketegning.no\\\/#website\"},\"primaryImageOfPage\":{\"@id\":\"https:\\\/\\\/www.lykketegning.no\\\/es\\\/product-2\\\/novedosa-fuente-de-lykketegning-jul\\\/#primaryimage\"},\"image\":{\"@id\":\"https:\\\/\\\/www.lykketegning.no\\\/es\\\/product-2\\\/novedosa-fuente-de-lykketegning-jul\\\/#primaryimage\"},\"thumbnailUrl\":\"https:\\\/\\\/www.lykketegning.no\\\/wp-content\\\/uploads\\\/2024\\\/04\\\/IMG_0409-scaled-1.jpeg\",\"datePublished\":\"2022-12-05T07:11:59+00:00\",\"dateModified\":\"2025-12-12T08:40:39+00:00\",\"description\":\"Nyhet! Kun 30 stk i f\u00f8rste omgang! Serveringsfat fra Lykketegning med julemotiv.Julefat 27x 20 Laget p\u00e5 bj\u00f8rkfiner.En s\u00f8t gave til deg selv og passer perfekt til Lykkekoppene fra Lykketegning.\",\"breadcrumb\":{\"@id\":\"https:\\\/\\\/www.lykketegning.no\\\/es\\\/product-2\\\/novedosa-fuente-de-lykketegning-jul\\\/#breadcrumb\"},\"inLanguage\":\"en-GB\",\"potentialAction\":[{\"@type\":\"ReadAction\",\"target\":[\"https:\\\/\\\/www.lykketegning.no\\\/es\\\/product-2\\\/novedosa-fuente-de-lykketegning-jul\\\/\"]}]},{\"@type\":\"ImageObject\",\"inLanguage\":\"en-GB\",\"@id\":\"https:\\\/\\\/www.lykketegning.no\\\/es\\\/product-2\\\/novedosa-fuente-de-lykketegning-jul\\\/#primaryimage\",\"url\":\"https:\\\/\\\/www.lykketegning.no\\\/wp-content\\\/uploads\\\/2024\\\/04\\\/IMG_0409-scaled-1.jpeg\",\"contentUrl\":\"https:\\\/\\\/www.lykketegning.no\\\/wp-content\\\/uploads\\\/2024\\\/04\\\/IMG_0409-scaled-1.jpeg\",\"width\":2560,\"height\":2388},{\"@type\":\"BreadcrumbList\",\"@id\":\"https:\\\/\\\/www.lykketegning.no\\\/es\\\/product-2\\\/novedosa-fuente-de-lykketegning-jul\\\/#breadcrumb\",\"itemListElement\":[{\"@type\":\"ListItem\",\"position\":1,\"name\":\"Hjem\",\"item\":\"https:\\\/\\\/www.lykketegning.no\\\/\"},{\"@type\":\"ListItem\",\"position\":2,\"name\":\"Shop\",\"item\":\"https:\\\/\\\/www.lykketegning.no\\\/sv\\\/webbutik\\\/\"},{\"@type\":\"ListItem\",\"position\":3,\"name\":\"NYHET! Serveringsfat fra Lykketegning (JUL)\"}]},{\"@type\":\"WebSite\",\"@id\":\"https:\\\/\\\/www.lykketegning.no\\\/#website\",\"url\":\"https:\\\/\\\/www.lykketegning.no\\\/\",\"name\":\"LYKKETEGNING ILLUSTRAT\u00d8R\",\"description\":\"\",\"publisher\":{\"@id\":\"https:\\\/\\\/www.lykketegning.no\\\/#organization\"},\"potentialAction\":[{\"@type\":\"SearchAction\",\"target\":{\"@type\":\"EntryPoint\",\"urlTemplate\":\"https:\\\/\\\/www.lykketegning.no\\\/?s={search_term_string}\"},\"query-input\":{\"@type\":\"PropertyValueSpecification\",\"valueRequired\":true,\"valueName\":\"search_term_string\"}}],\"inLanguage\":\"en-GB\"},{\"@type\":\"Organization\",\"@id\":\"https:\\\/\\\/www.lykketegning.no\\\/#organization\",\"name\":\"LYKKETEGNING ILLUSTRAT\u00d8R\",\"url\":\"https:\\\/\\\/www.lykketegning.no\\\/\",\"logo\":{\"@type\":\"ImageObject\",\"inLanguage\":\"en-GB\",\"@id\":\"https:\\\/\\\/www.lykketegning.no\\\/#\\\/schema\\\/logo\\\/image\\\/\",\"url\":\"https:\\\/\\\/www.lykketegning.no\\\/wp-content\\\/uploads\\\/2020\\\/03\\\/Logo2020_h400px.jpg\",\"contentUrl\":\"https:\\\/\\\/www.lykketegning.no\\\/wp-content\\\/uploads\\\/2020\\\/03\\\/Logo2020_h400px.jpg\",\"width\":1024,\"height\":400,\"caption\":\"LYKKETEGNING ILLUSTRAT\u00d8R\"},\"image\":{\"@id\":\"https:\\\/\\\/www.lykketegning.no\\\/#\\\/schema\\\/logo\\\/image\\\/\"},\"sameAs\":[\"https:\\\/\\\/www.facebook.com\\\/lykketegning\\\/\",\"https:\\\/\\\/www.instagram.com\\\/lykketegning\\\/\",\"https:\\\/\\\/www.youtube.com\\\/@lykketegningillustrations\",\"https:\\\/\\\/www.tiktok.com\\\/@lykketegningillustration\"]}]}<\/script>\n<!-- \/ Yoast SEO plugin. -->","yoast_head_json":{"title":"NEW! Serving platter from Lykketegning (CHRISTMAS) - LYKKETEGNING ILLUSTRAT\u00d8R","description":"New! Only 30 pieces in the first round! Serving platter from Lykketegning with Christmas motif.Christmas platter 27x 20 Made of birch veneer.A sweet gift for yourself and fits perfectly with the Lykke cups from Lykketegning.","robots":{"index":"index","follow":"follow","max-snippet":"max-snippet:-1","max-image-preview":"max-image-preview:large","max-video-preview":"max-video-preview:-1"},"canonical":"https:\/\/www.lykketegning.no\/en\/product-2\/novedosa-fuente-de-lykketegning-jul\/","og_locale":"en_GB","og_type":"article","og_title":"NYHET! Serveringsfat fra Lykketegning (JUL) - LYKKETEGNING ILLUSTRAT\u00d8R","og_description":"Nyhet! Kun 30 stk i f\u00f8rste omgang! Serveringsfat fra Lykketegning med julemotiv.Julefat 27x 20 Laget p\u00e5 bj\u00f8rkfiner.En s\u00f8t gave til deg selv og passer perfekt til Lykkekoppene fra Lykketegning.","og_url":"https:\/\/www.lykketegning.no\/en\/product-2\/novedosa-fuente-de-lykketegning-jul\/","og_site_name":"LYKKETEGNING ILLUSTRAT\u00d8R","article_publisher":"https:\/\/www.facebook.com\/lykketegning\/","article_modified_time":"2025-12-12T08:40:39+00:00","og_image":[{"width":2560,"height":2388,"url":"https:\/\/www.lykketegning.no\/wp-content\/uploads\/2024\/04\/IMG_0409-scaled-1.jpeg","type":"image\/jpeg"}],"twitter_card":"summary_large_image","twitter_misc":{"Estimated reading time":"2 minutes"},"schema":{"@context":"https:\/\/schema.org","@graph":[{"@type":"WebPage","@id":"https:\/\/www.lykketegning.no\/es\/product-2\/novedosa-fuente-de-lykketegning-jul\/","url":"https:\/\/www.lykketegning.no\/es\/product-2\/novedosa-fuente-de-lykketegning-jul\/","name":"NEW! Serving platter from Lykketegning (CHRISTMAS) - LYKKETEGNING ILLUSTRAT\u00d8R","isPartOf":{"@id":"https:\/\/www.lykketegning.no\/#website"},"primaryImageOfPage":{"@id":"https:\/\/www.lykketegning.no\/es\/product-2\/novedosa-fuente-de-lykketegning-jul\/#primaryimage"},"image":{"@id":"https:\/\/www.lykketegning.no\/es\/product-2\/novedosa-fuente-de-lykketegning-jul\/#primaryimage"},"thumbnailUrl":"https:\/\/www.lykketegning.no\/wp-content\/uploads\/2024\/04\/IMG_0409-scaled-1.jpeg","datePublished":"2022-12-05T07:11:59+00:00","dateModified":"2025-12-12T08:40:39+00:00","description":"New! Only 30 pieces in the first round! Serving platter from Lykketegning with Christmas motif.Christmas platter 27x 20 Made of birch veneer.A sweet gift for yourself and fits perfectly with the Lykke cups from Lykketegning.","breadcrumb":{"@id":"https:\/\/www.lykketegning.no\/es\/product-2\/novedosa-fuente-de-lykketegning-jul\/#breadcrumb"},"inLanguage":"en-GB","potentialAction":[{"@type":"ReadAction","target":["https:\/\/www.lykketegning.no\/es\/product-2\/novedosa-fuente-de-lykketegning-jul\/"]}]},{"@type":"ImageObject","inLanguage":"en-GB","@id":"https:\/\/www.lykketegning.no\/es\/product-2\/novedosa-fuente-de-lykketegning-jul\/#primaryimage","url":"https:\/\/www.lykketegning.no\/wp-content\/uploads\/2024\/04\/IMG_0409-scaled-1.jpeg","contentUrl":"https:\/\/www.lykketegning.no\/wp-content\/uploads\/2024\/04\/IMG_0409-scaled-1.jpeg","width":2560,"height":2388},{"@type":"BreadcrumbList","@id":"https:\/\/www.lykketegning.no\/es\/product-2\/novedosa-fuente-de-lykketegning-jul\/#breadcrumb","itemListElement":[{"@type":"ListItem","position":1,"name":"Hjem","item":"https:\/\/www.lykketegning.no\/"},{"@type":"ListItem","position":2,"name":"Shop","item":"https:\/\/www.lykketegning.no\/sv\/webbutik\/"},{"@type":"ListItem","position":3,"name":"NYHET! Serveringsfat fra Lykketegning (JUL)"}]},{"@type":"WebSite","@id":"https:\/\/www.lykketegning.no\/#website","url":"https:\/\/www.lykketegning.no\/","name":"LYKKETEGNING ILLUSTRATOR","description":"","publisher":{"@id":"https:\/\/www.lykketegning.no\/#organization"},"potentialAction":[{"@type":"SearchAction","target":{"@type":"EntryPoint","urlTemplate":"https:\/\/www.lykketegning.no\/?s={search_term_string}"},"query-input":{"@type":"PropertyValueSpecification","valueRequired":true,"valueName":"search_term_string"}}],"inLanguage":"en-GB"},{"@type":"Organization","@id":"https:\/\/www.lykketegning.no\/#organization","name":"LYKKETEGNING ILLUSTRATOR","url":"https:\/\/www.lykketegning.no\/","logo":{"@type":"ImageObject","inLanguage":"en-GB","@id":"https:\/\/www.lykketegning.no\/#\/schema\/logo\/image\/","url":"https:\/\/www.lykketegning.no\/wp-content\/uploads\/2020\/03\/Logo2020_h400px.jpg","contentUrl":"https:\/\/www.lykketegning.no\/wp-content\/uploads\/2020\/03\/Logo2020_h400px.jpg","width":1024,"height":400,"caption":"LYKKETEGNING ILLUSTRAT\u00d8R"},"image":{"@id":"https:\/\/www.lykketegning.no\/#\/schema\/logo\/image\/"},"sameAs":["https:\/\/www.facebook.com\/lykketegning\/","https:\/\/www.instagram.com\/lykketegning\/","https:\/\/www.youtube.com\/@lykketegningillustrations","https:\/\/www.tiktok.com\/@lykketegningillustration"]}]}},"_links":{"self":[{"href":"https:\/\/www.lykketegning.no\/en\/wp-json\/wp\/v2\/product\/37351","targetHints":{"allow":["GET"]}}],"collection":[{"href":"https:\/\/www.lykketegning.no\/en\/wp-json\/wp\/v2\/product"}],"about":[{"href":"https:\/\/www.lykketegning.no\/en\/wp-json\/wp\/v2\/types\/product"}],"replies":[{"embeddable":true,"href":"https:\/\/www.lykketegning.no\/en\/wp-json\/wp\/v2\/comments?post=37351"}],"wp:featuredmedia":[{"embeddable":true,"href":"https:\/\/www.lykketegning.no\/en\/wp-json\/wp\/v2\/media\/37352"}],"wp:attachment":[{"href":"https:\/\/www.lykketegning.no\/en\/wp-json\/wp\/v2\/media?parent=37351"}],"wp:term":[{"taxonomy":"product_brand","embeddable":true,"href":"https:\/\/www.lykketegning.no\/en\/wp-json\/wp\/v2\/product_brand?post=37351"},{"taxonomy":"product_cat","embeddable":true,"href":"https:\/\/www.lykketegning.no\/en\/wp-json\/wp\/v2\/product_cat?post=37351"},{"taxonomy":"product_tag","embeddable":true,"href":"https:\/\/www.lykketegning.no\/en\/wp-json\/wp\/v2\/product_tag?post=37351"}],"curies":[{"name":"wp","href":"https:\/\/api.w.org\/{rel}","templated":true}]}}