{"id":37338,"date":"2022-09-28T19:05:46","date_gmt":"2022-09-28T17:05:46","guid":{"rendered":"https:\/\/www.lykketegning.no\/fornyelse\/?post_type=product&#038;p=37338"},"modified":"2026-01-11T23:20:46","modified_gmt":"2026-01-11T22:20:46","slug":"nyhet-lykketegningkrus-bestefar","status":"publish","type":"product","link":"https:\/\/www.lykketegning.no\/en\/product\/novelty-lucky-drawing-mug-grandpa\/","title":{"rendered":"Lucky drawing mug \"Grandpa\" Brown"},"content":{"rendered":"<p style=\"text-align: left;\">Dear grandad!<br \/>\nGrandpa, grandpa, faffa, bibbi, bobbo, moffa....You are important!<br \/>\nYour job must be to share your love and care so that these little ones have the strength and confidence to face the world. Congratulations on your new job title!<\/p>\n<p style=\"text-align: left;\">The new \"Grandad\" mug is delicious to drink from. Order now and get your own Happy Mug! Great gift for Father's Day, birthday and Christmas!<\/p>\n<p>Mug Light brown D8 H9,5 400ml Material: Porcelain<\/p>\n<p>Dishwasher safe<\/p>","protected":false},"excerpt":{"rendered":"<p>Dear grandad!<br \/>\nGrandpa, grandpa, faffa, bibbi, bobbo, moffa....You are important!<br \/>\nYour job must be to share your love and care so that these little ones have the strength and confidence to face the world. Congratulations on your new job title!<\/p>\n<p>The new \"Grandad\" mug is delicious to drink from. Order now and get your own Happy Mug! Great gift for Father's Day, birthday and Christmas!<\/p>\n<p>Mug Light brown D8 H9,5 400ml Material: Porcelain<\/p>\n<p>Dishwasher safe<\/p>","protected":false},"featured_media":39730,"comment_status":"open","ping_status":"closed","template":"","meta":[],"product_brand":[],"product_cat":[41],"product_tag":[295,334,207,12,13,43,335,270],"class_list":{"0":"post-37338","1":"product","2":"type-product","3":"status-publish","4":"has-post-thumbnail","6":"product_cat-lykkekopper","7":"product_tag-bestefar","8":"product_tag-farfar","9":"product_tag-gutt","10":"product_tag-kopp","11":"product_tag-krus","12":"product_tag-lykkekopp","13":"product_tag-morfar","14":"product_tag-pappa","16":"first","17":"instock","18":"taxable","19":"shipping-taxable","20":"purchasable","21":"product-type-simple"},"yoast_head":"<!-- This site is optimized with the Yoast SEO plugin v27.4 - https:\/\/yoast.com\/product\/yoast-seo-wordpress\/ -->\n<title>Lykketegningkrus &quot;Bestefar&quot; Brun - LYKKETEGNING ILLUSTRAT\u00d8R<\/title>\n<meta name=\"robots\" content=\"index, follow, max-snippet:-1, max-image-preview:large, max-video-preview:-1\" \/>\n<link rel=\"canonical\" href=\"https:\/\/www.lykketegning.no\/en\/product\/novelty-lucky-drawing-mug-grandpa\/\" \/>\n<meta property=\"og:locale\" content=\"en_GB\" \/>\n<meta property=\"og:type\" content=\"article\" \/>\n<meta property=\"og:title\" content=\"Lykketegningkrus &quot;Bestefar&quot; Brun - LYKKETEGNING ILLUSTRAT\u00d8R\" \/>\n<meta property=\"og:description\" content=\"Kj\u00e6re bestefar! Farfar, morfar, faffa, bibbi, bobbo, moffa....Du er viktig! Din jobb m\u00e5 v\u00e6re \u00e5 dele av din kj\u00e6rlighet og omsorg s\u00e5 disse sm\u00e5 har en styrke og trygghet i seg til \u00e5 m\u00f8te verden. Gratulerer med din nye arbeidstittel!  Det nye kruset &quot;Bestefar&quot; er nydelig \u00e5 drikke av. Bestill n\u00e5 og f\u00e5 ditt eget Lykkekrus! Flott gave \u00a0til farsdag, bursdag og jul!  Krus Lys brun D8 H9,5 400ml Materiale: Porselen  Kan vaskes i oppvaskmaskin\" \/>\n<meta property=\"og:url\" content=\"https:\/\/www.lykketegning.no\/en\/product\/novelty-lucky-drawing-mug-grandpa\/\" \/>\n<meta property=\"og:site_name\" content=\"LYKKETEGNING ILLUSTRAT\u00d8R\" \/>\n<meta property=\"article:publisher\" content=\"https:\/\/www.facebook.com\/lykketegning\/\" \/>\n<meta property=\"article:modified_time\" content=\"2026-01-11T22:20:46+00:00\" \/>\n<meta name=\"twitter:card\" content=\"summary_large_image\" \/>\n<meta name=\"twitter:label1\" content=\"Estimated reading time\" \/>\n\t<meta name=\"twitter:data1\" content=\"1 minute\" \/>\n<script type=\"application\/ld+json\" class=\"yoast-schema-graph\">{\"@context\":\"https:\\\/\\\/schema.org\",\"@graph\":[{\"@type\":\"WebPage\",\"@id\":\"https:\\\/\\\/www.lykketegning.no\\\/en\\\/product-2\\\/novelty-lucky-drawing-mug-grandpa\\\/\",\"url\":\"https:\\\/\\\/www.lykketegning.no\\\/en\\\/product-2\\\/novelty-lucky-drawing-mug-grandpa\\\/\",\"name\":\"Lykketegningkrus \\\"Bestefar\\\" Brun - LYKKETEGNING ILLUSTRAT\u00d8R\",\"isPartOf\":{\"@id\":\"https:\\\/\\\/www.lykketegning.no\\\/#website\"},\"primaryImageOfPage\":{\"@id\":\"https:\\\/\\\/www.lykketegning.no\\\/en\\\/product-2\\\/novelty-lucky-drawing-mug-grandpa\\\/#primaryimage\"},\"image\":{\"@id\":\"https:\\\/\\\/www.lykketegning.no\\\/en\\\/product-2\\\/novelty-lucky-drawing-mug-grandpa\\\/#primaryimage\"},\"thumbnailUrl\":\"https:\\\/\\\/www.lykketegning.no\\\/wp-content\\\/uploads\\\/2023\\\/09\\\/IMG_7255-scaled.jpg\",\"datePublished\":\"2022-09-28T17:05:46+00:00\",\"dateModified\":\"2026-01-11T22:20:46+00:00\",\"breadcrumb\":{\"@id\":\"https:\\\/\\\/www.lykketegning.no\\\/en\\\/product-2\\\/novelty-lucky-drawing-mug-grandpa\\\/#breadcrumb\"},\"inLanguage\":\"en-GB\",\"potentialAction\":[{\"@type\":\"ReadAction\",\"target\":[\"https:\\\/\\\/www.lykketegning.no\\\/en\\\/product-2\\\/novelty-lucky-drawing-mug-grandpa\\\/\"]}]},{\"@type\":\"ImageObject\",\"inLanguage\":\"en-GB\",\"@id\":\"https:\\\/\\\/www.lykketegning.no\\\/en\\\/product-2\\\/novelty-lucky-drawing-mug-grandpa\\\/#primaryimage\",\"url\":\"https:\\\/\\\/www.lykketegning.no\\\/wp-content\\\/uploads\\\/2023\\\/09\\\/IMG_7255-scaled.jpg\",\"contentUrl\":\"https:\\\/\\\/www.lykketegning.no\\\/wp-content\\\/uploads\\\/2023\\\/09\\\/IMG_7255-scaled.jpg\",\"width\":2560,\"height\":2560},{\"@type\":\"BreadcrumbList\",\"@id\":\"https:\\\/\\\/www.lykketegning.no\\\/en\\\/product-2\\\/novelty-lucky-drawing-mug-grandpa\\\/#breadcrumb\",\"itemListElement\":[{\"@type\":\"ListItem\",\"position\":1,\"name\":\"Hjem\",\"item\":\"https:\\\/\\\/www.lykketegning.no\\\/\"},{\"@type\":\"ListItem\",\"position\":2,\"name\":\"Shop\",\"item\":\"https:\\\/\\\/www.lykketegning.no\\\/sv\\\/webbutik\\\/\"},{\"@type\":\"ListItem\",\"position\":3,\"name\":\"Lykketegningkrus &#8220;Bestefar&#8221; Brun\"}]},{\"@type\":\"WebSite\",\"@id\":\"https:\\\/\\\/www.lykketegning.no\\\/#website\",\"url\":\"https:\\\/\\\/www.lykketegning.no\\\/\",\"name\":\"LYKKETEGNING ILLUSTRAT\u00d8R\",\"description\":\"\",\"publisher\":{\"@id\":\"https:\\\/\\\/www.lykketegning.no\\\/#organization\"},\"potentialAction\":[{\"@type\":\"SearchAction\",\"target\":{\"@type\":\"EntryPoint\",\"urlTemplate\":\"https:\\\/\\\/www.lykketegning.no\\\/?s={search_term_string}\"},\"query-input\":{\"@type\":\"PropertyValueSpecification\",\"valueRequired\":true,\"valueName\":\"search_term_string\"}}],\"inLanguage\":\"en-GB\"},{\"@type\":\"Organization\",\"@id\":\"https:\\\/\\\/www.lykketegning.no\\\/#organization\",\"name\":\"LYKKETEGNING ILLUSTRAT\u00d8R\",\"url\":\"https:\\\/\\\/www.lykketegning.no\\\/\",\"logo\":{\"@type\":\"ImageObject\",\"inLanguage\":\"en-GB\",\"@id\":\"https:\\\/\\\/www.lykketegning.no\\\/#\\\/schema\\\/logo\\\/image\\\/\",\"url\":\"https:\\\/\\\/www.lykketegning.no\\\/wp-content\\\/uploads\\\/2020\\\/03\\\/Logo2020_h400px.jpg\",\"contentUrl\":\"https:\\\/\\\/www.lykketegning.no\\\/wp-content\\\/uploads\\\/2020\\\/03\\\/Logo2020_h400px.jpg\",\"width\":1024,\"height\":400,\"caption\":\"LYKKETEGNING ILLUSTRAT\u00d8R\"},\"image\":{\"@id\":\"https:\\\/\\\/www.lykketegning.no\\\/#\\\/schema\\\/logo\\\/image\\\/\"},\"sameAs\":[\"https:\\\/\\\/www.facebook.com\\\/lykketegning\\\/\",\"https:\\\/\\\/www.instagram.com\\\/lykketegning\\\/\",\"https:\\\/\\\/www.youtube.com\\\/@lykketegningillustrations\",\"https:\\\/\\\/www.tiktok.com\\\/@lykketegningillustration\"]}]}<\/script>\n<!-- \/ Yoast SEO plugin. -->","yoast_head_json":{"title":"Lucky drawing mug \"Grandpa\" Brown - LUCKY DRAWING ILLUSTRATOR","robots":{"index":"index","follow":"follow","max-snippet":"max-snippet:-1","max-image-preview":"max-image-preview:large","max-video-preview":"max-video-preview:-1"},"canonical":"https:\/\/www.lykketegning.no\/en\/product\/novelty-lucky-drawing-mug-grandpa\/","og_locale":"en_GB","og_type":"article","og_title":"Lykketegningkrus \"Bestefar\" Brun - LYKKETEGNING ILLUSTRAT\u00d8R","og_description":"Kj\u00e6re bestefar! Farfar, morfar, faffa, bibbi, bobbo, moffa....Du er viktig! Din jobb m\u00e5 v\u00e6re \u00e5 dele av din kj\u00e6rlighet og omsorg s\u00e5 disse sm\u00e5 har en styrke og trygghet i seg til \u00e5 m\u00f8te verden. Gratulerer med din nye arbeidstittel!  Det nye kruset \"Bestefar\" er nydelig \u00e5 drikke av. Bestill n\u00e5 og f\u00e5 ditt eget Lykkekrus! Flott gave \u00a0til farsdag, bursdag og jul!  Krus Lys brun D8 H9,5 400ml Materiale: Porselen  Kan vaskes i oppvaskmaskin","og_url":"https:\/\/www.lykketegning.no\/en\/product\/novelty-lucky-drawing-mug-grandpa\/","og_site_name":"LYKKETEGNING ILLUSTRAT\u00d8R","article_publisher":"https:\/\/www.facebook.com\/lykketegning\/","article_modified_time":"2026-01-11T22:20:46+00:00","twitter_card":"summary_large_image","twitter_misc":{"Estimated reading time":"1 minute"},"schema":{"@context":"https:\/\/schema.org","@graph":[{"@type":"WebPage","@id":"https:\/\/www.lykketegning.no\/en\/product-2\/novelty-lucky-drawing-mug-grandpa\/","url":"https:\/\/www.lykketegning.no\/en\/product-2\/novelty-lucky-drawing-mug-grandpa\/","name":"Lucky drawing mug \"Grandpa\" Brown - LUCKY DRAWING ILLUSTRATOR","isPartOf":{"@id":"https:\/\/www.lykketegning.no\/#website"},"primaryImageOfPage":{"@id":"https:\/\/www.lykketegning.no\/en\/product-2\/novelty-lucky-drawing-mug-grandpa\/#primaryimage"},"image":{"@id":"https:\/\/www.lykketegning.no\/en\/product-2\/novelty-lucky-drawing-mug-grandpa\/#primaryimage"},"thumbnailUrl":"https:\/\/www.lykketegning.no\/wp-content\/uploads\/2023\/09\/IMG_7255-scaled.jpg","datePublished":"2022-09-28T17:05:46+00:00","dateModified":"2026-01-11T22:20:46+00:00","breadcrumb":{"@id":"https:\/\/www.lykketegning.no\/en\/product-2\/novelty-lucky-drawing-mug-grandpa\/#breadcrumb"},"inLanguage":"en-GB","potentialAction":[{"@type":"ReadAction","target":["https:\/\/www.lykketegning.no\/en\/product-2\/novelty-lucky-drawing-mug-grandpa\/"]}]},{"@type":"ImageObject","inLanguage":"en-GB","@id":"https:\/\/www.lykketegning.no\/en\/product-2\/novelty-lucky-drawing-mug-grandpa\/#primaryimage","url":"https:\/\/www.lykketegning.no\/wp-content\/uploads\/2023\/09\/IMG_7255-scaled.jpg","contentUrl":"https:\/\/www.lykketegning.no\/wp-content\/uploads\/2023\/09\/IMG_7255-scaled.jpg","width":2560,"height":2560},{"@type":"BreadcrumbList","@id":"https:\/\/www.lykketegning.no\/en\/product-2\/novelty-lucky-drawing-mug-grandpa\/#breadcrumb","itemListElement":[{"@type":"ListItem","position":1,"name":"Hjem","item":"https:\/\/www.lykketegning.no\/"},{"@type":"ListItem","position":2,"name":"Shop","item":"https:\/\/www.lykketegning.no\/sv\/webbutik\/"},{"@type":"ListItem","position":3,"name":"Lykketegningkrus &#8220;Bestefar&#8221; Brun"}]},{"@type":"WebSite","@id":"https:\/\/www.lykketegning.no\/#website","url":"https:\/\/www.lykketegning.no\/","name":"LYKKETEGNING ILLUSTRATOR","description":"","publisher":{"@id":"https:\/\/www.lykketegning.no\/#organization"},"potentialAction":[{"@type":"SearchAction","target":{"@type":"EntryPoint","urlTemplate":"https:\/\/www.lykketegning.no\/?s={search_term_string}"},"query-input":{"@type":"PropertyValueSpecification","valueRequired":true,"valueName":"search_term_string"}}],"inLanguage":"en-GB"},{"@type":"Organization","@id":"https:\/\/www.lykketegning.no\/#organization","name":"LYKKETEGNING ILLUSTRATOR","url":"https:\/\/www.lykketegning.no\/","logo":{"@type":"ImageObject","inLanguage":"en-GB","@id":"https:\/\/www.lykketegning.no\/#\/schema\/logo\/image\/","url":"https:\/\/www.lykketegning.no\/wp-content\/uploads\/2020\/03\/Logo2020_h400px.jpg","contentUrl":"https:\/\/www.lykketegning.no\/wp-content\/uploads\/2020\/03\/Logo2020_h400px.jpg","width":1024,"height":400,"caption":"LYKKETEGNING ILLUSTRAT\u00d8R"},"image":{"@id":"https:\/\/www.lykketegning.no\/#\/schema\/logo\/image\/"},"sameAs":["https:\/\/www.facebook.com\/lykketegning\/","https:\/\/www.instagram.com\/lykketegning\/","https:\/\/www.youtube.com\/@lykketegningillustrations","https:\/\/www.tiktok.com\/@lykketegningillustration"]}]}},"_links":{"self":[{"href":"https:\/\/www.lykketegning.no\/en\/wp-json\/wp\/v2\/product\/37338","targetHints":{"allow":["GET"]}}],"collection":[{"href":"https:\/\/www.lykketegning.no\/en\/wp-json\/wp\/v2\/product"}],"about":[{"href":"https:\/\/www.lykketegning.no\/en\/wp-json\/wp\/v2\/types\/product"}],"replies":[{"embeddable":true,"href":"https:\/\/www.lykketegning.no\/en\/wp-json\/wp\/v2\/comments?post=37338"}],"wp:featuredmedia":[{"embeddable":true,"href":"https:\/\/www.lykketegning.no\/en\/wp-json\/wp\/v2\/media\/39730"}],"wp:attachment":[{"href":"https:\/\/www.lykketegning.no\/en\/wp-json\/wp\/v2\/media?parent=37338"}],"wp:term":[{"taxonomy":"product_brand","embeddable":true,"href":"https:\/\/www.lykketegning.no\/en\/wp-json\/wp\/v2\/product_brand?post=37338"},{"taxonomy":"product_cat","embeddable":true,"href":"https:\/\/www.lykketegning.no\/en\/wp-json\/wp\/v2\/product_cat?post=37338"},{"taxonomy":"product_tag","embeddable":true,"href":"https:\/\/www.lykketegning.no\/en\/wp-json\/wp\/v2\/product_tag?post=37338"}],"curies":[{"name":"wp","href":"https:\/\/api.w.org\/{rel}","templated":true}]}}