{"id":37308,"date":"2023-05-09T14:45:20","date_gmt":"2023-05-09T12:45:20","guid":{"rendered":"https:\/\/www-lykketegning.wp3.hcweb.dev\/fornyelse\/?post_type=product&#038;p=37308"},"modified":"2026-02-02T09:52:08","modified_gmt":"2026-02-02T08:52:08","slug":"illustrasjon-laerer","status":"publish","type":"product","link":"https:\/\/www.lykketegning.no\/en\/product\/illustrasjon-laerer\/","title":{"rendered":"Illustration - \"Teacher\""},"content":{"rendered":"<pre class=\"content\" data-hook=\"product-page-description-content\">Hand-drawn original illustration unframed. A great end-of-summer or Christmas gift for teachers. A4\r\n\r\n\"To learn is to get\r\na new treasure every day.\r\nSome are more valuable than others.\r\nIf you share your good learning\r\nyou make others richer\r\nfor the rest of your life\"\r\n-Ingebj\u00f8rg Sj\u00e5land\r\nDelivery time: 2-4 weeks<\/pre>\n<p>Delivery time: 2-3 weeks<\/p>","protected":false},"excerpt":{"rendered":"<pre class=\"content\" data-hook=\"product-page-description-content\">Hand-drawn original illustration unframed. A great end-of-summer or Christmas gift for teachers. A4\r\n\r\n\"To learn is to get\r\na new treasure every day.\r\nSome are more valuable than others.\r\nIf you share your good learning\r\nyou make others richer\r\nfor the rest of your life\"\r\n-Ingebj\u00f8rg Sj\u00e5land\r\nDelivery time: 2-4 weeks<\/pre>\n<p>Delivery time: 2-4 weeks<\/p>","protected":false},"featured_media":37309,"comment_status":"open","ping_status":"closed","template":"","meta":[],"product_brand":[],"product_cat":[165,168],"product_tag":[323,69,324,272,271,50],"class_list":{"0":"post-37308","1":"product","2":"type-product","3":"status-publish","4":"has-post-thumbnail","6":"product_cat-handtegnede-unike-illustrasjoner","7":"product_cat-takkegave","8":"product_tag-avslutningsgave","9":"product_tag-illustrasjon","10":"product_tag-laerer","11":"product_tag-orginal","12":"product_tag-superhelt","13":"product_tag-tegning","15":"first","16":"instock","17":"purchasable","18":"product-type-simple"},"yoast_head":"<!-- This site is optimized with the Yoast SEO plugin v27.5 - https:\/\/yoast.com\/product\/yoast-seo-wordpress\/ -->\n<title>Illustrasjon - &quot;L\u00e6rer&quot; - LYKKETEGNING ILLUSTRAT\u00d8R<\/title>\n<meta name=\"robots\" content=\"index, follow, max-snippet:-1, max-image-preview:large, max-video-preview:-1\" \/>\n<link rel=\"canonical\" href=\"https:\/\/www.lykketegning.no\/en\/product\/illustrasjon-laerer\/\" \/>\n<meta property=\"og:locale\" content=\"en_GB\" \/>\n<meta property=\"og:type\" content=\"article\" \/>\n<meta property=\"og:title\" content=\"Illustrasjon - &quot;L\u00e6rer&quot; - LYKKETEGNING ILLUSTRAT\u00d8R\" \/>\n<meta property=\"og:description\" content=\"H\u00e5ndtegnet orginal illustrasjon u\/ramme. En fin avslutningsgave til l\u00e6reren f\u00f8r sommeren eller til jul. A4  &quot;\u00c5 l\u00e6re er \u00e5 f\u00e5  en ny skatt hver dag.  Noen har st\u00f8rre verdi enn andre.  Deler du av din gode l\u00e6rdom gj\u00f8r du andre rikere  resten av livet&quot; -Ingebj\u00f8rg Sj\u00e5land Leveringstid: 2-4 uker\" \/>\n<meta property=\"og:url\" content=\"https:\/\/www.lykketegning.no\/en\/product\/illustrasjon-laerer\/\" \/>\n<meta property=\"og:site_name\" content=\"LYKKETEGNING ILLUSTRAT\u00d8R\" \/>\n<meta property=\"article:publisher\" content=\"https:\/\/www.facebook.com\/lykketegning\/\" \/>\n<meta property=\"article:modified_time\" content=\"2026-02-02T08:52:08+00:00\" \/>\n<meta property=\"og:image\" content=\"https:\/\/www.lykketegning.no\/wp-content\/uploads\/2024\/04\/IMG_5086-scaled-1.jpg\" \/>\n\t<meta property=\"og:image:width\" content=\"1821\" \/>\n\t<meta property=\"og:image:height\" content=\"2560\" \/>\n\t<meta property=\"og:image:type\" content=\"image\/jpeg\" \/>\n<meta name=\"twitter:card\" content=\"summary_large_image\" \/>\n<script type=\"application\/ld+json\" class=\"yoast-schema-graph\">{\"@context\":\"https:\\\/\\\/schema.org\",\"@graph\":[{\"@type\":\"WebPage\",\"@id\":\"https:\\\/\\\/www.lykketegning.no\\\/produkt\\\/illustrasjon-laerer\\\/\",\"url\":\"https:\\\/\\\/www.lykketegning.no\\\/produkt\\\/illustrasjon-laerer\\\/\",\"name\":\"Illustrasjon - \\\"L\u00e6rer\\\" - LYKKETEGNING ILLUSTRAT\u00d8R\",\"isPartOf\":{\"@id\":\"https:\\\/\\\/www.lykketegning.no\\\/#website\"},\"primaryImageOfPage\":{\"@id\":\"https:\\\/\\\/www.lykketegning.no\\\/produkt\\\/illustrasjon-laerer\\\/#primaryimage\"},\"image\":{\"@id\":\"https:\\\/\\\/www.lykketegning.no\\\/produkt\\\/illustrasjon-laerer\\\/#primaryimage\"},\"thumbnailUrl\":\"https:\\\/\\\/www.lykketegning.no\\\/wp-content\\\/uploads\\\/2024\\\/04\\\/IMG_5086-scaled-1.jpg\",\"datePublished\":\"2023-05-09T12:45:20+00:00\",\"dateModified\":\"2026-02-02T08:52:08+00:00\",\"breadcrumb\":{\"@id\":\"https:\\\/\\\/www.lykketegning.no\\\/produkt\\\/illustrasjon-laerer\\\/#breadcrumb\"},\"inLanguage\":\"en-GB\",\"potentialAction\":[{\"@type\":\"ReadAction\",\"target\":[\"https:\\\/\\\/www.lykketegning.no\\\/produkt\\\/illustrasjon-laerer\\\/\"]}]},{\"@type\":\"ImageObject\",\"inLanguage\":\"en-GB\",\"@id\":\"https:\\\/\\\/www.lykketegning.no\\\/produkt\\\/illustrasjon-laerer\\\/#primaryimage\",\"url\":\"https:\\\/\\\/www.lykketegning.no\\\/wp-content\\\/uploads\\\/2024\\\/04\\\/IMG_5086-scaled-1.jpg\",\"contentUrl\":\"https:\\\/\\\/www.lykketegning.no\\\/wp-content\\\/uploads\\\/2024\\\/04\\\/IMG_5086-scaled-1.jpg\",\"width\":1821,\"height\":2560,\"caption\":\"Illustrasjon til l\u00e6reren.\"},{\"@type\":\"BreadcrumbList\",\"@id\":\"https:\\\/\\\/www.lykketegning.no\\\/produkt\\\/illustrasjon-laerer\\\/#breadcrumb\",\"itemListElement\":[{\"@type\":\"ListItem\",\"position\":1,\"name\":\"Hjem\",\"item\":\"https:\\\/\\\/www.lykketegning.no\\\/\"},{\"@type\":\"ListItem\",\"position\":2,\"name\":\"Shop\",\"item\":\"https:\\\/\\\/www.lykketegning.no\\\/sv\\\/webbutik\\\/\"},{\"@type\":\"ListItem\",\"position\":3,\"name\":\"Illustrasjon &#8211; &#8220;L\u00e6rer&#8221;\"}]},{\"@type\":\"WebSite\",\"@id\":\"https:\\\/\\\/www.lykketegning.no\\\/#website\",\"url\":\"https:\\\/\\\/www.lykketegning.no\\\/\",\"name\":\"LYKKETEGNING ILLUSTRAT\u00d8R\",\"description\":\"\",\"publisher\":{\"@id\":\"https:\\\/\\\/www.lykketegning.no\\\/#organization\"},\"potentialAction\":[{\"@type\":\"SearchAction\",\"target\":{\"@type\":\"EntryPoint\",\"urlTemplate\":\"https:\\\/\\\/www.lykketegning.no\\\/?s={search_term_string}\"},\"query-input\":{\"@type\":\"PropertyValueSpecification\",\"valueRequired\":true,\"valueName\":\"search_term_string\"}}],\"inLanguage\":\"en-GB\"},{\"@type\":\"Organization\",\"@id\":\"https:\\\/\\\/www.lykketegning.no\\\/#organization\",\"name\":\"LYKKETEGNING ILLUSTRAT\u00d8R\",\"url\":\"https:\\\/\\\/www.lykketegning.no\\\/\",\"logo\":{\"@type\":\"ImageObject\",\"inLanguage\":\"en-GB\",\"@id\":\"https:\\\/\\\/www.lykketegning.no\\\/#\\\/schema\\\/logo\\\/image\\\/\",\"url\":\"https:\\\/\\\/www.lykketegning.no\\\/wp-content\\\/uploads\\\/2020\\\/03\\\/Logo2020_h400px.jpg\",\"contentUrl\":\"https:\\\/\\\/www.lykketegning.no\\\/wp-content\\\/uploads\\\/2020\\\/03\\\/Logo2020_h400px.jpg\",\"width\":1024,\"height\":400,\"caption\":\"LYKKETEGNING ILLUSTRAT\u00d8R\"},\"image\":{\"@id\":\"https:\\\/\\\/www.lykketegning.no\\\/#\\\/schema\\\/logo\\\/image\\\/\"},\"sameAs\":[\"https:\\\/\\\/www.facebook.com\\\/lykketegning\\\/\",\"https:\\\/\\\/www.instagram.com\\\/lykketegning\\\/\",\"https:\\\/\\\/www.youtube.com\\\/@lykketegningillustrations\",\"https:\\\/\\\/www.tiktok.com\\\/@lykketegningillustration\"]}]}<\/script>\n<!-- \/ Yoast SEO plugin. -->","yoast_head_json":{"title":"Illustration - \"Teacher\" - LUCKY DRAWING ILLUSTRATOR","robots":{"index":"index","follow":"follow","max-snippet":"max-snippet:-1","max-image-preview":"max-image-preview:large","max-video-preview":"max-video-preview:-1"},"canonical":"https:\/\/www.lykketegning.no\/en\/product\/illustrasjon-laerer\/","og_locale":"en_GB","og_type":"article","og_title":"Illustrasjon - \"L\u00e6rer\" - LYKKETEGNING ILLUSTRAT\u00d8R","og_description":"H\u00e5ndtegnet orginal illustrasjon u\/ramme. En fin avslutningsgave til l\u00e6reren f\u00f8r sommeren eller til jul. A4  \"\u00c5 l\u00e6re er \u00e5 f\u00e5  en ny skatt hver dag.  Noen har st\u00f8rre verdi enn andre.  Deler du av din gode l\u00e6rdom gj\u00f8r du andre rikere  resten av livet\" -Ingebj\u00f8rg Sj\u00e5land Leveringstid: 2-4 uker","og_url":"https:\/\/www.lykketegning.no\/en\/product\/illustrasjon-laerer\/","og_site_name":"LYKKETEGNING ILLUSTRAT\u00d8R","article_publisher":"https:\/\/www.facebook.com\/lykketegning\/","article_modified_time":"2026-02-02T08:52:08+00:00","og_image":[{"width":1821,"height":2560,"url":"https:\/\/www.lykketegning.no\/wp-content\/uploads\/2024\/04\/IMG_5086-scaled-1.jpg","type":"image\/jpeg"}],"twitter_card":"summary_large_image","schema":{"@context":"https:\/\/schema.org","@graph":[{"@type":"WebPage","@id":"https:\/\/www.lykketegning.no\/produkt\/illustrasjon-laerer\/","url":"https:\/\/www.lykketegning.no\/produkt\/illustrasjon-laerer\/","name":"Illustration - \"Teacher\" - LUCKY DRAWING ILLUSTRATOR","isPartOf":{"@id":"https:\/\/www.lykketegning.no\/#website"},"primaryImageOfPage":{"@id":"https:\/\/www.lykketegning.no\/produkt\/illustrasjon-laerer\/#primaryimage"},"image":{"@id":"https:\/\/www.lykketegning.no\/produkt\/illustrasjon-laerer\/#primaryimage"},"thumbnailUrl":"https:\/\/www.lykketegning.no\/wp-content\/uploads\/2024\/04\/IMG_5086-scaled-1.jpg","datePublished":"2023-05-09T12:45:20+00:00","dateModified":"2026-02-02T08:52:08+00:00","breadcrumb":{"@id":"https:\/\/www.lykketegning.no\/produkt\/illustrasjon-laerer\/#breadcrumb"},"inLanguage":"en-GB","potentialAction":[{"@type":"ReadAction","target":["https:\/\/www.lykketegning.no\/produkt\/illustrasjon-laerer\/"]}]},{"@type":"ImageObject","inLanguage":"en-GB","@id":"https:\/\/www.lykketegning.no\/produkt\/illustrasjon-laerer\/#primaryimage","url":"https:\/\/www.lykketegning.no\/wp-content\/uploads\/2024\/04\/IMG_5086-scaled-1.jpg","contentUrl":"https:\/\/www.lykketegning.no\/wp-content\/uploads\/2024\/04\/IMG_5086-scaled-1.jpg","width":1821,"height":2560,"caption":"Illustrasjon til l\u00e6reren."},{"@type":"BreadcrumbList","@id":"https:\/\/www.lykketegning.no\/produkt\/illustrasjon-laerer\/#breadcrumb","itemListElement":[{"@type":"ListItem","position":1,"name":"Hjem","item":"https:\/\/www.lykketegning.no\/"},{"@type":"ListItem","position":2,"name":"Shop","item":"https:\/\/www.lykketegning.no\/sv\/webbutik\/"},{"@type":"ListItem","position":3,"name":"Illustrasjon &#8211; &#8220;L\u00e6rer&#8221;"}]},{"@type":"WebSite","@id":"https:\/\/www.lykketegning.no\/#website","url":"https:\/\/www.lykketegning.no\/","name":"LUCKY DRAWING ILLUSTRATOR","description":"","publisher":{"@id":"https:\/\/www.lykketegning.no\/#organization"},"potentialAction":[{"@type":"SearchAction","target":{"@type":"EntryPoint","urlTemplate":"https:\/\/www.lykketegning.no\/?s={search_term_string}"},"query-input":{"@type":"PropertyValueSpecification","valueRequired":true,"valueName":"search_term_string"}}],"inLanguage":"en-GB"},{"@type":"Organization","@id":"https:\/\/www.lykketegning.no\/#organization","name":"LUCKY DRAWING ILLUSTRATOR","url":"https:\/\/www.lykketegning.no\/","logo":{"@type":"ImageObject","inLanguage":"en-GB","@id":"https:\/\/www.lykketegning.no\/#\/schema\/logo\/image\/","url":"https:\/\/www.lykketegning.no\/wp-content\/uploads\/2020\/03\/Logo2020_h400px.jpg","contentUrl":"https:\/\/www.lykketegning.no\/wp-content\/uploads\/2020\/03\/Logo2020_h400px.jpg","width":1024,"height":400,"caption":"LYKKETEGNING ILLUSTRAT\u00d8R"},"image":{"@id":"https:\/\/www.lykketegning.no\/#\/schema\/logo\/image\/"},"sameAs":["https:\/\/www.facebook.com\/lykketegning\/","https:\/\/www.instagram.com\/lykketegning\/","https:\/\/www.youtube.com\/@lykketegningillustrations","https:\/\/www.tiktok.com\/@lykketegningillustration"]}]}},"_links":{"self":[{"href":"https:\/\/www.lykketegning.no\/en\/wp-json\/wp\/v2\/product\/37308","targetHints":{"allow":["GET"]}}],"collection":[{"href":"https:\/\/www.lykketegning.no\/en\/wp-json\/wp\/v2\/product"}],"about":[{"href":"https:\/\/www.lykketegning.no\/en\/wp-json\/wp\/v2\/types\/product"}],"replies":[{"embeddable":true,"href":"https:\/\/www.lykketegning.no\/en\/wp-json\/wp\/v2\/comments?post=37308"}],"wp:featuredmedia":[{"embeddable":true,"href":"https:\/\/www.lykketegning.no\/en\/wp-json\/wp\/v2\/media\/37309"}],"wp:attachment":[{"href":"https:\/\/www.lykketegning.no\/en\/wp-json\/wp\/v2\/media?parent=37308"}],"wp:term":[{"taxonomy":"product_brand","embeddable":true,"href":"https:\/\/www.lykketegning.no\/en\/wp-json\/wp\/v2\/product_brand?post=37308"},{"taxonomy":"product_cat","embeddable":true,"href":"https:\/\/www.lykketegning.no\/en\/wp-json\/wp\/v2\/product_cat?post=37308"},{"taxonomy":"product_tag","embeddable":true,"href":"https:\/\/www.lykketegning.no\/en\/wp-json\/wp\/v2\/product_tag?post=37308"}],"curies":[{"name":"wp","href":"https:\/\/api.w.org\/{rel}","templated":true}]}}