{"id":37258,"date":"2025-03-20T12:35:55","date_gmt":"2025-03-20T11:35:55","guid":{"rendered":"https:\/\/www-lykketegning.wp3.hcweb.dev\/fornyelse\/?post_type=product&#038;p=37258"},"modified":"2026-04-13T12:40:25","modified_gmt":"2026-04-13T10:40:25","slug":"paskekopp-fra-lykketegning-god-paske-gutt","status":"publish","type":"product","link":"https:\/\/www.lykketegning.no\/en\/product\/paskekopp-fra-lykketegning-god-paske-gutt\/","title":{"rendered":"Easter cup from Lykketegning: Happy Easter (boy)"},"content":{"rendered":"<div class=\"page\" title=\"Page 7\">\n<div class=\"section\">\n<div class=\"layoutArea\">\n<div class=\"column\">\n<h2>Happy Easter<\/h2>\n<p>For some, Easter is the most important holiday in the Christian faith, while for others it is associated with the Easter mountain, cocoa in a thermos, the sun finally warming up, the snow melting, the city Easter, quiet days and festive days, holidays and quiet days in front of the fireplace. No matter how you celebrate your Easter, I hope this cup will join you! Yellow to say that summer is approaching, bright colours to match the Easter egg! Happy Easter to you all.<\/p>\n<p>Ingebj\u00f8rg Rang\u00f8y Sj\u00e5land Lucky drawing<\/p>\n<\/div>\n<\/div>\n<\/div>\n<\/div>\n<p>Mug yellow D8 H9.5 40 cl Material: Ceramics<\/p>\n<p>Dishwasher safe<\/p>\n<p>&nbsp;<\/p>","protected":false},"excerpt":{"rendered":"<p>Easter cup from Lykketegning: Happy Easter (boy)<\/p>\n<p>For some, Easter is the most important holiday in the Christian faith, while for others it is associated with the Easter mountain, cocoa in a thermos, the sun finally warming up, the snow melting, the city Easter, quiet days and festive days, holidays and quiet days in front of the fireplace. No matter how you celebrate your Easter, I hope this cup will join you! Yellow to say that summer is approaching, bright colours to match the Easter egg! Happy Easter to you all.<\/p>","protected":false},"featured_media":39775,"comment_status":"open","ping_status":"closed","template":"","meta":[],"product_brand":[],"product_cat":[41],"product_tag":[12,13,43,304,303,302],"class_list":{"0":"post-37258","1":"product","2":"type-product","3":"status-publish","4":"has-post-thumbnail","6":"product_cat-lykkekopper","7":"product_tag-kopp","8":"product_tag-krus","9":"product_tag-lykkekopp","10":"product_tag-lykketegningkopp","11":"product_tag-paske","12":"product_tag-paskekopp","14":"first","15":"instock","16":"featured","17":"taxable","18":"shipping-taxable","19":"purchasable","20":"product-type-simple"},"yoast_head":"<!-- This site is optimized with the Yoast SEO plugin v27.5 - https:\/\/yoast.com\/product\/yoast-seo-wordpress\/ -->\n<title>P\u00e5skekopp fra Lykketegning: God p\u00e5ske (gutt) - LYKKETEGNING ILLUSTRAT\u00d8R<\/title>\n<meta name=\"description\" content=\"P\u00e5skekopp fra Lykketegning: God p\u00e5ske (gutt) Uansett hvordan du feirer din p\u00e5ske, s\u00e5 h\u00e5per jeg denne koppen blir med! God p\u00e5ske!\" \/>\n<meta name=\"robots\" content=\"index, follow, max-snippet:-1, max-image-preview:large, max-video-preview:-1\" \/>\n<link rel=\"canonical\" href=\"https:\/\/www.lykketegning.no\/en\/product\/paskekopp-fra-lykketegning-god-paske-gutt\/\" \/>\n<meta property=\"og:locale\" content=\"en_GB\" \/>\n<meta property=\"og:type\" content=\"article\" \/>\n<meta property=\"og:title\" content=\"P\u00e5skekopp fra Lykketegning: God p\u00e5ske (gutt) - LYKKETEGNING ILLUSTRAT\u00d8R\" \/>\n<meta property=\"og:description\" content=\"P\u00e5skekopp fra Lykketegning: God p\u00e5ske (gutt) Uansett hvordan du feirer din p\u00e5ske, s\u00e5 h\u00e5per jeg denne koppen blir med! God p\u00e5ske!\" \/>\n<meta property=\"og:url\" content=\"https:\/\/www.lykketegning.no\/en\/product\/paskekopp-fra-lykketegning-god-paske-gutt\/\" \/>\n<meta property=\"og:site_name\" content=\"LYKKETEGNING ILLUSTRAT\u00d8R\" \/>\n<meta property=\"article:publisher\" content=\"https:\/\/www.facebook.com\/lykketegning\/\" \/>\n<meta property=\"article:modified_time\" content=\"2026-04-13T10:40:25+00:00\" \/>\n<meta name=\"twitter:card\" content=\"summary_large_image\" \/>\n<meta name=\"twitter:label1\" content=\"Estimated reading time\" \/>\n\t<meta name=\"twitter:data1\" content=\"1 minute\" \/>\n<script type=\"application\/ld+json\" class=\"yoast-schema-graph\">{\"@context\":\"https:\\\/\\\/schema.org\",\"@graph\":[{\"@type\":\"WebPage\",\"@id\":\"https:\\\/\\\/www.lykketegning.no\\\/produkt\\\/paskekopp-fra-lykketegning-god-paske-gutt\\\/\",\"url\":\"https:\\\/\\\/www.lykketegning.no\\\/produkt\\\/paskekopp-fra-lykketegning-god-paske-gutt\\\/\",\"name\":\"P\u00e5skekopp fra Lykketegning: God p\u00e5ske (gutt) - LYKKETEGNING ILLUSTRAT\u00d8R\",\"isPartOf\":{\"@id\":\"https:\\\/\\\/www.lykketegning.no\\\/#website\"},\"primaryImageOfPage\":{\"@id\":\"https:\\\/\\\/www.lykketegning.no\\\/produkt\\\/paskekopp-fra-lykketegning-god-paske-gutt\\\/#primaryimage\"},\"image\":{\"@id\":\"https:\\\/\\\/www.lykketegning.no\\\/produkt\\\/paskekopp-fra-lykketegning-god-paske-gutt\\\/#primaryimage\"},\"thumbnailUrl\":\"https:\\\/\\\/www.lykketegning.no\\\/wp-content\\\/uploads\\\/2023\\\/09\\\/IMG_7302-scaled.jpg\",\"datePublished\":\"2025-03-20T11:35:55+00:00\",\"dateModified\":\"2026-04-13T10:40:25+00:00\",\"description\":\"P\u00e5skekopp fra Lykketegning: God p\u00e5ske (gutt) Uansett hvordan du feirer din p\u00e5ske, s\u00e5 h\u00e5per jeg denne koppen blir med! God p\u00e5ske!\",\"breadcrumb\":{\"@id\":\"https:\\\/\\\/www.lykketegning.no\\\/produkt\\\/paskekopp-fra-lykketegning-god-paske-gutt\\\/#breadcrumb\"},\"inLanguage\":\"en-GB\",\"potentialAction\":[{\"@type\":\"ReadAction\",\"target\":[\"https:\\\/\\\/www.lykketegning.no\\\/produkt\\\/paskekopp-fra-lykketegning-god-paske-gutt\\\/\"]}]},{\"@type\":\"ImageObject\",\"inLanguage\":\"en-GB\",\"@id\":\"https:\\\/\\\/www.lykketegning.no\\\/produkt\\\/paskekopp-fra-lykketegning-god-paske-gutt\\\/#primaryimage\",\"url\":\"https:\\\/\\\/www.lykketegning.no\\\/wp-content\\\/uploads\\\/2023\\\/09\\\/IMG_7302-scaled.jpg\",\"contentUrl\":\"https:\\\/\\\/www.lykketegning.no\\\/wp-content\\\/uploads\\\/2023\\\/09\\\/IMG_7302-scaled.jpg\",\"width\":2560,\"height\":2560},{\"@type\":\"BreadcrumbList\",\"@id\":\"https:\\\/\\\/www.lykketegning.no\\\/produkt\\\/paskekopp-fra-lykketegning-god-paske-gutt\\\/#breadcrumb\",\"itemListElement\":[{\"@type\":\"ListItem\",\"position\":1,\"name\":\"Hjem\",\"item\":\"https:\\\/\\\/www.lykketegning.no\\\/\"},{\"@type\":\"ListItem\",\"position\":2,\"name\":\"Shop\",\"item\":\"https:\\\/\\\/www.lykketegning.no\\\/sv\\\/webbutik\\\/\"},{\"@type\":\"ListItem\",\"position\":3,\"name\":\"P\u00e5skekopp fra Lykketegning: God p\u00e5ske (gutt)\"}]},{\"@type\":\"WebSite\",\"@id\":\"https:\\\/\\\/www.lykketegning.no\\\/#website\",\"url\":\"https:\\\/\\\/www.lykketegning.no\\\/\",\"name\":\"LYKKETEGNING ILLUSTRAT\u00d8R\",\"description\":\"\",\"publisher\":{\"@id\":\"https:\\\/\\\/www.lykketegning.no\\\/#organization\"},\"potentialAction\":[{\"@type\":\"SearchAction\",\"target\":{\"@type\":\"EntryPoint\",\"urlTemplate\":\"https:\\\/\\\/www.lykketegning.no\\\/?s={search_term_string}\"},\"query-input\":{\"@type\":\"PropertyValueSpecification\",\"valueRequired\":true,\"valueName\":\"search_term_string\"}}],\"inLanguage\":\"en-GB\"},{\"@type\":\"Organization\",\"@id\":\"https:\\\/\\\/www.lykketegning.no\\\/#organization\",\"name\":\"LYKKETEGNING ILLUSTRAT\u00d8R\",\"url\":\"https:\\\/\\\/www.lykketegning.no\\\/\",\"logo\":{\"@type\":\"ImageObject\",\"inLanguage\":\"en-GB\",\"@id\":\"https:\\\/\\\/www.lykketegning.no\\\/#\\\/schema\\\/logo\\\/image\\\/\",\"url\":\"https:\\\/\\\/www.lykketegning.no\\\/wp-content\\\/uploads\\\/2020\\\/03\\\/Logo2020_h400px.jpg\",\"contentUrl\":\"https:\\\/\\\/www.lykketegning.no\\\/wp-content\\\/uploads\\\/2020\\\/03\\\/Logo2020_h400px.jpg\",\"width\":1024,\"height\":400,\"caption\":\"LYKKETEGNING ILLUSTRAT\u00d8R\"},\"image\":{\"@id\":\"https:\\\/\\\/www.lykketegning.no\\\/#\\\/schema\\\/logo\\\/image\\\/\"},\"sameAs\":[\"https:\\\/\\\/www.facebook.com\\\/lykketegning\\\/\",\"https:\\\/\\\/www.instagram.com\\\/lykketegning\\\/\",\"https:\\\/\\\/www.youtube.com\\\/@lykketegningillustrations\",\"https:\\\/\\\/www.tiktok.com\\\/@lykketegningillustration\"]}]}<\/script>\n<!-- \/ Yoast SEO plugin. -->","yoast_head_json":{"title":"Easter cup from Happy Drawing: Happy Easter (boy) - LYKKETEGNING ILLUSTRAT\u00d8R","description":"Easter cup from Lykketegning: Happy Easter (boy) No matter how you celebrate your Easter, I hope this cup joins in! Happy Easter!","robots":{"index":"index","follow":"follow","max-snippet":"max-snippet:-1","max-image-preview":"max-image-preview:large","max-video-preview":"max-video-preview:-1"},"canonical":"https:\/\/www.lykketegning.no\/en\/product\/paskekopp-fra-lykketegning-god-paske-gutt\/","og_locale":"en_GB","og_type":"article","og_title":"P\u00e5skekopp fra Lykketegning: God p\u00e5ske (gutt) - LYKKETEGNING ILLUSTRAT\u00d8R","og_description":"P\u00e5skekopp fra Lykketegning: God p\u00e5ske (gutt) Uansett hvordan du feirer din p\u00e5ske, s\u00e5 h\u00e5per jeg denne koppen blir med! God p\u00e5ske!","og_url":"https:\/\/www.lykketegning.no\/en\/product\/paskekopp-fra-lykketegning-god-paske-gutt\/","og_site_name":"LYKKETEGNING ILLUSTRAT\u00d8R","article_publisher":"https:\/\/www.facebook.com\/lykketegning\/","article_modified_time":"2026-04-13T10:40:25+00:00","twitter_card":"summary_large_image","twitter_misc":{"Estimated reading time":"1 minute"},"schema":{"@context":"https:\/\/schema.org","@graph":[{"@type":"WebPage","@id":"https:\/\/www.lykketegning.no\/produkt\/paskekopp-fra-lykketegning-god-paske-gutt\/","url":"https:\/\/www.lykketegning.no\/produkt\/paskekopp-fra-lykketegning-god-paske-gutt\/","name":"Easter cup from Happy Drawing: Happy Easter (boy) - LYKKETEGNING ILLUSTRAT\u00d8R","isPartOf":{"@id":"https:\/\/www.lykketegning.no\/#website"},"primaryImageOfPage":{"@id":"https:\/\/www.lykketegning.no\/produkt\/paskekopp-fra-lykketegning-god-paske-gutt\/#primaryimage"},"image":{"@id":"https:\/\/www.lykketegning.no\/produkt\/paskekopp-fra-lykketegning-god-paske-gutt\/#primaryimage"},"thumbnailUrl":"https:\/\/www.lykketegning.no\/wp-content\/uploads\/2023\/09\/IMG_7302-scaled.jpg","datePublished":"2025-03-20T11:35:55+00:00","dateModified":"2026-04-13T10:40:25+00:00","description":"Easter cup from Lykketegning: Happy Easter (boy) No matter how you celebrate your Easter, I hope this cup joins in! Happy Easter!","breadcrumb":{"@id":"https:\/\/www.lykketegning.no\/produkt\/paskekopp-fra-lykketegning-god-paske-gutt\/#breadcrumb"},"inLanguage":"en-GB","potentialAction":[{"@type":"ReadAction","target":["https:\/\/www.lykketegning.no\/produkt\/paskekopp-fra-lykketegning-god-paske-gutt\/"]}]},{"@type":"ImageObject","inLanguage":"en-GB","@id":"https:\/\/www.lykketegning.no\/produkt\/paskekopp-fra-lykketegning-god-paske-gutt\/#primaryimage","url":"https:\/\/www.lykketegning.no\/wp-content\/uploads\/2023\/09\/IMG_7302-scaled.jpg","contentUrl":"https:\/\/www.lykketegning.no\/wp-content\/uploads\/2023\/09\/IMG_7302-scaled.jpg","width":2560,"height":2560},{"@type":"BreadcrumbList","@id":"https:\/\/www.lykketegning.no\/produkt\/paskekopp-fra-lykketegning-god-paske-gutt\/#breadcrumb","itemListElement":[{"@type":"ListItem","position":1,"name":"Hjem","item":"https:\/\/www.lykketegning.no\/"},{"@type":"ListItem","position":2,"name":"Shop","item":"https:\/\/www.lykketegning.no\/sv\/webbutik\/"},{"@type":"ListItem","position":3,"name":"P\u00e5skekopp fra Lykketegning: God p\u00e5ske (gutt)"}]},{"@type":"WebSite","@id":"https:\/\/www.lykketegning.no\/#website","url":"https:\/\/www.lykketegning.no\/","name":"LUCKY DRAWING ILLUSTRATOR","description":"","publisher":{"@id":"https:\/\/www.lykketegning.no\/#organization"},"potentialAction":[{"@type":"SearchAction","target":{"@type":"EntryPoint","urlTemplate":"https:\/\/www.lykketegning.no\/?s={search_term_string}"},"query-input":{"@type":"PropertyValueSpecification","valueRequired":true,"valueName":"search_term_string"}}],"inLanguage":"en-GB"},{"@type":"Organization","@id":"https:\/\/www.lykketegning.no\/#organization","name":"LUCKY DRAWING ILLUSTRATOR","url":"https:\/\/www.lykketegning.no\/","logo":{"@type":"ImageObject","inLanguage":"en-GB","@id":"https:\/\/www.lykketegning.no\/#\/schema\/logo\/image\/","url":"https:\/\/www.lykketegning.no\/wp-content\/uploads\/2020\/03\/Logo2020_h400px.jpg","contentUrl":"https:\/\/www.lykketegning.no\/wp-content\/uploads\/2020\/03\/Logo2020_h400px.jpg","width":1024,"height":400,"caption":"LYKKETEGNING ILLUSTRAT\u00d8R"},"image":{"@id":"https:\/\/www.lykketegning.no\/#\/schema\/logo\/image\/"},"sameAs":["https:\/\/www.facebook.com\/lykketegning\/","https:\/\/www.instagram.com\/lykketegning\/","https:\/\/www.youtube.com\/@lykketegningillustrations","https:\/\/www.tiktok.com\/@lykketegningillustration"]}]}},"_links":{"self":[{"href":"https:\/\/www.lykketegning.no\/en\/wp-json\/wp\/v2\/product\/37258","targetHints":{"allow":["GET"]}}],"collection":[{"href":"https:\/\/www.lykketegning.no\/en\/wp-json\/wp\/v2\/product"}],"about":[{"href":"https:\/\/www.lykketegning.no\/en\/wp-json\/wp\/v2\/types\/product"}],"replies":[{"embeddable":true,"href":"https:\/\/www.lykketegning.no\/en\/wp-json\/wp\/v2\/comments?post=37258"}],"wp:featuredmedia":[{"embeddable":true,"href":"https:\/\/www.lykketegning.no\/en\/wp-json\/wp\/v2\/media\/39775"}],"wp:attachment":[{"href":"https:\/\/www.lykketegning.no\/en\/wp-json\/wp\/v2\/media?parent=37258"}],"wp:term":[{"taxonomy":"product_brand","embeddable":true,"href":"https:\/\/www.lykketegning.no\/en\/wp-json\/wp\/v2\/product_brand?post=37258"},{"taxonomy":"product_cat","embeddable":true,"href":"https:\/\/www.lykketegning.no\/en\/wp-json\/wp\/v2\/product_cat?post=37258"},{"taxonomy":"product_tag","embeddable":true,"href":"https:\/\/www.lykketegning.no\/en\/wp-json\/wp\/v2\/product_tag?post=37258"}],"curies":[{"name":"wp","href":"https:\/\/api.w.org\/{rel}","templated":true}]}}