{"id":37227,"date":"2024-12-01T11:03:06","date_gmt":"2024-12-01T10:03:06","guid":{"rendered":"https:\/\/www.lykketegning.no\/fornyelse\/?post_type=product&#038;p=37227"},"modified":"2026-03-21T23:40:44","modified_gmt":"2026-03-21T22:40:44","slug":"lykkekopp-en-venn-som-deg-lykketegning","status":"publish","type":"product","link":"https:\/\/www.lykketegning.no\/en\/product\/lucky-cup-a-friend-like-you-lucky-drawing\/","title":{"rendered":"Happy mug \"A friend like you\" Lykketegning"},"content":{"rendered":"<p>\"Having a friend like you makes life so much better\"<\/p>\n<p><i>A friend listens and sees you.<span class=\"Apple-converted-space\">\u00a0<\/span><\/i><\/p>\n<p><i>A friend brightens your day and joins you on the fun journeys and the hard times.<span class=\"Apple-converted-space\">\u00a0<\/span><\/i><\/p>\n<p><i>It was about time I made a friend cup because YOU are such a friend to someone.<span class=\"Apple-converted-space\">\u00a0<\/span><\/i><\/p>\n<p><i>So fantastic!<span class=\"Apple-converted-space\">\u00a0<\/span><\/i><\/p>\n<p><i>Keep being a good friend - you're making other people's lives a lot better!<span class=\"Apple-converted-space\">\u00a0<\/span><\/i><\/p>\n<p><i>Have a great day!<\/i><\/p>\n<p><i>***<\/i><\/p>\n<p><i>Continue to be a good friend - you make the lives of others considerably better!<span class=\"Apple-converted-space\">\u00a0<\/span><\/i><\/p>\n<p>Ingebj\u00f8rg Rang\u00f8y Sj\u00e5land<\/p>\n<p>Lucky drawing<\/p>\n<p>&nbsp;<\/p>\n<p>The new \"Friend\" mug is delicious to drink from. Order now and get your own Happy Mug! Great gift for a friend or for yourself!<\/p>\n<p>&nbsp;<\/p>\n<p>Mug Light purple D8 H9,5 400ml Material: Porcelain<\/p>\n<p>Dishwasher safe<\/p>","protected":false},"excerpt":{"rendered":"<p>&nbsp;<\/p>\n<p>\"Having a friend like you makes life so much better\"<\/p>\n<p><i>A friend listens and sees you. <\/i><\/p>\n<p><i>A friend brightens your day and joins you on the fun journeys and the hard times. <\/i><\/p>\n<p><i>It was about time I made a friend cup because YOU are such a friend to someone. <\/i><\/p>\n<ol>\n<li><i>So fantastic! <\/i><\/li>\n<\/ol>\n<p><i>Keep being a good friend - you're making other people's lives a lot better! <\/i><\/p>\n<p><i>Have a great day!<\/i><\/p>\n<p><i>***<\/i><\/p>\n<p><i>Continue to be a good friend - you make the lives of others considerably better! <\/i><\/p>\n<p>Ingebj\u00f8rg Rang\u00f8y Sj\u00e5land<\/p>\n<p>Lucky drawing<\/p>\n<p>&nbsp;<\/p>\n<p>The new \"Friend\" mug is delicious to drink from. Order now and get your own Happy Mug! Great gift for a friend or for yourself!<\/p>\n<p>&nbsp;<\/p>\n<p>Mug Light purple D8 H9,5 400ml Material: Porcelain<\/p>\n<p>Dishwasher safe<\/p>","protected":false},"featured_media":39702,"comment_status":"open","ping_status":"closed","template":"","meta":[],"product_brand":[],"product_cat":[41],"product_tag":[294,12,13,293,291,292],"class_list":{"0":"post-37227","1":"product","2":"type-product","3":"status-publish","4":"has-post-thumbnail","6":"product_cat-lykkekopper","7":"product_tag-en-venn-som-deg","8":"product_tag-kopp","9":"product_tag-krus","10":"product_tag-lykketegningkopp-venn","11":"product_tag-venn","12":"product_tag-vennekopp","14":"first","15":"instock","16":"taxable","17":"shipping-taxable","18":"purchasable","19":"product-type-simple"},"yoast_head":"<!-- This site is optimized with the Yoast SEO plugin v27.3 - https:\/\/yoast.com\/product\/yoast-seo-wordpress\/ -->\n<title>Lykkekrus &quot;En venn som deg&quot; Lykketegning - LYKKETEGNING ILLUSTRAT\u00d8R<\/title>\n<meta name=\"description\" content=\"&quot;\u00c5 ha en venn som deg gj\u00f8r livet betraktelig bedre&quot;En venn lytter og ser deg.En venn l\u00f8fter dagen og er med p\u00e5 de morsomme reisene og de tunge stundene.Det var p\u00e5 tide at jeg laget en vennekopp fordi DU er en slik venn for noen.\" \/>\n<meta name=\"robots\" content=\"index, follow, max-snippet:-1, max-image-preview:large, max-video-preview:-1\" \/>\n<link rel=\"canonical\" href=\"https:\/\/www.lykketegning.no\/en\/product-2\/lyckokopp-en-van-som-du-lycklig-teckning\/\" \/>\n<meta property=\"og:locale\" content=\"en_GB\" \/>\n<meta property=\"og:type\" content=\"article\" \/>\n<meta property=\"og:title\" content=\"Lykkekrus &quot;En venn som deg&quot; Lykketegning - LYKKETEGNING ILLUSTRAT\u00d8R\" \/>\n<meta property=\"og:description\" content=\"&quot;\u00c5 ha en venn som deg gj\u00f8r livet betraktelig bedre&quot;En venn lytter og ser deg.En venn l\u00f8fter dagen og er med p\u00e5 de morsomme reisene og de tunge stundene.Det var p\u00e5 tide at jeg laget en vennekopp fordi DU er en slik venn for noen.\" \/>\n<meta property=\"og:url\" content=\"https:\/\/www.lykketegning.no\/en\/product-2\/lyckokopp-en-van-som-du-lycklig-teckning\/\" \/>\n<meta property=\"og:site_name\" content=\"LYKKETEGNING ILLUSTRAT\u00d8R\" \/>\n<meta property=\"article:publisher\" content=\"https:\/\/www.facebook.com\/lykketegning\/\" \/>\n<meta property=\"article:modified_time\" content=\"2026-03-21T22:40:44+00:00\" \/>\n<meta name=\"twitter:card\" content=\"summary_large_image\" \/>\n<meta name=\"twitter:label1\" content=\"Estimated reading time\" \/>\n\t<meta name=\"twitter:data1\" content=\"1 minute\" \/>\n<script type=\"application\/ld+json\" class=\"yoast-schema-graph\">{\"@context\":\"https:\\\/\\\/schema.org\",\"@graph\":[{\"@type\":\"WebPage\",\"@id\":\"https:\\\/\\\/www.lykketegning.no\\\/sv\\\/product-2\\\/lyckokopp-en-van-som-du-lycklig-teckning\\\/\",\"url\":\"https:\\\/\\\/www.lykketegning.no\\\/sv\\\/product-2\\\/lyckokopp-en-van-som-du-lycklig-teckning\\\/\",\"name\":\"Lykkekrus \\\"En venn som deg\\\" Lykketegning - LYKKETEGNING ILLUSTRAT\u00d8R\",\"isPartOf\":{\"@id\":\"https:\\\/\\\/www.lykketegning.no\\\/#website\"},\"primaryImageOfPage\":{\"@id\":\"https:\\\/\\\/www.lykketegning.no\\\/sv\\\/product-2\\\/lyckokopp-en-van-som-du-lycklig-teckning\\\/#primaryimage\"},\"image\":{\"@id\":\"https:\\\/\\\/www.lykketegning.no\\\/sv\\\/product-2\\\/lyckokopp-en-van-som-du-lycklig-teckning\\\/#primaryimage\"},\"thumbnailUrl\":\"https:\\\/\\\/www.lykketegning.no\\\/wp-content\\\/uploads\\\/2023\\\/09\\\/IMG_7227-scaled.jpg\",\"datePublished\":\"2024-12-01T10:03:06+00:00\",\"dateModified\":\"2026-03-21T22:40:44+00:00\",\"description\":\"\\\"\u00c5 ha en venn som deg gj\u00f8r livet betraktelig bedre\\\"En venn lytter og ser deg.En venn l\u00f8fter dagen og er med p\u00e5 de morsomme reisene og de tunge stundene.Det var p\u00e5 tide at jeg laget en vennekopp fordi DU er en slik venn for noen.\",\"breadcrumb\":{\"@id\":\"https:\\\/\\\/www.lykketegning.no\\\/sv\\\/product-2\\\/lyckokopp-en-van-som-du-lycklig-teckning\\\/#breadcrumb\"},\"inLanguage\":\"en-GB\",\"potentialAction\":[{\"@type\":\"ReadAction\",\"target\":[\"https:\\\/\\\/www.lykketegning.no\\\/sv\\\/product-2\\\/lyckokopp-en-van-som-du-lycklig-teckning\\\/\"]}]},{\"@type\":\"ImageObject\",\"inLanguage\":\"en-GB\",\"@id\":\"https:\\\/\\\/www.lykketegning.no\\\/sv\\\/product-2\\\/lyckokopp-en-van-som-du-lycklig-teckning\\\/#primaryimage\",\"url\":\"https:\\\/\\\/www.lykketegning.no\\\/wp-content\\\/uploads\\\/2023\\\/09\\\/IMG_7227-scaled.jpg\",\"contentUrl\":\"https:\\\/\\\/www.lykketegning.no\\\/wp-content\\\/uploads\\\/2023\\\/09\\\/IMG_7227-scaled.jpg\",\"width\":2560,\"height\":2560},{\"@type\":\"BreadcrumbList\",\"@id\":\"https:\\\/\\\/www.lykketegning.no\\\/sv\\\/product-2\\\/lyckokopp-en-van-som-du-lycklig-teckning\\\/#breadcrumb\",\"itemListElement\":[{\"@type\":\"ListItem\",\"position\":1,\"name\":\"Hjem\",\"item\":\"https:\\\/\\\/www.lykketegning.no\\\/\"},{\"@type\":\"ListItem\",\"position\":2,\"name\":\"Shop\",\"item\":\"https:\\\/\\\/www.lykketegning.no\\\/sv\\\/webbutik\\\/\"},{\"@type\":\"ListItem\",\"position\":3,\"name\":\"Lykkekrus &#8220;En venn som deg&#8221; Lykketegning\"}]},{\"@type\":\"WebSite\",\"@id\":\"https:\\\/\\\/www.lykketegning.no\\\/#website\",\"url\":\"https:\\\/\\\/www.lykketegning.no\\\/\",\"name\":\"LYKKETEGNING ILLUSTRAT\u00d8R\",\"description\":\"\",\"publisher\":{\"@id\":\"https:\\\/\\\/www.lykketegning.no\\\/#organization\"},\"potentialAction\":[{\"@type\":\"SearchAction\",\"target\":{\"@type\":\"EntryPoint\",\"urlTemplate\":\"https:\\\/\\\/www.lykketegning.no\\\/?s={search_term_string}\"},\"query-input\":{\"@type\":\"PropertyValueSpecification\",\"valueRequired\":true,\"valueName\":\"search_term_string\"}}],\"inLanguage\":\"en-GB\"},{\"@type\":\"Organization\",\"@id\":\"https:\\\/\\\/www.lykketegning.no\\\/#organization\",\"name\":\"LYKKETEGNING ILLUSTRAT\u00d8R\",\"url\":\"https:\\\/\\\/www.lykketegning.no\\\/\",\"logo\":{\"@type\":\"ImageObject\",\"inLanguage\":\"en-GB\",\"@id\":\"https:\\\/\\\/www.lykketegning.no\\\/#\\\/schema\\\/logo\\\/image\\\/\",\"url\":\"https:\\\/\\\/www.lykketegning.no\\\/wp-content\\\/uploads\\\/2020\\\/03\\\/Logo2020_h400px.jpg\",\"contentUrl\":\"https:\\\/\\\/www.lykketegning.no\\\/wp-content\\\/uploads\\\/2020\\\/03\\\/Logo2020_h400px.jpg\",\"width\":1024,\"height\":400,\"caption\":\"LYKKETEGNING ILLUSTRAT\u00d8R\"},\"image\":{\"@id\":\"https:\\\/\\\/www.lykketegning.no\\\/#\\\/schema\\\/logo\\\/image\\\/\"},\"sameAs\":[\"https:\\\/\\\/www.facebook.com\\\/lykketegning\\\/\",\"https:\\\/\\\/www.instagram.com\\\/lykketegning\\\/\",\"https:\\\/\\\/www.youtube.com\\\/@lykketegningillustrations\",\"https:\\\/\\\/www.tiktok.com\\\/@lykketegningillustration\"]}]}<\/script>\n<!-- \/ Yoast SEO plugin. -->","yoast_head_json":{"title":"Lucky mug \"A friend like you\" Lucky drawing - LUCKY DRAWING ILLUSTRATOR","description":"\"Having a friend like you makes life considerably better\"A friend listens and sees you.A friend lifts your day and is with you on the fun journeys and the hard times.It was about time I made a friend cup because YOU are such a friend to someone.","robots":{"index":"index","follow":"follow","max-snippet":"max-snippet:-1","max-image-preview":"max-image-preview:large","max-video-preview":"max-video-preview:-1"},"canonical":"https:\/\/www.lykketegning.no\/en\/product-2\/lyckokopp-en-van-som-du-lycklig-teckning\/","og_locale":"en_GB","og_type":"article","og_title":"Lykkekrus \"En venn som deg\" Lykketegning - LYKKETEGNING ILLUSTRAT\u00d8R","og_description":"\"\u00c5 ha en venn som deg gj\u00f8r livet betraktelig bedre\"En venn lytter og ser deg.En venn l\u00f8fter dagen og er med p\u00e5 de morsomme reisene og de tunge stundene.Det var p\u00e5 tide at jeg laget en vennekopp fordi DU er en slik venn for noen.","og_url":"https:\/\/www.lykketegning.no\/en\/product-2\/lyckokopp-en-van-som-du-lycklig-teckning\/","og_site_name":"LYKKETEGNING ILLUSTRAT\u00d8R","article_publisher":"https:\/\/www.facebook.com\/lykketegning\/","article_modified_time":"2026-03-21T22:40:44+00:00","twitter_card":"summary_large_image","twitter_misc":{"Estimated reading time":"1 minute"},"schema":{"@context":"https:\/\/schema.org","@graph":[{"@type":"WebPage","@id":"https:\/\/www.lykketegning.no\/sv\/product-2\/lyckokopp-en-van-som-du-lycklig-teckning\/","url":"https:\/\/www.lykketegning.no\/sv\/product-2\/lyckokopp-en-van-som-du-lycklig-teckning\/","name":"Lucky mug \"A friend like you\" Lucky drawing - LUCKY DRAWING ILLUSTRATOR","isPartOf":{"@id":"https:\/\/www.lykketegning.no\/#website"},"primaryImageOfPage":{"@id":"https:\/\/www.lykketegning.no\/sv\/product-2\/lyckokopp-en-van-som-du-lycklig-teckning\/#primaryimage"},"image":{"@id":"https:\/\/www.lykketegning.no\/sv\/product-2\/lyckokopp-en-van-som-du-lycklig-teckning\/#primaryimage"},"thumbnailUrl":"https:\/\/www.lykketegning.no\/wp-content\/uploads\/2023\/09\/IMG_7227-scaled.jpg","datePublished":"2024-12-01T10:03:06+00:00","dateModified":"2026-03-21T22:40:44+00:00","description":"\"Having a friend like you makes life considerably better\"A friend listens and sees you.A friend lifts your day and is with you on the fun journeys and the hard times.It was about time I made a friend cup because YOU are such a friend to someone.","breadcrumb":{"@id":"https:\/\/www.lykketegning.no\/sv\/product-2\/lyckokopp-en-van-som-du-lycklig-teckning\/#breadcrumb"},"inLanguage":"en-GB","potentialAction":[{"@type":"ReadAction","target":["https:\/\/www.lykketegning.no\/sv\/product-2\/lyckokopp-en-van-som-du-lycklig-teckning\/"]}]},{"@type":"ImageObject","inLanguage":"en-GB","@id":"https:\/\/www.lykketegning.no\/sv\/product-2\/lyckokopp-en-van-som-du-lycklig-teckning\/#primaryimage","url":"https:\/\/www.lykketegning.no\/wp-content\/uploads\/2023\/09\/IMG_7227-scaled.jpg","contentUrl":"https:\/\/www.lykketegning.no\/wp-content\/uploads\/2023\/09\/IMG_7227-scaled.jpg","width":2560,"height":2560},{"@type":"BreadcrumbList","@id":"https:\/\/www.lykketegning.no\/sv\/product-2\/lyckokopp-en-van-som-du-lycklig-teckning\/#breadcrumb","itemListElement":[{"@type":"ListItem","position":1,"name":"Hjem","item":"https:\/\/www.lykketegning.no\/"},{"@type":"ListItem","position":2,"name":"Shop","item":"https:\/\/www.lykketegning.no\/sv\/webbutik\/"},{"@type":"ListItem","position":3,"name":"Lykkekrus &#8220;En venn som deg&#8221; Lykketegning"}]},{"@type":"WebSite","@id":"https:\/\/www.lykketegning.no\/#website","url":"https:\/\/www.lykketegning.no\/","name":"LYKKETEGNING ILLUSTRATOR","description":"","publisher":{"@id":"https:\/\/www.lykketegning.no\/#organization"},"potentialAction":[{"@type":"SearchAction","target":{"@type":"EntryPoint","urlTemplate":"https:\/\/www.lykketegning.no\/?s={search_term_string}"},"query-input":{"@type":"PropertyValueSpecification","valueRequired":true,"valueName":"search_term_string"}}],"inLanguage":"en-GB"},{"@type":"Organization","@id":"https:\/\/www.lykketegning.no\/#organization","name":"LYKKETEGNING ILLUSTRATOR","url":"https:\/\/www.lykketegning.no\/","logo":{"@type":"ImageObject","inLanguage":"en-GB","@id":"https:\/\/www.lykketegning.no\/#\/schema\/logo\/image\/","url":"https:\/\/www.lykketegning.no\/wp-content\/uploads\/2020\/03\/Logo2020_h400px.jpg","contentUrl":"https:\/\/www.lykketegning.no\/wp-content\/uploads\/2020\/03\/Logo2020_h400px.jpg","width":1024,"height":400,"caption":"LYKKETEGNING ILLUSTRAT\u00d8R"},"image":{"@id":"https:\/\/www.lykketegning.no\/#\/schema\/logo\/image\/"},"sameAs":["https:\/\/www.facebook.com\/lykketegning\/","https:\/\/www.instagram.com\/lykketegning\/","https:\/\/www.youtube.com\/@lykketegningillustrations","https:\/\/www.tiktok.com\/@lykketegningillustration"]}]}},"_links":{"self":[{"href":"https:\/\/www.lykketegning.no\/en\/wp-json\/wp\/v2\/product\/37227","targetHints":{"allow":["GET"]}}],"collection":[{"href":"https:\/\/www.lykketegning.no\/en\/wp-json\/wp\/v2\/product"}],"about":[{"href":"https:\/\/www.lykketegning.no\/en\/wp-json\/wp\/v2\/types\/product"}],"replies":[{"embeddable":true,"href":"https:\/\/www.lykketegning.no\/en\/wp-json\/wp\/v2\/comments?post=37227"}],"wp:featuredmedia":[{"embeddable":true,"href":"https:\/\/www.lykketegning.no\/en\/wp-json\/wp\/v2\/media\/39702"}],"wp:attachment":[{"href":"https:\/\/www.lykketegning.no\/en\/wp-json\/wp\/v2\/media?parent=37227"}],"wp:term":[{"taxonomy":"product_brand","embeddable":true,"href":"https:\/\/www.lykketegning.no\/en\/wp-json\/wp\/v2\/product_brand?post=37227"},{"taxonomy":"product_cat","embeddable":true,"href":"https:\/\/www.lykketegning.no\/en\/wp-json\/wp\/v2\/product_cat?post=37227"},{"taxonomy":"product_tag","embeddable":true,"href":"https:\/\/www.lykketegning.no\/en\/wp-json\/wp\/v2\/product_tag?post=37227"}],"curies":[{"name":"wp","href":"https:\/\/api.w.org\/{rel}","templated":true}]}}