{"id":37211,"date":"2026-01-04T19:33:11","date_gmt":"2026-01-04T18:33:11","guid":{"rendered":"https:\/\/www.lykketegning.no\/fornyelse\/?post_type=product&#038;p=37211"},"modified":"2026-01-31T12:04:41","modified_gmt":"2026-01-31T11:04:41","slug":"lykkekrus-morsdag-fra-lykketegning","status":"publish","type":"product","link":"https:\/\/www.lykketegning.no\/en\/product\/lykkekrus-morsdag-fra-lykketegning\/","title":{"rendered":"Happy mug Mother's Day from Luck Drawing"},"content":{"rendered":"<h2>Happy mug Mother's Day from Luck Drawing<\/h2>\n<p>New mug for Mother's Day?<\/p>\n<p>\"Mum's heart is never full!\" A mum's heart can grow and hold so many! It can be so good and safe.<\/p>\n<p>The popular new \"MORSDAG\" mug is great to drink from. Great gift for a mum and grandma.<\/p>\n<p>&nbsp;<\/p>\n<p>Dark pink D8 H9.5 40 cl Material: Ceramic<\/p>\n<p>Dishwasher safe<\/p>\n<p>&nbsp;<\/p>\n<h4>More about Lucky drawing:<\/h4>\n<div class=\"row tab-table-row\">\n<div class=\"col-xs-6\"><strong>\"At Lykketegning, every illustration is created with warmth and care.<\/strong><br \/>\n<strong>With strong colours, clear lines and good quotes, Happiness Drawing wants to make you stop for a moment, take a deep breath and then set a good course forward.<\/strong><br \/>\n<strong>\"The hearts and smiles are from me to you to remind you that you are really good!\"<\/strong><\/div>\n<div class=\"col-xs-6\">\n<p>On the website you will find some illustrations and other products such as cups, greeting cards and calendars, with new products being added all the time, so feel free to sign up to the newsletter for monthly updates.<\/p>\n<p>For <strong>many many many many<\/strong> more illustrations; visit my Instagram and Facebook profile.<\/p>\n<p>In fact, all illustrations are for sale. 999kr for A4 and 1500kr for A3.<\/p>\n<p>You can also order your very own - great gifts to give to weddings and other parties. Get in touch inbox for this.<\/p>\n<p><em>Price: 1500kr for A4 and A5 (up to 5 people\/animal) additional cost for more (up to 5 people\/animal). A3 2000kr ex postage. I need to know hair colour\/hair type, height, interests and desired number of illustrated people. Any quotes you want included.<\/em><\/p>\n<p>If you have any questions, don't hesitate to get in touch! If you would like to have a chat about possible co-operation, please send me an email.<\/p>\n<p>Looking forward to hearing from you and hope you have a wonderful day. <a href=\"https:\/\/www.facebook.com\/lykketegning\/?locale=nb_NO\">This will take you to my Facebook page.<\/a> And if you want to follow me on<a href=\"https:\/\/www.instagram.com\/lykketegning\/?hl=nb\"> Instagram, you'll find it here.<\/a><\/p>\n<p>Artist<br \/>\nIngebj\u00f8rg Rang\u00f8y Sj\u00e5land<\/p>\n<\/div>\n<\/div>","protected":false},"excerpt":{"rendered":"<h2>Happy mug Mother's Day from Luck Drawing<\/h2>\n<p>New mug for Mother's Day?<\/p>\n<p>\"Mum's heart is never full!\" A mum's heart can grow and hold so many! It can be so good and safe.<\/p>\n<p>The popular new \"MORSDAG\" mug is great to drink from. Great gift for a mum and grandma.<\/p>\n<p>&nbsp;<\/p>\n<p>Dark pink D8 H9.5 40 cl Material: Ceramic<\/p>\n<p>Dishwasher safe<\/p>\n<p>&nbsp;<\/p>","protected":false},"featured_media":39744,"comment_status":"open","ping_status":"closed","template":"","meta":[],"product_brand":[],"product_cat":[41],"product_tag":[141,12,13,43,275,77],"class_list":{"0":"post-37211","1":"product","2":"type-product","3":"status-publish","4":"has-post-thumbnail","6":"product_cat-lykkekopper","7":"product_tag-drom","8":"product_tag-kopp","9":"product_tag-krus","10":"product_tag-lykkekopp","11":"product_tag-mamma","12":"product_tag-morsdag","14":"first","15":"instock","16":"taxable","17":"shipping-taxable","18":"purchasable","19":"product-type-simple"},"yoast_head":"<!-- This site is optimized with the Yoast SEO plugin v27.3 - https:\/\/yoast.com\/product\/yoast-seo-wordpress\/ -->\n<title>Lykkekrus Morsdag fra Lykketegning - LYKKETEGNING ILLUSTRAT\u00d8R<\/title>\n<meta name=\"description\" content=\"Lykkekrus Morsdag fra Lykketegning &quot;I hjertet til mamma er det aldri fullt!&quot; Et mors hjerte kan vokse og romme s\u00e5 mange! Det kan v\u00e6re s\u00e5 godt og trygt.\" \/>\n<meta name=\"robots\" content=\"index, follow, max-snippet:-1, max-image-preview:large, max-video-preview:-1\" \/>\n<link rel=\"canonical\" href=\"https:\/\/www.lykketegning.no\/en\/product-2\/lucky-mug-mothers-day-from-lucky-drawing\/\" \/>\n<meta property=\"og:locale\" content=\"en_GB\" \/>\n<meta property=\"og:type\" content=\"article\" \/>\n<meta property=\"og:title\" content=\"Lykkekrus Morsdag fra Lykketegning - LYKKETEGNING ILLUSTRAT\u00d8R\" \/>\n<meta property=\"og:description\" content=\"Lykkekrus Morsdag fra Lykketegning &quot;I hjertet til mamma er det aldri fullt!&quot; Et mors hjerte kan vokse og romme s\u00e5 mange! Det kan v\u00e6re s\u00e5 godt og trygt.\" \/>\n<meta property=\"og:url\" content=\"https:\/\/www.lykketegning.no\/en\/product-2\/lucky-mug-mothers-day-from-lucky-drawing\/\" \/>\n<meta property=\"og:site_name\" content=\"LYKKETEGNING ILLUSTRAT\u00d8R\" \/>\n<meta property=\"article:publisher\" content=\"https:\/\/www.facebook.com\/lykketegning\/\" \/>\n<meta property=\"article:modified_time\" content=\"2026-01-31T11:04:41+00:00\" \/>\n<meta name=\"twitter:card\" content=\"summary_large_image\" \/>\n<meta name=\"twitter:label1\" content=\"Estimated reading time\" \/>\n\t<meta name=\"twitter:data1\" content=\"2 minutes\" \/>\n<script type=\"application\/ld+json\" class=\"yoast-schema-graph\">{\"@context\":\"https:\\\/\\\/schema.org\",\"@graph\":[{\"@type\":\"WebPage\",\"@id\":\"https:\\\/\\\/www.lykketegning.no\\\/en\\\/product-2\\\/lucky-mug-mothers-day-from-lucky-drawing\\\/\",\"url\":\"https:\\\/\\\/www.lykketegning.no\\\/en\\\/product-2\\\/lucky-mug-mothers-day-from-lucky-drawing\\\/\",\"name\":\"Lykkekrus Morsdag fra Lykketegning - LYKKETEGNING ILLUSTRAT\u00d8R\",\"isPartOf\":{\"@id\":\"https:\\\/\\\/www.lykketegning.no\\\/#website\"},\"primaryImageOfPage\":{\"@id\":\"https:\\\/\\\/www.lykketegning.no\\\/en\\\/product-2\\\/lucky-mug-mothers-day-from-lucky-drawing\\\/#primaryimage\"},\"image\":{\"@id\":\"https:\\\/\\\/www.lykketegning.no\\\/en\\\/product-2\\\/lucky-mug-mothers-day-from-lucky-drawing\\\/#primaryimage\"},\"thumbnailUrl\":\"https:\\\/\\\/www.lykketegning.no\\\/wp-content\\\/uploads\\\/2023\\\/09\\\/IMG_7269-scaled.jpg\",\"datePublished\":\"2026-01-04T18:33:11+00:00\",\"dateModified\":\"2026-01-31T11:04:41+00:00\",\"description\":\"Lykkekrus Morsdag fra Lykketegning \\\"I hjertet til mamma er det aldri fullt!\\\" Et mors hjerte kan vokse og romme s\u00e5 mange! Det kan v\u00e6re s\u00e5 godt og trygt.\",\"breadcrumb\":{\"@id\":\"https:\\\/\\\/www.lykketegning.no\\\/en\\\/product-2\\\/lucky-mug-mothers-day-from-lucky-drawing\\\/#breadcrumb\"},\"inLanguage\":\"en-GB\",\"potentialAction\":[{\"@type\":\"ReadAction\",\"target\":[\"https:\\\/\\\/www.lykketegning.no\\\/en\\\/product-2\\\/lucky-mug-mothers-day-from-lucky-drawing\\\/\"]}]},{\"@type\":\"ImageObject\",\"inLanguage\":\"en-GB\",\"@id\":\"https:\\\/\\\/www.lykketegning.no\\\/en\\\/product-2\\\/lucky-mug-mothers-day-from-lucky-drawing\\\/#primaryimage\",\"url\":\"https:\\\/\\\/www.lykketegning.no\\\/wp-content\\\/uploads\\\/2023\\\/09\\\/IMG_7269-scaled.jpg\",\"contentUrl\":\"https:\\\/\\\/www.lykketegning.no\\\/wp-content\\\/uploads\\\/2023\\\/09\\\/IMG_7269-scaled.jpg\",\"width\":2560,\"height\":2560},{\"@type\":\"BreadcrumbList\",\"@id\":\"https:\\\/\\\/www.lykketegning.no\\\/en\\\/product-2\\\/lucky-mug-mothers-day-from-lucky-drawing\\\/#breadcrumb\",\"itemListElement\":[{\"@type\":\"ListItem\",\"position\":1,\"name\":\"Hjem\",\"item\":\"https:\\\/\\\/www.lykketegning.no\\\/\"},{\"@type\":\"ListItem\",\"position\":2,\"name\":\"Shop\",\"item\":\"https:\\\/\\\/www.lykketegning.no\\\/sv\\\/webbutik\\\/\"},{\"@type\":\"ListItem\",\"position\":3,\"name\":\"Lykkekrus Morsdag fra Lykketegning\"}]},{\"@type\":\"WebSite\",\"@id\":\"https:\\\/\\\/www.lykketegning.no\\\/#website\",\"url\":\"https:\\\/\\\/www.lykketegning.no\\\/\",\"name\":\"LYKKETEGNING ILLUSTRAT\u00d8R\",\"description\":\"\",\"publisher\":{\"@id\":\"https:\\\/\\\/www.lykketegning.no\\\/#organization\"},\"potentialAction\":[{\"@type\":\"SearchAction\",\"target\":{\"@type\":\"EntryPoint\",\"urlTemplate\":\"https:\\\/\\\/www.lykketegning.no\\\/?s={search_term_string}\"},\"query-input\":{\"@type\":\"PropertyValueSpecification\",\"valueRequired\":true,\"valueName\":\"search_term_string\"}}],\"inLanguage\":\"en-GB\"},{\"@type\":\"Organization\",\"@id\":\"https:\\\/\\\/www.lykketegning.no\\\/#organization\",\"name\":\"LYKKETEGNING ILLUSTRAT\u00d8R\",\"url\":\"https:\\\/\\\/www.lykketegning.no\\\/\",\"logo\":{\"@type\":\"ImageObject\",\"inLanguage\":\"en-GB\",\"@id\":\"https:\\\/\\\/www.lykketegning.no\\\/#\\\/schema\\\/logo\\\/image\\\/\",\"url\":\"https:\\\/\\\/www.lykketegning.no\\\/wp-content\\\/uploads\\\/2020\\\/03\\\/Logo2020_h400px.jpg\",\"contentUrl\":\"https:\\\/\\\/www.lykketegning.no\\\/wp-content\\\/uploads\\\/2020\\\/03\\\/Logo2020_h400px.jpg\",\"width\":1024,\"height\":400,\"caption\":\"LYKKETEGNING ILLUSTRAT\u00d8R\"},\"image\":{\"@id\":\"https:\\\/\\\/www.lykketegning.no\\\/#\\\/schema\\\/logo\\\/image\\\/\"},\"sameAs\":[\"https:\\\/\\\/www.facebook.com\\\/lykketegning\\\/\",\"https:\\\/\\\/www.instagram.com\\\/lykketegning\\\/\",\"https:\\\/\\\/www.youtube.com\\\/@lykketegningillustrations\",\"https:\\\/\\\/www.tiktok.com\\\/@lykketegningillustration\"]}]}<\/script>\n<!-- \/ Yoast SEO plugin. -->","yoast_head_json":{"title":"Happy mug Mother's Day from Lykketegning - LYKKETEGNING ILLUSTRAT\u00d8R","description":"Happy mug Mother's Day from Happy Drawing \"Mum's heart is never full!\" A mum's heart can grow and hold so many! It can be so good and safe.","robots":{"index":"index","follow":"follow","max-snippet":"max-snippet:-1","max-image-preview":"max-image-preview:large","max-video-preview":"max-video-preview:-1"},"canonical":"https:\/\/www.lykketegning.no\/en\/product-2\/lucky-mug-mothers-day-from-lucky-drawing\/","og_locale":"en_GB","og_type":"article","og_title":"Lykkekrus Morsdag fra Lykketegning - LYKKETEGNING ILLUSTRAT\u00d8R","og_description":"Lykkekrus Morsdag fra Lykketegning \"I hjertet til mamma er det aldri fullt!\" Et mors hjerte kan vokse og romme s\u00e5 mange! Det kan v\u00e6re s\u00e5 godt og trygt.","og_url":"https:\/\/www.lykketegning.no\/en\/product-2\/lucky-mug-mothers-day-from-lucky-drawing\/","og_site_name":"LYKKETEGNING ILLUSTRAT\u00d8R","article_publisher":"https:\/\/www.facebook.com\/lykketegning\/","article_modified_time":"2026-01-31T11:04:41+00:00","twitter_card":"summary_large_image","twitter_misc":{"Estimated reading time":"2 minutes"},"schema":{"@context":"https:\/\/schema.org","@graph":[{"@type":"WebPage","@id":"https:\/\/www.lykketegning.no\/en\/product-2\/lucky-mug-mothers-day-from-lucky-drawing\/","url":"https:\/\/www.lykketegning.no\/en\/product-2\/lucky-mug-mothers-day-from-lucky-drawing\/","name":"Happy mug Mother's Day from Lykketegning - LYKKETEGNING ILLUSTRAT\u00d8R","isPartOf":{"@id":"https:\/\/www.lykketegning.no\/#website"},"primaryImageOfPage":{"@id":"https:\/\/www.lykketegning.no\/en\/product-2\/lucky-mug-mothers-day-from-lucky-drawing\/#primaryimage"},"image":{"@id":"https:\/\/www.lykketegning.no\/en\/product-2\/lucky-mug-mothers-day-from-lucky-drawing\/#primaryimage"},"thumbnailUrl":"https:\/\/www.lykketegning.no\/wp-content\/uploads\/2023\/09\/IMG_7269-scaled.jpg","datePublished":"2026-01-04T18:33:11+00:00","dateModified":"2026-01-31T11:04:41+00:00","description":"Happy mug Mother's Day from Happy Drawing \"Mum's heart is never full!\" A mum's heart can grow and hold so many! It can be so good and safe.","breadcrumb":{"@id":"https:\/\/www.lykketegning.no\/en\/product-2\/lucky-mug-mothers-day-from-lucky-drawing\/#breadcrumb"},"inLanguage":"en-GB","potentialAction":[{"@type":"ReadAction","target":["https:\/\/www.lykketegning.no\/en\/product-2\/lucky-mug-mothers-day-from-lucky-drawing\/"]}]},{"@type":"ImageObject","inLanguage":"en-GB","@id":"https:\/\/www.lykketegning.no\/en\/product-2\/lucky-mug-mothers-day-from-lucky-drawing\/#primaryimage","url":"https:\/\/www.lykketegning.no\/wp-content\/uploads\/2023\/09\/IMG_7269-scaled.jpg","contentUrl":"https:\/\/www.lykketegning.no\/wp-content\/uploads\/2023\/09\/IMG_7269-scaled.jpg","width":2560,"height":2560},{"@type":"BreadcrumbList","@id":"https:\/\/www.lykketegning.no\/en\/product-2\/lucky-mug-mothers-day-from-lucky-drawing\/#breadcrumb","itemListElement":[{"@type":"ListItem","position":1,"name":"Hjem","item":"https:\/\/www.lykketegning.no\/"},{"@type":"ListItem","position":2,"name":"Shop","item":"https:\/\/www.lykketegning.no\/sv\/webbutik\/"},{"@type":"ListItem","position":3,"name":"Lykkekrus Morsdag fra Lykketegning"}]},{"@type":"WebSite","@id":"https:\/\/www.lykketegning.no\/#website","url":"https:\/\/www.lykketegning.no\/","name":"LYKKETEGNING ILLUSTRATOR","description":"","publisher":{"@id":"https:\/\/www.lykketegning.no\/#organization"},"potentialAction":[{"@type":"SearchAction","target":{"@type":"EntryPoint","urlTemplate":"https:\/\/www.lykketegning.no\/?s={search_term_string}"},"query-input":{"@type":"PropertyValueSpecification","valueRequired":true,"valueName":"search_term_string"}}],"inLanguage":"en-GB"},{"@type":"Organization","@id":"https:\/\/www.lykketegning.no\/#organization","name":"LYKKETEGNING ILLUSTRATOR","url":"https:\/\/www.lykketegning.no\/","logo":{"@type":"ImageObject","inLanguage":"en-GB","@id":"https:\/\/www.lykketegning.no\/#\/schema\/logo\/image\/","url":"https:\/\/www.lykketegning.no\/wp-content\/uploads\/2020\/03\/Logo2020_h400px.jpg","contentUrl":"https:\/\/www.lykketegning.no\/wp-content\/uploads\/2020\/03\/Logo2020_h400px.jpg","width":1024,"height":400,"caption":"LYKKETEGNING ILLUSTRAT\u00d8R"},"image":{"@id":"https:\/\/www.lykketegning.no\/#\/schema\/logo\/image\/"},"sameAs":["https:\/\/www.facebook.com\/lykketegning\/","https:\/\/www.instagram.com\/lykketegning\/","https:\/\/www.youtube.com\/@lykketegningillustrations","https:\/\/www.tiktok.com\/@lykketegningillustration"]}]}},"_links":{"self":[{"href":"https:\/\/www.lykketegning.no\/en\/wp-json\/wp\/v2\/product\/37211","targetHints":{"allow":["GET"]}}],"collection":[{"href":"https:\/\/www.lykketegning.no\/en\/wp-json\/wp\/v2\/product"}],"about":[{"href":"https:\/\/www.lykketegning.no\/en\/wp-json\/wp\/v2\/types\/product"}],"replies":[{"embeddable":true,"href":"https:\/\/www.lykketegning.no\/en\/wp-json\/wp\/v2\/comments?post=37211"}],"wp:featuredmedia":[{"embeddable":true,"href":"https:\/\/www.lykketegning.no\/en\/wp-json\/wp\/v2\/media\/39744"}],"wp:attachment":[{"href":"https:\/\/www.lykketegning.no\/en\/wp-json\/wp\/v2\/media?parent=37211"}],"wp:term":[{"taxonomy":"product_brand","embeddable":true,"href":"https:\/\/www.lykketegning.no\/en\/wp-json\/wp\/v2\/product_brand?post=37211"},{"taxonomy":"product_cat","embeddable":true,"href":"https:\/\/www.lykketegning.no\/en\/wp-json\/wp\/v2\/product_cat?post=37211"},{"taxonomy":"product_tag","embeddable":true,"href":"https:\/\/www.lykketegning.no\/en\/wp-json\/wp\/v2\/product_tag?post=37211"}],"curies":[{"name":"wp","href":"https:\/\/api.w.org\/{rel}","templated":true}]}}