{"id":37209,"date":"2022-11-01T17:32:04","date_gmt":"2022-11-01T16:32:04","guid":{"rendered":"https:\/\/www.lykketegning.no\/fornyelse\/?post_type=product&#038;p=37209"},"modified":"2024-11-18T10:56:58","modified_gmt":"2024-11-18T09:56:58","slug":"2-pack-gloggkrus-fra-lykketegning-kos-og-lykke","status":"publish","type":"product","link":"https:\/\/www.lykketegning.no\/en\/product\/2-pack-mulled-wine-mugs-from-happiness-drawing-cos-og-lykke\/","title":{"rendered":"2 pack Mulled wine mugs from Happiness Drawing \"KOS\" and \"LYKKE\""},"content":{"rendered":"<p>2 pack Mulled wine mugs from Happiness Drawing \"KOS\" and \"LYKKE\"<\/p>\n<p>Now you can buy the Christmas mugs \"KOS\" and \"LYKKE\" in slightly smaller cups 2 pack.<\/p>\n<p>Perfect for mulled wine. That's why we call them mulled wine cups.<\/p>\n<p>Beautiful red colour and perfect for Christmas.<\/p>\n<p>Also check out the other mulled wine cups; \"Hygge\" and \"Ro\"<\/p>\n<p>Mug red D7 H9 28 cl Material: Ceramic<\/p>\n<p>Dishwasher safe<\/p>\n<p>Popular mug with quote from Lucky Drawing<\/p>\n<p>This year's Christmas cups have arrived! Order both \"Joy\" and \"Harmony\"<\/p>\n<p>Great Christmas gift for others or for yourself!<\/p>\n<p>Also check out the other mugs such as Glede, Kos og Lykke, Ro og hygge. As well as the lovely cake boxes from Lykketegning.<\/p>\n<p>&nbsp;<\/p>\n<p>&nbsp;<\/p>\n<p><strong>\"At Lykketegning, every illustration is created with warmth and care.<\/strong><br \/>\n<strong>With strong colours, clear lines and good quotes, Happiness Drawing wants to make you stop for a moment, take a deep breath and then set a good course forward.<\/strong><br \/>\n<strong>\"The hearts and smiles are from me to you to remind you that you are really good!\"<\/strong><\/p>\n<p>&nbsp;<\/p>\n<p>On the website you will find some illustrations and other products such as cups, greeting cards and calendars.<\/p>\n<p>New products are constantly being added here, so feel free to sign up for the newsletter for monthly updates.<\/p>\n<p>For <strong>many many many many<\/strong> more illustrations; visit my Instagram and Facebook profile.<\/p>\n<p>In fact, all illustrations are for sale. 999kr for A4 and 1500kr for A3.<\/p>\n<p>You can also order your very own - great gifts to give to weddings and other parties. Get in touch inbox for this.<\/p>\n<p><em>Price: 1500kr for A4 and A5 (up to 5 people\/animal) additional cost for more (up to 5 people\/animal). A3 2000kr ex postage. I need to know hair colour\/hair type, height, interests and desired number of illustrated people. Any quotes you want included.<\/em><\/p>\n<p>If you have any questions, don't hesitate to get in touch! If you would like to have a chat about possible co-operation, please send me an email.<\/p>\n<p>Looking forward to hearing from you and hope you have a wonderful day. <a href=\"https:\/\/www.facebook.com\/lykketegning\/?locale=nb_NO\">This will take you to my Facebook page.<\/a> And if you want to follow me on<a href=\"https:\/\/www.instagram.com\/lykketegning\/?hl=nb\"> Instagram, you'll find it here.<\/a><\/p>\n<p>Artist<br \/>\nIngebj\u00f8rg Rang\u00f8y Sj\u00e5land<\/p>\n<p>&nbsp;<\/p>\n<div class=\"page\" title=\"Page 1\"><\/div>\n<div class=\"page\" title=\"Page 1\"><\/div>","protected":false},"excerpt":{"rendered":"<p>2 pack Mulled wine mugs from Happiness Drawing \"KOS\" and \"LYKKE\"<\/p>\n<p>Now you can buy the Christmas mugs \"KOS\" and \"LYKKE\" in slightly smaller cups 2 pack.<\/p>\n<p>Perfect for mulled wine. That's why we call them mulled wine cups.<\/p>\n<p>Beautiful red colour and perfect for Christmas.<\/p>\n<p>Also check out the other mulled wine cups; \"Hygge\" and \"Ro\"<\/p>\n<p>Mug red D7 H9 28 cl Material: Ceramic<\/p>\n<p>Dishwasher safe<\/p>\n<p>Popular mug with quote from Lucky Drawing<\/p>\n<div class=\"page\" title=\"Page 1\"><\/div>","protected":false},"featured_media":37210,"comment_status":"closed","ping_status":"closed","template":"","meta":[],"product_brand":[],"product_cat":[41],"product_tag":[273,158,377,191,43,121,217],"class_list":{"0":"post-37209","1":"product","2":"type-product","3":"status-publish","4":"has-post-thumbnail","6":"product_cat-lykkekopper","7":"product_tag-gloggkopper","8":"product_tag-jul","9":"product_tag-kos-og-lykke","10":"product_tag-lykke","11":"product_tag-lykkekopp","12":"product_tag-lykkekrus","13":"product_tag-ro","15":"first","16":"outofstock","17":"taxable","18":"shipping-taxable","19":"purchasable","20":"product-type-simple"},"yoast_head":"<!-- This site is optimized with the Yoast SEO plugin v27.4 - https:\/\/yoast.com\/product\/yoast-seo-wordpress\/ -->\n<title>2 pack Gl\u00f8ggkrus fra Lykketegning &quot;KOS &quot; og &quot;LYKKE&quot; - LYKKETEGNING ILLUSTRAT\u00d8R<\/title>\n<meta name=\"description\" content=\"2 pack Gl\u00f8ggkrus fra Lykketegning &quot;KOS &quot; og &quot;LYKKE&quot; N\u00e5 kan du kj\u00f8pe julekrusene &quot;KOS&quot; og &quot;LYKKE&quot; i litt mindre kopper 2 pack. Perfekte til gl\u00f8gg. Derfor kaller vi de gl\u00f8ggkopper. Nydelig r\u00f8dfarge og perfekt til julen.\" \/>\n<meta name=\"robots\" content=\"index, follow, max-snippet:-1, max-image-preview:large, max-video-preview:-1\" \/>\n<link rel=\"canonical\" href=\"https:\/\/www.lykketegning.no\/en\/product\/2-pack-mulled-wine-mugs-from-happiness-drawing-cos-og-lykke\/\" \/>\n<meta property=\"og:locale\" content=\"en_GB\" \/>\n<meta property=\"og:type\" content=\"article\" \/>\n<meta property=\"og:title\" content=\"2 pack Gl\u00f8ggkrus fra Lykketegning &quot;KOS &quot; og &quot;LYKKE&quot; - LYKKETEGNING ILLUSTRAT\u00d8R\" \/>\n<meta property=\"og:description\" content=\"2 pack Gl\u00f8ggkrus fra Lykketegning &quot;KOS &quot; og &quot;LYKKE&quot; N\u00e5 kan du kj\u00f8pe julekrusene &quot;KOS&quot; og &quot;LYKKE&quot; i litt mindre kopper 2 pack. Perfekte til gl\u00f8gg. Derfor kaller vi de gl\u00f8ggkopper. Nydelig r\u00f8dfarge og perfekt til julen.\" \/>\n<meta property=\"og:url\" content=\"https:\/\/www.lykketegning.no\/en\/product\/2-pack-mulled-wine-mugs-from-happiness-drawing-cos-og-lykke\/\" \/>\n<meta property=\"og:site_name\" content=\"LYKKETEGNING ILLUSTRAT\u00d8R\" \/>\n<meta property=\"article:publisher\" content=\"https:\/\/www.facebook.com\/lykketegning\/\" \/>\n<meta property=\"article:modified_time\" content=\"2024-11-18T09:56:58+00:00\" \/>\n<meta property=\"og:image\" content=\"https:\/\/www.lykketegning.no\/wp-content\/uploads\/2024\/04\/46203235_GB.jpg\" \/>\n\t<meta property=\"og:image:width\" content=\"700\" \/>\n\t<meta property=\"og:image:height\" content=\"700\" \/>\n\t<meta property=\"og:image:type\" content=\"image\/jpeg\" \/>\n<meta name=\"twitter:card\" content=\"summary_large_image\" \/>\n<meta name=\"twitter:label1\" content=\"Estimated reading time\" \/>\n\t<meta name=\"twitter:data1\" content=\"3 minutes\" \/>\n<script type=\"application\/ld+json\" class=\"yoast-schema-graph\">{\"@context\":\"https:\\\/\\\/schema.org\",\"@graph\":[{\"@type\":\"WebPage\",\"@id\":\"https:\\\/\\\/www.lykketegning.no\\\/en\\\/product-2\\\/2-pack-mulled-wine-mugs-from-happiness-drawing-cos-og-lykke\\\/\",\"url\":\"https:\\\/\\\/www.lykketegning.no\\\/en\\\/product-2\\\/2-pack-mulled-wine-mugs-from-happiness-drawing-cos-og-lykke\\\/\",\"name\":\"2 pack Gl\u00f8ggkrus fra Lykketegning \\\"KOS \\\" og \\\"LYKKE\\\" - LYKKETEGNING ILLUSTRAT\u00d8R\",\"isPartOf\":{\"@id\":\"https:\\\/\\\/www.lykketegning.no\\\/#website\"},\"primaryImageOfPage\":{\"@id\":\"https:\\\/\\\/www.lykketegning.no\\\/en\\\/product-2\\\/2-pack-mulled-wine-mugs-from-happiness-drawing-cos-og-lykke\\\/#primaryimage\"},\"image\":{\"@id\":\"https:\\\/\\\/www.lykketegning.no\\\/en\\\/product-2\\\/2-pack-mulled-wine-mugs-from-happiness-drawing-cos-og-lykke\\\/#primaryimage\"},\"thumbnailUrl\":\"https:\\\/\\\/www.lykketegning.no\\\/wp-content\\\/uploads\\\/2024\\\/04\\\/46203235_GB.jpg\",\"datePublished\":\"2022-11-01T16:32:04+00:00\",\"dateModified\":\"2024-11-18T09:56:58+00:00\",\"description\":\"2 pack Gl\u00f8ggkrus fra Lykketegning \\\"KOS \\\" og \\\"LYKKE\\\" N\u00e5 kan du kj\u00f8pe julekrusene \\\"KOS\\\" og \\\"LYKKE\\\" i litt mindre kopper 2 pack. Perfekte til gl\u00f8gg. Derfor kaller vi de gl\u00f8ggkopper. Nydelig r\u00f8dfarge og perfekt til julen.\",\"breadcrumb\":{\"@id\":\"https:\\\/\\\/www.lykketegning.no\\\/en\\\/product-2\\\/2-pack-mulled-wine-mugs-from-happiness-drawing-cos-og-lykke\\\/#breadcrumb\"},\"inLanguage\":\"en-GB\",\"potentialAction\":[{\"@type\":\"ReadAction\",\"target\":[\"https:\\\/\\\/www.lykketegning.no\\\/en\\\/product-2\\\/2-pack-mulled-wine-mugs-from-happiness-drawing-cos-og-lykke\\\/\"]}]},{\"@type\":\"ImageObject\",\"inLanguage\":\"en-GB\",\"@id\":\"https:\\\/\\\/www.lykketegning.no\\\/en\\\/product-2\\\/2-pack-mulled-wine-mugs-from-happiness-drawing-cos-og-lykke\\\/#primaryimage\",\"url\":\"https:\\\/\\\/www.lykketegning.no\\\/wp-content\\\/uploads\\\/2024\\\/04\\\/46203235_GB.jpg\",\"contentUrl\":\"https:\\\/\\\/www.lykketegning.no\\\/wp-content\\\/uploads\\\/2024\\\/04\\\/46203235_GB.jpg\",\"width\":700,\"height\":700,\"caption\":\"2 pack Gl\u00f8ggkrus fra Lykketegning \\\"KOS \\\" og \\\"LYKKE\\\"\"},{\"@type\":\"BreadcrumbList\",\"@id\":\"https:\\\/\\\/www.lykketegning.no\\\/en\\\/product-2\\\/2-pack-mulled-wine-mugs-from-happiness-drawing-cos-og-lykke\\\/#breadcrumb\",\"itemListElement\":[{\"@type\":\"ListItem\",\"position\":1,\"name\":\"Hjem\",\"item\":\"https:\\\/\\\/www.lykketegning.no\\\/\"},{\"@type\":\"ListItem\",\"position\":2,\"name\":\"Shop\",\"item\":\"https:\\\/\\\/www.lykketegning.no\\\/sv\\\/webbutik\\\/\"},{\"@type\":\"ListItem\",\"position\":3,\"name\":\"2 pack Gl\u00f8ggkrus fra Lykketegning &#8220;KOS &#8221; og &#8220;LYKKE&#8221;\"}]},{\"@type\":\"WebSite\",\"@id\":\"https:\\\/\\\/www.lykketegning.no\\\/#website\",\"url\":\"https:\\\/\\\/www.lykketegning.no\\\/\",\"name\":\"LYKKETEGNING ILLUSTRAT\u00d8R\",\"description\":\"\",\"publisher\":{\"@id\":\"https:\\\/\\\/www.lykketegning.no\\\/#organization\"},\"potentialAction\":[{\"@type\":\"SearchAction\",\"target\":{\"@type\":\"EntryPoint\",\"urlTemplate\":\"https:\\\/\\\/www.lykketegning.no\\\/?s={search_term_string}\"},\"query-input\":{\"@type\":\"PropertyValueSpecification\",\"valueRequired\":true,\"valueName\":\"search_term_string\"}}],\"inLanguage\":\"en-GB\"},{\"@type\":\"Organization\",\"@id\":\"https:\\\/\\\/www.lykketegning.no\\\/#organization\",\"name\":\"LYKKETEGNING ILLUSTRAT\u00d8R\",\"url\":\"https:\\\/\\\/www.lykketegning.no\\\/\",\"logo\":{\"@type\":\"ImageObject\",\"inLanguage\":\"en-GB\",\"@id\":\"https:\\\/\\\/www.lykketegning.no\\\/#\\\/schema\\\/logo\\\/image\\\/\",\"url\":\"https:\\\/\\\/www.lykketegning.no\\\/wp-content\\\/uploads\\\/2020\\\/03\\\/Logo2020_h400px.jpg\",\"contentUrl\":\"https:\\\/\\\/www.lykketegning.no\\\/wp-content\\\/uploads\\\/2020\\\/03\\\/Logo2020_h400px.jpg\",\"width\":1024,\"height\":400,\"caption\":\"LYKKETEGNING ILLUSTRAT\u00d8R\"},\"image\":{\"@id\":\"https:\\\/\\\/www.lykketegning.no\\\/#\\\/schema\\\/logo\\\/image\\\/\"},\"sameAs\":[\"https:\\\/\\\/www.facebook.com\\\/lykketegning\\\/\",\"https:\\\/\\\/www.instagram.com\\\/lykketegning\\\/\",\"https:\\\/\\\/www.youtube.com\\\/@lykketegningillustrations\",\"https:\\\/\\\/www.tiktok.com\\\/@lykketegningillustration\"]}]}<\/script>\n<!-- \/ Yoast SEO plugin. -->","yoast_head_json":{"title":"2 pack of mulled wine mugs from Lykketegning \"KOS\" and \"LYKKE\" - LYKKETEGNING ILLUSTRAT\u00d8R","description":"2 pack Mulled wine mugs from Lykketegning \"KOS\" and \"LYKKE\" Now you can buy the Christmas mugs \"KOS\" and \"LYKKE\" in slightly smaller cups 2 pack. Perfect for mulled wine. That's why we call them mulled wine cups. Beautiful red colour and perfect for Christmas.","robots":{"index":"index","follow":"follow","max-snippet":"max-snippet:-1","max-image-preview":"max-image-preview:large","max-video-preview":"max-video-preview:-1"},"canonical":"https:\/\/www.lykketegning.no\/en\/product\/2-pack-mulled-wine-mugs-from-happiness-drawing-cos-og-lykke\/","og_locale":"en_GB","og_type":"article","og_title":"2 pack Gl\u00f8ggkrus fra Lykketegning \"KOS \" og \"LYKKE\" - LYKKETEGNING ILLUSTRAT\u00d8R","og_description":"2 pack Gl\u00f8ggkrus fra Lykketegning \"KOS \" og \"LYKKE\" N\u00e5 kan du kj\u00f8pe julekrusene \"KOS\" og \"LYKKE\" i litt mindre kopper 2 pack. Perfekte til gl\u00f8gg. Derfor kaller vi de gl\u00f8ggkopper. Nydelig r\u00f8dfarge og perfekt til julen.","og_url":"https:\/\/www.lykketegning.no\/en\/product\/2-pack-mulled-wine-mugs-from-happiness-drawing-cos-og-lykke\/","og_site_name":"LYKKETEGNING ILLUSTRAT\u00d8R","article_publisher":"https:\/\/www.facebook.com\/lykketegning\/","article_modified_time":"2024-11-18T09:56:58+00:00","og_image":[{"width":700,"height":700,"url":"https:\/\/www.lykketegning.no\/wp-content\/uploads\/2024\/04\/46203235_GB.jpg","type":"image\/jpeg"}],"twitter_card":"summary_large_image","twitter_misc":{"Estimated reading time":"3 minutes"},"schema":{"@context":"https:\/\/schema.org","@graph":[{"@type":"WebPage","@id":"https:\/\/www.lykketegning.no\/en\/product-2\/2-pack-mulled-wine-mugs-from-happiness-drawing-cos-og-lykke\/","url":"https:\/\/www.lykketegning.no\/en\/product-2\/2-pack-mulled-wine-mugs-from-happiness-drawing-cos-og-lykke\/","name":"2 pack of mulled wine mugs from Lykketegning \"KOS\" and \"LYKKE\" - LYKKETEGNING ILLUSTRAT\u00d8R","isPartOf":{"@id":"https:\/\/www.lykketegning.no\/#website"},"primaryImageOfPage":{"@id":"https:\/\/www.lykketegning.no\/en\/product-2\/2-pack-mulled-wine-mugs-from-happiness-drawing-cos-og-lykke\/#primaryimage"},"image":{"@id":"https:\/\/www.lykketegning.no\/en\/product-2\/2-pack-mulled-wine-mugs-from-happiness-drawing-cos-og-lykke\/#primaryimage"},"thumbnailUrl":"https:\/\/www.lykketegning.no\/wp-content\/uploads\/2024\/04\/46203235_GB.jpg","datePublished":"2022-11-01T16:32:04+00:00","dateModified":"2024-11-18T09:56:58+00:00","description":"2 pack Mulled wine mugs from Lykketegning \"KOS\" and \"LYKKE\" Now you can buy the Christmas mugs \"KOS\" and \"LYKKE\" in slightly smaller cups 2 pack. Perfect for mulled wine. That's why we call them mulled wine cups. Beautiful red colour and perfect for Christmas.","breadcrumb":{"@id":"https:\/\/www.lykketegning.no\/en\/product-2\/2-pack-mulled-wine-mugs-from-happiness-drawing-cos-og-lykke\/#breadcrumb"},"inLanguage":"en-GB","potentialAction":[{"@type":"ReadAction","target":["https:\/\/www.lykketegning.no\/en\/product-2\/2-pack-mulled-wine-mugs-from-happiness-drawing-cos-og-lykke\/"]}]},{"@type":"ImageObject","inLanguage":"en-GB","@id":"https:\/\/www.lykketegning.no\/en\/product-2\/2-pack-mulled-wine-mugs-from-happiness-drawing-cos-og-lykke\/#primaryimage","url":"https:\/\/www.lykketegning.no\/wp-content\/uploads\/2024\/04\/46203235_GB.jpg","contentUrl":"https:\/\/www.lykketegning.no\/wp-content\/uploads\/2024\/04\/46203235_GB.jpg","width":700,"height":700,"caption":"2 pack Gl\u00f8ggkrus fra Lykketegning \"KOS \" og \"LYKKE\""},{"@type":"BreadcrumbList","@id":"https:\/\/www.lykketegning.no\/en\/product-2\/2-pack-mulled-wine-mugs-from-happiness-drawing-cos-og-lykke\/#breadcrumb","itemListElement":[{"@type":"ListItem","position":1,"name":"Hjem","item":"https:\/\/www.lykketegning.no\/"},{"@type":"ListItem","position":2,"name":"Shop","item":"https:\/\/www.lykketegning.no\/sv\/webbutik\/"},{"@type":"ListItem","position":3,"name":"2 pack Gl\u00f8ggkrus fra Lykketegning &#8220;KOS &#8221; og &#8220;LYKKE&#8221;"}]},{"@type":"WebSite","@id":"https:\/\/www.lykketegning.no\/#website","url":"https:\/\/www.lykketegning.no\/","name":"LYKKETEGNING ILLUSTRATOR","description":"","publisher":{"@id":"https:\/\/www.lykketegning.no\/#organization"},"potentialAction":[{"@type":"SearchAction","target":{"@type":"EntryPoint","urlTemplate":"https:\/\/www.lykketegning.no\/?s={search_term_string}"},"query-input":{"@type":"PropertyValueSpecification","valueRequired":true,"valueName":"search_term_string"}}],"inLanguage":"en-GB"},{"@type":"Organization","@id":"https:\/\/www.lykketegning.no\/#organization","name":"LYKKETEGNING ILLUSTRATOR","url":"https:\/\/www.lykketegning.no\/","logo":{"@type":"ImageObject","inLanguage":"en-GB","@id":"https:\/\/www.lykketegning.no\/#\/schema\/logo\/image\/","url":"https:\/\/www.lykketegning.no\/wp-content\/uploads\/2020\/03\/Logo2020_h400px.jpg","contentUrl":"https:\/\/www.lykketegning.no\/wp-content\/uploads\/2020\/03\/Logo2020_h400px.jpg","width":1024,"height":400,"caption":"LYKKETEGNING ILLUSTRAT\u00d8R"},"image":{"@id":"https:\/\/www.lykketegning.no\/#\/schema\/logo\/image\/"},"sameAs":["https:\/\/www.facebook.com\/lykketegning\/","https:\/\/www.instagram.com\/lykketegning\/","https:\/\/www.youtube.com\/@lykketegningillustrations","https:\/\/www.tiktok.com\/@lykketegningillustration"]}]}},"_links":{"self":[{"href":"https:\/\/www.lykketegning.no\/en\/wp-json\/wp\/v2\/product\/37209","targetHints":{"allow":["GET"]}}],"collection":[{"href":"https:\/\/www.lykketegning.no\/en\/wp-json\/wp\/v2\/product"}],"about":[{"href":"https:\/\/www.lykketegning.no\/en\/wp-json\/wp\/v2\/types\/product"}],"replies":[{"embeddable":true,"href":"https:\/\/www.lykketegning.no\/en\/wp-json\/wp\/v2\/comments?post=37209"}],"wp:featuredmedia":[{"embeddable":true,"href":"https:\/\/www.lykketegning.no\/en\/wp-json\/wp\/v2\/media\/37210"}],"wp:attachment":[{"href":"https:\/\/www.lykketegning.no\/en\/wp-json\/wp\/v2\/media?parent=37209"}],"wp:term":[{"taxonomy":"product_brand","embeddable":true,"href":"https:\/\/www.lykketegning.no\/en\/wp-json\/wp\/v2\/product_brand?post=37209"},{"taxonomy":"product_cat","embeddable":true,"href":"https:\/\/www.lykketegning.no\/en\/wp-json\/wp\/v2\/product_cat?post=37209"},{"taxonomy":"product_tag","embeddable":true,"href":"https:\/\/www.lykketegning.no\/en\/wp-json\/wp\/v2\/product_tag?post=37209"}],"curies":[{"name":"wp","href":"https:\/\/api.w.org\/{rel}","templated":true}]}}