{"id":36918,"date":"2025-12-02T23:53:50","date_gmt":"2025-12-02T22:53:50","guid":{"rendered":"https:\/\/www.lykketegning.no\/fornyelse\/?post_type=product&#038;p=36918"},"modified":"2026-04-03T17:11:16","modified_gmt":"2026-04-03T15:11:16","slug":"jubileumstilbud-pa-lykkekoppen-lev","status":"publish","type":"product","link":"https:\/\/www.lykketegning.no\/en\/product\/anniversary-offer-on-happiness-cup-life\/","title":{"rendered":"The cup of happiness LEV"},"content":{"rendered":"<h2>\u00a0The cup of happiness LEV<\/h2>\n<p>\"Look up, look out. Life is right now. Embrace it. It's meant to be lived\"<\/p>\n<p>The popular new mug \"Lev\" is delicious to drink from. Order now and get your own Happy Mug! Great gift for a friend or for yourself!<\/p>\n<p>Also check out the mug \"Love, enjoy, dream, listen, valentine and mother's day\".<\/p>\n<p>Mug Light green D8 H9,5 470ml Material: Porcelain<\/p>\n<p>Can be washed in a dishwasher<\/p>\n<h4>More about Lucky drawing:<\/h4>\n<div class=\"row tab-table-row\">\n<div class=\"col-xs-6\"><strong>\"At Lykketegning, every illustration is created with warmth and care.<\/strong><br \/>\n<strong>With strong colours, clear lines and good quotes, Happiness Drawing wants to make you stop for a moment, take a deep breath and then set a good course forward.<\/strong><br \/>\n<strong>\"The hearts and smiles are from me to you to remind you that you are really good!\"<\/strong><\/div>\n<div class=\"col-xs-6\">\n<p>On the website you will find some illustrations and other products such as cups, greeting cards and calendars, with new products being added all the time, so feel free to sign up to the newsletter for monthly updates.<\/p>\n<p>For <strong>many many many many<\/strong> more illustrations; visit my Instagram and Facebook profile.<\/p>\n<p>In fact, all illustrations are for sale. 999kr for A4 and 1500kr for A3.<\/p>\n<p>You can also order your very own - great gifts to give to weddings and other parties. Get in touch inbox for this.<\/p>\n<p><em>Price: 1500kr for A4 and A5 (up to 5 people\/animal) additional cost for more (up to 5 people\/animal). A3 2000kr ex postage. I need to know hair colour\/hair type, height, interests and desired number of illustrated people. Any quotes you want included.<\/em><\/p>\n<p>If you have any questions, don't hesitate to get in touch! If you would like to have a chat about possible co-operation, please send me an email.<\/p>\n<p>Looking forward to hearing from you and hope you have a wonderful day. <a href=\"https:\/\/www.facebook.com\/lykketegning\/?locale=nb_NO\">This will take you to my Facebook page.<\/a> And if you want to follow me on<a href=\"https:\/\/www.instagram.com\/lykketegning\/?hl=nb\"> Instagram, you'll find it here.<\/a><\/p>\n<p>Artist<br \/>\nIngebj\u00f8rg Rang\u00f8y Sj\u00e5land<\/p>\n<p>&nbsp;<\/p>\n<\/div>\n<\/div>\n<div><\/div>\n<p>&nbsp;<\/p>","protected":false},"excerpt":{"rendered":"<h2>The cup of happiness LEV<\/h2>\n<p>\"Look up, look out. Life is right now. Embrace it. It's meant to be lived\"<\/p>\n<p>The popular new mug \"Lev\" is delicious to drink from. Order now and get your own Happy Mug! Great gift for a friend or for yourself!<\/p>\n<p>Also check out the mug \"Love, enjoy, dream, listen, valentine and mother's day\".<\/p>\n<p>Mug Light green D8 H9,5 470ml Material: Ceramic<\/p>\n<p>&nbsp;<\/p>","protected":false},"featured_media":39710,"comment_status":"open","ping_status":"closed","template":"","meta":[],"product_brand":[],"product_cat":[41],"product_tag":[12,13,401,281],"class_list":{"0":"post-36918","1":"product","2":"type-product","3":"status-publish","4":"has-post-thumbnail","6":"product_cat-lykkekopper","7":"product_tag-kopp","8":"product_tag-krus","9":"product_tag-lev","10":"product_tag-lykkekopp-lev","12":"first","13":"instock","14":"taxable","15":"shipping-taxable","16":"purchasable","17":"product-type-simple"},"yoast_head":"<!-- This site is optimized with the Yoast SEO plugin v27.3 - https:\/\/yoast.com\/product\/yoast-seo-wordpress\/ -->\n<title>Lykkekoppen LEV - LYKKETEGNING ILLUSTRAT\u00d8R<\/title>\n<meta name=\"description\" content=\"Lykkekrus LEV fra Lykketegning. JUBILEUMSTILBUD. Lykketegning fyller 10 \u00e5r og har derfor jubileumstilbud p\u00e5 lykkekruset &quot;Lev&quot; (s\u00e5 langt lageret rekker).\u00a0\" \/>\n<meta name=\"robots\" content=\"index, follow, max-snippet:-1, max-image-preview:large, max-video-preview:-1\" \/>\n<link rel=\"canonical\" href=\"https:\/\/www.lykketegning.no\/en\/product\/anniversary-offer-on-happiness-cup-life\/\" \/>\n<meta property=\"og:locale\" content=\"en_GB\" \/>\n<meta property=\"og:type\" content=\"article\" \/>\n<meta property=\"og:title\" content=\"Lykkekoppen LEV - LYKKETEGNING ILLUSTRAT\u00d8R\" \/>\n<meta property=\"og:description\" content=\"Lykkekrus LEV fra Lykketegning. JUBILEUMSTILBUD. Lykketegning fyller 10 \u00e5r og har derfor jubileumstilbud p\u00e5 lykkekruset &quot;Lev&quot; (s\u00e5 langt lageret rekker).\u00a0\" \/>\n<meta property=\"og:url\" content=\"https:\/\/www.lykketegning.no\/en\/product\/anniversary-offer-on-happiness-cup-life\/\" \/>\n<meta property=\"og:site_name\" content=\"LYKKETEGNING ILLUSTRAT\u00d8R\" \/>\n<meta property=\"article:publisher\" content=\"https:\/\/www.facebook.com\/lykketegning\/\" \/>\n<meta property=\"article:modified_time\" content=\"2026-04-03T15:11:16+00:00\" \/>\n<meta name=\"twitter:card\" content=\"summary_large_image\" \/>\n<meta name=\"twitter:label1\" content=\"Estimated reading time\" \/>\n\t<meta name=\"twitter:data1\" content=\"2 minutes\" \/>\n<script type=\"application\/ld+json\" class=\"yoast-schema-graph\">{\"@context\":\"https:\\\/\\\/schema.org\",\"@graph\":[{\"@type\":\"WebPage\",\"@id\":\"https:\\\/\\\/www.lykketegning.no\\\/produkt\\\/jubileumstilbud-pa-lykkekoppen-lev\\\/\",\"url\":\"https:\\\/\\\/www.lykketegning.no\\\/produkt\\\/jubileumstilbud-pa-lykkekoppen-lev\\\/\",\"name\":\"Lykkekoppen LEV - LYKKETEGNING ILLUSTRAT\u00d8R\",\"isPartOf\":{\"@id\":\"https:\\\/\\\/www.lykketegning.no\\\/#website\"},\"primaryImageOfPage\":{\"@id\":\"https:\\\/\\\/www.lykketegning.no\\\/produkt\\\/jubileumstilbud-pa-lykkekoppen-lev\\\/#primaryimage\"},\"image\":{\"@id\":\"https:\\\/\\\/www.lykketegning.no\\\/produkt\\\/jubileumstilbud-pa-lykkekoppen-lev\\\/#primaryimage\"},\"thumbnailUrl\":\"https:\\\/\\\/www.lykketegning.no\\\/wp-content\\\/uploads\\\/2023\\\/09\\\/IMG_7235-scaled.jpg\",\"datePublished\":\"2025-12-02T22:53:50+00:00\",\"dateModified\":\"2026-04-03T15:11:16+00:00\",\"description\":\"Lykkekrus LEV fra Lykketegning. JUBILEUMSTILBUD. Lykketegning fyller 10 \u00e5r og har derfor jubileumstilbud p\u00e5 lykkekruset \\\"Lev\\\" (s\u00e5 langt lageret rekker).\u00a0\",\"breadcrumb\":{\"@id\":\"https:\\\/\\\/www.lykketegning.no\\\/produkt\\\/jubileumstilbud-pa-lykkekoppen-lev\\\/#breadcrumb\"},\"inLanguage\":\"en-GB\",\"potentialAction\":[{\"@type\":\"ReadAction\",\"target\":[\"https:\\\/\\\/www.lykketegning.no\\\/produkt\\\/jubileumstilbud-pa-lykkekoppen-lev\\\/\"]}]},{\"@type\":\"ImageObject\",\"inLanguage\":\"en-GB\",\"@id\":\"https:\\\/\\\/www.lykketegning.no\\\/produkt\\\/jubileumstilbud-pa-lykkekoppen-lev\\\/#primaryimage\",\"url\":\"https:\\\/\\\/www.lykketegning.no\\\/wp-content\\\/uploads\\\/2023\\\/09\\\/IMG_7235-scaled.jpg\",\"contentUrl\":\"https:\\\/\\\/www.lykketegning.no\\\/wp-content\\\/uploads\\\/2023\\\/09\\\/IMG_7235-scaled.jpg\",\"width\":2560,\"height\":2560},{\"@type\":\"BreadcrumbList\",\"@id\":\"https:\\\/\\\/www.lykketegning.no\\\/produkt\\\/jubileumstilbud-pa-lykkekoppen-lev\\\/#breadcrumb\",\"itemListElement\":[{\"@type\":\"ListItem\",\"position\":1,\"name\":\"Hjem\",\"item\":\"https:\\\/\\\/www.lykketegning.no\\\/\"},{\"@type\":\"ListItem\",\"position\":2,\"name\":\"Shop\",\"item\":\"https:\\\/\\\/www.lykketegning.no\\\/sv\\\/webbutik\\\/\"},{\"@type\":\"ListItem\",\"position\":3,\"name\":\"Lykkekoppen LEV\"}]},{\"@type\":\"WebSite\",\"@id\":\"https:\\\/\\\/www.lykketegning.no\\\/#website\",\"url\":\"https:\\\/\\\/www.lykketegning.no\\\/\",\"name\":\"LYKKETEGNING ILLUSTRAT\u00d8R\",\"description\":\"\",\"publisher\":{\"@id\":\"https:\\\/\\\/www.lykketegning.no\\\/#organization\"},\"potentialAction\":[{\"@type\":\"SearchAction\",\"target\":{\"@type\":\"EntryPoint\",\"urlTemplate\":\"https:\\\/\\\/www.lykketegning.no\\\/?s={search_term_string}\"},\"query-input\":{\"@type\":\"PropertyValueSpecification\",\"valueRequired\":true,\"valueName\":\"search_term_string\"}}],\"inLanguage\":\"en-GB\"},{\"@type\":\"Organization\",\"@id\":\"https:\\\/\\\/www.lykketegning.no\\\/#organization\",\"name\":\"LYKKETEGNING ILLUSTRAT\u00d8R\",\"url\":\"https:\\\/\\\/www.lykketegning.no\\\/\",\"logo\":{\"@type\":\"ImageObject\",\"inLanguage\":\"en-GB\",\"@id\":\"https:\\\/\\\/www.lykketegning.no\\\/#\\\/schema\\\/logo\\\/image\\\/\",\"url\":\"https:\\\/\\\/www.lykketegning.no\\\/wp-content\\\/uploads\\\/2020\\\/03\\\/Logo2020_h400px.jpg\",\"contentUrl\":\"https:\\\/\\\/www.lykketegning.no\\\/wp-content\\\/uploads\\\/2020\\\/03\\\/Logo2020_h400px.jpg\",\"width\":1024,\"height\":400,\"caption\":\"LYKKETEGNING ILLUSTRAT\u00d8R\"},\"image\":{\"@id\":\"https:\\\/\\\/www.lykketegning.no\\\/#\\\/schema\\\/logo\\\/image\\\/\"},\"sameAs\":[\"https:\\\/\\\/www.facebook.com\\\/lykketegning\\\/\",\"https:\\\/\\\/www.instagram.com\\\/lykketegning\\\/\",\"https:\\\/\\\/www.youtube.com\\\/@lykketegningillustrations\",\"https:\\\/\\\/www.tiktok.com\\\/@lykketegningillustration\"]}]}<\/script>\n<!-- \/ Yoast SEO plugin. -->","yoast_head_json":{"title":"Happiness cup LEV - HAPPINESS DRAWING ILLUSTRATOR","description":"Happiness mug LEV from Happiness Drawing. ANNIVERSARY OFFER. Lykketegning is celebrating its 10th anniversary and therefore has an anniversary offer on the lucky mug \"Lev\" (while stocks last).\u00a0","robots":{"index":"index","follow":"follow","max-snippet":"max-snippet:-1","max-image-preview":"max-image-preview:large","max-video-preview":"max-video-preview:-1"},"canonical":"https:\/\/www.lykketegning.no\/en\/product\/anniversary-offer-on-happiness-cup-life\/","og_locale":"en_GB","og_type":"article","og_title":"Lykkekoppen LEV - LYKKETEGNING ILLUSTRAT\u00d8R","og_description":"Lykkekrus LEV fra Lykketegning. JUBILEUMSTILBUD. Lykketegning fyller 10 \u00e5r og har derfor jubileumstilbud p\u00e5 lykkekruset \"Lev\" (s\u00e5 langt lageret rekker).\u00a0","og_url":"https:\/\/www.lykketegning.no\/en\/product\/anniversary-offer-on-happiness-cup-life\/","og_site_name":"LYKKETEGNING ILLUSTRAT\u00d8R","article_publisher":"https:\/\/www.facebook.com\/lykketegning\/","article_modified_time":"2026-04-03T15:11:16+00:00","twitter_card":"summary_large_image","twitter_misc":{"Estimated reading time":"2 minutes"},"schema":{"@context":"https:\/\/schema.org","@graph":[{"@type":"WebPage","@id":"https:\/\/www.lykketegning.no\/produkt\/jubileumstilbud-pa-lykkekoppen-lev\/","url":"https:\/\/www.lykketegning.no\/produkt\/jubileumstilbud-pa-lykkekoppen-lev\/","name":"Happiness cup LEV - HAPPINESS DRAWING ILLUSTRATOR","isPartOf":{"@id":"https:\/\/www.lykketegning.no\/#website"},"primaryImageOfPage":{"@id":"https:\/\/www.lykketegning.no\/produkt\/jubileumstilbud-pa-lykkekoppen-lev\/#primaryimage"},"image":{"@id":"https:\/\/www.lykketegning.no\/produkt\/jubileumstilbud-pa-lykkekoppen-lev\/#primaryimage"},"thumbnailUrl":"https:\/\/www.lykketegning.no\/wp-content\/uploads\/2023\/09\/IMG_7235-scaled.jpg","datePublished":"2025-12-02T22:53:50+00:00","dateModified":"2026-04-03T15:11:16+00:00","description":"Happiness mug LEV from Happiness Drawing. ANNIVERSARY OFFER. Lykketegning is celebrating its 10th anniversary and therefore has an anniversary offer on the lucky mug \"Lev\" (while stocks last).\u00a0","breadcrumb":{"@id":"https:\/\/www.lykketegning.no\/produkt\/jubileumstilbud-pa-lykkekoppen-lev\/#breadcrumb"},"inLanguage":"en-GB","potentialAction":[{"@type":"ReadAction","target":["https:\/\/www.lykketegning.no\/produkt\/jubileumstilbud-pa-lykkekoppen-lev\/"]}]},{"@type":"ImageObject","inLanguage":"en-GB","@id":"https:\/\/www.lykketegning.no\/produkt\/jubileumstilbud-pa-lykkekoppen-lev\/#primaryimage","url":"https:\/\/www.lykketegning.no\/wp-content\/uploads\/2023\/09\/IMG_7235-scaled.jpg","contentUrl":"https:\/\/www.lykketegning.no\/wp-content\/uploads\/2023\/09\/IMG_7235-scaled.jpg","width":2560,"height":2560},{"@type":"BreadcrumbList","@id":"https:\/\/www.lykketegning.no\/produkt\/jubileumstilbud-pa-lykkekoppen-lev\/#breadcrumb","itemListElement":[{"@type":"ListItem","position":1,"name":"Hjem","item":"https:\/\/www.lykketegning.no\/"},{"@type":"ListItem","position":2,"name":"Shop","item":"https:\/\/www.lykketegning.no\/sv\/webbutik\/"},{"@type":"ListItem","position":3,"name":"Lykkekoppen LEV"}]},{"@type":"WebSite","@id":"https:\/\/www.lykketegning.no\/#website","url":"https:\/\/www.lykketegning.no\/","name":"LYKKETEGNING ILLUSTRATOR","description":"","publisher":{"@id":"https:\/\/www.lykketegning.no\/#organization"},"potentialAction":[{"@type":"SearchAction","target":{"@type":"EntryPoint","urlTemplate":"https:\/\/www.lykketegning.no\/?s={search_term_string}"},"query-input":{"@type":"PropertyValueSpecification","valueRequired":true,"valueName":"search_term_string"}}],"inLanguage":"en-GB"},{"@type":"Organization","@id":"https:\/\/www.lykketegning.no\/#organization","name":"LYKKETEGNING ILLUSTRATOR","url":"https:\/\/www.lykketegning.no\/","logo":{"@type":"ImageObject","inLanguage":"en-GB","@id":"https:\/\/www.lykketegning.no\/#\/schema\/logo\/image\/","url":"https:\/\/www.lykketegning.no\/wp-content\/uploads\/2020\/03\/Logo2020_h400px.jpg","contentUrl":"https:\/\/www.lykketegning.no\/wp-content\/uploads\/2020\/03\/Logo2020_h400px.jpg","width":1024,"height":400,"caption":"LYKKETEGNING ILLUSTRAT\u00d8R"},"image":{"@id":"https:\/\/www.lykketegning.no\/#\/schema\/logo\/image\/"},"sameAs":["https:\/\/www.facebook.com\/lykketegning\/","https:\/\/www.instagram.com\/lykketegning\/","https:\/\/www.youtube.com\/@lykketegningillustrations","https:\/\/www.tiktok.com\/@lykketegningillustration"]}]}},"_links":{"self":[{"href":"https:\/\/www.lykketegning.no\/en\/wp-json\/wp\/v2\/product\/36918","targetHints":{"allow":["GET"]}}],"collection":[{"href":"https:\/\/www.lykketegning.no\/en\/wp-json\/wp\/v2\/product"}],"about":[{"href":"https:\/\/www.lykketegning.no\/en\/wp-json\/wp\/v2\/types\/product"}],"replies":[{"embeddable":true,"href":"https:\/\/www.lykketegning.no\/en\/wp-json\/wp\/v2\/comments?post=36918"}],"wp:featuredmedia":[{"embeddable":true,"href":"https:\/\/www.lykketegning.no\/en\/wp-json\/wp\/v2\/media\/39710"}],"wp:attachment":[{"href":"https:\/\/www.lykketegning.no\/en\/wp-json\/wp\/v2\/media?parent=36918"}],"wp:term":[{"taxonomy":"product_brand","embeddable":true,"href":"https:\/\/www.lykketegning.no\/en\/wp-json\/wp\/v2\/product_brand?post=36918"},{"taxonomy":"product_cat","embeddable":true,"href":"https:\/\/www.lykketegning.no\/en\/wp-json\/wp\/v2\/product_cat?post=36918"},{"taxonomy":"product_tag","embeddable":true,"href":"https:\/\/www.lykketegning.no\/en\/wp-json\/wp\/v2\/product_tag?post=36918"}],"curies":[{"name":"wp","href":"https:\/\/api.w.org\/{rel}","templated":true}]}}