{"id":3327,"date":"2017-08-01T00:13:20","date_gmt":"2017-07-31T22:13:20","guid":{"rendered":"http:\/\/www.lykketegning.no\/?post_type=product&#038;p=3327"},"modified":"2024-05-02T13:13:28","modified_gmt":"2024-05-02T11:13:28","slug":"lekker-lykke-t-skjorte-svart","status":"publish","type":"product","link":"https:\/\/www.lykketegning.no\/en\/product\/lekker-lykke-t-shirt-black\/","title":{"rendered":"Lekker Lykke T-shirt (Black)"},"content":{"rendered":"<div class=\"page\" title=\"Page 1\">\n<div class=\"section\">\n<div class=\"layoutArea\">\n<div class=\"column\">\n<p>Lekker T-skjorte med trykk; &#8220;PUST. LIVET ER N\u00c5&#8221;.<\/p>\n<p>Kroppsn\u00e6r Fashion T-shirt til dame i single jersey bomull. Kantb\u00e5nd i halsen.<\/p>\n<p>St\u00f8rrelser <strong>byttes ikke<\/strong>.\u00a0Varen kan ikke byttes da det blir bestilt gensere etter \u00f8nsket str og motiv.<\/p>\n<p>KVALITET<\/p>\n<\/div>\n<\/div>\n<div class=\"layoutArea\">\n<div class=\"column\">\n<p>100% bomull, kjemmet og forkrympet. (Gr\u00e5melert [95] 85% bomull, 15% viskose.)<br \/>\nVekt: 160 g\/m2<\/p>\n<p>Vaskes p\u00e5 40 grader, m\u00e5 vrenges. Ikke t\u00f8rketrommel.<\/p>\n<\/div>\n<\/div>\n<\/div>\n<\/div>\n","protected":false},"excerpt":{"rendered":"<div class=\"layoutArea\">\n<div class=\"column\">\n<p>T-skjorte med trykk; PUST. LIVET ER N\u00c5.<\/p>\n<p>Kroppsn\u00e6r T-shirt til dame i single jersey bomull. Kantb\u00e5nd i halsen.<\/p>\n<p>St\u00f8rrelser <strong>byttes ikke<\/strong>.<\/p>\n<p>KVALITET:<\/p>\n<p>100% bomull, kjemmet og forkrympet. (Gr\u00e5melert [95] 85% bomull, 15% viskose.)<\/p>\n<\/div>\n<\/div>\n<div class=\"layoutArea\">\n<div class=\"column\">\n<p>Vekt: 160 g\/m2<\/p>\n<p>Vaskes p\u00e5 40 grader, m\u00e5 vrenges. Ikke t\u00f8rketrommel.<\/p>\n<\/div>\n<\/div>\n","protected":false},"featured_media":3333,"comment_status":"open","ping_status":"closed","template":"","meta":[],"product_brand":[],"product_cat":[202,169],"product_tag":[129,130,127,128],"class_list":{"0":"post-3327","1":"product","2":"type-product","3":"status-publish","4":"has-post-thumbnail","6":"product_cat-klaer-med-trykk","7":"product_cat-trykk","8":"product_tag-lykkeskjorte","9":"product_tag-svart","10":"product_tag-t-skjorte","11":"product_tag-tskjorte","13":"first","14":"instock","15":"taxable","16":"shipping-taxable","17":"purchasable","18":"product-type-variable"},"yoast_head":"<!-- This site is optimized with the Yoast SEO plugin v27.3 - https:\/\/yoast.com\/product\/yoast-seo-wordpress\/ -->\n<title>Lekker Lykke T-skjorte (Svart) - LYKKETEGNING ILLUSTRAT\u00d8R<\/title>\n<meta name=\"robots\" content=\"index, follow, max-snippet:-1, max-image-preview:large, max-video-preview:-1\" \/>\n<link rel=\"canonical\" href=\"https:\/\/www.lykketegning.no\/en\/produkt\/lekker-lykke-t-skjorte-svart\/\" \/>\n<meta property=\"og:locale\" content=\"en_GB\" \/>\n<meta property=\"og:type\" content=\"article\" \/>\n<meta property=\"og:title\" content=\"Lekker Lykke T-skjorte (Svart) - LYKKETEGNING ILLUSTRAT\u00d8R\" \/>\n<meta property=\"og:description\" content=\"T-skjorte med trykk; PUST. LIVET ER N\u00c5.  Kroppsn\u00e6r T-shirt til dame i single jersey bomull. Kantb\u00e5nd i halsen.  St\u00f8rrelser byttes ikke.  KVALITET:  100% bomull, kjemmet og forkrympet. (Gr\u00e5melert [95] 85% bomull, 15% viskose.)       Vekt: 160 g\/m2  Vaskes p\u00e5 40 grader, m\u00e5 vrenges. Ikke t\u00f8rketrommel.\" \/>\n<meta property=\"og:url\" content=\"https:\/\/www.lykketegning.no\/en\/produkt\/lekker-lykke-t-skjorte-svart\/\" \/>\n<meta property=\"og:site_name\" content=\"LYKKETEGNING ILLUSTRAT\u00d8R\" \/>\n<meta property=\"article:publisher\" content=\"https:\/\/www.facebook.com\/lykketegning\/\" \/>\n<meta property=\"article:modified_time\" content=\"2024-05-02T11:13:28+00:00\" \/>\n<meta property=\"og:image\" content=\"https:\/\/www.lykketegning.no\/wp-content\/uploads\/2017\/09\/IMG_9723-scaled.jpg\" \/>\n\t<meta property=\"og:image:width\" content=\"1440\" \/>\n\t<meta property=\"og:image:height\" content=\"2560\" \/>\n\t<meta property=\"og:image:type\" content=\"image\/jpeg\" \/>\n<meta name=\"twitter:card\" content=\"summary_large_image\" \/>\n<script type=\"application\/ld+json\" class=\"yoast-schema-graph\">{\"@context\":\"https:\\\/\\\/schema.org\",\"@graph\":[{\"@type\":\"WebPage\",\"@id\":\"https:\\\/\\\/www.lykketegning.no\\\/de\\\/produkt\\\/lekker-lykke-t-skjorte-svart\\\/\",\"url\":\"https:\\\/\\\/www.lykketegning.no\\\/de\\\/produkt\\\/lekker-lykke-t-skjorte-svart\\\/\",\"name\":\"Lekker Lykke T-skjorte (Svart) - LYKKETEGNING ILLUSTRAT\u00d8R\",\"isPartOf\":{\"@id\":\"https:\\\/\\\/www.lykketegning.no\\\/#website\"},\"primaryImageOfPage\":{\"@id\":\"https:\\\/\\\/www.lykketegning.no\\\/de\\\/produkt\\\/lekker-lykke-t-skjorte-svart\\\/#primaryimage\"},\"image\":{\"@id\":\"https:\\\/\\\/www.lykketegning.no\\\/de\\\/produkt\\\/lekker-lykke-t-skjorte-svart\\\/#primaryimage\"},\"thumbnailUrl\":\"https:\\\/\\\/www.lykketegning.no\\\/wp-content\\\/uploads\\\/2017\\\/09\\\/IMG_9723-scaled.jpg\",\"datePublished\":\"2017-07-31T22:13:20+00:00\",\"dateModified\":\"2024-05-02T11:13:28+00:00\",\"breadcrumb\":{\"@id\":\"https:\\\/\\\/www.lykketegning.no\\\/de\\\/produkt\\\/lekker-lykke-t-skjorte-svart\\\/#breadcrumb\"},\"inLanguage\":\"en-GB\",\"potentialAction\":[{\"@type\":\"ReadAction\",\"target\":[\"https:\\\/\\\/www.lykketegning.no\\\/de\\\/produkt\\\/lekker-lykke-t-skjorte-svart\\\/\"]}]},{\"@type\":\"ImageObject\",\"inLanguage\":\"en-GB\",\"@id\":\"https:\\\/\\\/www.lykketegning.no\\\/de\\\/produkt\\\/lekker-lykke-t-skjorte-svart\\\/#primaryimage\",\"url\":\"https:\\\/\\\/www.lykketegning.no\\\/wp-content\\\/uploads\\\/2017\\\/09\\\/IMG_9723-scaled.jpg\",\"contentUrl\":\"https:\\\/\\\/www.lykketegning.no\\\/wp-content\\\/uploads\\\/2017\\\/09\\\/IMG_9723-scaled.jpg\",\"width\":1440,\"height\":2560},{\"@type\":\"BreadcrumbList\",\"@id\":\"https:\\\/\\\/www.lykketegning.no\\\/de\\\/produkt\\\/lekker-lykke-t-skjorte-svart\\\/#breadcrumb\",\"itemListElement\":[{\"@type\":\"ListItem\",\"position\":1,\"name\":\"Hjem\",\"item\":\"https:\\\/\\\/www.lykketegning.no\\\/\"},{\"@type\":\"ListItem\",\"position\":2,\"name\":\"Shop\",\"item\":\"https:\\\/\\\/www.lykketegning.no\\\/sv\\\/webbutik\\\/\"},{\"@type\":\"ListItem\",\"position\":3,\"name\":\"Lekker Lykke T-skjorte (Svart)\"}]},{\"@type\":\"WebSite\",\"@id\":\"https:\\\/\\\/www.lykketegning.no\\\/#website\",\"url\":\"https:\\\/\\\/www.lykketegning.no\\\/\",\"name\":\"LYKKETEGNING ILLUSTRAT\u00d8R\",\"description\":\"\",\"publisher\":{\"@id\":\"https:\\\/\\\/www.lykketegning.no\\\/#organization\"},\"potentialAction\":[{\"@type\":\"SearchAction\",\"target\":{\"@type\":\"EntryPoint\",\"urlTemplate\":\"https:\\\/\\\/www.lykketegning.no\\\/?s={search_term_string}\"},\"query-input\":{\"@type\":\"PropertyValueSpecification\",\"valueRequired\":true,\"valueName\":\"search_term_string\"}}],\"inLanguage\":\"en-GB\"},{\"@type\":\"Organization\",\"@id\":\"https:\\\/\\\/www.lykketegning.no\\\/#organization\",\"name\":\"LYKKETEGNING ILLUSTRAT\u00d8R\",\"url\":\"https:\\\/\\\/www.lykketegning.no\\\/\",\"logo\":{\"@type\":\"ImageObject\",\"inLanguage\":\"en-GB\",\"@id\":\"https:\\\/\\\/www.lykketegning.no\\\/#\\\/schema\\\/logo\\\/image\\\/\",\"url\":\"https:\\\/\\\/www.lykketegning.no\\\/wp-content\\\/uploads\\\/2020\\\/03\\\/Logo2020_h400px.jpg\",\"contentUrl\":\"https:\\\/\\\/www.lykketegning.no\\\/wp-content\\\/uploads\\\/2020\\\/03\\\/Logo2020_h400px.jpg\",\"width\":1024,\"height\":400,\"caption\":\"LYKKETEGNING ILLUSTRAT\u00d8R\"},\"image\":{\"@id\":\"https:\\\/\\\/www.lykketegning.no\\\/#\\\/schema\\\/logo\\\/image\\\/\"},\"sameAs\":[\"https:\\\/\\\/www.facebook.com\\\/lykketegning\\\/\",\"https:\\\/\\\/www.instagram.com\\\/lykketegning\\\/\",\"https:\\\/\\\/www.youtube.com\\\/@lykketegningillustrations\",\"https:\\\/\\\/www.tiktok.com\\\/@lykketegningillustration\"]}]}<\/script>\n<!-- \/ Yoast SEO plugin. -->","yoast_head_json":{"title":"Lekker Lykke T-shirt (Black) - LYKKETEGNING ILLUSTRAT\u00d8R","robots":{"index":"index","follow":"follow","max-snippet":"max-snippet:-1","max-image-preview":"max-image-preview:large","max-video-preview":"max-video-preview:-1"},"canonical":"https:\/\/www.lykketegning.no\/en\/produkt\/lekker-lykke-t-skjorte-svart\/","og_locale":"en_GB","og_type":"article","og_title":"Lekker Lykke T-skjorte (Svart) - LYKKETEGNING ILLUSTRAT\u00d8R","og_description":"T-skjorte med trykk; PUST. LIVET ER N\u00c5.  Kroppsn\u00e6r T-shirt til dame i single jersey bomull. Kantb\u00e5nd i halsen.  St\u00f8rrelser byttes ikke.  KVALITET:  100% bomull, kjemmet og forkrympet. (Gr\u00e5melert [95] 85% bomull, 15% viskose.)       Vekt: 160 g\/m2  Vaskes p\u00e5 40 grader, m\u00e5 vrenges. Ikke t\u00f8rketrommel.","og_url":"https:\/\/www.lykketegning.no\/en\/produkt\/lekker-lykke-t-skjorte-svart\/","og_site_name":"LYKKETEGNING ILLUSTRAT\u00d8R","article_publisher":"https:\/\/www.facebook.com\/lykketegning\/","article_modified_time":"2024-05-02T11:13:28+00:00","og_image":[{"width":1440,"height":2560,"url":"https:\/\/www.lykketegning.no\/wp-content\/uploads\/2017\/09\/IMG_9723-scaled.jpg","type":"image\/jpeg"}],"twitter_card":"summary_large_image","schema":{"@context":"https:\/\/schema.org","@graph":[{"@type":"WebPage","@id":"https:\/\/www.lykketegning.no\/de\/produkt\/lekker-lykke-t-skjorte-svart\/","url":"https:\/\/www.lykketegning.no\/de\/produkt\/lekker-lykke-t-skjorte-svart\/","name":"Lekker Lykke T-shirt (Black) - LYKKETEGNING ILLUSTRAT\u00d8R","isPartOf":{"@id":"https:\/\/www.lykketegning.no\/#website"},"primaryImageOfPage":{"@id":"https:\/\/www.lykketegning.no\/de\/produkt\/lekker-lykke-t-skjorte-svart\/#primaryimage"},"image":{"@id":"https:\/\/www.lykketegning.no\/de\/produkt\/lekker-lykke-t-skjorte-svart\/#primaryimage"},"thumbnailUrl":"https:\/\/www.lykketegning.no\/wp-content\/uploads\/2017\/09\/IMG_9723-scaled.jpg","datePublished":"2017-07-31T22:13:20+00:00","dateModified":"2024-05-02T11:13:28+00:00","breadcrumb":{"@id":"https:\/\/www.lykketegning.no\/de\/produkt\/lekker-lykke-t-skjorte-svart\/#breadcrumb"},"inLanguage":"en-GB","potentialAction":[{"@type":"ReadAction","target":["https:\/\/www.lykketegning.no\/de\/produkt\/lekker-lykke-t-skjorte-svart\/"]}]},{"@type":"ImageObject","inLanguage":"en-GB","@id":"https:\/\/www.lykketegning.no\/de\/produkt\/lekker-lykke-t-skjorte-svart\/#primaryimage","url":"https:\/\/www.lykketegning.no\/wp-content\/uploads\/2017\/09\/IMG_9723-scaled.jpg","contentUrl":"https:\/\/www.lykketegning.no\/wp-content\/uploads\/2017\/09\/IMG_9723-scaled.jpg","width":1440,"height":2560},{"@type":"BreadcrumbList","@id":"https:\/\/www.lykketegning.no\/de\/produkt\/lekker-lykke-t-skjorte-svart\/#breadcrumb","itemListElement":[{"@type":"ListItem","position":1,"name":"Hjem","item":"https:\/\/www.lykketegning.no\/"},{"@type":"ListItem","position":2,"name":"Shop","item":"https:\/\/www.lykketegning.no\/sv\/webbutik\/"},{"@type":"ListItem","position":3,"name":"Lekker Lykke T-skjorte (Svart)"}]},{"@type":"WebSite","@id":"https:\/\/www.lykketegning.no\/#website","url":"https:\/\/www.lykketegning.no\/","name":"LYKKETEGNING ILLUSTRATOR","description":"","publisher":{"@id":"https:\/\/www.lykketegning.no\/#organization"},"potentialAction":[{"@type":"SearchAction","target":{"@type":"EntryPoint","urlTemplate":"https:\/\/www.lykketegning.no\/?s={search_term_string}"},"query-input":{"@type":"PropertyValueSpecification","valueRequired":true,"valueName":"search_term_string"}}],"inLanguage":"en-GB"},{"@type":"Organization","@id":"https:\/\/www.lykketegning.no\/#organization","name":"LYKKETEGNING ILLUSTRATOR","url":"https:\/\/www.lykketegning.no\/","logo":{"@type":"ImageObject","inLanguage":"en-GB","@id":"https:\/\/www.lykketegning.no\/#\/schema\/logo\/image\/","url":"https:\/\/www.lykketegning.no\/wp-content\/uploads\/2020\/03\/Logo2020_h400px.jpg","contentUrl":"https:\/\/www.lykketegning.no\/wp-content\/uploads\/2020\/03\/Logo2020_h400px.jpg","width":1024,"height":400,"caption":"LYKKETEGNING ILLUSTRAT\u00d8R"},"image":{"@id":"https:\/\/www.lykketegning.no\/#\/schema\/logo\/image\/"},"sameAs":["https:\/\/www.facebook.com\/lykketegning\/","https:\/\/www.instagram.com\/lykketegning\/","https:\/\/www.youtube.com\/@lykketegningillustrations","https:\/\/www.tiktok.com\/@lykketegningillustration"]}]}},"_links":{"self":[{"href":"https:\/\/www.lykketegning.no\/en\/wp-json\/wp\/v2\/product\/3327","targetHints":{"allow":["GET"]}}],"collection":[{"href":"https:\/\/www.lykketegning.no\/en\/wp-json\/wp\/v2\/product"}],"about":[{"href":"https:\/\/www.lykketegning.no\/en\/wp-json\/wp\/v2\/types\/product"}],"replies":[{"embeddable":true,"href":"https:\/\/www.lykketegning.no\/en\/wp-json\/wp\/v2\/comments?post=3327"}],"wp:featuredmedia":[{"embeddable":true,"href":"https:\/\/www.lykketegning.no\/en\/wp-json\/wp\/v2\/media\/3333"}],"wp:attachment":[{"href":"https:\/\/www.lykketegning.no\/en\/wp-json\/wp\/v2\/media?parent=3327"}],"wp:term":[{"taxonomy":"product_brand","embeddable":true,"href":"https:\/\/www.lykketegning.no\/en\/wp-json\/wp\/v2\/product_brand?post=3327"},{"taxonomy":"product_cat","embeddable":true,"href":"https:\/\/www.lykketegning.no\/en\/wp-json\/wp\/v2\/product_cat?post=3327"},{"taxonomy":"product_tag","embeddable":true,"href":"https:\/\/www.lykketegning.no\/en\/wp-json\/wp\/v2\/product_tag?post=3327"}],"curies":[{"name":"wp","href":"https:\/\/api.w.org\/{rel}","templated":true}]}}