{"id":2871,"date":"2017-08-17T22:04:47","date_gmt":"2017-08-17T20:04:47","guid":{"rendered":"http:\/\/www.lykketegning.no\/?page_id=2871"},"modified":"2026-02-17T08:47:59","modified_gmt":"2026-02-17T07:47:59","slug":"illustrator","status":"publish","type":"page","link":"https:\/\/www.lykketegning.no\/en\/illustrator\/","title":{"rendered":"Illustrator"},"content":{"rendered":"<figure itemscope itemtype=\"https:\/\/schema.org\/ImageObject\">\n\t\t\t\t<img decoding=\"async\" src=\"https:\/\/www.lykketegning.no\/wp-content\/uploads\/2024\/04\/08-Ingebjorg.jpeg\" alt=\"08 Ingebj\u00f8rg\" height=\"1280\" width=\"853\" title=\"08 Ingebj\u00f8rg\" onerror=\"this.style.display='none'\" loading=\"lazy\" \/>\n\t<\/figure>\n\t<h1>Welcome to Happiness Drawing!<\/h1>\n<h3><em>Who makes the Lucky Drawing? <\/em><\/h3>\n<p>My name is Ingebj\u00f8rg Rang\u00f8y Sj\u00e5land and I'm the illustrator behind Lykketegning.<\/p>\n<p>I'm a trained childcare worker and have worked with deaf children in Denmark and Norway for many years. I'm 46 years old, a mum of two and married to the best man in the world.<\/p>\n<p>Retired handball player and committed choir conductor.<\/p>\n<h3>How it all started.<\/h3>\n<p><em>\"I might have dreamed big that I would be a photographer one day, an even wilder fantasy was to write a book. But it never occurred to me that I would sit and draw!<\/em><\/p>\n<p><em> Ingebj\u00f8rg Rang\u00f8y Sj\u00e5land's drawing career started when she drew a doodle of her family at a seminar. Her colleague was so excited by the drawing that she asked her to share it. Sj\u00e5land posted the drawing on Instagram, where she received 10 likes, three comments and an order. That was enough to get her drawing juices flowing - that's all it took,\" laughs Sj\u00e5land. <\/em><\/p>\n<p><em>- I didn't know if my Facebook friends were interested in my drawings, so I created a page called \"Happiness Drawing\" instead. It turned out that this created engagement, because I just got more and more followers, and more and more orders.<\/em><\/p>\n<p><em>Lykketegning now has over 80,000 followers on Facebook and Instagram. She has followers from at least 28 countries and receives orders from all over the world.<\/em><\/p>\n<em> - Most of my orders come from people who want to have their family drawn as gifts for christenings, confirmations, weddings and birthdays. Sometimes I also get family members who are no longer with us, but who I can draw in.<\/em><br \/>\n<em> Her drawings are simple, with big smiles and lots of hearts. But none of her drawings are the same, and once she starts drawing, she rarely changes them.<\/em>\n<p><em> - \"The first thing I draw is what stays, so I rarely redecorate or rebuild. <\/em><\/p>\n<p><em>They're not perfect drawings at all, but I think that's part of the charm. Life isn't perfect and neither are they, and maybe that's what strikes a chord with people.\"<\/em> <a href=\"https:\/\/www.nrk.no\/ostfold\/tar-permisjon-for-a-tegne-1.13382384\">NRK \u00d8stfold <\/a><\/p>\n<h3>500 stores in Norway<\/h3>\n<p>Drawing, creating and colouring are incredibly fun. Why don't you try it too? You can now find the Happy Cups in stores throughout Norway, as well as in my online store!<\/p>\n<p>On the website you will find some illustrations and other products such as cups, greeting cards and calendars.<\/p>\n<p>New products are constantly being launched here.<\/p>\n<p>For <strong>many many many many<\/strong> more illustrations; visit my Instagram and Facebook profile.<\/p>\n<h3>Retailer<\/h3>\n<p>If you want to become a retailer of Lykketegning, do not hesitate to contact us at post@lykketegning.no<\/p>\n<figure itemscope itemtype=\"https:\/\/schema.org\/ImageObject\">\n\t\t\t\t<img decoding=\"async\" src=\"https:\/\/www.lykketegning.no\/wp-content\/uploads\/2024\/04\/Emne-2.png\" alt=\"Topic (2)\" height=\"1280\" width=\"1061\" title=\"Topic (2)\" onerror=\"this.style.display='none'\" loading=\"lazy\" \/>\n\t<\/figure>\n\t<h3>Illustrations for sale<\/h3>\n<p>In fact, all illustrations are for sale. 999kr for A4 and 1500kr for A3.<\/p>\n<p>You can also order your very own - great gifts to give to weddings and other parties. Get in touch inbox for this.<\/p>\n<p><em>Price: 1500kr for A4 and A5 (up to 5 people\/animal) additional cost for more (up to 5 people\/animal). A3 2000kr ex postage. I need to know hair colour\/hair type, height, interests and desired number of illustrated people. Any quotes you want included.<\/em><\/p>\n<p>If you have any questions, don't hesitate to get in touch! If you would like to have a chat about possible co-operation, please send me an email.<\/p>\n<p>Looking forward to hearing from you and hope you have a wonderful day.<\/p>\nArtist<br \/>\nIngebj\u00f8rg Rang\u00f8y Sj\u00e5land","protected":false},"excerpt":{"rendered":"<p>Welcome to Lykketegning! Who makes Lykketegning? My name is Ingebj\u00f8rg Rang\u00f8y Sj\u00e5land and I'm the illustrator behind Lykketegning. I'm a trained child welfare worker and have worked with deaf children in Denmark and Norway for many years. 46 years old, mum of two and married to the best man in the world. I'm a retired handball player and a committed choir conductor. How it all...<\/p>","protected":false},"author":2008,"featured_media":0,"parent":0,"menu_order":0,"comment_status":"closed","ping_status":"closed","template":"","meta":{"footnotes":""},"class_list":["post-2871","page","type-page","status-publish","hentry"],"yoast_head":"<!-- This site is optimized with the Yoast SEO plugin v27.3 - https:\/\/yoast.com\/product\/yoast-seo-wordpress\/ -->\n<title>Illustrat\u00f8r - LYKKETEGNING ILLUSTRAT\u00d8R<\/title>\n<meta name=\"robots\" content=\"index, follow, max-snippet:-1, max-image-preview:large, max-video-preview:-1\" \/>\n<link rel=\"canonical\" href=\"https:\/\/www.lykketegning.no\/en\/illustrator\/\" \/>\n<meta property=\"og:locale\" content=\"en_GB\" \/>\n<meta property=\"og:type\" content=\"article\" \/>\n<meta property=\"og:title\" content=\"Illustrat\u00f8r - LYKKETEGNING ILLUSTRAT\u00d8R\" \/>\n<meta property=\"og:description\" content=\"Velkommen til Lykketegning! Hvem lager Lykketegning? Jeg heter Ingebj\u00f8rg Rang\u00f8y Sj\u00e5land og er illustrat\u00f8ren bak Lykketegning. Jeg er utdannet barnevernspedagog og har i mange \u00e5r arbeidet med d\u00f8ve barn i Danmark og i Norge. 46 \u00e5r gammel, mamma til to ungdommer og gift med verdens beste mann. Avdanka h\u00e5ndballspiller og engasjert kordirigent. Hvordan det hele&hellip;\" \/>\n<meta property=\"og:url\" content=\"https:\/\/www.lykketegning.no\/en\/illustrator\/\" \/>\n<meta property=\"og:site_name\" content=\"LYKKETEGNING ILLUSTRAT\u00d8R\" \/>\n<meta property=\"article:publisher\" content=\"https:\/\/www.facebook.com\/lykketegning\/\" \/>\n<meta property=\"article:modified_time\" content=\"2026-02-17T07:47:59+00:00\" \/>\n<meta property=\"og:image\" content=\"https:\/\/www.lykketegning.no\/wp-content\/uploads\/2024\/04\/08-Ingebjorg.jpeg\" \/>\n<meta name=\"twitter:card\" content=\"summary_large_image\" \/>\n<meta name=\"twitter:label1\" content=\"Estimated reading time\" \/>\n\t<meta name=\"twitter:data1\" content=\"4 minutes\" \/>\n<script type=\"application\/ld+json\" class=\"yoast-schema-graph\">{\"@context\":\"https:\\\/\\\/schema.org\",\"@graph\":[{\"@type\":\"WebPage\",\"@id\":\"https:\\\/\\\/www.lykketegning.no\\\/illustrator\\\/\",\"url\":\"https:\\\/\\\/www.lykketegning.no\\\/illustrator\\\/\",\"name\":\"Illustrat\u00f8r - LYKKETEGNING ILLUSTRAT\u00d8R\",\"isPartOf\":{\"@id\":\"https:\\\/\\\/www.lykketegning.no\\\/#website\"},\"primaryImageOfPage\":{\"@id\":\"https:\\\/\\\/www.lykketegning.no\\\/illustrator\\\/#primaryimage\"},\"image\":{\"@id\":\"https:\\\/\\\/www.lykketegning.no\\\/illustrator\\\/#primaryimage\"},\"thumbnailUrl\":\"https:\\\/\\\/www.lykketegning.no\\\/wp-content\\\/uploads\\\/2024\\\/04\\\/08-Ingebjorg.jpeg\",\"datePublished\":\"2017-08-17T20:04:47+00:00\",\"dateModified\":\"2026-02-17T07:47:59+00:00\",\"breadcrumb\":{\"@id\":\"https:\\\/\\\/www.lykketegning.no\\\/illustrator\\\/#breadcrumb\"},\"inLanguage\":\"en-GB\",\"potentialAction\":[{\"@type\":\"ReadAction\",\"target\":[\"https:\\\/\\\/www.lykketegning.no\\\/illustrator\\\/\"]}]},{\"@type\":\"ImageObject\",\"inLanguage\":\"en-GB\",\"@id\":\"https:\\\/\\\/www.lykketegning.no\\\/illustrator\\\/#primaryimage\",\"url\":\"https:\\\/\\\/www.lykketegning.no\\\/wp-content\\\/uploads\\\/2024\\\/04\\\/08-Ingebjorg.jpeg\",\"contentUrl\":\"https:\\\/\\\/www.lykketegning.no\\\/wp-content\\\/uploads\\\/2024\\\/04\\\/08-Ingebjorg.jpeg\"},{\"@type\":\"BreadcrumbList\",\"@id\":\"https:\\\/\\\/www.lykketegning.no\\\/illustrator\\\/#breadcrumb\",\"itemListElement\":[{\"@type\":\"ListItem\",\"position\":1,\"name\":\"Hjem\",\"item\":\"https:\\\/\\\/www.lykketegning.no\\\/\"},{\"@type\":\"ListItem\",\"position\":2,\"name\":\"Illustrat\u00f8r\"}]},{\"@type\":\"WebSite\",\"@id\":\"https:\\\/\\\/www.lykketegning.no\\\/#website\",\"url\":\"https:\\\/\\\/www.lykketegning.no\\\/\",\"name\":\"LYKKETEGNING ILLUSTRAT\u00d8R\",\"description\":\"\",\"publisher\":{\"@id\":\"https:\\\/\\\/www.lykketegning.no\\\/#organization\"},\"potentialAction\":[{\"@type\":\"SearchAction\",\"target\":{\"@type\":\"EntryPoint\",\"urlTemplate\":\"https:\\\/\\\/www.lykketegning.no\\\/?s={search_term_string}\"},\"query-input\":{\"@type\":\"PropertyValueSpecification\",\"valueRequired\":true,\"valueName\":\"search_term_string\"}}],\"inLanguage\":\"en-GB\"},{\"@type\":\"Organization\",\"@id\":\"https:\\\/\\\/www.lykketegning.no\\\/#organization\",\"name\":\"LYKKETEGNING ILLUSTRAT\u00d8R\",\"url\":\"https:\\\/\\\/www.lykketegning.no\\\/\",\"logo\":{\"@type\":\"ImageObject\",\"inLanguage\":\"en-GB\",\"@id\":\"https:\\\/\\\/www.lykketegning.no\\\/#\\\/schema\\\/logo\\\/image\\\/\",\"url\":\"https:\\\/\\\/www.lykketegning.no\\\/wp-content\\\/uploads\\\/2020\\\/03\\\/Logo2020_h400px.jpg\",\"contentUrl\":\"https:\\\/\\\/www.lykketegning.no\\\/wp-content\\\/uploads\\\/2020\\\/03\\\/Logo2020_h400px.jpg\",\"width\":1024,\"height\":400,\"caption\":\"LYKKETEGNING ILLUSTRAT\u00d8R\"},\"image\":{\"@id\":\"https:\\\/\\\/www.lykketegning.no\\\/#\\\/schema\\\/logo\\\/image\\\/\"},\"sameAs\":[\"https:\\\/\\\/www.facebook.com\\\/lykketegning\\\/\",\"https:\\\/\\\/www.instagram.com\\\/lykketegning\\\/\",\"https:\\\/\\\/www.youtube.com\\\/@lykketegningillustrations\",\"https:\\\/\\\/www.tiktok.com\\\/@lykketegningillustration\"]}]}<\/script>\n<!-- \/ Yoast SEO plugin. -->","yoast_head_json":{"title":"Illustrator - LYKKETEGNING ILLUSTRAT\u00d8R","robots":{"index":"index","follow":"follow","max-snippet":"max-snippet:-1","max-image-preview":"max-image-preview:large","max-video-preview":"max-video-preview:-1"},"canonical":"https:\/\/www.lykketegning.no\/en\/illustrator\/","og_locale":"en_GB","og_type":"article","og_title":"Illustrat\u00f8r - LYKKETEGNING ILLUSTRAT\u00d8R","og_description":"Velkommen til Lykketegning! Hvem lager Lykketegning? Jeg heter Ingebj\u00f8rg Rang\u00f8y Sj\u00e5land og er illustrat\u00f8ren bak Lykketegning. Jeg er utdannet barnevernspedagog og har i mange \u00e5r arbeidet med d\u00f8ve barn i Danmark og i Norge. 46 \u00e5r gammel, mamma til to ungdommer og gift med verdens beste mann. Avdanka h\u00e5ndballspiller og engasjert kordirigent. Hvordan det hele&hellip;","og_url":"https:\/\/www.lykketegning.no\/en\/illustrator\/","og_site_name":"LYKKETEGNING ILLUSTRAT\u00d8R","article_publisher":"https:\/\/www.facebook.com\/lykketegning\/","article_modified_time":"2026-02-17T07:47:59+00:00","og_image":[{"url":"https:\/\/www.lykketegning.no\/wp-content\/uploads\/2024\/04\/08-Ingebjorg.jpeg","type":"","width":"","height":""}],"twitter_card":"summary_large_image","twitter_misc":{"Estimated reading time":"4 minutes"},"schema":{"@context":"https:\/\/schema.org","@graph":[{"@type":"WebPage","@id":"https:\/\/www.lykketegning.no\/illustrator\/","url":"https:\/\/www.lykketegning.no\/illustrator\/","name":"Illustrator - LYKKETEGNING ILLUSTRAT\u00d8R","isPartOf":{"@id":"https:\/\/www.lykketegning.no\/#website"},"primaryImageOfPage":{"@id":"https:\/\/www.lykketegning.no\/illustrator\/#primaryimage"},"image":{"@id":"https:\/\/www.lykketegning.no\/illustrator\/#primaryimage"},"thumbnailUrl":"https:\/\/www.lykketegning.no\/wp-content\/uploads\/2024\/04\/08-Ingebjorg.jpeg","datePublished":"2017-08-17T20:04:47+00:00","dateModified":"2026-02-17T07:47:59+00:00","breadcrumb":{"@id":"https:\/\/www.lykketegning.no\/illustrator\/#breadcrumb"},"inLanguage":"en-GB","potentialAction":[{"@type":"ReadAction","target":["https:\/\/www.lykketegning.no\/illustrator\/"]}]},{"@type":"ImageObject","inLanguage":"en-GB","@id":"https:\/\/www.lykketegning.no\/illustrator\/#primaryimage","url":"https:\/\/www.lykketegning.no\/wp-content\/uploads\/2024\/04\/08-Ingebjorg.jpeg","contentUrl":"https:\/\/www.lykketegning.no\/wp-content\/uploads\/2024\/04\/08-Ingebjorg.jpeg"},{"@type":"BreadcrumbList","@id":"https:\/\/www.lykketegning.no\/illustrator\/#breadcrumb","itemListElement":[{"@type":"ListItem","position":1,"name":"Hjem","item":"https:\/\/www.lykketegning.no\/"},{"@type":"ListItem","position":2,"name":"Illustrat\u00f8r"}]},{"@type":"WebSite","@id":"https:\/\/www.lykketegning.no\/#website","url":"https:\/\/www.lykketegning.no\/","name":"LYKKETEGNING ILLUSTRATOR","description":"","publisher":{"@id":"https:\/\/www.lykketegning.no\/#organization"},"potentialAction":[{"@type":"SearchAction","target":{"@type":"EntryPoint","urlTemplate":"https:\/\/www.lykketegning.no\/?s={search_term_string}"},"query-input":{"@type":"PropertyValueSpecification","valueRequired":true,"valueName":"search_term_string"}}],"inLanguage":"en-GB"},{"@type":"Organization","@id":"https:\/\/www.lykketegning.no\/#organization","name":"LYKKETEGNING ILLUSTRATOR","url":"https:\/\/www.lykketegning.no\/","logo":{"@type":"ImageObject","inLanguage":"en-GB","@id":"https:\/\/www.lykketegning.no\/#\/schema\/logo\/image\/","url":"https:\/\/www.lykketegning.no\/wp-content\/uploads\/2020\/03\/Logo2020_h400px.jpg","contentUrl":"https:\/\/www.lykketegning.no\/wp-content\/uploads\/2020\/03\/Logo2020_h400px.jpg","width":1024,"height":400,"caption":"LYKKETEGNING ILLUSTRAT\u00d8R"},"image":{"@id":"https:\/\/www.lykketegning.no\/#\/schema\/logo\/image\/"},"sameAs":["https:\/\/www.facebook.com\/lykketegning\/","https:\/\/www.instagram.com\/lykketegning\/","https:\/\/www.youtube.com\/@lykketegningillustrations","https:\/\/www.tiktok.com\/@lykketegningillustration"]}]}},"_links":{"self":[{"href":"https:\/\/www.lykketegning.no\/en\/wp-json\/wp\/v2\/pages\/2871","targetHints":{"allow":["GET"]}}],"collection":[{"href":"https:\/\/www.lykketegning.no\/en\/wp-json\/wp\/v2\/pages"}],"about":[{"href":"https:\/\/www.lykketegning.no\/en\/wp-json\/wp\/v2\/types\/page"}],"author":[{"embeddable":true,"href":"https:\/\/www.lykketegning.no\/en\/wp-json\/wp\/v2\/users\/2008"}],"replies":[{"embeddable":true,"href":"https:\/\/www.lykketegning.no\/en\/wp-json\/wp\/v2\/comments?post=2871"}],"version-history":[{"count":0,"href":"https:\/\/www.lykketegning.no\/en\/wp-json\/wp\/v2\/pages\/2871\/revisions"}],"wp:attachment":[{"href":"https:\/\/www.lykketegning.no\/en\/wp-json\/wp\/v2\/media?parent=2871"}],"curies":[{"name":"wp","href":"https:\/\/api.w.org\/{rel}","templated":true}]}}