{"id":6929,"date":"2019-04-04T10:52:10","date_gmt":"2019-04-04T08:52:10","guid":{"rendered":"https:\/\/www.lykketegning.no\/?post_type=product&#038;p=6929"},"modified":"2024-04-30T12:16:17","modified_gmt":"2024-04-30T10:16:17","slug":"tegning-ill-never-stop-making-memories-with-you","status":"publish","type":"product","link":"https:\/\/www.lykketegning.no\/de\/produkt\/zeichnung-ill-nie-aufhoren-erinnerungen-mit-dir-zu-machen\/","title":{"rendered":"Zeichnung \"Ich werde nie aufh\u00f6ren, Erinnerungen mit dir zu machen\""},"content":{"rendered":"<p>Illustration im Format A4\/ A3 ohne Rahmen. Text und Haarfarbe k\u00f6nnen angefordert werden, bitte f\u00fcgen Sie eine Notiz hinzu.<\/p>","protected":false},"excerpt":{"rendered":"<p>Illustration im Format A4\/ A3 ohne Rahmen. Text und Haarfarbe k\u00f6nnen angefordert werden, bitte f\u00fcgen Sie eine Notiz hinzu.<\/p>","protected":false},"featured_media":6924,"comment_status":"open","ping_status":"closed","template":"","meta":[],"product_brand":[],"product_cat":[83,165],"product_tag":[],"class_list":{"0":"post-6929","1":"product","2":"type-product","3":"status-publish","4":"has-post-thumbnail","6":"product_cat-bryllupsgaver","7":"product_cat-handtegnede-unike-illustrasjoner","9":"first","10":"instock","11":"purchasable","12":"product-type-variable"},"yoast_head":"<!-- This site is optimized with the Yoast SEO plugin v27.3 - https:\/\/yoast.com\/product\/yoast-seo-wordpress\/ -->\n<title>Tegning &quot;I\u00b4ll never stop making memories with you&quot; - LYKKETEGNING ILLUSTRAT\u00d8R<\/title>\n<meta name=\"robots\" content=\"index, follow, max-snippet:-1, max-image-preview:large, max-video-preview:-1\" \/>\n<link rel=\"canonical\" href=\"https:\/\/www.lykketegning.no\/de\/produkt\/zeichnung-ill-nie-aufhoren-erinnerungen-mit-dir-zu-machen\/\" \/>\n<meta property=\"og:locale\" content=\"de_DE\" \/>\n<meta property=\"og:type\" content=\"article\" \/>\n<meta property=\"og:title\" content=\"Tegning &quot;I\u00b4ll never stop making memories with you&quot; - LYKKETEGNING ILLUSTRAT\u00d8R\" \/>\n<meta property=\"og:description\" content=\"Illustrasjon A4 str uten ramme. Tekst og h\u00e5rfarge kan \u00f8nskes, legg da ved merknad.\" \/>\n<meta property=\"og:url\" content=\"https:\/\/www.lykketegning.no\/de\/produkt\/zeichnung-ill-nie-aufhoren-erinnerungen-mit-dir-zu-machen\/\" \/>\n<meta property=\"og:site_name\" content=\"LYKKETEGNING ILLUSTRAT\u00d8R\" \/>\n<meta property=\"article:publisher\" content=\"https:\/\/www.facebook.com\/lykketegning\/\" \/>\n<meta property=\"article:modified_time\" content=\"2024-04-30T10:16:17+00:00\" \/>\n<meta property=\"og:image\" content=\"https:\/\/www.lykketegning.no\/wp-content\/uploads\/2019\/04\/77199BB2-63CF-4EA8-806E-0AB34B686D76-scaled.jpeg\" \/>\n\t<meta property=\"og:image:width\" content=\"1810\" \/>\n\t<meta property=\"og:image:height\" content=\"2560\" \/>\n\t<meta property=\"og:image:type\" content=\"image\/jpeg\" \/>\n<meta name=\"twitter:card\" content=\"summary_large_image\" \/>\n<script type=\"application\/ld+json\" class=\"yoast-schema-graph\">{\"@context\":\"https:\\\/\\\/schema.org\",\"@graph\":[{\"@type\":\"WebPage\",\"@id\":\"https:\\\/\\\/www.lykketegning.no\\\/produkt\\\/tegning-ill-never-stop-making-memories-with-you\\\/\",\"url\":\"https:\\\/\\\/www.lykketegning.no\\\/produkt\\\/tegning-ill-never-stop-making-memories-with-you\\\/\",\"name\":\"Tegning \\\"I\u00b4ll never stop making memories with you\\\" - LYKKETEGNING ILLUSTRAT\u00d8R\",\"isPartOf\":{\"@id\":\"https:\\\/\\\/www.lykketegning.no\\\/#website\"},\"primaryImageOfPage\":{\"@id\":\"https:\\\/\\\/www.lykketegning.no\\\/produkt\\\/tegning-ill-never-stop-making-memories-with-you\\\/#primaryimage\"},\"image\":{\"@id\":\"https:\\\/\\\/www.lykketegning.no\\\/produkt\\\/tegning-ill-never-stop-making-memories-with-you\\\/#primaryimage\"},\"thumbnailUrl\":\"https:\\\/\\\/www.lykketegning.no\\\/wp-content\\\/uploads\\\/2019\\\/04\\\/77199BB2-63CF-4EA8-806E-0AB34B686D76-scaled.jpeg\",\"datePublished\":\"2019-04-04T08:52:10+00:00\",\"dateModified\":\"2024-04-30T10:16:17+00:00\",\"breadcrumb\":{\"@id\":\"https:\\\/\\\/www.lykketegning.no\\\/produkt\\\/tegning-ill-never-stop-making-memories-with-you\\\/#breadcrumb\"},\"inLanguage\":\"de\",\"potentialAction\":[{\"@type\":\"ReadAction\",\"target\":[\"https:\\\/\\\/www.lykketegning.no\\\/produkt\\\/tegning-ill-never-stop-making-memories-with-you\\\/\"]}]},{\"@type\":\"ImageObject\",\"inLanguage\":\"de\",\"@id\":\"https:\\\/\\\/www.lykketegning.no\\\/produkt\\\/tegning-ill-never-stop-making-memories-with-you\\\/#primaryimage\",\"url\":\"https:\\\/\\\/www.lykketegning.no\\\/wp-content\\\/uploads\\\/2019\\\/04\\\/77199BB2-63CF-4EA8-806E-0AB34B686D76-scaled.jpeg\",\"contentUrl\":\"https:\\\/\\\/www.lykketegning.no\\\/wp-content\\\/uploads\\\/2019\\\/04\\\/77199BB2-63CF-4EA8-806E-0AB34B686D76-scaled.jpeg\",\"width\":1810,\"height\":2560},{\"@type\":\"BreadcrumbList\",\"@id\":\"https:\\\/\\\/www.lykketegning.no\\\/produkt\\\/tegning-ill-never-stop-making-memories-with-you\\\/#breadcrumb\",\"itemListElement\":[{\"@type\":\"ListItem\",\"position\":1,\"name\":\"Hjem\",\"item\":\"https:\\\/\\\/www.lykketegning.no\\\/\"},{\"@type\":\"ListItem\",\"position\":2,\"name\":\"Shop\",\"item\":\"https:\\\/\\\/www.lykketegning.no\\\/sv\\\/webbutik\\\/\"},{\"@type\":\"ListItem\",\"position\":3,\"name\":\"Tegning &#8220;I\u00b4ll never stop making memories with you&#8221;\"}]},{\"@type\":\"WebSite\",\"@id\":\"https:\\\/\\\/www.lykketegning.no\\\/#website\",\"url\":\"https:\\\/\\\/www.lykketegning.no\\\/\",\"name\":\"LYKKETEGNING ILLUSTRAT\u00d8R\",\"description\":\"\",\"publisher\":{\"@id\":\"https:\\\/\\\/www.lykketegning.no\\\/#organization\"},\"potentialAction\":[{\"@type\":\"SearchAction\",\"target\":{\"@type\":\"EntryPoint\",\"urlTemplate\":\"https:\\\/\\\/www.lykketegning.no\\\/?s={search_term_string}\"},\"query-input\":{\"@type\":\"PropertyValueSpecification\",\"valueRequired\":true,\"valueName\":\"search_term_string\"}}],\"inLanguage\":\"de\"},{\"@type\":\"Organization\",\"@id\":\"https:\\\/\\\/www.lykketegning.no\\\/#organization\",\"name\":\"LYKKETEGNING ILLUSTRAT\u00d8R\",\"url\":\"https:\\\/\\\/www.lykketegning.no\\\/\",\"logo\":{\"@type\":\"ImageObject\",\"inLanguage\":\"de\",\"@id\":\"https:\\\/\\\/www.lykketegning.no\\\/#\\\/schema\\\/logo\\\/image\\\/\",\"url\":\"https:\\\/\\\/www.lykketegning.no\\\/wp-content\\\/uploads\\\/2020\\\/03\\\/Logo2020_h400px.jpg\",\"contentUrl\":\"https:\\\/\\\/www.lykketegning.no\\\/wp-content\\\/uploads\\\/2020\\\/03\\\/Logo2020_h400px.jpg\",\"width\":1024,\"height\":400,\"caption\":\"LYKKETEGNING ILLUSTRAT\u00d8R\"},\"image\":{\"@id\":\"https:\\\/\\\/www.lykketegning.no\\\/#\\\/schema\\\/logo\\\/image\\\/\"},\"sameAs\":[\"https:\\\/\\\/www.facebook.com\\\/lykketegning\\\/\",\"https:\\\/\\\/www.instagram.com\\\/lykketegning\\\/\",\"https:\\\/\\\/www.youtube.com\\\/@lykketegningillustrations\",\"https:\\\/\\\/www.tiktok.com\\\/@lykketegningillustration\"]}]}<\/script>\n<!-- \/ Yoast SEO plugin. -->","yoast_head_json":{"title":"Zeichnung \"Ich werde nie aufh\u00f6ren, mit dir Erinnerungen zu machen\" - LYKKETEGNING ILLUSTRAT\u00d8R","robots":{"index":"index","follow":"follow","max-snippet":"max-snippet:-1","max-image-preview":"max-image-preview:large","max-video-preview":"max-video-preview:-1"},"canonical":"https:\/\/www.lykketegning.no\/de\/produkt\/zeichnung-ill-nie-aufhoren-erinnerungen-mit-dir-zu-machen\/","og_locale":"de_DE","og_type":"article","og_title":"Tegning \"I\u00b4ll never stop making memories with you\" - LYKKETEGNING ILLUSTRAT\u00d8R","og_description":"Illustrasjon A4 str uten ramme. Tekst og h\u00e5rfarge kan \u00f8nskes, legg da ved merknad.","og_url":"https:\/\/www.lykketegning.no\/de\/produkt\/zeichnung-ill-nie-aufhoren-erinnerungen-mit-dir-zu-machen\/","og_site_name":"LYKKETEGNING ILLUSTRAT\u00d8R","article_publisher":"https:\/\/www.facebook.com\/lykketegning\/","article_modified_time":"2024-04-30T10:16:17+00:00","og_image":[{"width":1810,"height":2560,"url":"https:\/\/www.lykketegning.no\/wp-content\/uploads\/2019\/04\/77199BB2-63CF-4EA8-806E-0AB34B686D76-scaled.jpeg","type":"image\/jpeg"}],"twitter_card":"summary_large_image","schema":{"@context":"https:\/\/schema.org","@graph":[{"@type":"WebPage","@id":"https:\/\/www.lykketegning.no\/produkt\/tegning-ill-never-stop-making-memories-with-you\/","url":"https:\/\/www.lykketegning.no\/produkt\/tegning-ill-never-stop-making-memories-with-you\/","name":"Zeichnung \"Ich werde nie aufh\u00f6ren, mit dir Erinnerungen zu machen\" - LYKKETEGNING ILLUSTRAT\u00d8R","isPartOf":{"@id":"https:\/\/www.lykketegning.no\/#website"},"primaryImageOfPage":{"@id":"https:\/\/www.lykketegning.no\/produkt\/tegning-ill-never-stop-making-memories-with-you\/#primaryimage"},"image":{"@id":"https:\/\/www.lykketegning.no\/produkt\/tegning-ill-never-stop-making-memories-with-you\/#primaryimage"},"thumbnailUrl":"https:\/\/www.lykketegning.no\/wp-content\/uploads\/2019\/04\/77199BB2-63CF-4EA8-806E-0AB34B686D76-scaled.jpeg","datePublished":"2019-04-04T08:52:10+00:00","dateModified":"2024-04-30T10:16:17+00:00","breadcrumb":{"@id":"https:\/\/www.lykketegning.no\/produkt\/tegning-ill-never-stop-making-memories-with-you\/#breadcrumb"},"inLanguage":"de","potentialAction":[{"@type":"ReadAction","target":["https:\/\/www.lykketegning.no\/produkt\/tegning-ill-never-stop-making-memories-with-you\/"]}]},{"@type":"ImageObject","inLanguage":"de","@id":"https:\/\/www.lykketegning.no\/produkt\/tegning-ill-never-stop-making-memories-with-you\/#primaryimage","url":"https:\/\/www.lykketegning.no\/wp-content\/uploads\/2019\/04\/77199BB2-63CF-4EA8-806E-0AB34B686D76-scaled.jpeg","contentUrl":"https:\/\/www.lykketegning.no\/wp-content\/uploads\/2019\/04\/77199BB2-63CF-4EA8-806E-0AB34B686D76-scaled.jpeg","width":1810,"height":2560},{"@type":"BreadcrumbList","@id":"https:\/\/www.lykketegning.no\/produkt\/tegning-ill-never-stop-making-memories-with-you\/#breadcrumb","itemListElement":[{"@type":"ListItem","position":1,"name":"Hjem","item":"https:\/\/www.lykketegning.no\/"},{"@type":"ListItem","position":2,"name":"Shop","item":"https:\/\/www.lykketegning.no\/sv\/webbutik\/"},{"@type":"ListItem","position":3,"name":"Tegning &#8220;I\u00b4ll never stop making memories with you&#8221;"}]},{"@type":"WebSite","@id":"https:\/\/www.lykketegning.no\/#website","url":"https:\/\/www.lykketegning.no\/","name":"GL\u00dcCKSZEICHNUNG ILLUSTRATOR","description":"","publisher":{"@id":"https:\/\/www.lykketegning.no\/#organization"},"potentialAction":[{"@type":"SearchAction","target":{"@type":"EntryPoint","urlTemplate":"https:\/\/www.lykketegning.no\/?s={search_term_string}"},"query-input":{"@type":"PropertyValueSpecification","valueRequired":true,"valueName":"search_term_string"}}],"inLanguage":"de"},{"@type":"Organization","@id":"https:\/\/www.lykketegning.no\/#organization","name":"GL\u00dcCKSZEICHNUNG ILLUSTRATOR","url":"https:\/\/www.lykketegning.no\/","logo":{"@type":"ImageObject","inLanguage":"de","@id":"https:\/\/www.lykketegning.no\/#\/schema\/logo\/image\/","url":"https:\/\/www.lykketegning.no\/wp-content\/uploads\/2020\/03\/Logo2020_h400px.jpg","contentUrl":"https:\/\/www.lykketegning.no\/wp-content\/uploads\/2020\/03\/Logo2020_h400px.jpg","width":1024,"height":400,"caption":"LYKKETEGNING ILLUSTRAT\u00d8R"},"image":{"@id":"https:\/\/www.lykketegning.no\/#\/schema\/logo\/image\/"},"sameAs":["https:\/\/www.facebook.com\/lykketegning\/","https:\/\/www.instagram.com\/lykketegning\/","https:\/\/www.youtube.com\/@lykketegningillustrations","https:\/\/www.tiktok.com\/@lykketegningillustration"]}]}},"_links":{"self":[{"href":"https:\/\/www.lykketegning.no\/de\/wp-json\/wp\/v2\/product\/6929","targetHints":{"allow":["GET"]}}],"collection":[{"href":"https:\/\/www.lykketegning.no\/de\/wp-json\/wp\/v2\/product"}],"about":[{"href":"https:\/\/www.lykketegning.no\/de\/wp-json\/wp\/v2\/types\/product"}],"replies":[{"embeddable":true,"href":"https:\/\/www.lykketegning.no\/de\/wp-json\/wp\/v2\/comments?post=6929"}],"wp:featuredmedia":[{"embeddable":true,"href":"https:\/\/www.lykketegning.no\/de\/wp-json\/wp\/v2\/media\/6924"}],"wp:attachment":[{"href":"https:\/\/www.lykketegning.no\/de\/wp-json\/wp\/v2\/media?parent=6929"}],"wp:term":[{"taxonomy":"product_brand","embeddable":true,"href":"https:\/\/www.lykketegning.no\/de\/wp-json\/wp\/v2\/product_brand?post=6929"},{"taxonomy":"product_cat","embeddable":true,"href":"https:\/\/www.lykketegning.no\/de\/wp-json\/wp\/v2\/product_cat?post=6929"},{"taxonomy":"product_tag","embeddable":true,"href":"https:\/\/www.lykketegning.no\/de\/wp-json\/wp\/v2\/product_tag?post=6929"}],"curies":[{"name":"wp","href":"https:\/\/api.w.org\/{rel}","templated":true}]}}