{"id":42605,"date":"2026-04-29T13:03:19","date_gmt":"2026-04-29T11:03:19","guid":{"rendered":"https:\/\/www.lykketegning.no\/?post_type=product&#038;p=42605"},"modified":"2026-05-10T21:31:19","modified_gmt":"2026-05-10T19:31:19","slug":"notatbok-fra-lykketegning-days-like-this","status":"publish","type":"product","link":"https:\/\/www.lykketegning.no\/de\/produkt\/notatbok-fra-lykketegning-days-like-this\/","title":{"rendered":"Notizbuch von Happy Drawing \u201cTage wie diese\u201d"},"content":{"rendered":"<div class=\"row tab-table-row\">\n<h2>Notizbuch von Happy Drawing \u201cTage wie diese\u201d<\/h2>\n<div>Lustiges Notizbuch mit den bekannten V\u00f6geln aus \"Lykketegning\". Liniert und mit Hardcover. Sch\u00f6n f\u00fcr Notizen und Memoiren!<\/div>\n<div>\n<p>Format A5 <i>Tage wie diese<\/i><\/p>\n<\/div>\n<div><\/div>\n<div class=\"col-xs-6\">210 mm x 140 mm x 16 mm<\/div>\n<\/div>\n<div class=\"row tab-table-row\">\n<div class=\"col-xs-6\"><\/div>\n<div class=\"col-xs-6\">Wei\u00dfe Farbe<\/div>\n<\/div>\n<div class=\"row tab-table-row\">\n<div class=\"col-xs-6\">Material:Papier<\/div>\n<\/div>\n<div class=\"row tab-table-row\">\n<div class=\"col-xs-6\">Gewicht:300 g<\/div>\n<\/div>\n<div class=\"row tab-table-row\">\n<div class=\"col-xs-6\">Ausgekleidet<\/div>\n<h3>Informationen<\/h3>\n<div class=\"col-xs-6\"><strong>\"Bei Lykketegning wird jede Illustration mit viel W\u00e4rme und Sorgfalt erstellt.<\/strong><br \/>\n<strong>Mit kr\u00e4ftigen Farben, klaren Linien und guten Zitaten will Happiness Drawing Sie dazu bringen, einen Moment innezuhalten, tief durchzuatmen und dann einen guten Kurs nach vorne zu setzen.<\/strong><br \/>\n<strong>\"Die Herzen und das L\u00e4cheln sind von mir f\u00fcr dich, um dich daran zu erinnern, dass du wirklich gut bist!\"<\/strong>Auf der Website finden Sie einige Illustrationen und andere Produkte wie Tassen, Gru\u00dfkarten und Kalender. Es kommen st\u00e4ndig neue Produkte hinzu, also melden Sie sich f\u00fcr den Newsletter an, um monatliche Updates zu erhalten. <strong>viele viele viele viele<\/strong> weitere Illustrationen; Besuchen Sie mein Instagram- und Facebook-Profil. Alle Illustrationen stehen zum Verkauf. 999 kr f\u00fcr A4 und 1500 kr f\u00fcr A3. Sie k\u00f6nnen auch Ihre ganz eigenen Illustrationen in Auftrag geben \u2013 tolle Geschenke f\u00fcr Hochzeiten und andere Veranstaltungen. Kontaktieren Sie mich diesbez\u00fcglich per Direktnachricht.<em>Preis: 1500kr f\u00fcr A4 und A5 (bis zu 5 Personen\/Tier) zus\u00e4tzliche Kosten f\u00fcr mehr (bis zu 5 Personen\/Tier). A3 2000kr ex Porto. Ich muss die Haarfarbe\/den Haartyp, die Gr\u00f6\u00dfe, die Interessen und die gew\u00fcnschte Anzahl der abgebildeten Personen wissen. Alle Kostenvoranschl\u00e4ge, die Sie w\u00fcnschen, eingeschlossen.<\/em><\/p>\n<p>Wenn Sie Fragen haben, z\u00f6gern Sie nicht, mich zu kontaktieren! Wenn Sie sich \u00fcber eine m\u00f6gliche Zusammenarbeit unterhalten m\u00f6chten, schicken Sie mir bitte eine E-Mail.<\/p>\n<p>Ich freue mich, von Ihnen zu h\u00f6ren und w\u00fcnsche Ihnen einen sch\u00f6nen Tag. <a href=\"https:\/\/www.facebook.com\/lykketegning\/?locale=nb_NO\">Dies f\u00fchrt Sie zu meiner Facebook-Seite.<\/a> Und wenn Sie mir folgen wollen auf<a href=\"https:\/\/www.instagram.com\/lykketegning\/?hl=nb\"> Instagram, dann finden Sie es hier.<\/a><\/p>\n<p>K\u00fcnstler<br \/>\nIngebj\u00f8rg Rang\u00f8y Sj\u00e5land<\/p>\n<p>&nbsp;<\/p>\n<\/div>\n<\/div>\n<div><\/div>","protected":false},"excerpt":{"rendered":"<h2>Notizbuch von Happy Drawing \u201cTage wie diese\u201d<\/h2>\n<div>\n<div class=\"row tab-table-row\">\n<div>Lustiges Notizbuch mit den bekannten V\u00f6geln aus \"Lykketegning\". Liniert und mit Hardcover. Sch\u00f6n f\u00fcr Notizen und Memoiren!<\/div>\n<div>\n<p>Format A5 <i>Tage wie diese<\/i><\/p>\n<\/div>\n<div><\/div>\n<div class=\"col-xs-6\">210 mm x 140 mm x 16 mm<\/div>\n<\/div>\n<div class=\"row tab-table-row\">\n<div class=\"col-xs-6\"><\/div>\n<div class=\"col-xs-6\">Wei\u00dfe Farbe<\/div>\n<\/div>\n<div class=\"row tab-table-row\">\n<div class=\"col-xs-6\">Material:Papier<\/div>\n<\/div>\n<div class=\"row tab-table-row\">\n<div class=\"col-xs-6\">Gewicht:300 g<\/div>\n<\/div>\n<div class=\"row tab-table-row\">\n<div class=\"col-xs-6\">Ausgekleidet<\/div>\n<\/div>\n<\/div>","protected":false},"featured_media":42607,"comment_status":"closed","ping_status":"closed","template":"","meta":[],"product_brand":[],"product_cat":[349],"product_tag":[353,456,352,350,351],"class_list":{"0":"post-42605","1":"product","2":"type-product","3":"status-publish","4":"has-post-thumbnail","6":"product_cat-illustrerte-boker","7":"product_tag-bok","8":"product_tag-days-like-this","9":"product_tag-notat","10":"product_tag-notatbok","11":"product_tag-skrivebok","13":"first","14":"instock","15":"taxable","16":"shipping-taxable","17":"purchasable","18":"product-type-simple"},"yoast_head":"<!-- This site is optimized with the Yoast SEO plugin v27.5 - https:\/\/yoast.com\/product\/yoast-seo-wordpress\/ -->\n<title>Notatbok fra Lykketegning &quot;Days like this&quot; - LYKKETEGNING ILLUSTRAT\u00d8R<\/title>\n<meta name=\"description\" content=\"Morsom notatbok fra Lykketegning med de kjente fuglene. Linjert og med hard perm. Fin til notater og memoarer. Days like this!\" \/>\n<meta name=\"robots\" content=\"index, follow, max-snippet:-1, max-image-preview:large, max-video-preview:-1\" \/>\n<link rel=\"canonical\" href=\"https:\/\/www.lykketegning.no\/de\/produkt\/notatbok-fra-lykketegning-days-like-this\/\" \/>\n<meta property=\"og:locale\" content=\"de_DE\" \/>\n<meta property=\"og:type\" content=\"article\" \/>\n<meta property=\"og:title\" content=\"Notatbok fra Lykketegning &quot;Days like this&quot; - LYKKETEGNING ILLUSTRAT\u00d8R\" \/>\n<meta property=\"og:description\" content=\"Morsom notatbok fra Lykketegning med de kjente fuglene. Linjert og med hard perm. Fin til notater og memoarer. Days like this!\" \/>\n<meta property=\"og:url\" content=\"https:\/\/www.lykketegning.no\/de\/produkt\/notatbok-fra-lykketegning-days-like-this\/\" \/>\n<meta property=\"og:site_name\" content=\"LYKKETEGNING ILLUSTRAT\u00d8R\" \/>\n<meta property=\"article:publisher\" content=\"https:\/\/www.facebook.com\/lykketegning\/\" \/>\n<meta property=\"article:modified_time\" content=\"2026-05-10T19:31:19+00:00\" \/>\n<meta property=\"og:image\" content=\"https:\/\/www.lykketegning.no\/wp-content\/uploads\/2026\/04\/C138A065-9141-4627-A900-7C4681C82D9D-2.jpg\" \/>\n\t<meta property=\"og:image:width\" content=\"762\" \/>\n\t<meta property=\"og:image:height\" content=\"1023\" \/>\n\t<meta property=\"og:image:type\" content=\"image\/jpeg\" \/>\n<meta name=\"twitter:card\" content=\"summary_large_image\" \/>\n<meta name=\"twitter:label1\" content=\"Gesch\u00e4tzte Lesezeit\" \/>\n\t<meta name=\"twitter:data1\" content=\"2\u00a0Minuten\" \/>\n<script type=\"application\/ld+json\" class=\"yoast-schema-graph\">{\"@context\":\"https:\\\/\\\/schema.org\",\"@graph\":[{\"@type\":\"WebPage\",\"@id\":\"https:\\\/\\\/www.lykketegning.no\\\/produkt\\\/notatbok-fra-lykketegning-days-like-this\\\/\",\"url\":\"https:\\\/\\\/www.lykketegning.no\\\/produkt\\\/notatbok-fra-lykketegning-days-like-this\\\/\",\"name\":\"Notatbok fra Lykketegning \\\"Days like this\\\" - LYKKETEGNING ILLUSTRAT\u00d8R\",\"isPartOf\":{\"@id\":\"https:\\\/\\\/www.lykketegning.no\\\/#website\"},\"primaryImageOfPage\":{\"@id\":\"https:\\\/\\\/www.lykketegning.no\\\/produkt\\\/notatbok-fra-lykketegning-days-like-this\\\/#primaryimage\"},\"image\":{\"@id\":\"https:\\\/\\\/www.lykketegning.no\\\/produkt\\\/notatbok-fra-lykketegning-days-like-this\\\/#primaryimage\"},\"thumbnailUrl\":\"https:\\\/\\\/www.lykketegning.no\\\/wp-content\\\/uploads\\\/2026\\\/04\\\/C138A065-9141-4627-A900-7C4681C82D9D-2.jpg\",\"datePublished\":\"2026-04-29T11:03:19+00:00\",\"dateModified\":\"2026-05-10T19:31:19+00:00\",\"description\":\"Morsom notatbok fra Lykketegning med de kjente fuglene. Linjert og med hard perm. Fin til notater og memoarer. Days like this!\",\"breadcrumb\":{\"@id\":\"https:\\\/\\\/www.lykketegning.no\\\/produkt\\\/notatbok-fra-lykketegning-days-like-this\\\/#breadcrumb\"},\"inLanguage\":\"de\",\"potentialAction\":[{\"@type\":\"ReadAction\",\"target\":[\"https:\\\/\\\/www.lykketegning.no\\\/produkt\\\/notatbok-fra-lykketegning-days-like-this\\\/\"]}]},{\"@type\":\"ImageObject\",\"inLanguage\":\"de\",\"@id\":\"https:\\\/\\\/www.lykketegning.no\\\/produkt\\\/notatbok-fra-lykketegning-days-like-this\\\/#primaryimage\",\"url\":\"https:\\\/\\\/www.lykketegning.no\\\/wp-content\\\/uploads\\\/2026\\\/04\\\/C138A065-9141-4627-A900-7C4681C82D9D-2.jpg\",\"contentUrl\":\"https:\\\/\\\/www.lykketegning.no\\\/wp-content\\\/uploads\\\/2026\\\/04\\\/C138A065-9141-4627-A900-7C4681C82D9D-2.jpg\",\"width\":762,\"height\":1023},{\"@type\":\"BreadcrumbList\",\"@id\":\"https:\\\/\\\/www.lykketegning.no\\\/produkt\\\/notatbok-fra-lykketegning-days-like-this\\\/#breadcrumb\",\"itemListElement\":[{\"@type\":\"ListItem\",\"position\":1,\"name\":\"Hjem\",\"item\":\"https:\\\/\\\/www.lykketegning.no\\\/\"},{\"@type\":\"ListItem\",\"position\":2,\"name\":\"Shop\",\"item\":\"https:\\\/\\\/www.lykketegning.no\\\/sv\\\/webbutik\\\/\"},{\"@type\":\"ListItem\",\"position\":3,\"name\":\"Notatbok fra Lykketegning &#8220;Days like this&#8221;\"}]},{\"@type\":\"WebSite\",\"@id\":\"https:\\\/\\\/www.lykketegning.no\\\/#website\",\"url\":\"https:\\\/\\\/www.lykketegning.no\\\/\",\"name\":\"LYKKETEGNING ILLUSTRAT\u00d8R\",\"description\":\"\",\"publisher\":{\"@id\":\"https:\\\/\\\/www.lykketegning.no\\\/#organization\"},\"potentialAction\":[{\"@type\":\"SearchAction\",\"target\":{\"@type\":\"EntryPoint\",\"urlTemplate\":\"https:\\\/\\\/www.lykketegning.no\\\/?s={search_term_string}\"},\"query-input\":{\"@type\":\"PropertyValueSpecification\",\"valueRequired\":true,\"valueName\":\"search_term_string\"}}],\"inLanguage\":\"de\"},{\"@type\":\"Organization\",\"@id\":\"https:\\\/\\\/www.lykketegning.no\\\/#organization\",\"name\":\"LYKKETEGNING ILLUSTRAT\u00d8R\",\"url\":\"https:\\\/\\\/www.lykketegning.no\\\/\",\"logo\":{\"@type\":\"ImageObject\",\"inLanguage\":\"de\",\"@id\":\"https:\\\/\\\/www.lykketegning.no\\\/#\\\/schema\\\/logo\\\/image\\\/\",\"url\":\"https:\\\/\\\/www.lykketegning.no\\\/wp-content\\\/uploads\\\/2020\\\/03\\\/Logo2020_h400px.jpg\",\"contentUrl\":\"https:\\\/\\\/www.lykketegning.no\\\/wp-content\\\/uploads\\\/2020\\\/03\\\/Logo2020_h400px.jpg\",\"width\":1024,\"height\":400,\"caption\":\"LYKKETEGNING ILLUSTRAT\u00d8R\"},\"image\":{\"@id\":\"https:\\\/\\\/www.lykketegning.no\\\/#\\\/schema\\\/logo\\\/image\\\/\"},\"sameAs\":[\"https:\\\/\\\/www.facebook.com\\\/lykketegning\\\/\",\"https:\\\/\\\/www.instagram.com\\\/lykketegning\\\/\",\"https:\\\/\\\/www.youtube.com\\\/@lykketegningillustrations\",\"https:\\\/\\\/www.tiktok.com\\\/@lykketegningillustration\"]}]}<\/script>\n<!-- \/ Yoast SEO plugin. -->","yoast_head_json":{"title":"Notatbok fra Lykketegning \"Days like this\" - LYKKETEGNING ILLUSTRAT\u00d8R","description":"Morsom notatbok fra Lykketegning med de kjente fuglene. Linjert og med hard perm. Fin til notater og memoarer. Days like this!","robots":{"index":"index","follow":"follow","max-snippet":"max-snippet:-1","max-image-preview":"max-image-preview:large","max-video-preview":"max-video-preview:-1"},"canonical":"https:\/\/www.lykketegning.no\/de\/produkt\/notatbok-fra-lykketegning-days-like-this\/","og_locale":"de_DE","og_type":"article","og_title":"Notatbok fra Lykketegning \"Days like this\" - LYKKETEGNING ILLUSTRAT\u00d8R","og_description":"Morsom notatbok fra Lykketegning med de kjente fuglene. Linjert og med hard perm. Fin til notater og memoarer. Days like this!","og_url":"https:\/\/www.lykketegning.no\/de\/produkt\/notatbok-fra-lykketegning-days-like-this\/","og_site_name":"LYKKETEGNING ILLUSTRAT\u00d8R","article_publisher":"https:\/\/www.facebook.com\/lykketegning\/","article_modified_time":"2026-05-10T19:31:19+00:00","og_image":[{"width":762,"height":1023,"url":"https:\/\/www.lykketegning.no\/wp-content\/uploads\/2026\/04\/C138A065-9141-4627-A900-7C4681C82D9D-2.jpg","type":"image\/jpeg"}],"twitter_card":"summary_large_image","twitter_misc":{"Gesch\u00e4tzte Lesezeit":"2\u00a0Minuten"},"schema":{"@context":"https:\/\/schema.org","@graph":[{"@type":"WebPage","@id":"https:\/\/www.lykketegning.no\/produkt\/notatbok-fra-lykketegning-days-like-this\/","url":"https:\/\/www.lykketegning.no\/produkt\/notatbok-fra-lykketegning-days-like-this\/","name":"Notatbok fra Lykketegning \"Days like this\" - LYKKETEGNING ILLUSTRAT\u00d8R","isPartOf":{"@id":"https:\/\/www.lykketegning.no\/#website"},"primaryImageOfPage":{"@id":"https:\/\/www.lykketegning.no\/produkt\/notatbok-fra-lykketegning-days-like-this\/#primaryimage"},"image":{"@id":"https:\/\/www.lykketegning.no\/produkt\/notatbok-fra-lykketegning-days-like-this\/#primaryimage"},"thumbnailUrl":"https:\/\/www.lykketegning.no\/wp-content\/uploads\/2026\/04\/C138A065-9141-4627-A900-7C4681C82D9D-2.jpg","datePublished":"2026-04-29T11:03:19+00:00","dateModified":"2026-05-10T19:31:19+00:00","description":"Morsom notatbok fra Lykketegning med de kjente fuglene. Linjert og med hard perm. Fin til notater og memoarer. Days like this!","breadcrumb":{"@id":"https:\/\/www.lykketegning.no\/produkt\/notatbok-fra-lykketegning-days-like-this\/#breadcrumb"},"inLanguage":"de","potentialAction":[{"@type":"ReadAction","target":["https:\/\/www.lykketegning.no\/produkt\/notatbok-fra-lykketegning-days-like-this\/"]}]},{"@type":"ImageObject","inLanguage":"de","@id":"https:\/\/www.lykketegning.no\/produkt\/notatbok-fra-lykketegning-days-like-this\/#primaryimage","url":"https:\/\/www.lykketegning.no\/wp-content\/uploads\/2026\/04\/C138A065-9141-4627-A900-7C4681C82D9D-2.jpg","contentUrl":"https:\/\/www.lykketegning.no\/wp-content\/uploads\/2026\/04\/C138A065-9141-4627-A900-7C4681C82D9D-2.jpg","width":762,"height":1023},{"@type":"BreadcrumbList","@id":"https:\/\/www.lykketegning.no\/produkt\/notatbok-fra-lykketegning-days-like-this\/#breadcrumb","itemListElement":[{"@type":"ListItem","position":1,"name":"Hjem","item":"https:\/\/www.lykketegning.no\/"},{"@type":"ListItem","position":2,"name":"Shop","item":"https:\/\/www.lykketegning.no\/sv\/webbutik\/"},{"@type":"ListItem","position":3,"name":"Notatbok fra Lykketegning &#8220;Days like this&#8221;"}]},{"@type":"WebSite","@id":"https:\/\/www.lykketegning.no\/#website","url":"https:\/\/www.lykketegning.no\/","name":"GL\u00dcCKSZEICHNUNG ILLUSTRATOR","description":"","publisher":{"@id":"https:\/\/www.lykketegning.no\/#organization"},"potentialAction":[{"@type":"SearchAction","target":{"@type":"EntryPoint","urlTemplate":"https:\/\/www.lykketegning.no\/?s={search_term_string}"},"query-input":{"@type":"PropertyValueSpecification","valueRequired":true,"valueName":"search_term_string"}}],"inLanguage":"de"},{"@type":"Organization","@id":"https:\/\/www.lykketegning.no\/#organization","name":"GL\u00dcCKSZEICHNUNG ILLUSTRATOR","url":"https:\/\/www.lykketegning.no\/","logo":{"@type":"ImageObject","inLanguage":"de","@id":"https:\/\/www.lykketegning.no\/#\/schema\/logo\/image\/","url":"https:\/\/www.lykketegning.no\/wp-content\/uploads\/2020\/03\/Logo2020_h400px.jpg","contentUrl":"https:\/\/www.lykketegning.no\/wp-content\/uploads\/2020\/03\/Logo2020_h400px.jpg","width":1024,"height":400,"caption":"LYKKETEGNING ILLUSTRAT\u00d8R"},"image":{"@id":"https:\/\/www.lykketegning.no\/#\/schema\/logo\/image\/"},"sameAs":["https:\/\/www.facebook.com\/lykketegning\/","https:\/\/www.instagram.com\/lykketegning\/","https:\/\/www.youtube.com\/@lykketegningillustrations","https:\/\/www.tiktok.com\/@lykketegningillustration"]}]}},"_links":{"self":[{"href":"https:\/\/www.lykketegning.no\/de\/wp-json\/wp\/v2\/product\/42605","targetHints":{"allow":["GET"]}}],"collection":[{"href":"https:\/\/www.lykketegning.no\/de\/wp-json\/wp\/v2\/product"}],"about":[{"href":"https:\/\/www.lykketegning.no\/de\/wp-json\/wp\/v2\/types\/product"}],"replies":[{"embeddable":true,"href":"https:\/\/www.lykketegning.no\/de\/wp-json\/wp\/v2\/comments?post=42605"}],"wp:featuredmedia":[{"embeddable":true,"href":"https:\/\/www.lykketegning.no\/de\/wp-json\/wp\/v2\/media\/42607"}],"wp:attachment":[{"href":"https:\/\/www.lykketegning.no\/de\/wp-json\/wp\/v2\/media?parent=42605"}],"wp:term":[{"taxonomy":"product_brand","embeddable":true,"href":"https:\/\/www.lykketegning.no\/de\/wp-json\/wp\/v2\/product_brand?post=42605"},{"taxonomy":"product_cat","embeddable":true,"href":"https:\/\/www.lykketegning.no\/de\/wp-json\/wp\/v2\/product_cat?post=42605"},{"taxonomy":"product_tag","embeddable":true,"href":"https:\/\/www.lykketegning.no\/de\/wp-json\/wp\/v2\/product_tag?post=42605"}],"curies":[{"name":"wp","href":"https:\/\/api.w.org\/{rel}","templated":true}]}}