{"id":42104,"date":"2026-02-02T11:50:16","date_gmt":"2026-02-02T10:50:16","guid":{"rendered":"https:\/\/www.lykketegning.no\/?post_type=product&#038;p=42104"},"modified":"2026-03-27T17:21:34","modified_gmt":"2026-03-27T16:21:34","slug":"duftkerze-von-happiness-drawing-puff","status":"publish","type":"product","link":"https:\/\/www.lykketegning.no\/de\/produkt\/duftlys-fra-lykketegning-pust\/","title":{"rendered":"Duftkerzen von Luck Drawing. Pusten!"},"content":{"rendered":"<div class=\"attributes-spec-group-header t10\">\n<h2 data-start=\"124\" data-end=\"156\">Duftkerzen von Luck Drawing. Pusten!<\/h2>\n<p data-start=\"102\" data-end=\"134\">\u2728 <strong data-start=\"104\" data-end=\"130\">Neuigkeiten von Lykketegning<\/strong> \u2728<\/p>\n<p data-start=\"136\" data-end=\"228\">Eine Duftkerze, die dazu einl\u00e4dt, innezuhalten, zu atmen und im Moment pr\u00e4sent zu sein.<\/p>\n<p data-start=\"230\" data-end=\"500\">Das zartrosa Glas strahlt eine warme und gem\u00fctliche Atmosph\u00e4re aus, w\u00e4hrend der saubere und harmonische Duft den Raum mit Ruhe und Wohlbefinden erf\u00fcllt. Mit dem Text <em data-start=\"363\" data-end=\"394\">\u00abAtmen - das Leben ist genau jetzt.\u00bb<\/em> wird diese Duftkerze zu einer stillen Erinnerung daran, langsamer zu werden und den kleinen, wichtigen Momenten Raum zu geben.<\/p>\n<p data-start=\"502\" data-end=\"639\">Die Duftkerzen von Lykketegning sind sowohl als Dekoration als auch im Gebrauch wundersch\u00f6n. Sie sind die perfekte Erg\u00e4nzung f\u00fcr Ihr Zuhause, wenn Sie sich Ruhe, Pr\u00e4senz und eine gem\u00fctliche Atmosph\u00e4re w\u00fcnschen.<\/p>\n<p data-start=\"641\" data-end=\"685\"><strong data-start=\"641\" data-end=\"657\">Gl\u00fcckliche Ziehung<\/strong> - denn Momente sind alles.<\/p>\n<p><strong>\"Bei Lykketegning wird jede Illustration mit viel W\u00e4rme und Sorgfalt erstellt.<\/strong><br \/>\n<strong>Mit kr\u00e4ftigen Farben, klaren Linien und guten Zitaten will Happiness Drawing Sie dazu bringen, einen Moment innezuhalten, tief durchzuatmen und dann einen guten Kurs nach vorne zu setzen.<\/strong><br \/>\n<strong>\"Die Herzen und das L\u00e4cheln sind von mir f\u00fcr dich, um dich daran zu erinnern, dass du wirklich gut bist!\"<\/strong><\/p>\n<p>Auf der Website finden Sie einige Illustrationen und andere Produkte wie Tassen, Gru\u00dfkarten und Kalender.<\/p>\n<p>Es kommen st\u00e4ndig neue Produkte hinzu. Melden Sie sich f\u00fcr den Newsletter an, um monatliche Updates zu erhalten.<\/p>\n<p>F\u00fcr <strong>viele viele viele viele<\/strong> weitere Illustrationen; besuchen Sie mein Instagram- und Facebook-Profil.<\/p>\n<p>Eigentlich sind alle Illustrationen k\u00e4uflich zu erwerben. 999 SEK f\u00fcr A4 und 1500 SEK f\u00fcr A3.<\/p>\n<p>Sie k\u00f6nnen auch Ihr eigenes Exemplar bestellen - ein tolles Geschenk f\u00fcr Hochzeiten und andere Feiern. Nehmen Sie dazu Kontakt mit dem Posteingang auf.<\/p>\n<p><em>Preis: 1500kr f\u00fcr A4 und A5 (bis zu 5 Personen\/Tier) zus\u00e4tzliche Kosten f\u00fcr mehr (bis zu 5 Personen\/Tier). A3 2000kr ex Porto. Ich muss die Haarfarbe\/den Haartyp, die Gr\u00f6\u00dfe, die Interessen und die gew\u00fcnschte Anzahl der abgebildeten Personen wissen. Alle Kostenvoranschl\u00e4ge, die Sie w\u00fcnschen, eingeschlossen.<\/em><\/p>\n<p>Wenn Sie Fragen haben, z\u00f6gern Sie nicht, mich zu kontaktieren! Wenn Sie sich \u00fcber eine m\u00f6gliche Zusammenarbeit unterhalten m\u00f6chten, schicken Sie mir bitte eine E-Mail.<\/p>\n<p>Ich freue mich, von Ihnen zu h\u00f6ren und w\u00fcnsche Ihnen einen sch\u00f6nen Tag. <a href=\"https:\/\/www.facebook.com\/lykketegning\/?locale=nb_NO\">Dies f\u00fchrt Sie zu meiner Facebook-Seite.<\/a> Und wenn Sie mir folgen wollen auf<a href=\"https:\/\/www.instagram.com\/lykketegning\/?hl=nb\"> Instagram, dann finden Sie es hier.<\/a><\/p>\n<p>K\u00fcnstler<br \/>\nIngebj\u00f8rg Rang\u00f8y Sj\u00e5land<\/p>\n<p>Gr\u00f6\u00dfe und Gewicht<\/p>\n<\/div>\n<div class=\"product-detail-value-wrapper\">\n<div class=\"row\">\n<div class=\"col-6\"><span class=\"product-detail-value-name\">Gewicht (kg)<\/span><span class=\"product-detail-value-value\">0,3760<\/span><\/div>\n<\/div>\n<\/div>\n<div class=\"product-detail-value-wrapper\">\n<div class=\"row\">\n<div class=\"col-6\"><span class=\"product-detail-value-name\">Breite (cm)<\/span><span class=\"product-detail-value-value\">7,60<\/span><\/div>\n<\/div>\n<\/div>\n<div class=\"product-detail-value-wrapper\">\n<div class=\"row\">\n<div class=\"col-6\"><span class=\"product-detail-value-name\">L\u00e4nge (cm)<\/span><span class=\"product-detail-value-value\">7,60<\/span><\/div>\n<\/div>\n<\/div>\n<div class=\"product-detail-value-wrapper\">\n<div class=\"row\">\n<div class=\"col-6\"><span class=\"product-detail-value-name\">Gr\u00f6\u00dfe<\/span><\/div>\n<div class=\"col-6\"><span class=\"product-detail-value-value\">7,6\u00d77,6\u00d78,6 cm<\/span><\/div>\n<\/div>\n<\/div>\n<div class=\"product-detail-value-wrapper\">\n<div class=\"row\">\n<div class=\"col-6\"><span class=\"product-detail-value-name\">H\u00f6he (cm)<\/span><span class=\"product-detail-value-value\">8,60<\/span><\/div>\n<\/div>\n<\/div>\n<div class=\"product-detail-value-wrapper\">\n<div class=\"row\">\n<div class=\"col-6\"><span class=\"product-detail-value-value\">Rosa<\/span><\/div>\n<\/div>\n<\/div>\n<div class=\"product-detail-value-wrapper\">\n<div class=\"row\">\n<div class=\"col-6\"><span class=\"product-detail-value-name\">Materialien<\/span><\/div>\n<div class=\"col-6\"><span class=\"product-detail-value-value\">Glas, Wachs<\/span><\/div>\n<\/div>\n<\/div>\n<div class=\"product-detail-value-wrapper\">\n<div class=\"row\"><\/div>\n<div class=\"row\">\n<div class=\"col-6\">Kann eine allergische Reaktion ausl\u00f6sen.<\/div>\n<div class=\"col-6\">Giftig, mit langfristiger Wirkung, f\u00fcr Wasserorganismen.<\/div>\n<\/div>\n<\/div>","protected":false},"excerpt":{"rendered":"<p data-start=\"124\" data-end=\"156\"><strong>Duftkerzen von Luck Drawing. Pusten!<\/strong><\/p>\n<p data-start=\"102\" data-end=\"134\">\u2728 <strong data-start=\"104\" data-end=\"130\">Neuigkeiten von Lykketegning<\/strong> \u2728<\/p>\n<p data-start=\"136\" data-end=\"228\">Eine Duftkerze, die dazu einl\u00e4dt, innezuhalten, zu atmen und im Moment pr\u00e4sent zu sein.<\/p>\n<p data-start=\"230\" data-end=\"500\">Das zartrosa Glas strahlt eine warme und gem\u00fctliche Atmosph\u00e4re aus, w\u00e4hrend der saubere und harmonische Duft den Raum mit Ruhe und Wohlbefinden erf\u00fcllt. Mit dem Text <em data-start=\"363\" data-end=\"394\">\u00abAtmen - das Leben ist genau jetzt.\u00bb<\/em> wird diese Duftkerze zu einer stillen Erinnerung daran, langsamer zu werden und den kleinen, wichtigen Momenten Raum zu geben.<\/p>\n<p data-start=\"502\" data-end=\"639\">Die Duftkerzen von Lykketegning sind sowohl als Dekoration als auch im Gebrauch wundersch\u00f6n. Sie sind die perfekte Erg\u00e4nzung f\u00fcr Ihr Zuhause, wenn Sie sich Ruhe, Pr\u00e4senz und eine gem\u00fctliche Atmosph\u00e4re w\u00fcnschen.<\/p>\n<p data-start=\"641\" data-end=\"685\"><strong data-start=\"641\" data-end=\"657\">Gl\u00fcckliche Ziehung<\/strong> - denn Momente sind alles.<\/p>","protected":false},"featured_media":42100,"comment_status":"closed","ping_status":"closed","template":"","meta":[],"product_brand":[],"product_cat":[197,168],"product_tag":[445,443,444],"class_list":{"0":"post-42104","1":"product","2":"type-product","3":"status-publish","4":"has-post-thumbnail","6":"product_cat-graverte-vinglass-champagneglass","7":"product_cat-takkegave","8":"product_tag-duft","9":"product_tag-duftlys","10":"product_tag-lys","12":"first","13":"instock","14":"taxable","15":"shipping-taxable","16":"purchasable","17":"product-type-simple"},"yoast_head":"<!-- This site is optimized with the Yoast SEO plugin v27.3 - https:\/\/yoast.com\/product\/yoast-seo-wordpress\/ -->\n<title>Duftlys fra Lykketegning. Pust! - LYKKETEGNING ILLUSTRAT\u00d8R<\/title>\n<meta name=\"description\" content=\"Med teksten \u00abPust! Livet er akkurat n\u00e5\u00bb blir dette duftlyset en liten p\u00e5minnelse i hverdagen om \u00e5 senke skuldrene og ta vare p\u00e5 de stille stundene.\" \/>\n<meta name=\"robots\" content=\"index, follow, max-snippet:-1, max-image-preview:large, max-video-preview:-1\" \/>\n<link rel=\"canonical\" href=\"https:\/\/www.lykketegning.no\/de\/product-2\/duftkerze-von-happiness-drawing-puff\/\" \/>\n<meta property=\"og:locale\" content=\"de_DE\" \/>\n<meta property=\"og:type\" content=\"article\" \/>\n<meta property=\"og:title\" content=\"Duftlys fra Lykketegning. Pust! - LYKKETEGNING ILLUSTRAT\u00d8R\" \/>\n<meta property=\"og:description\" content=\"Med teksten \u00abPust! Livet er akkurat n\u00e5\u00bb blir dette duftlyset en liten p\u00e5minnelse i hverdagen om \u00e5 senke skuldrene og ta vare p\u00e5 de stille stundene.\" \/>\n<meta property=\"og:url\" content=\"https:\/\/www.lykketegning.no\/de\/product-2\/duftkerze-von-happiness-drawing-puff\/\" \/>\n<meta property=\"og:site_name\" content=\"LYKKETEGNING ILLUSTRAT\u00d8R\" \/>\n<meta property=\"article:publisher\" content=\"https:\/\/www.facebook.com\/lykketegning\/\" \/>\n<meta property=\"article:modified_time\" content=\"2026-03-27T16:21:34+00:00\" \/>\n<meta property=\"og:image\" content=\"https:\/\/www.lykketegning.no\/wp-content\/uploads\/2026\/02\/40250323-scaled.jpg\" \/>\n\t<meta property=\"og:image:width\" content=\"2560\" \/>\n\t<meta property=\"og:image:height\" content=\"2560\" \/>\n\t<meta property=\"og:image:type\" content=\"image\/jpeg\" \/>\n<meta name=\"twitter:card\" content=\"summary_large_image\" \/>\n<meta name=\"twitter:label1\" content=\"Gesch\u00e4tzte Lesezeit\" \/>\n\t<meta name=\"twitter:data1\" content=\"3\u00a0Minuten\" \/>\n<script type=\"application\/ld+json\" class=\"yoast-schema-graph\">{\"@context\":\"https:\\\/\\\/schema.org\",\"@graph\":[{\"@type\":\"WebPage\",\"@id\":\"https:\\\/\\\/www.lykketegning.no\\\/produkt\\\/duftlys-fra-lykketegning-pust\\\/\",\"url\":\"https:\\\/\\\/www.lykketegning.no\\\/produkt\\\/duftlys-fra-lykketegning-pust\\\/\",\"name\":\"Duftlys fra Lykketegning. Pust! - LYKKETEGNING ILLUSTRAT\u00d8R\",\"isPartOf\":{\"@id\":\"https:\\\/\\\/www.lykketegning.no\\\/#website\"},\"primaryImageOfPage\":{\"@id\":\"https:\\\/\\\/www.lykketegning.no\\\/produkt\\\/duftlys-fra-lykketegning-pust\\\/#primaryimage\"},\"image\":{\"@id\":\"https:\\\/\\\/www.lykketegning.no\\\/produkt\\\/duftlys-fra-lykketegning-pust\\\/#primaryimage\"},\"thumbnailUrl\":\"https:\\\/\\\/www.lykketegning.no\\\/wp-content\\\/uploads\\\/2026\\\/02\\\/40250323-scaled.jpg\",\"datePublished\":\"2026-02-02T10:50:16+00:00\",\"dateModified\":\"2026-03-27T16:21:34+00:00\",\"description\":\"Med teksten \u00abPust! Livet er akkurat n\u00e5\u00bb blir dette duftlyset en liten p\u00e5minnelse i hverdagen om \u00e5 senke skuldrene og ta vare p\u00e5 de stille stundene.\",\"breadcrumb\":{\"@id\":\"https:\\\/\\\/www.lykketegning.no\\\/produkt\\\/duftlys-fra-lykketegning-pust\\\/#breadcrumb\"},\"inLanguage\":\"de\",\"potentialAction\":[{\"@type\":\"ReadAction\",\"target\":[\"https:\\\/\\\/www.lykketegning.no\\\/produkt\\\/duftlys-fra-lykketegning-pust\\\/\"]}]},{\"@type\":\"ImageObject\",\"inLanguage\":\"de\",\"@id\":\"https:\\\/\\\/www.lykketegning.no\\\/produkt\\\/duftlys-fra-lykketegning-pust\\\/#primaryimage\",\"url\":\"https:\\\/\\\/www.lykketegning.no\\\/wp-content\\\/uploads\\\/2026\\\/02\\\/40250323-scaled.jpg\",\"contentUrl\":\"https:\\\/\\\/www.lykketegning.no\\\/wp-content\\\/uploads\\\/2026\\\/02\\\/40250323-scaled.jpg\",\"width\":2560,\"height\":2560},{\"@type\":\"BreadcrumbList\",\"@id\":\"https:\\\/\\\/www.lykketegning.no\\\/produkt\\\/duftlys-fra-lykketegning-pust\\\/#breadcrumb\",\"itemListElement\":[{\"@type\":\"ListItem\",\"position\":1,\"name\":\"Hjem\",\"item\":\"https:\\\/\\\/www.lykketegning.no\\\/\"},{\"@type\":\"ListItem\",\"position\":2,\"name\":\"Produkter\",\"item\":\"https:\\\/\\\/www.lykketegning.no\\\/shop\\\/\"},{\"@type\":\"ListItem\",\"position\":3,\"name\":\"Duftlys fra Lykketegning. Pust!\"}]},{\"@type\":\"WebSite\",\"@id\":\"https:\\\/\\\/www.lykketegning.no\\\/#website\",\"url\":\"https:\\\/\\\/www.lykketegning.no\\\/\",\"name\":\"LYKKETEGNING ILLUSTRAT\u00d8R\",\"description\":\"\",\"publisher\":{\"@id\":\"https:\\\/\\\/www.lykketegning.no\\\/#organization\"},\"potentialAction\":[{\"@type\":\"SearchAction\",\"target\":{\"@type\":\"EntryPoint\",\"urlTemplate\":\"https:\\\/\\\/www.lykketegning.no\\\/?s={search_term_string}\"},\"query-input\":{\"@type\":\"PropertyValueSpecification\",\"valueRequired\":true,\"valueName\":\"search_term_string\"}}],\"inLanguage\":\"de\"},{\"@type\":\"Organization\",\"@id\":\"https:\\\/\\\/www.lykketegning.no\\\/#organization\",\"name\":\"LYKKETEGNING ILLUSTRAT\u00d8R\",\"url\":\"https:\\\/\\\/www.lykketegning.no\\\/\",\"logo\":{\"@type\":\"ImageObject\",\"inLanguage\":\"de\",\"@id\":\"https:\\\/\\\/www.lykketegning.no\\\/#\\\/schema\\\/logo\\\/image\\\/\",\"url\":\"https:\\\/\\\/www.lykketegning.no\\\/wp-content\\\/uploads\\\/2020\\\/03\\\/Logo2020_h400px.jpg\",\"contentUrl\":\"https:\\\/\\\/www.lykketegning.no\\\/wp-content\\\/uploads\\\/2020\\\/03\\\/Logo2020_h400px.jpg\",\"width\":1024,\"height\":400,\"caption\":\"LYKKETEGNING ILLUSTRAT\u00d8R\"},\"image\":{\"@id\":\"https:\\\/\\\/www.lykketegning.no\\\/#\\\/schema\\\/logo\\\/image\\\/\"},\"sameAs\":[\"https:\\\/\\\/www.facebook.com\\\/lykketegning\\\/\",\"https:\\\/\\\/www.instagram.com\\\/lykketegning\\\/\",\"https:\\\/\\\/www.youtube.com\\\/@lykketegningillustrations\",\"https:\\\/\\\/www.tiktok.com\\\/@lykketegningillustration\"]}]}<\/script>\n<!-- \/ Yoast SEO plugin. -->","yoast_head_json":{"title":"Duftkerzen von Luck Drawing. Pusten! - GL\u00dcCKSZEICHNUNG ILLUSTRATOR","description":"Mit dem Text \u00abBreathe! Das Leben ist genau jetzt\u00bb ist diese Duftkerze eine kleine, allt\u00e4gliche Erinnerung daran, die Schultern zu senken und sich um die ruhigen Momente zu k\u00fcmmern.","robots":{"index":"index","follow":"follow","max-snippet":"max-snippet:-1","max-image-preview":"max-image-preview:large","max-video-preview":"max-video-preview:-1"},"canonical":"https:\/\/www.lykketegning.no\/de\/product-2\/duftkerze-von-happiness-drawing-puff\/","og_locale":"de_DE","og_type":"article","og_title":"Duftlys fra Lykketegning. Pust! - LYKKETEGNING ILLUSTRAT\u00d8R","og_description":"Med teksten \u00abPust! Livet er akkurat n\u00e5\u00bb blir dette duftlyset en liten p\u00e5minnelse i hverdagen om \u00e5 senke skuldrene og ta vare p\u00e5 de stille stundene.","og_url":"https:\/\/www.lykketegning.no\/de\/product-2\/duftkerze-von-happiness-drawing-puff\/","og_site_name":"LYKKETEGNING ILLUSTRAT\u00d8R","article_publisher":"https:\/\/www.facebook.com\/lykketegning\/","article_modified_time":"2026-03-27T16:21:34+00:00","og_image":[{"width":2560,"height":2560,"url":"https:\/\/www.lykketegning.no\/wp-content\/uploads\/2026\/02\/40250323-scaled.jpg","type":"image\/jpeg"}],"twitter_card":"summary_large_image","twitter_misc":{"Gesch\u00e4tzte Lesezeit":"3\u00a0Minuten"},"schema":{"@context":"https:\/\/schema.org","@graph":[{"@type":"WebPage","@id":"https:\/\/www.lykketegning.no\/produkt\/duftlys-fra-lykketegning-pust\/","url":"https:\/\/www.lykketegning.no\/produkt\/duftlys-fra-lykketegning-pust\/","name":"Duftkerzen von Luck Drawing. Pusten! - GL\u00dcCKSZEICHNUNG ILLUSTRATOR","isPartOf":{"@id":"https:\/\/www.lykketegning.no\/#website"},"primaryImageOfPage":{"@id":"https:\/\/www.lykketegning.no\/produkt\/duftlys-fra-lykketegning-pust\/#primaryimage"},"image":{"@id":"https:\/\/www.lykketegning.no\/produkt\/duftlys-fra-lykketegning-pust\/#primaryimage"},"thumbnailUrl":"https:\/\/www.lykketegning.no\/wp-content\/uploads\/2026\/02\/40250323-scaled.jpg","datePublished":"2026-02-02T10:50:16+00:00","dateModified":"2026-03-27T16:21:34+00:00","description":"Mit dem Text \u00abBreathe! Das Leben ist genau jetzt\u00bb ist diese Duftkerze eine kleine, allt\u00e4gliche Erinnerung daran, die Schultern zu senken und sich um die ruhigen Momente zu k\u00fcmmern.","breadcrumb":{"@id":"https:\/\/www.lykketegning.no\/produkt\/duftlys-fra-lykketegning-pust\/#breadcrumb"},"inLanguage":"de","potentialAction":[{"@type":"ReadAction","target":["https:\/\/www.lykketegning.no\/produkt\/duftlys-fra-lykketegning-pust\/"]}]},{"@type":"ImageObject","inLanguage":"de","@id":"https:\/\/www.lykketegning.no\/produkt\/duftlys-fra-lykketegning-pust\/#primaryimage","url":"https:\/\/www.lykketegning.no\/wp-content\/uploads\/2026\/02\/40250323-scaled.jpg","contentUrl":"https:\/\/www.lykketegning.no\/wp-content\/uploads\/2026\/02\/40250323-scaled.jpg","width":2560,"height":2560},{"@type":"BreadcrumbList","@id":"https:\/\/www.lykketegning.no\/produkt\/duftlys-fra-lykketegning-pust\/#breadcrumb","itemListElement":[{"@type":"ListItem","position":1,"name":"Hjem","item":"https:\/\/www.lykketegning.no\/"},{"@type":"ListItem","position":2,"name":"Produkter","item":"https:\/\/www.lykketegning.no\/shop\/"},{"@type":"ListItem","position":3,"name":"Duftlys fra Lykketegning. Pust!"}]},{"@type":"WebSite","@id":"https:\/\/www.lykketegning.no\/#website","url":"https:\/\/www.lykketegning.no\/","name":"GL\u00dcCKSZEICHNUNG ILLUSTRATOR","description":"","publisher":{"@id":"https:\/\/www.lykketegning.no\/#organization"},"potentialAction":[{"@type":"SearchAction","target":{"@type":"EntryPoint","urlTemplate":"https:\/\/www.lykketegning.no\/?s={search_term_string}"},"query-input":{"@type":"PropertyValueSpecification","valueRequired":true,"valueName":"search_term_string"}}],"inLanguage":"de"},{"@type":"Organization","@id":"https:\/\/www.lykketegning.no\/#organization","name":"GL\u00dcCKSZEICHNUNG ILLUSTRATOR","url":"https:\/\/www.lykketegning.no\/","logo":{"@type":"ImageObject","inLanguage":"de","@id":"https:\/\/www.lykketegning.no\/#\/schema\/logo\/image\/","url":"https:\/\/www.lykketegning.no\/wp-content\/uploads\/2020\/03\/Logo2020_h400px.jpg","contentUrl":"https:\/\/www.lykketegning.no\/wp-content\/uploads\/2020\/03\/Logo2020_h400px.jpg","width":1024,"height":400,"caption":"LYKKETEGNING ILLUSTRAT\u00d8R"},"image":{"@id":"https:\/\/www.lykketegning.no\/#\/schema\/logo\/image\/"},"sameAs":["https:\/\/www.facebook.com\/lykketegning\/","https:\/\/www.instagram.com\/lykketegning\/","https:\/\/www.youtube.com\/@lykketegningillustrations","https:\/\/www.tiktok.com\/@lykketegningillustration"]}]}},"_links":{"self":[{"href":"https:\/\/www.lykketegning.no\/de\/wp-json\/wp\/v2\/product\/42104","targetHints":{"allow":["GET"]}}],"collection":[{"href":"https:\/\/www.lykketegning.no\/de\/wp-json\/wp\/v2\/product"}],"about":[{"href":"https:\/\/www.lykketegning.no\/de\/wp-json\/wp\/v2\/types\/product"}],"replies":[{"embeddable":true,"href":"https:\/\/www.lykketegning.no\/de\/wp-json\/wp\/v2\/comments?post=42104"}],"wp:featuredmedia":[{"embeddable":true,"href":"https:\/\/www.lykketegning.no\/de\/wp-json\/wp\/v2\/media\/42100"}],"wp:attachment":[{"href":"https:\/\/www.lykketegning.no\/de\/wp-json\/wp\/v2\/media?parent=42104"}],"wp:term":[{"taxonomy":"product_brand","embeddable":true,"href":"https:\/\/www.lykketegning.no\/de\/wp-json\/wp\/v2\/product_brand?post=42104"},{"taxonomy":"product_cat","embeddable":true,"href":"https:\/\/www.lykketegning.no\/de\/wp-json\/wp\/v2\/product_cat?post=42104"},{"taxonomy":"product_tag","embeddable":true,"href":"https:\/\/www.lykketegning.no\/de\/wp-json\/wp\/v2\/product_tag?post=42104"}],"curies":[{"name":"wp","href":"https:\/\/api.w.org\/{rel}","templated":true}]}}