{"id":42012,"date":"2026-01-20T13:20:44","date_gmt":"2026-01-20T12:20:44","guid":{"rendered":"https:\/\/www-lykketegning.wp3.hcweb.dev\/?post_type=product&#038;p=42012"},"modified":"2026-03-16T09:25:18","modified_gmt":"2026-03-16T08:25:18","slug":"vinglass-med-gravering-hver-dag-hvert-oyeblikk","status":"publish","type":"product","link":"https:\/\/www.lykketegning.no\/de\/produkt\/vinglass-med-gravering-hver-dag-hvert-oyeblikk\/","title":{"rendered":"Weinglas mit Gravur \u201cEvery day, every moment!\u201d"},"content":{"rendered":"<h2>Weinglas mit Gravur \u201cEvery day, every moment!\u201d<\/h2>\n<p><i>Womit m\u00f6chtest du deinen Tag f\u00fcllen?<span class=\"Apple-converted-space\">\u00a0<\/span><\/i><\/p>\n<p><i>Ist es, ein gutes Buch zu lesen, spazieren zu gehen, Musik zu h\u00f6ren? Sparen Sie nicht an den sch\u00f6nen Dingen,<span class=\"Apple-converted-space\">\u00a0<\/span><\/i><\/p>\n<p><i>Jeder Tag, jeder Augenblick ist genau hier und jetzt.<\/i><\/p>\n<p><i>Es gibt keine Wiederholungstaste,<span class=\"Apple-converted-space\">\u00a0<\/span><\/i><\/p>\n<p><i>Gestalten Sie Ihren Tag ganz nach Ihren W\u00fcnschen.<\/i><\/p>\n<p><b>Ingebj\u00f8rg Rang\u00f8y Sj\u00e5land<\/b><\/p>\n<p>Weingl\u00e4ser mit sch\u00f6nem Design und Gravur.<br \/>\nDie Gl\u00e4ser sind so konzipiert, dass Sie sowohl Rot- als auch Wei\u00dfwein genie\u00dfen k\u00f6nnen, eignen sich aber auch perfekt zum Servieren eines frischen Saftes.<\/p>\n<p>Ein perfektes Geschenk f\u00fcr einen Freund oder ein Brautpaar.<\/p>\n<p>Kommt in einer niedlichen Schachtel mit einer Illustration von Luck Drawing.<\/p>\n<p>Sehen Sie sich auch die anderen Weingl\u00e4ser der gleichen Serie mit anderem Text an.<\/p>\n<p>Mit klaren Linien und guten Zitaten will Lucky Drawing zum Nachdenken anregen,<br \/>\ntief durchatmen und dann einen guten Kurs nach vorne setzen.<br \/>\nKann in der Sp\u00fclmaschine gereinigt werden.<br \/>\nD9,5 H22,5 cm 625 ml, Glas, Klar. 1 Packung im Geschenkkarton<\/p>\n<p><strong>\"Bei Lykketegning wird jede Illustration mit viel W\u00e4rme und Sorgfalt erstellt.<\/strong><br \/>\n<strong>Mit kr\u00e4ftigen Farben, klaren Linien und guten Zitaten will Happiness Drawing Sie dazu bringen, einen Moment innezuhalten, tief durchzuatmen und dann einen guten Kurs nach vorne zu setzen.<\/strong><br \/>\n<strong>\"Die Herzen und das L\u00e4cheln sind von mir f\u00fcr dich, um dich daran zu erinnern, dass du wirklich gut bist!\"<\/strong><\/p>\n<p>&nbsp;<\/p>\n<p>Auf der Website finden Sie einige Illustrationen und andere Produkte wie Tassen, Gru\u00dfkarten und Kalender.<\/p>\n<p>Es kommen st\u00e4ndig neue Produkte hinzu. Melden Sie sich f\u00fcr den Newsletter an, um monatliche Updates zu erhalten.<\/p>\n<p>F\u00fcr <strong>viele viele viele viele<\/strong> weitere Illustrationen; besuchen Sie mein Instagram- und Facebook-Profil.<\/p>\n<p>Eigentlich sind alle Illustrationen k\u00e4uflich zu erwerben. 999 SEK f\u00fcr A4 und 1500 SEK f\u00fcr A3.<\/p>\n<p>Sie k\u00f6nnen auch Ihr eigenes Exemplar bestellen - ein tolles Geschenk f\u00fcr Hochzeiten und andere Feiern. Nehmen Sie dazu Kontakt mit dem Posteingang auf.<\/p>\n<p><em>Preis: 1500kr f\u00fcr A4 und A5 (bis zu 5 Personen\/Tier) zus\u00e4tzliche Kosten f\u00fcr mehr (bis zu 5 Personen\/Tier). A3 2000kr ex Porto. Ich muss die Haarfarbe\/den Haartyp, die Gr\u00f6\u00dfe, die Interessen und die gew\u00fcnschte Anzahl der abgebildeten Personen wissen. Alle Kostenvoranschl\u00e4ge, die Sie w\u00fcnschen, eingeschlossen.<\/em><\/p>\n<p>Wenn Sie Fragen haben, z\u00f6gern Sie nicht, mich zu kontaktieren! Wenn Sie sich \u00fcber eine m\u00f6gliche Zusammenarbeit unterhalten m\u00f6chten, schicken Sie mir bitte eine E-Mail.<\/p>\n<p>Ich freue mich, von Ihnen zu h\u00f6ren und w\u00fcnsche Ihnen einen sch\u00f6nen Tag. <a href=\"https:\/\/www.facebook.com\/lykketegning\/?locale=nb_NO\">Dies f\u00fchrt Sie zu meiner Facebook-Seite.<\/a> Und wenn Sie mir folgen wollen auf<a href=\"https:\/\/www.instagram.com\/lykketegning\/?hl=nb\"> Instagram, dann finden Sie es hier.<\/a><\/p>\n<p>K\u00fcnstler<br \/>\nIngebj\u00f8rg Rang\u00f8y Sj\u00e5land<\/p>\n<p>&nbsp;<\/p>\n<p>&nbsp;<\/p>","protected":false},"excerpt":{"rendered":"<h2>Weinglas mit Gravur \u201cEvery day, every moment!\u201d<\/h2>\n<p><i>Womit m\u00f6chtest du deinen Tag f\u00fcllen?<span class=\"Apple-converted-space\">\u00a0<\/span><\/i><\/p>\n<p><i>Ist es, ein gutes Buch zu lesen, spazieren zu gehen, Musik zu h\u00f6ren? Sparen Sie nicht an den sch\u00f6nen Dingen,<span class=\"Apple-converted-space\">\u00a0<\/span><\/i><\/p>\n<p><i>Jeder Tag, jeder Augenblick ist genau hier und jetzt.<\/i><\/p>\n<p><i>Es gibt keine Wiederholungstaste,<span class=\"Apple-converted-space\">\u00a0<\/span><\/i><\/p>\n<p><i>Gestalten Sie Ihren Tag ganz nach Ihren W\u00fcnschen.<\/i><\/p>\n<p><b>ingebj\u00f8rg Rang\u00f8y Sj\u00e5land<\/b><\/p>\n<p>Weingl\u00e4ser mit sch\u00f6nem Design und Gravur. \"Einen Freund wie dich zu haben, macht das Leben besser\"<\/p>\n<p>Die Gl\u00e4ser sind so konzipiert, dass Sie sowohl Rot- als auch Wei\u00dfwein genie\u00dfen k\u00f6nnen, eignen sich aber auch perfekt zum Servieren eines frischen Saftes.<\/p>\n<p>Ein perfektes Geschenk f\u00fcr einen Freund oder ein Brautpaar.<\/p>\n<p>Kommt in einer niedlichen Schachtel mit einer Illustration von Luck Drawing.<\/p>\n<p>Sehen Sie sich die 7 anderen Weingl\u00e4ser der gleichen Serie mit anderem Text an.<\/p>\n<p>Mit klaren Linien und guten Zitaten will Lucky Drawing zum Nachdenken anregen,<br \/>\ntief durchatmen und dann einen guten Kurs nach vorne setzen.<br \/>\nKann in der Sp\u00fclmaschine gereinigt werden.<br \/>\nD9,5 H22,5 cm 625 ml, Glas, Klar. 1 Packung im Geschenkkarton<\/p>","protected":false},"featured_media":42010,"comment_status":"open","ping_status":"closed","template":"","meta":[],"product_brand":[440],"product_cat":[197],"product_tag":[441,248,442,329,198,330],"class_list":{"0":"post-42012","1":"product","2":"type-product","3":"status-publish","4":"has-post-thumbnail","6":"product_brand-vinglass","7":"product_cat-graverte-vinglass-champagneglass","8":"product_tag-gjor-mer-av-det-som-gjor-deg-glad","9":"product_tag-glass","10":"product_tag-nyhet","11":"product_tag-vin","12":"product_tag-vinglass","13":"product_tag-ol","15":"first","16":"instock","17":"featured","18":"taxable","19":"shipping-taxable","20":"purchasable","21":"product-type-simple"},"yoast_head":"<!-- This site is optimized with the Yoast SEO plugin v27.5 - https:\/\/yoast.com\/product\/yoast-seo-wordpress\/ -->\n<title>Vinglass med gravering &quot;Hver dag, hvert \u00f8yeblikk!&quot; - LYKKETEGNING ILLUSTRAT\u00d8R<\/title>\n<meta name=\"description\" content=\"Vinglass med gravering &quot;Hver dag, hvert \u00f8yeblikk!&quot; En perfekt gave \u00e5 gi til venninne eller brudepar. Du finner den hos Lykketegning\" \/>\n<meta name=\"robots\" content=\"index, follow, max-snippet:-1, max-image-preview:large, max-video-preview:-1\" \/>\n<link rel=\"canonical\" href=\"https:\/\/www.lykketegning.no\/de\/product-2\/vinglas-med-indgravering-every-day-every-moment\/\" \/>\n<meta property=\"og:locale\" content=\"de_DE\" \/>\n<meta property=\"og:type\" content=\"article\" \/>\n<meta property=\"og:title\" content=\"Vinglass med gravering &quot;Hver dag, hvert \u00f8yeblikk!&quot; - LYKKETEGNING ILLUSTRAT\u00d8R\" \/>\n<meta property=\"og:description\" content=\"Vinglass med gravering &quot;Hver dag, hvert \u00f8yeblikk!&quot; En perfekt gave \u00e5 gi til venninne eller brudepar. Du finner den hos Lykketegning\" \/>\n<meta property=\"og:url\" content=\"https:\/\/www.lykketegning.no\/de\/product-2\/vinglas-med-indgravering-every-day-every-moment\/\" \/>\n<meta property=\"og:site_name\" content=\"LYKKETEGNING ILLUSTRAT\u00d8R\" \/>\n<meta property=\"article:publisher\" content=\"https:\/\/www.facebook.com\/lykketegning\/\" \/>\n<meta property=\"article:modified_time\" content=\"2026-03-16T08:25:18+00:00\" \/>\n<meta property=\"og:image\" content=\"https:\/\/www.lykketegning.no\/wp-content\/uploads\/2026\/01\/IMG_5927-1-scaled.jpg\" \/>\n\t<meta property=\"og:image:width\" content=\"1814\" \/>\n\t<meta property=\"og:image:height\" content=\"2560\" \/>\n\t<meta property=\"og:image:type\" content=\"image\/jpeg\" \/>\n<meta name=\"twitter:card\" content=\"summary_large_image\" \/>\n<meta name=\"twitter:label1\" content=\"Gesch\u00e4tzte Lesezeit\" \/>\n\t<meta name=\"twitter:data1\" content=\"3\u00a0Minuten\" \/>\n<script type=\"application\/ld+json\" class=\"yoast-schema-graph\">{\"@context\":\"https:\\\/\\\/schema.org\",\"@graph\":[{\"@type\":\"WebPage\",\"@id\":\"https:\\\/\\\/www.lykketegning.no\\\/da\\\/product-2\\\/vinglas-med-indgravering-every-day-every-moment\\\/\",\"url\":\"https:\\\/\\\/www.lykketegning.no\\\/da\\\/product-2\\\/vinglas-med-indgravering-every-day-every-moment\\\/\",\"name\":\"Vinglass med gravering \\\"Hver dag, hvert \u00f8yeblikk!\\\" - LYKKETEGNING ILLUSTRAT\u00d8R\",\"isPartOf\":{\"@id\":\"https:\\\/\\\/www.lykketegning.no\\\/#website\"},\"primaryImageOfPage\":{\"@id\":\"https:\\\/\\\/www.lykketegning.no\\\/da\\\/product-2\\\/vinglas-med-indgravering-every-day-every-moment\\\/#primaryimage\"},\"image\":{\"@id\":\"https:\\\/\\\/www.lykketegning.no\\\/da\\\/product-2\\\/vinglas-med-indgravering-every-day-every-moment\\\/#primaryimage\"},\"thumbnailUrl\":\"https:\\\/\\\/www.lykketegning.no\\\/wp-content\\\/uploads\\\/2026\\\/01\\\/IMG_5927-1-scaled.jpg\",\"datePublished\":\"2026-01-20T12:20:44+00:00\",\"dateModified\":\"2026-03-16T08:25:18+00:00\",\"description\":\"Vinglass med gravering \\\"Hver dag, hvert \u00f8yeblikk!\\\" En perfekt gave \u00e5 gi til venninne eller brudepar. Du finner den hos Lykketegning\",\"breadcrumb\":{\"@id\":\"https:\\\/\\\/www.lykketegning.no\\\/da\\\/product-2\\\/vinglas-med-indgravering-every-day-every-moment\\\/#breadcrumb\"},\"inLanguage\":\"de\",\"potentialAction\":[{\"@type\":\"ReadAction\",\"target\":[\"https:\\\/\\\/www.lykketegning.no\\\/da\\\/product-2\\\/vinglas-med-indgravering-every-day-every-moment\\\/\"]}]},{\"@type\":\"ImageObject\",\"inLanguage\":\"de\",\"@id\":\"https:\\\/\\\/www.lykketegning.no\\\/da\\\/product-2\\\/vinglas-med-indgravering-every-day-every-moment\\\/#primaryimage\",\"url\":\"https:\\\/\\\/www.lykketegning.no\\\/wp-content\\\/uploads\\\/2026\\\/01\\\/IMG_5927-1-scaled.jpg\",\"contentUrl\":\"https:\\\/\\\/www.lykketegning.no\\\/wp-content\\\/uploads\\\/2026\\\/01\\\/IMG_5927-1-scaled.jpg\",\"width\":1814,\"height\":2560},{\"@type\":\"BreadcrumbList\",\"@id\":\"https:\\\/\\\/www.lykketegning.no\\\/da\\\/product-2\\\/vinglas-med-indgravering-every-day-every-moment\\\/#breadcrumb\",\"itemListElement\":[{\"@type\":\"ListItem\",\"position\":1,\"name\":\"Hjem\",\"item\":\"https:\\\/\\\/www.lykketegning.no\\\/\"},{\"@type\":\"ListItem\",\"position\":2,\"name\":\"Shop\",\"item\":\"https:\\\/\\\/www.lykketegning.no\\\/sv\\\/webbutik\\\/\"},{\"@type\":\"ListItem\",\"position\":3,\"name\":\"Vinglass med gravering &#8220;Hver dag, hvert \u00f8yeblikk!&#8221;\"}]},{\"@type\":\"WebSite\",\"@id\":\"https:\\\/\\\/www.lykketegning.no\\\/#website\",\"url\":\"https:\\\/\\\/www.lykketegning.no\\\/\",\"name\":\"LYKKETEGNING ILLUSTRAT\u00d8R\",\"description\":\"\",\"publisher\":{\"@id\":\"https:\\\/\\\/www.lykketegning.no\\\/#organization\"},\"potentialAction\":[{\"@type\":\"SearchAction\",\"target\":{\"@type\":\"EntryPoint\",\"urlTemplate\":\"https:\\\/\\\/www.lykketegning.no\\\/?s={search_term_string}\"},\"query-input\":{\"@type\":\"PropertyValueSpecification\",\"valueRequired\":true,\"valueName\":\"search_term_string\"}}],\"inLanguage\":\"de\"},{\"@type\":\"Organization\",\"@id\":\"https:\\\/\\\/www.lykketegning.no\\\/#organization\",\"name\":\"LYKKETEGNING ILLUSTRAT\u00d8R\",\"url\":\"https:\\\/\\\/www.lykketegning.no\\\/\",\"logo\":{\"@type\":\"ImageObject\",\"inLanguage\":\"de\",\"@id\":\"https:\\\/\\\/www.lykketegning.no\\\/#\\\/schema\\\/logo\\\/image\\\/\",\"url\":\"https:\\\/\\\/www.lykketegning.no\\\/wp-content\\\/uploads\\\/2020\\\/03\\\/Logo2020_h400px.jpg\",\"contentUrl\":\"https:\\\/\\\/www.lykketegning.no\\\/wp-content\\\/uploads\\\/2020\\\/03\\\/Logo2020_h400px.jpg\",\"width\":1024,\"height\":400,\"caption\":\"LYKKETEGNING ILLUSTRAT\u00d8R\"},\"image\":{\"@id\":\"https:\\\/\\\/www.lykketegning.no\\\/#\\\/schema\\\/logo\\\/image\\\/\"},\"sameAs\":[\"https:\\\/\\\/www.facebook.com\\\/lykketegning\\\/\",\"https:\\\/\\\/www.instagram.com\\\/lykketegning\\\/\",\"https:\\\/\\\/www.youtube.com\\\/@lykketegningillustrations\",\"https:\\\/\\\/www.tiktok.com\\\/@lykketegningillustration\"]}]}<\/script>\n<!-- \/ Yoast SEO plugin. -->","yoast_head_json":{"title":"Weinglas mit Gravur \"Every day, every moment!\" - GL\u00dcCKSZEICHNUNG ILLUSTRATOR","description":"Weinglas mit Gravur \"Every day, every moment!\" Ein perfektes Geschenk f\u00fcr einen Freund oder ein Brautpaar. Sie finden es bei Lykketegning","robots":{"index":"index","follow":"follow","max-snippet":"max-snippet:-1","max-image-preview":"max-image-preview:large","max-video-preview":"max-video-preview:-1"},"canonical":"https:\/\/www.lykketegning.no\/de\/product-2\/vinglas-med-indgravering-every-day-every-moment\/","og_locale":"de_DE","og_type":"article","og_title":"Vinglass med gravering \"Hver dag, hvert \u00f8yeblikk!\" - LYKKETEGNING ILLUSTRAT\u00d8R","og_description":"Vinglass med gravering \"Hver dag, hvert \u00f8yeblikk!\" En perfekt gave \u00e5 gi til venninne eller brudepar. Du finner den hos Lykketegning","og_url":"https:\/\/www.lykketegning.no\/de\/product-2\/vinglas-med-indgravering-every-day-every-moment\/","og_site_name":"LYKKETEGNING ILLUSTRAT\u00d8R","article_publisher":"https:\/\/www.facebook.com\/lykketegning\/","article_modified_time":"2026-03-16T08:25:18+00:00","og_image":[{"width":1814,"height":2560,"url":"https:\/\/www.lykketegning.no\/wp-content\/uploads\/2026\/01\/IMG_5927-1-scaled.jpg","type":"image\/jpeg"}],"twitter_card":"summary_large_image","twitter_misc":{"Gesch\u00e4tzte Lesezeit":"3\u00a0Minuten"},"schema":{"@context":"https:\/\/schema.org","@graph":[{"@type":"WebPage","@id":"https:\/\/www.lykketegning.no\/da\/product-2\/vinglas-med-indgravering-every-day-every-moment\/","url":"https:\/\/www.lykketegning.no\/da\/product-2\/vinglas-med-indgravering-every-day-every-moment\/","name":"Weinglas mit Gravur \"Every day, every moment!\" - GL\u00dcCKSZEICHNUNG ILLUSTRATOR","isPartOf":{"@id":"https:\/\/www.lykketegning.no\/#website"},"primaryImageOfPage":{"@id":"https:\/\/www.lykketegning.no\/da\/product-2\/vinglas-med-indgravering-every-day-every-moment\/#primaryimage"},"image":{"@id":"https:\/\/www.lykketegning.no\/da\/product-2\/vinglas-med-indgravering-every-day-every-moment\/#primaryimage"},"thumbnailUrl":"https:\/\/www.lykketegning.no\/wp-content\/uploads\/2026\/01\/IMG_5927-1-scaled.jpg","datePublished":"2026-01-20T12:20:44+00:00","dateModified":"2026-03-16T08:25:18+00:00","description":"Weinglas mit Gravur \"Every day, every moment!\" Ein perfektes Geschenk f\u00fcr einen Freund oder ein Brautpaar. Sie finden es bei Lykketegning","breadcrumb":{"@id":"https:\/\/www.lykketegning.no\/da\/product-2\/vinglas-med-indgravering-every-day-every-moment\/#breadcrumb"},"inLanguage":"de","potentialAction":[{"@type":"ReadAction","target":["https:\/\/www.lykketegning.no\/da\/product-2\/vinglas-med-indgravering-every-day-every-moment\/"]}]},{"@type":"ImageObject","inLanguage":"de","@id":"https:\/\/www.lykketegning.no\/da\/product-2\/vinglas-med-indgravering-every-day-every-moment\/#primaryimage","url":"https:\/\/www.lykketegning.no\/wp-content\/uploads\/2026\/01\/IMG_5927-1-scaled.jpg","contentUrl":"https:\/\/www.lykketegning.no\/wp-content\/uploads\/2026\/01\/IMG_5927-1-scaled.jpg","width":1814,"height":2560},{"@type":"BreadcrumbList","@id":"https:\/\/www.lykketegning.no\/da\/product-2\/vinglas-med-indgravering-every-day-every-moment\/#breadcrumb","itemListElement":[{"@type":"ListItem","position":1,"name":"Hjem","item":"https:\/\/www.lykketegning.no\/"},{"@type":"ListItem","position":2,"name":"Shop","item":"https:\/\/www.lykketegning.no\/sv\/webbutik\/"},{"@type":"ListItem","position":3,"name":"Vinglass med gravering &#8220;Hver dag, hvert \u00f8yeblikk!&#8221;"}]},{"@type":"WebSite","@id":"https:\/\/www.lykketegning.no\/#website","url":"https:\/\/www.lykketegning.no\/","name":"GL\u00dcCKSZEICHNUNG ILLUSTRATOR","description":"","publisher":{"@id":"https:\/\/www.lykketegning.no\/#organization"},"potentialAction":[{"@type":"SearchAction","target":{"@type":"EntryPoint","urlTemplate":"https:\/\/www.lykketegning.no\/?s={search_term_string}"},"query-input":{"@type":"PropertyValueSpecification","valueRequired":true,"valueName":"search_term_string"}}],"inLanguage":"de"},{"@type":"Organization","@id":"https:\/\/www.lykketegning.no\/#organization","name":"GL\u00dcCKSZEICHNUNG ILLUSTRATOR","url":"https:\/\/www.lykketegning.no\/","logo":{"@type":"ImageObject","inLanguage":"de","@id":"https:\/\/www.lykketegning.no\/#\/schema\/logo\/image\/","url":"https:\/\/www.lykketegning.no\/wp-content\/uploads\/2020\/03\/Logo2020_h400px.jpg","contentUrl":"https:\/\/www.lykketegning.no\/wp-content\/uploads\/2020\/03\/Logo2020_h400px.jpg","width":1024,"height":400,"caption":"LYKKETEGNING ILLUSTRAT\u00d8R"},"image":{"@id":"https:\/\/www.lykketegning.no\/#\/schema\/logo\/image\/"},"sameAs":["https:\/\/www.facebook.com\/lykketegning\/","https:\/\/www.instagram.com\/lykketegning\/","https:\/\/www.youtube.com\/@lykketegningillustrations","https:\/\/www.tiktok.com\/@lykketegningillustration"]}]}},"_links":{"self":[{"href":"https:\/\/www.lykketegning.no\/de\/wp-json\/wp\/v2\/product\/42012","targetHints":{"allow":["GET"]}}],"collection":[{"href":"https:\/\/www.lykketegning.no\/de\/wp-json\/wp\/v2\/product"}],"about":[{"href":"https:\/\/www.lykketegning.no\/de\/wp-json\/wp\/v2\/types\/product"}],"replies":[{"embeddable":true,"href":"https:\/\/www.lykketegning.no\/de\/wp-json\/wp\/v2\/comments?post=42012"}],"wp:featuredmedia":[{"embeddable":true,"href":"https:\/\/www.lykketegning.no\/de\/wp-json\/wp\/v2\/media\/42010"}],"wp:attachment":[{"href":"https:\/\/www.lykketegning.no\/de\/wp-json\/wp\/v2\/media?parent=42012"}],"wp:term":[{"taxonomy":"product_brand","embeddable":true,"href":"https:\/\/www.lykketegning.no\/de\/wp-json\/wp\/v2\/product_brand?post=42012"},{"taxonomy":"product_cat","embeddable":true,"href":"https:\/\/www.lykketegning.no\/de\/wp-json\/wp\/v2\/product_cat?post=42012"},{"taxonomy":"product_tag","embeddable":true,"href":"https:\/\/www.lykketegning.no\/de\/wp-json\/wp\/v2\/product_tag?post=42012"}],"curies":[{"name":"wp","href":"https:\/\/api.w.org\/{rel}","templated":true}]}}