{"id":41455,"date":"2025-11-26T12:06:51","date_gmt":"2025-11-26T11:06:51","guid":{"rendered":"https:\/\/www.lykketegning.no\/?post_type=product&#038;p=41455"},"modified":"2026-04-15T19:44:13","modified_gmt":"2026-04-15T17:44:13","slug":"nyhet-lykkekopp-fra-lykketegning-glede","status":"publish","type":"product","link":"https:\/\/www.lykketegning.no\/de\/produkt\/neuheit-glucksbecher-aus-gluckszeichnung-freude\/","title":{"rendered":"Neu! Gl\u00fccksbecher aus der Gl\u00fcckszeichnung \u201cFreude\u201d"},"content":{"rendered":"<h3>Brandneue Gl\u00fccksbecher von Lykketegning \u201cFreude\u201d<\/h3>\n<p><i>Allt\u00e4gliche Aufgaben, Pflichten und Arbeit k\u00f6nnen manchmal das \u00fcberschatten, was man am liebsten tut.<span class=\"Apple-converted-space\">\u00a0<\/span><\/i><\/p>\n<p><i>Nimm dir also Zeit f\u00fcr das, was dich gl\u00fccklich macht.<span class=\"Apple-converted-space\">\u00a0<\/span><\/i><\/p>\n<p><i>Umgib dich mit Menschen, die dich zum L\u00e4cheln bringen und<span class=\"Apple-converted-space\">\u00a0<\/span><\/i><\/p>\n<p><i>Finden Sie heraus, was Ihnen Energie gibt!<\/i><\/p>\n<p><i>Hab einen sch\u00f6nen Tag!<\/i><\/p>\n<p><b>Ingebj\u00f8rg Rang\u00f8y Sj\u00e5land <\/b><b>Gl\u00fcckliche Ziehung<\/b><\/p>\n<h5><span style=\"font-size: 16px;\">Wundersch\u00f6ne gr\u00fcne Farbe und perfekt zum Morgenkaffee. Damit starten Sie gut in den Tag.\u00a0<\/span><\/h5>\n<p>Schauen Sie sich auch die anderen Tassen an, wie z. B. <a href=\"https:\/\/www.lykketegning.no\/de\/produkt\/brandneue-glucksbecher-von-lykketegning-oyeblikket\/\">Der Moment.\u00a0<\/a><\/p>\n<p>Becher rosa D8 H9,5 400ml Material: Porzellan<\/p>\n<p>Sp\u00fclmaschinenfest<\/p>\n<p>Beliebte Tasse mit Zitat von Lucky Drawing<\/p>\n<h4>Mehr \u00fcber Lucky Drawing:<\/h4>\n<div class=\"row tab-table-row\">\n<div class=\"col-xs-6\"><strong>\"Bei Lykketegning wird jede Illustration mit viel W\u00e4rme und Sorgfalt erstellt.<\/strong><br \/>\n<strong>Mit kr\u00e4ftigen Farben, klaren Linien und guten Zitaten will Happiness Drawing Sie dazu bringen, einen Moment innezuhalten, tief durchzuatmen und dann einen guten Kurs nach vorne zu setzen.<\/strong><br \/>\n<strong>\"Die Herzen und das L\u00e4cheln sind von mir f\u00fcr dich, um dich daran zu erinnern, dass du wirklich gut bist!\"<\/strong><\/div>\n<div class=\"col-xs-6\">\n<p>Auf der Website finden Sie einige Illustrationen und andere Produkte wie Tassen, Gru\u00dfkarten und Kalender. Es kommen st\u00e4ndig neue Produkte hinzu, also melden Sie sich f\u00fcr den Newsletter an, um monatliche Updates zu erhalten.<\/p>\n<p>F\u00fcr <strong>viele viele viele viele<\/strong> weitere Illustrationen; besuchen Sie mein Instagram- und Facebook-Profil.<\/p>\n<p>Eigentlich sind alle Illustrationen k\u00e4uflich zu erwerben. 999 SEK f\u00fcr A4 und 1500 SEK f\u00fcr A3.<\/p>\n<p>Sie k\u00f6nnen auch Ihr eigenes Exemplar bestellen - ein tolles Geschenk f\u00fcr Hochzeiten und andere Feiern. Nehmen Sie dazu Kontakt mit dem Posteingang auf.<\/p>\n<p><em>Preis: 1500kr f\u00fcr A4 und A5 (bis zu 5 Personen\/Tier) zus\u00e4tzliche Kosten f\u00fcr mehr (bis zu 5 Personen\/Tier). A3 2000kr ex Porto. Ich muss die Haarfarbe\/den Haartyp, die Gr\u00f6\u00dfe, die Interessen und die gew\u00fcnschte Anzahl der abgebildeten Personen wissen. Alle Kostenvoranschl\u00e4ge, die Sie w\u00fcnschen, eingeschlossen.<\/em><\/p>\n<p>Wenn Sie Fragen haben, z\u00f6gern Sie nicht, mich zu kontaktieren! Wenn Sie sich \u00fcber eine m\u00f6gliche Zusammenarbeit unterhalten m\u00f6chten, schicken Sie mir bitte eine E-Mail.<\/p>\n<p>Ich freue mich, von Ihnen zu h\u00f6ren und w\u00fcnsche Ihnen einen sch\u00f6nen Tag. <a href=\"https:\/\/www.facebook.com\/lykketegning\/?locale=nb_NO\">Dies f\u00fchrt Sie zu meiner Facebook-Seite.<\/a> Und wenn Sie mir folgen wollen auf<a href=\"https:\/\/www.instagram.com\/lykketegning\/?hl=nb\"> Instagram, dann finden Sie es hier.<\/a><\/p>\n<p>K\u00fcnstler<br \/>\nIngebj\u00f8rg Rang\u00f8y Sj\u00e5land<\/p>\n<p>&nbsp;<\/p>\n<\/div>\n<\/div>\n<div><\/div>\n<div class=\"page\" title=\"Seite 1\"><\/div>","protected":false},"excerpt":{"rendered":"<h3>Brandneue Gl\u00fccksbecher von Lykketegning \u201cFreude\u201d<\/h3>\n<p><i>Allt\u00e4gliche Aufgaben, Pflichten und Arbeit k\u00f6nnen manchmal das \u00fcberschatten, was man am liebsten tut. <\/i><\/p>\n<p><i>Nimm dir also Zeit f\u00fcr das, was dich gl\u00fccklich macht. <\/i><\/p>\n<p><i>Umgib dich mit Menschen, die dich zum L\u00e4cheln bringen und <\/i><\/p>\n<p><i>Finden Sie heraus, was Ihnen Energie gibt!<\/i><\/p>\n<p><i>Hab einen sch\u00f6nen Tag!<\/i><\/p>\n<p><b>Ingebj\u00f8rg Rang\u00f8y Sj\u00e5land <\/b><b>Gl\u00fcckliche Ziehung<\/b><\/p>\n<h5><span style=\"font-size: 16px;\">Wundersch\u00f6ne gr\u00fcne Farbe und perfekt zum Morgenkaffee. Damit starten Sie gut in den Tag.\u00a0<\/span><\/h5>\n<p>&nbsp;<\/p>","protected":false},"featured_media":41452,"comment_status":"closed","ping_status":"closed","template":"","meta":[],"product_brand":[432],"product_cat":[41],"product_tag":[434,191,43,121],"class_list":{"0":"post-41455","1":"product","2":"type-product","3":"status-publish","4":"has-post-thumbnail","6":"product_brand-lykkekopp","7":"product_cat-lykkekopper","8":"product_tag-glede","9":"product_tag-lykke","10":"product_tag-lykkekopp","11":"product_tag-lykkekrus","13":"first","14":"instock","15":"taxable","16":"shipping-taxable","17":"purchasable","18":"product-type-simple"},"yoast_head":"<!-- This site is optimized with the Yoast SEO plugin v27.4 - https:\/\/yoast.com\/product\/yoast-seo-wordpress\/ -->\n<title>Nyhet! Lykkekopp fra Lykketegning &quot;Glede&quot; - LYKKETEGNING ILLUSTRAT\u00d8R<\/title>\n<meta name=\"description\" content=\"Helt ny Lykkekopp fra Lykketegning &quot;Glede&quot;. Hvor mange har du? Hos Lykketegning kan du samle p\u00e5 alle koppene. Over 30 ulike motiver.\" \/>\n<meta name=\"robots\" content=\"index, follow, max-snippet:-1, max-image-preview:large, max-video-preview:-1\" \/>\n<link rel=\"canonical\" href=\"https:\/\/www.lykketegning.no\/de\/produkt\/neuheit-glucksbecher-aus-gluckszeichnung-freude\/\" \/>\n<meta property=\"og:locale\" content=\"de_DE\" \/>\n<meta property=\"og:type\" content=\"article\" \/>\n<meta property=\"og:title\" content=\"Nyhet! Lykkekopp fra Lykketegning &quot;Glede&quot; - LYKKETEGNING ILLUSTRAT\u00d8R\" \/>\n<meta property=\"og:description\" content=\"Helt ny Lykkekopp fra Lykketegning &quot;Glede&quot;. Hvor mange har du? Hos Lykketegning kan du samle p\u00e5 alle koppene. Over 30 ulike motiver.\" \/>\n<meta property=\"og:url\" content=\"https:\/\/www.lykketegning.no\/de\/produkt\/neuheit-glucksbecher-aus-gluckszeichnung-freude\/\" \/>\n<meta property=\"og:site_name\" content=\"LYKKETEGNING ILLUSTRAT\u00d8R\" \/>\n<meta property=\"article:publisher\" content=\"https:\/\/www.facebook.com\/lykketegning\/\" \/>\n<meta property=\"article:modified_time\" content=\"2026-04-15T17:44:13+00:00\" \/>\n<meta property=\"og:image\" content=\"https:\/\/www.lykketegning.no\/wp-content\/uploads\/2025\/11\/46242121_1-scaled.jpg\" \/>\n\t<meta property=\"og:image:width\" content=\"2560\" \/>\n\t<meta property=\"og:image:height\" content=\"2560\" \/>\n\t<meta property=\"og:image:type\" content=\"image\/jpeg\" \/>\n<meta name=\"twitter:card\" content=\"summary_large_image\" \/>\n<meta name=\"twitter:label1\" content=\"Gesch\u00e4tzte Lesezeit\" \/>\n\t<meta name=\"twitter:data1\" content=\"3\u00a0Minuten\" \/>\n<script type=\"application\/ld+json\" class=\"yoast-schema-graph\">{\"@context\":\"https:\\\/\\\/schema.org\",\"@graph\":[{\"@type\":\"WebPage\",\"@id\":\"https:\\\/\\\/www.lykketegning.no\\\/produkt\\\/nyhet-lykkekopp-fra-lykketegning-glede\\\/\",\"url\":\"https:\\\/\\\/www.lykketegning.no\\\/produkt\\\/nyhet-lykkekopp-fra-lykketegning-glede\\\/\",\"name\":\"Nyhet! Lykkekopp fra Lykketegning \\\"Glede\\\" - LYKKETEGNING ILLUSTRAT\u00d8R\",\"isPartOf\":{\"@id\":\"https:\\\/\\\/www.lykketegning.no\\\/#website\"},\"primaryImageOfPage\":{\"@id\":\"https:\\\/\\\/www.lykketegning.no\\\/produkt\\\/nyhet-lykkekopp-fra-lykketegning-glede\\\/#primaryimage\"},\"image\":{\"@id\":\"https:\\\/\\\/www.lykketegning.no\\\/produkt\\\/nyhet-lykkekopp-fra-lykketegning-glede\\\/#primaryimage\"},\"thumbnailUrl\":\"https:\\\/\\\/www.lykketegning.no\\\/wp-content\\\/uploads\\\/2025\\\/11\\\/46242121_1-scaled.jpg\",\"datePublished\":\"2025-11-26T11:06:51+00:00\",\"dateModified\":\"2026-04-15T17:44:13+00:00\",\"description\":\"Helt ny Lykkekopp fra Lykketegning \\\"Glede\\\". Hvor mange har du? Hos Lykketegning kan du samle p\u00e5 alle koppene. Over 30 ulike motiver.\",\"breadcrumb\":{\"@id\":\"https:\\\/\\\/www.lykketegning.no\\\/produkt\\\/nyhet-lykkekopp-fra-lykketegning-glede\\\/#breadcrumb\"},\"inLanguage\":\"de\",\"potentialAction\":[{\"@type\":\"ReadAction\",\"target\":[\"https:\\\/\\\/www.lykketegning.no\\\/produkt\\\/nyhet-lykkekopp-fra-lykketegning-glede\\\/\"]}]},{\"@type\":\"ImageObject\",\"inLanguage\":\"de\",\"@id\":\"https:\\\/\\\/www.lykketegning.no\\\/produkt\\\/nyhet-lykkekopp-fra-lykketegning-glede\\\/#primaryimage\",\"url\":\"https:\\\/\\\/www.lykketegning.no\\\/wp-content\\\/uploads\\\/2025\\\/11\\\/46242121_1-scaled.jpg\",\"contentUrl\":\"https:\\\/\\\/www.lykketegning.no\\\/wp-content\\\/uploads\\\/2025\\\/11\\\/46242121_1-scaled.jpg\",\"width\":2560,\"height\":2560},{\"@type\":\"BreadcrumbList\",\"@id\":\"https:\\\/\\\/www.lykketegning.no\\\/produkt\\\/nyhet-lykkekopp-fra-lykketegning-glede\\\/#breadcrumb\",\"itemListElement\":[{\"@type\":\"ListItem\",\"position\":1,\"name\":\"Hjem\",\"item\":\"https:\\\/\\\/www.lykketegning.no\\\/\"},{\"@type\":\"ListItem\",\"position\":2,\"name\":\"Shop\",\"item\":\"https:\\\/\\\/www.lykketegning.no\\\/sv\\\/webbutik\\\/\"},{\"@type\":\"ListItem\",\"position\":3,\"name\":\"Nyhet! Lykkekopp fra Lykketegning &#8220;Glede&#8221;\"}]},{\"@type\":\"WebSite\",\"@id\":\"https:\\\/\\\/www.lykketegning.no\\\/#website\",\"url\":\"https:\\\/\\\/www.lykketegning.no\\\/\",\"name\":\"LYKKETEGNING ILLUSTRAT\u00d8R\",\"description\":\"\",\"publisher\":{\"@id\":\"https:\\\/\\\/www.lykketegning.no\\\/#organization\"},\"potentialAction\":[{\"@type\":\"SearchAction\",\"target\":{\"@type\":\"EntryPoint\",\"urlTemplate\":\"https:\\\/\\\/www.lykketegning.no\\\/?s={search_term_string}\"},\"query-input\":{\"@type\":\"PropertyValueSpecification\",\"valueRequired\":true,\"valueName\":\"search_term_string\"}}],\"inLanguage\":\"de\"},{\"@type\":\"Organization\",\"@id\":\"https:\\\/\\\/www.lykketegning.no\\\/#organization\",\"name\":\"LYKKETEGNING ILLUSTRAT\u00d8R\",\"url\":\"https:\\\/\\\/www.lykketegning.no\\\/\",\"logo\":{\"@type\":\"ImageObject\",\"inLanguage\":\"de\",\"@id\":\"https:\\\/\\\/www.lykketegning.no\\\/#\\\/schema\\\/logo\\\/image\\\/\",\"url\":\"https:\\\/\\\/www.lykketegning.no\\\/wp-content\\\/uploads\\\/2020\\\/03\\\/Logo2020_h400px.jpg\",\"contentUrl\":\"https:\\\/\\\/www.lykketegning.no\\\/wp-content\\\/uploads\\\/2020\\\/03\\\/Logo2020_h400px.jpg\",\"width\":1024,\"height\":400,\"caption\":\"LYKKETEGNING ILLUSTRAT\u00d8R\"},\"image\":{\"@id\":\"https:\\\/\\\/www.lykketegning.no\\\/#\\\/schema\\\/logo\\\/image\\\/\"},\"sameAs\":[\"https:\\\/\\\/www.facebook.com\\\/lykketegning\\\/\",\"https:\\\/\\\/www.instagram.com\\\/lykketegning\\\/\",\"https:\\\/\\\/www.youtube.com\\\/@lykketegningillustrations\",\"https:\\\/\\\/www.tiktok.com\\\/@lykketegningillustration\"]}]}<\/script>\n<!-- \/ Yoast SEO plugin. -->","yoast_head_json":{"title":"Neu! Gl\u00fccksbecher aus der Gl\u00fcckszeichnung \"Freude\" \u2013 GL\u00dcCKSZEICHNUNG ILLUSTRATOR","description":"Brandneue Gl\u00fccksbecher von Lykketegning \"Glede\". Wie viele hast du schon? Bei Lykketegning kannst du alle Becher sammeln. \u00dcber 30 verschiedene Motive.","robots":{"index":"index","follow":"follow","max-snippet":"max-snippet:-1","max-image-preview":"max-image-preview:large","max-video-preview":"max-video-preview:-1"},"canonical":"https:\/\/www.lykketegning.no\/de\/produkt\/neuheit-glucksbecher-aus-gluckszeichnung-freude\/","og_locale":"de_DE","og_type":"article","og_title":"Nyhet! Lykkekopp fra Lykketegning \"Glede\" - LYKKETEGNING ILLUSTRAT\u00d8R","og_description":"Helt ny Lykkekopp fra Lykketegning \"Glede\". Hvor mange har du? Hos Lykketegning kan du samle p\u00e5 alle koppene. Over 30 ulike motiver.","og_url":"https:\/\/www.lykketegning.no\/de\/produkt\/neuheit-glucksbecher-aus-gluckszeichnung-freude\/","og_site_name":"LYKKETEGNING ILLUSTRAT\u00d8R","article_publisher":"https:\/\/www.facebook.com\/lykketegning\/","article_modified_time":"2026-04-15T17:44:13+00:00","og_image":[{"width":2560,"height":2560,"url":"https:\/\/www.lykketegning.no\/wp-content\/uploads\/2025\/11\/46242121_1-scaled.jpg","type":"image\/jpeg"}],"twitter_card":"summary_large_image","twitter_misc":{"Gesch\u00e4tzte Lesezeit":"3\u00a0Minuten"},"schema":{"@context":"https:\/\/schema.org","@graph":[{"@type":"WebPage","@id":"https:\/\/www.lykketegning.no\/produkt\/nyhet-lykkekopp-fra-lykketegning-glede\/","url":"https:\/\/www.lykketegning.no\/produkt\/nyhet-lykkekopp-fra-lykketegning-glede\/","name":"Neu! Gl\u00fccksbecher aus der Gl\u00fcckszeichnung \"Freude\" \u2013 GL\u00dcCKSZEICHNUNG ILLUSTRATOR","isPartOf":{"@id":"https:\/\/www.lykketegning.no\/#website"},"primaryImageOfPage":{"@id":"https:\/\/www.lykketegning.no\/produkt\/nyhet-lykkekopp-fra-lykketegning-glede\/#primaryimage"},"image":{"@id":"https:\/\/www.lykketegning.no\/produkt\/nyhet-lykkekopp-fra-lykketegning-glede\/#primaryimage"},"thumbnailUrl":"https:\/\/www.lykketegning.no\/wp-content\/uploads\/2025\/11\/46242121_1-scaled.jpg","datePublished":"2025-11-26T11:06:51+00:00","dateModified":"2026-04-15T17:44:13+00:00","description":"Brandneue Gl\u00fccksbecher von Lykketegning \"Glede\". Wie viele hast du schon? Bei Lykketegning kannst du alle Becher sammeln. \u00dcber 30 verschiedene Motive.","breadcrumb":{"@id":"https:\/\/www.lykketegning.no\/produkt\/nyhet-lykkekopp-fra-lykketegning-glede\/#breadcrumb"},"inLanguage":"de","potentialAction":[{"@type":"ReadAction","target":["https:\/\/www.lykketegning.no\/produkt\/nyhet-lykkekopp-fra-lykketegning-glede\/"]}]},{"@type":"ImageObject","inLanguage":"de","@id":"https:\/\/www.lykketegning.no\/produkt\/nyhet-lykkekopp-fra-lykketegning-glede\/#primaryimage","url":"https:\/\/www.lykketegning.no\/wp-content\/uploads\/2025\/11\/46242121_1-scaled.jpg","contentUrl":"https:\/\/www.lykketegning.no\/wp-content\/uploads\/2025\/11\/46242121_1-scaled.jpg","width":2560,"height":2560},{"@type":"BreadcrumbList","@id":"https:\/\/www.lykketegning.no\/produkt\/nyhet-lykkekopp-fra-lykketegning-glede\/#breadcrumb","itemListElement":[{"@type":"ListItem","position":1,"name":"Hjem","item":"https:\/\/www.lykketegning.no\/"},{"@type":"ListItem","position":2,"name":"Shop","item":"https:\/\/www.lykketegning.no\/sv\/webbutik\/"},{"@type":"ListItem","position":3,"name":"Nyhet! Lykkekopp fra Lykketegning &#8220;Glede&#8221;"}]},{"@type":"WebSite","@id":"https:\/\/www.lykketegning.no\/#website","url":"https:\/\/www.lykketegning.no\/","name":"GL\u00dcCKSZEICHNUNG ILLUSTRATOR","description":"","publisher":{"@id":"https:\/\/www.lykketegning.no\/#organization"},"potentialAction":[{"@type":"SearchAction","target":{"@type":"EntryPoint","urlTemplate":"https:\/\/www.lykketegning.no\/?s={search_term_string}"},"query-input":{"@type":"PropertyValueSpecification","valueRequired":true,"valueName":"search_term_string"}}],"inLanguage":"de"},{"@type":"Organization","@id":"https:\/\/www.lykketegning.no\/#organization","name":"GL\u00dcCKSZEICHNUNG ILLUSTRATOR","url":"https:\/\/www.lykketegning.no\/","logo":{"@type":"ImageObject","inLanguage":"de","@id":"https:\/\/www.lykketegning.no\/#\/schema\/logo\/image\/","url":"https:\/\/www.lykketegning.no\/wp-content\/uploads\/2020\/03\/Logo2020_h400px.jpg","contentUrl":"https:\/\/www.lykketegning.no\/wp-content\/uploads\/2020\/03\/Logo2020_h400px.jpg","width":1024,"height":400,"caption":"LYKKETEGNING ILLUSTRAT\u00d8R"},"image":{"@id":"https:\/\/www.lykketegning.no\/#\/schema\/logo\/image\/"},"sameAs":["https:\/\/www.facebook.com\/lykketegning\/","https:\/\/www.instagram.com\/lykketegning\/","https:\/\/www.youtube.com\/@lykketegningillustrations","https:\/\/www.tiktok.com\/@lykketegningillustration"]}]}},"_links":{"self":[{"href":"https:\/\/www.lykketegning.no\/de\/wp-json\/wp\/v2\/product\/41455","targetHints":{"allow":["GET"]}}],"collection":[{"href":"https:\/\/www.lykketegning.no\/de\/wp-json\/wp\/v2\/product"}],"about":[{"href":"https:\/\/www.lykketegning.no\/de\/wp-json\/wp\/v2\/types\/product"}],"replies":[{"embeddable":true,"href":"https:\/\/www.lykketegning.no\/de\/wp-json\/wp\/v2\/comments?post=41455"}],"wp:featuredmedia":[{"embeddable":true,"href":"https:\/\/www.lykketegning.no\/de\/wp-json\/wp\/v2\/media\/41452"}],"wp:attachment":[{"href":"https:\/\/www.lykketegning.no\/de\/wp-json\/wp\/v2\/media?parent=41455"}],"wp:term":[{"taxonomy":"product_brand","embeddable":true,"href":"https:\/\/www.lykketegning.no\/de\/wp-json\/wp\/v2\/product_brand?post=41455"},{"taxonomy":"product_cat","embeddable":true,"href":"https:\/\/www.lykketegning.no\/de\/wp-json\/wp\/v2\/product_cat?post=41455"},{"taxonomy":"product_tag","embeddable":true,"href":"https:\/\/www.lykketegning.no\/de\/wp-json\/wp\/v2\/product_tag?post=41455"}],"curies":[{"name":"wp","href":"https:\/\/api.w.org\/{rel}","templated":true}]}}