{"id":40772,"date":"2025-10-02T11:20:24","date_gmt":"2025-10-02T09:20:24","guid":{"rendered":"https:\/\/www.lykketegning.no\/?post_type=product&#038;p=40772"},"modified":"2025-10-27T14:30:13","modified_gmt":"2025-10-27T13:30:13","slug":"kjop-6-betal-for-5-flotte-lykkekrus-med-ulike-motiv-family-edition","status":"publish","type":"product","link":"https:\/\/www.lykketegning.no\/de\/produkt\/beim-kauf-von-6-stuck-erhalten-sie-5-schone-happy-tassen-mit-verschiedenen-motiven-familie-edition\/","title":{"rendered":"Beim Kauf von 6 St\u00fcck erhalten Sie 5 sch\u00f6ne Happy Tassen mit verschiedenen Motiven. Familie Edition"},"content":{"rendered":"<h3>Beim Kauf von 6 St\u00fcck erhalten Sie 5 sch\u00f6ne Happy Tassen mit verschiedenen Motiven. Familie Edition<\/h3>\n<p>Bei Luck Drawing bauen wir auf eine Reihe von Tassen.<\/p>\n<p>Hier hast du sechs Tassen:\"<a href=\"https:\/\/www.lykketegning.no\/de\/produkt\/jubilaumsangebot-zur-gluckstasse-leben\/\">LEV\"(149,-)<\/a>, <a href=\"https:\/\/www.lykketegning.no\/de\/produkt\/glucksziehung-tasse-schwester\/\">\u00a0\"Schwester\" (299,-),<\/a> \u00a0<a href=\"https:\/\/www.lykketegning.no\/de\/produkt\/gluckspokal-bruder\/\">\"BRUDER\" (149,-),<\/a> <a href=\"https:\/\/www.lykketegning.no\/de\/produkt\/neuartiger-grosvater\/\">\"OPA\"(299,-)<\/a> <a href=\"https:\/\/www.lykketegning.no\/de\/produkt\/neue-gluckstasse-papa\/\">\"PAPPA\"(299,-)<\/a>und <a href=\"https:\/\/www.lykketegning.no\/de\/produkt\/glucksbecher-mama-aus-der-glucksziehung\/\">\"MUM\" (299,-). <\/a><\/p>\n<p>Paketpreis f\u00fcr alle sechs 1345kr (eine von jeder Tasse)<\/p>\n<p>Tolle Geschenke zum Verschenken, aber vergessen Sie nicht, selbst welche zu haben!<\/p>\n<p>Sp\u00fclmaschinenfest<\/p>\n<p><strong>\"Bei Lykketegning wird jede Illustration mit viel W\u00e4rme und Sorgfalt erstellt.<\/strong><br \/>\n<strong>Mit kr\u00e4ftigen Farben, klaren Linien und guten Zitaten will Happiness Drawing Sie dazu bringen, einen Moment innezuhalten, tief durchzuatmen und dann einen guten Kurs nach vorne zu setzen.<\/strong><br \/>\n<strong>\"Die Herzen und das L\u00e4cheln sind von mir f\u00fcr dich, um dich daran zu erinnern, dass du wirklich gut bist!\"<\/strong><\/p>\n<p>&nbsp;<\/p>\n<p>Auf der Website finden Sie einige Illustrationen und andere Produkte wie Tassen, Gru\u00dfkarten und Kalender.<\/p>\n<p>Es kommen st\u00e4ndig neue Produkte hinzu. Melden Sie sich f\u00fcr den Newsletter an, um monatliche Updates zu erhalten.<\/p>\n<p>F\u00fcr <strong>viele viele viele viele<\/strong> weitere Illustrationen; besuchen Sie mein Instagram- und Facebook-Profil.<\/p>\n<p>Eigentlich sind alle Illustrationen k\u00e4uflich zu erwerben. 999 SEK f\u00fcr A4 und 1500 SEK f\u00fcr A3.<\/p>\n<p>Sie k\u00f6nnen auch Ihr eigenes Exemplar bestellen - ein tolles Geschenk f\u00fcr Hochzeiten und andere Feiern. Nehmen Sie dazu Kontakt mit dem Posteingang auf.<\/p>\n<p><em>Preis: 1500kr f\u00fcr A4 und A5 (bis zu 5 Personen\/Tier) zus\u00e4tzliche Kosten f\u00fcr mehr (bis zu 5 Personen\/Tier). A3 2000kr ex Porto. Ich muss die Haarfarbe\/den Haartyp, die Gr\u00f6\u00dfe, die Interessen und die gew\u00fcnschte Anzahl der abgebildeten Personen wissen. Alle Kostenvoranschl\u00e4ge, die Sie w\u00fcnschen, eingeschlossen.<\/em><\/p>\n<p>Wenn Sie Fragen haben, z\u00f6gern Sie nicht, mich zu kontaktieren! Wenn Sie sich \u00fcber eine m\u00f6gliche Zusammenarbeit unterhalten m\u00f6chten, schicken Sie mir bitte eine E-Mail.<\/p>\n<p>Ich freue mich, von Ihnen zu h\u00f6ren und w\u00fcnsche Ihnen einen sch\u00f6nen Tag. <a href=\"https:\/\/www.facebook.com\/lykketegning\/?locale=nb_NO\">Dies f\u00fchrt Sie zu meiner Facebook-Seite.<\/a> Und wenn Sie mir folgen wollen auf<a href=\"https:\/\/www.instagram.com\/lykketegning\/?hl=nb\"> Instagram, dann finden Sie es hier.<\/a><\/p>\n<p>K\u00fcnstler<br \/>\nIngebj\u00f8rg Rang\u00f8y Sj\u00e5land<\/p>\n<p>&nbsp;<\/p>\n<p>&nbsp;<\/p>","protected":false},"excerpt":{"rendered":"<h3>Beim Kauf von 6 St\u00fcck erhalten Sie 5 sch\u00f6ne Happy Tassen mit verschiedenen Motiven. Familie Edition<\/h3>\n<p>Bei Luck Drawing bauen wir auf eine Reihe von Tassen.<\/p>\n<p>Hier hast du sechs Tassen:\"<a href=\"https:\/\/www.lykketegning.no\/de\/produkt\/jubilaumsangebot-zur-gluckstasse-leben\/\">LEV\"(149,-)<\/a>, <a href=\"https:\/\/www.lykketegning.no\/de\/produkt\/glucksziehung-tasse-schwester\/\">\u00a0\"Schwester\" (299,-),<\/a> \u00a0<a href=\"https:\/\/www.lykketegning.no\/de\/produkt\/gluckspokal-bruder\/\">\"BRUDER\" (149,-),<\/a> <a href=\"https:\/\/www.lykketegning.no\/de\/produkt\/neuartiger-grosvater\/\">\"OPA\"(299,-)<\/a> <a href=\"https:\/\/www.lykketegning.no\/de\/produkt\/neue-gluckstasse-papa\/\">\"PAPPA\"(299,-)<\/a>und <a href=\"https:\/\/www.lykketegning.no\/de\/produkt\/glucksbecher-mama-aus-der-glucksziehung\/\">\"MUM\" (299,-). <\/a><\/p>\n<p>Paketpreis f\u00fcr alle sechs 1345kr (eine von jeder Tasse)<\/p>\n<p>Tolle Geschenke zum Verschenken, aber vergessen Sie nicht, selbst welche zu haben!<\/p>\n<p>Sp\u00fclmaschinenfest<\/p>","protected":false},"featured_media":40769,"comment_status":"open","ping_status":"closed","template":"","meta":[],"product_brand":[],"product_cat":[41],"product_tag":[12,13,43],"class_list":{"0":"post-40772","1":"product","2":"type-product","3":"status-publish","4":"has-post-thumbnail","6":"product_cat-lykkekopper","7":"product_tag-kopp","8":"product_tag-krus","9":"product_tag-lykkekopp","11":"first","12":"instock","13":"sale","14":"taxable","15":"shipping-taxable","16":"purchasable","17":"product-type-simple"},"yoast_head":"<!-- This site is optimized with the Yoast SEO plugin v27.3 - https:\/\/yoast.com\/product\/yoast-seo-wordpress\/ -->\n<title>Kj\u00f8p 6 betal for 5 flotte Lykkekrus med ulike motiv. Family edition - LYKKETEGNING ILLUSTRAT\u00d8R<\/title>\n<meta name=\"description\" content=\"Kj\u00f8p 6 betal for 5 flotte Lykkekrus med ulike motiv.Familie.Hos Lykketegning bygger vi p\u00e5 en serie av kopper.Flotte gaver \u00e5 gi bort, men husk \u00e5 ha noen selv!\" \/>\n<meta name=\"robots\" content=\"index, follow, max-snippet:-1, max-image-preview:large, max-video-preview:-1\" \/>\n<link rel=\"canonical\" href=\"https:\/\/www.lykketegning.no\/de\/produkt\/beim-kauf-von-6-stuck-erhalten-sie-5-schone-happy-tassen-mit-verschiedenen-motiven-familie-edition\/\" \/>\n<meta property=\"og:locale\" content=\"de_DE\" \/>\n<meta property=\"og:type\" content=\"article\" \/>\n<meta property=\"og:title\" content=\"Kj\u00f8p 6 betal for 5 flotte Lykkekrus med ulike motiv. Family edition - LYKKETEGNING ILLUSTRAT\u00d8R\" \/>\n<meta property=\"og:description\" content=\"Kj\u00f8p 6 betal for 5 flotte Lykkekrus med ulike motiv.Familie.Hos Lykketegning bygger vi p\u00e5 en serie av kopper.Flotte gaver \u00e5 gi bort, men husk \u00e5 ha noen selv!\" \/>\n<meta property=\"og:url\" content=\"https:\/\/www.lykketegning.no\/de\/produkt\/beim-kauf-von-6-stuck-erhalten-sie-5-schone-happy-tassen-mit-verschiedenen-motiven-familie-edition\/\" \/>\n<meta property=\"og:site_name\" content=\"LYKKETEGNING ILLUSTRAT\u00d8R\" \/>\n<meta property=\"article:publisher\" content=\"https:\/\/www.facebook.com\/lykketegning\/\" \/>\n<meta property=\"article:modified_time\" content=\"2025-10-27T13:30:13+00:00\" \/>\n<meta property=\"og:image\" content=\"https:\/\/www.lykketegning.no\/wp-content\/uploads\/2022\/09\/IMG_4250-scaled.jpg\" \/>\n\t<meta property=\"og:image:width\" content=\"1884\" \/>\n\t<meta property=\"og:image:height\" content=\"2560\" \/>\n\t<meta property=\"og:image:type\" content=\"image\/jpeg\" \/>\n<meta name=\"twitter:card\" content=\"summary_large_image\" \/>\n<meta name=\"twitter:label1\" content=\"Gesch\u00e4tzte Lesezeit\" \/>\n\t<meta name=\"twitter:data1\" content=\"2\u00a0Minuten\" \/>\n<script type=\"application\/ld+json\" class=\"yoast-schema-graph\">{\"@context\":\"https:\\\/\\\/schema.org\",\"@graph\":[{\"@type\":\"WebPage\",\"@id\":\"https:\\\/\\\/www.lykketegning.no\\\/produkt\\\/kjop-6-betal-for-5-flotte-lykkekrus-med-ulike-motiv-family-edition\\\/\",\"url\":\"https:\\\/\\\/www.lykketegning.no\\\/produkt\\\/kjop-6-betal-for-5-flotte-lykkekrus-med-ulike-motiv-family-edition\\\/\",\"name\":\"Kj\u00f8p 6 betal for 5 flotte Lykkekrus med ulike motiv. Family edition - LYKKETEGNING ILLUSTRAT\u00d8R\",\"isPartOf\":{\"@id\":\"https:\\\/\\\/www.lykketegning.no\\\/#website\"},\"primaryImageOfPage\":{\"@id\":\"https:\\\/\\\/www.lykketegning.no\\\/produkt\\\/kjop-6-betal-for-5-flotte-lykkekrus-med-ulike-motiv-family-edition\\\/#primaryimage\"},\"image\":{\"@id\":\"https:\\\/\\\/www.lykketegning.no\\\/produkt\\\/kjop-6-betal-for-5-flotte-lykkekrus-med-ulike-motiv-family-edition\\\/#primaryimage\"},\"thumbnailUrl\":\"https:\\\/\\\/www.lykketegning.no\\\/wp-content\\\/uploads\\\/2022\\\/09\\\/IMG_4250-scaled.jpg\",\"datePublished\":\"2025-10-02T09:20:24+00:00\",\"dateModified\":\"2025-10-27T13:30:13+00:00\",\"description\":\"Kj\u00f8p 6 betal for 5 flotte Lykkekrus med ulike motiv.Familie.Hos Lykketegning bygger vi p\u00e5 en serie av kopper.Flotte gaver \u00e5 gi bort, men husk \u00e5 ha noen selv!\",\"breadcrumb\":{\"@id\":\"https:\\\/\\\/www.lykketegning.no\\\/produkt\\\/kjop-6-betal-for-5-flotte-lykkekrus-med-ulike-motiv-family-edition\\\/#breadcrumb\"},\"inLanguage\":\"de\",\"potentialAction\":[{\"@type\":\"ReadAction\",\"target\":[\"https:\\\/\\\/www.lykketegning.no\\\/produkt\\\/kjop-6-betal-for-5-flotte-lykkekrus-med-ulike-motiv-family-edition\\\/\"]}]},{\"@type\":\"ImageObject\",\"inLanguage\":\"de\",\"@id\":\"https:\\\/\\\/www.lykketegning.no\\\/produkt\\\/kjop-6-betal-for-5-flotte-lykkekrus-med-ulike-motiv-family-edition\\\/#primaryimage\",\"url\":\"https:\\\/\\\/www.lykketegning.no\\\/wp-content\\\/uploads\\\/2022\\\/09\\\/IMG_4250-scaled.jpg\",\"contentUrl\":\"https:\\\/\\\/www.lykketegning.no\\\/wp-content\\\/uploads\\\/2022\\\/09\\\/IMG_4250-scaled.jpg\",\"width\":1884,\"height\":2560},{\"@type\":\"BreadcrumbList\",\"@id\":\"https:\\\/\\\/www.lykketegning.no\\\/produkt\\\/kjop-6-betal-for-5-flotte-lykkekrus-med-ulike-motiv-family-edition\\\/#breadcrumb\",\"itemListElement\":[{\"@type\":\"ListItem\",\"position\":1,\"name\":\"Hjem\",\"item\":\"https:\\\/\\\/www.lykketegning.no\\\/\"},{\"@type\":\"ListItem\",\"position\":2,\"name\":\"Shop\",\"item\":\"https:\\\/\\\/www.lykketegning.no\\\/sv\\\/webbutik\\\/\"},{\"@type\":\"ListItem\",\"position\":3,\"name\":\"Kj\u00f8p 6 betal for 5 flotte Lykkekrus med ulike motiv. Family edition\"}]},{\"@type\":\"WebSite\",\"@id\":\"https:\\\/\\\/www.lykketegning.no\\\/#website\",\"url\":\"https:\\\/\\\/www.lykketegning.no\\\/\",\"name\":\"LYKKETEGNING ILLUSTRAT\u00d8R\",\"description\":\"\",\"publisher\":{\"@id\":\"https:\\\/\\\/www.lykketegning.no\\\/#organization\"},\"potentialAction\":[{\"@type\":\"SearchAction\",\"target\":{\"@type\":\"EntryPoint\",\"urlTemplate\":\"https:\\\/\\\/www.lykketegning.no\\\/?s={search_term_string}\"},\"query-input\":{\"@type\":\"PropertyValueSpecification\",\"valueRequired\":true,\"valueName\":\"search_term_string\"}}],\"inLanguage\":\"de\"},{\"@type\":\"Organization\",\"@id\":\"https:\\\/\\\/www.lykketegning.no\\\/#organization\",\"name\":\"LYKKETEGNING ILLUSTRAT\u00d8R\",\"url\":\"https:\\\/\\\/www.lykketegning.no\\\/\",\"logo\":{\"@type\":\"ImageObject\",\"inLanguage\":\"de\",\"@id\":\"https:\\\/\\\/www.lykketegning.no\\\/#\\\/schema\\\/logo\\\/image\\\/\",\"url\":\"https:\\\/\\\/www.lykketegning.no\\\/wp-content\\\/uploads\\\/2020\\\/03\\\/Logo2020_h400px.jpg\",\"contentUrl\":\"https:\\\/\\\/www.lykketegning.no\\\/wp-content\\\/uploads\\\/2020\\\/03\\\/Logo2020_h400px.jpg\",\"width\":1024,\"height\":400,\"caption\":\"LYKKETEGNING ILLUSTRAT\u00d8R\"},\"image\":{\"@id\":\"https:\\\/\\\/www.lykketegning.no\\\/#\\\/schema\\\/logo\\\/image\\\/\"},\"sameAs\":[\"https:\\\/\\\/www.facebook.com\\\/lykketegning\\\/\",\"https:\\\/\\\/www.instagram.com\\\/lykketegning\\\/\",\"https:\\\/\\\/www.youtube.com\\\/@lykketegningillustrations\",\"https:\\\/\\\/www.tiktok.com\\\/@lykketegningillustration\"]}]}<\/script>\n<!-- \/ Yoast SEO plugin. -->","yoast_head_json":{"title":"Beim Kauf von 6 St\u00fcck erhalten Sie 5 sch\u00f6ne Happy Tassen mit verschiedenen Motiven. Familienausgabe - HAPPINESS DRAWING ILLUSTRATOR","description":"Bei Lykketegning bauen wir auf eine Serie von Tassen, die sich hervorragend zum Verschenken eignen, aber Sie sollten auch selbst welche haben!","robots":{"index":"index","follow":"follow","max-snippet":"max-snippet:-1","max-image-preview":"max-image-preview:large","max-video-preview":"max-video-preview:-1"},"canonical":"https:\/\/www.lykketegning.no\/de\/produkt\/beim-kauf-von-6-stuck-erhalten-sie-5-schone-happy-tassen-mit-verschiedenen-motiven-familie-edition\/","og_locale":"de_DE","og_type":"article","og_title":"Kj\u00f8p 6 betal for 5 flotte Lykkekrus med ulike motiv. Family edition - LYKKETEGNING ILLUSTRAT\u00d8R","og_description":"Kj\u00f8p 6 betal for 5 flotte Lykkekrus med ulike motiv.Familie.Hos Lykketegning bygger vi p\u00e5 en serie av kopper.Flotte gaver \u00e5 gi bort, men husk \u00e5 ha noen selv!","og_url":"https:\/\/www.lykketegning.no\/de\/produkt\/beim-kauf-von-6-stuck-erhalten-sie-5-schone-happy-tassen-mit-verschiedenen-motiven-familie-edition\/","og_site_name":"LYKKETEGNING ILLUSTRAT\u00d8R","article_publisher":"https:\/\/www.facebook.com\/lykketegning\/","article_modified_time":"2025-10-27T13:30:13+00:00","og_image":[{"width":1884,"height":2560,"url":"https:\/\/www.lykketegning.no\/wp-content\/uploads\/2022\/09\/IMG_4250-scaled.jpg","type":"image\/jpeg"}],"twitter_card":"summary_large_image","twitter_misc":{"Gesch\u00e4tzte Lesezeit":"2\u00a0Minuten"},"schema":{"@context":"https:\/\/schema.org","@graph":[{"@type":"WebPage","@id":"https:\/\/www.lykketegning.no\/produkt\/kjop-6-betal-for-5-flotte-lykkekrus-med-ulike-motiv-family-edition\/","url":"https:\/\/www.lykketegning.no\/produkt\/kjop-6-betal-for-5-flotte-lykkekrus-med-ulike-motiv-family-edition\/","name":"Beim Kauf von 6 St\u00fcck erhalten Sie 5 sch\u00f6ne Happy Tassen mit verschiedenen Motiven. Familienausgabe - HAPPINESS DRAWING ILLUSTRATOR","isPartOf":{"@id":"https:\/\/www.lykketegning.no\/#website"},"primaryImageOfPage":{"@id":"https:\/\/www.lykketegning.no\/produkt\/kjop-6-betal-for-5-flotte-lykkekrus-med-ulike-motiv-family-edition\/#primaryimage"},"image":{"@id":"https:\/\/www.lykketegning.no\/produkt\/kjop-6-betal-for-5-flotte-lykkekrus-med-ulike-motiv-family-edition\/#primaryimage"},"thumbnailUrl":"https:\/\/www.lykketegning.no\/wp-content\/uploads\/2022\/09\/IMG_4250-scaled.jpg","datePublished":"2025-10-02T09:20:24+00:00","dateModified":"2025-10-27T13:30:13+00:00","description":"Bei Lykketegning bauen wir auf eine Serie von Tassen, die sich hervorragend zum Verschenken eignen, aber Sie sollten auch selbst welche haben!","breadcrumb":{"@id":"https:\/\/www.lykketegning.no\/produkt\/kjop-6-betal-for-5-flotte-lykkekrus-med-ulike-motiv-family-edition\/#breadcrumb"},"inLanguage":"de","potentialAction":[{"@type":"ReadAction","target":["https:\/\/www.lykketegning.no\/produkt\/kjop-6-betal-for-5-flotte-lykkekrus-med-ulike-motiv-family-edition\/"]}]},{"@type":"ImageObject","inLanguage":"de","@id":"https:\/\/www.lykketegning.no\/produkt\/kjop-6-betal-for-5-flotte-lykkekrus-med-ulike-motiv-family-edition\/#primaryimage","url":"https:\/\/www.lykketegning.no\/wp-content\/uploads\/2022\/09\/IMG_4250-scaled.jpg","contentUrl":"https:\/\/www.lykketegning.no\/wp-content\/uploads\/2022\/09\/IMG_4250-scaled.jpg","width":1884,"height":2560},{"@type":"BreadcrumbList","@id":"https:\/\/www.lykketegning.no\/produkt\/kjop-6-betal-for-5-flotte-lykkekrus-med-ulike-motiv-family-edition\/#breadcrumb","itemListElement":[{"@type":"ListItem","position":1,"name":"Hjem","item":"https:\/\/www.lykketegning.no\/"},{"@type":"ListItem","position":2,"name":"Shop","item":"https:\/\/www.lykketegning.no\/sv\/webbutik\/"},{"@type":"ListItem","position":3,"name":"Kj\u00f8p 6 betal for 5 flotte Lykkekrus med ulike motiv. Family edition"}]},{"@type":"WebSite","@id":"https:\/\/www.lykketegning.no\/#website","url":"https:\/\/www.lykketegning.no\/","name":"GL\u00dcCKSZEICHNUNG ILLUSTRATOR","description":"","publisher":{"@id":"https:\/\/www.lykketegning.no\/#organization"},"potentialAction":[{"@type":"SearchAction","target":{"@type":"EntryPoint","urlTemplate":"https:\/\/www.lykketegning.no\/?s={search_term_string}"},"query-input":{"@type":"PropertyValueSpecification","valueRequired":true,"valueName":"search_term_string"}}],"inLanguage":"de"},{"@type":"Organization","@id":"https:\/\/www.lykketegning.no\/#organization","name":"GL\u00dcCKSZEICHNUNG ILLUSTRATOR","url":"https:\/\/www.lykketegning.no\/","logo":{"@type":"ImageObject","inLanguage":"de","@id":"https:\/\/www.lykketegning.no\/#\/schema\/logo\/image\/","url":"https:\/\/www.lykketegning.no\/wp-content\/uploads\/2020\/03\/Logo2020_h400px.jpg","contentUrl":"https:\/\/www.lykketegning.no\/wp-content\/uploads\/2020\/03\/Logo2020_h400px.jpg","width":1024,"height":400,"caption":"LYKKETEGNING ILLUSTRAT\u00d8R"},"image":{"@id":"https:\/\/www.lykketegning.no\/#\/schema\/logo\/image\/"},"sameAs":["https:\/\/www.facebook.com\/lykketegning\/","https:\/\/www.instagram.com\/lykketegning\/","https:\/\/www.youtube.com\/@lykketegningillustrations","https:\/\/www.tiktok.com\/@lykketegningillustration"]}]}},"_links":{"self":[{"href":"https:\/\/www.lykketegning.no\/de\/wp-json\/wp\/v2\/product\/40772","targetHints":{"allow":["GET"]}}],"collection":[{"href":"https:\/\/www.lykketegning.no\/de\/wp-json\/wp\/v2\/product"}],"about":[{"href":"https:\/\/www.lykketegning.no\/de\/wp-json\/wp\/v2\/types\/product"}],"replies":[{"embeddable":true,"href":"https:\/\/www.lykketegning.no\/de\/wp-json\/wp\/v2\/comments?post=40772"}],"wp:featuredmedia":[{"embeddable":true,"href":"https:\/\/www.lykketegning.no\/de\/wp-json\/wp\/v2\/media\/40769"}],"wp:attachment":[{"href":"https:\/\/www.lykketegning.no\/de\/wp-json\/wp\/v2\/media?parent=40772"}],"wp:term":[{"taxonomy":"product_brand","embeddable":true,"href":"https:\/\/www.lykketegning.no\/de\/wp-json\/wp\/v2\/product_brand?post=40772"},{"taxonomy":"product_cat","embeddable":true,"href":"https:\/\/www.lykketegning.no\/de\/wp-json\/wp\/v2\/product_cat?post=40772"},{"taxonomy":"product_tag","embeddable":true,"href":"https:\/\/www.lykketegning.no\/de\/wp-json\/wp\/v2\/product_tag?post=40772"}],"curies":[{"name":"wp","href":"https:\/\/api.w.org\/{rel}","templated":true}]}}