{"id":40226,"date":"2025-10-05T16:39:54","date_gmt":"2025-10-05T14:39:54","guid":{"rendered":"https:\/\/www.lykketegning.no\/?post_type=product&#038;p=40226"},"modified":"2026-01-02T12:31:46","modified_gmt":"2026-01-02T11:31:46","slug":"flott-manedskalender-fra-lykketegning-for-2026","status":"publish","type":"product","link":"https:\/\/www.lykketegning.no\/de\/produkt\/groser-mondkalender-aus-der-glucksziehung-fur-2026\/","title":{"rendered":"Toller Monatskalender von Luck Drawing f\u00fcr 2026!"},"content":{"rendered":"<h3>Toller Monatskalender von Lucky Drawing 2026 - Januar 2026-Dezember 2026.<\/h3>\n<p>Dieser Monatskalender war im Jahr 2025 ein Hit, als 1.000 Kalender in einem Monat ausverkauft waren, und jetzt k\u00f6nnen Sie ihn in unserem Online-Shop kaufen!<\/p>\n<p>Auf jeder Seite gibt es einen Monat und eine Wochennummer sowie ein kleines K\u00e4stchen, in das man jeden Tag Notizen schreiben kann.<\/p>\n<p>Dieses Jahr gibt es eine Illustration auf einer Seite, so dass Sie es herausrei\u00dfen und am Ende des Monats einrahmen k\u00f6nnen! Dekorativ an der Wand.<\/p>\n<p>Der Monatskalender ist spiralf\u00f6rmig und hat L\u00f6cher zum Aufh\u00e4ngen.<\/p>\n<p>Format: A4 quer.<\/p>\n<p>Ein perfektes Weihnachtsgeschenk f\u00fcr Angestellte, Gastgeschenke, die Familie und f\u00fcr Sie selbst.<\/p>\n<p><strong>\"Bei Lykketegning wird jede Illustration mit viel W\u00e4rme und Sorgfalt erstellt.<\/strong><br \/>\n<strong>Mit kr\u00e4ftigen Farben, klaren Linien und guten Zitaten will Happiness Drawing Sie dazu bringen, einen Moment innezuhalten, tief durchzuatmen und dann einen guten Kurs nach vorne zu setzen.<\/strong><br \/>\n<strong>\"Die Herzen und das L\u00e4cheln sind von mir f\u00fcr dich, um dich daran zu erinnern, dass du wirklich gut bist!\"<\/strong><\/p>\n<p>&nbsp;<\/p>\n<p>Auf der Website finden Sie einige Illustrationen und andere Produkte wie Tassen, Gru\u00dfkarten und Kalender.<\/p>\n<p>Es kommen st\u00e4ndig neue Produkte hinzu. Melden Sie sich f\u00fcr den Newsletter an, um monatliche Updates zu erhalten.<\/p>\n<p>F\u00fcr <strong>viele viele viele viele<\/strong> weitere Illustrationen; besuchen Sie mein Instagram- und Facebook-Profil.<\/p>\n<p>Eigentlich sind alle Illustrationen k\u00e4uflich zu erwerben. 999 SEK f\u00fcr A4 und 1500 SEK f\u00fcr A3.<\/p>\n<p>Sie k\u00f6nnen auch Ihr eigenes Exemplar bestellen - ein tolles Geschenk f\u00fcr Hochzeiten und andere Feiern. Nehmen Sie dazu Kontakt mit dem Posteingang auf.<\/p>\n<p><em>Preis: 1500kr f\u00fcr A4 und A5 (bis zu 5 Personen\/Tier) zus\u00e4tzliche Kosten f\u00fcr mehr (bis zu 5 Personen\/Tier). A3 2000kr ex Porto. Ich muss die Haarfarbe\/den Haartyp, die Gr\u00f6\u00dfe, die Interessen und die gew\u00fcnschte Anzahl der abgebildeten Personen wissen. Alle Kostenvoranschl\u00e4ge, die Sie w\u00fcnschen, eingeschlossen.<\/em><\/p>\n<p>Wenn Sie Fragen haben, z\u00f6gern Sie nicht, mich zu kontaktieren! Wenn Sie sich \u00fcber eine m\u00f6gliche Zusammenarbeit unterhalten m\u00f6chten, schicken Sie mir bitte eine E-Mail.<\/p>\n<p>Ich freue mich, von Ihnen zu h\u00f6ren und w\u00fcnsche Ihnen einen sch\u00f6nen Tag. <a href=\"https:\/\/www.facebook.com\/lykketegning\/?locale=nb_NO\">Dies f\u00fchrt Sie zu meiner Facebook-Seite.<\/a> Und wenn Sie mir folgen wollen auf<a href=\"https:\/\/www.instagram.com\/lykketegning\/?hl=nb\"> Instagram, dann finden Sie es hier.<\/a><\/p>\n<p>K\u00fcnstler<br \/>\nIngebj\u00f8rg Rang\u00f8y Sj\u00e5land<\/p>\n<p>&nbsp;<\/p>","protected":false},"excerpt":{"rendered":"<p>Toller Monatskalender von Lucky Drawing 2026 - Januar 2026-Dezember 2026.<br \/>\nDieser Monatskalender war im Jahr 2025 ein Hit, als 1.000 Kalender in einem Monat ausverkauft waren, und jetzt k\u00f6nnen Sie ihn in unserem Online-Shop kaufen!<\/p>\n<p>Ein Monat auf jeder Seite mit einer Wochennummer. Kleines K\u00e4stchen, in das man jeden Tag Notizen schreiben kann.<\/p>\n<p>Dieses Jahr gibt es eine Illustration auf einer Seite, so dass man sie am Ende des Monats herausrei\u00dfen und einrahmen kann!<\/p>\n<p>Spirale mit Aufh\u00e4ngung. A4 quer.<\/p>\n<p>Ein tolles Weihnachtsgeschenk f\u00fcr Mitarbeiter oder die Familie.<\/p>\n<p>&nbsp;<\/p>","protected":false},"featured_media":40542,"comment_status":"open","ping_status":"closed","template":"","meta":[],"product_brand":[],"product_cat":[153,169],"product_tag":[268,57,250,267],"class_list":{"0":"post-40226","1":"product","2":"type-product","3":"status-publish","4":"has-post-thumbnail","6":"product_cat-illustrert-kalender","7":"product_cat-trykk","8":"product_tag-calender","9":"product_tag-kalender","10":"product_tag-lykketegning","11":"product_tag-manedskalender","13":"first","14":"outofstock","15":"taxable","16":"shipping-taxable","17":"purchasable","18":"product-type-simple"},"yoast_head":"<!-- This site is optimized with the Yoast SEO plugin v27.3 - https:\/\/yoast.com\/product\/yoast-seo-wordpress\/ -->\n<title>Flott m\u00e5nedskalender fra Lykketegning for 2026! - LYKKETEGNING ILLUSTRAT\u00d8R<\/title>\n<meta name=\"description\" content=\"Flott m\u00e5nedskalender fra Lykketegning 2026. God plass til \u00e5 skrive notater. A4. Flott Lykketegningbilde hver m\u00e5ned. Bestill den popul\u00e6re kalenderen idag!\" \/>\n<meta name=\"robots\" content=\"index, follow, max-snippet:-1, max-image-preview:large, max-video-preview:-1\" \/>\n<link rel=\"canonical\" href=\"https:\/\/www.lykketegning.no\/de\/produkt\/groser-mondkalender-aus-der-glucksziehung-fur-2026\/\" \/>\n<meta property=\"og:locale\" content=\"de_DE\" \/>\n<meta property=\"og:type\" content=\"article\" \/>\n<meta property=\"og:title\" content=\"Flott m\u00e5nedskalender fra Lykketegning for 2026! - LYKKETEGNING ILLUSTRAT\u00d8R\" \/>\n<meta property=\"og:description\" content=\"Flott m\u00e5nedskalender fra Lykketegning 2026. God plass til \u00e5 skrive notater. A4. Flott Lykketegningbilde hver m\u00e5ned. Bestill den popul\u00e6re kalenderen idag!\" \/>\n<meta property=\"og:url\" content=\"https:\/\/www.lykketegning.no\/de\/produkt\/groser-mondkalender-aus-der-glucksziehung-fur-2026\/\" \/>\n<meta property=\"og:site_name\" content=\"LYKKETEGNING ILLUSTRAT\u00d8R\" \/>\n<meta property=\"article:publisher\" content=\"https:\/\/www.facebook.com\/lykketegning\/\" \/>\n<meta property=\"article:modified_time\" content=\"2026-01-02T11:31:46+00:00\" \/>\n<meta property=\"og:image\" content=\"https:\/\/www.lykketegning.no\/wp-content\/uploads\/2025\/08\/Manedskalender-Lykketegning-2026-scaled.jpg\" \/>\n\t<meta property=\"og:image:width\" content=\"2560\" \/>\n\t<meta property=\"og:image:height\" content=\"1447\" \/>\n\t<meta property=\"og:image:type\" content=\"image\/jpeg\" \/>\n<meta name=\"twitter:card\" content=\"summary_large_image\" \/>\n<meta name=\"twitter:label1\" content=\"Gesch\u00e4tzte Lesezeit\" \/>\n\t<meta name=\"twitter:data1\" content=\"3\u00a0Minuten\" \/>\n<script type=\"application\/ld+json\" class=\"yoast-schema-graph\">{\"@context\":\"https:\\\/\\\/schema.org\",\"@graph\":[{\"@type\":\"WebPage\",\"@id\":\"https:\\\/\\\/www.lykketegning.no\\\/produkt\\\/flott-manedskalender-fra-lykketegning-for-2026\\\/\",\"url\":\"https:\\\/\\\/www.lykketegning.no\\\/produkt\\\/flott-manedskalender-fra-lykketegning-for-2026\\\/\",\"name\":\"Flott m\u00e5nedskalender fra Lykketegning for 2026! - LYKKETEGNING ILLUSTRAT\u00d8R\",\"isPartOf\":{\"@id\":\"https:\\\/\\\/www.lykketegning.no\\\/#website\"},\"primaryImageOfPage\":{\"@id\":\"https:\\\/\\\/www.lykketegning.no\\\/produkt\\\/flott-manedskalender-fra-lykketegning-for-2026\\\/#primaryimage\"},\"image\":{\"@id\":\"https:\\\/\\\/www.lykketegning.no\\\/produkt\\\/flott-manedskalender-fra-lykketegning-for-2026\\\/#primaryimage\"},\"thumbnailUrl\":\"https:\\\/\\\/www.lykketegning.no\\\/wp-content\\\/uploads\\\/2025\\\/08\\\/Manedskalender-Lykketegning-2026-scaled.jpg\",\"datePublished\":\"2025-10-05T14:39:54+00:00\",\"dateModified\":\"2026-01-02T11:31:46+00:00\",\"description\":\"Flott m\u00e5nedskalender fra Lykketegning 2026. God plass til \u00e5 skrive notater. A4. Flott Lykketegningbilde hver m\u00e5ned. Bestill den popul\u00e6re kalenderen idag!\",\"breadcrumb\":{\"@id\":\"https:\\\/\\\/www.lykketegning.no\\\/produkt\\\/flott-manedskalender-fra-lykketegning-for-2026\\\/#breadcrumb\"},\"inLanguage\":\"de\",\"potentialAction\":[{\"@type\":\"ReadAction\",\"target\":[\"https:\\\/\\\/www.lykketegning.no\\\/produkt\\\/flott-manedskalender-fra-lykketegning-for-2026\\\/\"]}]},{\"@type\":\"ImageObject\",\"inLanguage\":\"de\",\"@id\":\"https:\\\/\\\/www.lykketegning.no\\\/produkt\\\/flott-manedskalender-fra-lykketegning-for-2026\\\/#primaryimage\",\"url\":\"https:\\\/\\\/www.lykketegning.no\\\/wp-content\\\/uploads\\\/2025\\\/08\\\/Manedskalender-Lykketegning-2026-scaled.jpg\",\"contentUrl\":\"https:\\\/\\\/www.lykketegning.no\\\/wp-content\\\/uploads\\\/2025\\\/08\\\/Manedskalender-Lykketegning-2026-scaled.jpg\",\"width\":2560,\"height\":1447},{\"@type\":\"BreadcrumbList\",\"@id\":\"https:\\\/\\\/www.lykketegning.no\\\/produkt\\\/flott-manedskalender-fra-lykketegning-for-2026\\\/#breadcrumb\",\"itemListElement\":[{\"@type\":\"ListItem\",\"position\":1,\"name\":\"Hjem\",\"item\":\"https:\\\/\\\/www.lykketegning.no\\\/\"},{\"@type\":\"ListItem\",\"position\":2,\"name\":\"Shop\",\"item\":\"https:\\\/\\\/www.lykketegning.no\\\/sv\\\/webbutik\\\/\"},{\"@type\":\"ListItem\",\"position\":3,\"name\":\"Flott m\u00e5nedskalender fra Lykketegning for 2026!\"}]},{\"@type\":\"WebSite\",\"@id\":\"https:\\\/\\\/www.lykketegning.no\\\/#website\",\"url\":\"https:\\\/\\\/www.lykketegning.no\\\/\",\"name\":\"LYKKETEGNING ILLUSTRAT\u00d8R\",\"description\":\"\",\"publisher\":{\"@id\":\"https:\\\/\\\/www.lykketegning.no\\\/#organization\"},\"potentialAction\":[{\"@type\":\"SearchAction\",\"target\":{\"@type\":\"EntryPoint\",\"urlTemplate\":\"https:\\\/\\\/www.lykketegning.no\\\/?s={search_term_string}\"},\"query-input\":{\"@type\":\"PropertyValueSpecification\",\"valueRequired\":true,\"valueName\":\"search_term_string\"}}],\"inLanguage\":\"de\"},{\"@type\":\"Organization\",\"@id\":\"https:\\\/\\\/www.lykketegning.no\\\/#organization\",\"name\":\"LYKKETEGNING ILLUSTRAT\u00d8R\",\"url\":\"https:\\\/\\\/www.lykketegning.no\\\/\",\"logo\":{\"@type\":\"ImageObject\",\"inLanguage\":\"de\",\"@id\":\"https:\\\/\\\/www.lykketegning.no\\\/#\\\/schema\\\/logo\\\/image\\\/\",\"url\":\"https:\\\/\\\/www.lykketegning.no\\\/wp-content\\\/uploads\\\/2020\\\/03\\\/Logo2020_h400px.jpg\",\"contentUrl\":\"https:\\\/\\\/www.lykketegning.no\\\/wp-content\\\/uploads\\\/2020\\\/03\\\/Logo2020_h400px.jpg\",\"width\":1024,\"height\":400,\"caption\":\"LYKKETEGNING ILLUSTRAT\u00d8R\"},\"image\":{\"@id\":\"https:\\\/\\\/www.lykketegning.no\\\/#\\\/schema\\\/logo\\\/image\\\/\"},\"sameAs\":[\"https:\\\/\\\/www.facebook.com\\\/lykketegning\\\/\",\"https:\\\/\\\/www.instagram.com\\\/lykketegning\\\/\",\"https:\\\/\\\/www.youtube.com\\\/@lykketegningillustrations\",\"https:\\\/\\\/www.tiktok.com\\\/@lykketegningillustration\"]}]}<\/script>\n<!-- \/ Yoast SEO plugin. -->","yoast_head_json":{"title":"Toller Monatskalender von Lykketegning f\u00fcr 2026! - GL\u00dcCKSZEICHNUNG ILLUSTRATOR","description":"Toller Monatskalender von Luck Drawing 2025. Viel Platz zum Schreiben von Notizen. A4. Tolles Happy Drawing Bild jeden Monat. Bestellen Sie den beliebten Kalender noch heute!","robots":{"index":"index","follow":"follow","max-snippet":"max-snippet:-1","max-image-preview":"max-image-preview:large","max-video-preview":"max-video-preview:-1"},"canonical":"https:\/\/www.lykketegning.no\/de\/produkt\/groser-mondkalender-aus-der-glucksziehung-fur-2026\/","og_locale":"de_DE","og_type":"article","og_title":"Flott m\u00e5nedskalender fra Lykketegning for 2026! - LYKKETEGNING ILLUSTRAT\u00d8R","og_description":"Flott m\u00e5nedskalender fra Lykketegning 2026. God plass til \u00e5 skrive notater. A4. Flott Lykketegningbilde hver m\u00e5ned. Bestill den popul\u00e6re kalenderen idag!","og_url":"https:\/\/www.lykketegning.no\/de\/produkt\/groser-mondkalender-aus-der-glucksziehung-fur-2026\/","og_site_name":"LYKKETEGNING ILLUSTRAT\u00d8R","article_publisher":"https:\/\/www.facebook.com\/lykketegning\/","article_modified_time":"2026-01-02T11:31:46+00:00","og_image":[{"width":2560,"height":1447,"url":"https:\/\/www.lykketegning.no\/wp-content\/uploads\/2025\/08\/Manedskalender-Lykketegning-2026-scaled.jpg","type":"image\/jpeg"}],"twitter_card":"summary_large_image","twitter_misc":{"Gesch\u00e4tzte Lesezeit":"3\u00a0Minuten"},"schema":{"@context":"https:\/\/schema.org","@graph":[{"@type":"WebPage","@id":"https:\/\/www.lykketegning.no\/produkt\/flott-manedskalender-fra-lykketegning-for-2026\/","url":"https:\/\/www.lykketegning.no\/produkt\/flott-manedskalender-fra-lykketegning-for-2026\/","name":"Toller Monatskalender von Lykketegning f\u00fcr 2026! - GL\u00dcCKSZEICHNUNG ILLUSTRATOR","isPartOf":{"@id":"https:\/\/www.lykketegning.no\/#website"},"primaryImageOfPage":{"@id":"https:\/\/www.lykketegning.no\/produkt\/flott-manedskalender-fra-lykketegning-for-2026\/#primaryimage"},"image":{"@id":"https:\/\/www.lykketegning.no\/produkt\/flott-manedskalender-fra-lykketegning-for-2026\/#primaryimage"},"thumbnailUrl":"https:\/\/www.lykketegning.no\/wp-content\/uploads\/2025\/08\/Manedskalender-Lykketegning-2026-scaled.jpg","datePublished":"2025-10-05T14:39:54+00:00","dateModified":"2026-01-02T11:31:46+00:00","description":"Toller Monatskalender von Luck Drawing 2025. Viel Platz zum Schreiben von Notizen. A4. Tolles Happy Drawing Bild jeden Monat. Bestellen Sie den beliebten Kalender noch heute!","breadcrumb":{"@id":"https:\/\/www.lykketegning.no\/produkt\/flott-manedskalender-fra-lykketegning-for-2026\/#breadcrumb"},"inLanguage":"de","potentialAction":[{"@type":"ReadAction","target":["https:\/\/www.lykketegning.no\/produkt\/flott-manedskalender-fra-lykketegning-for-2026\/"]}]},{"@type":"ImageObject","inLanguage":"de","@id":"https:\/\/www.lykketegning.no\/produkt\/flott-manedskalender-fra-lykketegning-for-2026\/#primaryimage","url":"https:\/\/www.lykketegning.no\/wp-content\/uploads\/2025\/08\/Manedskalender-Lykketegning-2026-scaled.jpg","contentUrl":"https:\/\/www.lykketegning.no\/wp-content\/uploads\/2025\/08\/Manedskalender-Lykketegning-2026-scaled.jpg","width":2560,"height":1447},{"@type":"BreadcrumbList","@id":"https:\/\/www.lykketegning.no\/produkt\/flott-manedskalender-fra-lykketegning-for-2026\/#breadcrumb","itemListElement":[{"@type":"ListItem","position":1,"name":"Hjem","item":"https:\/\/www.lykketegning.no\/"},{"@type":"ListItem","position":2,"name":"Shop","item":"https:\/\/www.lykketegning.no\/sv\/webbutik\/"},{"@type":"ListItem","position":3,"name":"Flott m\u00e5nedskalender fra Lykketegning for 2026!"}]},{"@type":"WebSite","@id":"https:\/\/www.lykketegning.no\/#website","url":"https:\/\/www.lykketegning.no\/","name":"GL\u00dcCKSZEICHNUNG ILLUSTRATOR","description":"","publisher":{"@id":"https:\/\/www.lykketegning.no\/#organization"},"potentialAction":[{"@type":"SearchAction","target":{"@type":"EntryPoint","urlTemplate":"https:\/\/www.lykketegning.no\/?s={search_term_string}"},"query-input":{"@type":"PropertyValueSpecification","valueRequired":true,"valueName":"search_term_string"}}],"inLanguage":"de"},{"@type":"Organization","@id":"https:\/\/www.lykketegning.no\/#organization","name":"GL\u00dcCKSZEICHNUNG ILLUSTRATOR","url":"https:\/\/www.lykketegning.no\/","logo":{"@type":"ImageObject","inLanguage":"de","@id":"https:\/\/www.lykketegning.no\/#\/schema\/logo\/image\/","url":"https:\/\/www.lykketegning.no\/wp-content\/uploads\/2020\/03\/Logo2020_h400px.jpg","contentUrl":"https:\/\/www.lykketegning.no\/wp-content\/uploads\/2020\/03\/Logo2020_h400px.jpg","width":1024,"height":400,"caption":"LYKKETEGNING ILLUSTRAT\u00d8R"},"image":{"@id":"https:\/\/www.lykketegning.no\/#\/schema\/logo\/image\/"},"sameAs":["https:\/\/www.facebook.com\/lykketegning\/","https:\/\/www.instagram.com\/lykketegning\/","https:\/\/www.youtube.com\/@lykketegningillustrations","https:\/\/www.tiktok.com\/@lykketegningillustration"]}]}},"_links":{"self":[{"href":"https:\/\/www.lykketegning.no\/de\/wp-json\/wp\/v2\/product\/40226","targetHints":{"allow":["GET"]}}],"collection":[{"href":"https:\/\/www.lykketegning.no\/de\/wp-json\/wp\/v2\/product"}],"about":[{"href":"https:\/\/www.lykketegning.no\/de\/wp-json\/wp\/v2\/types\/product"}],"replies":[{"embeddable":true,"href":"https:\/\/www.lykketegning.no\/de\/wp-json\/wp\/v2\/comments?post=40226"}],"wp:featuredmedia":[{"embeddable":true,"href":"https:\/\/www.lykketegning.no\/de\/wp-json\/wp\/v2\/media\/40542"}],"wp:attachment":[{"href":"https:\/\/www.lykketegning.no\/de\/wp-json\/wp\/v2\/media?parent=40226"}],"wp:term":[{"taxonomy":"product_brand","embeddable":true,"href":"https:\/\/www.lykketegning.no\/de\/wp-json\/wp\/v2\/product_brand?post=40226"},{"taxonomy":"product_cat","embeddable":true,"href":"https:\/\/www.lykketegning.no\/de\/wp-json\/wp\/v2\/product_cat?post=40226"},{"taxonomy":"product_tag","embeddable":true,"href":"https:\/\/www.lykketegning.no\/de\/wp-json\/wp\/v2\/product_tag?post=40226"}],"curies":[{"name":"wp","href":"https:\/\/api.w.org\/{rel}","templated":true}]}}