{"id":39345,"date":"2024-03-12T14:32:36","date_gmt":"2024-03-12T13:32:36","guid":{"rendered":"https:\/\/www.lykketegning.no\/?post_type=product&#038;p=39345"},"modified":"2026-02-02T09:50:52","modified_gmt":"2026-02-02T08:50:52","slug":"tegning-poster-fra-lykketegning-easy-peasy-lemon-squeezy","status":"publish","type":"product","link":"https:\/\/www.lykketegning.no\/de\/produkt\/zeichnung-artikel-aus-gluck-zeichnung-easy-peasy-zitrone-squeezy\/","title":{"rendered":"Zeichnung\/Poster von Lykketegning \"Easy peasy lemon squeezy\""},"content":{"rendered":"<p>Illustration A3 Gr\u00f6\u00dfe OHNE Rahmen von Lykketegning. Digitaldruck - signiert<\/p>\n<p>Wenn Sie eine gr\u00f6\u00dfere Gr\u00f6\u00dfe w\u00fcnschen, senden Sie bitte eine E-Mail an post@lykketegning.no.<\/p>\n<p>W\u00e4hlen Sie mit norwegischem oder englischem Text.<\/p>","protected":false},"excerpt":{"rendered":"<p>Illustration A3 Gr\u00f6\u00dfe OHNE Rahmen von Lykketegning. Digitaldruck - signiert<\/p>\n<p>Wenn Sie eine gr\u00f6\u00dfere Gr\u00f6\u00dfe w\u00fcnschen, senden Sie bitte eine E-Mail an post@lykketegning.no.<\/p>\n<p>W\u00e4hlen Sie mit norwegischem oder englischem Text.<\/p>","protected":false},"featured_media":37494,"comment_status":"open","ping_status":"closed","template":"","meta":[],"product_brand":[],"product_cat":[170,165],"product_tag":[355,399,356,354,150,149,227],"class_list":{"0":"post-39345","1":"product","2":"type-product","3":"status-publish","4":"has-post-thumbnail","6":"product_cat-artprint","7":"product_cat-handtegnede-unike-illustrasjoner","8":"product_tag-candy","9":"product_tag-easy-peasy","10":"product_tag-lemon","11":"product_tag-lollipop","12":"product_tag-plakat","13":"product_tag-poster","14":"product_tag-trykk","16":"first","17":"instock","18":"purchasable","19":"product-type-simple"},"yoast_head":"<!-- This site is optimized with the Yoast SEO plugin v27.4 - https:\/\/yoast.com\/product\/yoast-seo-wordpress\/ -->\n<title>Tegning\/Poster fra Lykketegning &quot;Easy peasy lemon squeezy&quot; - LYKKETEGNING ILLUSTRAT\u00d8R<\/title>\n<meta name=\"description\" content=\"Tegning\/Poster fra Lykketegning &quot;Easy peasy lemon squeezy&quot;\" \/>\n<meta name=\"robots\" content=\"index, follow, max-snippet:-1, max-image-preview:large, max-video-preview:-1\" \/>\n<link rel=\"canonical\" href=\"https:\/\/www.lykketegning.no\/de\/product-2\/tegning-af-genstande-fra-lykke-tegning-easy-peasy-lemon-squeezy\/\" \/>\n<meta property=\"og:locale\" content=\"de_DE\" \/>\n<meta property=\"og:type\" content=\"article\" \/>\n<meta property=\"og:title\" content=\"Tegning\/Poster fra Lykketegning &quot;Easy peasy lemon squeezy&quot; - LYKKETEGNING ILLUSTRAT\u00d8R\" \/>\n<meta property=\"og:description\" content=\"Tegning\/Poster fra Lykketegning &quot;Easy peasy lemon squeezy&quot;\" \/>\n<meta property=\"og:url\" content=\"https:\/\/www.lykketegning.no\/de\/product-2\/tegning-af-genstande-fra-lykke-tegning-easy-peasy-lemon-squeezy\/\" \/>\n<meta property=\"og:site_name\" content=\"LYKKETEGNING ILLUSTRAT\u00d8R\" \/>\n<meta property=\"article:publisher\" content=\"https:\/\/www.facebook.com\/lykketegning\/\" \/>\n<meta property=\"article:modified_time\" content=\"2026-02-02T08:50:52+00:00\" \/>\n<meta property=\"og:image\" content=\"https:\/\/www.lykketegning.no\/wp-content\/uploads\/2024\/06\/IMG_1733-2.jpg\" \/>\n\t<meta property=\"og:image:width\" content=\"1080\" \/>\n\t<meta property=\"og:image:height\" content=\"1080\" \/>\n\t<meta property=\"og:image:type\" content=\"image\/jpeg\" \/>\n<meta name=\"twitter:card\" content=\"summary_large_image\" \/>\n<meta name=\"twitter:label1\" content=\"Gesch\u00e4tzte Lesezeit\" \/>\n\t<meta name=\"twitter:data1\" content=\"1\u00a0Minute\" \/>\n<script type=\"application\/ld+json\" class=\"yoast-schema-graph\">{\"@context\":\"https:\\\/\\\/schema.org\",\"@graph\":[{\"@type\":\"WebPage\",\"@id\":\"https:\\\/\\\/www.lykketegning.no\\\/da\\\/product-2\\\/tegning-af-genstande-fra-lykke-tegning-easy-peasy-lemon-squeezy\\\/\",\"url\":\"https:\\\/\\\/www.lykketegning.no\\\/da\\\/product-2\\\/tegning-af-genstande-fra-lykke-tegning-easy-peasy-lemon-squeezy\\\/\",\"name\":\"Tegning\\\/Poster fra Lykketegning \\\"Easy peasy lemon squeezy\\\" - LYKKETEGNING ILLUSTRAT\u00d8R\",\"isPartOf\":{\"@id\":\"https:\\\/\\\/www.lykketegning.no\\\/#website\"},\"primaryImageOfPage\":{\"@id\":\"https:\\\/\\\/www.lykketegning.no\\\/da\\\/product-2\\\/tegning-af-genstande-fra-lykke-tegning-easy-peasy-lemon-squeezy\\\/#primaryimage\"},\"image\":{\"@id\":\"https:\\\/\\\/www.lykketegning.no\\\/da\\\/product-2\\\/tegning-af-genstande-fra-lykke-tegning-easy-peasy-lemon-squeezy\\\/#primaryimage\"},\"thumbnailUrl\":\"https:\\\/\\\/www.lykketegning.no\\\/wp-content\\\/uploads\\\/2024\\\/06\\\/IMG_1733-2.jpg\",\"datePublished\":\"2024-03-12T13:32:36+00:00\",\"dateModified\":\"2026-02-02T08:50:52+00:00\",\"description\":\"Tegning\\\/Poster fra Lykketegning \\\"Easy peasy lemon squeezy\\\"\",\"breadcrumb\":{\"@id\":\"https:\\\/\\\/www.lykketegning.no\\\/da\\\/product-2\\\/tegning-af-genstande-fra-lykke-tegning-easy-peasy-lemon-squeezy\\\/#breadcrumb\"},\"inLanguage\":\"de\",\"potentialAction\":[{\"@type\":\"ReadAction\",\"target\":[\"https:\\\/\\\/www.lykketegning.no\\\/da\\\/product-2\\\/tegning-af-genstande-fra-lykke-tegning-easy-peasy-lemon-squeezy\\\/\"]}]},{\"@type\":\"ImageObject\",\"inLanguage\":\"de\",\"@id\":\"https:\\\/\\\/www.lykketegning.no\\\/da\\\/product-2\\\/tegning-af-genstande-fra-lykke-tegning-easy-peasy-lemon-squeezy\\\/#primaryimage\",\"url\":\"https:\\\/\\\/www.lykketegning.no\\\/wp-content\\\/uploads\\\/2024\\\/06\\\/IMG_1733-2.jpg\",\"contentUrl\":\"https:\\\/\\\/www.lykketegning.no\\\/wp-content\\\/uploads\\\/2024\\\/06\\\/IMG_1733-2.jpg\",\"width\":1080,\"height\":1080,\"caption\":\"Easy peasy\"},{\"@type\":\"BreadcrumbList\",\"@id\":\"https:\\\/\\\/www.lykketegning.no\\\/da\\\/product-2\\\/tegning-af-genstande-fra-lykke-tegning-easy-peasy-lemon-squeezy\\\/#breadcrumb\",\"itemListElement\":[{\"@type\":\"ListItem\",\"position\":1,\"name\":\"Hjem\",\"item\":\"https:\\\/\\\/www.lykketegning.no\\\/\"},{\"@type\":\"ListItem\",\"position\":2,\"name\":\"Shop\",\"item\":\"https:\\\/\\\/www.lykketegning.no\\\/sv\\\/webbutik\\\/\"},{\"@type\":\"ListItem\",\"position\":3,\"name\":\"Tegning\\\/Poster fra Lykketegning &#8220;Easy peasy lemon squeezy&#8221;\"}]},{\"@type\":\"WebSite\",\"@id\":\"https:\\\/\\\/www.lykketegning.no\\\/#website\",\"url\":\"https:\\\/\\\/www.lykketegning.no\\\/\",\"name\":\"LYKKETEGNING ILLUSTRAT\u00d8R\",\"description\":\"\",\"publisher\":{\"@id\":\"https:\\\/\\\/www.lykketegning.no\\\/#organization\"},\"potentialAction\":[{\"@type\":\"SearchAction\",\"target\":{\"@type\":\"EntryPoint\",\"urlTemplate\":\"https:\\\/\\\/www.lykketegning.no\\\/?s={search_term_string}\"},\"query-input\":{\"@type\":\"PropertyValueSpecification\",\"valueRequired\":true,\"valueName\":\"search_term_string\"}}],\"inLanguage\":\"de\"},{\"@type\":\"Organization\",\"@id\":\"https:\\\/\\\/www.lykketegning.no\\\/#organization\",\"name\":\"LYKKETEGNING ILLUSTRAT\u00d8R\",\"url\":\"https:\\\/\\\/www.lykketegning.no\\\/\",\"logo\":{\"@type\":\"ImageObject\",\"inLanguage\":\"de\",\"@id\":\"https:\\\/\\\/www.lykketegning.no\\\/#\\\/schema\\\/logo\\\/image\\\/\",\"url\":\"https:\\\/\\\/www.lykketegning.no\\\/wp-content\\\/uploads\\\/2020\\\/03\\\/Logo2020_h400px.jpg\",\"contentUrl\":\"https:\\\/\\\/www.lykketegning.no\\\/wp-content\\\/uploads\\\/2020\\\/03\\\/Logo2020_h400px.jpg\",\"width\":1024,\"height\":400,\"caption\":\"LYKKETEGNING ILLUSTRAT\u00d8R\"},\"image\":{\"@id\":\"https:\\\/\\\/www.lykketegning.no\\\/#\\\/schema\\\/logo\\\/image\\\/\"},\"sameAs\":[\"https:\\\/\\\/www.facebook.com\\\/lykketegning\\\/\",\"https:\\\/\\\/www.instagram.com\\\/lykketegning\\\/\",\"https:\\\/\\\/www.youtube.com\\\/@lykketegningillustrations\",\"https:\\\/\\\/www.tiktok.com\\\/@lykketegningillustration\"]}]}<\/script>\n<!-- \/ Yoast SEO plugin. -->","yoast_head_json":{"title":"Zeichnung\/Poster von Lykketegning \"Easy peasy lemon squeezy\" - LYKKETEGNING ILLUSTRAT\u00d8R","description":"Zeichnung\/Poster von Lykketegning \"Easy peasy lemon squeezy\"","robots":{"index":"index","follow":"follow","max-snippet":"max-snippet:-1","max-image-preview":"max-image-preview:large","max-video-preview":"max-video-preview:-1"},"canonical":"https:\/\/www.lykketegning.no\/de\/product-2\/tegning-af-genstande-fra-lykke-tegning-easy-peasy-lemon-squeezy\/","og_locale":"de_DE","og_type":"article","og_title":"Tegning\/Poster fra Lykketegning \"Easy peasy lemon squeezy\" - LYKKETEGNING ILLUSTRAT\u00d8R","og_description":"Tegning\/Poster fra Lykketegning \"Easy peasy lemon squeezy\"","og_url":"https:\/\/www.lykketegning.no\/de\/product-2\/tegning-af-genstande-fra-lykke-tegning-easy-peasy-lemon-squeezy\/","og_site_name":"LYKKETEGNING ILLUSTRAT\u00d8R","article_publisher":"https:\/\/www.facebook.com\/lykketegning\/","article_modified_time":"2026-02-02T08:50:52+00:00","og_image":[{"width":1080,"height":1080,"url":"https:\/\/www.lykketegning.no\/wp-content\/uploads\/2024\/06\/IMG_1733-2.jpg","type":"image\/jpeg"}],"twitter_card":"summary_large_image","twitter_misc":{"Gesch\u00e4tzte Lesezeit":"1\u00a0Minute"},"schema":{"@context":"https:\/\/schema.org","@graph":[{"@type":"WebPage","@id":"https:\/\/www.lykketegning.no\/da\/product-2\/tegning-af-genstande-fra-lykke-tegning-easy-peasy-lemon-squeezy\/","url":"https:\/\/www.lykketegning.no\/da\/product-2\/tegning-af-genstande-fra-lykke-tegning-easy-peasy-lemon-squeezy\/","name":"Zeichnung\/Poster von Lykketegning \"Easy peasy lemon squeezy\" - LYKKETEGNING ILLUSTRAT\u00d8R","isPartOf":{"@id":"https:\/\/www.lykketegning.no\/#website"},"primaryImageOfPage":{"@id":"https:\/\/www.lykketegning.no\/da\/product-2\/tegning-af-genstande-fra-lykke-tegning-easy-peasy-lemon-squeezy\/#primaryimage"},"image":{"@id":"https:\/\/www.lykketegning.no\/da\/product-2\/tegning-af-genstande-fra-lykke-tegning-easy-peasy-lemon-squeezy\/#primaryimage"},"thumbnailUrl":"https:\/\/www.lykketegning.no\/wp-content\/uploads\/2024\/06\/IMG_1733-2.jpg","datePublished":"2024-03-12T13:32:36+00:00","dateModified":"2026-02-02T08:50:52+00:00","description":"Zeichnung\/Poster von Lykketegning \"Easy peasy lemon squeezy\"","breadcrumb":{"@id":"https:\/\/www.lykketegning.no\/da\/product-2\/tegning-af-genstande-fra-lykke-tegning-easy-peasy-lemon-squeezy\/#breadcrumb"},"inLanguage":"de","potentialAction":[{"@type":"ReadAction","target":["https:\/\/www.lykketegning.no\/da\/product-2\/tegning-af-genstande-fra-lykke-tegning-easy-peasy-lemon-squeezy\/"]}]},{"@type":"ImageObject","inLanguage":"de","@id":"https:\/\/www.lykketegning.no\/da\/product-2\/tegning-af-genstande-fra-lykke-tegning-easy-peasy-lemon-squeezy\/#primaryimage","url":"https:\/\/www.lykketegning.no\/wp-content\/uploads\/2024\/06\/IMG_1733-2.jpg","contentUrl":"https:\/\/www.lykketegning.no\/wp-content\/uploads\/2024\/06\/IMG_1733-2.jpg","width":1080,"height":1080,"caption":"Easy peasy"},{"@type":"BreadcrumbList","@id":"https:\/\/www.lykketegning.no\/da\/product-2\/tegning-af-genstande-fra-lykke-tegning-easy-peasy-lemon-squeezy\/#breadcrumb","itemListElement":[{"@type":"ListItem","position":1,"name":"Hjem","item":"https:\/\/www.lykketegning.no\/"},{"@type":"ListItem","position":2,"name":"Shop","item":"https:\/\/www.lykketegning.no\/sv\/webbutik\/"},{"@type":"ListItem","position":3,"name":"Tegning\/Poster fra Lykketegning &#8220;Easy peasy lemon squeezy&#8221;"}]},{"@type":"WebSite","@id":"https:\/\/www.lykketegning.no\/#website","url":"https:\/\/www.lykketegning.no\/","name":"GL\u00dcCKSZEICHNUNG ILLUSTRATOR","description":"","publisher":{"@id":"https:\/\/www.lykketegning.no\/#organization"},"potentialAction":[{"@type":"SearchAction","target":{"@type":"EntryPoint","urlTemplate":"https:\/\/www.lykketegning.no\/?s={search_term_string}"},"query-input":{"@type":"PropertyValueSpecification","valueRequired":true,"valueName":"search_term_string"}}],"inLanguage":"de"},{"@type":"Organization","@id":"https:\/\/www.lykketegning.no\/#organization","name":"GL\u00dcCKSZEICHNUNG ILLUSTRATOR","url":"https:\/\/www.lykketegning.no\/","logo":{"@type":"ImageObject","inLanguage":"de","@id":"https:\/\/www.lykketegning.no\/#\/schema\/logo\/image\/","url":"https:\/\/www.lykketegning.no\/wp-content\/uploads\/2020\/03\/Logo2020_h400px.jpg","contentUrl":"https:\/\/www.lykketegning.no\/wp-content\/uploads\/2020\/03\/Logo2020_h400px.jpg","width":1024,"height":400,"caption":"LYKKETEGNING ILLUSTRAT\u00d8R"},"image":{"@id":"https:\/\/www.lykketegning.no\/#\/schema\/logo\/image\/"},"sameAs":["https:\/\/www.facebook.com\/lykketegning\/","https:\/\/www.instagram.com\/lykketegning\/","https:\/\/www.youtube.com\/@lykketegningillustrations","https:\/\/www.tiktok.com\/@lykketegningillustration"]}]}},"_links":{"self":[{"href":"https:\/\/www.lykketegning.no\/de\/wp-json\/wp\/v2\/product\/39345","targetHints":{"allow":["GET"]}}],"collection":[{"href":"https:\/\/www.lykketegning.no\/de\/wp-json\/wp\/v2\/product"}],"about":[{"href":"https:\/\/www.lykketegning.no\/de\/wp-json\/wp\/v2\/types\/product"}],"replies":[{"embeddable":true,"href":"https:\/\/www.lykketegning.no\/de\/wp-json\/wp\/v2\/comments?post=39345"}],"wp:featuredmedia":[{"embeddable":true,"href":"https:\/\/www.lykketegning.no\/de\/wp-json\/wp\/v2\/media\/37494"}],"wp:attachment":[{"href":"https:\/\/www.lykketegning.no\/de\/wp-json\/wp\/v2\/media?parent=39345"}],"wp:term":[{"taxonomy":"product_brand","embeddable":true,"href":"https:\/\/www.lykketegning.no\/de\/wp-json\/wp\/v2\/product_brand?post=39345"},{"taxonomy":"product_cat","embeddable":true,"href":"https:\/\/www.lykketegning.no\/de\/wp-json\/wp\/v2\/product_cat?post=39345"},{"taxonomy":"product_tag","embeddable":true,"href":"https:\/\/www.lykketegning.no\/de\/wp-json\/wp\/v2\/product_tag?post=39345"}],"curies":[{"name":"wp","href":"https:\/\/api.w.org\/{rel}","templated":true}]}}